{"id":44670,"date":"2025-01-17T09:17:43","date_gmt":"2025-01-17T08:17:43","guid":{"rendered":"https:\/\/dutchmicrodosing.com\/shop\/unkategorisiert\/mak95-liquid-culture-spuit\/"},"modified":"2025-09-09T09:03:27","modified_gmt":"2025-09-09T07:03:27","slug":"mak95-liquid-culture-spuit","status":"publish","type":"product","link":"https:\/\/dutchmicrodosing.com\/de\/sporen-zauberpilze\/spritzen-fur-flussigkulturen\/mak95-liquid-culture-spuit\/","title":{"rendered":"MAK95 Fl\u00fcssigkultur-Spritze"},"content":{"rendered":"<p>Die <strong>MAK95 Fl\u00fcssigkultur-Spritze<\/strong> ist eine bekannte Pilzsorte, die f\u00fcr ihre reibungslose Besiedlung, ihre feste Myzelstruktur und ihre starke Wirkung gelobt wird. Diese Sorte ist sehr anpassungsf\u00e4hig und entwickelt sich unter einer Vielzahl von Anbaubedingungen hervorragend. Sowohl Anf\u00e4nger als auch erfahrene Z\u00fcchter sch\u00e4tzen den MAK95 f\u00fcr seine Stabilit\u00e4t und vorhersehbaren Ergebnisse.<\/p>\n<p>Die 10 ml Fl\u00fcssigkultur-Spritze des MAK95 wird unter sterilen Bedingungen hergestellt, wodurch ein hoher Reinheitsgrad und ein sehr geringes Kontaminationsrisiko gew\u00e4hrleistet sind. Egal, ob Sie gerade erst mit dem Anbau beginnen oder bereits ein Experte sind, diese Fl\u00fcssigkultur bietet eine zuverl\u00e4ssige Grundlage f\u00fcr eine erfolgreiche Ernte. Die schnelle Entwicklung des Myzels und seine Robustheit machen MAK95 besonders geeignet f\u00fcr diejenigen, die eine effiziente und kr\u00e4ftige Sorte mit hohen Ertr\u00e4gen suchen.<\/p>\n<h3>Wesentliche Merkmale<\/h3>\n<ul>\n<li>Stamm: Psilocybe Cubensis MAK95 &#8211; ein potenter Stamm, der f\u00fcr schnelle Besiedlung und zuverl\u00e4ssiges Wachstum bekannt ist.<\/li>\n<li>Volumen: 10 ml sterile Spritze mit n\u00e4hrstoffreicher Fl\u00fcssigkultur.<\/li>\n<li>Reinheit: <strong>Professionell isoliert<\/strong>, um Reinheit und gleichbleibende Leistung zu gew\u00e4hrleisten.<\/li>\n<\/ul>\n<h3>Was brauchen Sie, um Pilze zu z\u00fcchten?<\/h3>\n<ol>\n<li>Getreide (Nahrung): Pilze brauchen eine N\u00e4hrstoffquelle, um zu wachsen. H\u00e4ufig werden K\u00f6rner wie Roggen oder Mais verwendet, da sie reich an Kohlenhydraten und anderen N\u00e4hrstoffen sind, die f\u00fcr das Wachstum des Myzels (die Wurzelstruktur des Pilzes) wichtig sind.<\/li>\n<li>Substrat (Erde): Das Substrat bietet eine physische Unterst\u00fctzung f\u00fcr das Myzel und hilft bei der Wasserspeicherung. Das kann Holz, Stroh, S\u00e4gemehl oder jedes andere organische Material sein, in dem das Myzel wachsen kann. Das Substrat sollte steril oder gut behandelt sein, um unerw\u00fcnschte Bakterien und Pilze zu vermeiden.<\/li>\n<li>Kultur (das Myzel oder die Sporen): Dies ist die biologische Grundlage des Pilzes. Das Myzel ist die vegetative Form des Pilzes und w\u00e4chst durch das Substrat, um den Pilz zu bilden. Er kann als &#8218;Fl\u00fcssigkultur&#8216; gekauft oder selbst aus Sporen gez\u00fcchtet werden. (wir empfehlen eine Fl\u00fcssigkultur)<\/li>\n<li>Mit diesen drei Komponenten k\u00f6nnen Sie Pilze z\u00fcchten, je nachdem, welche Art Sie z\u00fcchten m\u00f6chten.<\/li>\n<\/ol>\n<h3>Luftfeuchtigkeit und Hygiene<\/h3>\n<p>Der Prozess erfordert eine sorgf\u00e4ltige Kontrolle von Faktoren wie Temperatur, Feuchtigkeit und Hygiene, um eine erfolgreiche Ernte zu erzielen.<\/p>\n<p><strong>Luftfeuchtigkeit: <\/strong>Sie halten die Luftfeuchtigkeit aufrecht, indem Sie die Pilze in einem Beutel oder einer Monotube z\u00fcchten. Dadurch bleibt das Substrat feucht, was f\u00fcr das Pilzwachstum wichtig ist.<\/p>\n<p><strong>Hygiene: <\/strong>Um eine Kontamination zu vermeiden, arbeiten wir mit einer Einspritz\u00f6ffnung an den Beuteln. Das macht es einfach, das Myzel (die &#8222;Samen&#8220; des Pilzes) in den Beutel zu injizieren, ohne dass ein spezieller Reinraum erforderlich ist. Kunden sollten nur eine saubere Nadel verwenden, um sicherzustellen, dass alles hygienisch bleibt.<\/p>\n<h3>Inhalt<\/h3>\n<ul>\n<li>1x 10ml sterile Spritze mit MAK95 Fl\u00fcssigkultur.<\/li>\n<li>1x sterile 18-Gauge-Nadel f\u00fcr die einfache Inokulation.<\/li>\n<li>1x Alkoholtupfer f\u00fcr die sterile Handhabung.<\/li>\n<\/ul>\n<h3>Hinweise zur Lagerung<\/h3>\n<p>Lagern Sie es gek\u00fchlt bei 2-8\u00b0C, um die Lebensf\u00e4higkeit zu gew\u00e4hrleisten. Bei richtiger Lagerung bleiben sie bis zu 6 Monate verwendbar. Au\u00dferhalb der Reichweite von Kindern aufbewahren.<\/p>\n","protected":false},"excerpt":{"rendered":"<p>Die MAK95 Fl\u00fcssigkultur-Spritze ist eine bekannte Pilzsorte, die f\u00fcr ihre reibungslose Besiedlung, ihre feste Myzelstruktur und ihre starke Wirkung gelobt wird. Diese Sorte ist sehr anpassungsf\u00e4hig und entwickelt sich unter einer Vielzahl von Anbaubedingungen hervorragend. Sowohl Anf\u00e4nger als auch erfahrene Z\u00fcchter sch\u00e4tzen den MAK95 f\u00fcr seine Stabilit\u00e4t und vorhersehbaren Ergebnisse. Die 10 ml Fl\u00fcssigkultur-Spritze des [&hellip;]<\/p>\n","protected":false},"featured_media":46261,"comment_status":"closed","ping_status":"closed","template":"","meta":[],"product_brand":[],"product_cat":[356],"product_tag":[],"class_list":{"0":"post-44670","1":"product","2":"type-product","3":"status-publish","4":"has-post-thumbnail","6":"product_cat-spritzen-fur-flussigkulturen","8":"first","9":"instock","10":"taxable","11":"shipping-taxable","12":"purchasable","13":"product-type-simple"},"yoast_head":"<!-- This site is optimized with the Yoast SEO Premium plugin v26.4 (Yoast SEO v27.2) - https:\/\/yoast.com\/product\/yoast-seo-premium-wordpress\/ -->\n<title>MAK95 Fl\u00fcssigkultur-Spritze - Dutchmicrodosing<\/title>\n<meta name=\"description\" content=\"Entdecken Sie die MAK95 Fl\u00fcssigkultur-Spritze (10 ml) - ideal f\u00fcr eine schnelle Kolonisierung und ein starkes Myzelwachstum. Steril hergestellt f\u00fcr maximale Reinheit....\" \/>\n<meta name=\"robots\" content=\"index, follow, max-snippet:-1, max-image-preview:large, max-video-preview:-1\" \/>\n<link rel=\"canonical\" href=\"https:\/\/dutchmicrodosing.com\/de\/sporen-zauberpilze\/spritzen-fur-flussigkulturen\/mak95-liquid-culture-spuit\/\" \/>\n<meta property=\"og:locale\" content=\"de_DE\" \/>\n<meta property=\"og:type\" content=\"article\" \/>\n<meta property=\"og:title\" content=\"MAK95 Fl\u00fcssigkultur-Spritze\" \/>\n<meta property=\"og:description\" content=\"Die MAK95 Fl\u00fcssigkultur-Spritze ist eine bekannte Pilzsorte, die f\u00fcr ihre reibungslose Besiedlung, ihre feste Myzelstruktur und ihre starke Wirkung gelobt\" \/>\n<meta property=\"og:url\" content=\"https:\/\/dutchmicrodosing.com\/de\/sporen-zauberpilze\/spritzen-fur-flussigkulturen\/mak95-liquid-culture-spuit\/\" \/>\n<meta property=\"og:site_name\" content=\"Dutchmicrodosing\" \/>\n<meta property=\"article:publisher\" content=\"https:\/\/www.facebook.com\/Dutchmicrodosingxp\/\" \/>\n<meta property=\"article:modified_time\" content=\"2025-09-09T07:03:27+00:00\" \/>\n<meta property=\"og:image\" content=\"https:\/\/dutchmicrodosing.com\/wp-content\/uploads\/2025\/01\/Philosophr-Liquid-culture-packaging-_2_.jpg\" \/>\n\t<meta property=\"og:image:width\" content=\"1512\" \/>\n\t<meta property=\"og:image:height\" content=\"1512\" \/>\n\t<meta property=\"og:image:type\" content=\"image\/jpeg\" \/>\n<meta name=\"twitter:card\" content=\"summary_large_image\" \/>\n<script type=\"application\/ld+json\" class=\"yoast-schema-graph\">{\"@context\":\"https:\/\/schema.org\",\"@graph\":[{\"@type\":\"WebPage\",\"@id\":\"https:\/\/dutchmicrodosing.com\/de\/sporen-zauberpilze\/spritzen-fur-flussigkulturen\/mak95-liquid-culture-spuit\/\",\"url\":\"https:\/\/dutchmicrodosing.com\/de\/sporen-zauberpilze\/spritzen-fur-flussigkulturen\/mak95-liquid-culture-spuit\/\",\"name\":\"MAK95 Fl\u00fcssigkultur-Spritze - Dutchmicrodosing\",\"isPartOf\":{\"@id\":\"https:\/\/dutchmicrodosing.com\/de\/#website\"},\"primaryImageOfPage\":{\"@id\":\"https:\/\/dutchmicrodosing.com\/de\/sporen-zauberpilze\/spritzen-fur-flussigkulturen\/mak95-liquid-culture-spuit\/#primaryimage\"},\"image\":{\"@id\":\"https:\/\/dutchmicrodosing.com\/de\/sporen-zauberpilze\/spritzen-fur-flussigkulturen\/mak95-liquid-culture-spuit\/#primaryimage\"},\"thumbnailUrl\":\"https:\/\/dutchmicrodosing.com\/wp-content\/uploads\/2025\/01\/Philosophr-Liquid-culture-packaging-_2_.jpg\",\"datePublished\":\"2025-01-17T08:17:43+00:00\",\"dateModified\":\"2025-09-09T07:03:27+00:00\",\"description\":\"Entdecken Sie die MAK95 Fl\u00fcssigkultur-Spritze (10 ml) - ideal f\u00fcr eine schnelle Kolonisierung und ein starkes Myzelwachstum. Steril hergestellt f\u00fcr maximale Reinheit....\",\"breadcrumb\":{\"@id\":\"https:\/\/dutchmicrodosing.com\/de\/sporen-zauberpilze\/spritzen-fur-flussigkulturen\/mak95-liquid-culture-spuit\/#breadcrumb\"},\"inLanguage\":\"de\",\"potentialAction\":[{\"@type\":\"ReadAction\",\"target\":[\"https:\/\/dutchmicrodosing.com\/de\/sporen-zauberpilze\/spritzen-fur-flussigkulturen\/mak95-liquid-culture-spuit\/\"]}]},{\"@type\":\"ImageObject\",\"inLanguage\":\"de\",\"@id\":\"https:\/\/dutchmicrodosing.com\/de\/sporen-zauberpilze\/spritzen-fur-flussigkulturen\/mak95-liquid-culture-spuit\/#primaryimage\",\"url\":\"https:\/\/dutchmicrodosing.com\/wp-content\/uploads\/2025\/01\/Philosophr-Liquid-culture-packaging-_2_.jpg\",\"contentUrl\":\"https:\/\/dutchmicrodosing.com\/wp-content\/uploads\/2025\/01\/Philosophr-Liquid-culture-packaging-_2_.jpg\",\"width\":1512,\"height\":1512},{\"@type\":\"BreadcrumbList\",\"@id\":\"https:\/\/dutchmicrodosing.com\/de\/sporen-zauberpilze\/spritzen-fur-flussigkulturen\/mak95-liquid-culture-spuit\/#breadcrumb\",\"itemListElement\":[{\"@type\":\"ListItem\",\"position\":1,\"name\":\"Home\",\"item\":\"https:\/\/dutchmicrodosing.com\/de\/\"},{\"@type\":\"ListItem\",\"position\":2,\"name\":\"Shop\",\"item\":\"https:\/\/dutchmicrodosing.com\/de\/shop\/\"},{\"@type\":\"ListItem\",\"position\":3,\"name\":\"MAK95 Fl\u00fcssigkultur-Spritze\"}]},{\"@type\":\"WebSite\",\"@id\":\"https:\/\/dutchmicrodosing.com\/de\/#website\",\"url\":\"https:\/\/dutchmicrodosing.com\/de\/\",\"name\":\"Dutchmicrodosing\",\"description\":\"\",\"publisher\":{\"@id\":\"https:\/\/dutchmicrodosing.com\/de\/#organization\"},\"potentialAction\":[{\"@type\":\"SearchAction\",\"target\":{\"@type\":\"EntryPoint\",\"urlTemplate\":\"https:\/\/dutchmicrodosing.com\/de\/?s={search_term_string}\"},\"query-input\":{\"@type\":\"PropertyValueSpecification\",\"valueRequired\":true,\"valueName\":\"search_term_string\"}}],\"inLanguage\":\"de\"},{\"@type\":\"Organization\",\"@id\":\"https:\/\/dutchmicrodosing.com\/de\/#organization\",\"name\":\"Dutchmicrodosing\",\"url\":\"https:\/\/dutchmicrodosing.com\/de\/\",\"logo\":{\"@type\":\"ImageObject\",\"inLanguage\":\"de\",\"@id\":\"https:\/\/dutchmicrodosing.com\/de\/#\/schema\/logo\/image\/\",\"url\":\"https:\/\/dutchmicrodosing.com\/wp-content\/uploads\/2021\/01\/microdosing-categorie-pic-nieuw.jpg\",\"contentUrl\":\"https:\/\/dutchmicrodosing.com\/wp-content\/uploads\/2021\/01\/microdosing-categorie-pic-nieuw.jpg\",\"width\":500,\"height\":500,\"caption\":\"Dutchmicrodosing\"},\"image\":{\"@id\":\"https:\/\/dutchmicrodosing.com\/de\/#\/schema\/logo\/image\/\"},\"sameAs\":[\"https:\/\/www.facebook.com\/Dutchmicrodosingxp\/\",\"https:\/\/www.instagram.com\/dutchmicrodosing\/\"]}]}<\/script>\n<meta property=\"product:price:amount\" content=\"18.95\" \/>\n<meta property=\"product:price:currency\" content=\"EUR\" \/>\n<meta property=\"og:availability\" content=\"instock\" \/>\n<meta property=\"product:availability\" content=\"instock\" \/>\n<meta property=\"product:retailer_item_id\" content=\"5201300\" \/>\n<meta property=\"product:condition\" content=\"new\" \/>\n<!-- \/ Yoast SEO Premium plugin. -->","yoast_head_json":{"title":"MAK95 Fl\u00fcssigkultur-Spritze - Dutchmicrodosing","description":"Entdecken Sie die MAK95 Fl\u00fcssigkultur-Spritze (10 ml) - ideal f\u00fcr eine schnelle Kolonisierung und ein starkes Myzelwachstum. Steril hergestellt f\u00fcr maximale Reinheit....","robots":{"index":"index","follow":"follow","max-snippet":"max-snippet:-1","max-image-preview":"max-image-preview:large","max-video-preview":"max-video-preview:-1"},"canonical":"https:\/\/dutchmicrodosing.com\/de\/sporen-zauberpilze\/spritzen-fur-flussigkulturen\/mak95-liquid-culture-spuit\/","og_locale":"de_DE","og_type":"article","og_title":"MAK95 Fl\u00fcssigkultur-Spritze","og_description":"Die MAK95 Fl\u00fcssigkultur-Spritze ist eine bekannte Pilzsorte, die f\u00fcr ihre reibungslose Besiedlung, ihre feste Myzelstruktur und ihre starke Wirkung gelobt","og_url":"https:\/\/dutchmicrodosing.com\/de\/sporen-zauberpilze\/spritzen-fur-flussigkulturen\/mak95-liquid-culture-spuit\/","og_site_name":"Dutchmicrodosing","article_publisher":"https:\/\/www.facebook.com\/Dutchmicrodosingxp\/","article_modified_time":"2025-09-09T07:03:27+00:00","og_image":[{"width":1512,"height":1512,"url":"https:\/\/dutchmicrodosing.com\/wp-content\/uploads\/2025\/01\/Philosophr-Liquid-culture-packaging-_2_.jpg","type":"image\/jpeg"}],"twitter_card":"summary_large_image","schema":{"@context":"https:\/\/schema.org","@graph":[{"@type":"WebPage","@id":"https:\/\/dutchmicrodosing.com\/de\/sporen-zauberpilze\/spritzen-fur-flussigkulturen\/mak95-liquid-culture-spuit\/","url":"https:\/\/dutchmicrodosing.com\/de\/sporen-zauberpilze\/spritzen-fur-flussigkulturen\/mak95-liquid-culture-spuit\/","name":"MAK95 Fl\u00fcssigkultur-Spritze - Dutchmicrodosing","isPartOf":{"@id":"https:\/\/dutchmicrodosing.com\/de\/#website"},"primaryImageOfPage":{"@id":"https:\/\/dutchmicrodosing.com\/de\/sporen-zauberpilze\/spritzen-fur-flussigkulturen\/mak95-liquid-culture-spuit\/#primaryimage"},"image":{"@id":"https:\/\/dutchmicrodosing.com\/de\/sporen-zauberpilze\/spritzen-fur-flussigkulturen\/mak95-liquid-culture-spuit\/#primaryimage"},"thumbnailUrl":"https:\/\/dutchmicrodosing.com\/wp-content\/uploads\/2025\/01\/Philosophr-Liquid-culture-packaging-_2_.jpg","datePublished":"2025-01-17T08:17:43+00:00","dateModified":"2025-09-09T07:03:27+00:00","description":"Entdecken Sie die MAK95 Fl\u00fcssigkultur-Spritze (10 ml) - ideal f\u00fcr eine schnelle Kolonisierung und ein starkes Myzelwachstum. Steril hergestellt f\u00fcr maximale Reinheit....","breadcrumb":{"@id":"https:\/\/dutchmicrodosing.com\/de\/sporen-zauberpilze\/spritzen-fur-flussigkulturen\/mak95-liquid-culture-spuit\/#breadcrumb"},"inLanguage":"de","potentialAction":[{"@type":"ReadAction","target":["https:\/\/dutchmicrodosing.com\/de\/sporen-zauberpilze\/spritzen-fur-flussigkulturen\/mak95-liquid-culture-spuit\/"]}]},{"@type":"ImageObject","inLanguage":"de","@id":"https:\/\/dutchmicrodosing.com\/de\/sporen-zauberpilze\/spritzen-fur-flussigkulturen\/mak95-liquid-culture-spuit\/#primaryimage","url":"https:\/\/dutchmicrodosing.com\/wp-content\/uploads\/2025\/01\/Philosophr-Liquid-culture-packaging-_2_.jpg","contentUrl":"https:\/\/dutchmicrodosing.com\/wp-content\/uploads\/2025\/01\/Philosophr-Liquid-culture-packaging-_2_.jpg","width":1512,"height":1512},{"@type":"BreadcrumbList","@id":"https:\/\/dutchmicrodosing.com\/de\/sporen-zauberpilze\/spritzen-fur-flussigkulturen\/mak95-liquid-culture-spuit\/#breadcrumb","itemListElement":[{"@type":"ListItem","position":1,"name":"Home","item":"https:\/\/dutchmicrodosing.com\/de\/"},{"@type":"ListItem","position":2,"name":"Shop","item":"https:\/\/dutchmicrodosing.com\/de\/shop\/"},{"@type":"ListItem","position":3,"name":"MAK95 Fl\u00fcssigkultur-Spritze"}]},{"@type":"WebSite","@id":"https:\/\/dutchmicrodosing.com\/de\/#website","url":"https:\/\/dutchmicrodosing.com\/de\/","name":"Dutchmicrodosing","description":"","publisher":{"@id":"https:\/\/dutchmicrodosing.com\/de\/#organization"},"potentialAction":[{"@type":"SearchAction","target":{"@type":"EntryPoint","urlTemplate":"https:\/\/dutchmicrodosing.com\/de\/?s={search_term_string}"},"query-input":{"@type":"PropertyValueSpecification","valueRequired":true,"valueName":"search_term_string"}}],"inLanguage":"de"},{"@type":"Organization","@id":"https:\/\/dutchmicrodosing.com\/de\/#organization","name":"Dutchmicrodosing","url":"https:\/\/dutchmicrodosing.com\/de\/","logo":{"@type":"ImageObject","inLanguage":"de","@id":"https:\/\/dutchmicrodosing.com\/de\/#\/schema\/logo\/image\/","url":"https:\/\/dutchmicrodosing.com\/wp-content\/uploads\/2021\/01\/microdosing-categorie-pic-nieuw.jpg","contentUrl":"https:\/\/dutchmicrodosing.com\/wp-content\/uploads\/2021\/01\/microdosing-categorie-pic-nieuw.jpg","width":500,"height":500,"caption":"Dutchmicrodosing"},"image":{"@id":"https:\/\/dutchmicrodosing.com\/de\/#\/schema\/logo\/image\/"},"sameAs":["https:\/\/www.facebook.com\/Dutchmicrodosingxp\/","https:\/\/www.instagram.com\/dutchmicrodosing\/"]}]},"product_price_amount":"18.95","product_price_currency":"EUR","og_availability":"instock","product_availability":"instock","product_retailer_item_id":"5201300","product_condition":"new"},"_links":{"self":[{"href":"https:\/\/dutchmicrodosing.com\/de\/wp-json\/wp\/v2\/product\/44670","targetHints":{"allow":["GET"]}}],"collection":[{"href":"https:\/\/dutchmicrodosing.com\/de\/wp-json\/wp\/v2\/product"}],"about":[{"href":"https:\/\/dutchmicrodosing.com\/de\/wp-json\/wp\/v2\/types\/product"}],"replies":[{"embeddable":true,"href":"https:\/\/dutchmicrodosing.com\/de\/wp-json\/wp\/v2\/comments?post=44670"}],"version-history":[{"count":0,"href":"https:\/\/dutchmicrodosing.com\/de\/wp-json\/wp\/v2\/product\/44670\/revisions"}],"wp:featuredmedia":[{"embeddable":true,"href":"https:\/\/dutchmicrodosing.com\/de\/wp-json\/wp\/v2\/media\/46261"}],"wp:attachment":[{"href":"https:\/\/dutchmicrodosing.com\/de\/wp-json\/wp\/v2\/media?parent=44670"}],"wp:term":[{"taxonomy":"product_brand","embeddable":true,"href":"https:\/\/dutchmicrodosing.com\/de\/wp-json\/wp\/v2\/product_brand?post=44670"},{"taxonomy":"product_cat","embeddable":true,"href":"https:\/\/dutchmicrodosing.com\/de\/wp-json\/wp\/v2\/product_cat?post=44670"},{"taxonomy":"product_tag","embeddable":true,"href":"https:\/\/dutchmicrodosing.com\/de\/wp-json\/wp\/v2\/product_tag?post=44670"}],"curies":[{"name":"wp","href":"https:\/\/api.w.org\/{rel}","templated":true}]}}