{"id":44690,"date":"2025-01-17T09:32:29","date_gmt":"2025-01-17T08:32:29","guid":{"rendered":"https:\/\/dutchmicrodosing.com\/shop\/unkategorisiert\/whitebilly-liquid-culture-spuit\/"},"modified":"2025-08-28T15:17:55","modified_gmt":"2025-08-28T13:17:55","slug":"whitebilly-liquid-culture-spuit","status":"publish","type":"product","link":"https:\/\/dutchmicrodosing.com\/de\/sporen-zauberpilze\/spritzen-fur-flussigkulturen\/whitebilly-liquid-culture-spuit\/","title":{"rendered":"WhiteBilly Fl\u00fcssigkultur-Spritze"},"content":{"rendered":"<p>Die <strong>WhiteBilly Liquid Culture Syringe<\/strong> ist eine potente Pilzsorte, die durch ihre tief orangefarbenen H\u00fcte und ihr zuverl\u00e4ssiges Wachstum auff\u00e4llt. Die 10ml Fl\u00fcssigkultur-Spritze wird unter sterilen Bedingungen hergestellt, so dass Sie ein sauberes und wirksames Produkt erhalten. Eine ideale Wahl sowohl f\u00fcr Anf\u00e4nger als auch f\u00fcr erfahrene Z\u00fcchter.<\/p>\n<h3>Eigenschaften<\/h3>\n<ul>\n<li>St\u00e4ngel: Psilocybe Cubensis Hillbilly Pumpkin &#8211; optisch auff\u00e4llig und solide in der Struktur<\/li>\n<li>10 ml Fl\u00fcssigkultur in sterilem Beh\u00e4lter<\/li>\n<li>Hohe Reinheit durch sterile Produktion und professionelle Isolierung<\/li>\n<li>Geeignet f\u00fcr eine breite Palette von Substraten<\/li>\n<li>F\u00f6rdert eine schnelle Besiedlung und eine gesunde Myzelentwicklung<\/li>\n<\/ul>\n<h3>Zutaten und\/oder Zusammensetzung<\/h3>\n<ul>\n<li>10 ml Hillbilly Pumpkin Fl\u00fcssigkultur<\/li>\n<li>1x 18G sterile Injektionsnadel<\/li>\n<li>1x Alkoholtuch zur Desinfektion<\/li>\n<\/ul>\n<h3>Verwenden Sie<\/h3>\n<ol>\n<li>Lassen Sie die Spritze auf Raumtemperatur kommen.<\/li>\n<li>Arbeiten Sie in einer sauberen Umgebung und desinfizieren Sie die Injektionsstelle und den Arbeitsplatz.<\/li>\n<li>Bringen Sie die Nadel an und verwenden Sie das Alkoholtuch, um alles steril zu halten.<\/li>\n<li>Spritzen Sie 1 bis 2 ml in das gew\u00e4hlte Substrat.<\/li>\n<li>Stellen Sie das Substrat an einen dunklen Ort mit einer Temperatur zwischen 20 und 25\u00b0C. Kontrollieren Sie regelm\u00e4\u00dfig auf Anzeichen von Wachstum.<\/li>\n<\/ol>\n<h3>Was Sie f\u00fcr den Anfang brauchen<\/h3>\n<ul>\n<li><strong>N\u00e4hrstoffbasis:<\/strong> Roggen, Mais oder anderes steriles Getreide<\/li>\n<li><strong>Substrat:<\/strong> Kokos, Stroh, S\u00e4gemehl oder anderes organisches Material<\/li>\n<li><strong>Kultur:<\/strong> diese Fl\u00fcssigkultur oder eine Sporenl\u00f6sung<\/li>\n<\/ul>\n<p>Sorgen Sie mit einem Growbag oder einem Monotub f\u00fcr eine angemessene Luftfeuchtigkeit. Eine saubere Arbeitsumgebung und sterile Verfahren sind unerl\u00e4sslich, um eine Kontamination zu verhindern.<\/p>\n<h3>Inhalt<\/h3>\n<ul>\n<li>1x 10 ml fl\u00fcssige Hillbilly Pumpkin Kultur<\/li>\n<li>1x sterile 18G Nadel<\/li>\n<li>1x Alkoholtuch<\/li>\n<\/ul>\n<h3>Hinweise zur Lagerung<\/h3>\n<p>K\u00fchl aufbewahren zwischen 2 und 8\u00b0C. Bei richtiger Lagerung ist das Produkt bis zu 6 Monate haltbar. Au\u00dferhalb der Reichweite von Kindern aufbewahren.<\/p>\n","protected":false},"excerpt":{"rendered":"<p>Die WhiteBilly Liquid Culture Syringe ist eine potente Pilzsorte, die durch ihre tief orangefarbenen H\u00fcte und ihr zuverl\u00e4ssiges Wachstum auff\u00e4llt. Die 10ml Fl\u00fcssigkultur-Spritze wird unter sterilen Bedingungen hergestellt, so dass Sie ein sauberes und wirksames Produkt erhalten. Eine ideale Wahl sowohl f\u00fcr Anf\u00e4nger als auch f\u00fcr erfahrene Z\u00fcchter. Eigenschaften St\u00e4ngel: Psilocybe Cubensis Hillbilly Pumpkin &#8211; [&hellip;]<\/p>\n","protected":false},"featured_media":46261,"comment_status":"closed","ping_status":"closed","template":"","meta":[],"product_brand":[],"product_cat":[356],"product_tag":[],"class_list":{"0":"post-44690","1":"product","2":"type-product","3":"status-publish","4":"has-post-thumbnail","6":"product_cat-spritzen-fur-flussigkulturen","8":"first","9":"instock","10":"taxable","11":"shipping-taxable","12":"purchasable","13":"product-type-simple"},"yoast_head":"<!-- This site is optimized with the Yoast SEO Premium plugin v26.4 (Yoast SEO v27.4) - https:\/\/yoast.com\/product\/yoast-seo-premium-wordpress\/ -->\n<title>WhiteBilly Fl\u00fcssigkultur-Spritze - Dutchmicrodosing<\/title>\n<meta name=\"description\" content=\"Sterile 10ml Fl\u00fcssigkultur-Spritze mit WhiteBilly Myzel. Perfekt f\u00fcr Z\u00fcchter, die eine einzigartige, potente Sorte mit zuverl\u00e4ssigem...\" \/>\n<meta name=\"robots\" content=\"index, follow, max-snippet:-1, max-image-preview:large, max-video-preview:-1\" \/>\n<link rel=\"canonical\" href=\"https:\/\/dutchmicrodosing.com\/de\/sporen-zauberpilze\/spritzen-fur-flussigkulturen\/whitebilly-liquid-culture-spuit\/\" \/>\n<meta property=\"og:locale\" content=\"de_DE\" \/>\n<meta property=\"og:type\" content=\"article\" \/>\n<meta property=\"og:title\" content=\"WhiteBilly Fl\u00fcssigkultur-Spritze\" \/>\n<meta property=\"og:description\" content=\"Die WhiteBilly Liquid Culture Syringe ist eine potente Pilzsorte, die durch ihre tief orangefarbenen H\u00fcte und ihr zuverl\u00e4ssiges Wachstum auff\u00e4llt. Die\" \/>\n<meta property=\"og:url\" content=\"https:\/\/dutchmicrodosing.com\/de\/sporen-zauberpilze\/spritzen-fur-flussigkulturen\/whitebilly-liquid-culture-spuit\/\" \/>\n<meta property=\"og:site_name\" content=\"Dutchmicrodosing\" \/>\n<meta property=\"article:publisher\" content=\"https:\/\/www.facebook.com\/Dutchmicrodosingxp\/\" \/>\n<meta property=\"article:modified_time\" content=\"2025-08-28T13:17:55+00:00\" \/>\n<meta property=\"og:image\" content=\"https:\/\/dutchmicrodosing.com\/wp-content\/uploads\/2025\/01\/Philosophr-Liquid-culture-packaging-_2_.jpg\" \/>\n\t<meta property=\"og:image:width\" content=\"1512\" \/>\n\t<meta property=\"og:image:height\" content=\"1512\" \/>\n\t<meta property=\"og:image:type\" content=\"image\/jpeg\" \/>\n<meta name=\"twitter:card\" content=\"summary_large_image\" \/>\n<script type=\"application\/ld+json\" class=\"yoast-schema-graph\">{\"@context\":\"https:\\\/\\\/schema.org\",\"@graph\":[{\"@type\":\"WebPage\",\"@id\":\"https:\\\/\\\/dutchmicrodosing.com\\\/de\\\/sporen-zauberpilze\\\/spritzen-fur-flussigkulturen\\\/whitebilly-liquid-culture-spuit\\\/\",\"url\":\"https:\\\/\\\/dutchmicrodosing.com\\\/de\\\/sporen-zauberpilze\\\/spritzen-fur-flussigkulturen\\\/whitebilly-liquid-culture-spuit\\\/\",\"name\":\"WhiteBilly Fl\u00fcssigkultur-Spritze - Dutchmicrodosing\",\"isPartOf\":{\"@id\":\"https:\\\/\\\/dutchmicrodosing.com\\\/de\\\/#website\"},\"primaryImageOfPage\":{\"@id\":\"https:\\\/\\\/dutchmicrodosing.com\\\/de\\\/sporen-zauberpilze\\\/spritzen-fur-flussigkulturen\\\/whitebilly-liquid-culture-spuit\\\/#primaryimage\"},\"image\":{\"@id\":\"https:\\\/\\\/dutchmicrodosing.com\\\/de\\\/sporen-zauberpilze\\\/spritzen-fur-flussigkulturen\\\/whitebilly-liquid-culture-spuit\\\/#primaryimage\"},\"thumbnailUrl\":\"https:\\\/\\\/dutchmicrodosing.com\\\/wp-content\\\/uploads\\\/2025\\\/01\\\/Philosophr-Liquid-culture-packaging-_2_.jpg\",\"datePublished\":\"2025-01-17T08:32:29+00:00\",\"dateModified\":\"2025-08-28T13:17:55+00:00\",\"description\":\"Sterile 10ml Fl\u00fcssigkultur-Spritze mit WhiteBilly Myzel. Perfekt f\u00fcr Z\u00fcchter, die eine einzigartige, potente Sorte mit zuverl\u00e4ssigem...\",\"breadcrumb\":{\"@id\":\"https:\\\/\\\/dutchmicrodosing.com\\\/de\\\/sporen-zauberpilze\\\/spritzen-fur-flussigkulturen\\\/whitebilly-liquid-culture-spuit\\\/#breadcrumb\"},\"inLanguage\":\"de\",\"potentialAction\":[{\"@type\":\"ReadAction\",\"target\":[\"https:\\\/\\\/dutchmicrodosing.com\\\/de\\\/sporen-zauberpilze\\\/spritzen-fur-flussigkulturen\\\/whitebilly-liquid-culture-spuit\\\/\"]}]},{\"@type\":\"ImageObject\",\"inLanguage\":\"de\",\"@id\":\"https:\\\/\\\/dutchmicrodosing.com\\\/de\\\/sporen-zauberpilze\\\/spritzen-fur-flussigkulturen\\\/whitebilly-liquid-culture-spuit\\\/#primaryimage\",\"url\":\"https:\\\/\\\/dutchmicrodosing.com\\\/wp-content\\\/uploads\\\/2025\\\/01\\\/Philosophr-Liquid-culture-packaging-_2_.jpg\",\"contentUrl\":\"https:\\\/\\\/dutchmicrodosing.com\\\/wp-content\\\/uploads\\\/2025\\\/01\\\/Philosophr-Liquid-culture-packaging-_2_.jpg\",\"width\":1512,\"height\":1512},{\"@type\":\"BreadcrumbList\",\"@id\":\"https:\\\/\\\/dutchmicrodosing.com\\\/de\\\/sporen-zauberpilze\\\/spritzen-fur-flussigkulturen\\\/whitebilly-liquid-culture-spuit\\\/#breadcrumb\",\"itemListElement\":[{\"@type\":\"ListItem\",\"position\":1,\"name\":\"Home\",\"item\":\"https:\\\/\\\/dutchmicrodosing.com\\\/de\\\/\"},{\"@type\":\"ListItem\",\"position\":2,\"name\":\"Shop\",\"item\":\"https:\\\/\\\/dutchmicrodosing.com\\\/de\\\/shop\\\/\"},{\"@type\":\"ListItem\",\"position\":3,\"name\":\"WhiteBilly Fl\u00fcssigkultur-Spritze\"}]},{\"@type\":\"WebSite\",\"@id\":\"https:\\\/\\\/dutchmicrodosing.com\\\/de\\\/#website\",\"url\":\"https:\\\/\\\/dutchmicrodosing.com\\\/de\\\/\",\"name\":\"Dutchmicrodosing\",\"description\":\"\",\"publisher\":{\"@id\":\"https:\\\/\\\/dutchmicrodosing.com\\\/de\\\/#organization\"},\"potentialAction\":[{\"@type\":\"SearchAction\",\"target\":{\"@type\":\"EntryPoint\",\"urlTemplate\":\"https:\\\/\\\/dutchmicrodosing.com\\\/de\\\/?s={search_term_string}\"},\"query-input\":{\"@type\":\"PropertyValueSpecification\",\"valueRequired\":true,\"valueName\":\"search_term_string\"}}],\"inLanguage\":\"de\"},{\"@type\":\"Organization\",\"@id\":\"https:\\\/\\\/dutchmicrodosing.com\\\/de\\\/#organization\",\"name\":\"Dutchmicrodosing\",\"url\":\"https:\\\/\\\/dutchmicrodosing.com\\\/de\\\/\",\"logo\":{\"@type\":\"ImageObject\",\"inLanguage\":\"de\",\"@id\":\"https:\\\/\\\/dutchmicrodosing.com\\\/de\\\/#\\\/schema\\\/logo\\\/image\\\/\",\"url\":\"https:\\\/\\\/dutchmicrodosing.com\\\/wp-content\\\/uploads\\\/2021\\\/01\\\/microdosing-categorie-pic-nieuw.jpg\",\"contentUrl\":\"https:\\\/\\\/dutchmicrodosing.com\\\/wp-content\\\/uploads\\\/2021\\\/01\\\/microdosing-categorie-pic-nieuw.jpg\",\"width\":500,\"height\":500,\"caption\":\"Dutchmicrodosing\"},\"image\":{\"@id\":\"https:\\\/\\\/dutchmicrodosing.com\\\/de\\\/#\\\/schema\\\/logo\\\/image\\\/\"},\"sameAs\":[\"https:\\\/\\\/www.facebook.com\\\/Dutchmicrodosingxp\\\/\",\"https:\\\/\\\/www.instagram.com\\\/dutchmicrodosing\\\/\"]}]}<\/script>\n<meta property=\"product:price:amount\" content=\"18.95\" \/>\n<meta property=\"product:price:currency\" content=\"EUR\" \/>\n<meta property=\"og:availability\" content=\"instock\" \/>\n<meta property=\"product:availability\" content=\"instock\" \/>\n<meta property=\"product:retailer_item_id\" content=\"5201563\" \/>\n<meta property=\"product:condition\" content=\"new\" \/>\n<!-- \/ Yoast SEO Premium plugin. -->","yoast_head_json":{"title":"WhiteBilly Fl\u00fcssigkultur-Spritze - Dutchmicrodosing","description":"Sterile 10ml Fl\u00fcssigkultur-Spritze mit WhiteBilly Myzel. Perfekt f\u00fcr Z\u00fcchter, die eine einzigartige, potente Sorte mit zuverl\u00e4ssigem...","robots":{"index":"index","follow":"follow","max-snippet":"max-snippet:-1","max-image-preview":"max-image-preview:large","max-video-preview":"max-video-preview:-1"},"canonical":"https:\/\/dutchmicrodosing.com\/de\/sporen-zauberpilze\/spritzen-fur-flussigkulturen\/whitebilly-liquid-culture-spuit\/","og_locale":"de_DE","og_type":"article","og_title":"WhiteBilly Fl\u00fcssigkultur-Spritze","og_description":"Die WhiteBilly Liquid Culture Syringe ist eine potente Pilzsorte, die durch ihre tief orangefarbenen H\u00fcte und ihr zuverl\u00e4ssiges Wachstum auff\u00e4llt. Die","og_url":"https:\/\/dutchmicrodosing.com\/de\/sporen-zauberpilze\/spritzen-fur-flussigkulturen\/whitebilly-liquid-culture-spuit\/","og_site_name":"Dutchmicrodosing","article_publisher":"https:\/\/www.facebook.com\/Dutchmicrodosingxp\/","article_modified_time":"2025-08-28T13:17:55+00:00","og_image":[{"width":1512,"height":1512,"url":"https:\/\/dutchmicrodosing.com\/wp-content\/uploads\/2025\/01\/Philosophr-Liquid-culture-packaging-_2_.jpg","type":"image\/jpeg"}],"twitter_card":"summary_large_image","schema":{"@context":"https:\/\/schema.org","@graph":[{"@type":"WebPage","@id":"https:\/\/dutchmicrodosing.com\/de\/sporen-zauberpilze\/spritzen-fur-flussigkulturen\/whitebilly-liquid-culture-spuit\/","url":"https:\/\/dutchmicrodosing.com\/de\/sporen-zauberpilze\/spritzen-fur-flussigkulturen\/whitebilly-liquid-culture-spuit\/","name":"WhiteBilly Fl\u00fcssigkultur-Spritze - Dutchmicrodosing","isPartOf":{"@id":"https:\/\/dutchmicrodosing.com\/de\/#website"},"primaryImageOfPage":{"@id":"https:\/\/dutchmicrodosing.com\/de\/sporen-zauberpilze\/spritzen-fur-flussigkulturen\/whitebilly-liquid-culture-spuit\/#primaryimage"},"image":{"@id":"https:\/\/dutchmicrodosing.com\/de\/sporen-zauberpilze\/spritzen-fur-flussigkulturen\/whitebilly-liquid-culture-spuit\/#primaryimage"},"thumbnailUrl":"https:\/\/dutchmicrodosing.com\/wp-content\/uploads\/2025\/01\/Philosophr-Liquid-culture-packaging-_2_.jpg","datePublished":"2025-01-17T08:32:29+00:00","dateModified":"2025-08-28T13:17:55+00:00","description":"Sterile 10ml Fl\u00fcssigkultur-Spritze mit WhiteBilly Myzel. Perfekt f\u00fcr Z\u00fcchter, die eine einzigartige, potente Sorte mit zuverl\u00e4ssigem...","breadcrumb":{"@id":"https:\/\/dutchmicrodosing.com\/de\/sporen-zauberpilze\/spritzen-fur-flussigkulturen\/whitebilly-liquid-culture-spuit\/#breadcrumb"},"inLanguage":"de","potentialAction":[{"@type":"ReadAction","target":["https:\/\/dutchmicrodosing.com\/de\/sporen-zauberpilze\/spritzen-fur-flussigkulturen\/whitebilly-liquid-culture-spuit\/"]}]},{"@type":"ImageObject","inLanguage":"de","@id":"https:\/\/dutchmicrodosing.com\/de\/sporen-zauberpilze\/spritzen-fur-flussigkulturen\/whitebilly-liquid-culture-spuit\/#primaryimage","url":"https:\/\/dutchmicrodosing.com\/wp-content\/uploads\/2025\/01\/Philosophr-Liquid-culture-packaging-_2_.jpg","contentUrl":"https:\/\/dutchmicrodosing.com\/wp-content\/uploads\/2025\/01\/Philosophr-Liquid-culture-packaging-_2_.jpg","width":1512,"height":1512},{"@type":"BreadcrumbList","@id":"https:\/\/dutchmicrodosing.com\/de\/sporen-zauberpilze\/spritzen-fur-flussigkulturen\/whitebilly-liquid-culture-spuit\/#breadcrumb","itemListElement":[{"@type":"ListItem","position":1,"name":"Home","item":"https:\/\/dutchmicrodosing.com\/de\/"},{"@type":"ListItem","position":2,"name":"Shop","item":"https:\/\/dutchmicrodosing.com\/de\/shop\/"},{"@type":"ListItem","position":3,"name":"WhiteBilly Fl\u00fcssigkultur-Spritze"}]},{"@type":"WebSite","@id":"https:\/\/dutchmicrodosing.com\/de\/#website","url":"https:\/\/dutchmicrodosing.com\/de\/","name":"Dutchmicrodosing","description":"","publisher":{"@id":"https:\/\/dutchmicrodosing.com\/de\/#organization"},"potentialAction":[{"@type":"SearchAction","target":{"@type":"EntryPoint","urlTemplate":"https:\/\/dutchmicrodosing.com\/de\/?s={search_term_string}"},"query-input":{"@type":"PropertyValueSpecification","valueRequired":true,"valueName":"search_term_string"}}],"inLanguage":"de"},{"@type":"Organization","@id":"https:\/\/dutchmicrodosing.com\/de\/#organization","name":"Dutchmicrodosing","url":"https:\/\/dutchmicrodosing.com\/de\/","logo":{"@type":"ImageObject","inLanguage":"de","@id":"https:\/\/dutchmicrodosing.com\/de\/#\/schema\/logo\/image\/","url":"https:\/\/dutchmicrodosing.com\/wp-content\/uploads\/2021\/01\/microdosing-categorie-pic-nieuw.jpg","contentUrl":"https:\/\/dutchmicrodosing.com\/wp-content\/uploads\/2021\/01\/microdosing-categorie-pic-nieuw.jpg","width":500,"height":500,"caption":"Dutchmicrodosing"},"image":{"@id":"https:\/\/dutchmicrodosing.com\/de\/#\/schema\/logo\/image\/"},"sameAs":["https:\/\/www.facebook.com\/Dutchmicrodosingxp\/","https:\/\/www.instagram.com\/dutchmicrodosing\/"]}]},"product_price_amount":"18.95","product_price_currency":"EUR","og_availability":"instock","product_availability":"instock","product_retailer_item_id":"5201563","product_condition":"new"},"_links":{"self":[{"href":"https:\/\/dutchmicrodosing.com\/de\/wp-json\/wp\/v2\/product\/44690","targetHints":{"allow":["GET"]}}],"collection":[{"href":"https:\/\/dutchmicrodosing.com\/de\/wp-json\/wp\/v2\/product"}],"about":[{"href":"https:\/\/dutchmicrodosing.com\/de\/wp-json\/wp\/v2\/types\/product"}],"replies":[{"embeddable":true,"href":"https:\/\/dutchmicrodosing.com\/de\/wp-json\/wp\/v2\/comments?post=44690"}],"version-history":[{"count":0,"href":"https:\/\/dutchmicrodosing.com\/de\/wp-json\/wp\/v2\/product\/44690\/revisions"}],"wp:featuredmedia":[{"embeddable":true,"href":"https:\/\/dutchmicrodosing.com\/de\/wp-json\/wp\/v2\/media\/46261"}],"wp:attachment":[{"href":"https:\/\/dutchmicrodosing.com\/de\/wp-json\/wp\/v2\/media?parent=44690"}],"wp:term":[{"taxonomy":"product_brand","embeddable":true,"href":"https:\/\/dutchmicrodosing.com\/de\/wp-json\/wp\/v2\/product_brand?post=44690"},{"taxonomy":"product_cat","embeddable":true,"href":"https:\/\/dutchmicrodosing.com\/de\/wp-json\/wp\/v2\/product_cat?post=44690"},{"taxonomy":"product_tag","embeddable":true,"href":"https:\/\/dutchmicrodosing.com\/de\/wp-json\/wp\/v2\/product_tag?post=44690"}],"curies":[{"name":"wp","href":"https:\/\/api.w.org\/{rel}","templated":true}]}}