{"id":44844,"date":"2025-01-23T16:38:55","date_gmt":"2025-01-23T15:38:55","guid":{"rendered":"https:\/\/dutchmicrodosing.com\/shop\/unkategorisiert\/imicrodose\/"},"modified":"2025-09-09T09:33:04","modified_gmt":"2025-09-09T07:33:04","slug":"imicrodose","status":"publish","type":"product","link":"https:\/\/dutchmicrodosing.com\/de\/mikrodosierung\/imicrodose\/","title":{"rendered":"iMicrodose"},"content":{"rendered":"<p><strong>iMicrodose<\/strong> enth\u00e4lt hochwertige Psilocybin-Tr\u00fcffel, die speziell f\u00fcr die Mikrodosierung formuliert wurden. Die Tr\u00fcffel sind 100% nat\u00fcrlich, ohne k\u00fcnstliche Zusatzstoffe und werden in einer wiederverschlie\u00dfbaren Packung geliefert. So k\u00f6nnen Sie genau dosieren und den Rest sicher aufbewahren, damit Frische und Funktion optimal erhalten bleiben. Beim Microdosing geht es um die Einnahme einer kleinen Menge einer psychoaktiven Substanz &#8211; viel weniger als beim Freizeitkonsum &#8211; mit dem Ziel, subtile Ver\u00e4nderungen in der Wahrnehmung und im Denken zu erreichen, ohne \u00fcberw\u00e4ltigende Effekte.<\/p>\n<h3>Eigenschaften<\/h3>\n<ul>\n<li>Enth\u00e4lt sorgf\u00e4ltig ausgew\u00e4hlte, nat\u00fcrliche Psilocybin-Tr\u00fcffel<\/li>\n<li>Wiederverschlie\u00dfbare Verpackung f\u00fcr einfache Dosierung und Erhaltung der Frische<\/li>\n<li>Ideal f\u00fcr diejenigen, die bewusst mit Mikrodosierung experimentieren m\u00f6chten<\/li>\n<li>Entwickelt f\u00fcr subtile und schrittweise pers\u00f6nliche Einsichten<\/li>\n<\/ul>\n<h3>Arten von iMicrodose<\/h3>\n<p><strong>Triniti:<\/strong><br \/>\nEnth\u00e4lt 3 verschiedene Tr\u00fcffelsorten, damit Sie Ihre Vorlieben selbst entdecken k\u00f6nnen:<\/p>\n<ul>\n<li>5g Galindoi<\/li>\n<li>5g Mexicana<\/li>\n<li>5g Tampanensis<\/li>\n<\/ul>\n<p><strong>Original:<\/strong><\/p>\n<ul>\n<li>3 x 5g Galindoi Tr\u00fcffel<\/li>\n<\/ul>\n<p><strong>Achtsamkeit:<\/strong><\/p>\n<ul>\n<li>3 x 5g mexikanische Tr\u00fcffel<\/li>\n<\/ul>\n<p><strong>Uniti:<\/strong><\/p>\n<ul>\n<li>3 x 5g Tampanensis Tr\u00fcffel<\/li>\n<\/ul>\n<p>Jedes Kit bietet eine andere Erfahrung, die auf Ihre pers\u00f6nlichen Vorlieben oder Bed\u00fcrfnisse zugeschnitten ist.<\/p>\n<h3>Verwenden Sie<\/h3>\n<p><strong>1. Bestimmen Sie die Dosierung<\/strong><br \/>\nBeginnen Sie mit 1 Gramm, um Ihre Reaktion zu beobachten. Die durchschnittliche Mikrodosis liegt zwischen 0,5 und 1,5 Gramm.<\/p>\n<p><strong>2. Dosierungsplan<\/strong><br \/>\n\u00dcblich: Dosis an Tag 1, Pause an Tag 2 und 3, erneute Dosis an Tag 4. Wiederholen Sie diesen Rhythmus.<\/p>\n<p><strong>3. Einlass<\/strong><\/p>\n<ul>\n<li>Gerade: gut kauen f\u00fcr eine optimale Aufnahme.<\/li>\n<li>Als Tee: Tr\u00fcffel hacken, 10-15 Minuten in hei\u00dfem Wasser ziehen lassen, dann abseihen und auf n\u00fcchternen Magen trinken.<\/li>\n<\/ul>\n<p><strong>4. Effekt-Verfolgung<\/strong><br \/>\nF\u00fchren Sie ein Tagebuch, um Ihre Erfahrungen zu dokumentieren und Ihre Dosierung gegebenenfalls anzupassen.<\/p>\n<p><strong>5. Sicherheit und Verantwortung<\/strong><br \/>\nSorgen Sie f\u00fcr eine ruhige Umgebung, h\u00f6ren Sie auf Ihren K\u00f6rper und h\u00f6ren Sie auf, wenn Sie unerw\u00fcnschte Wirkungen bemerken. Respektieren Sie immer die \u00f6rtlichen Gesetze.<\/p>\n<h3>Inhalt<\/h3>\n<ul>\n<li>3 x 5 Gramm frische Psilocybin-Tr\u00fcffel (je nach Variante)<\/li>\n<li>Wiederverschlie\u00dfbare Verpackung<\/li>\n<\/ul>\n<h3>Hinweise zur Lagerung<\/h3>\n<ul>\n<li>K\u00fchl aufbewahren zwischen 2-4 \u00b0C (vorzugsweise im K\u00fchlschrank)<\/li>\n<li>An einem dunklen, trockenen Ort aufbewahren<\/li>\n<li>Au\u00dferhalb der Reichweite von Kindern aufbewahren<\/li>\n<li>Pr\u00fcfen Sie vor der Verwendung das Verfallsdatum auf der Verpackung<\/li>\n<\/ul>\n<h3>Haftungsausschluss<\/h3>\n<p><em>Der Inhalt dieses Textes dient nur zu Informationszwecken und ist kein Ersatz f\u00fcr eine professionelle Beratung. Dieses Produkt ist nicht dazu bestimmt, Krankheiten zu diagnostizieren, zu behandeln oder zu heilen. Wenden Sie sich an einen Spezialisten, wenn Sie Fragen zur Anwendung haben. Verwenden Sie dieses Produkt verantwortungsbewusst und innerhalb des geltenden gesetzlichen Rahmens.<\/em><\/p>\n","protected":false},"excerpt":{"rendered":"<p>iMicrodose enth\u00e4lt hochwertige Psilocybin-Tr\u00fcffel, die speziell f\u00fcr die Mikrodosierung formuliert wurden. Die Tr\u00fcffel sind 100% nat\u00fcrlich, ohne k\u00fcnstliche Zusatzstoffe und werden in einer wiederverschlie\u00dfbaren Packung geliefert. So k\u00f6nnen Sie genau dosieren und den Rest sicher aufbewahren, damit Frische und Funktion optimal erhalten bleiben. Beim Microdosing geht es um die Einnahme einer kleinen Menge einer psychoaktiven [&hellip;]<\/p>\n","protected":false},"featured_media":44805,"comment_status":"closed","ping_status":"closed","template":"","meta":[],"product_brand":[],"product_cat":[111],"product_tag":[],"class_list":{"0":"post-44844","1":"product","2":"type-product","3":"status-publish","4":"has-post-thumbnail","6":"product_cat-mikrodosierung","8":"first","9":"instock","10":"taxable","11":"shipping-taxable","12":"purchasable","13":"product-type-variable"},"yoast_head":"<!-- This site is optimized with the Yoast SEO Premium plugin v26.4 (Yoast SEO v27.2) - https:\/\/yoast.com\/product\/yoast-seo-premium-wordpress\/ -->\n<title>iMicrodose - Dutchmicrodosing<\/title>\n<meta name=\"description\" content=\"Erleben Sie die Kraft der Mikrodosierung mit dem iMicrodose Tr\u00fcffelset - 15 Gramm. 100% nat\u00fcrliche Psilocybin-Tr\u00fcffel, vier Sorten, wiederverschlie\u00dfbare Verpackung\" \/>\n<meta name=\"robots\" content=\"index, follow, max-snippet:-1, max-image-preview:large, max-video-preview:-1\" \/>\n<link rel=\"canonical\" href=\"https:\/\/dutchmicrodosing.com\/de\/mikrodosierung\/imicrodose\/\" \/>\n<meta property=\"og:locale\" content=\"de_DE\" \/>\n<meta property=\"og:type\" content=\"article\" \/>\n<meta property=\"og:title\" content=\"iMicrodose\" \/>\n<meta property=\"og:description\" content=\"iMicrodose enth\u00e4lt hochwertige Psilocybin-Tr\u00fcffel, die speziell f\u00fcr die Mikrodosierung formuliert wurden. Die Tr\u00fcffel sind 100% nat\u00fcrlich, ohne k\u00fcnstliche\" \/>\n<meta property=\"og:url\" content=\"https:\/\/dutchmicrodosing.com\/de\/mikrodosierung\/imicrodose\/\" \/>\n<meta property=\"og:site_name\" content=\"Dutchmicrodosing\" \/>\n<meta property=\"article:publisher\" content=\"https:\/\/www.facebook.com\/Dutchmicrodosingxp\/\" \/>\n<meta property=\"article:modified_time\" content=\"2025-09-09T07:33:04+00:00\" \/>\n<meta property=\"og:image\" content=\"https:\/\/dutchmicrodosing.com\/wp-content\/uploads\/2025\/01\/Imicrodose_4pack.jpg\" \/>\n\t<meta property=\"og:image:width\" content=\"1000\" \/>\n\t<meta property=\"og:image:height\" content=\"1000\" \/>\n\t<meta property=\"og:image:type\" content=\"image\/jpeg\" \/>\n<meta name=\"twitter:card\" content=\"summary_large_image\" \/>\n<script type=\"application\/ld+json\" class=\"yoast-schema-graph\">{\"@context\":\"https:\/\/schema.org\",\"@graph\":[{\"@type\":\"WebPage\",\"@id\":\"https:\/\/dutchmicrodosing.com\/de\/mikrodosierung\/imicrodose\/\",\"url\":\"https:\/\/dutchmicrodosing.com\/de\/mikrodosierung\/imicrodose\/\",\"name\":\"iMicrodose - Dutchmicrodosing\",\"isPartOf\":{\"@id\":\"https:\/\/dutchmicrodosing.com\/de\/#website\"},\"primaryImageOfPage\":{\"@id\":\"https:\/\/dutchmicrodosing.com\/de\/mikrodosierung\/imicrodose\/#primaryimage\"},\"image\":{\"@id\":\"https:\/\/dutchmicrodosing.com\/de\/mikrodosierung\/imicrodose\/#primaryimage\"},\"thumbnailUrl\":\"https:\/\/dutchmicrodosing.com\/wp-content\/uploads\/2025\/01\/Imicrodose_4pack.jpg\",\"datePublished\":\"2025-01-23T15:38:55+00:00\",\"dateModified\":\"2025-09-09T07:33:04+00:00\",\"description\":\"Erleben Sie die Kraft der Mikrodosierung mit dem iMicrodose Tr\u00fcffelset - 15 Gramm. 100% nat\u00fcrliche Psilocybin-Tr\u00fcffel, vier Sorten, wiederverschlie\u00dfbare Verpackung\",\"breadcrumb\":{\"@id\":\"https:\/\/dutchmicrodosing.com\/de\/mikrodosierung\/imicrodose\/#breadcrumb\"},\"inLanguage\":\"de\",\"potentialAction\":[{\"@type\":\"ReadAction\",\"target\":[\"https:\/\/dutchmicrodosing.com\/de\/mikrodosierung\/imicrodose\/\"]}]},{\"@type\":\"ImageObject\",\"inLanguage\":\"de\",\"@id\":\"https:\/\/dutchmicrodosing.com\/de\/mikrodosierung\/imicrodose\/#primaryimage\",\"url\":\"https:\/\/dutchmicrodosing.com\/wp-content\/uploads\/2025\/01\/Imicrodose_4pack.jpg\",\"contentUrl\":\"https:\/\/dutchmicrodosing.com\/wp-content\/uploads\/2025\/01\/Imicrodose_4pack.jpg\",\"width\":1000,\"height\":1000},{\"@type\":\"BreadcrumbList\",\"@id\":\"https:\/\/dutchmicrodosing.com\/de\/mikrodosierung\/imicrodose\/#breadcrumb\",\"itemListElement\":[{\"@type\":\"ListItem\",\"position\":1,\"name\":\"Home\",\"item\":\"https:\/\/dutchmicrodosing.com\/de\/\"},{\"@type\":\"ListItem\",\"position\":2,\"name\":\"Shop\",\"item\":\"https:\/\/dutchmicrodosing.com\/de\/shop\/\"},{\"@type\":\"ListItem\",\"position\":3,\"name\":\"iMicrodose\"}]},{\"@type\":\"WebSite\",\"@id\":\"https:\/\/dutchmicrodosing.com\/de\/#website\",\"url\":\"https:\/\/dutchmicrodosing.com\/de\/\",\"name\":\"Dutchmicrodosing\",\"description\":\"\",\"publisher\":{\"@id\":\"https:\/\/dutchmicrodosing.com\/de\/#organization\"},\"potentialAction\":[{\"@type\":\"SearchAction\",\"target\":{\"@type\":\"EntryPoint\",\"urlTemplate\":\"https:\/\/dutchmicrodosing.com\/de\/?s={search_term_string}\"},\"query-input\":{\"@type\":\"PropertyValueSpecification\",\"valueRequired\":true,\"valueName\":\"search_term_string\"}}],\"inLanguage\":\"de\"},{\"@type\":\"Organization\",\"@id\":\"https:\/\/dutchmicrodosing.com\/de\/#organization\",\"name\":\"Dutchmicrodosing\",\"url\":\"https:\/\/dutchmicrodosing.com\/de\/\",\"logo\":{\"@type\":\"ImageObject\",\"inLanguage\":\"de\",\"@id\":\"https:\/\/dutchmicrodosing.com\/de\/#\/schema\/logo\/image\/\",\"url\":\"https:\/\/dutchmicrodosing.com\/wp-content\/uploads\/2021\/01\/microdosing-categorie-pic-nieuw.jpg\",\"contentUrl\":\"https:\/\/dutchmicrodosing.com\/wp-content\/uploads\/2021\/01\/microdosing-categorie-pic-nieuw.jpg\",\"width\":500,\"height\":500,\"caption\":\"Dutchmicrodosing\"},\"image\":{\"@id\":\"https:\/\/dutchmicrodosing.com\/de\/#\/schema\/logo\/image\/\"},\"sameAs\":[\"https:\/\/www.facebook.com\/Dutchmicrodosingxp\/\",\"https:\/\/www.instagram.com\/dutchmicrodosing\/\"]}]}<\/script>\n<meta property=\"og:availability\" content=\"instock\" \/>\n<meta property=\"product:availability\" content=\"instock\" \/>\n<meta property=\"product:condition\" content=\"new\" \/>\n<!-- \/ Yoast SEO Premium plugin. -->","yoast_head_json":{"title":"iMicrodose - Dutchmicrodosing","description":"Erleben Sie die Kraft der Mikrodosierung mit dem iMicrodose Tr\u00fcffelset - 15 Gramm. 100% nat\u00fcrliche Psilocybin-Tr\u00fcffel, vier Sorten, wiederverschlie\u00dfbare Verpackung","robots":{"index":"index","follow":"follow","max-snippet":"max-snippet:-1","max-image-preview":"max-image-preview:large","max-video-preview":"max-video-preview:-1"},"canonical":"https:\/\/dutchmicrodosing.com\/de\/mikrodosierung\/imicrodose\/","og_locale":"de_DE","og_type":"article","og_title":"iMicrodose","og_description":"iMicrodose enth\u00e4lt hochwertige Psilocybin-Tr\u00fcffel, die speziell f\u00fcr die Mikrodosierung formuliert wurden. Die Tr\u00fcffel sind 100% nat\u00fcrlich, ohne k\u00fcnstliche","og_url":"https:\/\/dutchmicrodosing.com\/de\/mikrodosierung\/imicrodose\/","og_site_name":"Dutchmicrodosing","article_publisher":"https:\/\/www.facebook.com\/Dutchmicrodosingxp\/","article_modified_time":"2025-09-09T07:33:04+00:00","og_image":[{"width":1000,"height":1000,"url":"https:\/\/dutchmicrodosing.com\/wp-content\/uploads\/2025\/01\/Imicrodose_4pack.jpg","type":"image\/jpeg"}],"twitter_card":"summary_large_image","schema":{"@context":"https:\/\/schema.org","@graph":[{"@type":"WebPage","@id":"https:\/\/dutchmicrodosing.com\/de\/mikrodosierung\/imicrodose\/","url":"https:\/\/dutchmicrodosing.com\/de\/mikrodosierung\/imicrodose\/","name":"iMicrodose - Dutchmicrodosing","isPartOf":{"@id":"https:\/\/dutchmicrodosing.com\/de\/#website"},"primaryImageOfPage":{"@id":"https:\/\/dutchmicrodosing.com\/de\/mikrodosierung\/imicrodose\/#primaryimage"},"image":{"@id":"https:\/\/dutchmicrodosing.com\/de\/mikrodosierung\/imicrodose\/#primaryimage"},"thumbnailUrl":"https:\/\/dutchmicrodosing.com\/wp-content\/uploads\/2025\/01\/Imicrodose_4pack.jpg","datePublished":"2025-01-23T15:38:55+00:00","dateModified":"2025-09-09T07:33:04+00:00","description":"Erleben Sie die Kraft der Mikrodosierung mit dem iMicrodose Tr\u00fcffelset - 15 Gramm. 100% nat\u00fcrliche Psilocybin-Tr\u00fcffel, vier Sorten, wiederverschlie\u00dfbare Verpackung","breadcrumb":{"@id":"https:\/\/dutchmicrodosing.com\/de\/mikrodosierung\/imicrodose\/#breadcrumb"},"inLanguage":"de","potentialAction":[{"@type":"ReadAction","target":["https:\/\/dutchmicrodosing.com\/de\/mikrodosierung\/imicrodose\/"]}]},{"@type":"ImageObject","inLanguage":"de","@id":"https:\/\/dutchmicrodosing.com\/de\/mikrodosierung\/imicrodose\/#primaryimage","url":"https:\/\/dutchmicrodosing.com\/wp-content\/uploads\/2025\/01\/Imicrodose_4pack.jpg","contentUrl":"https:\/\/dutchmicrodosing.com\/wp-content\/uploads\/2025\/01\/Imicrodose_4pack.jpg","width":1000,"height":1000},{"@type":"BreadcrumbList","@id":"https:\/\/dutchmicrodosing.com\/de\/mikrodosierung\/imicrodose\/#breadcrumb","itemListElement":[{"@type":"ListItem","position":1,"name":"Home","item":"https:\/\/dutchmicrodosing.com\/de\/"},{"@type":"ListItem","position":2,"name":"Shop","item":"https:\/\/dutchmicrodosing.com\/de\/shop\/"},{"@type":"ListItem","position":3,"name":"iMicrodose"}]},{"@type":"WebSite","@id":"https:\/\/dutchmicrodosing.com\/de\/#website","url":"https:\/\/dutchmicrodosing.com\/de\/","name":"Dutchmicrodosing","description":"","publisher":{"@id":"https:\/\/dutchmicrodosing.com\/de\/#organization"},"potentialAction":[{"@type":"SearchAction","target":{"@type":"EntryPoint","urlTemplate":"https:\/\/dutchmicrodosing.com\/de\/?s={search_term_string}"},"query-input":{"@type":"PropertyValueSpecification","valueRequired":true,"valueName":"search_term_string"}}],"inLanguage":"de"},{"@type":"Organization","@id":"https:\/\/dutchmicrodosing.com\/de\/#organization","name":"Dutchmicrodosing","url":"https:\/\/dutchmicrodosing.com\/de\/","logo":{"@type":"ImageObject","inLanguage":"de","@id":"https:\/\/dutchmicrodosing.com\/de\/#\/schema\/logo\/image\/","url":"https:\/\/dutchmicrodosing.com\/wp-content\/uploads\/2021\/01\/microdosing-categorie-pic-nieuw.jpg","contentUrl":"https:\/\/dutchmicrodosing.com\/wp-content\/uploads\/2021\/01\/microdosing-categorie-pic-nieuw.jpg","width":500,"height":500,"caption":"Dutchmicrodosing"},"image":{"@id":"https:\/\/dutchmicrodosing.com\/de\/#\/schema\/logo\/image\/"},"sameAs":["https:\/\/www.facebook.com\/Dutchmicrodosingxp\/","https:\/\/www.instagram.com\/dutchmicrodosing\/"]}]},"og_availability":"instock","product_availability":"instock","product_condition":"new"},"_links":{"self":[{"href":"https:\/\/dutchmicrodosing.com\/de\/wp-json\/wp\/v2\/product\/44844","targetHints":{"allow":["GET"]}}],"collection":[{"href":"https:\/\/dutchmicrodosing.com\/de\/wp-json\/wp\/v2\/product"}],"about":[{"href":"https:\/\/dutchmicrodosing.com\/de\/wp-json\/wp\/v2\/types\/product"}],"replies":[{"embeddable":true,"href":"https:\/\/dutchmicrodosing.com\/de\/wp-json\/wp\/v2\/comments?post=44844"}],"version-history":[{"count":0,"href":"https:\/\/dutchmicrodosing.com\/de\/wp-json\/wp\/v2\/product\/44844\/revisions"}],"wp:featuredmedia":[{"embeddable":true,"href":"https:\/\/dutchmicrodosing.com\/de\/wp-json\/wp\/v2\/media\/44805"}],"wp:attachment":[{"href":"https:\/\/dutchmicrodosing.com\/de\/wp-json\/wp\/v2\/media?parent=44844"}],"wp:term":[{"taxonomy":"product_brand","embeddable":true,"href":"https:\/\/dutchmicrodosing.com\/de\/wp-json\/wp\/v2\/product_brand?post=44844"},{"taxonomy":"product_cat","embeddable":true,"href":"https:\/\/dutchmicrodosing.com\/de\/wp-json\/wp\/v2\/product_cat?post=44844"},{"taxonomy":"product_tag","embeddable":true,"href":"https:\/\/dutchmicrodosing.com\/de\/wp-json\/wp\/v2\/product_tag?post=44844"}],"curies":[{"name":"wp","href":"https:\/\/api.w.org\/{rel}","templated":true}]}}