{"id":44941,"date":"2025-02-01T15:34:04","date_gmt":"2025-02-01T14:34:04","guid":{"rendered":"https:\/\/dutchmicrodosing.com\/shop\/unkategorisiert\/absinth-60-caps\/"},"modified":"2025-08-21T01:55:27","modified_gmt":"2025-08-20T23:55:27","slug":"absinth-60-caps","status":"publish","type":"product","link":"https:\/\/dutchmicrodosing.com\/de\/reformhaus\/entspannende-erganzungen\/absinth-60-caps\/","title":{"rendered":"Absinth &#8211; 60 Kapseln"},"content":{"rendered":"<p><strong>Absinth-Kapseln von Indian Elements<\/strong> enthalten Extrakte aus dem Wermutkraut (Artemisia Absinthium), das im Laufe der Jahrhunderte einen fast mythischen Status erlangt hat. Dieses Kraut ist vor allem durch das ber\u00fcchtigte alkoholische Getr\u00e4nk Absinth bekannt, das bei Malern wie Van Gogh beliebt war. Neben der Anregung der Kreativit\u00e4t und m\u00f6glicher Halluzinationen wird das Wermutkraut auch wegen seiner beruhigenden Wirkung und zur F\u00f6rderung von Verdauung und Appetit verwendet.<\/p>\n<p>Wermut, oder Absinth, ist in weiten Teilen Europas heimisch, auch in den Niederlanden, obwohl er hier recht selten ist. Sie kann bis zu 120 cm hoch werden, hat gr\u00e4uliche Bl\u00e4tter und gelbe Bl\u00fcten w\u00e4hrend der Bl\u00fctezeit. Wermutkraut hat einen bitteren Geschmack und ist f\u00fcr seine wohltuende Wirkung auf den Magen-Darm-Trakt bekannt.<\/p>\n<p>Die Geschichte des Wermuts reicht bis in die Antike zur\u00fcck, wo er als allgemeines Heilmittel verwendet wurde. R\u00f6mer und Pilger nutzten das Kraut, um Fu\u00dfschmerzen und Infektionen w\u00e4hrend langer Wanderungen vorzubeugen. In der modernen Geschichte ist das Kraut vor allem als Bestandteil des Getr\u00e4nks Absinth bekannt, das eine Zeit lang wegen angeblicher Giftigkeit von Thujon verboten war. Diese Behauptungen erwiesen sich sp\u00e4ter als unbegr\u00fcndet, aber die Geschichten halten sich hartn\u00e4ckig.<\/p>\n<p>Indian Elements bietet eine Reihe von Kr\u00e4utern und Gew\u00fcrzmischungen an, die jeweils einzigartige Eigenschaften besitzen. Die Absinth-Kapseln sind 100% nat\u00fcrlich und vegan. Sie werden zur Entspannung oder zur Anregung der Kreativit\u00e4t verwendet.<\/p>\n<h3>Warnung:<\/h3>\n<ul>\n<li>Nur f\u00fcr Erwachsene \u00fcber 18 Jahre geeignet.<\/li>\n<li>Au\u00dferhalb der Reichweite von Kindern aufbewahren.<\/li>\n<li>Verwenden Sie dieses Medikament nicht regelm\u00e4\u00dfig.<\/li>\n<li>Es wird dringend davon abgeraten, unter dem Einfluss von Absinth ein Auto zu fahren.<\/li>\n<li>Menschen mit Nieren- oder Herzproblemen, extremen Blutdruckwerten, Diabetes oder Menschen, die unter dem Einfluss von Medikamenten oder Drogen stehen, wird von der Einnahme abgeraten.<\/li>\n<li>Absinth ist kein Arzneimittel, sondern ein Nahrungserg\u00e4nzungsmittel.<\/li>\n<\/ul>\n<h3>Inhalt<\/h3>\n<p>60 Kapseln<\/p>\n","protected":false},"excerpt":{"rendered":"<p>Absinth-Kapseln von Indian Elements enthalten Extrakte aus dem Wermutkraut (Artemisia Absinthium), das im Laufe der Jahrhunderte einen fast mythischen Status erlangt hat. Dieses Kraut ist vor allem durch das ber\u00fcchtigte alkoholische Getr\u00e4nk Absinth bekannt, das bei Malern wie Van Gogh beliebt war. Neben der Anregung der Kreativit\u00e4t und m\u00f6glicher Halluzinationen wird das Wermutkraut auch wegen [&hellip;]<\/p>\n","protected":false},"featured_media":44921,"comment_status":"closed","ping_status":"closed","template":"","meta":[],"product_brand":[],"product_cat":[306],"product_tag":[],"class_list":{"0":"post-44941","1":"product","2":"type-product","3":"status-publish","4":"has-post-thumbnail","6":"product_cat-entspannende-erganzungen","8":"first","9":"instock","10":"taxable","11":"shipping-taxable","12":"purchasable","13":"product-type-simple"},"yoast_head":"<!-- This site is optimized with the Yoast SEO Premium plugin v26.4 (Yoast SEO v27.2) - https:\/\/yoast.com\/product\/yoast-seo-premium-wordpress\/ -->\n<title>Absinth - 60 Kapseln - Dutchmicrodosing<\/title>\n<meta name=\"robots\" content=\"index, follow, max-snippet:-1, max-image-preview:large, max-video-preview:-1\" \/>\n<link rel=\"canonical\" href=\"https:\/\/dutchmicrodosing.com\/de\/reformhaus\/entspannende-erganzungen\/absinth-60-caps\/\" \/>\n<meta property=\"og:locale\" content=\"de_DE\" \/>\n<meta property=\"og:type\" content=\"article\" \/>\n<meta property=\"og:title\" content=\"Absinth - 60 Kapseln\" \/>\n<meta property=\"og:description\" content=\"Absinth-Kapseln von Indian Elements enthalten Extrakte aus dem Wermutkraut (Artemisia Absinthium), das im Laufe der Jahrhunderte einen fast mythischen\" \/>\n<meta property=\"og:url\" content=\"https:\/\/dutchmicrodosing.com\/de\/reformhaus\/entspannende-erganzungen\/absinth-60-caps\/\" \/>\n<meta property=\"og:site_name\" content=\"Dutchmicrodosing\" \/>\n<meta property=\"article:publisher\" content=\"https:\/\/www.facebook.com\/Dutchmicrodosingxp\/\" \/>\n<meta property=\"article:modified_time\" content=\"2025-08-20T23:55:27+00:00\" \/>\n<meta property=\"og:image\" content=\"https:\/\/dutchmicrodosing.com\/wp-content\/uploads\/2025\/02\/package-absinth-1.png\" \/>\n\t<meta property=\"og:image:width\" content=\"1000\" \/>\n\t<meta property=\"og:image:height\" content=\"1000\" \/>\n\t<meta property=\"og:image:type\" content=\"image\/png\" \/>\n<meta name=\"twitter:card\" content=\"summary_large_image\" \/>\n<script type=\"application\/ld+json\" class=\"yoast-schema-graph\">{\"@context\":\"https:\/\/schema.org\",\"@graph\":[{\"@type\":\"WebPage\",\"@id\":\"https:\/\/dutchmicrodosing.com\/de\/reformhaus\/entspannende-erganzungen\/absinth-60-caps\/\",\"url\":\"https:\/\/dutchmicrodosing.com\/de\/reformhaus\/entspannende-erganzungen\/absinth-60-caps\/\",\"name\":\"Absinth - 60 Kapseln - Dutchmicrodosing\",\"isPartOf\":{\"@id\":\"https:\/\/dutchmicrodosing.com\/de\/#website\"},\"primaryImageOfPage\":{\"@id\":\"https:\/\/dutchmicrodosing.com\/de\/reformhaus\/entspannende-erganzungen\/absinth-60-caps\/#primaryimage\"},\"image\":{\"@id\":\"https:\/\/dutchmicrodosing.com\/de\/reformhaus\/entspannende-erganzungen\/absinth-60-caps\/#primaryimage\"},\"thumbnailUrl\":\"https:\/\/dutchmicrodosing.com\/wp-content\/uploads\/2025\/02\/package-absinth-1.png\",\"datePublished\":\"2025-02-01T14:34:04+00:00\",\"dateModified\":\"2025-08-20T23:55:27+00:00\",\"breadcrumb\":{\"@id\":\"https:\/\/dutchmicrodosing.com\/de\/reformhaus\/entspannende-erganzungen\/absinth-60-caps\/#breadcrumb\"},\"inLanguage\":\"de\",\"potentialAction\":[{\"@type\":\"ReadAction\",\"target\":[\"https:\/\/dutchmicrodosing.com\/de\/reformhaus\/entspannende-erganzungen\/absinth-60-caps\/\"]}]},{\"@type\":\"ImageObject\",\"inLanguage\":\"de\",\"@id\":\"https:\/\/dutchmicrodosing.com\/de\/reformhaus\/entspannende-erganzungen\/absinth-60-caps\/#primaryimage\",\"url\":\"https:\/\/dutchmicrodosing.com\/wp-content\/uploads\/2025\/02\/package-absinth-1.png\",\"contentUrl\":\"https:\/\/dutchmicrodosing.com\/wp-content\/uploads\/2025\/02\/package-absinth-1.png\",\"width\":1000,\"height\":1000},{\"@type\":\"BreadcrumbList\",\"@id\":\"https:\/\/dutchmicrodosing.com\/de\/reformhaus\/entspannende-erganzungen\/absinth-60-caps\/#breadcrumb\",\"itemListElement\":[{\"@type\":\"ListItem\",\"position\":1,\"name\":\"Home\",\"item\":\"https:\/\/dutchmicrodosing.com\/de\/\"},{\"@type\":\"ListItem\",\"position\":2,\"name\":\"Shop\",\"item\":\"https:\/\/dutchmicrodosing.com\/de\/shop\/\"},{\"@type\":\"ListItem\",\"position\":3,\"name\":\"Absinth &#8211; 60 Kapseln\"}]},{\"@type\":\"WebSite\",\"@id\":\"https:\/\/dutchmicrodosing.com\/de\/#website\",\"url\":\"https:\/\/dutchmicrodosing.com\/de\/\",\"name\":\"Dutchmicrodosing\",\"description\":\"\",\"publisher\":{\"@id\":\"https:\/\/dutchmicrodosing.com\/de\/#organization\"},\"potentialAction\":[{\"@type\":\"SearchAction\",\"target\":{\"@type\":\"EntryPoint\",\"urlTemplate\":\"https:\/\/dutchmicrodosing.com\/de\/?s={search_term_string}\"},\"query-input\":{\"@type\":\"PropertyValueSpecification\",\"valueRequired\":true,\"valueName\":\"search_term_string\"}}],\"inLanguage\":\"de\"},{\"@type\":\"Organization\",\"@id\":\"https:\/\/dutchmicrodosing.com\/de\/#organization\",\"name\":\"Dutchmicrodosing\",\"url\":\"https:\/\/dutchmicrodosing.com\/de\/\",\"logo\":{\"@type\":\"ImageObject\",\"inLanguage\":\"de\",\"@id\":\"https:\/\/dutchmicrodosing.com\/de\/#\/schema\/logo\/image\/\",\"url\":\"https:\/\/dutchmicrodosing.com\/wp-content\/uploads\/2021\/01\/microdosing-categorie-pic-nieuw.jpg\",\"contentUrl\":\"https:\/\/dutchmicrodosing.com\/wp-content\/uploads\/2021\/01\/microdosing-categorie-pic-nieuw.jpg\",\"width\":500,\"height\":500,\"caption\":\"Dutchmicrodosing\"},\"image\":{\"@id\":\"https:\/\/dutchmicrodosing.com\/de\/#\/schema\/logo\/image\/\"},\"sameAs\":[\"https:\/\/www.facebook.com\/Dutchmicrodosingxp\/\",\"https:\/\/www.instagram.com\/dutchmicrodosing\/\"]}]}<\/script>\n<meta property=\"product:price:amount\" content=\"11.95\" \/>\n<meta property=\"product:price:currency\" content=\"EUR\" \/>\n<meta property=\"og:availability\" content=\"instock\" \/>\n<meta property=\"product:availability\" content=\"instock\" \/>\n<meta property=\"product:retailer_item_id\" content=\"9109534\" \/>\n<meta property=\"product:condition\" content=\"new\" \/>\n<!-- \/ Yoast SEO Premium plugin. -->","yoast_head_json":{"title":"Absinth - 60 Kapseln - Dutchmicrodosing","robots":{"index":"index","follow":"follow","max-snippet":"max-snippet:-1","max-image-preview":"max-image-preview:large","max-video-preview":"max-video-preview:-1"},"canonical":"https:\/\/dutchmicrodosing.com\/de\/reformhaus\/entspannende-erganzungen\/absinth-60-caps\/","og_locale":"de_DE","og_type":"article","og_title":"Absinth - 60 Kapseln","og_description":"Absinth-Kapseln von Indian Elements enthalten Extrakte aus dem Wermutkraut (Artemisia Absinthium), das im Laufe der Jahrhunderte einen fast mythischen","og_url":"https:\/\/dutchmicrodosing.com\/de\/reformhaus\/entspannende-erganzungen\/absinth-60-caps\/","og_site_name":"Dutchmicrodosing","article_publisher":"https:\/\/www.facebook.com\/Dutchmicrodosingxp\/","article_modified_time":"2025-08-20T23:55:27+00:00","og_image":[{"width":1000,"height":1000,"url":"https:\/\/dutchmicrodosing.com\/wp-content\/uploads\/2025\/02\/package-absinth-1.png","type":"image\/png"}],"twitter_card":"summary_large_image","schema":{"@context":"https:\/\/schema.org","@graph":[{"@type":"WebPage","@id":"https:\/\/dutchmicrodosing.com\/de\/reformhaus\/entspannende-erganzungen\/absinth-60-caps\/","url":"https:\/\/dutchmicrodosing.com\/de\/reformhaus\/entspannende-erganzungen\/absinth-60-caps\/","name":"Absinth - 60 Kapseln - Dutchmicrodosing","isPartOf":{"@id":"https:\/\/dutchmicrodosing.com\/de\/#website"},"primaryImageOfPage":{"@id":"https:\/\/dutchmicrodosing.com\/de\/reformhaus\/entspannende-erganzungen\/absinth-60-caps\/#primaryimage"},"image":{"@id":"https:\/\/dutchmicrodosing.com\/de\/reformhaus\/entspannende-erganzungen\/absinth-60-caps\/#primaryimage"},"thumbnailUrl":"https:\/\/dutchmicrodosing.com\/wp-content\/uploads\/2025\/02\/package-absinth-1.png","datePublished":"2025-02-01T14:34:04+00:00","dateModified":"2025-08-20T23:55:27+00:00","breadcrumb":{"@id":"https:\/\/dutchmicrodosing.com\/de\/reformhaus\/entspannende-erganzungen\/absinth-60-caps\/#breadcrumb"},"inLanguage":"de","potentialAction":[{"@type":"ReadAction","target":["https:\/\/dutchmicrodosing.com\/de\/reformhaus\/entspannende-erganzungen\/absinth-60-caps\/"]}]},{"@type":"ImageObject","inLanguage":"de","@id":"https:\/\/dutchmicrodosing.com\/de\/reformhaus\/entspannende-erganzungen\/absinth-60-caps\/#primaryimage","url":"https:\/\/dutchmicrodosing.com\/wp-content\/uploads\/2025\/02\/package-absinth-1.png","contentUrl":"https:\/\/dutchmicrodosing.com\/wp-content\/uploads\/2025\/02\/package-absinth-1.png","width":1000,"height":1000},{"@type":"BreadcrumbList","@id":"https:\/\/dutchmicrodosing.com\/de\/reformhaus\/entspannende-erganzungen\/absinth-60-caps\/#breadcrumb","itemListElement":[{"@type":"ListItem","position":1,"name":"Home","item":"https:\/\/dutchmicrodosing.com\/de\/"},{"@type":"ListItem","position":2,"name":"Shop","item":"https:\/\/dutchmicrodosing.com\/de\/shop\/"},{"@type":"ListItem","position":3,"name":"Absinth &#8211; 60 Kapseln"}]},{"@type":"WebSite","@id":"https:\/\/dutchmicrodosing.com\/de\/#website","url":"https:\/\/dutchmicrodosing.com\/de\/","name":"Dutchmicrodosing","description":"","publisher":{"@id":"https:\/\/dutchmicrodosing.com\/de\/#organization"},"potentialAction":[{"@type":"SearchAction","target":{"@type":"EntryPoint","urlTemplate":"https:\/\/dutchmicrodosing.com\/de\/?s={search_term_string}"},"query-input":{"@type":"PropertyValueSpecification","valueRequired":true,"valueName":"search_term_string"}}],"inLanguage":"de"},{"@type":"Organization","@id":"https:\/\/dutchmicrodosing.com\/de\/#organization","name":"Dutchmicrodosing","url":"https:\/\/dutchmicrodosing.com\/de\/","logo":{"@type":"ImageObject","inLanguage":"de","@id":"https:\/\/dutchmicrodosing.com\/de\/#\/schema\/logo\/image\/","url":"https:\/\/dutchmicrodosing.com\/wp-content\/uploads\/2021\/01\/microdosing-categorie-pic-nieuw.jpg","contentUrl":"https:\/\/dutchmicrodosing.com\/wp-content\/uploads\/2021\/01\/microdosing-categorie-pic-nieuw.jpg","width":500,"height":500,"caption":"Dutchmicrodosing"},"image":{"@id":"https:\/\/dutchmicrodosing.com\/de\/#\/schema\/logo\/image\/"},"sameAs":["https:\/\/www.facebook.com\/Dutchmicrodosingxp\/","https:\/\/www.instagram.com\/dutchmicrodosing\/"]}]},"product_price_amount":"11.95","product_price_currency":"EUR","og_availability":"instock","product_availability":"instock","product_retailer_item_id":"9109534","product_condition":"new"},"_links":{"self":[{"href":"https:\/\/dutchmicrodosing.com\/de\/wp-json\/wp\/v2\/product\/44941","targetHints":{"allow":["GET"]}}],"collection":[{"href":"https:\/\/dutchmicrodosing.com\/de\/wp-json\/wp\/v2\/product"}],"about":[{"href":"https:\/\/dutchmicrodosing.com\/de\/wp-json\/wp\/v2\/types\/product"}],"replies":[{"embeddable":true,"href":"https:\/\/dutchmicrodosing.com\/de\/wp-json\/wp\/v2\/comments?post=44941"}],"version-history":[{"count":0,"href":"https:\/\/dutchmicrodosing.com\/de\/wp-json\/wp\/v2\/product\/44941\/revisions"}],"wp:featuredmedia":[{"embeddable":true,"href":"https:\/\/dutchmicrodosing.com\/de\/wp-json\/wp\/v2\/media\/44921"}],"wp:attachment":[{"href":"https:\/\/dutchmicrodosing.com\/de\/wp-json\/wp\/v2\/media?parent=44941"}],"wp:term":[{"taxonomy":"product_brand","embeddable":true,"href":"https:\/\/dutchmicrodosing.com\/de\/wp-json\/wp\/v2\/product_brand?post=44941"},{"taxonomy":"product_cat","embeddable":true,"href":"https:\/\/dutchmicrodosing.com\/de\/wp-json\/wp\/v2\/product_cat?post=44941"},{"taxonomy":"product_tag","embeddable":true,"href":"https:\/\/dutchmicrodosing.com\/de\/wp-json\/wp\/v2\/product_tag?post=44941"}],"curies":[{"name":"wp","href":"https:\/\/api.w.org\/{rel}","templated":true}]}}