{"id":4509,"date":"2020-10-11T12:34:33","date_gmt":"2020-10-11T10:34:33","guid":{"rendered":"https:\/\/dutchmicrodosing.com\/shop\/unkategorisiert\/microdosingxp-5er-pack\/"},"modified":"2025-11-20T11:18:57","modified_gmt":"2025-11-20T10:18:57","slug":"mikrodosierung-5er-pack","status":"publish","type":"product","link":"https:\/\/dutchmicrodosing.com\/de\/mikrodosierung\/mikrodosierung-5er-pack\/","title":{"rendered":"MicrodosingXP &#8211; 5er-Pack"},"content":{"rendered":"<p style=\"text-align: left;\">Die <strong>XP Microdosing Tr\u00fcffel<\/strong> werden von Experten mit jahrzehntelanger Erfahrung in der Kultivierung von Psilocybin-Tr\u00fcffeln hergestellt. Die Qualit\u00e4t der Produkte von XP Microdosing truffles kann als hervorragend bezeichnet werden. Diese magischen Tr\u00fcffel sind 100% biologisch und frei von Pestiziden und Chemikalien.<\/p>\n<h3>Inhaltsstoffe<\/h3>\n<p>6 x 1 Gramm Psilocybin-Tr\u00fcffel. Jede Dosis von 1 Gramm enth\u00e4lt +\/- 1mg Psilocybin.<\/p>\n<h3>Inhalt<\/h3>\n<p>5 x Microdosing XP Tr\u00fcffelpackungen mit je 6 x 1 Gramm Psilocybin Tr\u00fcffel. Gewicht der Tr\u00fcffel insgesamt 30 Gramm. Diese XP Mikrodosierung &#8211; 5er-Packung ist gut f\u00fcr eine Kur von 60 Tagen.<\/p>\n<h3>Verwenden Sie<\/h3>\n<p>Bei der Mikrodosierung werden periodisch kleine Mengen der Substanz Psilcybin eingenommen. Da die Dosen der Tr\u00fcffel klein sind, werden keine schweren Wirkungen empfunden oder wahrgenommen. Um die beste Wirkung zu erzielen, empfehlen wir, die Mikrodosis Tr\u00fcffel morgens auf n\u00fcchternen Magen zu konsumieren.<\/p>\n<ul>\n<li>Tag 1: 1 Dosis von 1 gr.<\/li>\n<li>Tag 2: Keine Dosis, Ruhe<\/li>\n<li>Tag 3: 1 Dosis von 1gr<\/li>\n<li>Tag 4: Keine Dosis, Ruhe<\/li>\n<li>Tag 5: 1 Dosis von 1gr<\/li>\n<li>Tag 6: Keine Dosis, Ruhe<\/li>\n<li>Tag 7: 1 Dosis von 1gr<\/li>\n<li>Tag 8: Beginn bei Tag 1<\/li>\n<\/ul>\n<p>Das <a href=\"https:\/\/dutchmicrodosing.com\/de\/mikrodosierungsroutine\/\">Dosierungsschema<\/a> ist ein Zyklus, der kontinuierlich wiederholt wird, bis die gew\u00fcnschte Anzahl von Wochen der Kur erreicht ist. Sie nehmen die XP Mikrodosiertr\u00fcffel 1 bis 2 Monate ein. Danach machen Sie eine Pause von 2 bis 4 Wochen. Eine Mikrodosis wird Sie nicht trippig machen oder halluzinieren. Man kann jedoch subtile Effekte beobachten.<\/p>\n<h3>Hinweise zur Lagerung<\/h3>\n<p>Lagern Sie Ihre Microdosing XP Tr\u00fcffel in einem K\u00fchlschrank bei einer Temperatur von 2 bis 4 Grad Celsius. Achten Sie auf das auf der Verpackung angegebene Verfallsdatum, um zu sehen, wie lange sie haltbar sind. Die Tr\u00fcffel sind 9 bis 12 Wochen haltbar.<\/p>\n<h3>WICHTIG<\/h3>\n<p>Verwenden Sie keine XP Microdosing Tr\u00fcffel:<\/p>\n<ul>\n<li>In Kombination mit Alkohol oder anderen Drogen<\/li>\n<li>Wenn Sie schwanger sind oder stillen<\/li>\n<li>In Kombination mit Lithiumcarbonat<\/li>\n<li>Im Falle einer geistigen oder k\u00f6rperlichen St\u00f6rung und\/oder Krankheit<\/li>\n<li>Im Falle von Farbenblindheit<\/li>\n<\/ul>\n","protected":false},"excerpt":{"rendered":"<p>Die XP Microdosing Tr\u00fcffel werden von Experten mit jahrzehntelanger Erfahrung in der Kultivierung von Psilocybin-Tr\u00fcffeln hergestellt. Die Qualit\u00e4t der Produkte von XP Microdosing truffles kann als hervorragend bezeichnet werden. Diese magischen Tr\u00fcffel sind 100% biologisch und frei von Pestiziden und Chemikalien. Inhaltsstoffe 6 x 1 Gramm Psilocybin-Tr\u00fcffel. Jede Dosis von 1 Gramm enth\u00e4lt +\/- 1mg [&hellip;]<\/p>\n","protected":false},"featured_media":3623,"comment_status":"open","ping_status":"closed","template":"","meta":[],"product_brand":[],"product_cat":[111,317],"product_tag":[],"class_list":{"0":"post-4509","1":"product","2":"type-product","3":"status-publish","4":"has-post-thumbnail","6":"product_cat-mikrodosierung","7":"product_cat-kreativitatserganzungsmittel","9":"first","10":"instock","11":"taxable","12":"shipping-taxable","13":"purchasable","14":"product-type-simple"},"yoast_head":"<!-- This site is optimized with the Yoast SEO Premium plugin v26.4 (Yoast SEO v27.2) - https:\/\/yoast.com\/product\/yoast-seo-premium-wordpress\/ -->\n<title>Microdosing XP 5er-Pack kaufen | Bestellt vor 16:00 Uhr Heute bestellt<\/title>\n<meta name=\"description\" content=\"Microdosing XP Tr\u00fcffel kaufen? Offizieller MicrodosingXP-H\u00e4ndler 30 x 1 Gramm frische Microdosing-Tr\u00fcffel diskret verschickt.\" \/>\n<meta name=\"robots\" content=\"index, follow, max-snippet:-1, max-image-preview:large, max-video-preview:-1\" \/>\n<link rel=\"canonical\" href=\"https:\/\/dutchmicrodosing.com\/de\/mikrodosierung\/mikrodosierung-5er-pack\/\" \/>\n<meta property=\"og:locale\" content=\"de_DE\" \/>\n<meta property=\"og:type\" content=\"article\" \/>\n<meta property=\"og:title\" content=\"MicrodosingXP - 5er-Pack\" \/>\n<meta property=\"og:description\" content=\"Die XP Microdosing Tr\u00fcffel werden von Experten mit jahrzehntelanger Erfahrung in der Kultivierung von Psilocybin-Tr\u00fcffeln hergestellt. Die Qualit\u00e4t der\" \/>\n<meta property=\"og:url\" content=\"https:\/\/dutchmicrodosing.com\/de\/mikrodosierung\/mikrodosierung-5er-pack\/\" \/>\n<meta property=\"og:site_name\" content=\"Dutchmicrodosing\" \/>\n<meta property=\"article:publisher\" content=\"https:\/\/www.facebook.com\/Dutchmicrodosingxp\/\" \/>\n<meta property=\"article:modified_time\" content=\"2025-11-20T10:18:57+00:00\" \/>\n<meta property=\"og:image\" content=\"https:\/\/dutchmicrodosing.com\/wp-content\/uploads\/2020\/10\/MicrodosingXP_mockups_5pack.jpg\" \/>\n\t<meta property=\"og:image:width\" content=\"500\" \/>\n\t<meta property=\"og:image:height\" content=\"500\" \/>\n\t<meta property=\"og:image:type\" content=\"image\/jpeg\" \/>\n<meta name=\"twitter:card\" content=\"summary_large_image\" \/>\n<script type=\"application\/ld+json\" class=\"yoast-schema-graph\">{\"@context\":\"https:\/\/schema.org\",\"@graph\":[{\"@type\":\"WebPage\",\"@id\":\"https:\/\/dutchmicrodosing.com\/de\/mikrodosierung\/mikrodosierung-5er-pack\/\",\"url\":\"https:\/\/dutchmicrodosing.com\/de\/mikrodosierung\/mikrodosierung-5er-pack\/\",\"name\":\"Microdosing XP 5er-Pack kaufen | Bestellt vor 16:00 Uhr Heute bestellt\",\"isPartOf\":{\"@id\":\"https:\/\/dutchmicrodosing.com\/de\/#website\"},\"primaryImageOfPage\":{\"@id\":\"https:\/\/dutchmicrodosing.com\/de\/mikrodosierung\/mikrodosierung-5er-pack\/#primaryimage\"},\"image\":{\"@id\":\"https:\/\/dutchmicrodosing.com\/de\/mikrodosierung\/mikrodosierung-5er-pack\/#primaryimage\"},\"thumbnailUrl\":\"https:\/\/dutchmicrodosing.com\/wp-content\/uploads\/2020\/10\/MicrodosingXP_mockups_5pack.jpg\",\"datePublished\":\"2020-10-11T10:34:33+00:00\",\"dateModified\":\"2025-11-20T10:18:57+00:00\",\"description\":\"Microdosing XP Tr\u00fcffel kaufen? Offizieller MicrodosingXP-H\u00e4ndler 30 x 1 Gramm frische Microdosing-Tr\u00fcffel diskret verschickt.\",\"breadcrumb\":{\"@id\":\"https:\/\/dutchmicrodosing.com\/de\/mikrodosierung\/mikrodosierung-5er-pack\/#breadcrumb\"},\"inLanguage\":\"de\",\"potentialAction\":[{\"@type\":\"ReadAction\",\"target\":[\"https:\/\/dutchmicrodosing.com\/de\/mikrodosierung\/mikrodosierung-5er-pack\/\"]}]},{\"@type\":\"ImageObject\",\"inLanguage\":\"de\",\"@id\":\"https:\/\/dutchmicrodosing.com\/de\/mikrodosierung\/mikrodosierung-5er-pack\/#primaryimage\",\"url\":\"https:\/\/dutchmicrodosing.com\/wp-content\/uploads\/2020\/10\/MicrodosingXP_mockups_5pack.jpg\",\"contentUrl\":\"https:\/\/dutchmicrodosing.com\/wp-content\/uploads\/2020\/10\/MicrodosingXP_mockups_5pack.jpg\",\"width\":500,\"height\":500},{\"@type\":\"BreadcrumbList\",\"@id\":\"https:\/\/dutchmicrodosing.com\/de\/mikrodosierung\/mikrodosierung-5er-pack\/#breadcrumb\",\"itemListElement\":[{\"@type\":\"ListItem\",\"position\":1,\"name\":\"Home\",\"item\":\"https:\/\/dutchmicrodosing.com\/de\/\"},{\"@type\":\"ListItem\",\"position\":2,\"name\":\"Shop\",\"item\":\"https:\/\/dutchmicrodosing.com\/de\/shop\/\"},{\"@type\":\"ListItem\",\"position\":3,\"name\":\"MicrodosingXP &#8211; 5er-Pack\"}]},{\"@type\":\"WebSite\",\"@id\":\"https:\/\/dutchmicrodosing.com\/de\/#website\",\"url\":\"https:\/\/dutchmicrodosing.com\/de\/\",\"name\":\"Dutchmicrodosing\",\"description\":\"\",\"publisher\":{\"@id\":\"https:\/\/dutchmicrodosing.com\/de\/#organization\"},\"potentialAction\":[{\"@type\":\"SearchAction\",\"target\":{\"@type\":\"EntryPoint\",\"urlTemplate\":\"https:\/\/dutchmicrodosing.com\/de\/?s={search_term_string}\"},\"query-input\":{\"@type\":\"PropertyValueSpecification\",\"valueRequired\":true,\"valueName\":\"search_term_string\"}}],\"inLanguage\":\"de\"},{\"@type\":\"Organization\",\"@id\":\"https:\/\/dutchmicrodosing.com\/de\/#organization\",\"name\":\"Dutchmicrodosing\",\"url\":\"https:\/\/dutchmicrodosing.com\/de\/\",\"logo\":{\"@type\":\"ImageObject\",\"inLanguage\":\"de\",\"@id\":\"https:\/\/dutchmicrodosing.com\/de\/#\/schema\/logo\/image\/\",\"url\":\"https:\/\/dutchmicrodosing.com\/wp-content\/uploads\/2021\/01\/microdosing-categorie-pic-nieuw.jpg\",\"contentUrl\":\"https:\/\/dutchmicrodosing.com\/wp-content\/uploads\/2021\/01\/microdosing-categorie-pic-nieuw.jpg\",\"width\":500,\"height\":500,\"caption\":\"Dutchmicrodosing\"},\"image\":{\"@id\":\"https:\/\/dutchmicrodosing.com\/de\/#\/schema\/logo\/image\/\"},\"sameAs\":[\"https:\/\/www.facebook.com\/Dutchmicrodosingxp\/\",\"https:\/\/www.instagram.com\/dutchmicrodosing\/\"]}]}<\/script>\n<meta property=\"product:price:amount\" content=\"29.95\" \/>\n<meta property=\"product:price:currency\" content=\"EUR\" \/>\n<meta property=\"og:availability\" content=\"instock\" \/>\n<meta property=\"product:availability\" content=\"instock\" \/>\n<meta property=\"product:retailer_item_id\" content=\"0210212\" \/>\n<meta property=\"product:condition\" content=\"new\" \/>\n<!-- \/ Yoast SEO Premium plugin. -->","yoast_head_json":{"title":"Microdosing XP 5er-Pack kaufen | Bestellt vor 16:00 Uhr Heute bestellt","description":"Microdosing XP Tr\u00fcffel kaufen? Offizieller MicrodosingXP-H\u00e4ndler 30 x 1 Gramm frische Microdosing-Tr\u00fcffel diskret verschickt.","robots":{"index":"index","follow":"follow","max-snippet":"max-snippet:-1","max-image-preview":"max-image-preview:large","max-video-preview":"max-video-preview:-1"},"canonical":"https:\/\/dutchmicrodosing.com\/de\/mikrodosierung\/mikrodosierung-5er-pack\/","og_locale":"de_DE","og_type":"article","og_title":"MicrodosingXP - 5er-Pack","og_description":"Die XP Microdosing Tr\u00fcffel werden von Experten mit jahrzehntelanger Erfahrung in der Kultivierung von Psilocybin-Tr\u00fcffeln hergestellt. Die Qualit\u00e4t der","og_url":"https:\/\/dutchmicrodosing.com\/de\/mikrodosierung\/mikrodosierung-5er-pack\/","og_site_name":"Dutchmicrodosing","article_publisher":"https:\/\/www.facebook.com\/Dutchmicrodosingxp\/","article_modified_time":"2025-11-20T10:18:57+00:00","og_image":[{"width":500,"height":500,"url":"https:\/\/dutchmicrodosing.com\/wp-content\/uploads\/2020\/10\/MicrodosingXP_mockups_5pack.jpg","type":"image\/jpeg"}],"twitter_card":"summary_large_image","schema":{"@context":"https:\/\/schema.org","@graph":[{"@type":"WebPage","@id":"https:\/\/dutchmicrodosing.com\/de\/mikrodosierung\/mikrodosierung-5er-pack\/","url":"https:\/\/dutchmicrodosing.com\/de\/mikrodosierung\/mikrodosierung-5er-pack\/","name":"Microdosing XP 5er-Pack kaufen | Bestellt vor 16:00 Uhr Heute bestellt","isPartOf":{"@id":"https:\/\/dutchmicrodosing.com\/de\/#website"},"primaryImageOfPage":{"@id":"https:\/\/dutchmicrodosing.com\/de\/mikrodosierung\/mikrodosierung-5er-pack\/#primaryimage"},"image":{"@id":"https:\/\/dutchmicrodosing.com\/de\/mikrodosierung\/mikrodosierung-5er-pack\/#primaryimage"},"thumbnailUrl":"https:\/\/dutchmicrodosing.com\/wp-content\/uploads\/2020\/10\/MicrodosingXP_mockups_5pack.jpg","datePublished":"2020-10-11T10:34:33+00:00","dateModified":"2025-11-20T10:18:57+00:00","description":"Microdosing XP Tr\u00fcffel kaufen? Offizieller MicrodosingXP-H\u00e4ndler 30 x 1 Gramm frische Microdosing-Tr\u00fcffel diskret verschickt.","breadcrumb":{"@id":"https:\/\/dutchmicrodosing.com\/de\/mikrodosierung\/mikrodosierung-5er-pack\/#breadcrumb"},"inLanguage":"de","potentialAction":[{"@type":"ReadAction","target":["https:\/\/dutchmicrodosing.com\/de\/mikrodosierung\/mikrodosierung-5er-pack\/"]}]},{"@type":"ImageObject","inLanguage":"de","@id":"https:\/\/dutchmicrodosing.com\/de\/mikrodosierung\/mikrodosierung-5er-pack\/#primaryimage","url":"https:\/\/dutchmicrodosing.com\/wp-content\/uploads\/2020\/10\/MicrodosingXP_mockups_5pack.jpg","contentUrl":"https:\/\/dutchmicrodosing.com\/wp-content\/uploads\/2020\/10\/MicrodosingXP_mockups_5pack.jpg","width":500,"height":500},{"@type":"BreadcrumbList","@id":"https:\/\/dutchmicrodosing.com\/de\/mikrodosierung\/mikrodosierung-5er-pack\/#breadcrumb","itemListElement":[{"@type":"ListItem","position":1,"name":"Home","item":"https:\/\/dutchmicrodosing.com\/de\/"},{"@type":"ListItem","position":2,"name":"Shop","item":"https:\/\/dutchmicrodosing.com\/de\/shop\/"},{"@type":"ListItem","position":3,"name":"MicrodosingXP &#8211; 5er-Pack"}]},{"@type":"WebSite","@id":"https:\/\/dutchmicrodosing.com\/de\/#website","url":"https:\/\/dutchmicrodosing.com\/de\/","name":"Dutchmicrodosing","description":"","publisher":{"@id":"https:\/\/dutchmicrodosing.com\/de\/#organization"},"potentialAction":[{"@type":"SearchAction","target":{"@type":"EntryPoint","urlTemplate":"https:\/\/dutchmicrodosing.com\/de\/?s={search_term_string}"},"query-input":{"@type":"PropertyValueSpecification","valueRequired":true,"valueName":"search_term_string"}}],"inLanguage":"de"},{"@type":"Organization","@id":"https:\/\/dutchmicrodosing.com\/de\/#organization","name":"Dutchmicrodosing","url":"https:\/\/dutchmicrodosing.com\/de\/","logo":{"@type":"ImageObject","inLanguage":"de","@id":"https:\/\/dutchmicrodosing.com\/de\/#\/schema\/logo\/image\/","url":"https:\/\/dutchmicrodosing.com\/wp-content\/uploads\/2021\/01\/microdosing-categorie-pic-nieuw.jpg","contentUrl":"https:\/\/dutchmicrodosing.com\/wp-content\/uploads\/2021\/01\/microdosing-categorie-pic-nieuw.jpg","width":500,"height":500,"caption":"Dutchmicrodosing"},"image":{"@id":"https:\/\/dutchmicrodosing.com\/de\/#\/schema\/logo\/image\/"},"sameAs":["https:\/\/www.facebook.com\/Dutchmicrodosingxp\/","https:\/\/www.instagram.com\/dutchmicrodosing\/"]}]},"product_price_amount":"29.95","product_price_currency":"EUR","og_availability":"instock","product_availability":"instock","product_retailer_item_id":"0210212","product_condition":"new"},"_links":{"self":[{"href":"https:\/\/dutchmicrodosing.com\/de\/wp-json\/wp\/v2\/product\/4509","targetHints":{"allow":["GET"]}}],"collection":[{"href":"https:\/\/dutchmicrodosing.com\/de\/wp-json\/wp\/v2\/product"}],"about":[{"href":"https:\/\/dutchmicrodosing.com\/de\/wp-json\/wp\/v2\/types\/product"}],"replies":[{"embeddable":true,"href":"https:\/\/dutchmicrodosing.com\/de\/wp-json\/wp\/v2\/comments?post=4509"}],"version-history":[{"count":1,"href":"https:\/\/dutchmicrodosing.com\/de\/wp-json\/wp\/v2\/product\/4509\/revisions"}],"predecessor-version":[{"id":62625,"href":"https:\/\/dutchmicrodosing.com\/de\/wp-json\/wp\/v2\/product\/4509\/revisions\/62625"}],"wp:featuredmedia":[{"embeddable":true,"href":"https:\/\/dutchmicrodosing.com\/de\/wp-json\/wp\/v2\/media\/3623"}],"wp:attachment":[{"href":"https:\/\/dutchmicrodosing.com\/de\/wp-json\/wp\/v2\/media?parent=4509"}],"wp:term":[{"taxonomy":"product_brand","embeddable":true,"href":"https:\/\/dutchmicrodosing.com\/de\/wp-json\/wp\/v2\/product_brand?post=4509"},{"taxonomy":"product_cat","embeddable":true,"href":"https:\/\/dutchmicrodosing.com\/de\/wp-json\/wp\/v2\/product_cat?post=4509"},{"taxonomy":"product_tag","embeddable":true,"href":"https:\/\/dutchmicrodosing.com\/de\/wp-json\/wp\/v2\/product_tag?post=4509"}],"curies":[{"name":"wp","href":"https:\/\/api.w.org\/{rel}","templated":true}]}}