{"id":4522,"date":"2021-03-22T19:28:28","date_gmt":"2021-03-22T18:28:28","guid":{"rendered":"https:\/\/dutchmicrodosing.com\/shop\/niet-gecategoriseerd\/chaga-inonotus-obliquus-120-kapseln\/"},"modified":"2025-09-23T18:51:59","modified_gmt":"2025-09-23T16:51:59","slug":"chaga-inonotus-obliquus-120-kapseln","status":"publish","type":"product","link":"https:\/\/dutchmicrodosing.com\/de\/medizinische-pilze\/chaga-inonotus-obliquus-120-kapseln\/","title":{"rendered":"Chaga (Inonotus Obliquus)-120 Kapseln"},"content":{"rendered":"<p>Pilze k\u00f6nnen helfen, Ihre Gesundheit zu f\u00f6rdern und Chaga als Erg\u00e4nzung sollte auf jeden Fall in Ihrer Hausapotheke enthalten sein. Dieser Pilz kann m\u00f6glicherweise bei Krebs und Diabetes helfen und kann Ihre Widerstandskraft aufrechterhalten. In Russland und China ist Chaga als Superfood bekannt, das bei allerlei Beschwerden eingesetzt werden kann. Wenn Sie Ihre Gesundheit mit nat\u00fcrlichen Heilmitteln unterst\u00fctzen wollen, dann ist Chaga eine ausgezeichnete Wahl.<\/p>\n<h2>Chaga: Wof\u00fcr kann man es verwenden?<\/h2>\n<p>Die Naturv\u00f6lker haben ein enormes Wissen \u00fcber die Heilkr\u00e4fte von Pflanzen, Kr\u00e4utern und Pilzen. Sie verwenden Chaga seit Tausenden von Jahren und sehen es als ein wichtiges Mittel zur Verbesserung ihrer Gesundheit. In Russland verwenden sie es als entz\u00fcndungshemmendes Mittel und behandeln damit Hautprobleme. In China ist Chaga das ideale Mittel, um das Chi (Lebensenergie) zu st\u00e4rken.<\/p>\n<p>Der Chaga ist haupts\u00e4chlich im Norden der Welt zu finden. Sie finden es in Russland, Kanada, Amerika und im Nordosten Europas. Der Chaga ist kein sch\u00f6ner Pilz: Er w\u00e4chst als unansehnlicher knorriger Klumpen auf Birken. Zum Gl\u00fcck sagt das \u00c4u\u00dfere nichts \u00fcber das Innere aus. Chaga von McMyco hat besonders starke Eigenschaften.<\/p>\n<p>Sie k\u00f6nnen es verwenden bei:<\/p>\n<ul>\n<li>Widerstandsunterst\u00fctzung<\/li>\n<li>Krebs (hat Anti-Krebs-Eigenschaften)<\/li>\n<li>Diabetes<\/li>\n<li>Beschwerden \u00e4lterer Menschen<\/li>\n<\/ul>\n<h2>Chaga und seine Auswirkungen auf den K\u00f6rper<\/h2>\n<h3>Unterst\u00fctzt den Widerstand<\/h3>\n<p>Wenn Eindringlinge von au\u00dfen Ihren K\u00f6rper angreifen (Viren, Bakterien oder Pilze), ist es Ihr Immunsystem, das Sie sch\u00fctzt. Sie ist die Verteidigungslinie, die daf\u00fcr sorgt, dass diese Eindringlinge zur\u00fcckgeschlagen werden. Dazu brauchen Sie Mikron\u00e4hrstoffe aus der Nahrung, damit Ihre Abwehrkr\u00e4fte auf einem guten Niveau bleiben. Eine Erg\u00e4nzung wie McMyco Chaga kann genau das sein, was Sie brauchen.<\/p>\n<p>Chaga ist reich an hochkomplexen, nicht-linearen Polysacchariden, die eine starke Resistenzunterst\u00fctzung bieten k\u00f6nnen. Es sind langkettige Polysaccharide, die immunst\u00e4rkend wirken. Ein Beispiel f\u00fcr ein solches Polysaccharid sind Beta-Glucane, die Ihren K\u00f6rper dazu bringen k\u00f6nnen, nat\u00fcrliche Killerzellen zu produzieren. Diese sind nicht nur f\u00fcr die Bek\u00e4mpfung von Eindringlingen von au\u00dfen zust\u00e4ndig, sondern wirken auch der Bildung von Tumoren entgegen.<\/p>\n<p>Andere Substanzen im Chaga, die helfen k\u00f6nnen, Ihre Resistenz zu unterst\u00fctzen, sind Ergosterol, Episterol und Betulins\u00e4ure. Jede dieser Substanzen hat einen positiven Effekt auf das Immunsystem, aber wenn sie gleichzeitig eingenommen werden, haben sie eine regulierende Wirkung auf die Abwehrkr\u00e4fte. So k\u00f6nnen sie helfen, den K\u00f6rper fit zu halten und ihn vor Krankheiten zu sch\u00fctzen.<\/p>\n<h3>Wirkt gegen Krebszellen<\/h3>\n<p>Die Wissenschaft entdeckt mehr und mehr, was Heilpilze im Krankheitsfall leisten k\u00f6nnen. Chaga scheint laut Forschung in der Lage zu sein, gegen Krebszellen eingesetzt zu werden. Die Einnahme von Chaga kann z.B. bei Brust-, Leber- und Magenkrebs hilfreich sein. Die Substanzen in Chaga k\u00f6nnen das Wachstum von Tumoren verlangsamen, indem sie die Produktion von nat\u00fcrlichen Killerzellen stimulieren.<\/p>\n<p>Ein weiterer Grund, warum eine Erg\u00e4nzung von Chaga bei Krebs helfen kann, ist, dass es bestimmte Substanzen enth\u00e4lt, die Krebszellen zur Apoptose (Zelltod) veranlassen k\u00f6nnen. Diese b\u00f6sartigen Zellen zerst\u00f6ren sich dann selbst. Diese Eigenschaften machen Chaga zu einem einzigartigen und kraftvollen Mittel gegen Krebs.<\/p>\n<h3>Chaga bei Altersbeschwerden<\/h3>\n<p>Mit zunehmendem Alter k\u00f6nnen bestimmte Symptome auftreten, wie z. B. schmerzende Gelenke oder ein schlechteres Arbeitsged\u00e4chtnis. Durch die Einnahme eines Nahrungserg\u00e4nzungsmittels wie Chaga, k\u00f6nnen Sie diesen Prozess verlangsamen. Die Sch\u00e4den, die mit zunehmendem Alter auftreten, werden u.a. durch freie Radikale verursacht. Chaga ist reich an Antioxidantien, die diese freien Radikale aus unserem K\u00f6rper entfernen k\u00f6nnen.<\/p>\n<p>Zum Beispiel enth\u00e4lt es eine sehr gro\u00dfe Menge an Superoxid-Dismutase, ein Antioxidans, das die gef\u00e4hrlichsten freien Radikale neutralisieren kann. Der Chaga enth\u00e4lt \u00fcber 25 Mal mehr von dieser Substanz als andere Heilpilze. Das macht ihn also wirklich empfehlenswert bei Altersbeschwerden.<\/p>\n<h2>McMyco&#8217;s Chaga online kaufen<\/h2>\n<p>Mit dem Chaga von Mymcyo haben Sie alles, was Sie brauchen, um Ihre Gesundheit zu st\u00e4rken. Versorgen Sie Ihren K\u00f6rper mit allen Substanzen, die er braucht, mit Chaga. Chaga ist sicher in der Anwendung. Es wird jedoch empfohlen, Chaga nicht zu verwenden, wenn Sie schwanger sind oder stillen. Auch nicht, wenn Sie Blutverd\u00fcnner nehmen, Medikamente gegen Diabetes einnehmen oder eine Autoimmunerkrankung haben. Nat\u00fcrlich k\u00f6nnen Sie diese Erg\u00e4nzung ganz einfach in unserem Webshop kaufen. Eine Packung enth\u00e4lt 120 Kapseln.<\/p>\n<p><strong>Zutaten:<\/strong><\/p>\n<p>Pro pflanzliche Zellulosekapsel: 400 mg organischer Chaga (Inonotus obliquus) Extrakt aus 100% Fruchtk\u00f6rper (Sklerotien). Es ist ein Vollspektrumextrakt, der mittels H2O und Ethanol gewonnen wird. Dies dient dazu, das Beste aus den Fruchtk\u00f6rpern herauszuholen. Es enth\u00e4lt 35% Polysaccharide, Betulin, Betulins\u00e4ure und Sterole.<\/p>\n<p>Hilfsstoffe: Magnesiumcitrat und Siliciumdioxid<br \/>\nDosierung: 2 x t\u00e4glich 1 Kapsel zu den Mahlzeiten mit Wasser.<br \/>\nInhalt : 120 Kapseln<br \/>\nLagerhinweis: K\u00fchl und dunkel lagern.<\/p>\n","protected":false},"excerpt":{"rendered":"<p>Pilze k\u00f6nnen helfen, Ihre Gesundheit zu f\u00f6rdern und Chaga als Erg\u00e4nzung sollte auf jeden Fall in Ihrer Hausapotheke enthalten sein. Dieser Pilz kann m\u00f6glicherweise bei Krebs und Diabetes helfen und kann Ihre Widerstandskraft aufrechterhalten. In Russland und China ist Chaga als Superfood bekannt, das bei allerlei Beschwerden eingesetzt werden kann. Wenn Sie Ihre Gesundheit mit [&hellip;]<\/p>\n","protected":false},"featured_media":3535,"comment_status":"open","ping_status":"closed","template":"","meta":[],"product_brand":[],"product_cat":[114,293],"product_tag":[],"class_list":{"0":"post-4522","1":"product","2":"type-product","3":"status-publish","4":"has-post-thumbnail","6":"product_cat-medizinische-pilze","7":"product_cat-erganzungen-fur-das-immunsystem","9":"first","10":"instock","11":"taxable","12":"shipping-taxable","13":"purchasable","14":"product-type-simple"},"yoast_head":"<!-- This site is optimized with the Yoast SEO Premium plugin v26.4 (Yoast SEO v27.2) - https:\/\/yoast.com\/product\/yoast-seo-premium-wordpress\/ -->\n<title>Chaga (Inonotus Obliquus)-120 Kapseln - Dutchmicrodosing<\/title>\n<meta name=\"robots\" content=\"index, follow, max-snippet:-1, max-image-preview:large, max-video-preview:-1\" \/>\n<link rel=\"canonical\" href=\"https:\/\/dutchmicrodosing.com\/de\/medizinische-pilze\/chaga-inonotus-obliquus-120-kapseln\/\" \/>\n<meta property=\"og:locale\" content=\"de_DE\" \/>\n<meta property=\"og:type\" content=\"article\" \/>\n<meta property=\"og:title\" content=\"Chaga (Inonotus Obliquus)-120 Kapseln\" \/>\n<meta property=\"og:description\" content=\"Pilze k\u00f6nnen helfen, Ihre Gesundheit zu f\u00f6rdern und Chaga als Erg\u00e4nzung sollte auf jeden Fall in Ihrer Hausapotheke enthalten sein. Dieser Pilz kann\" \/>\n<meta property=\"og:url\" content=\"https:\/\/dutchmicrodosing.com\/de\/medizinische-pilze\/chaga-inonotus-obliquus-120-kapseln\/\" \/>\n<meta property=\"og:site_name\" content=\"Dutchmicrodosing\" \/>\n<meta property=\"article:publisher\" content=\"https:\/\/www.facebook.com\/Dutchmicrodosingxp\/\" \/>\n<meta property=\"article:modified_time\" content=\"2025-09-23T16:51:59+00:00\" \/>\n<meta property=\"og:image\" content=\"https:\/\/dutchmicrodosing.com\/wp-content\/uploads\/2021\/03\/Chaga-2-1.jpg\" \/>\n\t<meta property=\"og:image:width\" content=\"1000\" \/>\n\t<meta property=\"og:image:height\" content=\"1000\" \/>\n\t<meta property=\"og:image:type\" content=\"image\/jpeg\" \/>\n<meta name=\"twitter:card\" content=\"summary_large_image\" \/>\n<script type=\"application\/ld+json\" class=\"yoast-schema-graph\">{\"@context\":\"https:\/\/schema.org\",\"@graph\":[{\"@type\":\"WebPage\",\"@id\":\"https:\/\/dutchmicrodosing.com\/de\/medizinische-pilze\/chaga-inonotus-obliquus-120-kapseln\/\",\"url\":\"https:\/\/dutchmicrodosing.com\/de\/medizinische-pilze\/chaga-inonotus-obliquus-120-kapseln\/\",\"name\":\"Chaga (Inonotus Obliquus)-120 Kapseln - Dutchmicrodosing\",\"isPartOf\":{\"@id\":\"https:\/\/dutchmicrodosing.com\/de\/#website\"},\"primaryImageOfPage\":{\"@id\":\"https:\/\/dutchmicrodosing.com\/de\/medizinische-pilze\/chaga-inonotus-obliquus-120-kapseln\/#primaryimage\"},\"image\":{\"@id\":\"https:\/\/dutchmicrodosing.com\/de\/medizinische-pilze\/chaga-inonotus-obliquus-120-kapseln\/#primaryimage\"},\"thumbnailUrl\":\"https:\/\/dutchmicrodosing.com\/wp-content\/uploads\/2021\/03\/Chaga-2-1.jpg\",\"datePublished\":\"2021-03-22T18:28:28+00:00\",\"dateModified\":\"2025-09-23T16:51:59+00:00\",\"breadcrumb\":{\"@id\":\"https:\/\/dutchmicrodosing.com\/de\/medizinische-pilze\/chaga-inonotus-obliquus-120-kapseln\/#breadcrumb\"},\"inLanguage\":\"de\",\"potentialAction\":[{\"@type\":\"ReadAction\",\"target\":[\"https:\/\/dutchmicrodosing.com\/de\/medizinische-pilze\/chaga-inonotus-obliquus-120-kapseln\/\"]}]},{\"@type\":\"ImageObject\",\"inLanguage\":\"de\",\"@id\":\"https:\/\/dutchmicrodosing.com\/de\/medizinische-pilze\/chaga-inonotus-obliquus-120-kapseln\/#primaryimage\",\"url\":\"https:\/\/dutchmicrodosing.com\/wp-content\/uploads\/2021\/03\/Chaga-2-1.jpg\",\"contentUrl\":\"https:\/\/dutchmicrodosing.com\/wp-content\/uploads\/2021\/03\/Chaga-2-1.jpg\",\"width\":1000,\"height\":1000},{\"@type\":\"BreadcrumbList\",\"@id\":\"https:\/\/dutchmicrodosing.com\/de\/medizinische-pilze\/chaga-inonotus-obliquus-120-kapseln\/#breadcrumb\",\"itemListElement\":[{\"@type\":\"ListItem\",\"position\":1,\"name\":\"Home\",\"item\":\"https:\/\/dutchmicrodosing.com\/de\/\"},{\"@type\":\"ListItem\",\"position\":2,\"name\":\"Shop\",\"item\":\"https:\/\/dutchmicrodosing.com\/de\/shop\/\"},{\"@type\":\"ListItem\",\"position\":3,\"name\":\"Chaga (Inonotus Obliquus)-120 Kapseln\"}]},{\"@type\":\"WebSite\",\"@id\":\"https:\/\/dutchmicrodosing.com\/de\/#website\",\"url\":\"https:\/\/dutchmicrodosing.com\/de\/\",\"name\":\"Dutchmicrodosing\",\"description\":\"\",\"publisher\":{\"@id\":\"https:\/\/dutchmicrodosing.com\/de\/#organization\"},\"potentialAction\":[{\"@type\":\"SearchAction\",\"target\":{\"@type\":\"EntryPoint\",\"urlTemplate\":\"https:\/\/dutchmicrodosing.com\/de\/?s={search_term_string}\"},\"query-input\":{\"@type\":\"PropertyValueSpecification\",\"valueRequired\":true,\"valueName\":\"search_term_string\"}}],\"inLanguage\":\"de\"},{\"@type\":\"Organization\",\"@id\":\"https:\/\/dutchmicrodosing.com\/de\/#organization\",\"name\":\"Dutchmicrodosing\",\"url\":\"https:\/\/dutchmicrodosing.com\/de\/\",\"logo\":{\"@type\":\"ImageObject\",\"inLanguage\":\"de\",\"@id\":\"https:\/\/dutchmicrodosing.com\/de\/#\/schema\/logo\/image\/\",\"url\":\"https:\/\/dutchmicrodosing.com\/wp-content\/uploads\/2021\/01\/microdosing-categorie-pic-nieuw.jpg\",\"contentUrl\":\"https:\/\/dutchmicrodosing.com\/wp-content\/uploads\/2021\/01\/microdosing-categorie-pic-nieuw.jpg\",\"width\":500,\"height\":500,\"caption\":\"Dutchmicrodosing\"},\"image\":{\"@id\":\"https:\/\/dutchmicrodosing.com\/de\/#\/schema\/logo\/image\/\"},\"sameAs\":[\"https:\/\/www.facebook.com\/Dutchmicrodosingxp\/\",\"https:\/\/www.instagram.com\/dutchmicrodosing\/\"]}]}<\/script>\n<meta property=\"product:price:amount\" content=\"34.95\" \/>\n<meta property=\"product:price:currency\" content=\"EUR\" \/>\n<meta property=\"og:availability\" content=\"instock\" \/>\n<meta property=\"product:availability\" content=\"instock\" \/>\n<meta property=\"product:retailer_item_id\" content=\"1203167\" \/>\n<meta property=\"product:condition\" content=\"new\" \/>\n<!-- \/ Yoast SEO Premium plugin. -->","yoast_head_json":{"title":"Chaga (Inonotus Obliquus)-120 Kapseln - Dutchmicrodosing","robots":{"index":"index","follow":"follow","max-snippet":"max-snippet:-1","max-image-preview":"max-image-preview:large","max-video-preview":"max-video-preview:-1"},"canonical":"https:\/\/dutchmicrodosing.com\/de\/medizinische-pilze\/chaga-inonotus-obliquus-120-kapseln\/","og_locale":"de_DE","og_type":"article","og_title":"Chaga (Inonotus Obliquus)-120 Kapseln","og_description":"Pilze k\u00f6nnen helfen, Ihre Gesundheit zu f\u00f6rdern und Chaga als Erg\u00e4nzung sollte auf jeden Fall in Ihrer Hausapotheke enthalten sein. Dieser Pilz kann","og_url":"https:\/\/dutchmicrodosing.com\/de\/medizinische-pilze\/chaga-inonotus-obliquus-120-kapseln\/","og_site_name":"Dutchmicrodosing","article_publisher":"https:\/\/www.facebook.com\/Dutchmicrodosingxp\/","article_modified_time":"2025-09-23T16:51:59+00:00","og_image":[{"width":1000,"height":1000,"url":"https:\/\/dutchmicrodosing.com\/wp-content\/uploads\/2021\/03\/Chaga-2-1.jpg","type":"image\/jpeg"}],"twitter_card":"summary_large_image","schema":{"@context":"https:\/\/schema.org","@graph":[{"@type":"WebPage","@id":"https:\/\/dutchmicrodosing.com\/de\/medizinische-pilze\/chaga-inonotus-obliquus-120-kapseln\/","url":"https:\/\/dutchmicrodosing.com\/de\/medizinische-pilze\/chaga-inonotus-obliquus-120-kapseln\/","name":"Chaga (Inonotus Obliquus)-120 Kapseln - Dutchmicrodosing","isPartOf":{"@id":"https:\/\/dutchmicrodosing.com\/de\/#website"},"primaryImageOfPage":{"@id":"https:\/\/dutchmicrodosing.com\/de\/medizinische-pilze\/chaga-inonotus-obliquus-120-kapseln\/#primaryimage"},"image":{"@id":"https:\/\/dutchmicrodosing.com\/de\/medizinische-pilze\/chaga-inonotus-obliquus-120-kapseln\/#primaryimage"},"thumbnailUrl":"https:\/\/dutchmicrodosing.com\/wp-content\/uploads\/2021\/03\/Chaga-2-1.jpg","datePublished":"2021-03-22T18:28:28+00:00","dateModified":"2025-09-23T16:51:59+00:00","breadcrumb":{"@id":"https:\/\/dutchmicrodosing.com\/de\/medizinische-pilze\/chaga-inonotus-obliquus-120-kapseln\/#breadcrumb"},"inLanguage":"de","potentialAction":[{"@type":"ReadAction","target":["https:\/\/dutchmicrodosing.com\/de\/medizinische-pilze\/chaga-inonotus-obliquus-120-kapseln\/"]}]},{"@type":"ImageObject","inLanguage":"de","@id":"https:\/\/dutchmicrodosing.com\/de\/medizinische-pilze\/chaga-inonotus-obliquus-120-kapseln\/#primaryimage","url":"https:\/\/dutchmicrodosing.com\/wp-content\/uploads\/2021\/03\/Chaga-2-1.jpg","contentUrl":"https:\/\/dutchmicrodosing.com\/wp-content\/uploads\/2021\/03\/Chaga-2-1.jpg","width":1000,"height":1000},{"@type":"BreadcrumbList","@id":"https:\/\/dutchmicrodosing.com\/de\/medizinische-pilze\/chaga-inonotus-obliquus-120-kapseln\/#breadcrumb","itemListElement":[{"@type":"ListItem","position":1,"name":"Home","item":"https:\/\/dutchmicrodosing.com\/de\/"},{"@type":"ListItem","position":2,"name":"Shop","item":"https:\/\/dutchmicrodosing.com\/de\/shop\/"},{"@type":"ListItem","position":3,"name":"Chaga (Inonotus Obliquus)-120 Kapseln"}]},{"@type":"WebSite","@id":"https:\/\/dutchmicrodosing.com\/de\/#website","url":"https:\/\/dutchmicrodosing.com\/de\/","name":"Dutchmicrodosing","description":"","publisher":{"@id":"https:\/\/dutchmicrodosing.com\/de\/#organization"},"potentialAction":[{"@type":"SearchAction","target":{"@type":"EntryPoint","urlTemplate":"https:\/\/dutchmicrodosing.com\/de\/?s={search_term_string}"},"query-input":{"@type":"PropertyValueSpecification","valueRequired":true,"valueName":"search_term_string"}}],"inLanguage":"de"},{"@type":"Organization","@id":"https:\/\/dutchmicrodosing.com\/de\/#organization","name":"Dutchmicrodosing","url":"https:\/\/dutchmicrodosing.com\/de\/","logo":{"@type":"ImageObject","inLanguage":"de","@id":"https:\/\/dutchmicrodosing.com\/de\/#\/schema\/logo\/image\/","url":"https:\/\/dutchmicrodosing.com\/wp-content\/uploads\/2021\/01\/microdosing-categorie-pic-nieuw.jpg","contentUrl":"https:\/\/dutchmicrodosing.com\/wp-content\/uploads\/2021\/01\/microdosing-categorie-pic-nieuw.jpg","width":500,"height":500,"caption":"Dutchmicrodosing"},"image":{"@id":"https:\/\/dutchmicrodosing.com\/de\/#\/schema\/logo\/image\/"},"sameAs":["https:\/\/www.facebook.com\/Dutchmicrodosingxp\/","https:\/\/www.instagram.com\/dutchmicrodosing\/"]}]},"product_price_amount":"34.95","product_price_currency":"EUR","og_availability":"instock","product_availability":"instock","product_retailer_item_id":"1203167","product_condition":"new"},"_links":{"self":[{"href":"https:\/\/dutchmicrodosing.com\/de\/wp-json\/wp\/v2\/product\/4522","targetHints":{"allow":["GET"]}}],"collection":[{"href":"https:\/\/dutchmicrodosing.com\/de\/wp-json\/wp\/v2\/product"}],"about":[{"href":"https:\/\/dutchmicrodosing.com\/de\/wp-json\/wp\/v2\/types\/product"}],"replies":[{"embeddable":true,"href":"https:\/\/dutchmicrodosing.com\/de\/wp-json\/wp\/v2\/comments?post=4522"}],"version-history":[{"count":0,"href":"https:\/\/dutchmicrodosing.com\/de\/wp-json\/wp\/v2\/product\/4522\/revisions"}],"wp:featuredmedia":[{"embeddable":true,"href":"https:\/\/dutchmicrodosing.com\/de\/wp-json\/wp\/v2\/media\/3535"}],"wp:attachment":[{"href":"https:\/\/dutchmicrodosing.com\/de\/wp-json\/wp\/v2\/media?parent=4522"}],"wp:term":[{"taxonomy":"product_brand","embeddable":true,"href":"https:\/\/dutchmicrodosing.com\/de\/wp-json\/wp\/v2\/product_brand?post=4522"},{"taxonomy":"product_cat","embeddable":true,"href":"https:\/\/dutchmicrodosing.com\/de\/wp-json\/wp\/v2\/product_cat?post=4522"},{"taxonomy":"product_tag","embeddable":true,"href":"https:\/\/dutchmicrodosing.com\/de\/wp-json\/wp\/v2\/product_tag?post=4522"}],"curies":[{"name":"wp","href":"https:\/\/api.w.org\/{rel}","templated":true}]}}