{"id":45221,"date":"2025-02-17T14:55:49","date_gmt":"2025-02-17T13:55:49","guid":{"rendered":"https:\/\/dutchmicrodosing.com\/?post_type=product&#038;p=45221"},"modified":"2025-09-02T12:29:12","modified_gmt":"2025-09-02T10:29:12","slug":"mountain-caviar-original-himalayan-shilajit-150-softgels","status":"publish","type":"product","link":"https:\/\/dutchmicrodosing.com\/de\/reformhaus\/vitamine-nahrungsergaenzungsmittel\/mountain-caviar-original-himalayan-shilajit-150-softgels\/","title":{"rendered":"Bergkaviar Original Himalaya Shilajit &#8211; 150 Weichkapseln"},"content":{"rendered":"<p><strong>Mountain Caviar Original Himalayan Shilajit &#8211; 150 Weichkapseln<\/strong> enth\u00e4lt authentisches Shilajit aus Nepal in einer praktischen Weichkapsel. Kein starker Geschmack oder klebrige Substanz, nur die reine Kraft dieses nat\u00fcrlichen Bergprodukts in einer Kapsel, die Sie im Nu schlucken. Perfekt f\u00fcr diejenigen, die Einfachheit suchen, ohne Kompromisse bei der Qualit\u00e4t einzugehen.<\/p>\n<h3>Eigenschaften<\/h3>\n<ul>\n<li>Mehr als 75% Fulvos\u00e4uren pro Kapsel<\/li>\n<li>Enth\u00e4lt mehr als 85 nat\u00fcrlich vorkommende bioaktive Verbindungen<\/li>\n<li>Softgels sorgen f\u00fcr eine schnelle und m\u00fchelose Aufnahme<\/li>\n<li>Kein Geruch oder Nachgeschmack &#8211; aber f\u00fcr den Liebhaber zum Kauen f\u00fcr den urspr\u00fcnglichen Geschmack<\/li>\n<li>Nachhaltig geerntet aus H\u00f6henlagen \u00fcber 5.000 Metern<\/li>\n<li>Jede Charge wird auf Reinheit und Schadstofffreiheit gepr\u00fcft<\/li>\n<li>Lokale nepalesische Gemeinden sind direkt an der Ernte beteiligt<\/li>\n<\/ul>\n<h3>Zutaten und\/oder Zusammensetzung<\/h3>\n<p>Shilajit-Harz, pflanzliche Kapsel (Pullulan), Humins\u00e4ure- und Fulvins\u00e4urekomplex. Enth\u00e4lt keine k\u00fcnstlichen Stoffe, Konservierungsmittel oder bekannten Allergene.<\/p>\n<h3>Verwenden Sie<\/h3>\n<p>Nehmen Sie 3 bis 5 Softgels t\u00e4glich, vorzugsweise morgens auf n\u00fcchternen Magen. Wenn Sie empfindlich auf Nahrungserg\u00e4nzungsmittel reagieren, nehmen Sie sie w\u00e4hrend einer Mahlzeit ein. Sie k\u00f6nnen die Kapsel auch kauen, um den charakteristischen erdigen Geschmack von Shilajit zu genie\u00dfen.<\/p>\n<h3>Inhalt<\/h3>\n<p>Die Packung enth\u00e4lt 150 Weichkapseln mit original Himalaya-Shilajit<em>.<\/em><\/p>\n","protected":false},"excerpt":{"rendered":"<p>Mountain Caviar Original Himalayan Shilajit &#8211; 150 Weichkapseln enth\u00e4lt authentisches Shilajit aus Nepal in einer praktischen Weichkapsel. Kein starker Geschmack oder klebrige Substanz, nur die reine Kraft dieses nat\u00fcrlichen Bergprodukts in einer Kapsel, die Sie im Nu schlucken. Perfekt f\u00fcr diejenigen, die Einfachheit suchen, ohne Kompromisse bei der Qualit\u00e4t einzugehen. Eigenschaften Mehr als 75% Fulvos\u00e4uren [&hellip;]<\/p>\n","protected":false},"featured_media":45229,"comment_status":"closed","ping_status":"closed","template":"","meta":[],"product_brand":[],"product_cat":[292,293,322,116],"product_tag":[],"class_list":{"0":"post-45221","1":"product","2":"type-product","3":"status-publish","4":"has-post-thumbnail","6":"product_cat-energie-erganzungen","7":"product_cat-erganzungen-fur-das-immunsystem","8":"product_cat-konzentrationserganzungsmittel","9":"product_cat-vitamine-nahrungsergaenzungsmittel","11":"first","12":"instock","13":"taxable","14":"shipping-taxable","15":"purchasable","16":"product-type-simple"},"yoast_head":"<!-- This site is optimized with the Yoast SEO Premium plugin v26.4 (Yoast SEO v27.2) - https:\/\/yoast.com\/product\/yoast-seo-premium-wordpress\/ -->\n<title>Bergkaviar Original Himalaya Shilajit - 150 Weichkapseln - Dutchmicrodosing<\/title>\n<meta name=\"description\" content=\"Entdecken Sie Mountain Caviar Shilajit in praktischen Softgels. 100% nat\u00fcrlich, nachhaltig geerntet und reich an bioaktiven Substanzen. Kein Geschmack, aber das volle Erlebnis\" \/>\n<meta name=\"robots\" content=\"index, follow, max-snippet:-1, max-image-preview:large, max-video-preview:-1\" \/>\n<link rel=\"canonical\" href=\"https:\/\/dutchmicrodosing.com\/de\/reformhaus\/vitamine-nahrungsergaenzungsmittel\/mountain-caviar-original-himalayan-shilajit-150-softgels\/\" \/>\n<meta property=\"og:locale\" content=\"de_DE\" \/>\n<meta property=\"og:type\" content=\"article\" \/>\n<meta property=\"og:title\" content=\"Bergkaviar Original Himalaya Shilajit - 150 Weichkapseln\" \/>\n<meta property=\"og:description\" content=\"Mountain Caviar Original Himalayan Shilajit - 150 Weichkapseln enth\u00e4lt authentisches Shilajit aus Nepal in einer praktischen Weichkapsel. Kein starker\" \/>\n<meta property=\"og:url\" content=\"https:\/\/dutchmicrodosing.com\/de\/reformhaus\/vitamine-nahrungsergaenzungsmittel\/mountain-caviar-original-himalayan-shilajit-150-softgels\/\" \/>\n<meta property=\"og:site_name\" content=\"Dutchmicrodosing\" \/>\n<meta property=\"article:publisher\" content=\"https:\/\/www.facebook.com\/Dutchmicrodosingxp\/\" \/>\n<meta property=\"article:modified_time\" content=\"2025-09-02T10:29:12+00:00\" \/>\n<meta property=\"og:image\" content=\"https:\/\/dutchmicrodosing.com\/wp-content\/uploads\/2025\/02\/Shilajit-Gold-Grade_8-002.jpg\" \/>\n\t<meta property=\"og:image:width\" content=\"1500\" \/>\n\t<meta property=\"og:image:height\" content=\"1500\" \/>\n\t<meta property=\"og:image:type\" content=\"image\/jpeg\" \/>\n<meta name=\"twitter:card\" content=\"summary_large_image\" \/>\n<script type=\"application\/ld+json\" class=\"yoast-schema-graph\">{\"@context\":\"https:\/\/schema.org\",\"@graph\":[{\"@type\":\"WebPage\",\"@id\":\"https:\/\/dutchmicrodosing.com\/de\/reformhaus\/vitamine-nahrungsergaenzungsmittel\/mountain-caviar-original-himalayan-shilajit-150-softgels\/\",\"url\":\"https:\/\/dutchmicrodosing.com\/de\/reformhaus\/vitamine-nahrungsergaenzungsmittel\/mountain-caviar-original-himalayan-shilajit-150-softgels\/\",\"name\":\"Bergkaviar Original Himalaya Shilajit - 150 Weichkapseln - Dutchmicrodosing\",\"isPartOf\":{\"@id\":\"https:\/\/dutchmicrodosing.com\/de\/#website\"},\"primaryImageOfPage\":{\"@id\":\"https:\/\/dutchmicrodosing.com\/de\/reformhaus\/vitamine-nahrungsergaenzungsmittel\/mountain-caviar-original-himalayan-shilajit-150-softgels\/#primaryimage\"},\"image\":{\"@id\":\"https:\/\/dutchmicrodosing.com\/de\/reformhaus\/vitamine-nahrungsergaenzungsmittel\/mountain-caviar-original-himalayan-shilajit-150-softgels\/#primaryimage\"},\"thumbnailUrl\":\"https:\/\/dutchmicrodosing.com\/wp-content\/uploads\/2025\/02\/Shilajit-Gold-Grade_8-002.jpg\",\"datePublished\":\"2025-02-17T13:55:49+00:00\",\"dateModified\":\"2025-09-02T10:29:12+00:00\",\"description\":\"Entdecken Sie Mountain Caviar Shilajit in praktischen Softgels. 100% nat\u00fcrlich, nachhaltig geerntet und reich an bioaktiven Substanzen. Kein Geschmack, aber das volle Erlebnis\",\"breadcrumb\":{\"@id\":\"https:\/\/dutchmicrodosing.com\/de\/reformhaus\/vitamine-nahrungsergaenzungsmittel\/mountain-caviar-original-himalayan-shilajit-150-softgels\/#breadcrumb\"},\"inLanguage\":\"de\",\"potentialAction\":[{\"@type\":\"ReadAction\",\"target\":[\"https:\/\/dutchmicrodosing.com\/de\/reformhaus\/vitamine-nahrungsergaenzungsmittel\/mountain-caviar-original-himalayan-shilajit-150-softgels\/\"]}]},{\"@type\":\"ImageObject\",\"inLanguage\":\"de\",\"@id\":\"https:\/\/dutchmicrodosing.com\/de\/reformhaus\/vitamine-nahrungsergaenzungsmittel\/mountain-caviar-original-himalayan-shilajit-150-softgels\/#primaryimage\",\"url\":\"https:\/\/dutchmicrodosing.com\/wp-content\/uploads\/2025\/02\/Shilajit-Gold-Grade_8-002.jpg\",\"contentUrl\":\"https:\/\/dutchmicrodosing.com\/wp-content\/uploads\/2025\/02\/Shilajit-Gold-Grade_8-002.jpg\",\"width\":1500,\"height\":1500},{\"@type\":\"BreadcrumbList\",\"@id\":\"https:\/\/dutchmicrodosing.com\/de\/reformhaus\/vitamine-nahrungsergaenzungsmittel\/mountain-caviar-original-himalayan-shilajit-150-softgels\/#breadcrumb\",\"itemListElement\":[{\"@type\":\"ListItem\",\"position\":1,\"name\":\"Home\",\"item\":\"https:\/\/dutchmicrodosing.com\/de\/\"},{\"@type\":\"ListItem\",\"position\":2,\"name\":\"Shop\",\"item\":\"https:\/\/dutchmicrodosing.com\/de\/shop\/\"},{\"@type\":\"ListItem\",\"position\":3,\"name\":\"Bergkaviar Original Himalaya Shilajit &#8211; 150 Weichkapseln\"}]},{\"@type\":\"WebSite\",\"@id\":\"https:\/\/dutchmicrodosing.com\/de\/#website\",\"url\":\"https:\/\/dutchmicrodosing.com\/de\/\",\"name\":\"Dutchmicrodosing\",\"description\":\"\",\"publisher\":{\"@id\":\"https:\/\/dutchmicrodosing.com\/de\/#organization\"},\"potentialAction\":[{\"@type\":\"SearchAction\",\"target\":{\"@type\":\"EntryPoint\",\"urlTemplate\":\"https:\/\/dutchmicrodosing.com\/de\/?s={search_term_string}\"},\"query-input\":{\"@type\":\"PropertyValueSpecification\",\"valueRequired\":true,\"valueName\":\"search_term_string\"}}],\"inLanguage\":\"de\"},{\"@type\":\"Organization\",\"@id\":\"https:\/\/dutchmicrodosing.com\/de\/#organization\",\"name\":\"Dutchmicrodosing\",\"url\":\"https:\/\/dutchmicrodosing.com\/de\/\",\"logo\":{\"@type\":\"ImageObject\",\"inLanguage\":\"de\",\"@id\":\"https:\/\/dutchmicrodosing.com\/de\/#\/schema\/logo\/image\/\",\"url\":\"https:\/\/dutchmicrodosing.com\/wp-content\/uploads\/2021\/01\/microdosing-categorie-pic-nieuw.jpg\",\"contentUrl\":\"https:\/\/dutchmicrodosing.com\/wp-content\/uploads\/2021\/01\/microdosing-categorie-pic-nieuw.jpg\",\"width\":500,\"height\":500,\"caption\":\"Dutchmicrodosing\"},\"image\":{\"@id\":\"https:\/\/dutchmicrodosing.com\/de\/#\/schema\/logo\/image\/\"},\"sameAs\":[\"https:\/\/www.facebook.com\/Dutchmicrodosingxp\/\",\"https:\/\/www.instagram.com\/dutchmicrodosing\/\"]}]}<\/script>\n<meta property=\"product:price:amount\" content=\"39.95\" \/>\n<meta property=\"product:price:currency\" content=\"EUR\" \/>\n<meta property=\"og:availability\" content=\"instock\" \/>\n<meta property=\"product:availability\" content=\"instock\" \/>\n<meta property=\"product:retailer_item_id\" content=\"5202240\" \/>\n<meta property=\"product:condition\" content=\"new\" \/>\n<!-- \/ Yoast SEO Premium plugin. -->","yoast_head_json":{"title":"Bergkaviar Original Himalaya Shilajit - 150 Weichkapseln - Dutchmicrodosing","description":"Entdecken Sie Mountain Caviar Shilajit in praktischen Softgels. 100% nat\u00fcrlich, nachhaltig geerntet und reich an bioaktiven Substanzen. Kein Geschmack, aber das volle Erlebnis","robots":{"index":"index","follow":"follow","max-snippet":"max-snippet:-1","max-image-preview":"max-image-preview:large","max-video-preview":"max-video-preview:-1"},"canonical":"https:\/\/dutchmicrodosing.com\/de\/reformhaus\/vitamine-nahrungsergaenzungsmittel\/mountain-caviar-original-himalayan-shilajit-150-softgels\/","og_locale":"de_DE","og_type":"article","og_title":"Bergkaviar Original Himalaya Shilajit - 150 Weichkapseln","og_description":"Mountain Caviar Original Himalayan Shilajit - 150 Weichkapseln enth\u00e4lt authentisches Shilajit aus Nepal in einer praktischen Weichkapsel. Kein starker","og_url":"https:\/\/dutchmicrodosing.com\/de\/reformhaus\/vitamine-nahrungsergaenzungsmittel\/mountain-caviar-original-himalayan-shilajit-150-softgels\/","og_site_name":"Dutchmicrodosing","article_publisher":"https:\/\/www.facebook.com\/Dutchmicrodosingxp\/","article_modified_time":"2025-09-02T10:29:12+00:00","og_image":[{"width":1500,"height":1500,"url":"https:\/\/dutchmicrodosing.com\/wp-content\/uploads\/2025\/02\/Shilajit-Gold-Grade_8-002.jpg","type":"image\/jpeg"}],"twitter_card":"summary_large_image","schema":{"@context":"https:\/\/schema.org","@graph":[{"@type":"WebPage","@id":"https:\/\/dutchmicrodosing.com\/de\/reformhaus\/vitamine-nahrungsergaenzungsmittel\/mountain-caviar-original-himalayan-shilajit-150-softgels\/","url":"https:\/\/dutchmicrodosing.com\/de\/reformhaus\/vitamine-nahrungsergaenzungsmittel\/mountain-caviar-original-himalayan-shilajit-150-softgels\/","name":"Bergkaviar Original Himalaya Shilajit - 150 Weichkapseln - Dutchmicrodosing","isPartOf":{"@id":"https:\/\/dutchmicrodosing.com\/de\/#website"},"primaryImageOfPage":{"@id":"https:\/\/dutchmicrodosing.com\/de\/reformhaus\/vitamine-nahrungsergaenzungsmittel\/mountain-caviar-original-himalayan-shilajit-150-softgels\/#primaryimage"},"image":{"@id":"https:\/\/dutchmicrodosing.com\/de\/reformhaus\/vitamine-nahrungsergaenzungsmittel\/mountain-caviar-original-himalayan-shilajit-150-softgels\/#primaryimage"},"thumbnailUrl":"https:\/\/dutchmicrodosing.com\/wp-content\/uploads\/2025\/02\/Shilajit-Gold-Grade_8-002.jpg","datePublished":"2025-02-17T13:55:49+00:00","dateModified":"2025-09-02T10:29:12+00:00","description":"Entdecken Sie Mountain Caviar Shilajit in praktischen Softgels. 100% nat\u00fcrlich, nachhaltig geerntet und reich an bioaktiven Substanzen. Kein Geschmack, aber das volle Erlebnis","breadcrumb":{"@id":"https:\/\/dutchmicrodosing.com\/de\/reformhaus\/vitamine-nahrungsergaenzungsmittel\/mountain-caviar-original-himalayan-shilajit-150-softgels\/#breadcrumb"},"inLanguage":"de","potentialAction":[{"@type":"ReadAction","target":["https:\/\/dutchmicrodosing.com\/de\/reformhaus\/vitamine-nahrungsergaenzungsmittel\/mountain-caviar-original-himalayan-shilajit-150-softgels\/"]}]},{"@type":"ImageObject","inLanguage":"de","@id":"https:\/\/dutchmicrodosing.com\/de\/reformhaus\/vitamine-nahrungsergaenzungsmittel\/mountain-caviar-original-himalayan-shilajit-150-softgels\/#primaryimage","url":"https:\/\/dutchmicrodosing.com\/wp-content\/uploads\/2025\/02\/Shilajit-Gold-Grade_8-002.jpg","contentUrl":"https:\/\/dutchmicrodosing.com\/wp-content\/uploads\/2025\/02\/Shilajit-Gold-Grade_8-002.jpg","width":1500,"height":1500},{"@type":"BreadcrumbList","@id":"https:\/\/dutchmicrodosing.com\/de\/reformhaus\/vitamine-nahrungsergaenzungsmittel\/mountain-caviar-original-himalayan-shilajit-150-softgels\/#breadcrumb","itemListElement":[{"@type":"ListItem","position":1,"name":"Home","item":"https:\/\/dutchmicrodosing.com\/de\/"},{"@type":"ListItem","position":2,"name":"Shop","item":"https:\/\/dutchmicrodosing.com\/de\/shop\/"},{"@type":"ListItem","position":3,"name":"Bergkaviar Original Himalaya Shilajit &#8211; 150 Weichkapseln"}]},{"@type":"WebSite","@id":"https:\/\/dutchmicrodosing.com\/de\/#website","url":"https:\/\/dutchmicrodosing.com\/de\/","name":"Dutchmicrodosing","description":"","publisher":{"@id":"https:\/\/dutchmicrodosing.com\/de\/#organization"},"potentialAction":[{"@type":"SearchAction","target":{"@type":"EntryPoint","urlTemplate":"https:\/\/dutchmicrodosing.com\/de\/?s={search_term_string}"},"query-input":{"@type":"PropertyValueSpecification","valueRequired":true,"valueName":"search_term_string"}}],"inLanguage":"de"},{"@type":"Organization","@id":"https:\/\/dutchmicrodosing.com\/de\/#organization","name":"Dutchmicrodosing","url":"https:\/\/dutchmicrodosing.com\/de\/","logo":{"@type":"ImageObject","inLanguage":"de","@id":"https:\/\/dutchmicrodosing.com\/de\/#\/schema\/logo\/image\/","url":"https:\/\/dutchmicrodosing.com\/wp-content\/uploads\/2021\/01\/microdosing-categorie-pic-nieuw.jpg","contentUrl":"https:\/\/dutchmicrodosing.com\/wp-content\/uploads\/2021\/01\/microdosing-categorie-pic-nieuw.jpg","width":500,"height":500,"caption":"Dutchmicrodosing"},"image":{"@id":"https:\/\/dutchmicrodosing.com\/de\/#\/schema\/logo\/image\/"},"sameAs":["https:\/\/www.facebook.com\/Dutchmicrodosingxp\/","https:\/\/www.instagram.com\/dutchmicrodosing\/"]}]},"product_price_amount":"39.95","product_price_currency":"EUR","og_availability":"instock","product_availability":"instock","product_retailer_item_id":"5202240","product_condition":"new"},"_links":{"self":[{"href":"https:\/\/dutchmicrodosing.com\/de\/wp-json\/wp\/v2\/product\/45221","targetHints":{"allow":["GET"]}}],"collection":[{"href":"https:\/\/dutchmicrodosing.com\/de\/wp-json\/wp\/v2\/product"}],"about":[{"href":"https:\/\/dutchmicrodosing.com\/de\/wp-json\/wp\/v2\/types\/product"}],"replies":[{"embeddable":true,"href":"https:\/\/dutchmicrodosing.com\/de\/wp-json\/wp\/v2\/comments?post=45221"}],"version-history":[{"count":0,"href":"https:\/\/dutchmicrodosing.com\/de\/wp-json\/wp\/v2\/product\/45221\/revisions"}],"wp:featuredmedia":[{"embeddable":true,"href":"https:\/\/dutchmicrodosing.com\/de\/wp-json\/wp\/v2\/media\/45229"}],"wp:attachment":[{"href":"https:\/\/dutchmicrodosing.com\/de\/wp-json\/wp\/v2\/media?parent=45221"}],"wp:term":[{"taxonomy":"product_brand","embeddable":true,"href":"https:\/\/dutchmicrodosing.com\/de\/wp-json\/wp\/v2\/product_brand?post=45221"},{"taxonomy":"product_cat","embeddable":true,"href":"https:\/\/dutchmicrodosing.com\/de\/wp-json\/wp\/v2\/product_cat?post=45221"},{"taxonomy":"product_tag","embeddable":true,"href":"https:\/\/dutchmicrodosing.com\/de\/wp-json\/wp\/v2\/product_tag?post=45221"}],"curies":[{"name":"wp","href":"https:\/\/api.w.org\/{rel}","templated":true}]}}