{"id":4523,"date":"2021-03-22T19:24:18","date_gmt":"2021-03-22T18:24:18","guid":{"rendered":"https:\/\/dutchmicrodosing.com\/shop\/niet-gecategoriseerd\/reishi-ganoderma-lucidum-120-kapseln\/"},"modified":"2025-08-19T22:51:21","modified_gmt":"2025-08-19T20:51:21","slug":"reishi-ganoderma-lucidum-120-kapseln","status":"publish","type":"product","link":"https:\/\/dutchmicrodosing.com\/de\/medizinische-pilze\/reishi-ganoderma-lucidum-120-kapseln\/","title":{"rendered":"Reishi (Ganoderma Lucidum)-120 Kapseln"},"content":{"rendered":"<p>Reishi, auch bekannt als Japanischer Lackpilz, ist ein Pilz, der im Fernen Osten f\u00fcr seine medizinischen Eigenschaften bekannt ist. Nicht umsonst tr\u00e4gt er den Spitznamen &#8222;G\u00f6ttlicher Pilz der Unsterblichkeit&#8220;. Und dass dies nicht \u00fcbertrieben ist, sehen Sie daran, dass Sie von Reishi bei Stressbeschwerden, Asthma, Krebs und M\u00fcdigkeit profitieren k\u00f6nnen.<\/p>\n<p>Mit dem Reishi von McMyco als Nahrungserg\u00e4nzungsmittel k\u00f6nnen Sie von den vielen wertvollen Verbindungen in diesem Pilz profitieren. Unterst\u00fctzen Sie Ihre k\u00f6rperliche und geistige Gesundheit mit Reishi.<\/p>\n<h2>Die Vorteile des Reishi<\/h2>\n<p>Der Pilz mit dem etwas gl\u00e4nzenden Aussehen w\u00e4chst gerne in feuchter W\u00e4rme und ist vor allem in subtropischen Regionen zu finden. Sie kann auf einer Vielzahl von B\u00e4umen wachsen, bevorzugt aber Pflaumenb\u00e4ume. Reishi wird traditionell zur Unterst\u00fctzung der Abwehrkr\u00e4fte, also bei Infektionen, Entz\u00fcndungen und allergischen Beschwerden eingesetzt. Mit einer Reishi-Erg\u00e4nzung k\u00f6nnen Sie Ihrer Abwehrkraft einen Schub geben.<\/p>\n<p>Reishi kann auch Anti-Krebs-Eigenschaften haben und kann zur Unterst\u00fctzung der Leber verwendet werden. Sie k\u00f6nnen diese Erg\u00e4nzung auch bei psychischen Beschwerden einnehmen. Es kann bei Unruhe, Stress und Vergesslichkeit helfen. McMyco&#8217;s Reishi kann verwendet werden mit:<\/p>\n<ul>\n<li>Infektionen und Entz\u00fcndungen (auch bei Autoimmunerkrankungen und allergischen Reaktionen)<\/li>\n<li>Krebs<\/li>\n<li>Beschwerden, die durch Stress verursacht werden<\/li>\n<li>Depression<\/li>\n<li>Erm\u00fcdung<\/li>\n<li>F\u00fcr ein gesundes Herz und gesunde Blutgef\u00e4\u00dfe<\/li>\n<\/ul>\n<h2>Die Wirkungen des Reishi<\/h2>\n<h3>Reishi bei Stress<\/h3>\n<p>Stress hat einen gro\u00dfen negativen Einfluss auf unseren K\u00f6rper und unsere Psyche. Anhaltender Stress verursacht einen Anstieg der Stresshormone, wodurch auch der Blutdruck steigen kann. Dar\u00fcber hinaus hat Stress einen negativen Einfluss auf die Funktion der Organe, die Abwehrkr\u00e4fte und die Verdauung. Man f\u00fchlt sich geistig angespannt, kann unter Gr\u00fcbeleien leiden und schl\u00e4ft deshalb nicht gut. Oft sind Sie \u00e4ngstlich und k\u00f6nnen sogar depressiv werden.<\/p>\n<p>Unter solchen Umst\u00e4nden kann der Reishi n\u00fctzlich sein. Die Substanzen in diesem Pilz haben eine adaptogene Wirkung. Das bedeutet, dass sie \u00fcberall dort arbeiten, wo es einen Bedarf gibt. So k\u00f6nnen Sie eine Erg\u00e4nzung wie Reishi verwenden, um die Auswirkungen von Stress zu reduzieren und wieder ins Gleichgewicht zu kommen. Reishi kann helfen, den Blutdruck zu senken, wenn er zu hoch ist und verbessert den Sauerstofftransport durch den K\u00f6rper. Die Forschung zeigt auch, dass dieser Pilz Ihre Stimmung verbessern kann. Dies wird Ihnen helfen, mit stressigen Phasen in Ihrem Leben umzugehen.<\/p>\n<h3>Die M\u00f6glichkeiten bei Krebs<\/h3>\n<p>Reishi enth\u00e4lt Substanzen, die die Aktivit\u00e4t von Killerzellen erh\u00f6hen, die nat\u00fcrlicherweise in Ihrem K\u00f6rper vorkommen. Diese Zellen sind f\u00fcr die Beseitigung von Krebszellen verantwortlich. Dar\u00fcber hinaus verursacht Reishi den Prozess der Angiogenese in krebsartigem Gewebe. Angiogenese bedeutet, dass Tumore keine Blutgef\u00e4\u00dfe bilden k\u00f6nnen, was eine Wachstumshemmung zur Folge hat.<\/p>\n<p>Bei Brustkrebs k\u00f6nnte der Japanische Lackpilz die Metastasierung verhindern. Dadurch wird verhindert, dass sich Krebszellen im K\u00f6rper ausbreiten. Es kann auch den Zelltod von Krebszellen verursachen. Die Forschung zeigt, dass Reishi gute Ergebnisse bei Prostata-, Brust- und Dickdarmkrebs geben kann. Dieser Pilz kann auch eingenommen werden, um die Nebenwirkungen einer Chemotherapie zu reduzieren.<\/p>\n<h3>Im Falle einer Entz\u00fcndung<\/h3>\n<p>Der Reishi von McMyco ist ein gutes nat\u00fcrliches Mittel gegen Entz\u00fcndungen. Es ist reich an Triterpenen, die eine entz\u00fcndungshemmende Wirkung haben. Bei vielen Erkrankungen, bei denen eine Entz\u00fcndung die zugrunde liegende Ursache ist, k\u00f6nnten Sie also Reishi einnehmen. Denken Sie an Blasenentz\u00fcndung, Fibromyalgie, entz\u00fcndetes Zahnfleisch oder Rheumatismus.<\/p>\n<h3>Reishi gegen M\u00fcdigkeit<\/h3>\n<p>F\u00fcr Menschen, die oft m\u00fcde sind und einen Mangel an Energie erleben, k\u00f6nnte der Reishi eine L\u00f6sung sein. Es kann zu einem guten Schlaf beitragen und steigert das Wohlbefinden. Die Forschung zeigt, dass es auch einen positiven Effekt auf Ihre Stimmung haben kann.<\/p>\n<h2>Reishi kaufen<\/h2>\n<p>Wenn Sie Reishi ausprobieren m\u00f6chten, sind die Reishi-Kapseln von McMyco ideal. Die Kapseln enthalten einen Vollspektrum-Reishi-Extrakt. Die Verwendung von Reishi ist sehr sicher. Leichte Verdauungsbeschwerden k\u00f6nnen auftreten. Schwangere und stillende Frauen sollten bei der Einnahme von Reishi vorsichtig sein, da die Nebenwirkungen noch nicht ausreichend untersucht wurden. Wenn Sie Reishi verwenden m\u00f6chten, bestellen Sie dieses nat\u00fcrliche Erg\u00e4nzungsmittel schnell, um Ihre Gesundheit zu unterst\u00fctzen.<\/p>\n<p><strong>Zutaten:<\/strong><\/p>\n<p>Pro pflanzliche Zellulosekapsel: 400 mg organischer Reishi (Ganoderma lucidum) Extrakt aus 100% Fruchtk\u00f6rper (Pilz). Es ist ein Vollspektrumextrakt, der mittels H2O und Ethanol gewonnen wird. Dies dient dazu, das Beste aus den Fruchtk\u00f6rpern herauszuholen. Es enth\u00e4lt 30% Polysaccharide und Beta-Glucane.<\/p>\n<p>Hilfsstoffe: Magnesiumcitrat und Siliciumdioxid<br \/>\nDosierung: 2 x t\u00e4glich 1 Kapsel zu den Mahlzeiten mit Wasser.<br \/>\nInhalt : 120 Kapseln<br \/>\nLagerhinweis: K\u00fchl und dunkel lagern<\/p>\n","protected":false},"excerpt":{"rendered":"<p>Reishi, auch bekannt als Japanischer Lackpilz, ist ein Pilz, der im Fernen Osten f\u00fcr seine medizinischen Eigenschaften bekannt ist. Nicht umsonst tr\u00e4gt er den Spitznamen &#8222;G\u00f6ttlicher Pilz der Unsterblichkeit&#8220;. Und dass dies nicht \u00fcbertrieben ist, sehen Sie daran, dass Sie von Reishi bei Stressbeschwerden, Asthma, Krebs und M\u00fcdigkeit profitieren k\u00f6nnen. Mit dem Reishi von McMyco [&hellip;]<\/p>\n","protected":false},"featured_media":3539,"comment_status":"open","ping_status":"closed","template":"","meta":[],"product_brand":[],"product_cat":[114,292,293],"product_tag":[],"class_list":{"0":"post-4523","1":"product","2":"type-product","3":"status-publish","4":"has-post-thumbnail","6":"product_cat-medizinische-pilze","7":"product_cat-energie-erganzungen","8":"product_cat-erganzungen-fur-das-immunsystem","10":"first","11":"instock","12":"taxable","13":"shipping-taxable","14":"purchasable","15":"product-type-simple"},"yoast_head":"<!-- This site is optimized with the Yoast SEO Premium plugin v26.4 (Yoast SEO v27.4) - https:\/\/yoast.com\/product\/yoast-seo-premium-wordpress\/ -->\n<title>Reishi (Ganoderma Lucidum)-120 Kapseln - Dutchmicrodosing<\/title>\n<meta name=\"robots\" content=\"index, follow, max-snippet:-1, max-image-preview:large, max-video-preview:-1\" \/>\n<link rel=\"canonical\" href=\"https:\/\/dutchmicrodosing.com\/de\/medizinische-pilze\/reishi-ganoderma-lucidum-120-kapseln\/\" \/>\n<meta property=\"og:locale\" content=\"de_DE\" \/>\n<meta property=\"og:type\" content=\"article\" \/>\n<meta property=\"og:title\" content=\"Reishi (Ganoderma Lucidum)-120 Kapseln\" \/>\n<meta property=\"og:description\" content=\"Reishi, auch bekannt als Japanischer Lackpilz, ist ein Pilz, der im Fernen Osten f\u00fcr seine medizinischen Eigenschaften bekannt ist. Nicht umsonst tr\u00e4gt er\" \/>\n<meta property=\"og:url\" content=\"https:\/\/dutchmicrodosing.com\/de\/medizinische-pilze\/reishi-ganoderma-lucidum-120-kapseln\/\" \/>\n<meta property=\"og:site_name\" content=\"Dutchmicrodosing\" \/>\n<meta property=\"article:publisher\" content=\"https:\/\/www.facebook.com\/Dutchmicrodosingxp\/\" \/>\n<meta property=\"article:modified_time\" content=\"2025-08-19T20:51:21+00:00\" \/>\n<meta property=\"og:image\" content=\"https:\/\/dutchmicrodosing.com\/wp-content\/uploads\/2021\/03\/Reishi-2.jpg\" \/>\n\t<meta property=\"og:image:width\" content=\"1000\" \/>\n\t<meta property=\"og:image:height\" content=\"1000\" \/>\n\t<meta property=\"og:image:type\" content=\"image\/jpeg\" \/>\n<meta name=\"twitter:card\" content=\"summary_large_image\" \/>\n<script type=\"application\/ld+json\" class=\"yoast-schema-graph\">{\"@context\":\"https:\\\/\\\/schema.org\",\"@graph\":[{\"@type\":\"WebPage\",\"@id\":\"https:\\\/\\\/dutchmicrodosing.com\\\/de\\\/medizinische-pilze\\\/reishi-ganoderma-lucidum-120-kapseln\\\/\",\"url\":\"https:\\\/\\\/dutchmicrodosing.com\\\/de\\\/medizinische-pilze\\\/reishi-ganoderma-lucidum-120-kapseln\\\/\",\"name\":\"Reishi (Ganoderma Lucidum)-120 Kapseln - Dutchmicrodosing\",\"isPartOf\":{\"@id\":\"https:\\\/\\\/dutchmicrodosing.com\\\/de\\\/#website\"},\"primaryImageOfPage\":{\"@id\":\"https:\\\/\\\/dutchmicrodosing.com\\\/de\\\/medizinische-pilze\\\/reishi-ganoderma-lucidum-120-kapseln\\\/#primaryimage\"},\"image\":{\"@id\":\"https:\\\/\\\/dutchmicrodosing.com\\\/de\\\/medizinische-pilze\\\/reishi-ganoderma-lucidum-120-kapseln\\\/#primaryimage\"},\"thumbnailUrl\":\"https:\\\/\\\/dutchmicrodosing.com\\\/wp-content\\\/uploads\\\/2021\\\/03\\\/Reishi-2.jpg\",\"datePublished\":\"2021-03-22T18:24:18+00:00\",\"dateModified\":\"2025-08-19T20:51:21+00:00\",\"breadcrumb\":{\"@id\":\"https:\\\/\\\/dutchmicrodosing.com\\\/de\\\/medizinische-pilze\\\/reishi-ganoderma-lucidum-120-kapseln\\\/#breadcrumb\"},\"inLanguage\":\"de\",\"potentialAction\":[{\"@type\":\"ReadAction\",\"target\":[\"https:\\\/\\\/dutchmicrodosing.com\\\/de\\\/medizinische-pilze\\\/reishi-ganoderma-lucidum-120-kapseln\\\/\"]}]},{\"@type\":\"ImageObject\",\"inLanguage\":\"de\",\"@id\":\"https:\\\/\\\/dutchmicrodosing.com\\\/de\\\/medizinische-pilze\\\/reishi-ganoderma-lucidum-120-kapseln\\\/#primaryimage\",\"url\":\"https:\\\/\\\/dutchmicrodosing.com\\\/wp-content\\\/uploads\\\/2021\\\/03\\\/Reishi-2.jpg\",\"contentUrl\":\"https:\\\/\\\/dutchmicrodosing.com\\\/wp-content\\\/uploads\\\/2021\\\/03\\\/Reishi-2.jpg\",\"width\":1000,\"height\":1000},{\"@type\":\"BreadcrumbList\",\"@id\":\"https:\\\/\\\/dutchmicrodosing.com\\\/de\\\/medizinische-pilze\\\/reishi-ganoderma-lucidum-120-kapseln\\\/#breadcrumb\",\"itemListElement\":[{\"@type\":\"ListItem\",\"position\":1,\"name\":\"Home\",\"item\":\"https:\\\/\\\/dutchmicrodosing.com\\\/de\\\/\"},{\"@type\":\"ListItem\",\"position\":2,\"name\":\"Shop\",\"item\":\"https:\\\/\\\/dutchmicrodosing.com\\\/de\\\/shop\\\/\"},{\"@type\":\"ListItem\",\"position\":3,\"name\":\"Reishi (Ganoderma Lucidum)-120 Kapseln\"}]},{\"@type\":\"WebSite\",\"@id\":\"https:\\\/\\\/dutchmicrodosing.com\\\/de\\\/#website\",\"url\":\"https:\\\/\\\/dutchmicrodosing.com\\\/de\\\/\",\"name\":\"Dutchmicrodosing\",\"description\":\"\",\"publisher\":{\"@id\":\"https:\\\/\\\/dutchmicrodosing.com\\\/de\\\/#organization\"},\"potentialAction\":[{\"@type\":\"SearchAction\",\"target\":{\"@type\":\"EntryPoint\",\"urlTemplate\":\"https:\\\/\\\/dutchmicrodosing.com\\\/de\\\/?s={search_term_string}\"},\"query-input\":{\"@type\":\"PropertyValueSpecification\",\"valueRequired\":true,\"valueName\":\"search_term_string\"}}],\"inLanguage\":\"de\"},{\"@type\":\"Organization\",\"@id\":\"https:\\\/\\\/dutchmicrodosing.com\\\/de\\\/#organization\",\"name\":\"Dutchmicrodosing\",\"url\":\"https:\\\/\\\/dutchmicrodosing.com\\\/de\\\/\",\"logo\":{\"@type\":\"ImageObject\",\"inLanguage\":\"de\",\"@id\":\"https:\\\/\\\/dutchmicrodosing.com\\\/de\\\/#\\\/schema\\\/logo\\\/image\\\/\",\"url\":\"https:\\\/\\\/dutchmicrodosing.com\\\/wp-content\\\/uploads\\\/2021\\\/01\\\/microdosing-categorie-pic-nieuw.jpg\",\"contentUrl\":\"https:\\\/\\\/dutchmicrodosing.com\\\/wp-content\\\/uploads\\\/2021\\\/01\\\/microdosing-categorie-pic-nieuw.jpg\",\"width\":500,\"height\":500,\"caption\":\"Dutchmicrodosing\"},\"image\":{\"@id\":\"https:\\\/\\\/dutchmicrodosing.com\\\/de\\\/#\\\/schema\\\/logo\\\/image\\\/\"},\"sameAs\":[\"https:\\\/\\\/www.facebook.com\\\/Dutchmicrodosingxp\\\/\",\"https:\\\/\\\/www.instagram.com\\\/dutchmicrodosing\\\/\"]}]}<\/script>\n<meta property=\"product:price:amount\" content=\"34.95\" \/>\n<meta property=\"product:price:currency\" content=\"EUR\" \/>\n<meta property=\"og:availability\" content=\"instock\" \/>\n<meta property=\"product:availability\" content=\"instock\" \/>\n<meta property=\"product:retailer_item_id\" content=\"1203562\" \/>\n<meta property=\"product:condition\" content=\"new\" \/>\n<!-- \/ Yoast SEO Premium plugin. -->","yoast_head_json":{"title":"Reishi (Ganoderma Lucidum)-120 Kapseln - Dutchmicrodosing","robots":{"index":"index","follow":"follow","max-snippet":"max-snippet:-1","max-image-preview":"max-image-preview:large","max-video-preview":"max-video-preview:-1"},"canonical":"https:\/\/dutchmicrodosing.com\/de\/medizinische-pilze\/reishi-ganoderma-lucidum-120-kapseln\/","og_locale":"de_DE","og_type":"article","og_title":"Reishi (Ganoderma Lucidum)-120 Kapseln","og_description":"Reishi, auch bekannt als Japanischer Lackpilz, ist ein Pilz, der im Fernen Osten f\u00fcr seine medizinischen Eigenschaften bekannt ist. Nicht umsonst tr\u00e4gt er","og_url":"https:\/\/dutchmicrodosing.com\/de\/medizinische-pilze\/reishi-ganoderma-lucidum-120-kapseln\/","og_site_name":"Dutchmicrodosing","article_publisher":"https:\/\/www.facebook.com\/Dutchmicrodosingxp\/","article_modified_time":"2025-08-19T20:51:21+00:00","og_image":[{"width":1000,"height":1000,"url":"https:\/\/dutchmicrodosing.com\/wp-content\/uploads\/2021\/03\/Reishi-2.jpg","type":"image\/jpeg"}],"twitter_card":"summary_large_image","schema":{"@context":"https:\/\/schema.org","@graph":[{"@type":"WebPage","@id":"https:\/\/dutchmicrodosing.com\/de\/medizinische-pilze\/reishi-ganoderma-lucidum-120-kapseln\/","url":"https:\/\/dutchmicrodosing.com\/de\/medizinische-pilze\/reishi-ganoderma-lucidum-120-kapseln\/","name":"Reishi (Ganoderma Lucidum)-120 Kapseln - Dutchmicrodosing","isPartOf":{"@id":"https:\/\/dutchmicrodosing.com\/de\/#website"},"primaryImageOfPage":{"@id":"https:\/\/dutchmicrodosing.com\/de\/medizinische-pilze\/reishi-ganoderma-lucidum-120-kapseln\/#primaryimage"},"image":{"@id":"https:\/\/dutchmicrodosing.com\/de\/medizinische-pilze\/reishi-ganoderma-lucidum-120-kapseln\/#primaryimage"},"thumbnailUrl":"https:\/\/dutchmicrodosing.com\/wp-content\/uploads\/2021\/03\/Reishi-2.jpg","datePublished":"2021-03-22T18:24:18+00:00","dateModified":"2025-08-19T20:51:21+00:00","breadcrumb":{"@id":"https:\/\/dutchmicrodosing.com\/de\/medizinische-pilze\/reishi-ganoderma-lucidum-120-kapseln\/#breadcrumb"},"inLanguage":"de","potentialAction":[{"@type":"ReadAction","target":["https:\/\/dutchmicrodosing.com\/de\/medizinische-pilze\/reishi-ganoderma-lucidum-120-kapseln\/"]}]},{"@type":"ImageObject","inLanguage":"de","@id":"https:\/\/dutchmicrodosing.com\/de\/medizinische-pilze\/reishi-ganoderma-lucidum-120-kapseln\/#primaryimage","url":"https:\/\/dutchmicrodosing.com\/wp-content\/uploads\/2021\/03\/Reishi-2.jpg","contentUrl":"https:\/\/dutchmicrodosing.com\/wp-content\/uploads\/2021\/03\/Reishi-2.jpg","width":1000,"height":1000},{"@type":"BreadcrumbList","@id":"https:\/\/dutchmicrodosing.com\/de\/medizinische-pilze\/reishi-ganoderma-lucidum-120-kapseln\/#breadcrumb","itemListElement":[{"@type":"ListItem","position":1,"name":"Home","item":"https:\/\/dutchmicrodosing.com\/de\/"},{"@type":"ListItem","position":2,"name":"Shop","item":"https:\/\/dutchmicrodosing.com\/de\/shop\/"},{"@type":"ListItem","position":3,"name":"Reishi (Ganoderma Lucidum)-120 Kapseln"}]},{"@type":"WebSite","@id":"https:\/\/dutchmicrodosing.com\/de\/#website","url":"https:\/\/dutchmicrodosing.com\/de\/","name":"Dutchmicrodosing","description":"","publisher":{"@id":"https:\/\/dutchmicrodosing.com\/de\/#organization"},"potentialAction":[{"@type":"SearchAction","target":{"@type":"EntryPoint","urlTemplate":"https:\/\/dutchmicrodosing.com\/de\/?s={search_term_string}"},"query-input":{"@type":"PropertyValueSpecification","valueRequired":true,"valueName":"search_term_string"}}],"inLanguage":"de"},{"@type":"Organization","@id":"https:\/\/dutchmicrodosing.com\/de\/#organization","name":"Dutchmicrodosing","url":"https:\/\/dutchmicrodosing.com\/de\/","logo":{"@type":"ImageObject","inLanguage":"de","@id":"https:\/\/dutchmicrodosing.com\/de\/#\/schema\/logo\/image\/","url":"https:\/\/dutchmicrodosing.com\/wp-content\/uploads\/2021\/01\/microdosing-categorie-pic-nieuw.jpg","contentUrl":"https:\/\/dutchmicrodosing.com\/wp-content\/uploads\/2021\/01\/microdosing-categorie-pic-nieuw.jpg","width":500,"height":500,"caption":"Dutchmicrodosing"},"image":{"@id":"https:\/\/dutchmicrodosing.com\/de\/#\/schema\/logo\/image\/"},"sameAs":["https:\/\/www.facebook.com\/Dutchmicrodosingxp\/","https:\/\/www.instagram.com\/dutchmicrodosing\/"]}]},"product_price_amount":"34.95","product_price_currency":"EUR","og_availability":"instock","product_availability":"instock","product_retailer_item_id":"1203562","product_condition":"new"},"_links":{"self":[{"href":"https:\/\/dutchmicrodosing.com\/de\/wp-json\/wp\/v2\/product\/4523","targetHints":{"allow":["GET"]}}],"collection":[{"href":"https:\/\/dutchmicrodosing.com\/de\/wp-json\/wp\/v2\/product"}],"about":[{"href":"https:\/\/dutchmicrodosing.com\/de\/wp-json\/wp\/v2\/types\/product"}],"replies":[{"embeddable":true,"href":"https:\/\/dutchmicrodosing.com\/de\/wp-json\/wp\/v2\/comments?post=4523"}],"version-history":[{"count":0,"href":"https:\/\/dutchmicrodosing.com\/de\/wp-json\/wp\/v2\/product\/4523\/revisions"}],"wp:featuredmedia":[{"embeddable":true,"href":"https:\/\/dutchmicrodosing.com\/de\/wp-json\/wp\/v2\/media\/3539"}],"wp:attachment":[{"href":"https:\/\/dutchmicrodosing.com\/de\/wp-json\/wp\/v2\/media?parent=4523"}],"wp:term":[{"taxonomy":"product_brand","embeddable":true,"href":"https:\/\/dutchmicrodosing.com\/de\/wp-json\/wp\/v2\/product_brand?post=4523"},{"taxonomy":"product_cat","embeddable":true,"href":"https:\/\/dutchmicrodosing.com\/de\/wp-json\/wp\/v2\/product_cat?post=4523"},{"taxonomy":"product_tag","embeddable":true,"href":"https:\/\/dutchmicrodosing.com\/de\/wp-json\/wp\/v2\/product_tag?post=4523"}],"curies":[{"name":"wp","href":"https:\/\/api.w.org\/{rel}","templated":true}]}}