{"id":4524,"date":"2021-03-22T19:31:14","date_gmt":"2021-03-22T18:31:14","guid":{"rendered":"https:\/\/dutchmicrodosing.com\/shop\/unkategorisiert\/loewenmaehne-hericium-erinaceus-120-kapseln\/"},"modified":"2025-08-19T15:27:54","modified_gmt":"2025-08-19T13:27:54","slug":"loewen-mann-hericium-erinaceus-120-kapseln","status":"publish","type":"product","link":"https:\/\/dutchmicrodosing.com\/de\/medizinische-pilze\/loewen-mann-hericium-erinaceus-120-kapseln\/","title":{"rendered":"L\u00f6wenm\u00e4hne (Hericium erinaceus)-120 Kapseln"},"content":{"rendered":"<p>L\u00f6wenm\u00e4hne von McMyco ist ein Nahrungserg\u00e4nzungsmittel zur Unterst\u00fctzung Ihrer Gesundheit. Wenn Sie im Wald auf den L\u00f6wenm\u00e4hnenpilz sto\u00dfen w\u00fcrden, h\u00e4tten Sie einen auff\u00e4lligen Anblick: Er sieht aus wie eine wei\u00dfe Per\u00fccke oder die M\u00e4hne eines L\u00f6wen, die am Stamm eines Baumes w\u00e4chst.  Leider ist die Chance, sie in unserem Land anzutreffen, nicht gro\u00df, sie ist eine gef\u00e4hrdete Art.<\/p>\n<p>Die L\u00f6wenm\u00e4hne zeichnet sich auch dadurch aus, dass sie Ihre Gesundheit unterst\u00fctzen kann. Sie k\u00f6nnen damit unter anderem Ihr Immunsystem st\u00e4rken. Seine St\u00e4rke liegt aber vor allem in der sch\u00fctzenden Wirkung auf das Gehirn.<\/p>\n<h2>Wof\u00fcr die L\u00f6wenm\u00e4hne verwendet werden kann<\/h2>\n<p>L\u00f6wenm\u00e4hne wird in Asien schon seit Jahrhunderten verwendet, sowohl in der K\u00fcche als auch f\u00fcr seine medizinischen Eigenschaften. Der Pilz hat einen leichten, s\u00fc\u00dflichen Geschmack, weshalb er in Fernost als Delikatesse gilt. Es wird dort in allen m\u00f6glichen Gerichten verwendet, auch als Fleischersatz.<\/p>\n<p>In Asien ist der Wigwam f\u00fcr seine sch\u00fctzenden Eigenschaften bekannt. Es soll K\u00f6rper und Geist wieder ins Gleichgewicht bringen k\u00f6nnen und wird dort bei Unruhe, Schlafproblemen, Angst und Stress eingesetzt. Er k\u00f6nnte sich auch positiv auf Ihre Konzentration auswirken.<\/p>\n<p>Auch die westliche medizinische Welt beginnt mehr und mehr zu entdecken, was Heilpilze zu bieten haben. Es wird viel Forschung \u00fcber die medizinischen Eigenschaften von Pilzen betrieben. McMyco&#8217;s L\u00f6wenm\u00e4hne kann auch zu einer guten Gesundheit beitragen. Sie k\u00f6nnen dies verwenden bei:<\/p>\n<ul>\n<li>Magen- und Darmbeschwerden<\/li>\n<li>Unterst\u00fctzung des Immunsystems<\/li>\n<li>Beschwerden des Nervensystems und des Gehirns<\/li>\n<\/ul>\n<h2>L\u00f6wenm\u00e4hne und ihre Wirkung auf den K\u00f6rper<\/h2>\n<h3>Das Gehirn<\/h3>\n<p>Mit dem Alter kommen Beschwerden, die wir normalerweise als selbstverst\u00e4ndlich ansehen. Wir merken das vor allem an der schlechten Funktion unseres Gehirns: Die Vergesslichkeit nimmt zu und wir k\u00f6nnen nicht mehr so leicht mit der Zeit gehen. In schweren F\u00e4llen k\u00f6nnen \u00e4ltere Menschen die Alzheimer- oder Parkinson-Krankheit entwickeln. Bei diesen Erkrankungen werden Nervenzellen gesch\u00e4digt und eine Heilung ist nicht m\u00f6glich.<\/p>\n<p>Die Einnahme von L\u00f6wenm\u00e4hne kann eine positive Wirkung auf das Gehirn und die Nerven haben. Dieser Pilz scheint in der Lage zu sein, die Produktion von NGF (Nervenwachstumsfaktor) zu f\u00f6rdern und enth\u00e4lt Neuropeptide, die an der Erhaltung und dem Wachstum von Myelin und Nervenzellen beteiligt sind. Auf diese Weise wirkt der Wigweed-Pilz sch\u00fctzend auf die Nerven und k\u00f6nnte die verheerenden Auswirkungen von Alzheimer und Parkinson begrenzen.<\/p>\n<h3>Bei Magen- und Darmbeschwerden<\/h3>\n<p>Die L\u00f6wenm\u00e4hne von McMyco kann bei verschiedenen Magen-Darm-Beschwerden helfen. Sie k\u00f6nnen es bei Entz\u00fcndungen, Geschw\u00fcren, bakteriellen Infektionen und sogar bei Magenkrebs einsetzen. Probleme im Magen-Darm-Trakt werden oft durch Bakterien, wie z. B. H. Pylori, verursacht. Dieser spezielle Pilz kann das Wachstum dieses Bakteriums hemmen und hat gleichzeitig eine sch\u00fctzende Wirkung auf die Magenschleimhaut.<\/p>\n<h3>Unterst\u00fctzung des Immunsystems<\/h3>\n<p>Viele Pilze enthalten alle Arten von wertvollen Substanzen. Zum Beispiel ist die L\u00f6wenm\u00e4hne reich an nicht-linearen Polysacchariden. Das sind Antioxidantien, die unterst\u00fctzend auf die Abwehrkr\u00e4fte wirken, weil der K\u00f6rper sie als Baumaterial ben\u00f6tigt. So k\u00f6nnen Sie diese Erg\u00e4nzung verwenden, um Ihre Widerstandskraft zu erhalten und sich gegen Bakterien, Viren und andere Parasiten zu sch\u00fctzen.<\/p>\n<h3>McMyco&#8217;s L\u00f6wenm\u00e4hne einfach online kaufen<\/h3>\n<p>Wenn Sie L\u00f6wenm\u00e4hne verwenden m\u00f6chten, um Ihre Gesundheit zu unterst\u00fctzen, ist es gut zu wissen, dass dieser Pilz sicher zu verwenden ist. Vorsicht ist geboten bei Allergien, in der Schwangerschaft und Stillzeit. Dann ist es ratsam, Ihren Arzt um Rat zu fragen. Kaufen Sie dieses Supplement schnell und einfach in unserem Shop in einer Packung mit 120 Kapseln.<\/p>\n<p><strong>Zutaten:<\/strong><\/p>\n<p>Pro pflanzliche Zellulosekapsel: 400 mg Bio-L\u00f6wenm\u00e4hne (Hericium erinaceus) Extrakt aus 100% Fruchtk\u00f6rper (Pilz). Es ist ein Vollspektrumextrakt, der mittels H2O und Ethanol gewonnen wird. Dies dient dazu, das Beste aus den Fruchtk\u00f6rpern herauszuholen. Es enth\u00e4lt 30% Polysaccharide und Beta-Glucane.<\/p>\n<p>Hilfsstoffe: Magnesiumcitrat und Siliciumdioxid<br \/>\nDosierung: 2 x t\u00e4glich 1 Kapsel zu den Mahlzeiten mit Wasser.<br \/>\nInhalt : 120 Kapseln<\/p>\n","protected":false},"excerpt":{"rendered":"<p>L\u00f6wenm\u00e4hne von McMyco ist ein Nahrungserg\u00e4nzungsmittel zur Unterst\u00fctzung Ihrer Gesundheit. Wenn Sie im Wald auf den L\u00f6wenm\u00e4hnenpilz sto\u00dfen w\u00fcrden, h\u00e4tten Sie einen auff\u00e4lligen Anblick: Er sieht aus wie eine wei\u00dfe Per\u00fccke oder die M\u00e4hne eines L\u00f6wen, die am Stamm eines Baumes w\u00e4chst. Leider ist die Chance, sie in unserem Land anzutreffen, nicht gro\u00df, sie ist [&hellip;]<\/p>\n","protected":false},"featured_media":3527,"comment_status":"open","ping_status":"closed","template":"","meta":[],"product_brand":[],"product_cat":[293,114],"product_tag":[],"class_list":{"0":"post-4524","1":"product","2":"type-product","3":"status-publish","4":"has-post-thumbnail","6":"product_cat-erganzungen-fur-das-immunsystem","7":"product_cat-medizinische-pilze","9":"first","10":"instock","11":"taxable","12":"shipping-taxable","13":"purchasable","14":"product-type-simple"},"yoast_head":"<!-- This site is optimized with the Yoast SEO Premium plugin v26.4 (Yoast SEO v27.4) - https:\/\/yoast.com\/product\/yoast-seo-premium-wordpress\/ -->\n<title>L\u00f6wenm\u00e4hne (Hericium erinaceus)-120 Kapseln - Dutchmicrodosing<\/title>\n<meta name=\"robots\" content=\"index, follow, max-snippet:-1, max-image-preview:large, max-video-preview:-1\" \/>\n<link rel=\"canonical\" href=\"https:\/\/dutchmicrodosing.com\/de\/medizinische-pilze\/loewen-mann-hericium-erinaceus-120-kapseln\/\" \/>\n<meta property=\"og:locale\" content=\"de_DE\" \/>\n<meta property=\"og:type\" content=\"article\" \/>\n<meta property=\"og:title\" content=\"L\u00f6wenm\u00e4hne (Hericium erinaceus)-120 Kapseln\" \/>\n<meta property=\"og:description\" content=\"L\u00f6wenm\u00e4hne von McMyco ist ein Nahrungserg\u00e4nzungsmittel zur Unterst\u00fctzung Ihrer Gesundheit. Wenn Sie im Wald auf den L\u00f6wenm\u00e4hnenpilz sto\u00dfen w\u00fcrden, h\u00e4tten\" \/>\n<meta property=\"og:url\" content=\"https:\/\/dutchmicrodosing.com\/de\/medizinische-pilze\/loewen-mann-hericium-erinaceus-120-kapseln\/\" \/>\n<meta property=\"og:site_name\" content=\"Dutchmicrodosing\" \/>\n<meta property=\"article:publisher\" content=\"https:\/\/www.facebook.com\/Dutchmicrodosingxp\/\" \/>\n<meta property=\"article:modified_time\" content=\"2025-08-19T13:27:54+00:00\" \/>\n<meta property=\"og:image\" content=\"https:\/\/dutchmicrodosing.com\/wp-content\/uploads\/2021\/03\/Lions-mane-2-1.jpg\" \/>\n\t<meta property=\"og:image:width\" content=\"1000\" \/>\n\t<meta property=\"og:image:height\" content=\"1000\" \/>\n\t<meta property=\"og:image:type\" content=\"image\/jpeg\" \/>\n<meta name=\"twitter:card\" content=\"summary_large_image\" \/>\n<script type=\"application\/ld+json\" class=\"yoast-schema-graph\">{\"@context\":\"https:\\\/\\\/schema.org\",\"@graph\":[{\"@type\":\"WebPage\",\"@id\":\"https:\\\/\\\/dutchmicrodosing.com\\\/de\\\/medizinische-pilze\\\/loewen-mann-hericium-erinaceus-120-kapseln\\\/\",\"url\":\"https:\\\/\\\/dutchmicrodosing.com\\\/de\\\/medizinische-pilze\\\/loewen-mann-hericium-erinaceus-120-kapseln\\\/\",\"name\":\"L\u00f6wenm\u00e4hne (Hericium erinaceus)-120 Kapseln - Dutchmicrodosing\",\"isPartOf\":{\"@id\":\"https:\\\/\\\/dutchmicrodosing.com\\\/de\\\/#website\"},\"primaryImageOfPage\":{\"@id\":\"https:\\\/\\\/dutchmicrodosing.com\\\/de\\\/medizinische-pilze\\\/loewen-mann-hericium-erinaceus-120-kapseln\\\/#primaryimage\"},\"image\":{\"@id\":\"https:\\\/\\\/dutchmicrodosing.com\\\/de\\\/medizinische-pilze\\\/loewen-mann-hericium-erinaceus-120-kapseln\\\/#primaryimage\"},\"thumbnailUrl\":\"https:\\\/\\\/dutchmicrodosing.com\\\/wp-content\\\/uploads\\\/2021\\\/03\\\/Lions-mane-2-1.jpg\",\"datePublished\":\"2021-03-22T18:31:14+00:00\",\"dateModified\":\"2025-08-19T13:27:54+00:00\",\"breadcrumb\":{\"@id\":\"https:\\\/\\\/dutchmicrodosing.com\\\/de\\\/medizinische-pilze\\\/loewen-mann-hericium-erinaceus-120-kapseln\\\/#breadcrumb\"},\"inLanguage\":\"de\",\"potentialAction\":[{\"@type\":\"ReadAction\",\"target\":[\"https:\\\/\\\/dutchmicrodosing.com\\\/de\\\/medizinische-pilze\\\/loewen-mann-hericium-erinaceus-120-kapseln\\\/\"]}]},{\"@type\":\"ImageObject\",\"inLanguage\":\"de\",\"@id\":\"https:\\\/\\\/dutchmicrodosing.com\\\/de\\\/medizinische-pilze\\\/loewen-mann-hericium-erinaceus-120-kapseln\\\/#primaryimage\",\"url\":\"https:\\\/\\\/dutchmicrodosing.com\\\/wp-content\\\/uploads\\\/2021\\\/03\\\/Lions-mane-2-1.jpg\",\"contentUrl\":\"https:\\\/\\\/dutchmicrodosing.com\\\/wp-content\\\/uploads\\\/2021\\\/03\\\/Lions-mane-2-1.jpg\",\"width\":1000,\"height\":1000},{\"@type\":\"BreadcrumbList\",\"@id\":\"https:\\\/\\\/dutchmicrodosing.com\\\/de\\\/medizinische-pilze\\\/loewen-mann-hericium-erinaceus-120-kapseln\\\/#breadcrumb\",\"itemListElement\":[{\"@type\":\"ListItem\",\"position\":1,\"name\":\"Home\",\"item\":\"https:\\\/\\\/dutchmicrodosing.com\\\/de\\\/\"},{\"@type\":\"ListItem\",\"position\":2,\"name\":\"Shop\",\"item\":\"https:\\\/\\\/dutchmicrodosing.com\\\/de\\\/shop\\\/\"},{\"@type\":\"ListItem\",\"position\":3,\"name\":\"L\u00f6wenm\u00e4hne (Hericium erinaceus)-120 Kapseln\"}]},{\"@type\":\"WebSite\",\"@id\":\"https:\\\/\\\/dutchmicrodosing.com\\\/de\\\/#website\",\"url\":\"https:\\\/\\\/dutchmicrodosing.com\\\/de\\\/\",\"name\":\"Dutchmicrodosing\",\"description\":\"\",\"publisher\":{\"@id\":\"https:\\\/\\\/dutchmicrodosing.com\\\/de\\\/#organization\"},\"potentialAction\":[{\"@type\":\"SearchAction\",\"target\":{\"@type\":\"EntryPoint\",\"urlTemplate\":\"https:\\\/\\\/dutchmicrodosing.com\\\/de\\\/?s={search_term_string}\"},\"query-input\":{\"@type\":\"PropertyValueSpecification\",\"valueRequired\":true,\"valueName\":\"search_term_string\"}}],\"inLanguage\":\"de\"},{\"@type\":\"Organization\",\"@id\":\"https:\\\/\\\/dutchmicrodosing.com\\\/de\\\/#organization\",\"name\":\"Dutchmicrodosing\",\"url\":\"https:\\\/\\\/dutchmicrodosing.com\\\/de\\\/\",\"logo\":{\"@type\":\"ImageObject\",\"inLanguage\":\"de\",\"@id\":\"https:\\\/\\\/dutchmicrodosing.com\\\/de\\\/#\\\/schema\\\/logo\\\/image\\\/\",\"url\":\"https:\\\/\\\/dutchmicrodosing.com\\\/wp-content\\\/uploads\\\/2021\\\/01\\\/microdosing-categorie-pic-nieuw.jpg\",\"contentUrl\":\"https:\\\/\\\/dutchmicrodosing.com\\\/wp-content\\\/uploads\\\/2021\\\/01\\\/microdosing-categorie-pic-nieuw.jpg\",\"width\":500,\"height\":500,\"caption\":\"Dutchmicrodosing\"},\"image\":{\"@id\":\"https:\\\/\\\/dutchmicrodosing.com\\\/de\\\/#\\\/schema\\\/logo\\\/image\\\/\"},\"sameAs\":[\"https:\\\/\\\/www.facebook.com\\\/Dutchmicrodosingxp\\\/\",\"https:\\\/\\\/www.instagram.com\\\/dutchmicrodosing\\\/\"]}]}<\/script>\n<meta property=\"product:price:amount\" content=\"34.95\" \/>\n<meta property=\"product:price:currency\" content=\"EUR\" \/>\n<meta property=\"og:availability\" content=\"instock\" \/>\n<meta property=\"product:availability\" content=\"instock\" \/>\n<meta property=\"product:retailer_item_id\" content=\"1203592\" \/>\n<meta property=\"product:condition\" content=\"new\" \/>\n<!-- \/ Yoast SEO Premium plugin. -->","yoast_head_json":{"title":"L\u00f6wenm\u00e4hne (Hericium erinaceus)-120 Kapseln - Dutchmicrodosing","robots":{"index":"index","follow":"follow","max-snippet":"max-snippet:-1","max-image-preview":"max-image-preview:large","max-video-preview":"max-video-preview:-1"},"canonical":"https:\/\/dutchmicrodosing.com\/de\/medizinische-pilze\/loewen-mann-hericium-erinaceus-120-kapseln\/","og_locale":"de_DE","og_type":"article","og_title":"L\u00f6wenm\u00e4hne (Hericium erinaceus)-120 Kapseln","og_description":"L\u00f6wenm\u00e4hne von McMyco ist ein Nahrungserg\u00e4nzungsmittel zur Unterst\u00fctzung Ihrer Gesundheit. Wenn Sie im Wald auf den L\u00f6wenm\u00e4hnenpilz sto\u00dfen w\u00fcrden, h\u00e4tten","og_url":"https:\/\/dutchmicrodosing.com\/de\/medizinische-pilze\/loewen-mann-hericium-erinaceus-120-kapseln\/","og_site_name":"Dutchmicrodosing","article_publisher":"https:\/\/www.facebook.com\/Dutchmicrodosingxp\/","article_modified_time":"2025-08-19T13:27:54+00:00","og_image":[{"width":1000,"height":1000,"url":"https:\/\/dutchmicrodosing.com\/wp-content\/uploads\/2021\/03\/Lions-mane-2-1.jpg","type":"image\/jpeg"}],"twitter_card":"summary_large_image","schema":{"@context":"https:\/\/schema.org","@graph":[{"@type":"WebPage","@id":"https:\/\/dutchmicrodosing.com\/de\/medizinische-pilze\/loewen-mann-hericium-erinaceus-120-kapseln\/","url":"https:\/\/dutchmicrodosing.com\/de\/medizinische-pilze\/loewen-mann-hericium-erinaceus-120-kapseln\/","name":"L\u00f6wenm\u00e4hne (Hericium erinaceus)-120 Kapseln - Dutchmicrodosing","isPartOf":{"@id":"https:\/\/dutchmicrodosing.com\/de\/#website"},"primaryImageOfPage":{"@id":"https:\/\/dutchmicrodosing.com\/de\/medizinische-pilze\/loewen-mann-hericium-erinaceus-120-kapseln\/#primaryimage"},"image":{"@id":"https:\/\/dutchmicrodosing.com\/de\/medizinische-pilze\/loewen-mann-hericium-erinaceus-120-kapseln\/#primaryimage"},"thumbnailUrl":"https:\/\/dutchmicrodosing.com\/wp-content\/uploads\/2021\/03\/Lions-mane-2-1.jpg","datePublished":"2021-03-22T18:31:14+00:00","dateModified":"2025-08-19T13:27:54+00:00","breadcrumb":{"@id":"https:\/\/dutchmicrodosing.com\/de\/medizinische-pilze\/loewen-mann-hericium-erinaceus-120-kapseln\/#breadcrumb"},"inLanguage":"de","potentialAction":[{"@type":"ReadAction","target":["https:\/\/dutchmicrodosing.com\/de\/medizinische-pilze\/loewen-mann-hericium-erinaceus-120-kapseln\/"]}]},{"@type":"ImageObject","inLanguage":"de","@id":"https:\/\/dutchmicrodosing.com\/de\/medizinische-pilze\/loewen-mann-hericium-erinaceus-120-kapseln\/#primaryimage","url":"https:\/\/dutchmicrodosing.com\/wp-content\/uploads\/2021\/03\/Lions-mane-2-1.jpg","contentUrl":"https:\/\/dutchmicrodosing.com\/wp-content\/uploads\/2021\/03\/Lions-mane-2-1.jpg","width":1000,"height":1000},{"@type":"BreadcrumbList","@id":"https:\/\/dutchmicrodosing.com\/de\/medizinische-pilze\/loewen-mann-hericium-erinaceus-120-kapseln\/#breadcrumb","itemListElement":[{"@type":"ListItem","position":1,"name":"Home","item":"https:\/\/dutchmicrodosing.com\/de\/"},{"@type":"ListItem","position":2,"name":"Shop","item":"https:\/\/dutchmicrodosing.com\/de\/shop\/"},{"@type":"ListItem","position":3,"name":"L\u00f6wenm\u00e4hne (Hericium erinaceus)-120 Kapseln"}]},{"@type":"WebSite","@id":"https:\/\/dutchmicrodosing.com\/de\/#website","url":"https:\/\/dutchmicrodosing.com\/de\/","name":"Dutchmicrodosing","description":"","publisher":{"@id":"https:\/\/dutchmicrodosing.com\/de\/#organization"},"potentialAction":[{"@type":"SearchAction","target":{"@type":"EntryPoint","urlTemplate":"https:\/\/dutchmicrodosing.com\/de\/?s={search_term_string}"},"query-input":{"@type":"PropertyValueSpecification","valueRequired":true,"valueName":"search_term_string"}}],"inLanguage":"de"},{"@type":"Organization","@id":"https:\/\/dutchmicrodosing.com\/de\/#organization","name":"Dutchmicrodosing","url":"https:\/\/dutchmicrodosing.com\/de\/","logo":{"@type":"ImageObject","inLanguage":"de","@id":"https:\/\/dutchmicrodosing.com\/de\/#\/schema\/logo\/image\/","url":"https:\/\/dutchmicrodosing.com\/wp-content\/uploads\/2021\/01\/microdosing-categorie-pic-nieuw.jpg","contentUrl":"https:\/\/dutchmicrodosing.com\/wp-content\/uploads\/2021\/01\/microdosing-categorie-pic-nieuw.jpg","width":500,"height":500,"caption":"Dutchmicrodosing"},"image":{"@id":"https:\/\/dutchmicrodosing.com\/de\/#\/schema\/logo\/image\/"},"sameAs":["https:\/\/www.facebook.com\/Dutchmicrodosingxp\/","https:\/\/www.instagram.com\/dutchmicrodosing\/"]}]},"product_price_amount":"34.95","product_price_currency":"EUR","og_availability":"instock","product_availability":"instock","product_retailer_item_id":"1203592","product_condition":"new"},"_links":{"self":[{"href":"https:\/\/dutchmicrodosing.com\/de\/wp-json\/wp\/v2\/product\/4524","targetHints":{"allow":["GET"]}}],"collection":[{"href":"https:\/\/dutchmicrodosing.com\/de\/wp-json\/wp\/v2\/product"}],"about":[{"href":"https:\/\/dutchmicrodosing.com\/de\/wp-json\/wp\/v2\/types\/product"}],"replies":[{"embeddable":true,"href":"https:\/\/dutchmicrodosing.com\/de\/wp-json\/wp\/v2\/comments?post=4524"}],"version-history":[{"count":0,"href":"https:\/\/dutchmicrodosing.com\/de\/wp-json\/wp\/v2\/product\/4524\/revisions"}],"wp:featuredmedia":[{"embeddable":true,"href":"https:\/\/dutchmicrodosing.com\/de\/wp-json\/wp\/v2\/media\/3527"}],"wp:attachment":[{"href":"https:\/\/dutchmicrodosing.com\/de\/wp-json\/wp\/v2\/media?parent=4524"}],"wp:term":[{"taxonomy":"product_brand","embeddable":true,"href":"https:\/\/dutchmicrodosing.com\/de\/wp-json\/wp\/v2\/product_brand?post=4524"},{"taxonomy":"product_cat","embeddable":true,"href":"https:\/\/dutchmicrodosing.com\/de\/wp-json\/wp\/v2\/product_cat?post=4524"},{"taxonomy":"product_tag","embeddable":true,"href":"https:\/\/dutchmicrodosing.com\/de\/wp-json\/wp\/v2\/product_tag?post=4524"}],"curies":[{"name":"wp","href":"https:\/\/api.w.org\/{rel}","templated":true}]}}