{"id":4525,"date":"2021-03-08T17:17:37","date_gmt":"2021-05-01T13:23:59","guid":{"rendered":"https:\/\/dutchmicrodosing.com\/shop\/unkategorisiert\/kambodschanische-xp\/"},"modified":"2024-01-16T14:54:00","modified_gmt":"2024-01-16T13:54:00","slug":"kambodschan-xp","status":"publish","type":"product","link":"https:\/\/dutchmicrodosing.com\/de\/zauberpilze-zuchtsets\/fresh-mushrooms-zuchtset\/kambodschan-xp\/","title":{"rendered":"Kambodschanische XP"},"content":{"rendered":"<p>F\u00fcr einen mittelstarken Trip mit philosophischen Lektionen w\u00e4hlen Sie das <strong>Fresh Mushrooms Cambodian XP Growkit.<\/strong> Haben Sie schon einmal Magic Mushrooms verwendet und sind Sie auf der Suche nach etwas mehr? Dann sind Sie bereit f\u00fcr den Kambodschaner. Die psychedelischen Effekte sind mittelstark und sch\u00f6n ausgewogen. Dadurch sind sie f\u00fcr Anf\u00e4nger und erfahrenere Psychonauten geeignet.<\/p>\n<h2>Z\u00fcchten Sie Ihre eigenen kambodschanischen Pilze zu Hause<\/h2>\n<p>Mit einem Growkit k\u00f6nnen Sie Ihre eigenen kambodschanischen Pilze zu Hause z\u00fcchten. Das ist nicht schwer, vor allem, wenn Sie sich f\u00fcr das Fresh Mushrooms Grow Kit entscheiden. Es macht das Z\u00fcchten von Pilzen einfach. Au\u00dferdem ist der Psilocybe Cubensis Cambodian ein sehr winterharter Zauberpilz, der schnell w\u00e4chst und fast immer auftaucht. Im Growkit finden Sie alles, was Sie brauchen, um Ihren Grow zu starten. Wenn Sie die magischen Pilze verwenden werden, dann werden Sie definitiv eine wunderbare Erfahrung haben. Es sind visuelle Effekte m\u00f6glich, aber der Effekt wird auch Ihr Denken beeinflussen und Sie zu philosophischen \u00dcberlegungen \u00fcber das Leben anregen.<\/p>\n<h2>Wirkungen der kambodschanischen Zauberpilze<\/h2>\n<p>Kambodschanische Pilze k\u00f6nnen visuelle Halluzinationen verursachen. Benutzer bemerken Lichteffekte, Farben sind heller und manchmal sind Objekte verzerrt. Diese visuellen Effekte k\u00f6nnen als mild bezeichnet werden. M\u00f6glicherweise beginnen Sie auch, Ger\u00e4usche anders zu h\u00f6ren. Aber die kambodschanischen Zauberpilze sind vor allem f\u00fcr ihren philosophischen Einfluss bekannt: Es kommt oft vor, dass Menschen besondere Einsichten bekommen, \u00fcber sich selbst oder \u00fcber das Leben. Sie f\u00fchlen sich kreativ und inspiriert.<\/p>\n<p>Sie k\u00f6nnen auch den \u00dcberblick \u00fcber die Zeit verlieren. Au\u00dferdem kann dieser Zauberpilz ein euphorisches Gef\u00fchl vermitteln. Es ist auch m\u00f6glich, dass Sie Probleme beim Sprechen haben, was bedeutet, dass Sie W\u00f6rter und S\u00e4tze nicht so gut aussprechen k\u00f6nnen. Der kambodschanische Pilz ist mittelstark und wir empfehlen ihn f\u00fcr Leute, die schon ein- oder zweimal gestolpert sind.<\/p>\n<h2>Der kambodschanische Pilz: Woher kommt er?<\/h2>\n<p>Der kambodschanische Pilz stammt aus Kambodscha und wurde erstmals von dem Mykologen John Allen gefunden, als er in diesem Land unterwegs war. Er fand den Pilz in der N\u00e4he des ber\u00fchmten Angkor-Watt-Tempels. Obwohl die westliche Welt erst mit der bewusstseinserweiternden Wirkung bekannt wurde, wusste die urspr\u00fcngliche Bev\u00f6lkerung sehr wohl, welche Eigenschaften der Pilz hat. Sie benutzten es jahrhundertelang bei Ritualen, um Kontakt mit den Geistern aufzunehmen.<\/p>\n<h2>Manuelles kambodschanisches Grow-Kit<\/h2>\n<p><a href=\"https:\/\/dutchmicrodosing.com\/de\/growkit_manual\/\">Hier herunterladen : Fresh Mushroom Growkit Manual<\/a><\/p>\n<ol>\n<li>Nehmen Sie das Kulturset, den Plastikbeutel und die B\u00fcroklammer aus der Schachtel. Nehmen Sie den Deckel des Anbausatzes ab (bewahren Sie den Deckel an einem sicheren Ort auf). Sp\u00fclen Sie den Deckel unter flie\u00dfendem Wasser ab. Sie werden sie sp\u00e4ter wieder brauchen.<\/li>\n<li>Legen Sie das Kulturset ohne Deckel in den mitgelieferten Plastikbeutel. Schieben Sie die \u00d6ffnung des Beutels mit der Mikroperforation nach oben unter den Boden. Die \u00d6ffnung des Beutels ist nun weitgehend geschlossen. Um die Luftzirkulation brauchen Sie sich nicht zu k\u00fcmmern.<\/li>\n<li>Sobald Sie sehen, dass kleine Kugeln wachsen, k\u00f6nnen Sie den Beutel aufrecht stellen. Nicht w\u00e4ssern. Die ersten Pilze werden nach ca. 1 Woche sichtbar sein.<\/li>\n<li>Stellen Sie das Anzuchtset an einen Ort mit ausreichend Tageslicht und einer Temperatur zwischen 18 \u00b0C und 28 \u00b0C. Stellen Sie das Kulturset NIEMALS in direktes Sonnenlicht. Obwohl Pilze bei fast jeder Temperatur \u00fcber 15 \u00b0C wachsen, ist 23 \u00b0C die ideale Temperatur f\u00fcr eine optimale Ernte. Um diese Temperatur zu gew\u00e4hrleisten und nicht den ganzen Raum heizen zu m\u00fcssen, gibt es spezielle Heizmatten.<\/li>\n<li>Lassen Sie den Beutel ab diesem Zeitpunkt immer leicht ge\u00f6ffnet, damit die Feuchtigkeit ein wenig verdunsten kann. Zu viel Feuchtigkeit ist nicht gut. Die erste Ernte erfolgt etwa eine Woche nach dem Erscheinen der ersten Zwiebeln. Achten Sie darauf, dass Sie ernten, bevor die ersten Sporen fallen!<\/li>\n<li>Diese Sets liefern mehrere Pilzernten. F\u00fcllen Sie dazu das Set nach der ersten Ernte mit sauberem Leitungswasser. Dieser Vorgang wird als K\u00e4lteschock bezeichnet und haucht dem Myzel neues Leben ein und sorgt daf\u00fcr, dass die Pilze ausreichend Feuchtigkeit f\u00fcr ihr Wachstum erhalten.<\/li>\n<li>Setzen Sie den Deckel des Kulturkits wieder auf das Kit. Lassen Sie das Set 12 Stunden lang ruhen. \u00d6ffnen Sie eine Ecke des Deckels und lassen Sie \u00fcbersch\u00fcssiges Wasser abtropfen. Von hier aus k\u00f6nnen Sie die Anweisungen von Schritt 1 erneut befolgen. Dieser Vorgang kann mehrmals wiederholt werden.<\/li>\n<\/ol>\n<div>\n<h2>Die Ernte Ihres Fresh Mushrooms Mushroom Grow Kit<\/h2>\n<p>Freshmushrooms Grow Kits bringen recht schnell die erste Ernte. Nach einer Woche sind bereits die ersten Knospen zu sehen. Niedrige und hohe Temperaturen k\u00f6nnen diesen Wachstumsprozess etwas verlangsamen. Sobald die Knospen sichtbar sind, dauert es in der Regel eine Woche, bis sich die Pilze vollst\u00e4ndig entwickelt haben.<\/p>\n<p>Der Zeitpunkt der Ernte ist \u00e4u\u00dferst wichtig. Wenn die Membranen unter den H\u00fcten noch dicht sind, aber durch die Kraft der H\u00fcte zu platzen oder sich zu l\u00f6sen drohen, ist es Zeit f\u00fcr die Ernte.<\/p>\n<\/div>\n<h3>Wie viel sollten Sie nehmen?<\/h3>\n<p>Wir raten Anf\u00e4ngern immer, vorsichtig mit der Dosierung von Magic Mushrooms zu sein. Wenn Sie noch nie einen Trip gemacht haben, sollten Sie eine geringere Dosis einnehmen, als wenn Sie bereits erfahren sind. Je mehr Sie nehmen, desto schwerer ist die Spitze. Bei der Dosierung ist es auch wichtig, wie viel Sie wiegen und ob Sie etwas im Magen haben. Die folgenden Richtlinien k\u00f6nnen Ihnen auf Ihrem Weg helfen:<\/p>\n<ul>\n<li>Mikrodosierung: 0,2 Gramm getrocknete Champignons | 2 Gramm frische Champignons<\/li>\n<li>Milder Trip: 1 Gramm getrocknete Pilze | 9 Gramm frische Pilze<\/li>\n<li>Normale Reise: 2 Gramm getrocknete Pilze | 21 Gramm frische Pilze<\/li>\n<li>Intensive Reise: 3,5 Gramm getrocknete Pilze | 35 Gramm frische Pilze<\/li>\n<\/ul>\n<p>Trippen mit Magic Mushrooms ist eine pers\u00f6nliche Erfahrung. Jeder Mensch reagiert anders, und was f\u00fcr den einen angenehm ist, ist es f\u00fcr den anderen nicht. Lassen Sie sich nicht dazu \u00fcberreden, etwas zu tun, was sich nicht richtig anf\u00fchlt. Frische Pilze Kambodschanische XP Pilze eignen sich zum Rohverzehr oder zum Trocknen. Sie k\u00f6nnen auch magischen Pilztee zubereiten. Kochen Sie etwas Wasser, lassen Sie es etwas abk\u00fchlen und gie\u00dfen Sie es \u00fcber die Champignons. Lassen Sie den Tee 20 Minuten lang ziehen und trinken Sie ihn dann.<\/p>\n<h3>Vorbereiten der Reise<\/h3>\n<p>Bevor Sie mit dem Ausl\u00f6sen beginnen, k\u00f6nnen Sie sich Gedanken \u00fcber das Set und die Einstellung machen. Das bedeutet, dass Sie zun\u00e4chst entscheiden m\u00fcssen, wo Sie die Reise antreten: in Ihrem eigenen Haus oder bei Freunden? Und wer wird dort sein? W\u00e4hlen Sie einen Ort, an dem Sie sich entspannt f\u00fchlen und umgeben Sie sich mit Menschen, denen Sie vertrauen k\u00f6nnen. Werfen Sie auch einen Blick auf Ihren eigenen mentalen und emotionalen Zustand. Wenn Sie unruhig, \u00e4ngstlich oder w\u00fctend sind, kann sich dies negativ auf Ihre Reise auswirken.<\/p>\n<p>Nehmen Sie einen Tripsitter mit. Diese Person bleibt n\u00fcchtern und nimmt daher weder Alkohol noch Drogen. Wenn Sie die kambodschanischen Pilze nehmen, wird Ihnen der Tripsitter bei Bedarf zur Seite stehen. Es ist sch\u00f6n, wenn die Reise ein bisschen schwer ist, dass es jemanden gibt, der einen beruhigen kann. Sorgen Sie auch f\u00fcr einen Tripstopper, dieser kann die Wirkung des Pilzes schneller abklingen lassen.<\/p>\n<h2>Kaufen Sie Ihr kambodschanisches XP-Pilzzucht-Set online<\/h2>\n<p>Sind Sie auf der Suche nach einem sch\u00f6nen Pilz, mit dem Sie eine gute Reise machen k\u00f6nnen? Wenn Sie Anf\u00e4nger sind oder bereits Erfahrung haben, dann ist der Cambodian XP ideal. Bestellen Sie Ihr eigenes Growkit in unserem Webshop, damit Sie sie einfach zu Hause z\u00fcchten und selbst erleben k\u00f6nnen, was dieser Pilz Ihnen beizubringen hat. Das Grow-Kit wird Ihnen in einer sicheren, neutralen Verpackung zugeschickt.<\/p>\n","protected":false},"excerpt":{"rendered":"<p>F\u00fcr einen mittelstarken Trip mit philosophischen Lektionen w\u00e4hlen Sie das Fresh Mushrooms Cambodian XP Growkit. Haben Sie schon einmal Magic Mushrooms verwendet und sind Sie auf der Suche nach etwas mehr? Dann sind Sie bereit f\u00fcr den Kambodschaner. Die psychedelischen Effekte sind mittelstark und sch\u00f6n ausgewogen. Dadurch sind sie f\u00fcr Anf\u00e4nger und erfahrenere Psychonauten geeignet. [&hellip;]<\/p>\n","protected":false},"featured_media":3571,"comment_status":"open","ping_status":"closed","template":"","meta":[],"product_brand":[],"product_cat":[115],"product_tag":[],"class_list":{"0":"post-4525","1":"product","2":"type-product","3":"status-publish","4":"has-post-thumbnail","6":"product_cat-fresh-mushrooms-zuchtset","8":"first","9":"instock","10":"taxable","11":"shipping-taxable","12":"purchasable","13":"product-type-simple"},"yoast_head":"<!-- This site is optimized with the Yoast SEO Premium plugin v26.4 (Yoast SEO v27.2) - https:\/\/yoast.com\/product\/yoast-seo-premium-wordpress\/ -->\n<title>Kaufen Sie Ihr kambodschanisches XP-Pilzzucht-Set online | Diskrete Lieferung<\/title>\n<meta name=\"description\" content=\"Sind Sie auf der Suche nach einem sch\u00f6nen Pilz, mit dem Sie eine gute Reise machen k\u00f6nnen? Wenn Sie ein Anf\u00e4nger sind oder schon etwas Erfahrung haben, dann ist der Cambodian XP der ideale Pilz.\" \/>\n<meta name=\"robots\" content=\"index, follow, max-snippet:-1, max-image-preview:large, max-video-preview:-1\" \/>\n<link rel=\"canonical\" href=\"https:\/\/dutchmicrodosing.com\/de\/zauberpilze-zuchtsets\/fresh-mushrooms-zuchtset\/kambodschan-xp\/\" \/>\n<meta property=\"og:locale\" content=\"de_DE\" \/>\n<meta property=\"og:type\" content=\"article\" \/>\n<meta property=\"og:title\" content=\"Kambodschanische XP\" \/>\n<meta property=\"og:description\" content=\"F\u00fcr einen mittelstarken Trip mit philosophischen Lektionen w\u00e4hlen Sie das Fresh Mushrooms Cambodian XP Growkit. Haben Sie schon einmal Magic Mushrooms\" \/>\n<meta property=\"og:url\" content=\"https:\/\/dutchmicrodosing.com\/de\/zauberpilze-zuchtsets\/fresh-mushrooms-zuchtset\/kambodschan-xp\/\" \/>\n<meta property=\"og:site_name\" content=\"Dutchmicrodosing\" \/>\n<meta property=\"article:publisher\" content=\"https:\/\/www.facebook.com\/Dutchmicrodosingxp\/\" \/>\n<meta property=\"article:modified_time\" content=\"2024-01-16T13:54:00+00:00\" \/>\n<meta property=\"og:image\" content=\"https:\/\/dutchmicrodosing.com\/wp-content\/uploads\/2021\/02\/Cabodian-xp.jpg\" \/>\n\t<meta property=\"og:image:width\" content=\"500\" \/>\n\t<meta property=\"og:image:height\" content=\"500\" \/>\n\t<meta property=\"og:image:type\" content=\"image\/jpeg\" \/>\n<meta name=\"twitter:card\" content=\"summary_large_image\" \/>\n<script type=\"application\/ld+json\" class=\"yoast-schema-graph\">{\"@context\":\"https:\/\/schema.org\",\"@graph\":[{\"@type\":\"WebPage\",\"@id\":\"https:\/\/dutchmicrodosing.com\/de\/zauberpilze-zuchtsets\/fresh-mushrooms-zuchtset\/kambodschan-xp\/\",\"url\":\"https:\/\/dutchmicrodosing.com\/de\/zauberpilze-zuchtsets\/fresh-mushrooms-zuchtset\/kambodschan-xp\/\",\"name\":\"Kaufen Sie Ihr kambodschanisches XP-Pilzzucht-Set online | Diskrete Lieferung\",\"isPartOf\":{\"@id\":\"https:\/\/dutchmicrodosing.com\/de\/#website\"},\"primaryImageOfPage\":{\"@id\":\"https:\/\/dutchmicrodosing.com\/de\/zauberpilze-zuchtsets\/fresh-mushrooms-zuchtset\/kambodschan-xp\/#primaryimage\"},\"image\":{\"@id\":\"https:\/\/dutchmicrodosing.com\/de\/zauberpilze-zuchtsets\/fresh-mushrooms-zuchtset\/kambodschan-xp\/#primaryimage\"},\"thumbnailUrl\":\"https:\/\/dutchmicrodosing.com\/wp-content\/uploads\/2021\/02\/Cabodian-xp.jpg\",\"datePublished\":\"2021-05-01T13:23:59+00:00\",\"dateModified\":\"2024-01-16T13:54:00+00:00\",\"description\":\"Sind Sie auf der Suche nach einem sch\u00f6nen Pilz, mit dem Sie eine gute Reise machen k\u00f6nnen? Wenn Sie ein Anf\u00e4nger sind oder schon etwas Erfahrung haben, dann ist der Cambodian XP der ideale Pilz.\",\"breadcrumb\":{\"@id\":\"https:\/\/dutchmicrodosing.com\/de\/zauberpilze-zuchtsets\/fresh-mushrooms-zuchtset\/kambodschan-xp\/#breadcrumb\"},\"inLanguage\":\"de\",\"potentialAction\":[{\"@type\":\"ReadAction\",\"target\":[\"https:\/\/dutchmicrodosing.com\/de\/zauberpilze-zuchtsets\/fresh-mushrooms-zuchtset\/kambodschan-xp\/\"]}]},{\"@type\":\"ImageObject\",\"inLanguage\":\"de\",\"@id\":\"https:\/\/dutchmicrodosing.com\/de\/zauberpilze-zuchtsets\/fresh-mushrooms-zuchtset\/kambodschan-xp\/#primaryimage\",\"url\":\"https:\/\/dutchmicrodosing.com\/wp-content\/uploads\/2021\/02\/Cabodian-xp.jpg\",\"contentUrl\":\"https:\/\/dutchmicrodosing.com\/wp-content\/uploads\/2021\/02\/Cabodian-xp.jpg\",\"width\":500,\"height\":500},{\"@type\":\"BreadcrumbList\",\"@id\":\"https:\/\/dutchmicrodosing.com\/de\/zauberpilze-zuchtsets\/fresh-mushrooms-zuchtset\/kambodschan-xp\/#breadcrumb\",\"itemListElement\":[{\"@type\":\"ListItem\",\"position\":1,\"name\":\"Home\",\"item\":\"https:\/\/dutchmicrodosing.com\/de\/\"},{\"@type\":\"ListItem\",\"position\":2,\"name\":\"Shop\",\"item\":\"https:\/\/dutchmicrodosing.com\/de\/shop\/\"},{\"@type\":\"ListItem\",\"position\":3,\"name\":\"Kambodschanische XP\"}]},{\"@type\":\"WebSite\",\"@id\":\"https:\/\/dutchmicrodosing.com\/de\/#website\",\"url\":\"https:\/\/dutchmicrodosing.com\/de\/\",\"name\":\"Dutchmicrodosing\",\"description\":\"\",\"publisher\":{\"@id\":\"https:\/\/dutchmicrodosing.com\/de\/#organization\"},\"potentialAction\":[{\"@type\":\"SearchAction\",\"target\":{\"@type\":\"EntryPoint\",\"urlTemplate\":\"https:\/\/dutchmicrodosing.com\/de\/?s={search_term_string}\"},\"query-input\":{\"@type\":\"PropertyValueSpecification\",\"valueRequired\":true,\"valueName\":\"search_term_string\"}}],\"inLanguage\":\"de\"},{\"@type\":\"Organization\",\"@id\":\"https:\/\/dutchmicrodosing.com\/de\/#organization\",\"name\":\"Dutchmicrodosing\",\"url\":\"https:\/\/dutchmicrodosing.com\/de\/\",\"logo\":{\"@type\":\"ImageObject\",\"inLanguage\":\"de\",\"@id\":\"https:\/\/dutchmicrodosing.com\/de\/#\/schema\/logo\/image\/\",\"url\":\"https:\/\/dutchmicrodosing.com\/wp-content\/uploads\/2021\/01\/microdosing-categorie-pic-nieuw.jpg\",\"contentUrl\":\"https:\/\/dutchmicrodosing.com\/wp-content\/uploads\/2021\/01\/microdosing-categorie-pic-nieuw.jpg\",\"width\":500,\"height\":500,\"caption\":\"Dutchmicrodosing\"},\"image\":{\"@id\":\"https:\/\/dutchmicrodosing.com\/de\/#\/schema\/logo\/image\/\"},\"sameAs\":[\"https:\/\/www.facebook.com\/Dutchmicrodosingxp\/\",\"https:\/\/www.instagram.com\/dutchmicrodosing\/\"]}]}<\/script>\n<meta property=\"product:price:amount\" content=\"39.95\" \/>\n<meta property=\"product:price:currency\" content=\"EUR\" \/>\n<meta property=\"og:availability\" content=\"instock\" \/>\n<meta property=\"product:availability\" content=\"instock\" \/>\n<meta property=\"product:retailer_item_id\" content=\"0208957\" \/>\n<meta property=\"product:condition\" content=\"new\" \/>\n<!-- \/ Yoast SEO Premium plugin. -->","yoast_head_json":{"title":"Kaufen Sie Ihr kambodschanisches XP-Pilzzucht-Set online | Diskrete Lieferung","description":"Sind Sie auf der Suche nach einem sch\u00f6nen Pilz, mit dem Sie eine gute Reise machen k\u00f6nnen? Wenn Sie ein Anf\u00e4nger sind oder schon etwas Erfahrung haben, dann ist der Cambodian XP der ideale Pilz.","robots":{"index":"index","follow":"follow","max-snippet":"max-snippet:-1","max-image-preview":"max-image-preview:large","max-video-preview":"max-video-preview:-1"},"canonical":"https:\/\/dutchmicrodosing.com\/de\/zauberpilze-zuchtsets\/fresh-mushrooms-zuchtset\/kambodschan-xp\/","og_locale":"de_DE","og_type":"article","og_title":"Kambodschanische XP","og_description":"F\u00fcr einen mittelstarken Trip mit philosophischen Lektionen w\u00e4hlen Sie das Fresh Mushrooms Cambodian XP Growkit. Haben Sie schon einmal Magic Mushrooms","og_url":"https:\/\/dutchmicrodosing.com\/de\/zauberpilze-zuchtsets\/fresh-mushrooms-zuchtset\/kambodschan-xp\/","og_site_name":"Dutchmicrodosing","article_publisher":"https:\/\/www.facebook.com\/Dutchmicrodosingxp\/","article_modified_time":"2024-01-16T13:54:00+00:00","og_image":[{"width":500,"height":500,"url":"https:\/\/dutchmicrodosing.com\/wp-content\/uploads\/2021\/02\/Cabodian-xp.jpg","type":"image\/jpeg"}],"twitter_card":"summary_large_image","schema":{"@context":"https:\/\/schema.org","@graph":[{"@type":"WebPage","@id":"https:\/\/dutchmicrodosing.com\/de\/zauberpilze-zuchtsets\/fresh-mushrooms-zuchtset\/kambodschan-xp\/","url":"https:\/\/dutchmicrodosing.com\/de\/zauberpilze-zuchtsets\/fresh-mushrooms-zuchtset\/kambodschan-xp\/","name":"Kaufen Sie Ihr kambodschanisches XP-Pilzzucht-Set online | Diskrete Lieferung","isPartOf":{"@id":"https:\/\/dutchmicrodosing.com\/de\/#website"},"primaryImageOfPage":{"@id":"https:\/\/dutchmicrodosing.com\/de\/zauberpilze-zuchtsets\/fresh-mushrooms-zuchtset\/kambodschan-xp\/#primaryimage"},"image":{"@id":"https:\/\/dutchmicrodosing.com\/de\/zauberpilze-zuchtsets\/fresh-mushrooms-zuchtset\/kambodschan-xp\/#primaryimage"},"thumbnailUrl":"https:\/\/dutchmicrodosing.com\/wp-content\/uploads\/2021\/02\/Cabodian-xp.jpg","datePublished":"2021-05-01T13:23:59+00:00","dateModified":"2024-01-16T13:54:00+00:00","description":"Sind Sie auf der Suche nach einem sch\u00f6nen Pilz, mit dem Sie eine gute Reise machen k\u00f6nnen? Wenn Sie ein Anf\u00e4nger sind oder schon etwas Erfahrung haben, dann ist der Cambodian XP der ideale Pilz.","breadcrumb":{"@id":"https:\/\/dutchmicrodosing.com\/de\/zauberpilze-zuchtsets\/fresh-mushrooms-zuchtset\/kambodschan-xp\/#breadcrumb"},"inLanguage":"de","potentialAction":[{"@type":"ReadAction","target":["https:\/\/dutchmicrodosing.com\/de\/zauberpilze-zuchtsets\/fresh-mushrooms-zuchtset\/kambodschan-xp\/"]}]},{"@type":"ImageObject","inLanguage":"de","@id":"https:\/\/dutchmicrodosing.com\/de\/zauberpilze-zuchtsets\/fresh-mushrooms-zuchtset\/kambodschan-xp\/#primaryimage","url":"https:\/\/dutchmicrodosing.com\/wp-content\/uploads\/2021\/02\/Cabodian-xp.jpg","contentUrl":"https:\/\/dutchmicrodosing.com\/wp-content\/uploads\/2021\/02\/Cabodian-xp.jpg","width":500,"height":500},{"@type":"BreadcrumbList","@id":"https:\/\/dutchmicrodosing.com\/de\/zauberpilze-zuchtsets\/fresh-mushrooms-zuchtset\/kambodschan-xp\/#breadcrumb","itemListElement":[{"@type":"ListItem","position":1,"name":"Home","item":"https:\/\/dutchmicrodosing.com\/de\/"},{"@type":"ListItem","position":2,"name":"Shop","item":"https:\/\/dutchmicrodosing.com\/de\/shop\/"},{"@type":"ListItem","position":3,"name":"Kambodschanische XP"}]},{"@type":"WebSite","@id":"https:\/\/dutchmicrodosing.com\/de\/#website","url":"https:\/\/dutchmicrodosing.com\/de\/","name":"Dutchmicrodosing","description":"","publisher":{"@id":"https:\/\/dutchmicrodosing.com\/de\/#organization"},"potentialAction":[{"@type":"SearchAction","target":{"@type":"EntryPoint","urlTemplate":"https:\/\/dutchmicrodosing.com\/de\/?s={search_term_string}"},"query-input":{"@type":"PropertyValueSpecification","valueRequired":true,"valueName":"search_term_string"}}],"inLanguage":"de"},{"@type":"Organization","@id":"https:\/\/dutchmicrodosing.com\/de\/#organization","name":"Dutchmicrodosing","url":"https:\/\/dutchmicrodosing.com\/de\/","logo":{"@type":"ImageObject","inLanguage":"de","@id":"https:\/\/dutchmicrodosing.com\/de\/#\/schema\/logo\/image\/","url":"https:\/\/dutchmicrodosing.com\/wp-content\/uploads\/2021\/01\/microdosing-categorie-pic-nieuw.jpg","contentUrl":"https:\/\/dutchmicrodosing.com\/wp-content\/uploads\/2021\/01\/microdosing-categorie-pic-nieuw.jpg","width":500,"height":500,"caption":"Dutchmicrodosing"},"image":{"@id":"https:\/\/dutchmicrodosing.com\/de\/#\/schema\/logo\/image\/"},"sameAs":["https:\/\/www.facebook.com\/Dutchmicrodosingxp\/","https:\/\/www.instagram.com\/dutchmicrodosing\/"]}]},"product_price_amount":"39.95","product_price_currency":"EUR","og_availability":"instock","product_availability":"instock","product_retailer_item_id":"0208957","product_condition":"new"},"_links":{"self":[{"href":"https:\/\/dutchmicrodosing.com\/de\/wp-json\/wp\/v2\/product\/4525","targetHints":{"allow":["GET"]}}],"collection":[{"href":"https:\/\/dutchmicrodosing.com\/de\/wp-json\/wp\/v2\/product"}],"about":[{"href":"https:\/\/dutchmicrodosing.com\/de\/wp-json\/wp\/v2\/types\/product"}],"replies":[{"embeddable":true,"href":"https:\/\/dutchmicrodosing.com\/de\/wp-json\/wp\/v2\/comments?post=4525"}],"version-history":[{"count":0,"href":"https:\/\/dutchmicrodosing.com\/de\/wp-json\/wp\/v2\/product\/4525\/revisions"}],"wp:featuredmedia":[{"embeddable":true,"href":"https:\/\/dutchmicrodosing.com\/de\/wp-json\/wp\/v2\/media\/3571"}],"wp:attachment":[{"href":"https:\/\/dutchmicrodosing.com\/de\/wp-json\/wp\/v2\/media?parent=4525"}],"wp:term":[{"taxonomy":"product_brand","embeddable":true,"href":"https:\/\/dutchmicrodosing.com\/de\/wp-json\/wp\/v2\/product_brand?post=4525"},{"taxonomy":"product_cat","embeddable":true,"href":"https:\/\/dutchmicrodosing.com\/de\/wp-json\/wp\/v2\/product_cat?post=4525"},{"taxonomy":"product_tag","embeddable":true,"href":"https:\/\/dutchmicrodosing.com\/de\/wp-json\/wp\/v2\/product_tag?post=4525"}],"curies":[{"name":"wp","href":"https:\/\/api.w.org\/{rel}","templated":true}]}}