{"id":4526,"date":"2021-03-08T17:14:57","date_gmt":"2021-05-01T13:24:17","guid":{"rendered":"https:\/\/dutchmicrodosing.com\/shop\/niet-gecategoriseerd\/mazatapec-xp-2\/"},"modified":"2024-01-16T15:32:30","modified_gmt":"2024-01-16T14:32:30","slug":"mazatapec-xp","status":"publish","type":"product","link":"https:\/\/dutchmicrodosing.com\/de\/zauberpilze-zuchtsets\/fresh-mushrooms-zuchtset\/mazatapec-xp\/","title":{"rendered":"Mazatapec XP"},"content":{"rendered":"<p>Der <strong>Psilocybe cubensis Mazatapec-Pilz<\/strong> stammt aus Mexiko, aus der gleichnamigen Region. Es ist f\u00fcr Anwender geeignet, die schon einmal gestolpert sind. Die Wirkung der Mazatapec ist nur ein bisschen heftiger als die der thail\u00e4ndischen oder kambodschanischen Magic Mushrooms. Wir empfehlen daher, es nur zu verwenden, wenn Sie etwas Erfahrung haben.<\/p>\n<h2>Z\u00fcchten Sie Ihr eigenes Mazatapec mit diesem Growkit<\/h2>\n<p>Wenn Sie einen intensiveren Trip wollen, als Sie ihn mit thail\u00e4ndischen oder mexikanischen Magic Mushrooms bekommen k\u00f6nnen, aber Ecuadorianer und McKennaii f\u00fcr Sie einfach einen Schritt zu weit sind, dann ist der Mazatapec XP die richtige Wahl. Sie helfen Ihnen, mehr aus Ihren Reisen herauszuholen und tiefer zu gehen. Und Sie m\u00fcssen sich keine Gedanken \u00fcber eine m\u00f6gliche Fehlfahrt machen. Beim Tripping mit Psilocybe cubensis Mazatapec kommt es nie zu einem schlechten Trip, auch nicht bei hoher Dosierung.<\/p>\n<h3>Ein bisschen Geschichte<\/h3>\n<p>Diese magischen Pilze werden seit Jahrhunderten von der indigenen Bev\u00f6lkerung Mexikos kultiviert. Sie verwenden die langen, blassen Pilze mit ihren goldenen H\u00fcten f\u00fcr religi\u00f6se Zwecke. Der Mazatapec XP Pilz w\u00e4chst schnell und ist einfach zu z\u00fcchten, sogar zu Hause mit Ihrem eigenen Fresh Mushrooms Growkit.<\/p>\n<h2>Mazatapec Breeding Kit Handbuch<\/h2>\n<p><a href=\"https:\/\/dutchmicrodosing.com\/de\/growkit_manual\/\">Hier herunterladen : Fresh Mushroom Growkit Manual<\/a><\/p>\n<ol>\n<li>Nehmen Sie das Kulturset, den Plastikbeutel und die B\u00fcroklammer aus der Schachtel. Nehmen Sie den Deckel des Anbausatzes ab (bewahren Sie den Deckel an einem sicheren Ort auf). Sp\u00fclen Sie den Deckel unter flie\u00dfendem Wasser ab. Sie werden sie sp\u00e4ter wieder brauchen.<\/li>\n<li>Legen Sie das Kulturset ohne Deckel in den mitgelieferten Plastikbeutel. Schieben Sie die \u00d6ffnung des Beutels mit der Mikroperforation nach oben unter den Boden. Die \u00d6ffnung des Beutels ist nun weitgehend geschlossen. Um die Luftzirkulation brauchen Sie sich nicht zu k\u00fcmmern.<\/li>\n<li>Sobald Sie sehen, dass kleine Kugeln wachsen, k\u00f6nnen Sie den Beutel aufrecht stellen. Nicht w\u00e4ssern. Die ersten Pilze werden nach ca. 1 Woche sichtbar sein.<\/li>\n<li>Stellen Sie das Anzuchtset an einen Ort mit ausreichend Tageslicht und einer Temperatur zwischen 18 \u00b0C und 28 \u00b0C. Stellen Sie das Kulturset NIEMALS in direktes Sonnenlicht. Obwohl Pilze bei fast jeder Temperatur \u00fcber 15 \u00b0C wachsen, ist 23 \u00b0C die ideale Temperatur f\u00fcr eine optimale Ernte. Um diese Temperatur zu gew\u00e4hrleisten und nicht den ganzen Raum heizen zu m\u00fcssen, gibt es spezielle Heizmatten.<\/li>\n<li>Lassen Sie den Beutel ab diesem Zeitpunkt immer leicht ge\u00f6ffnet, damit die Feuchtigkeit ein wenig verdunsten kann. Zu viel Feuchtigkeit ist nicht gut. Die erste Ernte erfolgt etwa eine Woche nach dem Erscheinen der ersten Zwiebeln. Achten Sie darauf, dass Sie ernten, bevor die ersten Sporen fallen!<\/li>\n<li>Diese Sets liefern mehrere Pilzernten. F\u00fcllen Sie dazu das Set nach der ersten Ernte mit sauberem Leitungswasser. Dieser Vorgang wird als K\u00e4lteschock bezeichnet und haucht dem Myzel neues Leben ein und sorgt daf\u00fcr, dass die Pilze ausreichend Feuchtigkeit f\u00fcr ihr Wachstum erhalten.<\/li>\n<li>Setzen Sie den Deckel des Kulturkits wieder auf das Kit. Lassen Sie das Set 12 Stunden lang ruhen. \u00d6ffnen Sie eine Ecke des Deckels und lassen Sie \u00fcbersch\u00fcssiges Wasser abtropfen. Von hier aus k\u00f6nnen Sie die Anweisungen von Schritt 1 erneut befolgen. Dieser Vorgang kann mehrmals wiederholt werden.<\/li>\n<\/ol>\n<h2>Die Ernte:<\/h2>\n<p>Freshmushrooms Grow Kits bringen recht schnell die erste Ernte. Nach einer Woche sind bereits die ersten Knospen zu sehen. Niedrige und hohe Temperaturen k\u00f6nnen diesen Wachstumsprozess etwas verlangsamen. Sobald die Knospen sichtbar sind, dauert es in der Regel eine Woche, bis sich die Pilze vollst\u00e4ndig entwickelt haben. Der Zeitpunkt der Ernte ist \u00e4u\u00dferst wichtig. Wenn die Membranen unter den H\u00fcten noch dicht sind, aber durch die Kraft der H\u00fcte zu platzen oder sich zu l\u00f6sen drohen, ist es Zeit f\u00fcr die Ernte.<span style=\"text-decoration: underline;\"><br \/>\n<\/span><\/p>\n<h2>Ausbeute Mazatapec 100% Myzel magischen Pilz wachsen Kit<\/h2>\n<p>Ein Mazatapec 1200cc Growkit von Freshmushrooms ergibt eine Ernte zwischen 500g und 800g frische oder 50-80g getrocknete Pilze.<\/p>\n<h2>Die Wirkung von Mazatapec-Zauberpilzen<\/h2>\n<p>Wenn Sie beginnen, Mazatapec-Pilze (auch bekannt unter ihrem Spitznamen Maz) zu verwenden, werden Sie etwas Besonderes erleben. Der magische Pilz ist bekannt f\u00fcr seine spirituelle Wirkung, bei der Ihr Trip tief sein kann. Sie k\u00f6nnen Visionen \u00fcber die Natur des Universums, \u00fcber die Natur und Ihre Verbindung zur Welt um Sie herum haben. Das ist auch der Grund, warum das Volk der Mazatapec sie f\u00fcr ihre religi\u00f6sen Zeremonien verwendet.<\/p>\n<p>Der Zauberpilz gibt auch visuelle Effekte und sch\u00e4rft Ihre Sinne. Stellen Sie sich also auf bunte Farben und lautere Ger\u00e4usche ein, als Sie es gewohnt sind. Es ist auch m\u00f6glich, dass sich Ihr Gef\u00fchl f\u00fcr Zeit und Raum ver\u00e4ndert.<\/p>\n<h3>Wie viel sollten Sie nehmen?<\/h3>\n<p>Um herauszufinden, wie viel von den Pilzen Sie mitnehmen sollten, k\u00f6nnen Sie Folgendes ber\u00fccksichtigen: Ihr eigenes K\u00f6rpergewicht, wie viel Erfahrung Sie mit dem Trippen haben und wie intensiv der Trip sein soll. Wenn Sie noch nie gestolpert sind, ist es ratsam, zun\u00e4chst eine kleinere Dosis zu versuchen. Sie k\u00f6nnen Pilze auf verschiedene Arten einnehmen. Frische Champignons Mazatapec XP Champignons k\u00f6nnen roh oder getrocknet gegessen werden. Sie k\u00f6nnen auch Paddy-Tee daraus machen. Sie werden die Wirkung innerhalb von etwa einer halben bis einer ganzen Stunde bemerken. Die Fahrt wird zwischen 3 und 8 Stunden dauern.<\/p>\n<p>Befolgen Sie die unten stehenden Richtlinien zur Dosierung:<\/p>\n<p>Eine niedrige Dosis sind 1 bis 2 Gramm getrocknete Pilze. Wenn Sie frische Champignons haben, sind es etwa 12 bis 24 Gramm frische Champignons.<\/p>\n<h3>Vorbereiten der Reise<\/h3>\n<p>Um Ihre Reise mit Mazatapec-Pilzen in vollen Z\u00fcgen genie\u00dfen zu k\u00f6nnen, ist eine gute Vorbereitung erforderlich. \u00dcberlegen Sie zum Beispiel zuerst, wohin die Reise gehen soll und wer dort sein wird. Sie sollten sich an diesem Ort wohlf\u00fchlen, denn nur dann k\u00f6nnen Sie sich entspannen und die Wirkung der Magic Mushrooms genie\u00dfen.<\/p>\n<p>Wenn andere Personen anwesend sein werden, stellen Sie sicher, dass Sie diesen Personen vertrauen k\u00f6nnen. Es ist auch eine gute Idee, einen Tripsitter zu organisieren. Diese Person bleibt n\u00fcchtern (kein Alkohol oder Drogen), so dass sie eingreifen kann, wenn Ihre Reise zu intensiv wird. Es ist sch\u00f6n, jemanden zu haben, der einen beruhigt und beruhigt. Stellen Sie sicher, dass Sie auch einen Reisestopper dabei haben. Dieses Medikament kann eine Reise entsch\u00e4rfen.<\/p>\n<h2>Kaufen Sie Ihr Mazatapec Grow-Kit online<\/h2>\n<p>Sind Sie auf der Suche nach einer unvergesslichen spirituellen Reise? Dann ist es an der Zeit, das Fresh Mushrooms Mazatapec Grow Kit auszuprobieren. G\u00f6nnen Sie sich die Chance, auf einer solchen Reise besondere Erkenntnisse zu gewinnen. Bestellen Sie das Grow-Kit einfach online und es wird schnell zu Ihnen nach Hause geschickt.<\/p>\n","protected":false},"excerpt":{"rendered":"<p>Der Psilocybe cubensis Mazatapec-Pilz stammt aus Mexiko, aus der gleichnamigen Region. Es ist f\u00fcr Anwender geeignet, die schon einmal gestolpert sind. Die Wirkung der Mazatapec ist nur ein bisschen heftiger als die der thail\u00e4ndischen oder kambodschanischen Magic Mushrooms. Wir empfehlen daher, es nur zu verwenden, wenn Sie etwas Erfahrung haben. Z\u00fcchten Sie Ihr eigenes Mazatapec [&hellip;]<\/p>\n","protected":false},"featured_media":3587,"comment_status":"open","ping_status":"closed","template":"","meta":[],"product_brand":[],"product_cat":[115],"product_tag":[],"class_list":{"0":"post-4526","1":"product","2":"type-product","3":"status-publish","4":"has-post-thumbnail","6":"product_cat-fresh-mushrooms-zuchtset","8":"first","9":"instock","10":"taxable","11":"shipping-taxable","12":"purchasable","13":"product-type-simple"},"yoast_head":"<!-- This site is optimized with the Yoast SEO Premium plugin v26.4 (Yoast SEO v27.2) - https:\/\/yoast.com\/product\/yoast-seo-premium-wordpress\/ -->\n<title>Mazatapec Growkit online kaufen | vor 16:00 Uhr bestellt, morgen geliefert<\/title>\n<meta name=\"description\" content=\"Sind Sie auf der Suche nach einer unvergesslichen spirituellen Reise? Dann ist es an der Zeit, das Fresh Mushrooms Mazatapec Grow Kit auszuprobieren.\" \/>\n<meta name=\"robots\" content=\"index, follow, max-snippet:-1, max-image-preview:large, max-video-preview:-1\" \/>\n<link rel=\"canonical\" href=\"https:\/\/dutchmicrodosing.com\/de\/zauberpilze-zuchtsets\/fresh-mushrooms-zuchtset\/mazatapec-xp\/\" \/>\n<meta property=\"og:locale\" content=\"de_DE\" \/>\n<meta property=\"og:type\" content=\"article\" \/>\n<meta property=\"og:title\" content=\"Mazatapec XP\" \/>\n<meta property=\"og:description\" content=\"Der Psilocybe cubensis Mazatapec-Pilz stammt aus Mexiko, aus der gleichnamigen Region. Es ist f\u00fcr Anwender geeignet, die schon einmal gestolpert sind. Die\" \/>\n<meta property=\"og:url\" content=\"https:\/\/dutchmicrodosing.com\/de\/zauberpilze-zuchtsets\/fresh-mushrooms-zuchtset\/mazatapec-xp\/\" \/>\n<meta property=\"og:site_name\" content=\"Dutchmicrodosing\" \/>\n<meta property=\"article:publisher\" content=\"https:\/\/www.facebook.com\/Dutchmicrodosingxp\/\" \/>\n<meta property=\"article:modified_time\" content=\"2024-01-16T14:32:30+00:00\" \/>\n<meta property=\"og:image\" content=\"https:\/\/dutchmicrodosing.com\/wp-content\/uploads\/2021\/02\/Mazatapec.jpg\" \/>\n\t<meta property=\"og:image:width\" content=\"500\" \/>\n\t<meta property=\"og:image:height\" content=\"500\" \/>\n\t<meta property=\"og:image:type\" content=\"image\/jpeg\" \/>\n<meta name=\"twitter:card\" content=\"summary_large_image\" \/>\n<script type=\"application\/ld+json\" class=\"yoast-schema-graph\">{\"@context\":\"https:\/\/schema.org\",\"@graph\":[{\"@type\":\"WebPage\",\"@id\":\"https:\/\/dutchmicrodosing.com\/de\/zauberpilze-zuchtsets\/fresh-mushrooms-zuchtset\/mazatapec-xp\/\",\"url\":\"https:\/\/dutchmicrodosing.com\/de\/zauberpilze-zuchtsets\/fresh-mushrooms-zuchtset\/mazatapec-xp\/\",\"name\":\"Mazatapec Growkit online kaufen | vor 16:00 Uhr bestellt, morgen geliefert\",\"isPartOf\":{\"@id\":\"https:\/\/dutchmicrodosing.com\/de\/#website\"},\"primaryImageOfPage\":{\"@id\":\"https:\/\/dutchmicrodosing.com\/de\/zauberpilze-zuchtsets\/fresh-mushrooms-zuchtset\/mazatapec-xp\/#primaryimage\"},\"image\":{\"@id\":\"https:\/\/dutchmicrodosing.com\/de\/zauberpilze-zuchtsets\/fresh-mushrooms-zuchtset\/mazatapec-xp\/#primaryimage\"},\"thumbnailUrl\":\"https:\/\/dutchmicrodosing.com\/wp-content\/uploads\/2021\/02\/Mazatapec.jpg\",\"datePublished\":\"2021-05-01T13:24:17+00:00\",\"dateModified\":\"2024-01-16T14:32:30+00:00\",\"description\":\"Sind Sie auf der Suche nach einer unvergesslichen spirituellen Reise? Dann ist es an der Zeit, das Fresh Mushrooms Mazatapec Grow Kit auszuprobieren.\",\"breadcrumb\":{\"@id\":\"https:\/\/dutchmicrodosing.com\/de\/zauberpilze-zuchtsets\/fresh-mushrooms-zuchtset\/mazatapec-xp\/#breadcrumb\"},\"inLanguage\":\"de\",\"potentialAction\":[{\"@type\":\"ReadAction\",\"target\":[\"https:\/\/dutchmicrodosing.com\/de\/zauberpilze-zuchtsets\/fresh-mushrooms-zuchtset\/mazatapec-xp\/\"]}]},{\"@type\":\"ImageObject\",\"inLanguage\":\"de\",\"@id\":\"https:\/\/dutchmicrodosing.com\/de\/zauberpilze-zuchtsets\/fresh-mushrooms-zuchtset\/mazatapec-xp\/#primaryimage\",\"url\":\"https:\/\/dutchmicrodosing.com\/wp-content\/uploads\/2021\/02\/Mazatapec.jpg\",\"contentUrl\":\"https:\/\/dutchmicrodosing.com\/wp-content\/uploads\/2021\/02\/Mazatapec.jpg\",\"width\":500,\"height\":500},{\"@type\":\"BreadcrumbList\",\"@id\":\"https:\/\/dutchmicrodosing.com\/de\/zauberpilze-zuchtsets\/fresh-mushrooms-zuchtset\/mazatapec-xp\/#breadcrumb\",\"itemListElement\":[{\"@type\":\"ListItem\",\"position\":1,\"name\":\"Home\",\"item\":\"https:\/\/dutchmicrodosing.com\/de\/\"},{\"@type\":\"ListItem\",\"position\":2,\"name\":\"Shop\",\"item\":\"https:\/\/dutchmicrodosing.com\/de\/shop\/\"},{\"@type\":\"ListItem\",\"position\":3,\"name\":\"Mazatapec XP\"}]},{\"@type\":\"WebSite\",\"@id\":\"https:\/\/dutchmicrodosing.com\/de\/#website\",\"url\":\"https:\/\/dutchmicrodosing.com\/de\/\",\"name\":\"Dutchmicrodosing\",\"description\":\"\",\"publisher\":{\"@id\":\"https:\/\/dutchmicrodosing.com\/de\/#organization\"},\"potentialAction\":[{\"@type\":\"SearchAction\",\"target\":{\"@type\":\"EntryPoint\",\"urlTemplate\":\"https:\/\/dutchmicrodosing.com\/de\/?s={search_term_string}\"},\"query-input\":{\"@type\":\"PropertyValueSpecification\",\"valueRequired\":true,\"valueName\":\"search_term_string\"}}],\"inLanguage\":\"de\"},{\"@type\":\"Organization\",\"@id\":\"https:\/\/dutchmicrodosing.com\/de\/#organization\",\"name\":\"Dutchmicrodosing\",\"url\":\"https:\/\/dutchmicrodosing.com\/de\/\",\"logo\":{\"@type\":\"ImageObject\",\"inLanguage\":\"de\",\"@id\":\"https:\/\/dutchmicrodosing.com\/de\/#\/schema\/logo\/image\/\",\"url\":\"https:\/\/dutchmicrodosing.com\/wp-content\/uploads\/2021\/01\/microdosing-categorie-pic-nieuw.jpg\",\"contentUrl\":\"https:\/\/dutchmicrodosing.com\/wp-content\/uploads\/2021\/01\/microdosing-categorie-pic-nieuw.jpg\",\"width\":500,\"height\":500,\"caption\":\"Dutchmicrodosing\"},\"image\":{\"@id\":\"https:\/\/dutchmicrodosing.com\/de\/#\/schema\/logo\/image\/\"},\"sameAs\":[\"https:\/\/www.facebook.com\/Dutchmicrodosingxp\/\",\"https:\/\/www.instagram.com\/dutchmicrodosing\/\"]}]}<\/script>\n<meta property=\"product:price:amount\" content=\"39.95\" \/>\n<meta property=\"product:price:currency\" content=\"EUR\" \/>\n<meta property=\"og:availability\" content=\"instock\" \/>\n<meta property=\"product:availability\" content=\"instock\" \/>\n<meta property=\"product:retailer_item_id\" content=\"0208272\" \/>\n<meta property=\"product:condition\" content=\"new\" \/>\n<!-- \/ Yoast SEO Premium plugin. -->","yoast_head_json":{"title":"Mazatapec Growkit online kaufen | vor 16:00 Uhr bestellt, morgen geliefert","description":"Sind Sie auf der Suche nach einer unvergesslichen spirituellen Reise? Dann ist es an der Zeit, das Fresh Mushrooms Mazatapec Grow Kit auszuprobieren.","robots":{"index":"index","follow":"follow","max-snippet":"max-snippet:-1","max-image-preview":"max-image-preview:large","max-video-preview":"max-video-preview:-1"},"canonical":"https:\/\/dutchmicrodosing.com\/de\/zauberpilze-zuchtsets\/fresh-mushrooms-zuchtset\/mazatapec-xp\/","og_locale":"de_DE","og_type":"article","og_title":"Mazatapec XP","og_description":"Der Psilocybe cubensis Mazatapec-Pilz stammt aus Mexiko, aus der gleichnamigen Region. Es ist f\u00fcr Anwender geeignet, die schon einmal gestolpert sind. Die","og_url":"https:\/\/dutchmicrodosing.com\/de\/zauberpilze-zuchtsets\/fresh-mushrooms-zuchtset\/mazatapec-xp\/","og_site_name":"Dutchmicrodosing","article_publisher":"https:\/\/www.facebook.com\/Dutchmicrodosingxp\/","article_modified_time":"2024-01-16T14:32:30+00:00","og_image":[{"width":500,"height":500,"url":"https:\/\/dutchmicrodosing.com\/wp-content\/uploads\/2021\/02\/Mazatapec.jpg","type":"image\/jpeg"}],"twitter_card":"summary_large_image","schema":{"@context":"https:\/\/schema.org","@graph":[{"@type":"WebPage","@id":"https:\/\/dutchmicrodosing.com\/de\/zauberpilze-zuchtsets\/fresh-mushrooms-zuchtset\/mazatapec-xp\/","url":"https:\/\/dutchmicrodosing.com\/de\/zauberpilze-zuchtsets\/fresh-mushrooms-zuchtset\/mazatapec-xp\/","name":"Mazatapec Growkit online kaufen | vor 16:00 Uhr bestellt, morgen geliefert","isPartOf":{"@id":"https:\/\/dutchmicrodosing.com\/de\/#website"},"primaryImageOfPage":{"@id":"https:\/\/dutchmicrodosing.com\/de\/zauberpilze-zuchtsets\/fresh-mushrooms-zuchtset\/mazatapec-xp\/#primaryimage"},"image":{"@id":"https:\/\/dutchmicrodosing.com\/de\/zauberpilze-zuchtsets\/fresh-mushrooms-zuchtset\/mazatapec-xp\/#primaryimage"},"thumbnailUrl":"https:\/\/dutchmicrodosing.com\/wp-content\/uploads\/2021\/02\/Mazatapec.jpg","datePublished":"2021-05-01T13:24:17+00:00","dateModified":"2024-01-16T14:32:30+00:00","description":"Sind Sie auf der Suche nach einer unvergesslichen spirituellen Reise? Dann ist es an der Zeit, das Fresh Mushrooms Mazatapec Grow Kit auszuprobieren.","breadcrumb":{"@id":"https:\/\/dutchmicrodosing.com\/de\/zauberpilze-zuchtsets\/fresh-mushrooms-zuchtset\/mazatapec-xp\/#breadcrumb"},"inLanguage":"de","potentialAction":[{"@type":"ReadAction","target":["https:\/\/dutchmicrodosing.com\/de\/zauberpilze-zuchtsets\/fresh-mushrooms-zuchtset\/mazatapec-xp\/"]}]},{"@type":"ImageObject","inLanguage":"de","@id":"https:\/\/dutchmicrodosing.com\/de\/zauberpilze-zuchtsets\/fresh-mushrooms-zuchtset\/mazatapec-xp\/#primaryimage","url":"https:\/\/dutchmicrodosing.com\/wp-content\/uploads\/2021\/02\/Mazatapec.jpg","contentUrl":"https:\/\/dutchmicrodosing.com\/wp-content\/uploads\/2021\/02\/Mazatapec.jpg","width":500,"height":500},{"@type":"BreadcrumbList","@id":"https:\/\/dutchmicrodosing.com\/de\/zauberpilze-zuchtsets\/fresh-mushrooms-zuchtset\/mazatapec-xp\/#breadcrumb","itemListElement":[{"@type":"ListItem","position":1,"name":"Home","item":"https:\/\/dutchmicrodosing.com\/de\/"},{"@type":"ListItem","position":2,"name":"Shop","item":"https:\/\/dutchmicrodosing.com\/de\/shop\/"},{"@type":"ListItem","position":3,"name":"Mazatapec XP"}]},{"@type":"WebSite","@id":"https:\/\/dutchmicrodosing.com\/de\/#website","url":"https:\/\/dutchmicrodosing.com\/de\/","name":"Dutchmicrodosing","description":"","publisher":{"@id":"https:\/\/dutchmicrodosing.com\/de\/#organization"},"potentialAction":[{"@type":"SearchAction","target":{"@type":"EntryPoint","urlTemplate":"https:\/\/dutchmicrodosing.com\/de\/?s={search_term_string}"},"query-input":{"@type":"PropertyValueSpecification","valueRequired":true,"valueName":"search_term_string"}}],"inLanguage":"de"},{"@type":"Organization","@id":"https:\/\/dutchmicrodosing.com\/de\/#organization","name":"Dutchmicrodosing","url":"https:\/\/dutchmicrodosing.com\/de\/","logo":{"@type":"ImageObject","inLanguage":"de","@id":"https:\/\/dutchmicrodosing.com\/de\/#\/schema\/logo\/image\/","url":"https:\/\/dutchmicrodosing.com\/wp-content\/uploads\/2021\/01\/microdosing-categorie-pic-nieuw.jpg","contentUrl":"https:\/\/dutchmicrodosing.com\/wp-content\/uploads\/2021\/01\/microdosing-categorie-pic-nieuw.jpg","width":500,"height":500,"caption":"Dutchmicrodosing"},"image":{"@id":"https:\/\/dutchmicrodosing.com\/de\/#\/schema\/logo\/image\/"},"sameAs":["https:\/\/www.facebook.com\/Dutchmicrodosingxp\/","https:\/\/www.instagram.com\/dutchmicrodosing\/"]}]},"product_price_amount":"39.95","product_price_currency":"EUR","og_availability":"instock","product_availability":"instock","product_retailer_item_id":"0208272","product_condition":"new"},"_links":{"self":[{"href":"https:\/\/dutchmicrodosing.com\/de\/wp-json\/wp\/v2\/product\/4526","targetHints":{"allow":["GET"]}}],"collection":[{"href":"https:\/\/dutchmicrodosing.com\/de\/wp-json\/wp\/v2\/product"}],"about":[{"href":"https:\/\/dutchmicrodosing.com\/de\/wp-json\/wp\/v2\/types\/product"}],"replies":[{"embeddable":true,"href":"https:\/\/dutchmicrodosing.com\/de\/wp-json\/wp\/v2\/comments?post=4526"}],"version-history":[{"count":0,"href":"https:\/\/dutchmicrodosing.com\/de\/wp-json\/wp\/v2\/product\/4526\/revisions"}],"wp:featuredmedia":[{"embeddable":true,"href":"https:\/\/dutchmicrodosing.com\/de\/wp-json\/wp\/v2\/media\/3587"}],"wp:attachment":[{"href":"https:\/\/dutchmicrodosing.com\/de\/wp-json\/wp\/v2\/media?parent=4526"}],"wp:term":[{"taxonomy":"product_brand","embeddable":true,"href":"https:\/\/dutchmicrodosing.com\/de\/wp-json\/wp\/v2\/product_brand?post=4526"},{"taxonomy":"product_cat","embeddable":true,"href":"https:\/\/dutchmicrodosing.com\/de\/wp-json\/wp\/v2\/product_cat?post=4526"},{"taxonomy":"product_tag","embeddable":true,"href":"https:\/\/dutchmicrodosing.com\/de\/wp-json\/wp\/v2\/product_tag?post=4526"}],"curies":[{"name":"wp","href":"https:\/\/api.w.org\/{rel}","templated":true}]}}