{"id":4527,"date":"2021-03-08T17:11:33","date_gmt":"2021-05-01T13:24:35","guid":{"rendered":"https:\/\/dutchmicrodosing.com\/shop\/unkategorisiert\/ecuador-xp\/"},"modified":"2024-01-16T15:37:06","modified_gmt":"2024-01-16T14:37:06","slug":"ecuador-xp","status":"publish","type":"product","link":"https:\/\/dutchmicrodosing.com\/de\/zauberpilze-zuchtsets\/fresh-mushrooms-zuchtset\/ecuador-xp\/","title":{"rendered":"Ecuadorianische XP"},"content":{"rendered":"<p>Wenn Sie schon einmal einen Trip gemacht haben und etwas anderes suchen, dann ist der <strong>Fresh Mushrooms Ecuador XP Pilz<\/strong> vielleicht etwas f\u00fcr Sie. Dieser Zauberpilz stammt, wie sein Name schon deutlich macht, aus Ecuador. Dort w\u00e4chst sie hoch in den Anden. Es ist ein Pilz mit starken visuellen Effekten, daher ist er besonders f\u00fcr Menschen geeignet, die bereits einige Erfahrung mit Magic Mushrooms haben.<\/p>\n<h3>Starke visuelle Effekte<\/h3>\n<p>Das Ecuador XP Magic Mushroom Grow Kit produziert einen magischen Pilz mit einer starken Wirkung. Wir empfehlen es vor allem erfahrenen Psychonauten. Wenn Sie noch nie einen Trip gemacht haben, k\u00f6nnen die Auswirkungen ziemlich intensiv sein. Jemand, der schon einmal gestolpert ist, wei\u00df, wie es sich anf\u00fchlt und was zu erwarten ist. Die Fresh Mushrooms Ecuador XP erzeugt mittlere bis starke Effekte. Sie \u00e4hneln in ihrer Intensit\u00e4t den kolumbianischen Magic Mushrooms, haben aber etwas mehr Power.<\/p>\n<h2>Manuelles ecuadorianisches Grow-Kit<\/h2>\n<p><a href=\"https:\/\/dutchmicrodosing.com\/de\/growkit_manual\/\">Hier herunterladen : Fresh Mushroom Growkit Manual<\/a><\/p>\n<ol>\n<li>Nehmen Sie das Kulturset, den Plastikbeutel und die B\u00fcroklammer aus der Schachtel. Nehmen Sie den Deckel des Anbausatzes ab (bewahren Sie den Deckel an einem sicheren Ort auf). Sp\u00fclen Sie den Deckel unter flie\u00dfendem Wasser ab. Sie werden sie sp\u00e4ter wieder brauchen.<\/li>\n<li>Legen Sie das Kulturset ohne Deckel in den mitgelieferten Plastikbeutel. Schieben Sie die \u00d6ffnung des Beutels mit der Mikroperforation nach oben unter den Boden. Die \u00d6ffnung des Beutels ist nun weitgehend geschlossen. Um die Luftzirkulation brauchen Sie sich nicht zu k\u00fcmmern.<\/li>\n<li>Sobald Sie sehen, dass kleine Kugeln wachsen, k\u00f6nnen Sie den Beutel aufrecht stellen. Nicht w\u00e4ssern. Die ersten Pilze werden nach ca. 1 Woche sichtbar sein.<\/li>\n<li>Stellen Sie das Anzuchtset an einen Ort mit ausreichend Tageslicht und einer Temperatur zwischen 18 \u00b0C und 28 \u00b0C. Stellen Sie das Kulturset NIEMALS in direktes Sonnenlicht. Obwohl Pilze bei fast jeder Temperatur \u00fcber 15 \u00b0C wachsen, ist 23 \u00b0C die ideale Temperatur f\u00fcr eine optimale Ernte. Um diese Temperatur zu gew\u00e4hrleisten und nicht den ganzen Raum heizen zu m\u00fcssen, gibt es spezielle Heizmatten.<\/li>\n<li>Lassen Sie den Beutel ab diesem Zeitpunkt immer leicht ge\u00f6ffnet, damit die Feuchtigkeit ein wenig verdunsten kann. Zu viel Feuchtigkeit ist nicht gut. Die erste Ernte erfolgt etwa eine Woche nach dem Erscheinen der ersten Zwiebeln. Achten Sie darauf, dass Sie ernten, bevor die ersten Sporen fallen!<\/li>\n<li>Diese Sets liefern mehrere Pilzernten. F\u00fcllen Sie dazu das Set nach der ersten Ernte mit sauberem Leitungswasser. Dieser Vorgang wird als K\u00e4lteschock bezeichnet und haucht dem Myzel neues Leben ein und sorgt daf\u00fcr, dass die Pilze ausreichend Feuchtigkeit f\u00fcr ihr Wachstum erhalten.<\/li>\n<li>Setzen Sie den Deckel des Kulturkits wieder auf das Kit. Lassen Sie das Set 12 Stunden lang ruhen. \u00d6ffnen Sie eine Ecke des Deckels und lassen Sie \u00fcbersch\u00fcssiges Wasser abtropfen. Von hier aus k\u00f6nnen Sie die Anweisungen von Schritt 1 erneut befolgen. Dieser Vorgang kann mehrmals wiederholt werden.<\/li>\n<\/ol>\n<h2>Die Ernte:<\/h2>\n<p>Freshmushrooms Grow Kits bringen recht schnell die erste Ernte. Nach einer Woche sind bereits die ersten Knospen zu sehen. Niedrige und hohe Temperaturen k\u00f6nnen diesen Wachstumsprozess etwas verlangsamen. Sobald die Knospen sichtbar sind, dauert es in der Regel eine Woche, bis sich die Pilze vollst\u00e4ndig entwickelt haben.<\/p>\n<p>Der Zeitpunkt der Ernte ist \u00e4u\u00dferst wichtig. Wenn die Membranen unter den H\u00fcten noch dicht sind, aber durch die Kraft der H\u00fcte zu platzen oder sich zu l\u00f6sen drohen, ist es Zeit f\u00fcr die Ernte.<span style=\"text-decoration: underline;\"><br \/>\n<\/span><\/p>\n<h2>Ausbeute 100% Mycelium Magic Mushroom Grow Kit Ecuadorian<\/h2>\n<p>Ein ecuadorianisches 1200cc Grow-Kit von Freshmushrooms ergibt eine Ernte von 500g bis 800g frischen oder 50-80g getrockneten Pilzen.<\/p>\n<h3>Was k\u00f6nnen Sie erwarten?<\/h3>\n<p>Wenn Sie geduldig Ihre ecuadorianischen Pilze im Grow-Kit gez\u00fcchtet haben, erwartet Sie eine besondere Reise. Psilocybe Equaescens, wie sie offiziell hei\u00dft, gibt Energie und man kann bewegte Muster auf W\u00e4nden und B\u00f6den sehen. Vielleicht haben Sie auch das Gef\u00fchl, dass Sie sich von sich selbst l\u00f6sen. Diese Wirkungen k\u00f6nnen wirklich intensiv sein, was ein Grund daf\u00fcr ist, dass man diesen Pilz am besten dann verwendet, wenn man schon etwas Erfahrung hat. Einige der Auswirkungen, die Sie erleben k\u00f6nnen, sind:<\/p>\n<ul>\n<li>Mittlere bis starke visuelle Effekte<\/li>\n<li>Energetisches Gef\u00fchl<\/li>\n<li>Sehen von farbigen und bewegten Mustern<\/li>\n<li>Andere Welten entdecken<\/li>\n<li>Gef\u00fchl, von sich selbst losgel\u00f6st zu sein<\/li>\n<li>Das Gef\u00fchl, dass Ihr K\u00f6rper mit dem Boden verschmilzt<\/li>\n<li>Objekte, die sich bewegen, wie z. B. B\u00e4ume und Laternenmasten<\/li>\n<\/ul>\n<h2>Dosierung der Ecuador XP Pilze<\/h2>\n<p>Die Einnahme der richtigen Dosierung ist bei Magic Mushrooms sehr wichtig. Wenn Sie zu wenig nehmen, erfahren Sie (fast) nichts. Aber wenn Sie zu viel nehmen, k\u00f6nnen die Auswirkungen \u00fcberw\u00e4ltigend sein. Um zu bestimmen, was eine gute Dosis ist, sollten Sie Ihr eigenes Gewicht ber\u00fccksichtigen, wie viel Erfahrung Sie bereits mit Magic Mushrooms haben und welche Art von Trip Sie erreichen wollen. Wenn Sie schon einmal einen Trip gemacht haben, k\u00f6nnen Sie mehr vertragen, als wenn Sie es noch nie gemacht haben. Wenn Sie ein Anf\u00e4nger sind, nehmen Sie nur eine kleine Dosis.<\/p>\n<p>Frische Champignons Ecuador Champignons k\u00f6nnen frisch, aber auch getrocknet gegessen werden. Es ist auch m\u00f6glich, Paddy-Tee zuzubereiten. Kochen Sie etwas Wasser und lassen Sie es dann eine Weile abk\u00fchlen. Dann gie\u00dfen Sie ihn \u00fcber die Pilze und lassen ihn 20 Minuten ziehen. Dann ist Ihr Paddy-Tee fertig und Sie k\u00f6nnen ihn trinken.<\/p>\n<p>Sie k\u00f6nnen die folgenden Mengen als Richtwert verwenden:<\/p>\n<ul>\n<li>Kleine Dosis: 1 bis 2 Gramm getrocknete Pilze oder 12 bis 24 Gramm frische Pilze.<\/li>\n<li>Gro\u00dfe Dosis: 4 Gramm getrocknete Pilze oder 40 Gramm frische Pilze.<\/li>\n<\/ul>\n<h2>Bereiten Sie Ihre Reise mit Ecuador XP Pilzen vor<\/h2>\n<p>Bevor Sie mit dem Ausl\u00f6sen beginnen, ist es gut, sich Gedanken dar\u00fcber zu machen, wie Sie es angehen wollen. W\u00e4hlen Sie einen Ort, an dem Sie sich wohl f\u00fchlen. Vorzugsweise bei Ihnen zu Hause oder bei einem guten Freund. Vereinbaren Sie auch einen Tripsitter, das ist jemand, der bei Ihnen bleibt und helfen kann, wenn die Reise etwas anstrengend wird. Nat\u00fcrlich bleibt der Tripsitter n\u00fcchtern und konsumiert selbst keine Drogen oder Alkohol.<\/p>\n<p>Das Vorhandensein eines Tripsitters ist bei Ecuador Magic Mushrooms sicherlich kein \u00fcberfl\u00fcssiger Luxus. Sie k\u00f6nnen Ihr Gef\u00fchl f\u00fcr Zeit und Raum verlieren. Wenn die Auswirkungen schwerwiegend sind, kann es scheinen, als w\u00fcrden sie nie enden. Es ist sehr angenehm, wenn Ihr Tripsitter anwesend ist und Ihnen hilft, Ihr Zeitgef\u00fchl wiederzufinden. Sie k\u00f6nnen auch einen Reisestopper mit sich f\u00fchren. Dies kann die Wirkung der Reise etwas abschw\u00e4chen.<\/p>\n<h2>Kaufen Sie Ihr Ecuador XP Grow Kit online<\/h2>\n<p>Wollen auch Sie eine unvergessliche Reise mit Ecuador-Pilzen erleben und haben Sie schon mehrere Reisen erlebt? Fresh Mushrooms Grow Kits machen die Pilzzucht zu Hause einfach. Auch der Kauf ist einfach: Bestellen Sie Ihr Grow-Kit schnell und Sie erhalten es in einer neutralen und sicheren Verpackung nach Hause.<\/p>\n","protected":false},"excerpt":{"rendered":"<p>Wenn Sie schon einmal einen Trip gemacht haben und etwas anderes suchen, dann ist der Fresh Mushrooms Ecuador XP Pilz vielleicht etwas f\u00fcr Sie. Dieser Zauberpilz stammt, wie sein Name schon deutlich macht, aus Ecuador. Dort w\u00e4chst sie hoch in den Anden. Es ist ein Pilz mit starken visuellen Effekten, daher ist er besonders f\u00fcr [&hellip;]<\/p>\n","protected":false},"featured_media":3579,"comment_status":"open","ping_status":"closed","template":"","meta":[],"product_brand":[],"product_cat":[115],"product_tag":[],"class_list":{"0":"post-4527","1":"product","2":"type-product","3":"status-publish","4":"has-post-thumbnail","6":"product_cat-fresh-mushrooms-zuchtset","8":"first","9":"instock","10":"taxable","11":"shipping-taxable","12":"purchasable","13":"product-type-simple"},"yoast_head":"<!-- This site is optimized with the Yoast SEO Premium plugin v26.4 (Yoast SEO v27.4) - https:\/\/yoast.com\/product\/yoast-seo-premium-wordpress\/ -->\n<title>Kaufen Sie Ihr Ecuador XP Grow Kit online | Sehr diskret verpackt<\/title>\n<meta name=\"description\" content=\"Wollen auch Sie eine unvergessliche Reise mit Ecuador-Pilzen erleben und haben Sie schon mehrere Reisen erlebt? Alle Grow-Kits hier ansehen\" \/>\n<meta name=\"robots\" content=\"index, follow, max-snippet:-1, max-image-preview:large, max-video-preview:-1\" \/>\n<link rel=\"canonical\" href=\"https:\/\/dutchmicrodosing.com\/de\/zauberpilze-zuchtsets\/fresh-mushrooms-zuchtset\/ecuador-xp\/\" \/>\n<meta property=\"og:locale\" content=\"de_DE\" \/>\n<meta property=\"og:type\" content=\"article\" \/>\n<meta property=\"og:title\" content=\"Ecuadorianische XP\" \/>\n<meta property=\"og:description\" content=\"Wenn Sie schon einmal einen Trip gemacht haben und etwas anderes suchen, dann ist der Fresh Mushrooms Ecuador XP Pilz vielleicht etwas f\u00fcr Sie. Dieser\" \/>\n<meta property=\"og:url\" content=\"https:\/\/dutchmicrodosing.com\/de\/zauberpilze-zuchtsets\/fresh-mushrooms-zuchtset\/ecuador-xp\/\" \/>\n<meta property=\"og:site_name\" content=\"Dutchmicrodosing\" \/>\n<meta property=\"article:publisher\" content=\"https:\/\/www.facebook.com\/Dutchmicrodosingxp\/\" \/>\n<meta property=\"article:modified_time\" content=\"2024-01-16T14:37:06+00:00\" \/>\n<meta property=\"og:image\" content=\"https:\/\/dutchmicrodosing.com\/wp-content\/uploads\/2021\/02\/Ecuador-xp.jpg\" \/>\n\t<meta property=\"og:image:width\" content=\"500\" \/>\n\t<meta property=\"og:image:height\" content=\"500\" \/>\n\t<meta property=\"og:image:type\" content=\"image\/jpeg\" \/>\n<meta name=\"twitter:card\" content=\"summary_large_image\" \/>\n<script type=\"application\/ld+json\" class=\"yoast-schema-graph\">{\"@context\":\"https:\\\/\\\/schema.org\",\"@graph\":[{\"@type\":\"WebPage\",\"@id\":\"https:\\\/\\\/dutchmicrodosing.com\\\/de\\\/zauberpilze-zuchtsets\\\/fresh-mushrooms-zuchtset\\\/ecuador-xp\\\/\",\"url\":\"https:\\\/\\\/dutchmicrodosing.com\\\/de\\\/zauberpilze-zuchtsets\\\/fresh-mushrooms-zuchtset\\\/ecuador-xp\\\/\",\"name\":\"Kaufen Sie Ihr Ecuador XP Grow Kit online | Sehr diskret verpackt\",\"isPartOf\":{\"@id\":\"https:\\\/\\\/dutchmicrodosing.com\\\/de\\\/#website\"},\"primaryImageOfPage\":{\"@id\":\"https:\\\/\\\/dutchmicrodosing.com\\\/de\\\/zauberpilze-zuchtsets\\\/fresh-mushrooms-zuchtset\\\/ecuador-xp\\\/#primaryimage\"},\"image\":{\"@id\":\"https:\\\/\\\/dutchmicrodosing.com\\\/de\\\/zauberpilze-zuchtsets\\\/fresh-mushrooms-zuchtset\\\/ecuador-xp\\\/#primaryimage\"},\"thumbnailUrl\":\"https:\\\/\\\/dutchmicrodosing.com\\\/wp-content\\\/uploads\\\/2021\\\/02\\\/Ecuador-xp.jpg\",\"datePublished\":\"2021-05-01T13:24:35+00:00\",\"dateModified\":\"2024-01-16T14:37:06+00:00\",\"description\":\"Wollen auch Sie eine unvergessliche Reise mit Ecuador-Pilzen erleben und haben Sie schon mehrere Reisen erlebt? Alle Grow-Kits hier ansehen\",\"breadcrumb\":{\"@id\":\"https:\\\/\\\/dutchmicrodosing.com\\\/de\\\/zauberpilze-zuchtsets\\\/fresh-mushrooms-zuchtset\\\/ecuador-xp\\\/#breadcrumb\"},\"inLanguage\":\"de\",\"potentialAction\":[{\"@type\":\"ReadAction\",\"target\":[\"https:\\\/\\\/dutchmicrodosing.com\\\/de\\\/zauberpilze-zuchtsets\\\/fresh-mushrooms-zuchtset\\\/ecuador-xp\\\/\"]}]},{\"@type\":\"ImageObject\",\"inLanguage\":\"de\",\"@id\":\"https:\\\/\\\/dutchmicrodosing.com\\\/de\\\/zauberpilze-zuchtsets\\\/fresh-mushrooms-zuchtset\\\/ecuador-xp\\\/#primaryimage\",\"url\":\"https:\\\/\\\/dutchmicrodosing.com\\\/wp-content\\\/uploads\\\/2021\\\/02\\\/Ecuador-xp.jpg\",\"contentUrl\":\"https:\\\/\\\/dutchmicrodosing.com\\\/wp-content\\\/uploads\\\/2021\\\/02\\\/Ecuador-xp.jpg\",\"width\":500,\"height\":500},{\"@type\":\"BreadcrumbList\",\"@id\":\"https:\\\/\\\/dutchmicrodosing.com\\\/de\\\/zauberpilze-zuchtsets\\\/fresh-mushrooms-zuchtset\\\/ecuador-xp\\\/#breadcrumb\",\"itemListElement\":[{\"@type\":\"ListItem\",\"position\":1,\"name\":\"Home\",\"item\":\"https:\\\/\\\/dutchmicrodosing.com\\\/de\\\/\"},{\"@type\":\"ListItem\",\"position\":2,\"name\":\"Shop\",\"item\":\"https:\\\/\\\/dutchmicrodosing.com\\\/de\\\/shop\\\/\"},{\"@type\":\"ListItem\",\"position\":3,\"name\":\"Ecuadorianische XP\"}]},{\"@type\":\"WebSite\",\"@id\":\"https:\\\/\\\/dutchmicrodosing.com\\\/de\\\/#website\",\"url\":\"https:\\\/\\\/dutchmicrodosing.com\\\/de\\\/\",\"name\":\"Dutchmicrodosing\",\"description\":\"\",\"publisher\":{\"@id\":\"https:\\\/\\\/dutchmicrodosing.com\\\/de\\\/#organization\"},\"potentialAction\":[{\"@type\":\"SearchAction\",\"target\":{\"@type\":\"EntryPoint\",\"urlTemplate\":\"https:\\\/\\\/dutchmicrodosing.com\\\/de\\\/?s={search_term_string}\"},\"query-input\":{\"@type\":\"PropertyValueSpecification\",\"valueRequired\":true,\"valueName\":\"search_term_string\"}}],\"inLanguage\":\"de\"},{\"@type\":\"Organization\",\"@id\":\"https:\\\/\\\/dutchmicrodosing.com\\\/de\\\/#organization\",\"name\":\"Dutchmicrodosing\",\"url\":\"https:\\\/\\\/dutchmicrodosing.com\\\/de\\\/\",\"logo\":{\"@type\":\"ImageObject\",\"inLanguage\":\"de\",\"@id\":\"https:\\\/\\\/dutchmicrodosing.com\\\/de\\\/#\\\/schema\\\/logo\\\/image\\\/\",\"url\":\"https:\\\/\\\/dutchmicrodosing.com\\\/wp-content\\\/uploads\\\/2021\\\/01\\\/microdosing-categorie-pic-nieuw.jpg\",\"contentUrl\":\"https:\\\/\\\/dutchmicrodosing.com\\\/wp-content\\\/uploads\\\/2021\\\/01\\\/microdosing-categorie-pic-nieuw.jpg\",\"width\":500,\"height\":500,\"caption\":\"Dutchmicrodosing\"},\"image\":{\"@id\":\"https:\\\/\\\/dutchmicrodosing.com\\\/de\\\/#\\\/schema\\\/logo\\\/image\\\/\"},\"sameAs\":[\"https:\\\/\\\/www.facebook.com\\\/Dutchmicrodosingxp\\\/\",\"https:\\\/\\\/www.instagram.com\\\/dutchmicrodosing\\\/\"]}]}<\/script>\n<meta property=\"product:price:amount\" content=\"39.95\" \/>\n<meta property=\"product:price:currency\" content=\"EUR\" \/>\n<meta property=\"og:availability\" content=\"instock\" \/>\n<meta property=\"product:availability\" content=\"instock\" \/>\n<meta property=\"product:retailer_item_id\" content=\"0208725\" \/>\n<meta property=\"product:condition\" content=\"new\" \/>\n<!-- \/ Yoast SEO Premium plugin. -->","yoast_head_json":{"title":"Kaufen Sie Ihr Ecuador XP Grow Kit online | Sehr diskret verpackt","description":"Wollen auch Sie eine unvergessliche Reise mit Ecuador-Pilzen erleben und haben Sie schon mehrere Reisen erlebt? Alle Grow-Kits hier ansehen","robots":{"index":"index","follow":"follow","max-snippet":"max-snippet:-1","max-image-preview":"max-image-preview:large","max-video-preview":"max-video-preview:-1"},"canonical":"https:\/\/dutchmicrodosing.com\/de\/zauberpilze-zuchtsets\/fresh-mushrooms-zuchtset\/ecuador-xp\/","og_locale":"de_DE","og_type":"article","og_title":"Ecuadorianische XP","og_description":"Wenn Sie schon einmal einen Trip gemacht haben und etwas anderes suchen, dann ist der Fresh Mushrooms Ecuador XP Pilz vielleicht etwas f\u00fcr Sie. Dieser","og_url":"https:\/\/dutchmicrodosing.com\/de\/zauberpilze-zuchtsets\/fresh-mushrooms-zuchtset\/ecuador-xp\/","og_site_name":"Dutchmicrodosing","article_publisher":"https:\/\/www.facebook.com\/Dutchmicrodosingxp\/","article_modified_time":"2024-01-16T14:37:06+00:00","og_image":[{"width":500,"height":500,"url":"https:\/\/dutchmicrodosing.com\/wp-content\/uploads\/2021\/02\/Ecuador-xp.jpg","type":"image\/jpeg"}],"twitter_card":"summary_large_image","schema":{"@context":"https:\/\/schema.org","@graph":[{"@type":"WebPage","@id":"https:\/\/dutchmicrodosing.com\/de\/zauberpilze-zuchtsets\/fresh-mushrooms-zuchtset\/ecuador-xp\/","url":"https:\/\/dutchmicrodosing.com\/de\/zauberpilze-zuchtsets\/fresh-mushrooms-zuchtset\/ecuador-xp\/","name":"Kaufen Sie Ihr Ecuador XP Grow Kit online | Sehr diskret verpackt","isPartOf":{"@id":"https:\/\/dutchmicrodosing.com\/de\/#website"},"primaryImageOfPage":{"@id":"https:\/\/dutchmicrodosing.com\/de\/zauberpilze-zuchtsets\/fresh-mushrooms-zuchtset\/ecuador-xp\/#primaryimage"},"image":{"@id":"https:\/\/dutchmicrodosing.com\/de\/zauberpilze-zuchtsets\/fresh-mushrooms-zuchtset\/ecuador-xp\/#primaryimage"},"thumbnailUrl":"https:\/\/dutchmicrodosing.com\/wp-content\/uploads\/2021\/02\/Ecuador-xp.jpg","datePublished":"2021-05-01T13:24:35+00:00","dateModified":"2024-01-16T14:37:06+00:00","description":"Wollen auch Sie eine unvergessliche Reise mit Ecuador-Pilzen erleben und haben Sie schon mehrere Reisen erlebt? Alle Grow-Kits hier ansehen","breadcrumb":{"@id":"https:\/\/dutchmicrodosing.com\/de\/zauberpilze-zuchtsets\/fresh-mushrooms-zuchtset\/ecuador-xp\/#breadcrumb"},"inLanguage":"de","potentialAction":[{"@type":"ReadAction","target":["https:\/\/dutchmicrodosing.com\/de\/zauberpilze-zuchtsets\/fresh-mushrooms-zuchtset\/ecuador-xp\/"]}]},{"@type":"ImageObject","inLanguage":"de","@id":"https:\/\/dutchmicrodosing.com\/de\/zauberpilze-zuchtsets\/fresh-mushrooms-zuchtset\/ecuador-xp\/#primaryimage","url":"https:\/\/dutchmicrodosing.com\/wp-content\/uploads\/2021\/02\/Ecuador-xp.jpg","contentUrl":"https:\/\/dutchmicrodosing.com\/wp-content\/uploads\/2021\/02\/Ecuador-xp.jpg","width":500,"height":500},{"@type":"BreadcrumbList","@id":"https:\/\/dutchmicrodosing.com\/de\/zauberpilze-zuchtsets\/fresh-mushrooms-zuchtset\/ecuador-xp\/#breadcrumb","itemListElement":[{"@type":"ListItem","position":1,"name":"Home","item":"https:\/\/dutchmicrodosing.com\/de\/"},{"@type":"ListItem","position":2,"name":"Shop","item":"https:\/\/dutchmicrodosing.com\/de\/shop\/"},{"@type":"ListItem","position":3,"name":"Ecuadorianische XP"}]},{"@type":"WebSite","@id":"https:\/\/dutchmicrodosing.com\/de\/#website","url":"https:\/\/dutchmicrodosing.com\/de\/","name":"Dutchmicrodosing","description":"","publisher":{"@id":"https:\/\/dutchmicrodosing.com\/de\/#organization"},"potentialAction":[{"@type":"SearchAction","target":{"@type":"EntryPoint","urlTemplate":"https:\/\/dutchmicrodosing.com\/de\/?s={search_term_string}"},"query-input":{"@type":"PropertyValueSpecification","valueRequired":true,"valueName":"search_term_string"}}],"inLanguage":"de"},{"@type":"Organization","@id":"https:\/\/dutchmicrodosing.com\/de\/#organization","name":"Dutchmicrodosing","url":"https:\/\/dutchmicrodosing.com\/de\/","logo":{"@type":"ImageObject","inLanguage":"de","@id":"https:\/\/dutchmicrodosing.com\/de\/#\/schema\/logo\/image\/","url":"https:\/\/dutchmicrodosing.com\/wp-content\/uploads\/2021\/01\/microdosing-categorie-pic-nieuw.jpg","contentUrl":"https:\/\/dutchmicrodosing.com\/wp-content\/uploads\/2021\/01\/microdosing-categorie-pic-nieuw.jpg","width":500,"height":500,"caption":"Dutchmicrodosing"},"image":{"@id":"https:\/\/dutchmicrodosing.com\/de\/#\/schema\/logo\/image\/"},"sameAs":["https:\/\/www.facebook.com\/Dutchmicrodosingxp\/","https:\/\/www.instagram.com\/dutchmicrodosing\/"]}]},"product_price_amount":"39.95","product_price_currency":"EUR","og_availability":"instock","product_availability":"instock","product_retailer_item_id":"0208725","product_condition":"new"},"_links":{"self":[{"href":"https:\/\/dutchmicrodosing.com\/de\/wp-json\/wp\/v2\/product\/4527","targetHints":{"allow":["GET"]}}],"collection":[{"href":"https:\/\/dutchmicrodosing.com\/de\/wp-json\/wp\/v2\/product"}],"about":[{"href":"https:\/\/dutchmicrodosing.com\/de\/wp-json\/wp\/v2\/types\/product"}],"replies":[{"embeddable":true,"href":"https:\/\/dutchmicrodosing.com\/de\/wp-json\/wp\/v2\/comments?post=4527"}],"version-history":[{"count":0,"href":"https:\/\/dutchmicrodosing.com\/de\/wp-json\/wp\/v2\/product\/4527\/revisions"}],"wp:featuredmedia":[{"embeddable":true,"href":"https:\/\/dutchmicrodosing.com\/de\/wp-json\/wp\/v2\/media\/3579"}],"wp:attachment":[{"href":"https:\/\/dutchmicrodosing.com\/de\/wp-json\/wp\/v2\/media?parent=4527"}],"wp:term":[{"taxonomy":"product_brand","embeddable":true,"href":"https:\/\/dutchmicrodosing.com\/de\/wp-json\/wp\/v2\/product_brand?post=4527"},{"taxonomy":"product_cat","embeddable":true,"href":"https:\/\/dutchmicrodosing.com\/de\/wp-json\/wp\/v2\/product_cat?post=4527"},{"taxonomy":"product_tag","embeddable":true,"href":"https:\/\/dutchmicrodosing.com\/de\/wp-json\/wp\/v2\/product_tag?post=4527"}],"curies":[{"name":"wp","href":"https:\/\/api.w.org\/{rel}","templated":true}]}}