{"id":4531,"date":"2021-03-08T17:08:27","date_gmt":"2021-05-01T13:24:56","guid":{"rendered":"https:\/\/dutchmicrodosing.com\/shop\/niet-gecategoriseerd\/mexikanischer-xp\/"},"modified":"2024-01-16T15:44:01","modified_gmt":"2024-01-16T14:44:01","slug":"mexikanisch-xp","status":"publish","type":"product","link":"https:\/\/dutchmicrodosing.com\/de\/zauberpilze-zuchtsets\/fresh-mushrooms-zuchtset\/mexikanisch-xp\/","title":{"rendered":"Mexikanischer XP"},"content":{"rendered":"<p>Der mexikanische Zauberpilz ist vielleicht der ber\u00fchmteste aller Zauberpilze. Das liegt zum Teil daran, dass er der erste war, der als psychoaktiv identifiziert wurde, aber auch daran, dass er ein sehr sch\u00f6ner Zauberpilz f\u00fcr Anf\u00e4nger ist. Mit dem <strong>Fresh Mushrooms Mexican Grow Kit<\/strong> k\u00f6nnen Sie diese Pilze mit milder Wirkung ganz einfach zu Hause z\u00fcchten.<\/p>\n<h3>Der milde mexikanische Zauberpilz<\/h3>\n<p>Wenn Sie noch keine Erfahrung mit Trips haben, sollten Sie langsam anfangen. Man f\u00e4hrt nicht mit der gruseligsten Achterbahn in einem Vergn\u00fcgungspark. Also ist ein milder Pilz ein guter Anfang, und das ist der Mexikaner (Stropharia Cubensis). Mit dem Mexikaner k\u00f6nnen Sie gefahrlos erleben, was er mit Ihnen macht, denn die Wirkungen sind nicht sehr intensiv.<\/p>\n<h2>Wirkungen der mexikanischen Pilze<\/h2>\n<p>Schon die alten Azteken waren mit der Wirkung des mexikanischen Zauberpilzes vertraut. Sie nennen diese bewusstseinserweiternden Zauberpilze nicht umsonst &#8222;Fleisch der G\u00f6tter&#8220;. W\u00e4hrend einer Reise \u00f6ffnet sich der Geist, und sie glaubten, dass es ihnen dadurch leichter fiel, mit den G\u00f6ttern in Kontakt zu treten. Aber nat\u00fcrlich k\u00f6nnen Sie trotzdem in den Genuss des Trips kommen, mit Hilfe des Fresh Mushrooms Mexican XP Grow Kits.<\/p>\n<p>Diese Pilze geben einen sch\u00f6nen Trip mit angenehmen, milden Effekten. Sie k\u00f6nnen visuelle Halluzinationen erleben, bei denen Sie Farben oder Muster sehen. Alle Ihre Sinne k\u00f6nnen sch\u00e4rfer werden und Sie verlieren den Bezug zu Zeit und Raum. Trippen mit mexikanischen Pilzen ist im Allgemeinen sehr entspannend. Die meisten Menschen f\u00fchlen sich angenehm und ein bisschen schwebend, als w\u00fcrden Sie tr\u00e4umen. Mit dem mexikanischen Pilz gehen Sie auf eine Reise, aber in Ihr eigenes Inneres. Durch Trips lernt man oft eine Menge \u00fcber sich selbst oder die Welt um sich herum.<\/p>\n<h2>Manuelles mexikanisches Grow-Kit<\/h2>\n<p><a href=\"https:\/\/dutchmicrodosing.com\/de\/growkit_manual\/\">Hier herunterladen : Fresh Mushroom Growkit Manual<\/a><\/p>\n<ol>\n<li>Nehmen Sie das Kulturset, den Plastikbeutel und die B\u00fcroklammer aus der Schachtel. Nehmen Sie den Deckel des Anbausatzes ab (bewahren Sie den Deckel an einem sicheren Ort auf). Sp\u00fclen Sie den Deckel unter flie\u00dfendem Wasser ab. Sie werden sie sp\u00e4ter wieder brauchen.<\/li>\n<li>Legen Sie das Kulturset ohne Deckel in den mitgelieferten Plastikbeutel. Schieben Sie die \u00d6ffnung des Beutels mit der Mikroperforation nach oben unter den Boden. Die \u00d6ffnung des Beutels ist nun weitgehend geschlossen. Um die Luftzirkulation brauchen Sie sich nicht zu k\u00fcmmern.<\/li>\n<li>Sobald Sie sehen, dass kleine Kugeln wachsen, k\u00f6nnen Sie den Beutel aufrecht stellen. Nicht w\u00e4ssern. Die ersten Pilze werden nach ca. 1 Woche sichtbar sein.<\/li>\n<li>Stellen Sie das Anzuchtset an einen Ort mit ausreichend Tageslicht und einer Temperatur zwischen 18 \u00b0C und 28 \u00b0C. Stellen Sie das Kulturset NIEMALS in direktes Sonnenlicht. Obwohl Pilze bei fast jeder Temperatur \u00fcber 15 \u00b0C wachsen, ist 23 \u00b0C die ideale Temperatur f\u00fcr eine optimale Ernte. Um diese Temperatur zu gew\u00e4hrleisten und nicht den ganzen Raum heizen zu m\u00fcssen, gibt es spezielle Heizmatten.<\/li>\n<li>Lassen Sie den Beutel ab diesem Zeitpunkt leicht ge\u00f6ffnet, damit die Feuchtigkeit ein wenig verdunsten kann. Zu viel Feuchtigkeit ist nicht gut. Die erste Ernte erfolgt etwa eine Woche nach dem Erscheinen der ersten Zwiebeln. Achten Sie darauf, dass Sie ernten, bevor die ersten Sporen fallen!<\/li>\n<li>Diese Sets liefern mehrere Pilzernten. F\u00fcllen Sie dazu das Set nach der ersten Ernte mit sauberem Leitungswasser. Dieser Vorgang wird als K\u00e4lteschock bezeichnet und haucht dem Myzel neues Leben ein und sorgt daf\u00fcr, dass die Pilze ausreichend Feuchtigkeit f\u00fcr ihr Wachstum erhalten.<\/li>\n<li>Setzen Sie den Deckel des Kulturkits wieder auf das Kit. Lassen Sie das Set 12 Stunden lang ruhen. \u00d6ffnen Sie eine Ecke des Deckels und lassen Sie \u00fcbersch\u00fcssiges Wasser abtropfen. Von hier aus k\u00f6nnen Sie die Anweisungen von Schritt 1 erneut befolgen. Dieser Vorgang kann mehrmals wiederholt werden.<\/li>\n<\/ol>\n<div>\n<h2>Die Ernte:<\/h2>\n<p>Freshmushrooms Grow Kits bringen recht schnell die erste Ernte. Nach einer Woche sind bereits die ersten Knospen zu sehen. Niedrige und hohe Temperaturen k\u00f6nnen diesen Wachstumsprozess etwas verlangsamen. Sobald die Knospen sichtbar sind, dauert es in der Regel eine Woche, bis sich die Pilze vollst\u00e4ndig entwickelt haben. Der Zeitpunkt der Ernte ist \u00e4u\u00dferst wichtig. Wenn die Membranen unter den H\u00fcten noch dicht sind, aber durch die Kraft der H\u00fcte zu platzen oder sich zu l\u00f6sen drohen, ist es Zeit f\u00fcr die Ernte.<\/p>\n<\/div>\n<h2>Ausbeute mexikanischer 100% Myzelanbaukasten<\/h2>\n<p>Ein mexikanisches 1200cc Grow-Kit von Freshmushrooms liefert eine Ernte von 500g bis 800g frischen oder 50-80g getrockneten Pilzen.<\/p>\n<h3>Dosierung mexikanischer Champignons<\/h3>\n<p>Wenn Sie mit Fresh Mushrooms Mexican Mushrooms reisen wollen, ist es ratsam, genau zu dosieren. Verwenden Sie eine Waage, um sie zu wiegen. Bei der Dosierung spielen Ihr eigenes Gewicht, Ihre Erfahrung und die gew\u00fcnschte Intensit\u00e4t der Reise eine Rolle. Je mehr Pilze Sie nehmen, desto intensiver wird die Spitze sein. Daher sollten Anf\u00e4nger vorsichtig sein und eine niedrige Dosis einnehmen. Verwenden Sie die folgenden Richtlinien, um zu bestimmen, wie viele Pilze Sie einnehmen k\u00f6nnen:<\/p>\n<p>F\u00fcr Mikrodosierung:<\/p>\n<p>Mikrodosierung: 0,2 Gramm getrocknete Champignons | 2 Gramm frische Champignons<\/p>\n<p>F\u00fcr die Ausl\u00f6sung k\u00f6nnen Sie die folgenden Betr\u00e4ge annehmen:<\/p>\n<ul>\n<li>Milder Trip: 1 Gramm getrocknete Pilze | 9 Gramm frische Pilze<\/li>\n<li>Normale Reise: 2 Gramm getrocknete Pilze | 21 Gramm frische Pilze<\/li>\n<li>Intensive Reise: 3,5 Gramm getrocknete Pilze | 35 Gramm frische Pilze<\/li>\n<\/ul>\n<p>Wenn Sie die richtige Dosis gew\u00e4hlt haben, k\u00f6nnen Sie entscheiden, wie Sie die Pilze einnehmen m\u00f6chten. Man kann sie frisch oder getrocknet essen, aber das ist nicht sehr schmackhaft. Auch die Zubereitung von Tee ist eine Option. Kochen Sie etwas Wasser und wiegen Sie die richtige Menge an Pilzen ab. Lassen Sie das Wasser eine Weile abk\u00fchlen und gie\u00dfen Sie es dann \u00fcber die Champignons. Der Tee sollte 20 Minuten lang ziehen, danach k\u00f6nnen Sie ihn trinken.<\/p>\n<h3>Bereiten Sie Ihre Reise vor<\/h3>\n<p>Mit einer guten Vorbereitung erh\u00f6hen Sie die Chance auf eine tolle Reise. Es ist also wichtig, sich Gedanken dar\u00fcber zu machen, wohin die Reise gehen soll (ein Ort, an dem Sie sich wohlf\u00fchlen) und wer dort sein wird. Vorzugsweise gute Freunde, Menschen, denen Sie vertrauen k\u00f6nnen. Wenn Sie sich nicht wohlf\u00fchlen oder wenn Sie sich unwohl f\u00fchlen, k\u00f6nnen Sie einen schlechten Trip haben.<\/p>\n<p>Stellen Sie au\u00dferdem sicher, dass Sie einen guten Freund in Ihrer N\u00e4he haben, der als Tripsitter zur Verf\u00fcgung steht. Er oder sie nimmt keine Magic Mushrooms, Alkohol oder andere Drogen. Der Tripsitter hat ein Auge auf Sie und kann Ihnen helfen, wenn die Fahrt unerwartet zu intensiv wird. Die Beruhigung durch eine solche Person kann den ganzen Unterschied ausmachen. Eine weitere gute Sache, die man haben sollte, ist der Trip-Stopper, der eine Reise entsch\u00e4rfen kann.<\/p>\n<h2>Das Fresh Mushrooms Mexican XP Grow Kit online kaufen<\/h2>\n<p>Sind Sie daran interessiert, die Welt der Magic Mushrooms kennenzulernen? Dann probieren Sie das Fresh Mushrooms XP Grow Kit. Dies macht den Heimanbau einfach. Sie k\u00f6nnen sie in unserem Webshop bestellen und das Paket wird Ihnen schnell zugeschickt.<\/p>\n","protected":false},"excerpt":{"rendered":"<p>Der mexikanische Zauberpilz ist vielleicht der ber\u00fchmteste aller Zauberpilze. Das liegt zum Teil daran, dass er der erste war, der als psychoaktiv identifiziert wurde, aber auch daran, dass er ein sehr sch\u00f6ner Zauberpilz f\u00fcr Anf\u00e4nger ist. Mit dem Fresh Mushrooms Mexican Grow Kit k\u00f6nnen Sie diese Pilze mit milder Wirkung ganz einfach zu Hause z\u00fcchten. [&hellip;]<\/p>\n","protected":false},"featured_media":3595,"comment_status":"open","ping_status":"closed","template":"","meta":[],"product_brand":[],"product_cat":[115],"product_tag":[],"class_list":{"0":"post-4531","1":"product","2":"type-product","3":"status-publish","4":"has-post-thumbnail","6":"product_cat-fresh-mushrooms-zuchtset","8":"first","9":"instock","10":"taxable","11":"shipping-taxable","12":"purchasable","13":"product-type-simple"},"yoast_head":"<!-- This site is optimized with the Yoast SEO Premium plugin v26.4 (Yoast SEO v27.4) - https:\/\/yoast.com\/product\/yoast-seo-premium-wordpress\/ -->\n<title>Das Fresh Mushrooms Mexican XP Grow Kit online kaufen<\/title>\n<meta name=\"description\" content=\"Sind Sie daran interessiert, die Welt der Magic Mushrooms kennenzulernen? Dann probieren Sie das Fresh Mushrooms XP Grow Kit.\" \/>\n<meta name=\"robots\" content=\"index, follow, max-snippet:-1, max-image-preview:large, max-video-preview:-1\" \/>\n<link rel=\"canonical\" href=\"https:\/\/dutchmicrodosing.com\/de\/zauberpilze-zuchtsets\/fresh-mushrooms-zuchtset\/mexikanisch-xp\/\" \/>\n<meta property=\"og:locale\" content=\"de_DE\" \/>\n<meta property=\"og:type\" content=\"article\" \/>\n<meta property=\"og:title\" content=\"Mexikanischer XP\" \/>\n<meta property=\"og:description\" content=\"Der mexikanische Zauberpilz ist vielleicht der ber\u00fchmteste aller Zauberpilze. Das liegt zum Teil daran, dass er der erste war, der als psychoaktiv\" \/>\n<meta property=\"og:url\" content=\"https:\/\/dutchmicrodosing.com\/de\/zauberpilze-zuchtsets\/fresh-mushrooms-zuchtset\/mexikanisch-xp\/\" \/>\n<meta property=\"og:site_name\" content=\"Dutchmicrodosing\" \/>\n<meta property=\"article:publisher\" content=\"https:\/\/www.facebook.com\/Dutchmicrodosingxp\/\" \/>\n<meta property=\"article:modified_time\" content=\"2024-01-16T14:44:01+00:00\" \/>\n<meta property=\"og:image\" content=\"https:\/\/dutchmicrodosing.com\/wp-content\/uploads\/2021\/02\/Mexican.jpg\" \/>\n\t<meta property=\"og:image:width\" content=\"500\" \/>\n\t<meta property=\"og:image:height\" content=\"500\" \/>\n\t<meta property=\"og:image:type\" content=\"image\/jpeg\" \/>\n<meta name=\"twitter:card\" content=\"summary_large_image\" \/>\n<script type=\"application\/ld+json\" class=\"yoast-schema-graph\">{\"@context\":\"https:\\\/\\\/schema.org\",\"@graph\":[{\"@type\":\"WebPage\",\"@id\":\"https:\\\/\\\/dutchmicrodosing.com\\\/de\\\/zauberpilze-zuchtsets\\\/fresh-mushrooms-zuchtset\\\/mexikanisch-xp\\\/\",\"url\":\"https:\\\/\\\/dutchmicrodosing.com\\\/de\\\/zauberpilze-zuchtsets\\\/fresh-mushrooms-zuchtset\\\/mexikanisch-xp\\\/\",\"name\":\"Das Fresh Mushrooms Mexican XP Grow Kit online kaufen\",\"isPartOf\":{\"@id\":\"https:\\\/\\\/dutchmicrodosing.com\\\/de\\\/#website\"},\"primaryImageOfPage\":{\"@id\":\"https:\\\/\\\/dutchmicrodosing.com\\\/de\\\/zauberpilze-zuchtsets\\\/fresh-mushrooms-zuchtset\\\/mexikanisch-xp\\\/#primaryimage\"},\"image\":{\"@id\":\"https:\\\/\\\/dutchmicrodosing.com\\\/de\\\/zauberpilze-zuchtsets\\\/fresh-mushrooms-zuchtset\\\/mexikanisch-xp\\\/#primaryimage\"},\"thumbnailUrl\":\"https:\\\/\\\/dutchmicrodosing.com\\\/wp-content\\\/uploads\\\/2021\\\/02\\\/Mexican.jpg\",\"datePublished\":\"2021-05-01T13:24:56+00:00\",\"dateModified\":\"2024-01-16T14:44:01+00:00\",\"description\":\"Sind Sie daran interessiert, die Welt der Magic Mushrooms kennenzulernen? Dann probieren Sie das Fresh Mushrooms XP Grow Kit.\",\"breadcrumb\":{\"@id\":\"https:\\\/\\\/dutchmicrodosing.com\\\/de\\\/zauberpilze-zuchtsets\\\/fresh-mushrooms-zuchtset\\\/mexikanisch-xp\\\/#breadcrumb\"},\"inLanguage\":\"de\",\"potentialAction\":[{\"@type\":\"ReadAction\",\"target\":[\"https:\\\/\\\/dutchmicrodosing.com\\\/de\\\/zauberpilze-zuchtsets\\\/fresh-mushrooms-zuchtset\\\/mexikanisch-xp\\\/\"]}]},{\"@type\":\"ImageObject\",\"inLanguage\":\"de\",\"@id\":\"https:\\\/\\\/dutchmicrodosing.com\\\/de\\\/zauberpilze-zuchtsets\\\/fresh-mushrooms-zuchtset\\\/mexikanisch-xp\\\/#primaryimage\",\"url\":\"https:\\\/\\\/dutchmicrodosing.com\\\/wp-content\\\/uploads\\\/2021\\\/02\\\/Mexican.jpg\",\"contentUrl\":\"https:\\\/\\\/dutchmicrodosing.com\\\/wp-content\\\/uploads\\\/2021\\\/02\\\/Mexican.jpg\",\"width\":500,\"height\":500},{\"@type\":\"BreadcrumbList\",\"@id\":\"https:\\\/\\\/dutchmicrodosing.com\\\/de\\\/zauberpilze-zuchtsets\\\/fresh-mushrooms-zuchtset\\\/mexikanisch-xp\\\/#breadcrumb\",\"itemListElement\":[{\"@type\":\"ListItem\",\"position\":1,\"name\":\"Home\",\"item\":\"https:\\\/\\\/dutchmicrodosing.com\\\/de\\\/\"},{\"@type\":\"ListItem\",\"position\":2,\"name\":\"Shop\",\"item\":\"https:\\\/\\\/dutchmicrodosing.com\\\/de\\\/shop\\\/\"},{\"@type\":\"ListItem\",\"position\":3,\"name\":\"Mexikanischer XP\"}]},{\"@type\":\"WebSite\",\"@id\":\"https:\\\/\\\/dutchmicrodosing.com\\\/de\\\/#website\",\"url\":\"https:\\\/\\\/dutchmicrodosing.com\\\/de\\\/\",\"name\":\"Dutchmicrodosing\",\"description\":\"\",\"publisher\":{\"@id\":\"https:\\\/\\\/dutchmicrodosing.com\\\/de\\\/#organization\"},\"potentialAction\":[{\"@type\":\"SearchAction\",\"target\":{\"@type\":\"EntryPoint\",\"urlTemplate\":\"https:\\\/\\\/dutchmicrodosing.com\\\/de\\\/?s={search_term_string}\"},\"query-input\":{\"@type\":\"PropertyValueSpecification\",\"valueRequired\":true,\"valueName\":\"search_term_string\"}}],\"inLanguage\":\"de\"},{\"@type\":\"Organization\",\"@id\":\"https:\\\/\\\/dutchmicrodosing.com\\\/de\\\/#organization\",\"name\":\"Dutchmicrodosing\",\"url\":\"https:\\\/\\\/dutchmicrodosing.com\\\/de\\\/\",\"logo\":{\"@type\":\"ImageObject\",\"inLanguage\":\"de\",\"@id\":\"https:\\\/\\\/dutchmicrodosing.com\\\/de\\\/#\\\/schema\\\/logo\\\/image\\\/\",\"url\":\"https:\\\/\\\/dutchmicrodosing.com\\\/wp-content\\\/uploads\\\/2021\\\/01\\\/microdosing-categorie-pic-nieuw.jpg\",\"contentUrl\":\"https:\\\/\\\/dutchmicrodosing.com\\\/wp-content\\\/uploads\\\/2021\\\/01\\\/microdosing-categorie-pic-nieuw.jpg\",\"width\":500,\"height\":500,\"caption\":\"Dutchmicrodosing\"},\"image\":{\"@id\":\"https:\\\/\\\/dutchmicrodosing.com\\\/de\\\/#\\\/schema\\\/logo\\\/image\\\/\"},\"sameAs\":[\"https:\\\/\\\/www.facebook.com\\\/Dutchmicrodosingxp\\\/\",\"https:\\\/\\\/www.instagram.com\\\/dutchmicrodosing\\\/\"]}]}<\/script>\n<meta property=\"product:price:amount\" content=\"39.95\" \/>\n<meta property=\"product:price:currency\" content=\"EUR\" \/>\n<meta property=\"og:availability\" content=\"instock\" \/>\n<meta property=\"product:availability\" content=\"instock\" \/>\n<meta property=\"product:retailer_item_id\" content=\"0208285\" \/>\n<meta property=\"product:condition\" content=\"new\" \/>\n<!-- \/ Yoast SEO Premium plugin. -->","yoast_head_json":{"title":"Das Fresh Mushrooms Mexican XP Grow Kit online kaufen","description":"Sind Sie daran interessiert, die Welt der Magic Mushrooms kennenzulernen? Dann probieren Sie das Fresh Mushrooms XP Grow Kit.","robots":{"index":"index","follow":"follow","max-snippet":"max-snippet:-1","max-image-preview":"max-image-preview:large","max-video-preview":"max-video-preview:-1"},"canonical":"https:\/\/dutchmicrodosing.com\/de\/zauberpilze-zuchtsets\/fresh-mushrooms-zuchtset\/mexikanisch-xp\/","og_locale":"de_DE","og_type":"article","og_title":"Mexikanischer XP","og_description":"Der mexikanische Zauberpilz ist vielleicht der ber\u00fchmteste aller Zauberpilze. Das liegt zum Teil daran, dass er der erste war, der als psychoaktiv","og_url":"https:\/\/dutchmicrodosing.com\/de\/zauberpilze-zuchtsets\/fresh-mushrooms-zuchtset\/mexikanisch-xp\/","og_site_name":"Dutchmicrodosing","article_publisher":"https:\/\/www.facebook.com\/Dutchmicrodosingxp\/","article_modified_time":"2024-01-16T14:44:01+00:00","og_image":[{"width":500,"height":500,"url":"https:\/\/dutchmicrodosing.com\/wp-content\/uploads\/2021\/02\/Mexican.jpg","type":"image\/jpeg"}],"twitter_card":"summary_large_image","schema":{"@context":"https:\/\/schema.org","@graph":[{"@type":"WebPage","@id":"https:\/\/dutchmicrodosing.com\/de\/zauberpilze-zuchtsets\/fresh-mushrooms-zuchtset\/mexikanisch-xp\/","url":"https:\/\/dutchmicrodosing.com\/de\/zauberpilze-zuchtsets\/fresh-mushrooms-zuchtset\/mexikanisch-xp\/","name":"Das Fresh Mushrooms Mexican XP Grow Kit online kaufen","isPartOf":{"@id":"https:\/\/dutchmicrodosing.com\/de\/#website"},"primaryImageOfPage":{"@id":"https:\/\/dutchmicrodosing.com\/de\/zauberpilze-zuchtsets\/fresh-mushrooms-zuchtset\/mexikanisch-xp\/#primaryimage"},"image":{"@id":"https:\/\/dutchmicrodosing.com\/de\/zauberpilze-zuchtsets\/fresh-mushrooms-zuchtset\/mexikanisch-xp\/#primaryimage"},"thumbnailUrl":"https:\/\/dutchmicrodosing.com\/wp-content\/uploads\/2021\/02\/Mexican.jpg","datePublished":"2021-05-01T13:24:56+00:00","dateModified":"2024-01-16T14:44:01+00:00","description":"Sind Sie daran interessiert, die Welt der Magic Mushrooms kennenzulernen? Dann probieren Sie das Fresh Mushrooms XP Grow Kit.","breadcrumb":{"@id":"https:\/\/dutchmicrodosing.com\/de\/zauberpilze-zuchtsets\/fresh-mushrooms-zuchtset\/mexikanisch-xp\/#breadcrumb"},"inLanguage":"de","potentialAction":[{"@type":"ReadAction","target":["https:\/\/dutchmicrodosing.com\/de\/zauberpilze-zuchtsets\/fresh-mushrooms-zuchtset\/mexikanisch-xp\/"]}]},{"@type":"ImageObject","inLanguage":"de","@id":"https:\/\/dutchmicrodosing.com\/de\/zauberpilze-zuchtsets\/fresh-mushrooms-zuchtset\/mexikanisch-xp\/#primaryimage","url":"https:\/\/dutchmicrodosing.com\/wp-content\/uploads\/2021\/02\/Mexican.jpg","contentUrl":"https:\/\/dutchmicrodosing.com\/wp-content\/uploads\/2021\/02\/Mexican.jpg","width":500,"height":500},{"@type":"BreadcrumbList","@id":"https:\/\/dutchmicrodosing.com\/de\/zauberpilze-zuchtsets\/fresh-mushrooms-zuchtset\/mexikanisch-xp\/#breadcrumb","itemListElement":[{"@type":"ListItem","position":1,"name":"Home","item":"https:\/\/dutchmicrodosing.com\/de\/"},{"@type":"ListItem","position":2,"name":"Shop","item":"https:\/\/dutchmicrodosing.com\/de\/shop\/"},{"@type":"ListItem","position":3,"name":"Mexikanischer XP"}]},{"@type":"WebSite","@id":"https:\/\/dutchmicrodosing.com\/de\/#website","url":"https:\/\/dutchmicrodosing.com\/de\/","name":"Dutchmicrodosing","description":"","publisher":{"@id":"https:\/\/dutchmicrodosing.com\/de\/#organization"},"potentialAction":[{"@type":"SearchAction","target":{"@type":"EntryPoint","urlTemplate":"https:\/\/dutchmicrodosing.com\/de\/?s={search_term_string}"},"query-input":{"@type":"PropertyValueSpecification","valueRequired":true,"valueName":"search_term_string"}}],"inLanguage":"de"},{"@type":"Organization","@id":"https:\/\/dutchmicrodosing.com\/de\/#organization","name":"Dutchmicrodosing","url":"https:\/\/dutchmicrodosing.com\/de\/","logo":{"@type":"ImageObject","inLanguage":"de","@id":"https:\/\/dutchmicrodosing.com\/de\/#\/schema\/logo\/image\/","url":"https:\/\/dutchmicrodosing.com\/wp-content\/uploads\/2021\/01\/microdosing-categorie-pic-nieuw.jpg","contentUrl":"https:\/\/dutchmicrodosing.com\/wp-content\/uploads\/2021\/01\/microdosing-categorie-pic-nieuw.jpg","width":500,"height":500,"caption":"Dutchmicrodosing"},"image":{"@id":"https:\/\/dutchmicrodosing.com\/de\/#\/schema\/logo\/image\/"},"sameAs":["https:\/\/www.facebook.com\/Dutchmicrodosingxp\/","https:\/\/www.instagram.com\/dutchmicrodosing\/"]}]},"product_price_amount":"39.95","product_price_currency":"EUR","og_availability":"instock","product_availability":"instock","product_retailer_item_id":"0208285","product_condition":"new"},"_links":{"self":[{"href":"https:\/\/dutchmicrodosing.com\/de\/wp-json\/wp\/v2\/product\/4531","targetHints":{"allow":["GET"]}}],"collection":[{"href":"https:\/\/dutchmicrodosing.com\/de\/wp-json\/wp\/v2\/product"}],"about":[{"href":"https:\/\/dutchmicrodosing.com\/de\/wp-json\/wp\/v2\/types\/product"}],"replies":[{"embeddable":true,"href":"https:\/\/dutchmicrodosing.com\/de\/wp-json\/wp\/v2\/comments?post=4531"}],"version-history":[{"count":0,"href":"https:\/\/dutchmicrodosing.com\/de\/wp-json\/wp\/v2\/product\/4531\/revisions"}],"wp:featuredmedia":[{"embeddable":true,"href":"https:\/\/dutchmicrodosing.com\/de\/wp-json\/wp\/v2\/media\/3595"}],"wp:attachment":[{"href":"https:\/\/dutchmicrodosing.com\/de\/wp-json\/wp\/v2\/media?parent=4531"}],"wp:term":[{"taxonomy":"product_brand","embeddable":true,"href":"https:\/\/dutchmicrodosing.com\/de\/wp-json\/wp\/v2\/product_brand?post=4531"},{"taxonomy":"product_cat","embeddable":true,"href":"https:\/\/dutchmicrodosing.com\/de\/wp-json\/wp\/v2\/product_cat?post=4531"},{"taxonomy":"product_tag","embeddable":true,"href":"https:\/\/dutchmicrodosing.com\/de\/wp-json\/wp\/v2\/product_tag?post=4531"}],"curies":[{"name":"wp","href":"https:\/\/api.w.org\/{rel}","templated":true}]}}