{"id":4535,"date":"2021-02-27T22:51:41","date_gmt":"2021-02-27T21:51:41","guid":{"rendered":"https:\/\/dutchmicrodosing.com\/shop\/unkategorisiert\/womans-multi-vit-30-kapseln\/"},"modified":"2025-08-27T09:41:25","modified_gmt":"2025-08-27T07:41:25","slug":"frauen-multi-vit-30-kapseln","status":"publish","type":"product","link":"https:\/\/dutchmicrodosing.com\/de\/reformhaus\/vitamine-nahrungsergaenzungsmittel\/frauen-multi-vit-30-kapseln\/","title":{"rendered":"Woman&#8217;s Multi Vit &#8211; 30 Kapseln"},"content":{"rendered":"<p>Speziell f\u00fcr die besonderen Bed\u00fcrfnisse von Frauen entwickelt: <strong>Together&#8217;s Woman&#8217;s Multi Vit<\/strong>. Genau das, was die moderne Frau braucht. Alle N\u00e4hrwerte stammen aus Lebensmitteln, Meeresquellen und pflanzlichen Inhaltsstoffen. Die Erg\u00e4nzungsmittel werden unter kontrollierten Bedingungen und bei niedrigen Temperaturen hergestellt. Dadurch wird sichergestellt, dass wichtige N\u00e4hrwerte in den Supplementen erhalten bleiben. Einige Beispiele sind: lebende Enzyme und Phyton\u00e4hrstoffe, Aminos\u00e4uren, Spurenelemente und andere bioaktive Co-Faktoren.<\/p>\n<p>Dieses Produkt ist vollst\u00e4ndig vegan und enth\u00e4lt keine Zusatzstoffe oder andere Hilfsstoffe. Es wird in einer Tasche geliefert, die in den Briefkasten passt. Ein Beutel enth\u00e4lt ca. 30 Kapseln, was etwa einem Monatsbedarf entspricht (eine Kapsel pro Tag).<i><\/i><\/p>\n<h3>Inhaltsstoffe<\/h3>\n<p>Hefekonzentrat mit: Eisen, Selen, Zink, Kupfer, GTF-Chrom, Jod, Niacin, Pantothens\u00e4ure, Riboflavin, Vitamin B6, Thiamin, Vitamin B12 und Mangan; Lithothamnion Calcareum Algen (liefert Magnesium); Vitamin C verarbeitet in Zitrusfruchtfleisch; Beta-Carotin verarbeitet in Karottenkonzentrat; Vitamin E kombiniert in Pflanzen\u00f6l; Biotin verarbeitet in Maismehl; Fols\u00e4ure und Vitamin K2 verarbeitet in Alfalfa-Konzentrat; Tapioka-Extrakt; Flechte mit Vitamin D3 und vegane Kapsel (pflanzliche Zellulose)Beta-Carotin 500\u03bcg.<\/p>\n<p><strong>N\u00e4hrwertangaben pro Kapsel:<\/strong><\/p>\n<ul>\n<li>Vitamin D3 10\u03bcg<\/li>\n<li>Vitamin E 2,5mg \u03b1-TE<\/li>\n<li>Vitamin C 25mg<\/li>\n<li>Thiamin (Vitamin B1) 0,7mg<\/li>\n<li>Riboflavin (Vitamin B2) 0,8mg<\/li>\n<li>Niacin (als Niacinamid) 5mg<\/li>\n<li>Vitamin B6 1,4mg<\/li>\n<li>Fols\u00e4ure (als Folat) 100\u03bcg<\/li>\n<li>Vitamin B12 (als Methylcobalamin) 5\u03bcg<\/li>\n<li>Biotin 75\u03bcg<\/li>\n<li>Pantothens\u00e4ure (Vitamin B5) 3mg<\/li>\n<li>Vitamin K2 20\u03bcg<\/li>\n<li>Eisen 4,2mg<\/li>\n<li>Zink 1,5mg<\/li>\n<li>Kupfer 250\u03bcg<\/li>\n<li>Magnesium 55mg<\/li>\n<li>Mangan 0,3mg<\/li>\n<li>Selen 30\u03bcg<\/li>\n<li>Chrom (G.T.F.) 30\u03bcg<\/li>\n<li>Jod 57\u03bcg<\/li>\n<li>Molybd\u00e4n 15\u03bcg<\/li>\n<\/ul>\n<h3>Inhalt<\/h3>\n<p>Together Woman&#8217;s Multi Vit &#8211; 30 Kapseln<\/p>\n","protected":false},"excerpt":{"rendered":"<p>Speziell f\u00fcr die besonderen Bed\u00fcrfnisse von Frauen entwickelt: Together&#8217;s Woman&#8217;s Multi Vit. Genau das, was die moderne Frau braucht. Alle N\u00e4hrwerte stammen aus Lebensmitteln, Meeresquellen und pflanzlichen Inhaltsstoffen. Die Erg\u00e4nzungsmittel werden unter kontrollierten Bedingungen und bei niedrigen Temperaturen hergestellt. Dadurch wird sichergestellt, dass wichtige N\u00e4hrwerte in den Supplementen erhalten bleiben. Einige Beispiele sind: lebende Enzyme [&hellip;]<\/p>\n","protected":false},"featured_media":3295,"comment_status":"open","ping_status":"closed","template":"","meta":[],"product_brand":[],"product_cat":[293,116],"product_tag":[],"class_list":{"0":"post-4535","1":"product","2":"type-product","3":"status-publish","4":"has-post-thumbnail","6":"product_cat-erganzungen-fur-das-immunsystem","7":"product_cat-vitamine-nahrungsergaenzungsmittel","9":"first","10":"outofstock","11":"taxable","12":"shipping-taxable","13":"purchasable","14":"product-type-simple"},"yoast_head":"<!-- This site is optimized with the Yoast SEO Premium plugin v26.4 (Yoast SEO v27.2) - https:\/\/yoast.com\/product\/yoast-seo-premium-wordpress\/ -->\n<title>Woman&#039;s Multi Vit - 30 Kapseln - Dutchmicrodosing<\/title>\n<meta name=\"description\" content=\"Speziell f\u00fcr die besonderen Bed\u00fcrfnisse von Frauen entwickelt: das Woman&#039;s Multi Vit von Together. Genau das, was die moderne Frau braucht. Alle N\u00e4hrwertangaben\" \/>\n<meta name=\"robots\" content=\"index, follow, max-snippet:-1, max-image-preview:large, max-video-preview:-1\" \/>\n<link rel=\"canonical\" href=\"https:\/\/dutchmicrodosing.com\/de\/reformhaus\/vitamine-nahrungsergaenzungsmittel\/frauen-multi-vit-30-kapseln\/\" \/>\n<meta property=\"og:locale\" content=\"de_DE\" \/>\n<meta property=\"og:type\" content=\"article\" \/>\n<meta property=\"og:title\" content=\"Woman&#039;s Multi Vit - 30 Kapseln\" \/>\n<meta property=\"og:description\" content=\"Speziell f\u00fcr die besonderen Bed\u00fcrfnisse von Frauen entwickelt: Together&#039;s Woman&#039;s Multi Vit. Genau das, was die moderne Frau braucht. Alle N\u00e4hrwerte\" \/>\n<meta property=\"og:url\" content=\"https:\/\/dutchmicrodosing.com\/de\/reformhaus\/vitamine-nahrungsergaenzungsmittel\/frauen-multi-vit-30-kapseln\/\" \/>\n<meta property=\"og:site_name\" content=\"Dutchmicrodosing\" \/>\n<meta property=\"article:publisher\" content=\"https:\/\/www.facebook.com\/Dutchmicrodosingxp\/\" \/>\n<meta property=\"article:modified_time\" content=\"2025-08-27T07:41:25+00:00\" \/>\n<meta property=\"og:image\" content=\"https:\/\/dutchmicrodosing.com\/wp-content\/uploads\/2021\/02\/2271_Womans-Multi-Vit-Together-Health-30caps-2.jpg\" \/>\n\t<meta property=\"og:image:width\" content=\"1040\" \/>\n\t<meta property=\"og:image:height\" content=\"1040\" \/>\n\t<meta property=\"og:image:type\" content=\"image\/jpeg\" \/>\n<meta name=\"twitter:card\" content=\"summary_large_image\" \/>\n<script type=\"application\/ld+json\" class=\"yoast-schema-graph\">{\"@context\":\"https:\/\/schema.org\",\"@graph\":[{\"@type\":\"WebPage\",\"@id\":\"https:\/\/dutchmicrodosing.com\/de\/reformhaus\/vitamine-nahrungsergaenzungsmittel\/frauen-multi-vit-30-kapseln\/\",\"url\":\"https:\/\/dutchmicrodosing.com\/de\/reformhaus\/vitamine-nahrungsergaenzungsmittel\/frauen-multi-vit-30-kapseln\/\",\"name\":\"Woman's Multi Vit - 30 Kapseln - Dutchmicrodosing\",\"isPartOf\":{\"@id\":\"https:\/\/dutchmicrodosing.com\/de\/#website\"},\"primaryImageOfPage\":{\"@id\":\"https:\/\/dutchmicrodosing.com\/de\/reformhaus\/vitamine-nahrungsergaenzungsmittel\/frauen-multi-vit-30-kapseln\/#primaryimage\"},\"image\":{\"@id\":\"https:\/\/dutchmicrodosing.com\/de\/reformhaus\/vitamine-nahrungsergaenzungsmittel\/frauen-multi-vit-30-kapseln\/#primaryimage\"},\"thumbnailUrl\":\"https:\/\/dutchmicrodosing.com\/wp-content\/uploads\/2021\/02\/2271_Womans-Multi-Vit-Together-Health-30caps-2.jpg\",\"datePublished\":\"2021-02-27T21:51:41+00:00\",\"dateModified\":\"2025-08-27T07:41:25+00:00\",\"description\":\"Speziell f\u00fcr die besonderen Bed\u00fcrfnisse von Frauen entwickelt: das Woman's Multi Vit von Together. Genau das, was die moderne Frau braucht. Alle N\u00e4hrwertangaben\",\"breadcrumb\":{\"@id\":\"https:\/\/dutchmicrodosing.com\/de\/reformhaus\/vitamine-nahrungsergaenzungsmittel\/frauen-multi-vit-30-kapseln\/#breadcrumb\"},\"inLanguage\":\"de\",\"potentialAction\":[{\"@type\":\"ReadAction\",\"target\":[\"https:\/\/dutchmicrodosing.com\/de\/reformhaus\/vitamine-nahrungsergaenzungsmittel\/frauen-multi-vit-30-kapseln\/\"]}]},{\"@type\":\"ImageObject\",\"inLanguage\":\"de\",\"@id\":\"https:\/\/dutchmicrodosing.com\/de\/reformhaus\/vitamine-nahrungsergaenzungsmittel\/frauen-multi-vit-30-kapseln\/#primaryimage\",\"url\":\"https:\/\/dutchmicrodosing.com\/wp-content\/uploads\/2021\/02\/2271_Womans-Multi-Vit-Together-Health-30caps-2.jpg\",\"contentUrl\":\"https:\/\/dutchmicrodosing.com\/wp-content\/uploads\/2021\/02\/2271_Womans-Multi-Vit-Together-Health-30caps-2.jpg\",\"width\":1040,\"height\":1040},{\"@type\":\"BreadcrumbList\",\"@id\":\"https:\/\/dutchmicrodosing.com\/de\/reformhaus\/vitamine-nahrungsergaenzungsmittel\/frauen-multi-vit-30-kapseln\/#breadcrumb\",\"itemListElement\":[{\"@type\":\"ListItem\",\"position\":1,\"name\":\"Home\",\"item\":\"https:\/\/dutchmicrodosing.com\/de\/\"},{\"@type\":\"ListItem\",\"position\":2,\"name\":\"Shop\",\"item\":\"https:\/\/dutchmicrodosing.com\/de\/shop\/\"},{\"@type\":\"ListItem\",\"position\":3,\"name\":\"Woman&#8217;s Multi Vit &#8211; 30 Kapseln\"}]},{\"@type\":\"WebSite\",\"@id\":\"https:\/\/dutchmicrodosing.com\/de\/#website\",\"url\":\"https:\/\/dutchmicrodosing.com\/de\/\",\"name\":\"Dutchmicrodosing\",\"description\":\"\",\"publisher\":{\"@id\":\"https:\/\/dutchmicrodosing.com\/de\/#organization\"},\"potentialAction\":[{\"@type\":\"SearchAction\",\"target\":{\"@type\":\"EntryPoint\",\"urlTemplate\":\"https:\/\/dutchmicrodosing.com\/de\/?s={search_term_string}\"},\"query-input\":{\"@type\":\"PropertyValueSpecification\",\"valueRequired\":true,\"valueName\":\"search_term_string\"}}],\"inLanguage\":\"de\"},{\"@type\":\"Organization\",\"@id\":\"https:\/\/dutchmicrodosing.com\/de\/#organization\",\"name\":\"Dutchmicrodosing\",\"url\":\"https:\/\/dutchmicrodosing.com\/de\/\",\"logo\":{\"@type\":\"ImageObject\",\"inLanguage\":\"de\",\"@id\":\"https:\/\/dutchmicrodosing.com\/de\/#\/schema\/logo\/image\/\",\"url\":\"https:\/\/dutchmicrodosing.com\/wp-content\/uploads\/2021\/01\/microdosing-categorie-pic-nieuw.jpg\",\"contentUrl\":\"https:\/\/dutchmicrodosing.com\/wp-content\/uploads\/2021\/01\/microdosing-categorie-pic-nieuw.jpg\",\"width\":500,\"height\":500,\"caption\":\"Dutchmicrodosing\"},\"image\":{\"@id\":\"https:\/\/dutchmicrodosing.com\/de\/#\/schema\/logo\/image\/\"},\"sameAs\":[\"https:\/\/www.facebook.com\/Dutchmicrodosingxp\/\",\"https:\/\/www.instagram.com\/dutchmicrodosing\/\"]}]}<\/script>\n<meta property=\"product:price:amount\" content=\"13.95\" \/>\n<meta property=\"product:price:currency\" content=\"EUR\" \/>\n<meta property=\"og:availability\" content=\"out of stock\" \/>\n<meta property=\"product:availability\" content=\"out of stock\" \/>\n<meta property=\"product:retailer_item_id\" content=\"1203626\" \/>\n<meta property=\"product:condition\" content=\"new\" \/>\n<!-- \/ Yoast SEO Premium plugin. -->","yoast_head_json":{"title":"Woman's Multi Vit - 30 Kapseln - Dutchmicrodosing","description":"Speziell f\u00fcr die besonderen Bed\u00fcrfnisse von Frauen entwickelt: das Woman's Multi Vit von Together. Genau das, was die moderne Frau braucht. Alle N\u00e4hrwertangaben","robots":{"index":"index","follow":"follow","max-snippet":"max-snippet:-1","max-image-preview":"max-image-preview:large","max-video-preview":"max-video-preview:-1"},"canonical":"https:\/\/dutchmicrodosing.com\/de\/reformhaus\/vitamine-nahrungsergaenzungsmittel\/frauen-multi-vit-30-kapseln\/","og_locale":"de_DE","og_type":"article","og_title":"Woman's Multi Vit - 30 Kapseln","og_description":"Speziell f\u00fcr die besonderen Bed\u00fcrfnisse von Frauen entwickelt: Together's Woman's Multi Vit. Genau das, was die moderne Frau braucht. Alle N\u00e4hrwerte","og_url":"https:\/\/dutchmicrodosing.com\/de\/reformhaus\/vitamine-nahrungsergaenzungsmittel\/frauen-multi-vit-30-kapseln\/","og_site_name":"Dutchmicrodosing","article_publisher":"https:\/\/www.facebook.com\/Dutchmicrodosingxp\/","article_modified_time":"2025-08-27T07:41:25+00:00","og_image":[{"width":1040,"height":1040,"url":"https:\/\/dutchmicrodosing.com\/wp-content\/uploads\/2021\/02\/2271_Womans-Multi-Vit-Together-Health-30caps-2.jpg","type":"image\/jpeg"}],"twitter_card":"summary_large_image","schema":{"@context":"https:\/\/schema.org","@graph":[{"@type":"WebPage","@id":"https:\/\/dutchmicrodosing.com\/de\/reformhaus\/vitamine-nahrungsergaenzungsmittel\/frauen-multi-vit-30-kapseln\/","url":"https:\/\/dutchmicrodosing.com\/de\/reformhaus\/vitamine-nahrungsergaenzungsmittel\/frauen-multi-vit-30-kapseln\/","name":"Woman's Multi Vit - 30 Kapseln - Dutchmicrodosing","isPartOf":{"@id":"https:\/\/dutchmicrodosing.com\/de\/#website"},"primaryImageOfPage":{"@id":"https:\/\/dutchmicrodosing.com\/de\/reformhaus\/vitamine-nahrungsergaenzungsmittel\/frauen-multi-vit-30-kapseln\/#primaryimage"},"image":{"@id":"https:\/\/dutchmicrodosing.com\/de\/reformhaus\/vitamine-nahrungsergaenzungsmittel\/frauen-multi-vit-30-kapseln\/#primaryimage"},"thumbnailUrl":"https:\/\/dutchmicrodosing.com\/wp-content\/uploads\/2021\/02\/2271_Womans-Multi-Vit-Together-Health-30caps-2.jpg","datePublished":"2021-02-27T21:51:41+00:00","dateModified":"2025-08-27T07:41:25+00:00","description":"Speziell f\u00fcr die besonderen Bed\u00fcrfnisse von Frauen entwickelt: das Woman's Multi Vit von Together. Genau das, was die moderne Frau braucht. Alle N\u00e4hrwertangaben","breadcrumb":{"@id":"https:\/\/dutchmicrodosing.com\/de\/reformhaus\/vitamine-nahrungsergaenzungsmittel\/frauen-multi-vit-30-kapseln\/#breadcrumb"},"inLanguage":"de","potentialAction":[{"@type":"ReadAction","target":["https:\/\/dutchmicrodosing.com\/de\/reformhaus\/vitamine-nahrungsergaenzungsmittel\/frauen-multi-vit-30-kapseln\/"]}]},{"@type":"ImageObject","inLanguage":"de","@id":"https:\/\/dutchmicrodosing.com\/de\/reformhaus\/vitamine-nahrungsergaenzungsmittel\/frauen-multi-vit-30-kapseln\/#primaryimage","url":"https:\/\/dutchmicrodosing.com\/wp-content\/uploads\/2021\/02\/2271_Womans-Multi-Vit-Together-Health-30caps-2.jpg","contentUrl":"https:\/\/dutchmicrodosing.com\/wp-content\/uploads\/2021\/02\/2271_Womans-Multi-Vit-Together-Health-30caps-2.jpg","width":1040,"height":1040},{"@type":"BreadcrumbList","@id":"https:\/\/dutchmicrodosing.com\/de\/reformhaus\/vitamine-nahrungsergaenzungsmittel\/frauen-multi-vit-30-kapseln\/#breadcrumb","itemListElement":[{"@type":"ListItem","position":1,"name":"Home","item":"https:\/\/dutchmicrodosing.com\/de\/"},{"@type":"ListItem","position":2,"name":"Shop","item":"https:\/\/dutchmicrodosing.com\/de\/shop\/"},{"@type":"ListItem","position":3,"name":"Woman&#8217;s Multi Vit &#8211; 30 Kapseln"}]},{"@type":"WebSite","@id":"https:\/\/dutchmicrodosing.com\/de\/#website","url":"https:\/\/dutchmicrodosing.com\/de\/","name":"Dutchmicrodosing","description":"","publisher":{"@id":"https:\/\/dutchmicrodosing.com\/de\/#organization"},"potentialAction":[{"@type":"SearchAction","target":{"@type":"EntryPoint","urlTemplate":"https:\/\/dutchmicrodosing.com\/de\/?s={search_term_string}"},"query-input":{"@type":"PropertyValueSpecification","valueRequired":true,"valueName":"search_term_string"}}],"inLanguage":"de"},{"@type":"Organization","@id":"https:\/\/dutchmicrodosing.com\/de\/#organization","name":"Dutchmicrodosing","url":"https:\/\/dutchmicrodosing.com\/de\/","logo":{"@type":"ImageObject","inLanguage":"de","@id":"https:\/\/dutchmicrodosing.com\/de\/#\/schema\/logo\/image\/","url":"https:\/\/dutchmicrodosing.com\/wp-content\/uploads\/2021\/01\/microdosing-categorie-pic-nieuw.jpg","contentUrl":"https:\/\/dutchmicrodosing.com\/wp-content\/uploads\/2021\/01\/microdosing-categorie-pic-nieuw.jpg","width":500,"height":500,"caption":"Dutchmicrodosing"},"image":{"@id":"https:\/\/dutchmicrodosing.com\/de\/#\/schema\/logo\/image\/"},"sameAs":["https:\/\/www.facebook.com\/Dutchmicrodosingxp\/","https:\/\/www.instagram.com\/dutchmicrodosing\/"]}]},"product_price_amount":"13.95","product_price_currency":"EUR","og_availability":"out of stock","product_availability":"out of stock","product_retailer_item_id":"1203626","product_condition":"new"},"_links":{"self":[{"href":"https:\/\/dutchmicrodosing.com\/de\/wp-json\/wp\/v2\/product\/4535","targetHints":{"allow":["GET"]}}],"collection":[{"href":"https:\/\/dutchmicrodosing.com\/de\/wp-json\/wp\/v2\/product"}],"about":[{"href":"https:\/\/dutchmicrodosing.com\/de\/wp-json\/wp\/v2\/types\/product"}],"replies":[{"embeddable":true,"href":"https:\/\/dutchmicrodosing.com\/de\/wp-json\/wp\/v2\/comments?post=4535"}],"version-history":[{"count":0,"href":"https:\/\/dutchmicrodosing.com\/de\/wp-json\/wp\/v2\/product\/4535\/revisions"}],"wp:featuredmedia":[{"embeddable":true,"href":"https:\/\/dutchmicrodosing.com\/de\/wp-json\/wp\/v2\/media\/3295"}],"wp:attachment":[{"href":"https:\/\/dutchmicrodosing.com\/de\/wp-json\/wp\/v2\/media?parent=4535"}],"wp:term":[{"taxonomy":"product_brand","embeddable":true,"href":"https:\/\/dutchmicrodosing.com\/de\/wp-json\/wp\/v2\/product_brand?post=4535"},{"taxonomy":"product_cat","embeddable":true,"href":"https:\/\/dutchmicrodosing.com\/de\/wp-json\/wp\/v2\/product_cat?post=4535"},{"taxonomy":"product_tag","embeddable":true,"href":"https:\/\/dutchmicrodosing.com\/de\/wp-json\/wp\/v2\/product_tag?post=4535"}],"curies":[{"name":"wp","href":"https:\/\/api.w.org\/{rel}","templated":true}]}}