{"id":4538,"date":"2021-02-27T22:51:42","date_gmt":"2021-02-27T21:51:42","guid":{"rendered":"https:\/\/dutchmicrodosing.com\/shop\/unkategorisiert\/multibiotische-fermentierte-nahrung-30-kapseln\/"},"modified":"2025-08-20T19:09:12","modified_gmt":"2025-08-20T17:09:12","slug":"multibiotische-fermentierte-nahrung-30kapseln","status":"publish","type":"product","link":"https:\/\/dutchmicrodosing.com\/de\/reformhaus\/vitamine-nahrungsergaenzungsmittel\/multibiotische-fermentierte-nahrung-30kapseln\/","title":{"rendered":"Multibiotische fermentierte Nahrung &#8211; 30 Kapseln"},"content":{"rendered":"<p><strong>Multibiotic Fermented<\/strong> Food ist ein einzigartiges, multibiotisches Nahrungserg\u00e4nzungsmittel, das \u00fcber eine Billion freundlicher Darmbakterien enth\u00e4lt, die f\u00fcr ein Gleichgewicht sorgen. Multibiotic Fermented Food (Pr\u00e4biotika) von Together ist die Erg\u00e4nzung f\u00fcr die Gesundheit von Darm und Verdauung. Es wird dank einer Kombucha-Fermentationsmethode hergestellt; ein nat\u00fcrlicher Produktionsprozess, der verwendet wird, um Lebensmittel l\u00e4nger haltbar zu machen. Dieses Nahrungserg\u00e4nzungsmittel enth\u00e4lt 16 sorgf\u00e4ltig ausgew\u00e4hlte, lebende Bakterienst\u00e4mme, die zum Zeitpunkt der Herstellung eine Gesamt-KFU von 13 Milliarden pro Kapsel darstellen. Wir f\u00fcgen auch Isomalto-Oligosaccharid und Inulin zu dieser Erg\u00e4nzung hinzu, um das Wachstum guter Bakterien auf nat\u00fcrliche Weise zu f\u00f6rdern und zu unterst\u00fctzen.<\/p>\n<p>Dieses Produkt ist vollst\u00e4ndig vegan und enth\u00e4lt keine Zusatzstoffe oder andere Hilfsstoffe. Es wird in einer Tasche geliefert, die in den Briefkasten passt. Ein Beutel enth\u00e4lt ca. 30 Kapseln, was etwa einem Monatsbedarf entspricht (1 Kapsel pro Tag).<\/p>\n<h3>Inhaltsstoffe<\/h3>\n<p>Fermentierter Obst- und Gem\u00fcsekomplex (Karotte, Sellerie *, Rote Bete, lila Karotte, Tomate, Brokkoli, Spargel, K\u00fcrbis, Erbse, Spinat, Zuckermais, Ananas, Orange, Apfel, Passionsfrucht, Banane, Mandarine, Mango, Papaya, Zitrone, Maulbeere, Rote Trauben, Pflaume, Noni, Pfirsich, Litschi, Rote Grapefruit, Pflaume, Granatapfel, Aronia, Cranberry, Erdbeere, Himbeere, Kirsche, Schwarze Johannisbeere, Beere, Wei\u00dfe Traube, Zuckerrohr, Heidelbeere, Wachsbeere, Kiwi, Kumquat, Pei Yu, Cantaloupe, Westindische Kirsche); Multistamm-Lebendkulturkomplex (Bifidobacterium Lactis BS01, Lactobacillus Acidophilus LA02, Lactobacillus Plantarum LP01, Lactobacillus Rhamnosus GG, Bacillus Coagulans LMG 6326); Oligosaccharide Roots (extrahiert aus Zichorie); Vegane Kapsel (pflanzliche Zellulose).<\/p>\n<p><strong>N\u00e4hrwertangaben pro Kapsel:<\/strong><\/p>\n<ul>\n<li>13 Milliarden lebende Kulturen (13 x 109)\u2020 120mg<\/li>\n<li>Inulin und Isomalto-Oligosaccharide 160mg<\/li>\n<\/ul>\n<h3>Inhalt<\/h3>\n<p>Together Multibiotische fermentierte Lebensmittel &#8211; 30 Kapseln<\/p>\n","protected":false},"excerpt":{"rendered":"<p>Multibiotic Fermented Food ist ein einzigartiges, multibiotisches Nahrungserg\u00e4nzungsmittel, das \u00fcber eine Billion freundlicher Darmbakterien enth\u00e4lt, die f\u00fcr ein Gleichgewicht sorgen. Multibiotic Fermented Food (Pr\u00e4biotika) von Together ist die Erg\u00e4nzung f\u00fcr die Gesundheit von Darm und Verdauung. Es wird dank einer Kombucha-Fermentationsmethode hergestellt; ein nat\u00fcrlicher Produktionsprozess, der verwendet wird, um Lebensmittel l\u00e4nger haltbar zu machen. Dieses [&hellip;]<\/p>\n","protected":false},"featured_media":3259,"comment_status":"open","ping_status":"closed","template":"","meta":[],"product_brand":[],"product_cat":[293,116],"product_tag":[],"class_list":{"0":"post-4538","1":"product","2":"type-product","3":"status-publish","4":"has-post-thumbnail","6":"product_cat-erganzungen-fur-das-immunsystem","7":"product_cat-vitamine-nahrungsergaenzungsmittel","9":"first","10":"outofstock","11":"taxable","12":"shipping-taxable","13":"purchasable","14":"product-type-simple"},"yoast_head":"<!-- This site is optimized with the Yoast SEO Premium plugin v26.4 (Yoast SEO v27.4) - https:\/\/yoast.com\/product\/yoast-seo-premium-wordpress\/ -->\n<title>Multibiotische fermentierte Nahrung - 30 Kapseln - Dutchmicrodosing<\/title>\n<meta name=\"description\" content=\"Multibiotic Fermented Food ist ein einzigartiges, multibiotisches Nahrungserg\u00e4nzungsmittel, das \u00fcber eine Billion freundlicher Darmbakterien enth\u00e4lt, die f\u00fcr ein Gleichgewicht sorgen. Multibiotisch fermentiert\" \/>\n<meta name=\"robots\" content=\"index, follow, max-snippet:-1, max-image-preview:large, max-video-preview:-1\" \/>\n<link rel=\"canonical\" href=\"https:\/\/dutchmicrodosing.com\/de\/reformhaus\/vitamine-nahrungsergaenzungsmittel\/multibiotische-fermentierte-nahrung-30kapseln\/\" \/>\n<meta property=\"og:locale\" content=\"de_DE\" \/>\n<meta property=\"og:type\" content=\"article\" \/>\n<meta property=\"og:title\" content=\"Multibiotische fermentierte Nahrung - 30 Kapseln\" \/>\n<meta property=\"og:description\" content=\"Multibiotic Fermented Food ist ein einzigartiges, multibiotisches Nahrungserg\u00e4nzungsmittel, das \u00fcber eine Billion freundlicher Darmbakterien enth\u00e4lt, die\" \/>\n<meta property=\"og:url\" content=\"https:\/\/dutchmicrodosing.com\/de\/reformhaus\/vitamine-nahrungsergaenzungsmittel\/multibiotische-fermentierte-nahrung-30kapseln\/\" \/>\n<meta property=\"og:site_name\" content=\"Dutchmicrodosing\" \/>\n<meta property=\"article:publisher\" content=\"https:\/\/www.facebook.com\/Dutchmicrodosingxp\/\" \/>\n<meta property=\"article:modified_time\" content=\"2025-08-20T17:09:12+00:00\" \/>\n<meta property=\"og:image\" content=\"https:\/\/dutchmicrodosing.com\/wp-content\/uploads\/2021\/02\/2265_Multibiotic-Fermented-Food-Together-Health-30caps-1.jpg\" \/>\n\t<meta property=\"og:image:width\" content=\"1040\" \/>\n\t<meta property=\"og:image:height\" content=\"1040\" \/>\n\t<meta property=\"og:image:type\" content=\"image\/jpeg\" \/>\n<meta name=\"twitter:card\" content=\"summary_large_image\" \/>\n<script type=\"application\/ld+json\" class=\"yoast-schema-graph\">{\"@context\":\"https:\\\/\\\/schema.org\",\"@graph\":[{\"@type\":\"WebPage\",\"@id\":\"https:\\\/\\\/dutchmicrodosing.com\\\/de\\\/reformhaus\\\/vitamine-nahrungsergaenzungsmittel\\\/multibiotische-fermentierte-nahrung-30kapseln\\\/\",\"url\":\"https:\\\/\\\/dutchmicrodosing.com\\\/de\\\/reformhaus\\\/vitamine-nahrungsergaenzungsmittel\\\/multibiotische-fermentierte-nahrung-30kapseln\\\/\",\"name\":\"Multibiotische fermentierte Nahrung - 30 Kapseln - Dutchmicrodosing\",\"isPartOf\":{\"@id\":\"https:\\\/\\\/dutchmicrodosing.com\\\/de\\\/#website\"},\"primaryImageOfPage\":{\"@id\":\"https:\\\/\\\/dutchmicrodosing.com\\\/de\\\/reformhaus\\\/vitamine-nahrungsergaenzungsmittel\\\/multibiotische-fermentierte-nahrung-30kapseln\\\/#primaryimage\"},\"image\":{\"@id\":\"https:\\\/\\\/dutchmicrodosing.com\\\/de\\\/reformhaus\\\/vitamine-nahrungsergaenzungsmittel\\\/multibiotische-fermentierte-nahrung-30kapseln\\\/#primaryimage\"},\"thumbnailUrl\":\"https:\\\/\\\/dutchmicrodosing.com\\\/wp-content\\\/uploads\\\/2021\\\/02\\\/2265_Multibiotic-Fermented-Food-Together-Health-30caps-1.jpg\",\"datePublished\":\"2021-02-27T21:51:42+00:00\",\"dateModified\":\"2025-08-20T17:09:12+00:00\",\"description\":\"Multibiotic Fermented Food ist ein einzigartiges, multibiotisches Nahrungserg\u00e4nzungsmittel, das \u00fcber eine Billion freundlicher Darmbakterien enth\u00e4lt, die f\u00fcr ein Gleichgewicht sorgen. Multibiotisch fermentiert\",\"breadcrumb\":{\"@id\":\"https:\\\/\\\/dutchmicrodosing.com\\\/de\\\/reformhaus\\\/vitamine-nahrungsergaenzungsmittel\\\/multibiotische-fermentierte-nahrung-30kapseln\\\/#breadcrumb\"},\"inLanguage\":\"de\",\"potentialAction\":[{\"@type\":\"ReadAction\",\"target\":[\"https:\\\/\\\/dutchmicrodosing.com\\\/de\\\/reformhaus\\\/vitamine-nahrungsergaenzungsmittel\\\/multibiotische-fermentierte-nahrung-30kapseln\\\/\"]}]},{\"@type\":\"ImageObject\",\"inLanguage\":\"de\",\"@id\":\"https:\\\/\\\/dutchmicrodosing.com\\\/de\\\/reformhaus\\\/vitamine-nahrungsergaenzungsmittel\\\/multibiotische-fermentierte-nahrung-30kapseln\\\/#primaryimage\",\"url\":\"https:\\\/\\\/dutchmicrodosing.com\\\/wp-content\\\/uploads\\\/2021\\\/02\\\/2265_Multibiotic-Fermented-Food-Together-Health-30caps-1.jpg\",\"contentUrl\":\"https:\\\/\\\/dutchmicrodosing.com\\\/wp-content\\\/uploads\\\/2021\\\/02\\\/2265_Multibiotic-Fermented-Food-Together-Health-30caps-1.jpg\",\"width\":1040,\"height\":1040},{\"@type\":\"BreadcrumbList\",\"@id\":\"https:\\\/\\\/dutchmicrodosing.com\\\/de\\\/reformhaus\\\/vitamine-nahrungsergaenzungsmittel\\\/multibiotische-fermentierte-nahrung-30kapseln\\\/#breadcrumb\",\"itemListElement\":[{\"@type\":\"ListItem\",\"position\":1,\"name\":\"Home\",\"item\":\"https:\\\/\\\/dutchmicrodosing.com\\\/de\\\/\"},{\"@type\":\"ListItem\",\"position\":2,\"name\":\"Shop\",\"item\":\"https:\\\/\\\/dutchmicrodosing.com\\\/de\\\/shop\\\/\"},{\"@type\":\"ListItem\",\"position\":3,\"name\":\"Multibiotische fermentierte Nahrung &#8211; 30 Kapseln\"}]},{\"@type\":\"WebSite\",\"@id\":\"https:\\\/\\\/dutchmicrodosing.com\\\/de\\\/#website\",\"url\":\"https:\\\/\\\/dutchmicrodosing.com\\\/de\\\/\",\"name\":\"Dutchmicrodosing\",\"description\":\"\",\"publisher\":{\"@id\":\"https:\\\/\\\/dutchmicrodosing.com\\\/de\\\/#organization\"},\"potentialAction\":[{\"@type\":\"SearchAction\",\"target\":{\"@type\":\"EntryPoint\",\"urlTemplate\":\"https:\\\/\\\/dutchmicrodosing.com\\\/de\\\/?s={search_term_string}\"},\"query-input\":{\"@type\":\"PropertyValueSpecification\",\"valueRequired\":true,\"valueName\":\"search_term_string\"}}],\"inLanguage\":\"de\"},{\"@type\":\"Organization\",\"@id\":\"https:\\\/\\\/dutchmicrodosing.com\\\/de\\\/#organization\",\"name\":\"Dutchmicrodosing\",\"url\":\"https:\\\/\\\/dutchmicrodosing.com\\\/de\\\/\",\"logo\":{\"@type\":\"ImageObject\",\"inLanguage\":\"de\",\"@id\":\"https:\\\/\\\/dutchmicrodosing.com\\\/de\\\/#\\\/schema\\\/logo\\\/image\\\/\",\"url\":\"https:\\\/\\\/dutchmicrodosing.com\\\/wp-content\\\/uploads\\\/2021\\\/01\\\/microdosing-categorie-pic-nieuw.jpg\",\"contentUrl\":\"https:\\\/\\\/dutchmicrodosing.com\\\/wp-content\\\/uploads\\\/2021\\\/01\\\/microdosing-categorie-pic-nieuw.jpg\",\"width\":500,\"height\":500,\"caption\":\"Dutchmicrodosing\"},\"image\":{\"@id\":\"https:\\\/\\\/dutchmicrodosing.com\\\/de\\\/#\\\/schema\\\/logo\\\/image\\\/\"},\"sameAs\":[\"https:\\\/\\\/www.facebook.com\\\/Dutchmicrodosingxp\\\/\",\"https:\\\/\\\/www.instagram.com\\\/dutchmicrodosing\\\/\"]}]}<\/script>\n<meta property=\"product:price:amount\" content=\"19.95\" \/>\n<meta property=\"product:price:currency\" content=\"EUR\" \/>\n<meta property=\"og:availability\" content=\"out of stock\" \/>\n<meta property=\"product:availability\" content=\"out of stock\" \/>\n<meta property=\"product:retailer_item_id\" content=\"1202726\" \/>\n<meta property=\"product:condition\" content=\"new\" \/>\n<!-- \/ Yoast SEO Premium plugin. -->","yoast_head_json":{"title":"Multibiotische fermentierte Nahrung - 30 Kapseln - Dutchmicrodosing","description":"Multibiotic Fermented Food ist ein einzigartiges, multibiotisches Nahrungserg\u00e4nzungsmittel, das \u00fcber eine Billion freundlicher Darmbakterien enth\u00e4lt, die f\u00fcr ein Gleichgewicht sorgen. Multibiotisch fermentiert","robots":{"index":"index","follow":"follow","max-snippet":"max-snippet:-1","max-image-preview":"max-image-preview:large","max-video-preview":"max-video-preview:-1"},"canonical":"https:\/\/dutchmicrodosing.com\/de\/reformhaus\/vitamine-nahrungsergaenzungsmittel\/multibiotische-fermentierte-nahrung-30kapseln\/","og_locale":"de_DE","og_type":"article","og_title":"Multibiotische fermentierte Nahrung - 30 Kapseln","og_description":"Multibiotic Fermented Food ist ein einzigartiges, multibiotisches Nahrungserg\u00e4nzungsmittel, das \u00fcber eine Billion freundlicher Darmbakterien enth\u00e4lt, die","og_url":"https:\/\/dutchmicrodosing.com\/de\/reformhaus\/vitamine-nahrungsergaenzungsmittel\/multibiotische-fermentierte-nahrung-30kapseln\/","og_site_name":"Dutchmicrodosing","article_publisher":"https:\/\/www.facebook.com\/Dutchmicrodosingxp\/","article_modified_time":"2025-08-20T17:09:12+00:00","og_image":[{"width":1040,"height":1040,"url":"https:\/\/dutchmicrodosing.com\/wp-content\/uploads\/2021\/02\/2265_Multibiotic-Fermented-Food-Together-Health-30caps-1.jpg","type":"image\/jpeg"}],"twitter_card":"summary_large_image","schema":{"@context":"https:\/\/schema.org","@graph":[{"@type":"WebPage","@id":"https:\/\/dutchmicrodosing.com\/de\/reformhaus\/vitamine-nahrungsergaenzungsmittel\/multibiotische-fermentierte-nahrung-30kapseln\/","url":"https:\/\/dutchmicrodosing.com\/de\/reformhaus\/vitamine-nahrungsergaenzungsmittel\/multibiotische-fermentierte-nahrung-30kapseln\/","name":"Multibiotische fermentierte Nahrung - 30 Kapseln - Dutchmicrodosing","isPartOf":{"@id":"https:\/\/dutchmicrodosing.com\/de\/#website"},"primaryImageOfPage":{"@id":"https:\/\/dutchmicrodosing.com\/de\/reformhaus\/vitamine-nahrungsergaenzungsmittel\/multibiotische-fermentierte-nahrung-30kapseln\/#primaryimage"},"image":{"@id":"https:\/\/dutchmicrodosing.com\/de\/reformhaus\/vitamine-nahrungsergaenzungsmittel\/multibiotische-fermentierte-nahrung-30kapseln\/#primaryimage"},"thumbnailUrl":"https:\/\/dutchmicrodosing.com\/wp-content\/uploads\/2021\/02\/2265_Multibiotic-Fermented-Food-Together-Health-30caps-1.jpg","datePublished":"2021-02-27T21:51:42+00:00","dateModified":"2025-08-20T17:09:12+00:00","description":"Multibiotic Fermented Food ist ein einzigartiges, multibiotisches Nahrungserg\u00e4nzungsmittel, das \u00fcber eine Billion freundlicher Darmbakterien enth\u00e4lt, die f\u00fcr ein Gleichgewicht sorgen. Multibiotisch fermentiert","breadcrumb":{"@id":"https:\/\/dutchmicrodosing.com\/de\/reformhaus\/vitamine-nahrungsergaenzungsmittel\/multibiotische-fermentierte-nahrung-30kapseln\/#breadcrumb"},"inLanguage":"de","potentialAction":[{"@type":"ReadAction","target":["https:\/\/dutchmicrodosing.com\/de\/reformhaus\/vitamine-nahrungsergaenzungsmittel\/multibiotische-fermentierte-nahrung-30kapseln\/"]}]},{"@type":"ImageObject","inLanguage":"de","@id":"https:\/\/dutchmicrodosing.com\/de\/reformhaus\/vitamine-nahrungsergaenzungsmittel\/multibiotische-fermentierte-nahrung-30kapseln\/#primaryimage","url":"https:\/\/dutchmicrodosing.com\/wp-content\/uploads\/2021\/02\/2265_Multibiotic-Fermented-Food-Together-Health-30caps-1.jpg","contentUrl":"https:\/\/dutchmicrodosing.com\/wp-content\/uploads\/2021\/02\/2265_Multibiotic-Fermented-Food-Together-Health-30caps-1.jpg","width":1040,"height":1040},{"@type":"BreadcrumbList","@id":"https:\/\/dutchmicrodosing.com\/de\/reformhaus\/vitamine-nahrungsergaenzungsmittel\/multibiotische-fermentierte-nahrung-30kapseln\/#breadcrumb","itemListElement":[{"@type":"ListItem","position":1,"name":"Home","item":"https:\/\/dutchmicrodosing.com\/de\/"},{"@type":"ListItem","position":2,"name":"Shop","item":"https:\/\/dutchmicrodosing.com\/de\/shop\/"},{"@type":"ListItem","position":3,"name":"Multibiotische fermentierte Nahrung &#8211; 30 Kapseln"}]},{"@type":"WebSite","@id":"https:\/\/dutchmicrodosing.com\/de\/#website","url":"https:\/\/dutchmicrodosing.com\/de\/","name":"Dutchmicrodosing","description":"","publisher":{"@id":"https:\/\/dutchmicrodosing.com\/de\/#organization"},"potentialAction":[{"@type":"SearchAction","target":{"@type":"EntryPoint","urlTemplate":"https:\/\/dutchmicrodosing.com\/de\/?s={search_term_string}"},"query-input":{"@type":"PropertyValueSpecification","valueRequired":true,"valueName":"search_term_string"}}],"inLanguage":"de"},{"@type":"Organization","@id":"https:\/\/dutchmicrodosing.com\/de\/#organization","name":"Dutchmicrodosing","url":"https:\/\/dutchmicrodosing.com\/de\/","logo":{"@type":"ImageObject","inLanguage":"de","@id":"https:\/\/dutchmicrodosing.com\/de\/#\/schema\/logo\/image\/","url":"https:\/\/dutchmicrodosing.com\/wp-content\/uploads\/2021\/01\/microdosing-categorie-pic-nieuw.jpg","contentUrl":"https:\/\/dutchmicrodosing.com\/wp-content\/uploads\/2021\/01\/microdosing-categorie-pic-nieuw.jpg","width":500,"height":500,"caption":"Dutchmicrodosing"},"image":{"@id":"https:\/\/dutchmicrodosing.com\/de\/#\/schema\/logo\/image\/"},"sameAs":["https:\/\/www.facebook.com\/Dutchmicrodosingxp\/","https:\/\/www.instagram.com\/dutchmicrodosing\/"]}]},"product_price_amount":"19.95","product_price_currency":"EUR","og_availability":"out of stock","product_availability":"out of stock","product_retailer_item_id":"1202726","product_condition":"new"},"_links":{"self":[{"href":"https:\/\/dutchmicrodosing.com\/de\/wp-json\/wp\/v2\/product\/4538","targetHints":{"allow":["GET"]}}],"collection":[{"href":"https:\/\/dutchmicrodosing.com\/de\/wp-json\/wp\/v2\/product"}],"about":[{"href":"https:\/\/dutchmicrodosing.com\/de\/wp-json\/wp\/v2\/types\/product"}],"replies":[{"embeddable":true,"href":"https:\/\/dutchmicrodosing.com\/de\/wp-json\/wp\/v2\/comments?post=4538"}],"version-history":[{"count":0,"href":"https:\/\/dutchmicrodosing.com\/de\/wp-json\/wp\/v2\/product\/4538\/revisions"}],"wp:featuredmedia":[{"embeddable":true,"href":"https:\/\/dutchmicrodosing.com\/de\/wp-json\/wp\/v2\/media\/3259"}],"wp:attachment":[{"href":"https:\/\/dutchmicrodosing.com\/de\/wp-json\/wp\/v2\/media?parent=4538"}],"wp:term":[{"taxonomy":"product_brand","embeddable":true,"href":"https:\/\/dutchmicrodosing.com\/de\/wp-json\/wp\/v2\/product_brand?post=4538"},{"taxonomy":"product_cat","embeddable":true,"href":"https:\/\/dutchmicrodosing.com\/de\/wp-json\/wp\/v2\/product_cat?post=4538"},{"taxonomy":"product_tag","embeddable":true,"href":"https:\/\/dutchmicrodosing.com\/de\/wp-json\/wp\/v2\/product_tag?post=4538"}],"curies":[{"name":"wp","href":"https:\/\/api.w.org\/{rel}","templated":true}]}}