{"id":4540,"date":"2021-02-27T22:51:43","date_gmt":"2021-02-27T21:51:43","guid":{"rendered":"https:\/\/dutchmicrodosing.com\/shop\/unkategorisiert\/meeresalgen-kalzium-60-kapseln\/"},"modified":"2025-09-04T09:51:31","modified_gmt":"2025-09-04T07:51:31","slug":"seetang-kalzium-60kapseln","status":"publish","type":"product","link":"https:\/\/dutchmicrodosing.com\/de\/reformhaus\/vitamine-nahrungsergaenzungsmittel\/seetang-kalzium-60kapseln\/","title":{"rendered":"Meeresalgen-Kalzium &#8211; 60 Kapseln"},"content":{"rendered":"<p>Together <strong>Seaweed Calcium <\/strong>gewinnt sein Kalzium auf ganz nat\u00fcrliche Weise aus Meeresalgen. Calcium ist ein essentieller Bestandteil f\u00fcr unseren K\u00f6rper. Es hat viele Aufgaben, darunter die Erhaltung eines starken Skeletts und gesunder Z\u00e4hne. Seegras hat auch die Eigenschaft, Spurenelemente aus dem umgebenden Meerwasser zu absorbieren. Als Ergebnis enth\u00e4lt diese Erg\u00e4nzung nicht weniger als 72 verschiedene Spurenelemente, die vom K\u00f6rper leicht aufgenommen werden k\u00f6nnen. Der Seetang wird nachhaltig in den sauberen und unber\u00fchrten Gew\u00e4ssern vor der K\u00fcste Islands geerntet.<\/p>\n<p>Dieses Produkt ist vollst\u00e4ndig vegan und enth\u00e4lt keine Zusatzstoffe oder andere Hilfsstoffe. Es wird in einer Tasche geliefert, die in den Briefkasten passt. Ein Beutel enth\u00e4lt ca. 60 Kapseln, was etwa einem Monatsbedarf entspricht (2 Kapseln pro Tag).<\/p>\n<ul>\n<li>Calcium vollst\u00e4ndig aus Algen<\/li>\n<li>Seegras aus dem Atlantik (nachhaltig geerntet)<\/li>\n<li>Inhalt 60 Kapseln<\/li>\n<li>Dosierung 2 Kapseln pro Tag<\/li>\n<li>Nat\u00fcrliche Bioverf\u00fcgbarkeit<\/li>\n<li>Einzigartiges Profil mit 72 Spurenelementen<\/li>\n<\/ul>\n<h3>Inhaltsstoffe<\/h3>\n<p>Lithothamnion calcareum Seetang \u2192 liefert Kalzium<\/p>\n<p>Vegane Kapsel (pflanzliche Cellulose)<\/p>\n<p><strong>N\u00e4hrwertangaben pro Kapsel:<\/strong><\/p>\n<p>Kalzium 608 mg<\/p>\n<h3>Inhalt<\/h3>\n<p>Zusammen Meeresalgen-Kalzium &#8211; 60 Kapseln<\/p>\n","protected":false},"excerpt":{"rendered":"<p>Together Seaweed Calcium gewinnt sein Kalzium auf ganz nat\u00fcrliche Weise aus Meeresalgen. Calcium ist ein essentieller Bestandteil f\u00fcr unseren K\u00f6rper. Es hat viele Aufgaben, darunter die Erhaltung eines starken Skeletts und gesunder Z\u00e4hne. Seegras hat auch die Eigenschaft, Spurenelemente aus dem umgebenden Meerwasser zu absorbieren. Als Ergebnis enth\u00e4lt diese Erg\u00e4nzung nicht weniger als 72 verschiedene [&hellip;]<\/p>\n","protected":false},"featured_media":3251,"comment_status":"open","ping_status":"closed","template":"","meta":[],"product_brand":[],"product_cat":[293,116],"product_tag":[],"class_list":{"0":"post-4540","1":"product","2":"type-product","3":"status-publish","4":"has-post-thumbnail","6":"product_cat-erganzungen-fur-das-immunsystem","7":"product_cat-vitamine-nahrungsergaenzungsmittel","9":"first","10":"instock","11":"taxable","12":"shipping-taxable","13":"purchasable","14":"product-type-simple"},"yoast_head":"<!-- This site is optimized with the Yoast SEO Premium plugin v26.4 (Yoast SEO v27.4) - https:\/\/yoast.com\/product\/yoast-seo-premium-wordpress\/ -->\n<title>Meeresalgen-Kalzium - 60 Kapseln - Dutchmicrodosing<\/title>\n<meta name=\"description\" content=\"Together Seaweed Calcium gewinnt sein Kalzium auf ganz nat\u00fcrliche Weise aus Meeresalgen. Calcium ist ein wesentlicher Bestandteil unseres K\u00f6rpers\" \/>\n<meta name=\"robots\" content=\"index, follow, max-snippet:-1, max-image-preview:large, max-video-preview:-1\" \/>\n<link rel=\"canonical\" href=\"https:\/\/dutchmicrodosing.com\/de\/reformhaus\/vitamine-nahrungsergaenzungsmittel\/seetang-kalzium-60kapseln\/\" \/>\n<meta property=\"og:locale\" content=\"de_DE\" \/>\n<meta property=\"og:type\" content=\"article\" \/>\n<meta property=\"og:title\" content=\"Meeresalgen-Kalzium - 60 Kapseln\" \/>\n<meta property=\"og:description\" content=\"Together Seaweed Calcium gewinnt sein Kalzium auf ganz nat\u00fcrliche Weise aus Meeresalgen. Calcium ist ein essentieller Bestandteil f\u00fcr unseren K\u00f6rper. Es\" \/>\n<meta property=\"og:url\" content=\"https:\/\/dutchmicrodosing.com\/de\/reformhaus\/vitamine-nahrungsergaenzungsmittel\/seetang-kalzium-60kapseln\/\" \/>\n<meta property=\"og:site_name\" content=\"Dutchmicrodosing\" \/>\n<meta property=\"article:publisher\" content=\"https:\/\/www.facebook.com\/Dutchmicrodosingxp\/\" \/>\n<meta property=\"article:modified_time\" content=\"2025-09-04T07:51:31+00:00\" \/>\n<meta property=\"og:image\" content=\"https:\/\/dutchmicrodosing.com\/wp-content\/uploads\/2021\/02\/2262-Seaweed-Calcium-Together-Health-60caps-1.jpg\" \/>\n\t<meta property=\"og:image:width\" content=\"1040\" \/>\n\t<meta property=\"og:image:height\" content=\"1040\" \/>\n\t<meta property=\"og:image:type\" content=\"image\/jpeg\" \/>\n<meta name=\"twitter:card\" content=\"summary_large_image\" \/>\n<script type=\"application\/ld+json\" class=\"yoast-schema-graph\">{\"@context\":\"https:\\\/\\\/schema.org\",\"@graph\":[{\"@type\":\"WebPage\",\"@id\":\"https:\\\/\\\/dutchmicrodosing.com\\\/de\\\/reformhaus\\\/vitamine-nahrungsergaenzungsmittel\\\/seetang-kalzium-60kapseln\\\/\",\"url\":\"https:\\\/\\\/dutchmicrodosing.com\\\/de\\\/reformhaus\\\/vitamine-nahrungsergaenzungsmittel\\\/seetang-kalzium-60kapseln\\\/\",\"name\":\"Meeresalgen-Kalzium - 60 Kapseln - Dutchmicrodosing\",\"isPartOf\":{\"@id\":\"https:\\\/\\\/dutchmicrodosing.com\\\/de\\\/#website\"},\"primaryImageOfPage\":{\"@id\":\"https:\\\/\\\/dutchmicrodosing.com\\\/de\\\/reformhaus\\\/vitamine-nahrungsergaenzungsmittel\\\/seetang-kalzium-60kapseln\\\/#primaryimage\"},\"image\":{\"@id\":\"https:\\\/\\\/dutchmicrodosing.com\\\/de\\\/reformhaus\\\/vitamine-nahrungsergaenzungsmittel\\\/seetang-kalzium-60kapseln\\\/#primaryimage\"},\"thumbnailUrl\":\"https:\\\/\\\/dutchmicrodosing.com\\\/wp-content\\\/uploads\\\/2021\\\/02\\\/2262-Seaweed-Calcium-Together-Health-60caps-1.jpg\",\"datePublished\":\"2021-02-27T21:51:43+00:00\",\"dateModified\":\"2025-09-04T07:51:31+00:00\",\"description\":\"Together Seaweed Calcium gewinnt sein Kalzium auf ganz nat\u00fcrliche Weise aus Meeresalgen. Calcium ist ein wesentlicher Bestandteil unseres K\u00f6rpers\",\"breadcrumb\":{\"@id\":\"https:\\\/\\\/dutchmicrodosing.com\\\/de\\\/reformhaus\\\/vitamine-nahrungsergaenzungsmittel\\\/seetang-kalzium-60kapseln\\\/#breadcrumb\"},\"inLanguage\":\"de\",\"potentialAction\":[{\"@type\":\"ReadAction\",\"target\":[\"https:\\\/\\\/dutchmicrodosing.com\\\/de\\\/reformhaus\\\/vitamine-nahrungsergaenzungsmittel\\\/seetang-kalzium-60kapseln\\\/\"]}]},{\"@type\":\"ImageObject\",\"inLanguage\":\"de\",\"@id\":\"https:\\\/\\\/dutchmicrodosing.com\\\/de\\\/reformhaus\\\/vitamine-nahrungsergaenzungsmittel\\\/seetang-kalzium-60kapseln\\\/#primaryimage\",\"url\":\"https:\\\/\\\/dutchmicrodosing.com\\\/wp-content\\\/uploads\\\/2021\\\/02\\\/2262-Seaweed-Calcium-Together-Health-60caps-1.jpg\",\"contentUrl\":\"https:\\\/\\\/dutchmicrodosing.com\\\/wp-content\\\/uploads\\\/2021\\\/02\\\/2262-Seaweed-Calcium-Together-Health-60caps-1.jpg\",\"width\":1040,\"height\":1040},{\"@type\":\"BreadcrumbList\",\"@id\":\"https:\\\/\\\/dutchmicrodosing.com\\\/de\\\/reformhaus\\\/vitamine-nahrungsergaenzungsmittel\\\/seetang-kalzium-60kapseln\\\/#breadcrumb\",\"itemListElement\":[{\"@type\":\"ListItem\",\"position\":1,\"name\":\"Home\",\"item\":\"https:\\\/\\\/dutchmicrodosing.com\\\/de\\\/\"},{\"@type\":\"ListItem\",\"position\":2,\"name\":\"Shop\",\"item\":\"https:\\\/\\\/dutchmicrodosing.com\\\/de\\\/shop\\\/\"},{\"@type\":\"ListItem\",\"position\":3,\"name\":\"Meeresalgen-Kalzium &#8211; 60 Kapseln\"}]},{\"@type\":\"WebSite\",\"@id\":\"https:\\\/\\\/dutchmicrodosing.com\\\/de\\\/#website\",\"url\":\"https:\\\/\\\/dutchmicrodosing.com\\\/de\\\/\",\"name\":\"Dutchmicrodosing\",\"description\":\"\",\"publisher\":{\"@id\":\"https:\\\/\\\/dutchmicrodosing.com\\\/de\\\/#organization\"},\"potentialAction\":[{\"@type\":\"SearchAction\",\"target\":{\"@type\":\"EntryPoint\",\"urlTemplate\":\"https:\\\/\\\/dutchmicrodosing.com\\\/de\\\/?s={search_term_string}\"},\"query-input\":{\"@type\":\"PropertyValueSpecification\",\"valueRequired\":true,\"valueName\":\"search_term_string\"}}],\"inLanguage\":\"de\"},{\"@type\":\"Organization\",\"@id\":\"https:\\\/\\\/dutchmicrodosing.com\\\/de\\\/#organization\",\"name\":\"Dutchmicrodosing\",\"url\":\"https:\\\/\\\/dutchmicrodosing.com\\\/de\\\/\",\"logo\":{\"@type\":\"ImageObject\",\"inLanguage\":\"de\",\"@id\":\"https:\\\/\\\/dutchmicrodosing.com\\\/de\\\/#\\\/schema\\\/logo\\\/image\\\/\",\"url\":\"https:\\\/\\\/dutchmicrodosing.com\\\/wp-content\\\/uploads\\\/2021\\\/01\\\/microdosing-categorie-pic-nieuw.jpg\",\"contentUrl\":\"https:\\\/\\\/dutchmicrodosing.com\\\/wp-content\\\/uploads\\\/2021\\\/01\\\/microdosing-categorie-pic-nieuw.jpg\",\"width\":500,\"height\":500,\"caption\":\"Dutchmicrodosing\"},\"image\":{\"@id\":\"https:\\\/\\\/dutchmicrodosing.com\\\/de\\\/#\\\/schema\\\/logo\\\/image\\\/\"},\"sameAs\":[\"https:\\\/\\\/www.facebook.com\\\/Dutchmicrodosingxp\\\/\",\"https:\\\/\\\/www.instagram.com\\\/dutchmicrodosing\\\/\"]}]}<\/script>\n<meta property=\"product:price:amount\" content=\"12.95\" \/>\n<meta property=\"product:price:currency\" content=\"EUR\" \/>\n<meta property=\"og:availability\" content=\"instock\" \/>\n<meta property=\"product:availability\" content=\"instock\" \/>\n<meta property=\"product:retailer_item_id\" content=\"1202224\" \/>\n<meta property=\"product:condition\" content=\"new\" \/>\n<!-- \/ Yoast SEO Premium plugin. -->","yoast_head_json":{"title":"Meeresalgen-Kalzium - 60 Kapseln - Dutchmicrodosing","description":"Together Seaweed Calcium gewinnt sein Kalzium auf ganz nat\u00fcrliche Weise aus Meeresalgen. Calcium ist ein wesentlicher Bestandteil unseres K\u00f6rpers","robots":{"index":"index","follow":"follow","max-snippet":"max-snippet:-1","max-image-preview":"max-image-preview:large","max-video-preview":"max-video-preview:-1"},"canonical":"https:\/\/dutchmicrodosing.com\/de\/reformhaus\/vitamine-nahrungsergaenzungsmittel\/seetang-kalzium-60kapseln\/","og_locale":"de_DE","og_type":"article","og_title":"Meeresalgen-Kalzium - 60 Kapseln","og_description":"Together Seaweed Calcium gewinnt sein Kalzium auf ganz nat\u00fcrliche Weise aus Meeresalgen. Calcium ist ein essentieller Bestandteil f\u00fcr unseren K\u00f6rper. Es","og_url":"https:\/\/dutchmicrodosing.com\/de\/reformhaus\/vitamine-nahrungsergaenzungsmittel\/seetang-kalzium-60kapseln\/","og_site_name":"Dutchmicrodosing","article_publisher":"https:\/\/www.facebook.com\/Dutchmicrodosingxp\/","article_modified_time":"2025-09-04T07:51:31+00:00","og_image":[{"width":1040,"height":1040,"url":"https:\/\/dutchmicrodosing.com\/wp-content\/uploads\/2021\/02\/2262-Seaweed-Calcium-Together-Health-60caps-1.jpg","type":"image\/jpeg"}],"twitter_card":"summary_large_image","schema":{"@context":"https:\/\/schema.org","@graph":[{"@type":"WebPage","@id":"https:\/\/dutchmicrodosing.com\/de\/reformhaus\/vitamine-nahrungsergaenzungsmittel\/seetang-kalzium-60kapseln\/","url":"https:\/\/dutchmicrodosing.com\/de\/reformhaus\/vitamine-nahrungsergaenzungsmittel\/seetang-kalzium-60kapseln\/","name":"Meeresalgen-Kalzium - 60 Kapseln - Dutchmicrodosing","isPartOf":{"@id":"https:\/\/dutchmicrodosing.com\/de\/#website"},"primaryImageOfPage":{"@id":"https:\/\/dutchmicrodosing.com\/de\/reformhaus\/vitamine-nahrungsergaenzungsmittel\/seetang-kalzium-60kapseln\/#primaryimage"},"image":{"@id":"https:\/\/dutchmicrodosing.com\/de\/reformhaus\/vitamine-nahrungsergaenzungsmittel\/seetang-kalzium-60kapseln\/#primaryimage"},"thumbnailUrl":"https:\/\/dutchmicrodosing.com\/wp-content\/uploads\/2021\/02\/2262-Seaweed-Calcium-Together-Health-60caps-1.jpg","datePublished":"2021-02-27T21:51:43+00:00","dateModified":"2025-09-04T07:51:31+00:00","description":"Together Seaweed Calcium gewinnt sein Kalzium auf ganz nat\u00fcrliche Weise aus Meeresalgen. Calcium ist ein wesentlicher Bestandteil unseres K\u00f6rpers","breadcrumb":{"@id":"https:\/\/dutchmicrodosing.com\/de\/reformhaus\/vitamine-nahrungsergaenzungsmittel\/seetang-kalzium-60kapseln\/#breadcrumb"},"inLanguage":"de","potentialAction":[{"@type":"ReadAction","target":["https:\/\/dutchmicrodosing.com\/de\/reformhaus\/vitamine-nahrungsergaenzungsmittel\/seetang-kalzium-60kapseln\/"]}]},{"@type":"ImageObject","inLanguage":"de","@id":"https:\/\/dutchmicrodosing.com\/de\/reformhaus\/vitamine-nahrungsergaenzungsmittel\/seetang-kalzium-60kapseln\/#primaryimage","url":"https:\/\/dutchmicrodosing.com\/wp-content\/uploads\/2021\/02\/2262-Seaweed-Calcium-Together-Health-60caps-1.jpg","contentUrl":"https:\/\/dutchmicrodosing.com\/wp-content\/uploads\/2021\/02\/2262-Seaweed-Calcium-Together-Health-60caps-1.jpg","width":1040,"height":1040},{"@type":"BreadcrumbList","@id":"https:\/\/dutchmicrodosing.com\/de\/reformhaus\/vitamine-nahrungsergaenzungsmittel\/seetang-kalzium-60kapseln\/#breadcrumb","itemListElement":[{"@type":"ListItem","position":1,"name":"Home","item":"https:\/\/dutchmicrodosing.com\/de\/"},{"@type":"ListItem","position":2,"name":"Shop","item":"https:\/\/dutchmicrodosing.com\/de\/shop\/"},{"@type":"ListItem","position":3,"name":"Meeresalgen-Kalzium &#8211; 60 Kapseln"}]},{"@type":"WebSite","@id":"https:\/\/dutchmicrodosing.com\/de\/#website","url":"https:\/\/dutchmicrodosing.com\/de\/","name":"Dutchmicrodosing","description":"","publisher":{"@id":"https:\/\/dutchmicrodosing.com\/de\/#organization"},"potentialAction":[{"@type":"SearchAction","target":{"@type":"EntryPoint","urlTemplate":"https:\/\/dutchmicrodosing.com\/de\/?s={search_term_string}"},"query-input":{"@type":"PropertyValueSpecification","valueRequired":true,"valueName":"search_term_string"}}],"inLanguage":"de"},{"@type":"Organization","@id":"https:\/\/dutchmicrodosing.com\/de\/#organization","name":"Dutchmicrodosing","url":"https:\/\/dutchmicrodosing.com\/de\/","logo":{"@type":"ImageObject","inLanguage":"de","@id":"https:\/\/dutchmicrodosing.com\/de\/#\/schema\/logo\/image\/","url":"https:\/\/dutchmicrodosing.com\/wp-content\/uploads\/2021\/01\/microdosing-categorie-pic-nieuw.jpg","contentUrl":"https:\/\/dutchmicrodosing.com\/wp-content\/uploads\/2021\/01\/microdosing-categorie-pic-nieuw.jpg","width":500,"height":500,"caption":"Dutchmicrodosing"},"image":{"@id":"https:\/\/dutchmicrodosing.com\/de\/#\/schema\/logo\/image\/"},"sameAs":["https:\/\/www.facebook.com\/Dutchmicrodosingxp\/","https:\/\/www.instagram.com\/dutchmicrodosing\/"]}]},"product_price_amount":"12.95","product_price_currency":"EUR","og_availability":"instock","product_availability":"instock","product_retailer_item_id":"1202224","product_condition":"new"},"_links":{"self":[{"href":"https:\/\/dutchmicrodosing.com\/de\/wp-json\/wp\/v2\/product\/4540","targetHints":{"allow":["GET"]}}],"collection":[{"href":"https:\/\/dutchmicrodosing.com\/de\/wp-json\/wp\/v2\/product"}],"about":[{"href":"https:\/\/dutchmicrodosing.com\/de\/wp-json\/wp\/v2\/types\/product"}],"replies":[{"embeddable":true,"href":"https:\/\/dutchmicrodosing.com\/de\/wp-json\/wp\/v2\/comments?post=4540"}],"version-history":[{"count":0,"href":"https:\/\/dutchmicrodosing.com\/de\/wp-json\/wp\/v2\/product\/4540\/revisions"}],"wp:featuredmedia":[{"embeddable":true,"href":"https:\/\/dutchmicrodosing.com\/de\/wp-json\/wp\/v2\/media\/3251"}],"wp:attachment":[{"href":"https:\/\/dutchmicrodosing.com\/de\/wp-json\/wp\/v2\/media?parent=4540"}],"wp:term":[{"taxonomy":"product_brand","embeddable":true,"href":"https:\/\/dutchmicrodosing.com\/de\/wp-json\/wp\/v2\/product_brand?post=4540"},{"taxonomy":"product_cat","embeddable":true,"href":"https:\/\/dutchmicrodosing.com\/de\/wp-json\/wp\/v2\/product_cat?post=4540"},{"taxonomy":"product_tag","embeddable":true,"href":"https:\/\/dutchmicrodosing.com\/de\/wp-json\/wp\/v2\/product_tag?post=4540"}],"curies":[{"name":"wp","href":"https:\/\/api.w.org\/{rel}","templated":true}]}}