{"id":4544,"date":"2021-02-21T10:25:20","date_gmt":"2021-05-01T13:27:57","guid":{"rendered":"https:\/\/dutchmicrodosing.com\/shop\/unkategorisiert\/thai-xp\/"},"modified":"2024-01-16T15:49:15","modified_gmt":"2024-01-16T14:49:15","slug":"thai-xp","status":"publish","type":"product","link":"https:\/\/dutchmicrodosing.com\/de\/zauberpilze-zuchtsets\/fresh-mushrooms-zuchtset\/thai-xp\/","title":{"rendered":"Thai XP"},"content":{"rendered":"<p>Mit einem <strong>Thai-Grow-Kit von Fresh Mushrooms<\/strong> k\u00f6nnen Sie ganz einfach Ihre eigenen Pilze zu Hause z\u00fcchten. Das thail\u00e4ndische Grow-Kit wird Ihnen eine Reise bescheren, die Sie fr\u00f6hlich und gesellig macht. Das ist der perfekte Zauberpilz f\u00fcr eine Party. Es ist leicht, in die richtige Stimmung zu kommen. Es ist kein Wunder, dass diese Pilze in Thailand bei den ber\u00fchmten Vollmondpartys weit verbreitet sind.<\/p>\n<h2>Machen Sie es sich mit dem Thai-Pilz gem\u00fctlich<\/h2>\n<p>Das Fresh Mushrooms Thai mushroom grow kit ist ideal, um sich mit der Welt der Magic Mushrooms vertraut zu machen. Wenn Sie noch nie getrippt haben, dann ist dieser Zauberpilz ein guter Anfang. Aber t\u00e4uschen Sie sich nicht, der thail\u00e4ndische Zauberpilz verursacht auch Halluzinationen und versetzt Sie in eine andere Welt. Meistens ist man aufgeregt und entspannt zugleich. Sie werden auch die Gesellschaft anderer Menschen genie\u00dfen und der Kontakt wird leichter sein.<\/p>\n<h2>Woher kommt der thail\u00e4ndische Zauberpilz?<\/h2>\n<p>Dies ist der erste magische Pilz, den der Mykologe John Allen gefunden hat und der die Verbreitung und Popularit\u00e4t von Magic Mushrooms ausgel\u00f6st hat. Sie w\u00e4chst in Thailand, vorzugsweise in feuchten B\u00f6den, wie z.B. in Reisfeldern. Das liegt auch daran, dass die Wasserb\u00fcffel dort durchlaufen und den Boden mit ihren Exkrementen d\u00fcngen. Auf diesem reichhaltigen Boden gibt es viel Nahrung, auf der Pilze gut wachsen k\u00f6nnen.<\/p>\n<p>Zu Hause k\u00f6nnen Sie den Thai-Pilz ganz einfach mit dem Fresh Mushrooms Growkit z\u00fcchten. Sie m\u00fcssen daf\u00fcr keine besonderen Kenntnisse haben. Die Pilze wachsen ziemlich schnell. Wenn sie auftauchen, kann man die braun-orange Farbe und sch\u00f6ne runde H\u00fcte sehen.<\/p>\n<h2>Manual Thai Grow Kit<\/h2>\n<p><a href=\"https:\/\/dutchmicrodosing.com\/de\/growkit_manual\/\">Hier herunterladen : Fresh Mushroom Growkit Manual<\/a><\/p>\n<ol>\n<li>Nehmen Sie das Kulturset, den Plastikbeutel und die B\u00fcroklammer aus der Schachtel. Nehmen Sie den Deckel des Anbausatzes ab (bewahren Sie den Deckel an einem sicheren Ort auf). Sp\u00fclen Sie den Deckel unter flie\u00dfendem Wasser ab. Sie werden sie sp\u00e4ter wieder brauchen.<\/li>\n<li>Legen Sie das Kulturset ohne Deckel in den mitgelieferten Plastikbeutel. Schieben Sie die \u00d6ffnung des Beutels mit der Mikroperforation nach oben unter den Boden. Die \u00d6ffnung des Beutels ist nun weitgehend geschlossen. Um die Luftzirkulation brauchen Sie sich nicht zu k\u00fcmmern.<\/li>\n<li>Sobald Sie sehen, dass kleine Kugeln wachsen, k\u00f6nnen Sie den Beutel aufrecht stellen. Nicht w\u00e4ssern. Die ersten Pilze werden nach ca. 1 Woche sichtbar sein.<\/li>\n<li>Stellen Sie das Anzuchtset an einen Ort mit ausreichend Tageslicht und einer Temperatur zwischen 18 \u00b0C und 28 \u00b0C. Stellen Sie das Kulturset NIEMALS in direktes Sonnenlicht. Obwohl Pilze bei fast jeder Temperatur \u00fcber 15 \u00b0C wachsen, ist 23 \u00b0C die ideale Temperatur f\u00fcr eine optimale Ernte. Um diese Temperatur zu gew\u00e4hrleisten und nicht den ganzen Raum heizen zu m\u00fcssen, gibt es spezielle Heizmatten.<\/li>\n<li>Lassen Sie den Beutel ab diesem Zeitpunkt immer leicht ge\u00f6ffnet, damit die Feuchtigkeit ein wenig verdunsten kann. Zu viel Feuchtigkeit ist nicht gut. Die erste Ernte erfolgt etwa eine Woche nach dem Erscheinen der ersten Zwiebeln. Achten Sie darauf, dass Sie ernten, bevor die ersten Sporen fallen!<\/li>\n<li>Diese Sets liefern mehrere Pilzernten. F\u00fcllen Sie dazu das Set nach der ersten Ernte mit sauberem Leitungswasser. Dieser Vorgang wird als K\u00e4lteschock bezeichnet und haucht dem Myzel neues Leben ein und sorgt daf\u00fcr, dass die Pilze ausreichend Feuchtigkeit f\u00fcr ihr Wachstum erhalten.<\/li>\n<li>Setzen Sie den Deckel des Kulturkits wieder auf das Kit. Lassen Sie das Set 12 Stunden lang ruhen. \u00d6ffnen Sie eine Ecke des Deckels und lassen Sie \u00fcbersch\u00fcssiges Wasser abtropfen. Von hier aus k\u00f6nnen Sie die Anweisungen von Schritt 1 erneut befolgen. Dieser Vorgang kann mehrmals wiederholt werden.<\/li>\n<\/ol>\n<h2>Die Ernte:<\/h2>\n<p>Freshmushrooms Grow Kits bringen recht schnell die erste Ernte. Nach einer Woche sind bereits die ersten Knospen zu sehen. Niedrige und hohe Temperaturen k\u00f6nnen diesen Wachstumsprozess etwas verlangsamen. Sobald die Knospen sichtbar sind, dauert es in der Regel eine Woche, bis sich die Pilze vollst\u00e4ndig entwickelt haben.<\/p>\n<p>Der Zeitpunkt der Ernte ist \u00e4u\u00dferst wichtig. Wenn die Membranen unter den H\u00fcten noch dicht sind, aber durch die Kraft der H\u00fcte zu platzen oder sich zu l\u00f6sen drohen, ist es Zeit f\u00fcr die Ernte.<span style=\"text-decoration: underline;\"><br \/>\n<\/span><\/p>\n<h2>Ausbeute Thai 100% Myzel magischen Pilz wachsen Kit<\/h2>\n<p>Ein thail\u00e4ndisches 1200cc-Zucht-Set von Freshmushrooms ergibt eine Ernte von 500g bis 800g frischen oder 50-80g getrockneten Pilzen.<\/p>\n<h2>Die Wirkung von thail\u00e4ndischen Zauberpilzen<\/h2>\n<p>Diese Magic Mushrooms sind ideal f\u00fcr den Einsatz bei Partys. Es macht es Ihnen leichter, mit anderen auszukommen, soziale Aktivit\u00e4ten zu genie\u00dfen und gibt Ihnen einen Energieschub. W\u00e4hrend des Trips werden Sie sich gl\u00fccklich und fr\u00f6hlich f\u00fchlen und Sie werden keine Schwierigkeiten haben, Freunde zu finden.<\/p>\n<p>Neben diesem Einfluss auf die Stimmung haben thail\u00e4ndische Magic Mushrooms auch visuelle Effekte. Das hei\u00dft, Sie k\u00f6nnen Muster oder Objekte verzerrt sehen. W\u00e4hrend des Trippens k\u00f6nnen Ihre Sinne sch\u00e4rfer werden. Sie h\u00f6ren, sehen, riechen und schmecken Dinge, die andere nicht wahrnehmen k\u00f6nnen. Eine solche Reise l\u00e4sst Sie die Welt auf eine ganz andere Weise erleben und das kann einen gro\u00dfen Eindruck hinterlassen. Die Wirkung dieser Pilze h\u00e4lt etwa 5 Stunden an.<\/p>\n<h3>Was ist die richtige Dosierung?<\/h3>\n<p>Frische Pilze Thail\u00e4ndische Pilze k\u00f6nnen roh gegessen werden, aber sie sind nicht sehr schmackhaft. Die meisten Menschen machen Zauberpilz-Tee. Wasser aufsetzen und zum Kochen bringen. Dann lassen Sie es eine Weile abk\u00fchlen (kochendes Wasser kann die psychoaktiven Substanzen zerst\u00f6ren) und gie\u00dfen das hei\u00dfe Wasser \u00fcber die Pilze. Nach 20 Minuten ist Ihr Zauberpilz-Tee fertig.<\/p>\n<p>Um zu bestimmen, wie viele Pilze Sie mitnehmen, schauen Sie sich an, wie intensiv die Reise sein soll, wie viel Erfahrung Sie haben und ob Sie vorher etwas gegessen haben. Auch Ihr K\u00f6rpergewicht spielt eine Rolle. Es liegt also immer an Ihnen, abzusch\u00e4tzen, wie viel Sie einnehmen k\u00f6nnen, aber wir empfehlen, mit einer niedrigen Dosis zu beginnen. Besonders, wenn Sie noch nie eine Reise gemacht haben. Sie k\u00f6nnen die folgenden Richtlinien verwenden, um Ihre Dosis zu bestimmen:<\/p>\n<ul>\n<li>Mikrodosierung: 0,2 Gramm getrocknete Champignons | 2 Gramm frische Champignons<\/li>\n<li>Milder Trip: 1 Gramm getrocknete Pilze | 9 Gramm frische Pilze<\/li>\n<li>Normale Reise: 2 Gramm getrocknete Pilze | 21 Gramm frische Pilze<\/li>\n<li>Intensive Reise: 3,5 Gramm getrocknete Pilze | 35 Gramm frische Pilze<\/li>\n<\/ul>\n<h3>Eine gute Vorbereitung f\u00fcr Ihre Reise<\/h3>\n<p>Nat\u00fcrlich m\u00f6chten Sie, dass Ihre Reise angenehm ist. Deshalb ist es eine gute Idee, die Reise ein wenig vorzubereiten. W\u00e4hlen Sie eine Umgebung, in der Sie sich wohlf\u00fchlen und stellen Sie sicher, dass eine vertraute Person anwesend ist, der Sie vertrauen. Diese andere Person kann Ihr Tripsitter sein. Das ist jemand, der keine Drogen oder Alkohol nimmt, damit er Ihnen helfen kann, wenn Sie es brauchen.<\/p>\n<p>Der Tripsitter hat ein Auge auf Sie. Manchmal kann eine Reise sehr intensiv sein und es hilft, jemanden dabei zu haben, der Sie beruhigt. Sie k\u00f6nnen auch einen Ausl\u00f6sestopper kaufen. Dieses Medikament kann helfen, eine Reise zu entsch\u00e4rfen.<\/p>\n<h2>Kaufen Sie Ihre Frischpilze Thai-Pilze online<\/h2>\n<p>Bereit f\u00fcr eine super lustige Party? Stellen Sie sicher, dass Sie Ihr Thai-Pilz-Zucht-Set rechtzeitig erhalten. Bestellen Sie sie hier online und Sie erhalten Ihr Paket in einer neutralen, sicheren Verpackung schnell nach Hause.<\/p>\n","protected":false},"excerpt":{"rendered":"<p>Mit einem Thai-Grow-Kit von Fresh Mushrooms k\u00f6nnen Sie ganz einfach Ihre eigenen Pilze zu Hause z\u00fcchten. Das thail\u00e4ndische Grow-Kit wird Ihnen eine Reise bescheren, die Sie fr\u00f6hlich und gesellig macht. Das ist der perfekte Zauberpilz f\u00fcr eine Party. Es ist leicht, in die richtige Stimmung zu kommen. Es ist kein Wunder, dass diese Pilze in [&hellip;]<\/p>\n","protected":false},"featured_media":3603,"comment_status":"open","ping_status":"closed","template":"","meta":[],"product_brand":[],"product_cat":[115],"product_tag":[],"class_list":{"0":"post-4544","1":"product","2":"type-product","3":"status-publish","4":"has-post-thumbnail","6":"product_cat-fresh-mushrooms-zuchtset","8":"first","9":"instock","10":"taxable","11":"shipping-taxable","12":"purchasable","13":"product-type-simple"},"yoast_head":"<!-- This site is optimized with the Yoast SEO Premium plugin v26.4 (Yoast SEO v27.4) - https:\/\/yoast.com\/product\/yoast-seo-premium-wordpress\/ -->\n<title>Kaufen Sie Ihre Fresh Mushrooms Thai Magic Mushrooms online | Schnelle und diskrete Lieferung<\/title>\n<meta name=\"description\" content=\"Bereit f\u00fcr eine super lustige Party? Stellen Sie sicher, dass Sie Ihr Thai-Pilz-Zucht-Set rechtzeitig erhalten. Bestellen Sie sie hier online\" \/>\n<meta name=\"robots\" content=\"index, follow, max-snippet:-1, max-image-preview:large, max-video-preview:-1\" \/>\n<link rel=\"canonical\" href=\"https:\/\/dutchmicrodosing.com\/de\/zauberpilze-zuchtsets\/fresh-mushrooms-zuchtset\/thai-xp\/\" \/>\n<meta property=\"og:locale\" content=\"de_DE\" \/>\n<meta property=\"og:type\" content=\"article\" \/>\n<meta property=\"og:title\" content=\"Thai XP\" \/>\n<meta property=\"og:description\" content=\"Mit einem Thai-Grow-Kit von Fresh Mushrooms k\u00f6nnen Sie ganz einfach Ihre eigenen Pilze zu Hause z\u00fcchten. Das thail\u00e4ndische Grow-Kit wird Ihnen eine Reise\" \/>\n<meta property=\"og:url\" content=\"https:\/\/dutchmicrodosing.com\/de\/zauberpilze-zuchtsets\/fresh-mushrooms-zuchtset\/thai-xp\/\" \/>\n<meta property=\"og:site_name\" content=\"Dutchmicrodosing\" \/>\n<meta property=\"article:publisher\" content=\"https:\/\/www.facebook.com\/Dutchmicrodosingxp\/\" \/>\n<meta property=\"article:modified_time\" content=\"2024-01-16T14:49:15+00:00\" \/>\n<meta property=\"og:image\" content=\"https:\/\/dutchmicrodosing.com\/wp-content\/uploads\/2021\/02\/Thai-growkit.jpg\" \/>\n\t<meta property=\"og:image:width\" content=\"500\" \/>\n\t<meta property=\"og:image:height\" content=\"500\" \/>\n\t<meta property=\"og:image:type\" content=\"image\/jpeg\" \/>\n<meta name=\"twitter:card\" content=\"summary_large_image\" \/>\n<script type=\"application\/ld+json\" class=\"yoast-schema-graph\">{\"@context\":\"https:\\\/\\\/schema.org\",\"@graph\":[{\"@type\":\"WebPage\",\"@id\":\"https:\\\/\\\/dutchmicrodosing.com\\\/de\\\/zauberpilze-zuchtsets\\\/fresh-mushrooms-zuchtset\\\/thai-xp\\\/\",\"url\":\"https:\\\/\\\/dutchmicrodosing.com\\\/de\\\/zauberpilze-zuchtsets\\\/fresh-mushrooms-zuchtset\\\/thai-xp\\\/\",\"name\":\"Kaufen Sie Ihre Fresh Mushrooms Thai Magic Mushrooms online | Schnelle und diskrete Lieferung\",\"isPartOf\":{\"@id\":\"https:\\\/\\\/dutchmicrodosing.com\\\/de\\\/#website\"},\"primaryImageOfPage\":{\"@id\":\"https:\\\/\\\/dutchmicrodosing.com\\\/de\\\/zauberpilze-zuchtsets\\\/fresh-mushrooms-zuchtset\\\/thai-xp\\\/#primaryimage\"},\"image\":{\"@id\":\"https:\\\/\\\/dutchmicrodosing.com\\\/de\\\/zauberpilze-zuchtsets\\\/fresh-mushrooms-zuchtset\\\/thai-xp\\\/#primaryimage\"},\"thumbnailUrl\":\"https:\\\/\\\/dutchmicrodosing.com\\\/wp-content\\\/uploads\\\/2021\\\/02\\\/Thai-growkit.jpg\",\"datePublished\":\"2021-05-01T13:27:57+00:00\",\"dateModified\":\"2024-01-16T14:49:15+00:00\",\"description\":\"Bereit f\u00fcr eine super lustige Party? Stellen Sie sicher, dass Sie Ihr Thai-Pilz-Zucht-Set rechtzeitig erhalten. Bestellen Sie sie hier online\",\"breadcrumb\":{\"@id\":\"https:\\\/\\\/dutchmicrodosing.com\\\/de\\\/zauberpilze-zuchtsets\\\/fresh-mushrooms-zuchtset\\\/thai-xp\\\/#breadcrumb\"},\"inLanguage\":\"de\",\"potentialAction\":[{\"@type\":\"ReadAction\",\"target\":[\"https:\\\/\\\/dutchmicrodosing.com\\\/de\\\/zauberpilze-zuchtsets\\\/fresh-mushrooms-zuchtset\\\/thai-xp\\\/\"]}]},{\"@type\":\"ImageObject\",\"inLanguage\":\"de\",\"@id\":\"https:\\\/\\\/dutchmicrodosing.com\\\/de\\\/zauberpilze-zuchtsets\\\/fresh-mushrooms-zuchtset\\\/thai-xp\\\/#primaryimage\",\"url\":\"https:\\\/\\\/dutchmicrodosing.com\\\/wp-content\\\/uploads\\\/2021\\\/02\\\/Thai-growkit.jpg\",\"contentUrl\":\"https:\\\/\\\/dutchmicrodosing.com\\\/wp-content\\\/uploads\\\/2021\\\/02\\\/Thai-growkit.jpg\",\"width\":500,\"height\":500},{\"@type\":\"BreadcrumbList\",\"@id\":\"https:\\\/\\\/dutchmicrodosing.com\\\/de\\\/zauberpilze-zuchtsets\\\/fresh-mushrooms-zuchtset\\\/thai-xp\\\/#breadcrumb\",\"itemListElement\":[{\"@type\":\"ListItem\",\"position\":1,\"name\":\"Home\",\"item\":\"https:\\\/\\\/dutchmicrodosing.com\\\/de\\\/\"},{\"@type\":\"ListItem\",\"position\":2,\"name\":\"Shop\",\"item\":\"https:\\\/\\\/dutchmicrodosing.com\\\/de\\\/shop\\\/\"},{\"@type\":\"ListItem\",\"position\":3,\"name\":\"Thai XP\"}]},{\"@type\":\"WebSite\",\"@id\":\"https:\\\/\\\/dutchmicrodosing.com\\\/de\\\/#website\",\"url\":\"https:\\\/\\\/dutchmicrodosing.com\\\/de\\\/\",\"name\":\"Dutchmicrodosing\",\"description\":\"\",\"publisher\":{\"@id\":\"https:\\\/\\\/dutchmicrodosing.com\\\/de\\\/#organization\"},\"potentialAction\":[{\"@type\":\"SearchAction\",\"target\":{\"@type\":\"EntryPoint\",\"urlTemplate\":\"https:\\\/\\\/dutchmicrodosing.com\\\/de\\\/?s={search_term_string}\"},\"query-input\":{\"@type\":\"PropertyValueSpecification\",\"valueRequired\":true,\"valueName\":\"search_term_string\"}}],\"inLanguage\":\"de\"},{\"@type\":\"Organization\",\"@id\":\"https:\\\/\\\/dutchmicrodosing.com\\\/de\\\/#organization\",\"name\":\"Dutchmicrodosing\",\"url\":\"https:\\\/\\\/dutchmicrodosing.com\\\/de\\\/\",\"logo\":{\"@type\":\"ImageObject\",\"inLanguage\":\"de\",\"@id\":\"https:\\\/\\\/dutchmicrodosing.com\\\/de\\\/#\\\/schema\\\/logo\\\/image\\\/\",\"url\":\"https:\\\/\\\/dutchmicrodosing.com\\\/wp-content\\\/uploads\\\/2021\\\/01\\\/microdosing-categorie-pic-nieuw.jpg\",\"contentUrl\":\"https:\\\/\\\/dutchmicrodosing.com\\\/wp-content\\\/uploads\\\/2021\\\/01\\\/microdosing-categorie-pic-nieuw.jpg\",\"width\":500,\"height\":500,\"caption\":\"Dutchmicrodosing\"},\"image\":{\"@id\":\"https:\\\/\\\/dutchmicrodosing.com\\\/de\\\/#\\\/schema\\\/logo\\\/image\\\/\"},\"sameAs\":[\"https:\\\/\\\/www.facebook.com\\\/Dutchmicrodosingxp\\\/\",\"https:\\\/\\\/www.instagram.com\\\/dutchmicrodosing\\\/\"]}]}<\/script>\n<meta property=\"product:price:amount\" content=\"39.95\" \/>\n<meta property=\"product:price:currency\" content=\"EUR\" \/>\n<meta property=\"og:availability\" content=\"instock\" \/>\n<meta property=\"product:availability\" content=\"instock\" \/>\n<meta property=\"product:retailer_item_id\" content=\"0208777\" \/>\n<meta property=\"product:condition\" content=\"new\" \/>\n<!-- \/ Yoast SEO Premium plugin. -->","yoast_head_json":{"title":"Kaufen Sie Ihre Fresh Mushrooms Thai Magic Mushrooms online | Schnelle und diskrete Lieferung","description":"Bereit f\u00fcr eine super lustige Party? Stellen Sie sicher, dass Sie Ihr Thai-Pilz-Zucht-Set rechtzeitig erhalten. Bestellen Sie sie hier online","robots":{"index":"index","follow":"follow","max-snippet":"max-snippet:-1","max-image-preview":"max-image-preview:large","max-video-preview":"max-video-preview:-1"},"canonical":"https:\/\/dutchmicrodosing.com\/de\/zauberpilze-zuchtsets\/fresh-mushrooms-zuchtset\/thai-xp\/","og_locale":"de_DE","og_type":"article","og_title":"Thai XP","og_description":"Mit einem Thai-Grow-Kit von Fresh Mushrooms k\u00f6nnen Sie ganz einfach Ihre eigenen Pilze zu Hause z\u00fcchten. Das thail\u00e4ndische Grow-Kit wird Ihnen eine Reise","og_url":"https:\/\/dutchmicrodosing.com\/de\/zauberpilze-zuchtsets\/fresh-mushrooms-zuchtset\/thai-xp\/","og_site_name":"Dutchmicrodosing","article_publisher":"https:\/\/www.facebook.com\/Dutchmicrodosingxp\/","article_modified_time":"2024-01-16T14:49:15+00:00","og_image":[{"width":500,"height":500,"url":"https:\/\/dutchmicrodosing.com\/wp-content\/uploads\/2021\/02\/Thai-growkit.jpg","type":"image\/jpeg"}],"twitter_card":"summary_large_image","schema":{"@context":"https:\/\/schema.org","@graph":[{"@type":"WebPage","@id":"https:\/\/dutchmicrodosing.com\/de\/zauberpilze-zuchtsets\/fresh-mushrooms-zuchtset\/thai-xp\/","url":"https:\/\/dutchmicrodosing.com\/de\/zauberpilze-zuchtsets\/fresh-mushrooms-zuchtset\/thai-xp\/","name":"Kaufen Sie Ihre Fresh Mushrooms Thai Magic Mushrooms online | Schnelle und diskrete Lieferung","isPartOf":{"@id":"https:\/\/dutchmicrodosing.com\/de\/#website"},"primaryImageOfPage":{"@id":"https:\/\/dutchmicrodosing.com\/de\/zauberpilze-zuchtsets\/fresh-mushrooms-zuchtset\/thai-xp\/#primaryimage"},"image":{"@id":"https:\/\/dutchmicrodosing.com\/de\/zauberpilze-zuchtsets\/fresh-mushrooms-zuchtset\/thai-xp\/#primaryimage"},"thumbnailUrl":"https:\/\/dutchmicrodosing.com\/wp-content\/uploads\/2021\/02\/Thai-growkit.jpg","datePublished":"2021-05-01T13:27:57+00:00","dateModified":"2024-01-16T14:49:15+00:00","description":"Bereit f\u00fcr eine super lustige Party? Stellen Sie sicher, dass Sie Ihr Thai-Pilz-Zucht-Set rechtzeitig erhalten. Bestellen Sie sie hier online","breadcrumb":{"@id":"https:\/\/dutchmicrodosing.com\/de\/zauberpilze-zuchtsets\/fresh-mushrooms-zuchtset\/thai-xp\/#breadcrumb"},"inLanguage":"de","potentialAction":[{"@type":"ReadAction","target":["https:\/\/dutchmicrodosing.com\/de\/zauberpilze-zuchtsets\/fresh-mushrooms-zuchtset\/thai-xp\/"]}]},{"@type":"ImageObject","inLanguage":"de","@id":"https:\/\/dutchmicrodosing.com\/de\/zauberpilze-zuchtsets\/fresh-mushrooms-zuchtset\/thai-xp\/#primaryimage","url":"https:\/\/dutchmicrodosing.com\/wp-content\/uploads\/2021\/02\/Thai-growkit.jpg","contentUrl":"https:\/\/dutchmicrodosing.com\/wp-content\/uploads\/2021\/02\/Thai-growkit.jpg","width":500,"height":500},{"@type":"BreadcrumbList","@id":"https:\/\/dutchmicrodosing.com\/de\/zauberpilze-zuchtsets\/fresh-mushrooms-zuchtset\/thai-xp\/#breadcrumb","itemListElement":[{"@type":"ListItem","position":1,"name":"Home","item":"https:\/\/dutchmicrodosing.com\/de\/"},{"@type":"ListItem","position":2,"name":"Shop","item":"https:\/\/dutchmicrodosing.com\/de\/shop\/"},{"@type":"ListItem","position":3,"name":"Thai XP"}]},{"@type":"WebSite","@id":"https:\/\/dutchmicrodosing.com\/de\/#website","url":"https:\/\/dutchmicrodosing.com\/de\/","name":"Dutchmicrodosing","description":"","publisher":{"@id":"https:\/\/dutchmicrodosing.com\/de\/#organization"},"potentialAction":[{"@type":"SearchAction","target":{"@type":"EntryPoint","urlTemplate":"https:\/\/dutchmicrodosing.com\/de\/?s={search_term_string}"},"query-input":{"@type":"PropertyValueSpecification","valueRequired":true,"valueName":"search_term_string"}}],"inLanguage":"de"},{"@type":"Organization","@id":"https:\/\/dutchmicrodosing.com\/de\/#organization","name":"Dutchmicrodosing","url":"https:\/\/dutchmicrodosing.com\/de\/","logo":{"@type":"ImageObject","inLanguage":"de","@id":"https:\/\/dutchmicrodosing.com\/de\/#\/schema\/logo\/image\/","url":"https:\/\/dutchmicrodosing.com\/wp-content\/uploads\/2021\/01\/microdosing-categorie-pic-nieuw.jpg","contentUrl":"https:\/\/dutchmicrodosing.com\/wp-content\/uploads\/2021\/01\/microdosing-categorie-pic-nieuw.jpg","width":500,"height":500,"caption":"Dutchmicrodosing"},"image":{"@id":"https:\/\/dutchmicrodosing.com\/de\/#\/schema\/logo\/image\/"},"sameAs":["https:\/\/www.facebook.com\/Dutchmicrodosingxp\/","https:\/\/www.instagram.com\/dutchmicrodosing\/"]}]},"product_price_amount":"39.95","product_price_currency":"EUR","og_availability":"instock","product_availability":"instock","product_retailer_item_id":"0208777","product_condition":"new"},"_links":{"self":[{"href":"https:\/\/dutchmicrodosing.com\/de\/wp-json\/wp\/v2\/product\/4544","targetHints":{"allow":["GET"]}}],"collection":[{"href":"https:\/\/dutchmicrodosing.com\/de\/wp-json\/wp\/v2\/product"}],"about":[{"href":"https:\/\/dutchmicrodosing.com\/de\/wp-json\/wp\/v2\/types\/product"}],"replies":[{"embeddable":true,"href":"https:\/\/dutchmicrodosing.com\/de\/wp-json\/wp\/v2\/comments?post=4544"}],"version-history":[{"count":0,"href":"https:\/\/dutchmicrodosing.com\/de\/wp-json\/wp\/v2\/product\/4544\/revisions"}],"wp:featuredmedia":[{"embeddable":true,"href":"https:\/\/dutchmicrodosing.com\/de\/wp-json\/wp\/v2\/media\/3603"}],"wp:attachment":[{"href":"https:\/\/dutchmicrodosing.com\/de\/wp-json\/wp\/v2\/media?parent=4544"}],"wp:term":[{"taxonomy":"product_brand","embeddable":true,"href":"https:\/\/dutchmicrodosing.com\/de\/wp-json\/wp\/v2\/product_brand?post=4544"},{"taxonomy":"product_cat","embeddable":true,"href":"https:\/\/dutchmicrodosing.com\/de\/wp-json\/wp\/v2\/product_cat?post=4544"},{"taxonomy":"product_tag","embeddable":true,"href":"https:\/\/dutchmicrodosing.com\/de\/wp-json\/wp\/v2\/product_tag?post=4544"}],"curies":[{"name":"wp","href":"https:\/\/api.w.org\/{rel}","templated":true}]}}