{"id":46010,"date":"2024-09-03T09:49:53","date_gmt":"2024-09-03T07:49:53","guid":{"rendered":"https:\/\/dutchmicrodosing.com\/shop\/unkategorisiert\/mushroom-gummies-chaga-mixed\/"},"modified":"2025-08-19T16:28:51","modified_gmt":"2025-08-19T14:28:51","slug":"mushroom-gummies-chaga-mixed","status":"publish","type":"product","link":"https:\/\/dutchmicrodosing.com\/de\/reformhaus\/essbare-pilze\/mushroom-gummies-chaga-mixed\/","title":{"rendered":"Pilz-Gummis Chaga &#8211; Gemischt"},"content":{"rendered":"<p><strong>Dr Candy&#8217;s Mushroom Gummies Chaga Mixed<\/strong> bieten eine innovative und schmackhafte M\u00f6glichkeit, die gesundheitlichen Vorteile der Chaga-Pilze zu nutzen. Mit jedem Gummib\u00e4rchen erhalten Sie 250 mg Chaga-Extrakt, was eine einfache und angenehme Art ist, die Kraft dieses Pilzes zu erfahren. Chaga ist bekannt f\u00fcr seine Unterst\u00fctzung der kognitiven Funktionen und hat eine reiche Tradition in der chinesischen Medizin. Die Gummib\u00e4rchen gibt es in einer Mischung aus k\u00f6stlichen Geschmacksrichtungen, darunter Blaubeere, Ananas, Orange, Apfel und Kirsche, die f\u00fcr ein besonders leckeres Erlebnis sorgen.<\/p>\n<h3>Die Vorteile des Chaga Heilpilzes:<\/h3>\n<ul>\n<li>Unterst\u00fctzung des Immunsystems<\/li>\n<li>Antioxidative Eigenschaften<\/li>\n<li>Entz\u00fcndungshemmende Eigenschaften<\/li>\n<li>Unterst\u00fctzung der Verdauung<\/li>\n<li>Blutzuckerregulierung<\/li>\n<li>Die Gesundheit der Leber unterst\u00fctzen<\/li>\n<li>Gesundheit der Haut<\/li>\n<\/ul>\n<h3>Inhaltsstoffe<\/h3>\n<ul>\n<li>Glukose<\/li>\n<li>Jedes Gummib\u00e4rchen enth\u00e4lt 250 mg Chaga-Extrakt<\/li>\n<li>Zucker<\/li>\n<li>Nat\u00fcrliche Aromen (Ananas, Waldfrucht, Orange, Apfel, Kirsche)<\/li>\n<li>F\u00e4rben<\/li>\n<li>Gelatine (Rindfleisch)<\/li>\n<li>Zitronens\u00e4ure<\/li>\n<\/ul>\n<h3>Verwenden Sie<\/h3>\n<p>Nehmen Sie nicht mehr als 8 Pilzgummis pro Tag ein.<\/p>\n<h3>Hinweise zur Lagerung<\/h3>\n<p>Bewahren Sie dieses Produkt an einem k\u00fchlen und dunklen Ort, z. B. in einem K\u00fcchenschrank, und au\u00dferhalb der Reichweite von Kindern auf.<\/p>\n<h3>Inhalt<\/h3>\n<p>Dr Candy Chaga Pilz Gummib\u00e4rchen &#8211; 40 Gramm.<\/p>\n","protected":false},"excerpt":{"rendered":"<p>Dr Candy&#8217;s Mushroom Gummies Chaga Mixed bieten eine innovative und schmackhafte M\u00f6glichkeit, die gesundheitlichen Vorteile der Chaga-Pilze zu nutzen. Mit jedem Gummib\u00e4rchen erhalten Sie 250 mg Chaga-Extrakt, was eine einfache und angenehme Art ist, die Kraft dieses Pilzes zu erfahren. Chaga ist bekannt f\u00fcr seine Unterst\u00fctzung der kognitiven Funktionen und hat eine reiche Tradition in [&hellip;]<\/p>\n","protected":false},"featured_media":41726,"comment_status":"closed","ping_status":"closed","template":"","meta":[],"product_brand":[],"product_cat":[327],"product_tag":[],"class_list":{"0":"post-46010","1":"product","2":"type-product","3":"status-publish","4":"has-post-thumbnail","6":"product_cat-essbare-pilze","8":"first","9":"instock","10":"taxable","11":"shipping-taxable","12":"purchasable","13":"product-type-simple"},"yoast_head":"<!-- This site is optimized with the Yoast SEO Premium plugin v26.4 (Yoast SEO v27.2) - https:\/\/yoast.com\/product\/yoast-seo-premium-wordpress\/ -->\n<title>Pilz-Gummis Chaga - Gemischt - Dutchmicrodosing<\/title>\n<meta name=\"robots\" content=\"index, follow, max-snippet:-1, max-image-preview:large, max-video-preview:-1\" \/>\n<link rel=\"canonical\" href=\"https:\/\/dutchmicrodosing.com\/de\/reformhaus\/essbare-pilze\/mushroom-gummies-chaga-mixed\/\" \/>\n<meta property=\"og:locale\" content=\"de_DE\" \/>\n<meta property=\"og:type\" content=\"article\" \/>\n<meta property=\"og:title\" content=\"Pilz-Gummis Chaga - Gemischt\" \/>\n<meta property=\"og:description\" content=\"Dr Candy&#039;s Mushroom Gummies Chaga Mixed bieten eine innovative und schmackhafte M\u00f6glichkeit, die gesundheitlichen Vorteile der Chaga-Pilze zu nutzen. Mit\" \/>\n<meta property=\"og:url\" content=\"https:\/\/dutchmicrodosing.com\/de\/reformhaus\/essbare-pilze\/mushroom-gummies-chaga-mixed\/\" \/>\n<meta property=\"og:site_name\" content=\"Dutchmicrodosing\" \/>\n<meta property=\"article:publisher\" content=\"https:\/\/www.facebook.com\/Dutchmicrodosingxp\/\" \/>\n<meta property=\"article:modified_time\" content=\"2025-08-19T14:28:51+00:00\" \/>\n<meta property=\"og:image\" content=\"https:\/\/dutchmicrodosing.com\/wp-content\/uploads\/2024\/09\/Chaga_gummies_1000x1000.jpg\" \/>\n\t<meta property=\"og:image:width\" content=\"1000\" \/>\n\t<meta property=\"og:image:height\" content=\"1000\" \/>\n\t<meta property=\"og:image:type\" content=\"image\/jpeg\" \/>\n<meta name=\"twitter:card\" content=\"summary_large_image\" \/>\n<script type=\"application\/ld+json\" class=\"yoast-schema-graph\">{\"@context\":\"https:\/\/schema.org\",\"@graph\":[{\"@type\":\"WebPage\",\"@id\":\"https:\/\/dutchmicrodosing.com\/de\/reformhaus\/essbare-pilze\/mushroom-gummies-chaga-mixed\/\",\"url\":\"https:\/\/dutchmicrodosing.com\/de\/reformhaus\/essbare-pilze\/mushroom-gummies-chaga-mixed\/\",\"name\":\"Pilz-Gummis Chaga - Gemischt - Dutchmicrodosing\",\"isPartOf\":{\"@id\":\"https:\/\/dutchmicrodosing.com\/de\/#website\"},\"primaryImageOfPage\":{\"@id\":\"https:\/\/dutchmicrodosing.com\/de\/reformhaus\/essbare-pilze\/mushroom-gummies-chaga-mixed\/#primaryimage\"},\"image\":{\"@id\":\"https:\/\/dutchmicrodosing.com\/de\/reformhaus\/essbare-pilze\/mushroom-gummies-chaga-mixed\/#primaryimage\"},\"thumbnailUrl\":\"https:\/\/dutchmicrodosing.com\/wp-content\/uploads\/2024\/09\/Chaga_gummies_1000x1000.jpg\",\"datePublished\":\"2024-09-03T07:49:53+00:00\",\"dateModified\":\"2025-08-19T14:28:51+00:00\",\"breadcrumb\":{\"@id\":\"https:\/\/dutchmicrodosing.com\/de\/reformhaus\/essbare-pilze\/mushroom-gummies-chaga-mixed\/#breadcrumb\"},\"inLanguage\":\"de\",\"potentialAction\":[{\"@type\":\"ReadAction\",\"target\":[\"https:\/\/dutchmicrodosing.com\/de\/reformhaus\/essbare-pilze\/mushroom-gummies-chaga-mixed\/\"]}]},{\"@type\":\"ImageObject\",\"inLanguage\":\"de\",\"@id\":\"https:\/\/dutchmicrodosing.com\/de\/reformhaus\/essbare-pilze\/mushroom-gummies-chaga-mixed\/#primaryimage\",\"url\":\"https:\/\/dutchmicrodosing.com\/wp-content\/uploads\/2024\/09\/Chaga_gummies_1000x1000.jpg\",\"contentUrl\":\"https:\/\/dutchmicrodosing.com\/wp-content\/uploads\/2024\/09\/Chaga_gummies_1000x1000.jpg\",\"width\":1000,\"height\":1000},{\"@type\":\"BreadcrumbList\",\"@id\":\"https:\/\/dutchmicrodosing.com\/de\/reformhaus\/essbare-pilze\/mushroom-gummies-chaga-mixed\/#breadcrumb\",\"itemListElement\":[{\"@type\":\"ListItem\",\"position\":1,\"name\":\"Home\",\"item\":\"https:\/\/dutchmicrodosing.com\/de\/\"},{\"@type\":\"ListItem\",\"position\":2,\"name\":\"Shop\",\"item\":\"https:\/\/dutchmicrodosing.com\/de\/shop\/\"},{\"@type\":\"ListItem\",\"position\":3,\"name\":\"Pilz-Gummis Chaga &#8211; Gemischt\"}]},{\"@type\":\"WebSite\",\"@id\":\"https:\/\/dutchmicrodosing.com\/de\/#website\",\"url\":\"https:\/\/dutchmicrodosing.com\/de\/\",\"name\":\"Dutchmicrodosing\",\"description\":\"\",\"publisher\":{\"@id\":\"https:\/\/dutchmicrodosing.com\/de\/#organization\"},\"potentialAction\":[{\"@type\":\"SearchAction\",\"target\":{\"@type\":\"EntryPoint\",\"urlTemplate\":\"https:\/\/dutchmicrodosing.com\/de\/?s={search_term_string}\"},\"query-input\":{\"@type\":\"PropertyValueSpecification\",\"valueRequired\":true,\"valueName\":\"search_term_string\"}}],\"inLanguage\":\"de\"},{\"@type\":\"Organization\",\"@id\":\"https:\/\/dutchmicrodosing.com\/de\/#organization\",\"name\":\"Dutchmicrodosing\",\"url\":\"https:\/\/dutchmicrodosing.com\/de\/\",\"logo\":{\"@type\":\"ImageObject\",\"inLanguage\":\"de\",\"@id\":\"https:\/\/dutchmicrodosing.com\/de\/#\/schema\/logo\/image\/\",\"url\":\"https:\/\/dutchmicrodosing.com\/wp-content\/uploads\/2021\/01\/microdosing-categorie-pic-nieuw.jpg\",\"contentUrl\":\"https:\/\/dutchmicrodosing.com\/wp-content\/uploads\/2021\/01\/microdosing-categorie-pic-nieuw.jpg\",\"width\":500,\"height\":500,\"caption\":\"Dutchmicrodosing\"},\"image\":{\"@id\":\"https:\/\/dutchmicrodosing.com\/de\/#\/schema\/logo\/image\/\"},\"sameAs\":[\"https:\/\/www.facebook.com\/Dutchmicrodosingxp\/\",\"https:\/\/www.instagram.com\/dutchmicrodosing\/\"]}]}<\/script>\n<meta property=\"product:price:amount\" content=\"9.95\" \/>\n<meta property=\"product:price:currency\" content=\"EUR\" \/>\n<meta property=\"og:availability\" content=\"instock\" \/>\n<meta property=\"product:availability\" content=\"instock\" \/>\n<meta property=\"product:retailer_item_id\" content=\"4206244\" \/>\n<meta property=\"product:condition\" content=\"new\" \/>\n<!-- \/ Yoast SEO Premium plugin. -->","yoast_head_json":{"title":"Pilz-Gummis Chaga - Gemischt - Dutchmicrodosing","robots":{"index":"index","follow":"follow","max-snippet":"max-snippet:-1","max-image-preview":"max-image-preview:large","max-video-preview":"max-video-preview:-1"},"canonical":"https:\/\/dutchmicrodosing.com\/de\/reformhaus\/essbare-pilze\/mushroom-gummies-chaga-mixed\/","og_locale":"de_DE","og_type":"article","og_title":"Pilz-Gummis Chaga - Gemischt","og_description":"Dr Candy's Mushroom Gummies Chaga Mixed bieten eine innovative und schmackhafte M\u00f6glichkeit, die gesundheitlichen Vorteile der Chaga-Pilze zu nutzen. Mit","og_url":"https:\/\/dutchmicrodosing.com\/de\/reformhaus\/essbare-pilze\/mushroom-gummies-chaga-mixed\/","og_site_name":"Dutchmicrodosing","article_publisher":"https:\/\/www.facebook.com\/Dutchmicrodosingxp\/","article_modified_time":"2025-08-19T14:28:51+00:00","og_image":[{"width":1000,"height":1000,"url":"https:\/\/dutchmicrodosing.com\/wp-content\/uploads\/2024\/09\/Chaga_gummies_1000x1000.jpg","type":"image\/jpeg"}],"twitter_card":"summary_large_image","schema":{"@context":"https:\/\/schema.org","@graph":[{"@type":"WebPage","@id":"https:\/\/dutchmicrodosing.com\/de\/reformhaus\/essbare-pilze\/mushroom-gummies-chaga-mixed\/","url":"https:\/\/dutchmicrodosing.com\/de\/reformhaus\/essbare-pilze\/mushroom-gummies-chaga-mixed\/","name":"Pilz-Gummis Chaga - Gemischt - Dutchmicrodosing","isPartOf":{"@id":"https:\/\/dutchmicrodosing.com\/de\/#website"},"primaryImageOfPage":{"@id":"https:\/\/dutchmicrodosing.com\/de\/reformhaus\/essbare-pilze\/mushroom-gummies-chaga-mixed\/#primaryimage"},"image":{"@id":"https:\/\/dutchmicrodosing.com\/de\/reformhaus\/essbare-pilze\/mushroom-gummies-chaga-mixed\/#primaryimage"},"thumbnailUrl":"https:\/\/dutchmicrodosing.com\/wp-content\/uploads\/2024\/09\/Chaga_gummies_1000x1000.jpg","datePublished":"2024-09-03T07:49:53+00:00","dateModified":"2025-08-19T14:28:51+00:00","breadcrumb":{"@id":"https:\/\/dutchmicrodosing.com\/de\/reformhaus\/essbare-pilze\/mushroom-gummies-chaga-mixed\/#breadcrumb"},"inLanguage":"de","potentialAction":[{"@type":"ReadAction","target":["https:\/\/dutchmicrodosing.com\/de\/reformhaus\/essbare-pilze\/mushroom-gummies-chaga-mixed\/"]}]},{"@type":"ImageObject","inLanguage":"de","@id":"https:\/\/dutchmicrodosing.com\/de\/reformhaus\/essbare-pilze\/mushroom-gummies-chaga-mixed\/#primaryimage","url":"https:\/\/dutchmicrodosing.com\/wp-content\/uploads\/2024\/09\/Chaga_gummies_1000x1000.jpg","contentUrl":"https:\/\/dutchmicrodosing.com\/wp-content\/uploads\/2024\/09\/Chaga_gummies_1000x1000.jpg","width":1000,"height":1000},{"@type":"BreadcrumbList","@id":"https:\/\/dutchmicrodosing.com\/de\/reformhaus\/essbare-pilze\/mushroom-gummies-chaga-mixed\/#breadcrumb","itemListElement":[{"@type":"ListItem","position":1,"name":"Home","item":"https:\/\/dutchmicrodosing.com\/de\/"},{"@type":"ListItem","position":2,"name":"Shop","item":"https:\/\/dutchmicrodosing.com\/de\/shop\/"},{"@type":"ListItem","position":3,"name":"Pilz-Gummis Chaga &#8211; Gemischt"}]},{"@type":"WebSite","@id":"https:\/\/dutchmicrodosing.com\/de\/#website","url":"https:\/\/dutchmicrodosing.com\/de\/","name":"Dutchmicrodosing","description":"","publisher":{"@id":"https:\/\/dutchmicrodosing.com\/de\/#organization"},"potentialAction":[{"@type":"SearchAction","target":{"@type":"EntryPoint","urlTemplate":"https:\/\/dutchmicrodosing.com\/de\/?s={search_term_string}"},"query-input":{"@type":"PropertyValueSpecification","valueRequired":true,"valueName":"search_term_string"}}],"inLanguage":"de"},{"@type":"Organization","@id":"https:\/\/dutchmicrodosing.com\/de\/#organization","name":"Dutchmicrodosing","url":"https:\/\/dutchmicrodosing.com\/de\/","logo":{"@type":"ImageObject","inLanguage":"de","@id":"https:\/\/dutchmicrodosing.com\/de\/#\/schema\/logo\/image\/","url":"https:\/\/dutchmicrodosing.com\/wp-content\/uploads\/2021\/01\/microdosing-categorie-pic-nieuw.jpg","contentUrl":"https:\/\/dutchmicrodosing.com\/wp-content\/uploads\/2021\/01\/microdosing-categorie-pic-nieuw.jpg","width":500,"height":500,"caption":"Dutchmicrodosing"},"image":{"@id":"https:\/\/dutchmicrodosing.com\/de\/#\/schema\/logo\/image\/"},"sameAs":["https:\/\/www.facebook.com\/Dutchmicrodosingxp\/","https:\/\/www.instagram.com\/dutchmicrodosing\/"]}]},"product_price_amount":"9.95","product_price_currency":"EUR","og_availability":"instock","product_availability":"instock","product_retailer_item_id":"4206244","product_condition":"new"},"_links":{"self":[{"href":"https:\/\/dutchmicrodosing.com\/de\/wp-json\/wp\/v2\/product\/46010","targetHints":{"allow":["GET"]}}],"collection":[{"href":"https:\/\/dutchmicrodosing.com\/de\/wp-json\/wp\/v2\/product"}],"about":[{"href":"https:\/\/dutchmicrodosing.com\/de\/wp-json\/wp\/v2\/types\/product"}],"replies":[{"embeddable":true,"href":"https:\/\/dutchmicrodosing.com\/de\/wp-json\/wp\/v2\/comments?post=46010"}],"version-history":[{"count":0,"href":"https:\/\/dutchmicrodosing.com\/de\/wp-json\/wp\/v2\/product\/46010\/revisions"}],"wp:featuredmedia":[{"embeddable":true,"href":"https:\/\/dutchmicrodosing.com\/de\/wp-json\/wp\/v2\/media\/41726"}],"wp:attachment":[{"href":"https:\/\/dutchmicrodosing.com\/de\/wp-json\/wp\/v2\/media?parent=46010"}],"wp:term":[{"taxonomy":"product_brand","embeddable":true,"href":"https:\/\/dutchmicrodosing.com\/de\/wp-json\/wp\/v2\/product_brand?post=46010"},{"taxonomy":"product_cat","embeddable":true,"href":"https:\/\/dutchmicrodosing.com\/de\/wp-json\/wp\/v2\/product_cat?post=46010"},{"taxonomy":"product_tag","embeddable":true,"href":"https:\/\/dutchmicrodosing.com\/de\/wp-json\/wp\/v2\/product_tag?post=46010"}],"curies":[{"name":"wp","href":"https:\/\/api.w.org\/{rel}","templated":true}]}}