{"id":46442,"date":"2025-03-12T09:30:05","date_gmt":"2025-03-12T08:30:05","guid":{"rendered":"https:\/\/dutchmicrodosing.com\/shop\/unkategorisiert\/golden-teacher-liquid-culture-spuit\/"},"modified":"2025-12-30T18:41:57","modified_gmt":"2025-12-30T17:41:57","slug":"golden-teacher-liquid-culture-spuit","status":"publish","type":"product","link":"https:\/\/dutchmicrodosing.com\/de\/sporen-zauberpilze\/spritzen-fur-flussigkulturen\/golden-teacher-liquid-culture-spuit\/","title":{"rendered":"Golden Teacher Fl\u00fcssigkultur-Spritze"},"content":{"rendered":"<p><strong>Golden Teacher Liquid Culture Syringe<\/strong> &#8211; 10 ml ist eine gebrauchsfertige, sterile Fl\u00fcssigkultur, mit der Sie Ihr Anbauprojekt schnell und effizient starten k\u00f6nnen. Diese L\u00f6sung enth\u00e4lt das aktive Myzel des bekannten Goldenen Lehrers, einer der beliebtesten Psilocybe cubensis-Arten. Dank seiner sterilen Zubereitung und hohen Reinheit ist dieses Produkt ideal f\u00fcr Anf\u00e4nger und erfahrene Z\u00fcchter, die stabile und vorhersehbare Ergebnisse erzielen m\u00f6chten.<\/p>\n<h3>Eigenschaften<\/h3>\n<ul>\n<li>Sterile Fl\u00fcssigkultur f\u00fcr eine schnelle und effektive Kolonisierung<\/li>\n<li>Hervorragend geeignet f\u00fcr die Verwendung mit Getreidesubstraten<\/li>\n<li>Ausgew\u00e4hlte hochwertige Genetik<\/li>\n<li>Inklusive sterilem Zubeh\u00f6r f\u00fcr eine sichere und hygienische Anwendung<\/li>\n<li>Geeignet f\u00fcr Hobbyz\u00fcchter und fortgeschrittene Z\u00fcchter<\/li>\n<\/ul>\n<h3>Zutaten und\/oder Zusammensetzung<\/h3>\n<ul>\n<li>10 ml fl\u00fcssige Golden Teacher Kultur in sterilem Wasser mit N\u00e4hrstoffen<\/li>\n<li>1 sterile 18G Nadel<\/li>\n<li>1 Alkoholtuch f\u00fcr sauberes Arbeiten<\/li>\n<\/ul>\n<h3>Verwenden Sie<\/h3>\n<p>F\u00fcr beste Ergebnisse ist ein hygienisches Arbeiten unerl\u00e4sslich.<\/p>\n<p><strong>So verwenden Sie die Spritze:<\/strong><\/p>\n<ol>\n<li><strong>Sterilisieren Sie das Substrat<\/strong>, indem Sie es erhitzen oder d\u00e4mpfen, um Bakterien und Pilze abzut\u00f6ten.<\/li>\n<li><strong>Bereiten Sie das Substrat<\/strong> mit Materialien wie braunem Reismehl oder Roggen <strong>vor<\/strong>. Achten Sie darauf, dass er leicht feucht ist.<\/li>\n<li><strong>Sch\u00fctteln Sie die Spritze<\/strong> gut, um das Myzel gleichm\u00e4\u00dfig zu verteilen.<\/li>\n<li><strong>Spritzen Sie<\/strong> kleine Mengen der Kultur an verschiedenen Stellen des Substrats.<\/li>\n<li><strong>Lassen Sie es<\/strong> an einem dunklen Ort bei einer stabilen Temperatur zwischen 20 und 25\u00b0C <strong>inkubieren<\/strong>.<\/li>\n<li><strong>Behalten Sie den Fortschritt im Auge<\/strong> und ernten Sie die Pilze, sobald sie voll entwickelt sind.<\/li>\n<\/ol>\n<h3>Inhalt<\/h3>\n<ul>\n<li>1x Spritze mit 10 ml Golden Teacher Fl\u00fcssigkultur<\/li>\n<li>1x sterile 18G Nadel<\/li>\n<li>1x Alkohol Vorbereitungspad<\/li>\n<\/ul>\n<h3>Hinweise zur Lagerung<\/h3>\n<ul>\n<li>Innerhalb von 2 Monaten verwenden<\/li>\n<li>An einem k\u00fchlen, dunklen Ort wie dem K\u00fchlschrank aufbewahren<\/li>\n<li>Sch\u00fctzt vor UV-Licht<\/li>\n<li>Au\u00dferhalb der Reichweite von Kindern aufbewahren<\/li>\n<\/ul>\n","protected":false},"excerpt":{"rendered":"<p>Golden Teacher Liquid Culture Syringe &#8211; 10 ml ist eine gebrauchsfertige, sterile Fl\u00fcssigkultur, mit der Sie Ihr Anbauprojekt schnell und effizient starten k\u00f6nnen. Diese L\u00f6sung enth\u00e4lt das aktive Myzel des bekannten Goldenen Lehrers, einer der beliebtesten Psilocybe cubensis-Arten. Dank seiner sterilen Zubereitung und hohen Reinheit ist dieses Produkt ideal f\u00fcr Anf\u00e4nger und erfahrene Z\u00fcchter, die [&hellip;]<\/p>\n","protected":false},"featured_media":46284,"comment_status":"closed","ping_status":"closed","template":"","meta":[],"product_brand":[],"product_cat":[356],"product_tag":[],"class_list":{"0":"post-46442","1":"product","2":"type-product","3":"status-publish","4":"has-post-thumbnail","6":"product_cat-spritzen-fur-flussigkulturen","8":"first","9":"instock","10":"taxable","11":"shipping-taxable","12":"purchasable","13":"product-type-simple"},"yoast_head":"<!-- This site is optimized with the Yoast SEO Premium plugin v26.4 (Yoast SEO v27.2) - https:\/\/yoast.com\/product\/yoast-seo-premium-wordpress\/ -->\n<title>Golden Teacher Fl\u00fcssigkultur-Spritze - Dutchmicrodosing<\/title>\n<meta name=\"description\" content=\"Sterile Golden Teacher Liquid Culture 10ml mit Nadel und Alkoholtupfer. F\u00fcr die schnelle Besiedlung von Getreidesubstraten. Perfekt f\u00fcr Ihre Paddock-Woche!\" \/>\n<meta name=\"robots\" content=\"index, follow, max-snippet:-1, max-image-preview:large, max-video-preview:-1\" \/>\n<link rel=\"canonical\" href=\"https:\/\/dutchmicrodosing.com\/de\/sporen-zauberpilze\/spritzen-fur-flussigkulturen\/golden-teacher-liquid-culture-spuit\/\" \/>\n<meta property=\"og:locale\" content=\"de_DE\" \/>\n<meta property=\"og:type\" content=\"article\" \/>\n<meta property=\"og:title\" content=\"Golden Teacher Fl\u00fcssigkultur-Spritze\" \/>\n<meta property=\"og:description\" content=\"Golden Teacher Liquid Culture Syringe - 10 ml ist eine gebrauchsfertige, sterile Fl\u00fcssigkultur, mit der Sie Ihr Anbauprojekt schnell und effizient starten\" \/>\n<meta property=\"og:url\" content=\"https:\/\/dutchmicrodosing.com\/de\/sporen-zauberpilze\/spritzen-fur-flussigkulturen\/golden-teacher-liquid-culture-spuit\/\" \/>\n<meta property=\"og:site_name\" content=\"Dutchmicrodosing\" \/>\n<meta property=\"article:publisher\" content=\"https:\/\/www.facebook.com\/Dutchmicrodosingxp\/\" \/>\n<meta property=\"article:modified_time\" content=\"2025-12-30T17:41:57+00:00\" \/>\n<meta property=\"og:image\" content=\"https:\/\/dutchmicrodosing.com\/wp-content\/uploads\/2024\/04\/Philosophr-Liquid-culture-packaging-_2_.jpg\" \/>\n\t<meta property=\"og:image:width\" content=\"1512\" \/>\n\t<meta property=\"og:image:height\" content=\"1512\" \/>\n\t<meta property=\"og:image:type\" content=\"image\/jpeg\" \/>\n<meta name=\"twitter:card\" content=\"summary_large_image\" \/>\n<script type=\"application\/ld+json\" class=\"yoast-schema-graph\">{\"@context\":\"https:\/\/schema.org\",\"@graph\":[{\"@type\":\"WebPage\",\"@id\":\"https:\/\/dutchmicrodosing.com\/de\/sporen-zauberpilze\/spritzen-fur-flussigkulturen\/golden-teacher-liquid-culture-spuit\/\",\"url\":\"https:\/\/dutchmicrodosing.com\/de\/sporen-zauberpilze\/spritzen-fur-flussigkulturen\/golden-teacher-liquid-culture-spuit\/\",\"name\":\"Golden Teacher Fl\u00fcssigkultur-Spritze - Dutchmicrodosing\",\"isPartOf\":{\"@id\":\"https:\/\/dutchmicrodosing.com\/de\/#website\"},\"primaryImageOfPage\":{\"@id\":\"https:\/\/dutchmicrodosing.com\/de\/sporen-zauberpilze\/spritzen-fur-flussigkulturen\/golden-teacher-liquid-culture-spuit\/#primaryimage\"},\"image\":{\"@id\":\"https:\/\/dutchmicrodosing.com\/de\/sporen-zauberpilze\/spritzen-fur-flussigkulturen\/golden-teacher-liquid-culture-spuit\/#primaryimage\"},\"thumbnailUrl\":\"https:\/\/dutchmicrodosing.com\/wp-content\/uploads\/2024\/04\/Philosophr-Liquid-culture-packaging-_2_.jpg\",\"datePublished\":\"2025-03-12T08:30:05+00:00\",\"dateModified\":\"2025-12-30T17:41:57+00:00\",\"description\":\"Sterile Golden Teacher Liquid Culture 10ml mit Nadel und Alkoholtupfer. F\u00fcr die schnelle Besiedlung von Getreidesubstraten. Perfekt f\u00fcr Ihre Paddock-Woche!\",\"breadcrumb\":{\"@id\":\"https:\/\/dutchmicrodosing.com\/de\/sporen-zauberpilze\/spritzen-fur-flussigkulturen\/golden-teacher-liquid-culture-spuit\/#breadcrumb\"},\"inLanguage\":\"de\",\"potentialAction\":[{\"@type\":\"ReadAction\",\"target\":[\"https:\/\/dutchmicrodosing.com\/de\/sporen-zauberpilze\/spritzen-fur-flussigkulturen\/golden-teacher-liquid-culture-spuit\/\"]}]},{\"@type\":\"ImageObject\",\"inLanguage\":\"de\",\"@id\":\"https:\/\/dutchmicrodosing.com\/de\/sporen-zauberpilze\/spritzen-fur-flussigkulturen\/golden-teacher-liquid-culture-spuit\/#primaryimage\",\"url\":\"https:\/\/dutchmicrodosing.com\/wp-content\/uploads\/2024\/04\/Philosophr-Liquid-culture-packaging-_2_.jpg\",\"contentUrl\":\"https:\/\/dutchmicrodosing.com\/wp-content\/uploads\/2024\/04\/Philosophr-Liquid-culture-packaging-_2_.jpg\",\"width\":1512,\"height\":1512},{\"@type\":\"BreadcrumbList\",\"@id\":\"https:\/\/dutchmicrodosing.com\/de\/sporen-zauberpilze\/spritzen-fur-flussigkulturen\/golden-teacher-liquid-culture-spuit\/#breadcrumb\",\"itemListElement\":[{\"@type\":\"ListItem\",\"position\":1,\"name\":\"Home\",\"item\":\"https:\/\/dutchmicrodosing.com\/de\/\"},{\"@type\":\"ListItem\",\"position\":2,\"name\":\"Shop\",\"item\":\"https:\/\/dutchmicrodosing.com\/de\/shop\/\"},{\"@type\":\"ListItem\",\"position\":3,\"name\":\"Golden Teacher Fl\u00fcssigkultur-Spritze\"}]},{\"@type\":\"WebSite\",\"@id\":\"https:\/\/dutchmicrodosing.com\/de\/#website\",\"url\":\"https:\/\/dutchmicrodosing.com\/de\/\",\"name\":\"Dutchmicrodosing\",\"description\":\"\",\"publisher\":{\"@id\":\"https:\/\/dutchmicrodosing.com\/de\/#organization\"},\"potentialAction\":[{\"@type\":\"SearchAction\",\"target\":{\"@type\":\"EntryPoint\",\"urlTemplate\":\"https:\/\/dutchmicrodosing.com\/de\/?s={search_term_string}\"},\"query-input\":{\"@type\":\"PropertyValueSpecification\",\"valueRequired\":true,\"valueName\":\"search_term_string\"}}],\"inLanguage\":\"de\"},{\"@type\":\"Organization\",\"@id\":\"https:\/\/dutchmicrodosing.com\/de\/#organization\",\"name\":\"Dutchmicrodosing\",\"url\":\"https:\/\/dutchmicrodosing.com\/de\/\",\"logo\":{\"@type\":\"ImageObject\",\"inLanguage\":\"de\",\"@id\":\"https:\/\/dutchmicrodosing.com\/de\/#\/schema\/logo\/image\/\",\"url\":\"https:\/\/dutchmicrodosing.com\/wp-content\/uploads\/2021\/01\/microdosing-categorie-pic-nieuw.jpg\",\"contentUrl\":\"https:\/\/dutchmicrodosing.com\/wp-content\/uploads\/2021\/01\/microdosing-categorie-pic-nieuw.jpg\",\"width\":500,\"height\":500,\"caption\":\"Dutchmicrodosing\"},\"image\":{\"@id\":\"https:\/\/dutchmicrodosing.com\/de\/#\/schema\/logo\/image\/\"},\"sameAs\":[\"https:\/\/www.facebook.com\/Dutchmicrodosingxp\/\",\"https:\/\/www.instagram.com\/dutchmicrodosing\/\"]}]}<\/script>\n<meta property=\"product:price:amount\" content=\"18.95\" \/>\n<meta property=\"product:price:currency\" content=\"EUR\" \/>\n<meta property=\"og:availability\" content=\"instock\" \/>\n<meta property=\"product:availability\" content=\"instock\" \/>\n<meta property=\"product:retailer_item_id\" content=\"5203370\" \/>\n<meta property=\"product:condition\" content=\"new\" \/>\n<!-- \/ Yoast SEO Premium plugin. -->","yoast_head_json":{"title":"Golden Teacher Fl\u00fcssigkultur-Spritze - Dutchmicrodosing","description":"Sterile Golden Teacher Liquid Culture 10ml mit Nadel und Alkoholtupfer. F\u00fcr die schnelle Besiedlung von Getreidesubstraten. Perfekt f\u00fcr Ihre Paddock-Woche!","robots":{"index":"index","follow":"follow","max-snippet":"max-snippet:-1","max-image-preview":"max-image-preview:large","max-video-preview":"max-video-preview:-1"},"canonical":"https:\/\/dutchmicrodosing.com\/de\/sporen-zauberpilze\/spritzen-fur-flussigkulturen\/golden-teacher-liquid-culture-spuit\/","og_locale":"de_DE","og_type":"article","og_title":"Golden Teacher Fl\u00fcssigkultur-Spritze","og_description":"Golden Teacher Liquid Culture Syringe - 10 ml ist eine gebrauchsfertige, sterile Fl\u00fcssigkultur, mit der Sie Ihr Anbauprojekt schnell und effizient starten","og_url":"https:\/\/dutchmicrodosing.com\/de\/sporen-zauberpilze\/spritzen-fur-flussigkulturen\/golden-teacher-liquid-culture-spuit\/","og_site_name":"Dutchmicrodosing","article_publisher":"https:\/\/www.facebook.com\/Dutchmicrodosingxp\/","article_modified_time":"2025-12-30T17:41:57+00:00","og_image":[{"width":1512,"height":1512,"url":"https:\/\/dutchmicrodosing.com\/wp-content\/uploads\/2024\/04\/Philosophr-Liquid-culture-packaging-_2_.jpg","type":"image\/jpeg"}],"twitter_card":"summary_large_image","schema":{"@context":"https:\/\/schema.org","@graph":[{"@type":"WebPage","@id":"https:\/\/dutchmicrodosing.com\/de\/sporen-zauberpilze\/spritzen-fur-flussigkulturen\/golden-teacher-liquid-culture-spuit\/","url":"https:\/\/dutchmicrodosing.com\/de\/sporen-zauberpilze\/spritzen-fur-flussigkulturen\/golden-teacher-liquid-culture-spuit\/","name":"Golden Teacher Fl\u00fcssigkultur-Spritze - Dutchmicrodosing","isPartOf":{"@id":"https:\/\/dutchmicrodosing.com\/de\/#website"},"primaryImageOfPage":{"@id":"https:\/\/dutchmicrodosing.com\/de\/sporen-zauberpilze\/spritzen-fur-flussigkulturen\/golden-teacher-liquid-culture-spuit\/#primaryimage"},"image":{"@id":"https:\/\/dutchmicrodosing.com\/de\/sporen-zauberpilze\/spritzen-fur-flussigkulturen\/golden-teacher-liquid-culture-spuit\/#primaryimage"},"thumbnailUrl":"https:\/\/dutchmicrodosing.com\/wp-content\/uploads\/2024\/04\/Philosophr-Liquid-culture-packaging-_2_.jpg","datePublished":"2025-03-12T08:30:05+00:00","dateModified":"2025-12-30T17:41:57+00:00","description":"Sterile Golden Teacher Liquid Culture 10ml mit Nadel und Alkoholtupfer. F\u00fcr die schnelle Besiedlung von Getreidesubstraten. Perfekt f\u00fcr Ihre Paddock-Woche!","breadcrumb":{"@id":"https:\/\/dutchmicrodosing.com\/de\/sporen-zauberpilze\/spritzen-fur-flussigkulturen\/golden-teacher-liquid-culture-spuit\/#breadcrumb"},"inLanguage":"de","potentialAction":[{"@type":"ReadAction","target":["https:\/\/dutchmicrodosing.com\/de\/sporen-zauberpilze\/spritzen-fur-flussigkulturen\/golden-teacher-liquid-culture-spuit\/"]}]},{"@type":"ImageObject","inLanguage":"de","@id":"https:\/\/dutchmicrodosing.com\/de\/sporen-zauberpilze\/spritzen-fur-flussigkulturen\/golden-teacher-liquid-culture-spuit\/#primaryimage","url":"https:\/\/dutchmicrodosing.com\/wp-content\/uploads\/2024\/04\/Philosophr-Liquid-culture-packaging-_2_.jpg","contentUrl":"https:\/\/dutchmicrodosing.com\/wp-content\/uploads\/2024\/04\/Philosophr-Liquid-culture-packaging-_2_.jpg","width":1512,"height":1512},{"@type":"BreadcrumbList","@id":"https:\/\/dutchmicrodosing.com\/de\/sporen-zauberpilze\/spritzen-fur-flussigkulturen\/golden-teacher-liquid-culture-spuit\/#breadcrumb","itemListElement":[{"@type":"ListItem","position":1,"name":"Home","item":"https:\/\/dutchmicrodosing.com\/de\/"},{"@type":"ListItem","position":2,"name":"Shop","item":"https:\/\/dutchmicrodosing.com\/de\/shop\/"},{"@type":"ListItem","position":3,"name":"Golden Teacher Fl\u00fcssigkultur-Spritze"}]},{"@type":"WebSite","@id":"https:\/\/dutchmicrodosing.com\/de\/#website","url":"https:\/\/dutchmicrodosing.com\/de\/","name":"Dutchmicrodosing","description":"","publisher":{"@id":"https:\/\/dutchmicrodosing.com\/de\/#organization"},"potentialAction":[{"@type":"SearchAction","target":{"@type":"EntryPoint","urlTemplate":"https:\/\/dutchmicrodosing.com\/de\/?s={search_term_string}"},"query-input":{"@type":"PropertyValueSpecification","valueRequired":true,"valueName":"search_term_string"}}],"inLanguage":"de"},{"@type":"Organization","@id":"https:\/\/dutchmicrodosing.com\/de\/#organization","name":"Dutchmicrodosing","url":"https:\/\/dutchmicrodosing.com\/de\/","logo":{"@type":"ImageObject","inLanguage":"de","@id":"https:\/\/dutchmicrodosing.com\/de\/#\/schema\/logo\/image\/","url":"https:\/\/dutchmicrodosing.com\/wp-content\/uploads\/2021\/01\/microdosing-categorie-pic-nieuw.jpg","contentUrl":"https:\/\/dutchmicrodosing.com\/wp-content\/uploads\/2021\/01\/microdosing-categorie-pic-nieuw.jpg","width":500,"height":500,"caption":"Dutchmicrodosing"},"image":{"@id":"https:\/\/dutchmicrodosing.com\/de\/#\/schema\/logo\/image\/"},"sameAs":["https:\/\/www.facebook.com\/Dutchmicrodosingxp\/","https:\/\/www.instagram.com\/dutchmicrodosing\/"]}]},"product_price_amount":"18.95","product_price_currency":"EUR","og_availability":"instock","product_availability":"instock","product_retailer_item_id":"5203370","product_condition":"new"},"_links":{"self":[{"href":"https:\/\/dutchmicrodosing.com\/de\/wp-json\/wp\/v2\/product\/46442","targetHints":{"allow":["GET"]}}],"collection":[{"href":"https:\/\/dutchmicrodosing.com\/de\/wp-json\/wp\/v2\/product"}],"about":[{"href":"https:\/\/dutchmicrodosing.com\/de\/wp-json\/wp\/v2\/types\/product"}],"replies":[{"embeddable":true,"href":"https:\/\/dutchmicrodosing.com\/de\/wp-json\/wp\/v2\/comments?post=46442"}],"version-history":[{"count":0,"href":"https:\/\/dutchmicrodosing.com\/de\/wp-json\/wp\/v2\/product\/46442\/revisions"}],"wp:featuredmedia":[{"embeddable":true,"href":"https:\/\/dutchmicrodosing.com\/de\/wp-json\/wp\/v2\/media\/46284"}],"wp:attachment":[{"href":"https:\/\/dutchmicrodosing.com\/de\/wp-json\/wp\/v2\/media?parent=46442"}],"wp:term":[{"taxonomy":"product_brand","embeddable":true,"href":"https:\/\/dutchmicrodosing.com\/de\/wp-json\/wp\/v2\/product_brand?post=46442"},{"taxonomy":"product_cat","embeddable":true,"href":"https:\/\/dutchmicrodosing.com\/de\/wp-json\/wp\/v2\/product_cat?post=46442"},{"taxonomy":"product_tag","embeddable":true,"href":"https:\/\/dutchmicrodosing.com\/de\/wp-json\/wp\/v2\/product_tag?post=46442"}],"curies":[{"name":"wp","href":"https:\/\/api.w.org\/{rel}","templated":true}]}}