{"id":46587,"date":"2025-03-12T14:43:25","date_gmt":"2025-03-12T13:43:25","guid":{"rendered":"https:\/\/dutchmicrodosing.com\/?post_type=product&#038;p=46587"},"modified":"2025-08-19T01:04:16","modified_gmt":"2025-08-18T23:04:16","slug":"panaeolus-cyanescens-jamaica-liquid-culture-spuit","status":"publish","type":"product","link":"https:\/\/dutchmicrodosing.com\/de\/sporen-zauberpilze\/spritzen-fur-flussigkulturen\/panaeolus-cyanescens-jamaica-liquid-culture-spuit\/","title":{"rendered":"Panaeolus Cyanescens (Jamaika) Fl\u00fcssigkultur Spritze"},"content":{"rendered":"<p><strong>Panaeolus cyanescens &#8222;Jamaica&#8220; Liquid Culture Syringe<\/strong> ist eine tropische Pilzart, die auch als Copelandia cyanescens bekannt ist. Diese Sorte ist f\u00fcr ihre sehr starke Wirkung bekannt und erfordert besondere Anbaubedingungen. Da sie andere Anforderungen stellt als die \u00fcbliche Psilocybe cubensis, ist sie besonders f\u00fcr erfahrene Z\u00fcchter geeignet. Diese Jamaika-Sorte, die oft &#8222;Blue Meanies&#8220; genannt wird, f\u00e4rbt sich bei Ber\u00fchrung intensiv blau. Das liegt an den hohen Konzentrationen von Psilocybin und Psilocin, die sie zu einer der st\u00e4rksten Sorten innerhalb ihrer Familie machen.<\/p>\n<h3>Genetische Reinheit:<\/h3>\n<p>Professionell isoliert und unter sterilen Bedingungen zubereitet, um das Kontaminationsrisiko zu minimieren. Eine seltene und visuell auff\u00e4llige Sorte<\/p>\n<h3>Auf welchem Substrat wachsen wir?<\/h3>\n<p>Geeignet f\u00fcr Substrat auf Dungbasis.<\/p>\n<h3>Verwenden Sie<\/h3>\n<p>Das Beimpfen Ihres Substrats war noch nie so einfach. Mit einer einfachen Injektion von Panaeolus cyanescens &#8222;Jamaica&#8220; Liquid Culture k\u00f6nnen Sie beobachten, wie sich das Myzelnetzwerk vervielf\u00e4ltigt und Ihr Kultursubstrat in eine Leinwand verwandelt, auf der Pilze gedeihen k\u00f6nnen.<\/p>\n<ol>\n<li><strong>Sterilisation oder Pasteurisierung<\/strong><br \/>\nUm Panaeolus cyanescens &#8222;Jamaica&#8220; Liquid Culture erfolgreich zu z\u00fcchten, ist ein sauberes und n\u00e4hrstoffreiches Substrat unerl\u00e4sslich. Da diese Art haupts\u00e4chlich auf Dung w\u00e4chst, ist es wichtig, das Substrat zu sterilisieren oder zu pasteurisieren, um unerw\u00fcnschte Bakterien und Pilze abzut\u00f6ten.<\/p>\n<p>Pasteurisierung (empfohlen): Erhitzen Sie das Substrat (z.B. Pferde- oder Kuhmist gemischt mit Stroh) f\u00fcr 1-2 Stunden auf 60-70\u00b0C mit Hilfe von Dampf oder einem Hei\u00dfwasserbad.<br \/>\nSterilisieren<strong>:<\/strong> Verwenden Sie einen Autoklaven oder Schnellkochtopf, um das Substrat gr\u00fcndlich zu sterilisieren, insbesondere wenn Sie Getreidesubstrate verwenden.<\/li>\n<li><strong>Inokulation des Substrats<\/strong><br \/>\nLassen Sie das Substrat nach der Pasteurisierung auf Raumtemperatur abk\u00fchlen. Als n\u00e4chstes k\u00f6nnen Sie die Panaeolus cyanescens &#8222;Jamaica&#8220; Fl\u00fcssigkultur verwenden, um das Substrat zu beimpfen. Verwenden Sie eine sterile Spritze, um die Fl\u00fcssigkultur gleichm\u00e4\u00dfig \u00fcber das Substrat auf Dungbasis zu verteilen. Arbeiten Sie in einer sauberen, sterilen Umgebung, um Kontaminationen zu vermeiden.<\/li>\n<li><strong>Inkubation &#8211; Myzel-Besiedlung<\/strong><br \/>\nJetzt, wo das Substrat geimpft wurde, braucht das Myzel Zeit, um sich auszubreiten und das Substrat vollst\u00e4ndig zu besiedeln. Stellen Sie das Substrat in einen dunklen und warmen Raum mit einer Temperatur zwischen 24-26\u00b0C. Innerhalb von 10-14 Tagen sollte das Mycelium sichtbar werden. Halten Sie das Substrat leicht feucht, aber vermeiden Sie eine \u00dcberw\u00e4sserung.<\/li>\n<li><strong>Fruchtbildung &#8211; Optimale Wachstumsbedingungen<\/strong><br \/>\nWenn das Substrat vollst\u00e4ndig kolonisiert ist, bringen Sie es in eine Umgebung mit den richtigen Bedingungen f\u00fcr das Pilzwachstum:Luftfeuchtigkeit:Halten Sie eine hohe Luftfeuchtigkeit (90-95%) aufrecht, indem Sie es regelm\u00e4\u00dfig nebeln und f\u00fcr eine ausreichende Bel\u00fcftung sorgen.<br \/>\nTemperatur: Halten Sie eine stabile Temperatur zwischen 22-26\u00b0C.<br \/>\nBeleuchtung: Obwohl Panaeolus cyanescens kein intensives Licht ben\u00f6tigt, stimuliert indirektes Tageslicht oder ein schwaches Wachstumslicht die Pilzbildung.<\/li>\n<li><strong>Ernten &#8211; Wann sind die Pilze bereit?<\/strong><br \/>\nNach 2-4 Wochen beginnen sich Pilze zu bilden. Panaeolus cyanescens &#8222;Jamaica&#8220; ist bekannt f\u00fcr seine kleinen, aber kr\u00e4ftigen Fruchtk\u00f6rper mit einem d\u00fcnnen Stiel und einer krausen Kappe.<\/li>\n<\/ol>\n<h3>Inhalt<\/h3>\n<ul>\n<li>10 ml Spritze mit Panaeolus cyanescens &#8222;Jamaica&#8220; Fl\u00fcssigkultur.<\/li>\n<li>1x sterile 18G Nadel f\u00fcr eine pr\u00e4zise Anwendung.<\/li>\n<li>1x Alkoholvorbereitung f\u00fcr sterile Arbeitsbedingungen.<\/li>\n<\/ul>\n<h3>Hinweise zur Lagerung<\/h3>\n<ul>\n<li>Verwenden Sie die Fl\u00fcssigkultur innerhalb von 2 Monaten.<\/li>\n<li>Lagern Sie es im K\u00fchlschrank oder an einem anderen k\u00fchlen, dunklen Ort.<\/li>\n<li>Vermeiden Sie die Einwirkung von UV-Licht.<\/li>\n<li>Au\u00dferhalb der Reichweite von Kindern.<\/li>\n<\/ul>\n","protected":false},"excerpt":{"rendered":"<p>Panaeolus cyanescens &#8222;Jamaica&#8220; Liquid Culture Syringe ist eine tropische Pilzart, die auch als Copelandia cyanescens bekannt ist. Diese Sorte ist f\u00fcr ihre sehr starke Wirkung bekannt und erfordert besondere Anbaubedingungen. Da sie andere Anforderungen stellt als die \u00fcbliche Psilocybe cubensis, ist sie besonders f\u00fcr erfahrene Z\u00fcchter geeignet. Diese Jamaika-Sorte, die oft &#8222;Blue Meanies&#8220; genannt wird, [&hellip;]<\/p>\n","protected":false},"featured_media":46267,"comment_status":"closed","ping_status":"closed","template":"","meta":[],"product_brand":[],"product_cat":[356],"product_tag":[],"class_list":{"0":"post-46587","1":"product","2":"type-product","3":"status-publish","4":"has-post-thumbnail","6":"product_cat-spritzen-fur-flussigkulturen","8":"first","9":"instock","10":"taxable","11":"shipping-taxable","12":"purchasable","13":"product-type-simple"},"yoast_head":"<!-- This site is optimized with the Yoast SEO Premium plugin v26.4 (Yoast SEO v27.2) - https:\/\/yoast.com\/product\/yoast-seo-premium-wordpress\/ -->\n<title>Panaeolus Cyanescens (Jamaika) Fl\u00fcssigkultur Spritze - Dutchmicrodosing<\/title>\n<meta name=\"description\" content=\"Legen Sie los mit der Panaeolus Cyanescens (Jamaica) Fl\u00fcssigkultur-Spritze. Perfekt f\u00fcr fortgeschrittene Z\u00fcchter, die selbst mit powerful.... experimentieren m\u00f6chten.\" \/>\n<meta name=\"robots\" content=\"index, follow, max-snippet:-1, max-image-preview:large, max-video-preview:-1\" \/>\n<link rel=\"canonical\" href=\"https:\/\/dutchmicrodosing.com\/de\/sporen-zauberpilze\/spritzen-fur-flussigkulturen\/panaeolus-cyanescens-jamaica-liquid-culture-spuit\/\" \/>\n<meta property=\"og:locale\" content=\"de_DE\" \/>\n<meta property=\"og:type\" content=\"article\" \/>\n<meta property=\"og:title\" content=\"Panaeolus Cyanescens (Jamaika) Fl\u00fcssigkultur Spritze\" \/>\n<meta property=\"og:description\" content=\"Panaeolus cyanescens &quot;Jamaica&quot; Liquid Culture Syringe ist eine tropische Pilzart, die auch als Copelandia cyanescens bekannt ist. Diese Sorte ist f\u00fcr ihre\" \/>\n<meta property=\"og:url\" content=\"https:\/\/dutchmicrodosing.com\/de\/sporen-zauberpilze\/spritzen-fur-flussigkulturen\/panaeolus-cyanescens-jamaica-liquid-culture-spuit\/\" \/>\n<meta property=\"og:site_name\" content=\"Dutchmicrodosing\" \/>\n<meta property=\"article:publisher\" content=\"https:\/\/www.facebook.com\/Dutchmicrodosingxp\/\" \/>\n<meta property=\"article:modified_time\" content=\"2025-08-18T23:04:16+00:00\" \/>\n<meta property=\"og:image\" content=\"https:\/\/dutchmicrodosing.com\/wp-content\/uploads\/2025\/01\/Philosophr-Liquid-culture-packaging-_2_-1.jpg\" \/>\n\t<meta property=\"og:image:width\" content=\"1512\" \/>\n\t<meta property=\"og:image:height\" content=\"1512\" \/>\n\t<meta property=\"og:image:type\" content=\"image\/jpeg\" \/>\n<meta name=\"twitter:card\" content=\"summary_large_image\" \/>\n<script type=\"application\/ld+json\" class=\"yoast-schema-graph\">{\"@context\":\"https:\/\/schema.org\",\"@graph\":[{\"@type\":\"WebPage\",\"@id\":\"https:\/\/dutchmicrodosing.com\/de\/sporen-zauberpilze\/spritzen-fur-flussigkulturen\/panaeolus-cyanescens-jamaica-liquid-culture-spuit\/\",\"url\":\"https:\/\/dutchmicrodosing.com\/de\/sporen-zauberpilze\/spritzen-fur-flussigkulturen\/panaeolus-cyanescens-jamaica-liquid-culture-spuit\/\",\"name\":\"Panaeolus Cyanescens (Jamaika) Fl\u00fcssigkultur Spritze - Dutchmicrodosing\",\"isPartOf\":{\"@id\":\"https:\/\/dutchmicrodosing.com\/de\/#website\"},\"primaryImageOfPage\":{\"@id\":\"https:\/\/dutchmicrodosing.com\/de\/sporen-zauberpilze\/spritzen-fur-flussigkulturen\/panaeolus-cyanescens-jamaica-liquid-culture-spuit\/#primaryimage\"},\"image\":{\"@id\":\"https:\/\/dutchmicrodosing.com\/de\/sporen-zauberpilze\/spritzen-fur-flussigkulturen\/panaeolus-cyanescens-jamaica-liquid-culture-spuit\/#primaryimage\"},\"thumbnailUrl\":\"https:\/\/dutchmicrodosing.com\/wp-content\/uploads\/2025\/01\/Philosophr-Liquid-culture-packaging-_2_-1.jpg\",\"datePublished\":\"2025-03-12T13:43:25+00:00\",\"dateModified\":\"2025-08-18T23:04:16+00:00\",\"description\":\"Legen Sie los mit der Panaeolus Cyanescens (Jamaica) Fl\u00fcssigkultur-Spritze. Perfekt f\u00fcr fortgeschrittene Z\u00fcchter, die selbst mit powerful.... experimentieren m\u00f6chten.\",\"breadcrumb\":{\"@id\":\"https:\/\/dutchmicrodosing.com\/de\/sporen-zauberpilze\/spritzen-fur-flussigkulturen\/panaeolus-cyanescens-jamaica-liquid-culture-spuit\/#breadcrumb\"},\"inLanguage\":\"de\",\"potentialAction\":[{\"@type\":\"ReadAction\",\"target\":[\"https:\/\/dutchmicrodosing.com\/de\/sporen-zauberpilze\/spritzen-fur-flussigkulturen\/panaeolus-cyanescens-jamaica-liquid-culture-spuit\/\"]}]},{\"@type\":\"ImageObject\",\"inLanguage\":\"de\",\"@id\":\"https:\/\/dutchmicrodosing.com\/de\/sporen-zauberpilze\/spritzen-fur-flussigkulturen\/panaeolus-cyanescens-jamaica-liquid-culture-spuit\/#primaryimage\",\"url\":\"https:\/\/dutchmicrodosing.com\/wp-content\/uploads\/2025\/01\/Philosophr-Liquid-culture-packaging-_2_-1.jpg\",\"contentUrl\":\"https:\/\/dutchmicrodosing.com\/wp-content\/uploads\/2025\/01\/Philosophr-Liquid-culture-packaging-_2_-1.jpg\",\"width\":1512,\"height\":1512},{\"@type\":\"BreadcrumbList\",\"@id\":\"https:\/\/dutchmicrodosing.com\/de\/sporen-zauberpilze\/spritzen-fur-flussigkulturen\/panaeolus-cyanescens-jamaica-liquid-culture-spuit\/#breadcrumb\",\"itemListElement\":[{\"@type\":\"ListItem\",\"position\":1,\"name\":\"Home\",\"item\":\"https:\/\/dutchmicrodosing.com\/de\/\"},{\"@type\":\"ListItem\",\"position\":2,\"name\":\"Shop\",\"item\":\"https:\/\/dutchmicrodosing.com\/de\/shop\/\"},{\"@type\":\"ListItem\",\"position\":3,\"name\":\"Panaeolus Cyanescens (Jamaika) Fl\u00fcssigkultur Spritze\"}]},{\"@type\":\"WebSite\",\"@id\":\"https:\/\/dutchmicrodosing.com\/de\/#website\",\"url\":\"https:\/\/dutchmicrodosing.com\/de\/\",\"name\":\"Dutchmicrodosing\",\"description\":\"\",\"publisher\":{\"@id\":\"https:\/\/dutchmicrodosing.com\/de\/#organization\"},\"potentialAction\":[{\"@type\":\"SearchAction\",\"target\":{\"@type\":\"EntryPoint\",\"urlTemplate\":\"https:\/\/dutchmicrodosing.com\/de\/?s={search_term_string}\"},\"query-input\":{\"@type\":\"PropertyValueSpecification\",\"valueRequired\":true,\"valueName\":\"search_term_string\"}}],\"inLanguage\":\"de\"},{\"@type\":\"Organization\",\"@id\":\"https:\/\/dutchmicrodosing.com\/de\/#organization\",\"name\":\"Dutchmicrodosing\",\"url\":\"https:\/\/dutchmicrodosing.com\/de\/\",\"logo\":{\"@type\":\"ImageObject\",\"inLanguage\":\"de\",\"@id\":\"https:\/\/dutchmicrodosing.com\/de\/#\/schema\/logo\/image\/\",\"url\":\"https:\/\/dutchmicrodosing.com\/wp-content\/uploads\/2021\/01\/microdosing-categorie-pic-nieuw.jpg\",\"contentUrl\":\"https:\/\/dutchmicrodosing.com\/wp-content\/uploads\/2021\/01\/microdosing-categorie-pic-nieuw.jpg\",\"width\":500,\"height\":500,\"caption\":\"Dutchmicrodosing\"},\"image\":{\"@id\":\"https:\/\/dutchmicrodosing.com\/de\/#\/schema\/logo\/image\/\"},\"sameAs\":[\"https:\/\/www.facebook.com\/Dutchmicrodosingxp\/\",\"https:\/\/www.instagram.com\/dutchmicrodosing\/\"]}]}<\/script>\n<meta property=\"product:price:amount\" content=\"18.95\" \/>\n<meta property=\"product:price:currency\" content=\"EUR\" \/>\n<meta property=\"og:availability\" content=\"instock\" \/>\n<meta property=\"product:availability\" content=\"instock\" \/>\n<meta property=\"product:retailer_item_id\" content=\"5203717\" \/>\n<meta property=\"product:condition\" content=\"new\" \/>\n<!-- \/ Yoast SEO Premium plugin. -->","yoast_head_json":{"title":"Panaeolus Cyanescens (Jamaika) Fl\u00fcssigkultur Spritze - Dutchmicrodosing","description":"Legen Sie los mit der Panaeolus Cyanescens (Jamaica) Fl\u00fcssigkultur-Spritze. Perfekt f\u00fcr fortgeschrittene Z\u00fcchter, die selbst mit powerful.... experimentieren m\u00f6chten.","robots":{"index":"index","follow":"follow","max-snippet":"max-snippet:-1","max-image-preview":"max-image-preview:large","max-video-preview":"max-video-preview:-1"},"canonical":"https:\/\/dutchmicrodosing.com\/de\/sporen-zauberpilze\/spritzen-fur-flussigkulturen\/panaeolus-cyanescens-jamaica-liquid-culture-spuit\/","og_locale":"de_DE","og_type":"article","og_title":"Panaeolus Cyanescens (Jamaika) Fl\u00fcssigkultur Spritze","og_description":"Panaeolus cyanescens \"Jamaica\" Liquid Culture Syringe ist eine tropische Pilzart, die auch als Copelandia cyanescens bekannt ist. Diese Sorte ist f\u00fcr ihre","og_url":"https:\/\/dutchmicrodosing.com\/de\/sporen-zauberpilze\/spritzen-fur-flussigkulturen\/panaeolus-cyanescens-jamaica-liquid-culture-spuit\/","og_site_name":"Dutchmicrodosing","article_publisher":"https:\/\/www.facebook.com\/Dutchmicrodosingxp\/","article_modified_time":"2025-08-18T23:04:16+00:00","og_image":[{"width":1512,"height":1512,"url":"https:\/\/dutchmicrodosing.com\/wp-content\/uploads\/2025\/01\/Philosophr-Liquid-culture-packaging-_2_-1.jpg","type":"image\/jpeg"}],"twitter_card":"summary_large_image","schema":{"@context":"https:\/\/schema.org","@graph":[{"@type":"WebPage","@id":"https:\/\/dutchmicrodosing.com\/de\/sporen-zauberpilze\/spritzen-fur-flussigkulturen\/panaeolus-cyanescens-jamaica-liquid-culture-spuit\/","url":"https:\/\/dutchmicrodosing.com\/de\/sporen-zauberpilze\/spritzen-fur-flussigkulturen\/panaeolus-cyanescens-jamaica-liquid-culture-spuit\/","name":"Panaeolus Cyanescens (Jamaika) Fl\u00fcssigkultur Spritze - Dutchmicrodosing","isPartOf":{"@id":"https:\/\/dutchmicrodosing.com\/de\/#website"},"primaryImageOfPage":{"@id":"https:\/\/dutchmicrodosing.com\/de\/sporen-zauberpilze\/spritzen-fur-flussigkulturen\/panaeolus-cyanescens-jamaica-liquid-culture-spuit\/#primaryimage"},"image":{"@id":"https:\/\/dutchmicrodosing.com\/de\/sporen-zauberpilze\/spritzen-fur-flussigkulturen\/panaeolus-cyanescens-jamaica-liquid-culture-spuit\/#primaryimage"},"thumbnailUrl":"https:\/\/dutchmicrodosing.com\/wp-content\/uploads\/2025\/01\/Philosophr-Liquid-culture-packaging-_2_-1.jpg","datePublished":"2025-03-12T13:43:25+00:00","dateModified":"2025-08-18T23:04:16+00:00","description":"Legen Sie los mit der Panaeolus Cyanescens (Jamaica) Fl\u00fcssigkultur-Spritze. Perfekt f\u00fcr fortgeschrittene Z\u00fcchter, die selbst mit powerful.... experimentieren m\u00f6chten.","breadcrumb":{"@id":"https:\/\/dutchmicrodosing.com\/de\/sporen-zauberpilze\/spritzen-fur-flussigkulturen\/panaeolus-cyanescens-jamaica-liquid-culture-spuit\/#breadcrumb"},"inLanguage":"de","potentialAction":[{"@type":"ReadAction","target":["https:\/\/dutchmicrodosing.com\/de\/sporen-zauberpilze\/spritzen-fur-flussigkulturen\/panaeolus-cyanescens-jamaica-liquid-culture-spuit\/"]}]},{"@type":"ImageObject","inLanguage":"de","@id":"https:\/\/dutchmicrodosing.com\/de\/sporen-zauberpilze\/spritzen-fur-flussigkulturen\/panaeolus-cyanescens-jamaica-liquid-culture-spuit\/#primaryimage","url":"https:\/\/dutchmicrodosing.com\/wp-content\/uploads\/2025\/01\/Philosophr-Liquid-culture-packaging-_2_-1.jpg","contentUrl":"https:\/\/dutchmicrodosing.com\/wp-content\/uploads\/2025\/01\/Philosophr-Liquid-culture-packaging-_2_-1.jpg","width":1512,"height":1512},{"@type":"BreadcrumbList","@id":"https:\/\/dutchmicrodosing.com\/de\/sporen-zauberpilze\/spritzen-fur-flussigkulturen\/panaeolus-cyanescens-jamaica-liquid-culture-spuit\/#breadcrumb","itemListElement":[{"@type":"ListItem","position":1,"name":"Home","item":"https:\/\/dutchmicrodosing.com\/de\/"},{"@type":"ListItem","position":2,"name":"Shop","item":"https:\/\/dutchmicrodosing.com\/de\/shop\/"},{"@type":"ListItem","position":3,"name":"Panaeolus Cyanescens (Jamaika) Fl\u00fcssigkultur Spritze"}]},{"@type":"WebSite","@id":"https:\/\/dutchmicrodosing.com\/de\/#website","url":"https:\/\/dutchmicrodosing.com\/de\/","name":"Dutchmicrodosing","description":"","publisher":{"@id":"https:\/\/dutchmicrodosing.com\/de\/#organization"},"potentialAction":[{"@type":"SearchAction","target":{"@type":"EntryPoint","urlTemplate":"https:\/\/dutchmicrodosing.com\/de\/?s={search_term_string}"},"query-input":{"@type":"PropertyValueSpecification","valueRequired":true,"valueName":"search_term_string"}}],"inLanguage":"de"},{"@type":"Organization","@id":"https:\/\/dutchmicrodosing.com\/de\/#organization","name":"Dutchmicrodosing","url":"https:\/\/dutchmicrodosing.com\/de\/","logo":{"@type":"ImageObject","inLanguage":"de","@id":"https:\/\/dutchmicrodosing.com\/de\/#\/schema\/logo\/image\/","url":"https:\/\/dutchmicrodosing.com\/wp-content\/uploads\/2021\/01\/microdosing-categorie-pic-nieuw.jpg","contentUrl":"https:\/\/dutchmicrodosing.com\/wp-content\/uploads\/2021\/01\/microdosing-categorie-pic-nieuw.jpg","width":500,"height":500,"caption":"Dutchmicrodosing"},"image":{"@id":"https:\/\/dutchmicrodosing.com\/de\/#\/schema\/logo\/image\/"},"sameAs":["https:\/\/www.facebook.com\/Dutchmicrodosingxp\/","https:\/\/www.instagram.com\/dutchmicrodosing\/"]}]},"product_price_amount":"18.95","product_price_currency":"EUR","og_availability":"instock","product_availability":"instock","product_retailer_item_id":"5203717","product_condition":"new"},"_links":{"self":[{"href":"https:\/\/dutchmicrodosing.com\/de\/wp-json\/wp\/v2\/product\/46587","targetHints":{"allow":["GET"]}}],"collection":[{"href":"https:\/\/dutchmicrodosing.com\/de\/wp-json\/wp\/v2\/product"}],"about":[{"href":"https:\/\/dutchmicrodosing.com\/de\/wp-json\/wp\/v2\/types\/product"}],"replies":[{"embeddable":true,"href":"https:\/\/dutchmicrodosing.com\/de\/wp-json\/wp\/v2\/comments?post=46587"}],"version-history":[{"count":0,"href":"https:\/\/dutchmicrodosing.com\/de\/wp-json\/wp\/v2\/product\/46587\/revisions"}],"wp:featuredmedia":[{"embeddable":true,"href":"https:\/\/dutchmicrodosing.com\/de\/wp-json\/wp\/v2\/media\/46267"}],"wp:attachment":[{"href":"https:\/\/dutchmicrodosing.com\/de\/wp-json\/wp\/v2\/media?parent=46587"}],"wp:term":[{"taxonomy":"product_brand","embeddable":true,"href":"https:\/\/dutchmicrodosing.com\/de\/wp-json\/wp\/v2\/product_brand?post=46587"},{"taxonomy":"product_cat","embeddable":true,"href":"https:\/\/dutchmicrodosing.com\/de\/wp-json\/wp\/v2\/product_cat?post=46587"},{"taxonomy":"product_tag","embeddable":true,"href":"https:\/\/dutchmicrodosing.com\/de\/wp-json\/wp\/v2\/product_tag?post=46587"}],"curies":[{"name":"wp","href":"https:\/\/api.w.org\/{rel}","templated":true}]}}