{"id":46786,"date":"2025-03-26T12:50:16","date_gmt":"2025-03-26T11:50:16","guid":{"rendered":"https:\/\/dutchmicrodosing.com\/shop\/unkategorisiert\/copelandia-hawaiian-paddo-kweekset\/"},"modified":"2025-08-18T16:22:01","modified_gmt":"2025-08-18T14:22:01","slug":"copelandia-hawaiian-paddo-kweekset","status":"publish","type":"product","link":"https:\/\/dutchmicrodosing.com\/de\/zauberpilze-zuchtsets\/spezielle-pilz-growkits\/copelandia-hawaiian-pilzzuchtset\/","title":{"rendered":"Copelandia Hawaiian Mushroom Grow Kit"},"content":{"rendered":"<p>Holen Sie sich ein einzigartiges Zuchterlebnis mit dem <strong>Copelandia Hawaiian Mushroom Grow Kit <\/strong>. Dieses Pilzzucht-Set wurde speziell f\u00fcr Liebhaber entwickelt, die eine etwas gr\u00f6\u00dfere Herausforderung suchen. Copelandia ist f\u00fcr ihren intensiveren Charakter bekannt als z.B. die beliebte Psilocybe cubensis und erfordert ein wenig mehr Aufmerksamkeit bei der Pflege. Aber das Ergebnis ist es wert!<\/p>\n<p>Im Vergleich zu Psilocybe cubensis enth\u00e4lt Copelandia Madagascar im Durchschnitt bis zu 3 Mal mehr aktive Verbindungen pro Gramm (wie Psilocin und Psilocybin). Das bedeutet, dass Sie eine viel niedrigere Dosis f\u00fcr eine \u00e4hnliche Erfahrung ben\u00f6tigen.<\/p>\n<h3>Eigenschaften<\/h3>\n<ul>\n<li>Geeignet f\u00fcr erfahrene Z\u00fcchter<\/li>\n<li>Enth\u00e4lt die Art Copelandia (Panaeolus) cyanescens<\/li>\n<li>W\u00e4chst nicht auf die gleiche Weise wie die cubensis-Arten: erfordert einen etwas anderen Ansatz<\/li>\n<li>Inklusive komplettem Anbauset: Substratbox, Anzuchttasche und B\u00fcroklammer<\/li>\n<li>Ertrag in mehreren Sp\u00fclungen bei richtiger Pflege m\u00f6glich<\/li>\n<\/ul>\n<h3>Zutaten und\/oder Zusammensetzung<\/h3>\n<p>Das Kit besteht aus einem 1200cc Substratkit, das mit Copelandia-Myzel besiedelt ist, einem Kulturbeutel mit Filter und einem Befestigungsclip.<\/p>\n<h3>Verwenden Sie<\/h3>\n<p>Dieses Anzuchtset erfordert eine etwas andere Herangehensweise als herk\u00f6mmliche Pilzanbausets. Es ist wichtig, dass Sie die Anweisungen sorgf\u00e4ltig befolgen:<\/p>\n<p><strong>DOWNLOAD HIER: <\/strong><span style=\"text-decoration: underline;color: #490bfa\"><a style=\"color: #490bfa;text-decoration: underline\" href=\"https:\/\/dutchmicrodosing.com\/wp-content\/uploads\/2025\/04\/instructies-Copelandia-NED-New.pdf\" target=\"_blank\" rel=\"noopener\">Anleitung Copelandia Hawaiian grow kit<\/a><\/span><\/p>\n<h3>Inhalt<\/h3>\n<ul>\n<li>1200cc Grow Kit mit Substrat und Copelandia Hawaiian Mycelium<\/li>\n<li>Anzuchtbeutel mit Luftfilter<\/li>\n<li>B\u00fcroklammer zum Verschlie\u00dfen der T\u00fcte<\/li>\n<li>Ausf\u00fchrliches Handbuch<\/li>\n<\/ul>\n","protected":false},"excerpt":{"rendered":"<p>Holen Sie sich ein einzigartiges Zuchterlebnis mit dem Copelandia Hawaiian Mushroom Grow Kit . Dieses Pilzzucht-Set wurde speziell f\u00fcr Liebhaber entwickelt, die eine etwas gr\u00f6\u00dfere Herausforderung suchen. Copelandia ist f\u00fcr ihren intensiveren Charakter bekannt als z.B. die beliebte Psilocybe cubensis und erfordert ein wenig mehr Aufmerksamkeit bei der Pflege. Aber das Ergebnis ist es wert! [&hellip;]<\/p>\n","protected":false},"featured_media":46779,"comment_status":"closed","ping_status":"closed","template":"","meta":[],"product_brand":[],"product_cat":[409],"product_tag":[],"class_list":{"0":"post-46786","1":"product","2":"type-product","3":"status-publish","4":"has-post-thumbnail","6":"product_cat-spezielle-pilz-growkits","8":"first","9":"instock","10":"taxable","11":"shipping-taxable","12":"purchasable","13":"product-type-simple"},"yoast_head":"<!-- This site is optimized with the Yoast SEO Premium plugin v26.4 (Yoast SEO v27.2) - https:\/\/yoast.com\/product\/yoast-seo-premium-wordpress\/ -->\n<title>Copelandia Hawaiian Mushroom Grow Kit - Dutchmicrodosing<\/title>\n<meta name=\"description\" content=\"Z\u00fcchten Sie selbst exotische hawaiianische Copelandia-Pilze mit diesem 1200 cc Grow-Kit. Perfekt f\u00fcr den erfahrenen Z\u00fcchter, der nach einer intensiveren Sorte sucht,...\" \/>\n<meta name=\"robots\" content=\"index, follow, max-snippet:-1, max-image-preview:large, max-video-preview:-1\" \/>\n<link rel=\"canonical\" href=\"https:\/\/dutchmicrodosing.com\/de\/zauberpilze-zuchtsets\/spezielle-pilz-growkits\/copelandia-hawaiian-pilzzuchtset\/\" \/>\n<meta property=\"og:locale\" content=\"de_DE\" \/>\n<meta property=\"og:type\" content=\"article\" \/>\n<meta property=\"og:title\" content=\"Copelandia Hawaiian Mushroom Grow Kit\" \/>\n<meta property=\"og:description\" content=\"Holen Sie sich ein einzigartiges Zuchterlebnis mit dem Copelandia Hawaiian Mushroom Grow Kit . Dieses Pilzzucht-Set wurde speziell f\u00fcr Liebhaber\" \/>\n<meta property=\"og:url\" content=\"https:\/\/dutchmicrodosing.com\/de\/zauberpilze-zuchtsets\/spezielle-pilz-growkits\/copelandia-hawaiian-pilzzuchtset\/\" \/>\n<meta property=\"og:site_name\" content=\"Dutchmicrodosing\" \/>\n<meta property=\"article:publisher\" content=\"https:\/\/www.facebook.com\/Dutchmicrodosingxp\/\" \/>\n<meta property=\"article:modified_time\" content=\"2025-08-18T14:22:01+00:00\" \/>\n<meta property=\"og:image\" content=\"https:\/\/dutchmicrodosing.com\/wp-content\/uploads\/2025\/03\/2375-2284.jpg\" \/>\n\t<meta property=\"og:image:width\" content=\"300\" \/>\n\t<meta property=\"og:image:height\" content=\"300\" \/>\n\t<meta property=\"og:image:type\" content=\"image\/jpeg\" \/>\n<meta name=\"twitter:card\" content=\"summary_large_image\" \/>\n<script type=\"application\/ld+json\" class=\"yoast-schema-graph\">{\"@context\":\"https:\/\/schema.org\",\"@graph\":[{\"@type\":\"WebPage\",\"@id\":\"https:\/\/dutchmicrodosing.com\/de\/zauberpilze-zuchtsets\/spezielle-pilz-growkits\/copelandia-hawaiian-pilzzuchtset\/\",\"url\":\"https:\/\/dutchmicrodosing.com\/de\/zauberpilze-zuchtsets\/spezielle-pilz-growkits\/copelandia-hawaiian-pilzzuchtset\/\",\"name\":\"Copelandia Hawaiian Mushroom Grow Kit - Dutchmicrodosing\",\"isPartOf\":{\"@id\":\"https:\/\/dutchmicrodosing.com\/de\/#website\"},\"primaryImageOfPage\":{\"@id\":\"https:\/\/dutchmicrodosing.com\/de\/zauberpilze-zuchtsets\/spezielle-pilz-growkits\/copelandia-hawaiian-pilzzuchtset\/#primaryimage\"},\"image\":{\"@id\":\"https:\/\/dutchmicrodosing.com\/de\/zauberpilze-zuchtsets\/spezielle-pilz-growkits\/copelandia-hawaiian-pilzzuchtset\/#primaryimage\"},\"thumbnailUrl\":\"https:\/\/dutchmicrodosing.com\/wp-content\/uploads\/2025\/03\/2375-2284.jpg\",\"datePublished\":\"2025-03-26T11:50:16+00:00\",\"dateModified\":\"2025-08-18T14:22:01+00:00\",\"description\":\"Z\u00fcchten Sie selbst exotische hawaiianische Copelandia-Pilze mit diesem 1200 cc Grow-Kit. Perfekt f\u00fcr den erfahrenen Z\u00fcchter, der nach einer intensiveren Sorte sucht,...\",\"breadcrumb\":{\"@id\":\"https:\/\/dutchmicrodosing.com\/de\/zauberpilze-zuchtsets\/spezielle-pilz-growkits\/copelandia-hawaiian-pilzzuchtset\/#breadcrumb\"},\"inLanguage\":\"de\",\"potentialAction\":[{\"@type\":\"ReadAction\",\"target\":[\"https:\/\/dutchmicrodosing.com\/de\/zauberpilze-zuchtsets\/spezielle-pilz-growkits\/copelandia-hawaiian-pilzzuchtset\/\"]}]},{\"@type\":\"ImageObject\",\"inLanguage\":\"de\",\"@id\":\"https:\/\/dutchmicrodosing.com\/de\/zauberpilze-zuchtsets\/spezielle-pilz-growkits\/copelandia-hawaiian-pilzzuchtset\/#primaryimage\",\"url\":\"https:\/\/dutchmicrodosing.com\/wp-content\/uploads\/2025\/03\/2375-2284.jpg\",\"contentUrl\":\"https:\/\/dutchmicrodosing.com\/wp-content\/uploads\/2025\/03\/2375-2284.jpg\",\"width\":300,\"height\":300},{\"@type\":\"BreadcrumbList\",\"@id\":\"https:\/\/dutchmicrodosing.com\/de\/zauberpilze-zuchtsets\/spezielle-pilz-growkits\/copelandia-hawaiian-pilzzuchtset\/#breadcrumb\",\"itemListElement\":[{\"@type\":\"ListItem\",\"position\":1,\"name\":\"Home\",\"item\":\"https:\/\/dutchmicrodosing.com\/de\/\"},{\"@type\":\"ListItem\",\"position\":2,\"name\":\"Shop\",\"item\":\"https:\/\/dutchmicrodosing.com\/de\/shop\/\"},{\"@type\":\"ListItem\",\"position\":3,\"name\":\"Copelandia Hawaiian Mushroom Grow Kit\"}]},{\"@type\":\"WebSite\",\"@id\":\"https:\/\/dutchmicrodosing.com\/de\/#website\",\"url\":\"https:\/\/dutchmicrodosing.com\/de\/\",\"name\":\"Dutchmicrodosing\",\"description\":\"\",\"publisher\":{\"@id\":\"https:\/\/dutchmicrodosing.com\/de\/#organization\"},\"potentialAction\":[{\"@type\":\"SearchAction\",\"target\":{\"@type\":\"EntryPoint\",\"urlTemplate\":\"https:\/\/dutchmicrodosing.com\/de\/?s={search_term_string}\"},\"query-input\":{\"@type\":\"PropertyValueSpecification\",\"valueRequired\":true,\"valueName\":\"search_term_string\"}}],\"inLanguage\":\"de\"},{\"@type\":\"Organization\",\"@id\":\"https:\/\/dutchmicrodosing.com\/de\/#organization\",\"name\":\"Dutchmicrodosing\",\"url\":\"https:\/\/dutchmicrodosing.com\/de\/\",\"logo\":{\"@type\":\"ImageObject\",\"inLanguage\":\"de\",\"@id\":\"https:\/\/dutchmicrodosing.com\/de\/#\/schema\/logo\/image\/\",\"url\":\"https:\/\/dutchmicrodosing.com\/wp-content\/uploads\/2021\/01\/microdosing-categorie-pic-nieuw.jpg\",\"contentUrl\":\"https:\/\/dutchmicrodosing.com\/wp-content\/uploads\/2021\/01\/microdosing-categorie-pic-nieuw.jpg\",\"width\":500,\"height\":500,\"caption\":\"Dutchmicrodosing\"},\"image\":{\"@id\":\"https:\/\/dutchmicrodosing.com\/de\/#\/schema\/logo\/image\/\"},\"sameAs\":[\"https:\/\/www.facebook.com\/Dutchmicrodosingxp\/\",\"https:\/\/www.instagram.com\/dutchmicrodosing\/\"]}]}<\/script>\n<meta property=\"product:price:amount\" content=\"63.95\" \/>\n<meta property=\"product:price:currency\" content=\"EUR\" \/>\n<meta property=\"og:availability\" content=\"instock\" \/>\n<meta property=\"product:availability\" content=\"instock\" \/>\n<meta property=\"product:retailer_item_id\" content=\"0201891\" \/>\n<meta property=\"product:condition\" content=\"new\" \/>\n<!-- \/ Yoast SEO Premium plugin. -->","yoast_head_json":{"title":"Copelandia Hawaiian Mushroom Grow Kit - Dutchmicrodosing","description":"Z\u00fcchten Sie selbst exotische hawaiianische Copelandia-Pilze mit diesem 1200 cc Grow-Kit. Perfekt f\u00fcr den erfahrenen Z\u00fcchter, der nach einer intensiveren Sorte sucht,...","robots":{"index":"index","follow":"follow","max-snippet":"max-snippet:-1","max-image-preview":"max-image-preview:large","max-video-preview":"max-video-preview:-1"},"canonical":"https:\/\/dutchmicrodosing.com\/de\/zauberpilze-zuchtsets\/spezielle-pilz-growkits\/copelandia-hawaiian-pilzzuchtset\/","og_locale":"de_DE","og_type":"article","og_title":"Copelandia Hawaiian Mushroom Grow Kit","og_description":"Holen Sie sich ein einzigartiges Zuchterlebnis mit dem Copelandia Hawaiian Mushroom Grow Kit . Dieses Pilzzucht-Set wurde speziell f\u00fcr Liebhaber","og_url":"https:\/\/dutchmicrodosing.com\/de\/zauberpilze-zuchtsets\/spezielle-pilz-growkits\/copelandia-hawaiian-pilzzuchtset\/","og_site_name":"Dutchmicrodosing","article_publisher":"https:\/\/www.facebook.com\/Dutchmicrodosingxp\/","article_modified_time":"2025-08-18T14:22:01+00:00","og_image":[{"width":300,"height":300,"url":"https:\/\/dutchmicrodosing.com\/wp-content\/uploads\/2025\/03\/2375-2284.jpg","type":"image\/jpeg"}],"twitter_card":"summary_large_image","schema":{"@context":"https:\/\/schema.org","@graph":[{"@type":"WebPage","@id":"https:\/\/dutchmicrodosing.com\/de\/zauberpilze-zuchtsets\/spezielle-pilz-growkits\/copelandia-hawaiian-pilzzuchtset\/","url":"https:\/\/dutchmicrodosing.com\/de\/zauberpilze-zuchtsets\/spezielle-pilz-growkits\/copelandia-hawaiian-pilzzuchtset\/","name":"Copelandia Hawaiian Mushroom Grow Kit - Dutchmicrodosing","isPartOf":{"@id":"https:\/\/dutchmicrodosing.com\/de\/#website"},"primaryImageOfPage":{"@id":"https:\/\/dutchmicrodosing.com\/de\/zauberpilze-zuchtsets\/spezielle-pilz-growkits\/copelandia-hawaiian-pilzzuchtset\/#primaryimage"},"image":{"@id":"https:\/\/dutchmicrodosing.com\/de\/zauberpilze-zuchtsets\/spezielle-pilz-growkits\/copelandia-hawaiian-pilzzuchtset\/#primaryimage"},"thumbnailUrl":"https:\/\/dutchmicrodosing.com\/wp-content\/uploads\/2025\/03\/2375-2284.jpg","datePublished":"2025-03-26T11:50:16+00:00","dateModified":"2025-08-18T14:22:01+00:00","description":"Z\u00fcchten Sie selbst exotische hawaiianische Copelandia-Pilze mit diesem 1200 cc Grow-Kit. Perfekt f\u00fcr den erfahrenen Z\u00fcchter, der nach einer intensiveren Sorte sucht,...","breadcrumb":{"@id":"https:\/\/dutchmicrodosing.com\/de\/zauberpilze-zuchtsets\/spezielle-pilz-growkits\/copelandia-hawaiian-pilzzuchtset\/#breadcrumb"},"inLanguage":"de","potentialAction":[{"@type":"ReadAction","target":["https:\/\/dutchmicrodosing.com\/de\/zauberpilze-zuchtsets\/spezielle-pilz-growkits\/copelandia-hawaiian-pilzzuchtset\/"]}]},{"@type":"ImageObject","inLanguage":"de","@id":"https:\/\/dutchmicrodosing.com\/de\/zauberpilze-zuchtsets\/spezielle-pilz-growkits\/copelandia-hawaiian-pilzzuchtset\/#primaryimage","url":"https:\/\/dutchmicrodosing.com\/wp-content\/uploads\/2025\/03\/2375-2284.jpg","contentUrl":"https:\/\/dutchmicrodosing.com\/wp-content\/uploads\/2025\/03\/2375-2284.jpg","width":300,"height":300},{"@type":"BreadcrumbList","@id":"https:\/\/dutchmicrodosing.com\/de\/zauberpilze-zuchtsets\/spezielle-pilz-growkits\/copelandia-hawaiian-pilzzuchtset\/#breadcrumb","itemListElement":[{"@type":"ListItem","position":1,"name":"Home","item":"https:\/\/dutchmicrodosing.com\/de\/"},{"@type":"ListItem","position":2,"name":"Shop","item":"https:\/\/dutchmicrodosing.com\/de\/shop\/"},{"@type":"ListItem","position":3,"name":"Copelandia Hawaiian Mushroom Grow Kit"}]},{"@type":"WebSite","@id":"https:\/\/dutchmicrodosing.com\/de\/#website","url":"https:\/\/dutchmicrodosing.com\/de\/","name":"Dutchmicrodosing","description":"","publisher":{"@id":"https:\/\/dutchmicrodosing.com\/de\/#organization"},"potentialAction":[{"@type":"SearchAction","target":{"@type":"EntryPoint","urlTemplate":"https:\/\/dutchmicrodosing.com\/de\/?s={search_term_string}"},"query-input":{"@type":"PropertyValueSpecification","valueRequired":true,"valueName":"search_term_string"}}],"inLanguage":"de"},{"@type":"Organization","@id":"https:\/\/dutchmicrodosing.com\/de\/#organization","name":"Dutchmicrodosing","url":"https:\/\/dutchmicrodosing.com\/de\/","logo":{"@type":"ImageObject","inLanguage":"de","@id":"https:\/\/dutchmicrodosing.com\/de\/#\/schema\/logo\/image\/","url":"https:\/\/dutchmicrodosing.com\/wp-content\/uploads\/2021\/01\/microdosing-categorie-pic-nieuw.jpg","contentUrl":"https:\/\/dutchmicrodosing.com\/wp-content\/uploads\/2021\/01\/microdosing-categorie-pic-nieuw.jpg","width":500,"height":500,"caption":"Dutchmicrodosing"},"image":{"@id":"https:\/\/dutchmicrodosing.com\/de\/#\/schema\/logo\/image\/"},"sameAs":["https:\/\/www.facebook.com\/Dutchmicrodosingxp\/","https:\/\/www.instagram.com\/dutchmicrodosing\/"]}]},"product_price_amount":"63.95","product_price_currency":"EUR","og_availability":"instock","product_availability":"instock","product_retailer_item_id":"0201891","product_condition":"new"},"_links":{"self":[{"href":"https:\/\/dutchmicrodosing.com\/de\/wp-json\/wp\/v2\/product\/46786","targetHints":{"allow":["GET"]}}],"collection":[{"href":"https:\/\/dutchmicrodosing.com\/de\/wp-json\/wp\/v2\/product"}],"about":[{"href":"https:\/\/dutchmicrodosing.com\/de\/wp-json\/wp\/v2\/types\/product"}],"replies":[{"embeddable":true,"href":"https:\/\/dutchmicrodosing.com\/de\/wp-json\/wp\/v2\/comments?post=46786"}],"version-history":[{"count":0,"href":"https:\/\/dutchmicrodosing.com\/de\/wp-json\/wp\/v2\/product\/46786\/revisions"}],"wp:featuredmedia":[{"embeddable":true,"href":"https:\/\/dutchmicrodosing.com\/de\/wp-json\/wp\/v2\/media\/46779"}],"wp:attachment":[{"href":"https:\/\/dutchmicrodosing.com\/de\/wp-json\/wp\/v2\/media?parent=46786"}],"wp:term":[{"taxonomy":"product_brand","embeddable":true,"href":"https:\/\/dutchmicrodosing.com\/de\/wp-json\/wp\/v2\/product_brand?post=46786"},{"taxonomy":"product_cat","embeddable":true,"href":"https:\/\/dutchmicrodosing.com\/de\/wp-json\/wp\/v2\/product_cat?post=46786"},{"taxonomy":"product_tag","embeddable":true,"href":"https:\/\/dutchmicrodosing.com\/de\/wp-json\/wp\/v2\/product_tag?post=46786"}],"curies":[{"name":"wp","href":"https:\/\/api.w.org\/{rel}","templated":true}]}}