{"id":46971,"date":"2025-04-07T14:39:31","date_gmt":"2025-04-07T12:39:31","guid":{"rendered":"https:\/\/dutchmicrodosing.com\/shop\/unkategorisiert\/mac-galactic-paddo-kweekset\/"},"modified":"2026-02-03T16:39:27","modified_gmt":"2026-02-03T15:39:27","slug":"mac-galactic-paddo-kweekset","status":"publish","type":"product","link":"https:\/\/dutchmicrodosing.com\/de\/zauberpilze-zuchtsets\/mystic-fungi-zuchtset\/mac-galactic-paddo-kweekset\/","title":{"rendered":"Mac Galactic Pilzanbau-Set"},"content":{"rendered":"<p>Das <strong>Mac Galactic Mushroom Grow Kit<\/strong> von Mystic Fungi ist Ihre Eintrittskarte zu einer faszinierenden Anbauerfahrung. Dieses einfach zu handhabende Anzuchtset ist perfekt f\u00fcr alle, die zu Hause ihre eigenen Pilze z\u00fcchten m\u00f6chten, mit zuverl\u00e4ssigen Ertr\u00e4gen und minimalem Aufwand. Ideal f\u00fcr Liebhaber, die ihren eigenen Pilzen beim Wachsen zusehen m\u00f6chten &#8211; vom Anfang bis zur Ernte.<\/p>\n<h3>Eigenschaften<\/h3>\n<ul>\n<li>Schnelles Wachstum: Ihre erste Ernte kann bereits 14 bis 21 Tage nach Aktivierung des Kits sichtbar sein.<\/li>\n<li>Beeindruckende Fr\u00fcchte: Die Pilze wachsen zu kr\u00e4ftigen Stielen mit H\u00fcten, die bis zu 8 cm gro\u00df werden k\u00f6nnen.<\/li>\n<li>Starkes Myzel: Dieser Stamm ist f\u00fcr seine Infektionsresistenz bekannt und liefert stabile Ergebnisse.<\/li>\n<li>Beliebt bei Kennern: Die Mac Galactic geh\u00f6rt zu den st\u00e4rkeren Sorten innerhalb der Psilocybe cubensis Familie.<\/li>\n<\/ul>\n<h3>Zutaten und\/oder Zusammensetzung<\/h3>\n<p>Dieses Kulturkit enth\u00e4lt ein vollst\u00e4ndig kolonisiertes Substrat mit aktivem Myzel, verpackt in einem speziellen Kulturbeutel mit Luftfilter. Alles, was Sie brauchen, ist in der Box enthalten.<\/p>\n<h3>Anleitung f\u00fcr die Einrichtung des Growkits<\/h3>\n<p>Achten Sie darauf, dass Ihr Arbeitsbereich sauber ist, um zu verhindern, dass andere Mikroorganismen Ihr Growkit kontaminieren. Es ist wichtig, hygienisch zu arbeiten. Verwenden Sie zum Bespr\u00fchen und Tr\u00e4nken Ihres Growkits immer sauberes Leitungs- oder Mineralwasser. Verwenden Sie kein destilliertes oder Demi-Wasser, da es nicht geeignet ist.<\/p>\n<ol>\n<li style=\"list-style-type: none;\">\n<ol>\n<li>Nehmen Sie den Beutel aus dem Karton und rollen Sie ihn aus.<\/li>\n<li>\u00d6ffnen Sie den Beutel, indem Sie den luftdichten Clip an der Oberseite entfernen. Versorgen Sie den Beutel mit frischer Luft, indem Sie ihn leicht dehnen, und schlie\u00dfen Sie ihn dann wieder mit dem Clip. Um zu verhindern, dass Pilze an den Seiten des Substrats wachsen, k\u00f6nnen Sie ein Gummiband um die Au\u00dfenseite des Beutels in H\u00f6he der Oberseite Ihres Substrats legen, um die Gefahr von Seitennadeln zu verringern. Platzieren Sie das Gummiband etwa 1,5 cm unterhalb der Oberseite des Substrats.<\/li>\n<li>Behalten Sie das Wachstum im Auge: Behalten Sie den Beutel genau im Auge, wenn die Pilze zu wachsen beginnen. Die ersten beiden Male brauchen Sie nicht zu gie\u00dfen. Sobald sich die H\u00fcte zu \u00f6ffnen beginnen, ist es Zeit zu ernten. Beachten Sie, dass nicht alle Sorten Schleier haben oder Sporen abwerfen.<\/li>\n<li>Ernte: Sorgen Sie vor der Ernte f\u00fcr eine saubere Umgebung, indem Sie Ihre H\u00e4nde mit Alkohol desinfizieren und vorzugsweise Latexhandschuhe tragen. Drehen Sie die Champignons zum Ernten im Uhrzeigersinn. Ernten Sie, sobald sich die H\u00fcte zu \u00f6ffnen beginnen, um eine optimale Wirkung zu erzielen. Die Fr\u00fcchte sind nach zwei bis vier Wochen erntereif, je nach Wachstumsbedingungen und Pilzsorte.<\/li>\n<li>Pflege nach der Ernte: F\u00fcgen Sie nach der Ernte des zweiten Schwalls eine kleine Menge Wasser hinzu (etwa 1\/3 bis zur H\u00f6he des Substrats im Beutel). Verschlie\u00dfen Sie den Beutel wieder mit dem Clip und stellen Sie sicher, dass er luftdicht verschlossen ist. Denken Sie daran, frische Luft zuzuf\u00fchren, indem Sie den Clip entfernen und wieder anbringen. Gie\u00dfen Sie \u00fcbersch\u00fcssiges Wasser weg, wenn es nicht innerhalb von 12 Stunden absorbiert wurde.<\/li>\n<li>Kontrollieren Sie die Temperatur: Achten Sie darauf, dass die Temperatur innerhalb eines Bereichs von 20-25 Grad Celsius (68-77\u00b0F) stabil bleibt, um beste Wachstumsergebnisse zu erzielen. Vermeiden Sie gro\u00dfe Temperaturschwankungen.<\/li>\n<li>Nachfolgende Ernten: Rechnen Sie mit mindestens zwei Ernten aus jedem Beutel, aber es k\u00f6nnen auch drei oder sogar vier Ernten m\u00f6glich sein. Verschlie\u00dfen Sie den Beutel nach jeder Ernte wieder und f\u00fcgen Sie Wasser hinzu, um eine weitere Bl\u00fctezeit zu f\u00f6rdern.<\/li>\n<\/ol>\n<\/li>\n<\/ol>\n<h3>Inhalt<\/h3>\n<ul>\n<li>1 Kulturbeutel von 2000 cc mit vollst\u00e4ndig kolonisiertem Substrat<\/li>\n<li>Luftfilterbeutel<\/li>\n<li>Verriegelungsclip<\/li>\n<li>Ma\u00dfe: 14 x 17 x 10 cm<\/li>\n<\/ul>\n<h3>Hinweise zur Lagerung<\/h3>\n<p>Es ist ratsam, sofort mit dem Anbau zu beginnen, sobald Sie das Anbauset erhalten haben. Wenn Sie sich f\u00fcr einen sp\u00e4teren Start entscheiden, was die Qualit\u00e4t des Kits beeintr\u00e4chtigen kann, k\u00f6nnen Sie das Grow-Kit bis zu 2 Wochen im K\u00fchlschrank aufbewahren (bei Temperaturen zwischen 2\u00b0C und 8\u00b0C). Sie k\u00f6nnen den Beutel mit dem Myzel einfach in der Box lassen und sie in den K\u00fchlschrank stellen. Stellen Sie sicher, dass Ihr K\u00fchlschrank sauber und frei von Schimmel ist. Als zus\u00e4tzliche Vorsichtsma\u00dfnahme k\u00f6nnen Sie das Set in eine saubere Plastikt\u00fcte oder einen Wachstumsbeutel legen.<\/p>\n","protected":false},"excerpt":{"rendered":"<p>Das Mac Galactic Mushroom Grow Kit von Mystic Fungi ist Ihre Eintrittskarte zu einer faszinierenden Anbauerfahrung. Dieses einfach zu handhabende Anzuchtset ist perfekt f\u00fcr alle, die zu Hause ihre eigenen Pilze z\u00fcchten m\u00f6chten, mit zuverl\u00e4ssigen Ertr\u00e4gen und minimalem Aufwand. Ideal f\u00fcr Liebhaber, die ihren eigenen Pilzen beim Wachsen zusehen m\u00f6chten &#8211; vom Anfang bis zur [&hellip;]<\/p>\n","protected":false},"featured_media":46964,"comment_status":"closed","ping_status":"closed","template":"","meta":[],"product_brand":[],"product_cat":[343],"product_tag":[],"class_list":{"0":"post-46971","1":"product","2":"type-product","3":"status-publish","4":"has-post-thumbnail","6":"product_cat-mystic-fungi-zuchtset","8":"first","9":"instock","10":"taxable","11":"shipping-taxable","12":"purchasable","13":"product-type-simple"},"yoast_head":"<!-- This site is optimized with the Yoast SEO Premium plugin v26.4 (Yoast SEO v27.2) - https:\/\/yoast.com\/product\/yoast-seo-premium-wordpress\/ -->\n<title>Mac Galactic Pilzanbau-Set - Dutchmicrodosing<\/title>\n<meta name=\"description\" content=\"Entdecken Sie das Mac Galactic Pilzzucht-Set von Mystic Fungi. Z\u00fcchten Sie mit diesem einfach zu bedienenden Anzuchtset ganz leicht selbst potente Pilze.\" \/>\n<meta name=\"robots\" content=\"index, follow, max-snippet:-1, max-image-preview:large, max-video-preview:-1\" \/>\n<link rel=\"canonical\" href=\"https:\/\/dutchmicrodosing.com\/de\/zauberpilze-zuchtsets\/mystic-fungi-zuchtset\/mac-galactic-paddo-kweekset\/\" \/>\n<meta property=\"og:locale\" content=\"de_DE\" \/>\n<meta property=\"og:type\" content=\"article\" \/>\n<meta property=\"og:title\" content=\"Mac Galactic Pilzanbau-Set\" \/>\n<meta property=\"og:description\" content=\"Das Mac Galactic Mushroom Grow Kit von Mystic Fungi ist Ihre Eintrittskarte zu einer faszinierenden Anbauerfahrung. Dieses einfach zu handhabende\" \/>\n<meta property=\"og:url\" content=\"https:\/\/dutchmicrodosing.com\/de\/zauberpilze-zuchtsets\/mystic-fungi-zuchtset\/mac-galactic-paddo-kweekset\/\" \/>\n<meta property=\"og:site_name\" content=\"Dutchmicrodosing\" \/>\n<meta property=\"article:publisher\" content=\"https:\/\/www.facebook.com\/Dutchmicrodosingxp\/\" \/>\n<meta property=\"article:modified_time\" content=\"2026-02-03T15:39:27+00:00\" \/>\n<meta property=\"og:image\" content=\"https:\/\/dutchmicrodosing.com\/wp-content\/uploads\/2025\/04\/1000016499.jpg\" \/>\n\t<meta property=\"og:image:width\" content=\"1512\" \/>\n\t<meta property=\"og:image:height\" content=\"1512\" \/>\n\t<meta property=\"og:image:type\" content=\"image\/jpeg\" \/>\n<meta name=\"twitter:card\" content=\"summary_large_image\" \/>\n<script type=\"application\/ld+json\" class=\"yoast-schema-graph\">{\"@context\":\"https:\/\/schema.org\",\"@graph\":[{\"@type\":\"WebPage\",\"@id\":\"https:\/\/dutchmicrodosing.com\/de\/zauberpilze-zuchtsets\/mystic-fungi-zuchtset\/mac-galactic-paddo-kweekset\/\",\"url\":\"https:\/\/dutchmicrodosing.com\/de\/zauberpilze-zuchtsets\/mystic-fungi-zuchtset\/mac-galactic-paddo-kweekset\/\",\"name\":\"Mac Galactic Pilzanbau-Set - Dutchmicrodosing\",\"isPartOf\":{\"@id\":\"https:\/\/dutchmicrodosing.com\/de\/#website\"},\"primaryImageOfPage\":{\"@id\":\"https:\/\/dutchmicrodosing.com\/de\/zauberpilze-zuchtsets\/mystic-fungi-zuchtset\/mac-galactic-paddo-kweekset\/#primaryimage\"},\"image\":{\"@id\":\"https:\/\/dutchmicrodosing.com\/de\/zauberpilze-zuchtsets\/mystic-fungi-zuchtset\/mac-galactic-paddo-kweekset\/#primaryimage\"},\"thumbnailUrl\":\"https:\/\/dutchmicrodosing.com\/wp-content\/uploads\/2025\/04\/1000016499.jpg\",\"datePublished\":\"2025-04-07T12:39:31+00:00\",\"dateModified\":\"2026-02-03T15:39:27+00:00\",\"description\":\"Entdecken Sie das Mac Galactic Pilzzucht-Set von Mystic Fungi. Z\u00fcchten Sie mit diesem einfach zu bedienenden Anzuchtset ganz leicht selbst potente Pilze.\",\"breadcrumb\":{\"@id\":\"https:\/\/dutchmicrodosing.com\/de\/zauberpilze-zuchtsets\/mystic-fungi-zuchtset\/mac-galactic-paddo-kweekset\/#breadcrumb\"},\"inLanguage\":\"de\",\"potentialAction\":[{\"@type\":\"ReadAction\",\"target\":[\"https:\/\/dutchmicrodosing.com\/de\/zauberpilze-zuchtsets\/mystic-fungi-zuchtset\/mac-galactic-paddo-kweekset\/\"]}]},{\"@type\":\"ImageObject\",\"inLanguage\":\"de\",\"@id\":\"https:\/\/dutchmicrodosing.com\/de\/zauberpilze-zuchtsets\/mystic-fungi-zuchtset\/mac-galactic-paddo-kweekset\/#primaryimage\",\"url\":\"https:\/\/dutchmicrodosing.com\/wp-content\/uploads\/2025\/04\/1000016499.jpg\",\"contentUrl\":\"https:\/\/dutchmicrodosing.com\/wp-content\/uploads\/2025\/04\/1000016499.jpg\",\"width\":1512,\"height\":1512,\"caption\":\"Mac Galactic Pilzanbau-Set\"},{\"@type\":\"BreadcrumbList\",\"@id\":\"https:\/\/dutchmicrodosing.com\/de\/zauberpilze-zuchtsets\/mystic-fungi-zuchtset\/mac-galactic-paddo-kweekset\/#breadcrumb\",\"itemListElement\":[{\"@type\":\"ListItem\",\"position\":1,\"name\":\"Home\",\"item\":\"https:\/\/dutchmicrodosing.com\/de\/\"},{\"@type\":\"ListItem\",\"position\":2,\"name\":\"Shop\",\"item\":\"https:\/\/dutchmicrodosing.com\/de\/shop\/\"},{\"@type\":\"ListItem\",\"position\":3,\"name\":\"Mac Galactic Pilzanbau-Set\"}]},{\"@type\":\"WebSite\",\"@id\":\"https:\/\/dutchmicrodosing.com\/de\/#website\",\"url\":\"https:\/\/dutchmicrodosing.com\/de\/\",\"name\":\"Dutchmicrodosing\",\"description\":\"\",\"publisher\":{\"@id\":\"https:\/\/dutchmicrodosing.com\/de\/#organization\"},\"potentialAction\":[{\"@type\":\"SearchAction\",\"target\":{\"@type\":\"EntryPoint\",\"urlTemplate\":\"https:\/\/dutchmicrodosing.com\/de\/?s={search_term_string}\"},\"query-input\":{\"@type\":\"PropertyValueSpecification\",\"valueRequired\":true,\"valueName\":\"search_term_string\"}}],\"inLanguage\":\"de\"},{\"@type\":\"Organization\",\"@id\":\"https:\/\/dutchmicrodosing.com\/de\/#organization\",\"name\":\"Dutchmicrodosing\",\"url\":\"https:\/\/dutchmicrodosing.com\/de\/\",\"logo\":{\"@type\":\"ImageObject\",\"inLanguage\":\"de\",\"@id\":\"https:\/\/dutchmicrodosing.com\/de\/#\/schema\/logo\/image\/\",\"url\":\"https:\/\/dutchmicrodosing.com\/wp-content\/uploads\/2021\/01\/microdosing-categorie-pic-nieuw.jpg\",\"contentUrl\":\"https:\/\/dutchmicrodosing.com\/wp-content\/uploads\/2021\/01\/microdosing-categorie-pic-nieuw.jpg\",\"width\":500,\"height\":500,\"caption\":\"Dutchmicrodosing\"},\"image\":{\"@id\":\"https:\/\/dutchmicrodosing.com\/de\/#\/schema\/logo\/image\/\"},\"sameAs\":[\"https:\/\/www.facebook.com\/Dutchmicrodosingxp\/\",\"https:\/\/www.instagram.com\/dutchmicrodosing\/\"]}]}<\/script>\n<meta property=\"product:price:amount\" content=\"44.95\" \/>\n<meta property=\"product:price:currency\" content=\"EUR\" \/>\n<meta property=\"og:availability\" content=\"instock\" \/>\n<meta property=\"product:availability\" content=\"instock\" \/>\n<meta property=\"product:retailer_item_id\" content=\"5204531\" \/>\n<meta property=\"product:condition\" content=\"new\" \/>\n<!-- \/ Yoast SEO Premium plugin. -->","yoast_head_json":{"title":"Mac Galactic Pilzanbau-Set - Dutchmicrodosing","description":"Entdecken Sie das Mac Galactic Pilzzucht-Set von Mystic Fungi. Z\u00fcchten Sie mit diesem einfach zu bedienenden Anzuchtset ganz leicht selbst potente Pilze.","robots":{"index":"index","follow":"follow","max-snippet":"max-snippet:-1","max-image-preview":"max-image-preview:large","max-video-preview":"max-video-preview:-1"},"canonical":"https:\/\/dutchmicrodosing.com\/de\/zauberpilze-zuchtsets\/mystic-fungi-zuchtset\/mac-galactic-paddo-kweekset\/","og_locale":"de_DE","og_type":"article","og_title":"Mac Galactic Pilzanbau-Set","og_description":"Das Mac Galactic Mushroom Grow Kit von Mystic Fungi ist Ihre Eintrittskarte zu einer faszinierenden Anbauerfahrung. Dieses einfach zu handhabende","og_url":"https:\/\/dutchmicrodosing.com\/de\/zauberpilze-zuchtsets\/mystic-fungi-zuchtset\/mac-galactic-paddo-kweekset\/","og_site_name":"Dutchmicrodosing","article_publisher":"https:\/\/www.facebook.com\/Dutchmicrodosingxp\/","article_modified_time":"2026-02-03T15:39:27+00:00","og_image":[{"width":1512,"height":1512,"url":"https:\/\/dutchmicrodosing.com\/wp-content\/uploads\/2025\/04\/1000016499.jpg","type":"image\/jpeg"}],"twitter_card":"summary_large_image","schema":{"@context":"https:\/\/schema.org","@graph":[{"@type":"WebPage","@id":"https:\/\/dutchmicrodosing.com\/de\/zauberpilze-zuchtsets\/mystic-fungi-zuchtset\/mac-galactic-paddo-kweekset\/","url":"https:\/\/dutchmicrodosing.com\/de\/zauberpilze-zuchtsets\/mystic-fungi-zuchtset\/mac-galactic-paddo-kweekset\/","name":"Mac Galactic Pilzanbau-Set - Dutchmicrodosing","isPartOf":{"@id":"https:\/\/dutchmicrodosing.com\/de\/#website"},"primaryImageOfPage":{"@id":"https:\/\/dutchmicrodosing.com\/de\/zauberpilze-zuchtsets\/mystic-fungi-zuchtset\/mac-galactic-paddo-kweekset\/#primaryimage"},"image":{"@id":"https:\/\/dutchmicrodosing.com\/de\/zauberpilze-zuchtsets\/mystic-fungi-zuchtset\/mac-galactic-paddo-kweekset\/#primaryimage"},"thumbnailUrl":"https:\/\/dutchmicrodosing.com\/wp-content\/uploads\/2025\/04\/1000016499.jpg","datePublished":"2025-04-07T12:39:31+00:00","dateModified":"2026-02-03T15:39:27+00:00","description":"Entdecken Sie das Mac Galactic Pilzzucht-Set von Mystic Fungi. Z\u00fcchten Sie mit diesem einfach zu bedienenden Anzuchtset ganz leicht selbst potente Pilze.","breadcrumb":{"@id":"https:\/\/dutchmicrodosing.com\/de\/zauberpilze-zuchtsets\/mystic-fungi-zuchtset\/mac-galactic-paddo-kweekset\/#breadcrumb"},"inLanguage":"de","potentialAction":[{"@type":"ReadAction","target":["https:\/\/dutchmicrodosing.com\/de\/zauberpilze-zuchtsets\/mystic-fungi-zuchtset\/mac-galactic-paddo-kweekset\/"]}]},{"@type":"ImageObject","inLanguage":"de","@id":"https:\/\/dutchmicrodosing.com\/de\/zauberpilze-zuchtsets\/mystic-fungi-zuchtset\/mac-galactic-paddo-kweekset\/#primaryimage","url":"https:\/\/dutchmicrodosing.com\/wp-content\/uploads\/2025\/04\/1000016499.jpg","contentUrl":"https:\/\/dutchmicrodosing.com\/wp-content\/uploads\/2025\/04\/1000016499.jpg","width":1512,"height":1512,"caption":"Mac Galactic Pilzanbau-Set"},{"@type":"BreadcrumbList","@id":"https:\/\/dutchmicrodosing.com\/de\/zauberpilze-zuchtsets\/mystic-fungi-zuchtset\/mac-galactic-paddo-kweekset\/#breadcrumb","itemListElement":[{"@type":"ListItem","position":1,"name":"Home","item":"https:\/\/dutchmicrodosing.com\/de\/"},{"@type":"ListItem","position":2,"name":"Shop","item":"https:\/\/dutchmicrodosing.com\/de\/shop\/"},{"@type":"ListItem","position":3,"name":"Mac Galactic Pilzanbau-Set"}]},{"@type":"WebSite","@id":"https:\/\/dutchmicrodosing.com\/de\/#website","url":"https:\/\/dutchmicrodosing.com\/de\/","name":"Dutchmicrodosing","description":"","publisher":{"@id":"https:\/\/dutchmicrodosing.com\/de\/#organization"},"potentialAction":[{"@type":"SearchAction","target":{"@type":"EntryPoint","urlTemplate":"https:\/\/dutchmicrodosing.com\/de\/?s={search_term_string}"},"query-input":{"@type":"PropertyValueSpecification","valueRequired":true,"valueName":"search_term_string"}}],"inLanguage":"de"},{"@type":"Organization","@id":"https:\/\/dutchmicrodosing.com\/de\/#organization","name":"Dutchmicrodosing","url":"https:\/\/dutchmicrodosing.com\/de\/","logo":{"@type":"ImageObject","inLanguage":"de","@id":"https:\/\/dutchmicrodosing.com\/de\/#\/schema\/logo\/image\/","url":"https:\/\/dutchmicrodosing.com\/wp-content\/uploads\/2021\/01\/microdosing-categorie-pic-nieuw.jpg","contentUrl":"https:\/\/dutchmicrodosing.com\/wp-content\/uploads\/2021\/01\/microdosing-categorie-pic-nieuw.jpg","width":500,"height":500,"caption":"Dutchmicrodosing"},"image":{"@id":"https:\/\/dutchmicrodosing.com\/de\/#\/schema\/logo\/image\/"},"sameAs":["https:\/\/www.facebook.com\/Dutchmicrodosingxp\/","https:\/\/www.instagram.com\/dutchmicrodosing\/"]}]},"product_price_amount":"44.95","product_price_currency":"EUR","og_availability":"instock","product_availability":"instock","product_retailer_item_id":"5204531","product_condition":"new"},"_links":{"self":[{"href":"https:\/\/dutchmicrodosing.com\/de\/wp-json\/wp\/v2\/product\/46971","targetHints":{"allow":["GET"]}}],"collection":[{"href":"https:\/\/dutchmicrodosing.com\/de\/wp-json\/wp\/v2\/product"}],"about":[{"href":"https:\/\/dutchmicrodosing.com\/de\/wp-json\/wp\/v2\/types\/product"}],"replies":[{"embeddable":true,"href":"https:\/\/dutchmicrodosing.com\/de\/wp-json\/wp\/v2\/comments?post=46971"}],"version-history":[{"count":1,"href":"https:\/\/dutchmicrodosing.com\/de\/wp-json\/wp\/v2\/product\/46971\/revisions"}],"predecessor-version":[{"id":64266,"href":"https:\/\/dutchmicrodosing.com\/de\/wp-json\/wp\/v2\/product\/46971\/revisions\/64266"}],"wp:featuredmedia":[{"embeddable":true,"href":"https:\/\/dutchmicrodosing.com\/de\/wp-json\/wp\/v2\/media\/46964"}],"wp:attachment":[{"href":"https:\/\/dutchmicrodosing.com\/de\/wp-json\/wp\/v2\/media?parent=46971"}],"wp:term":[{"taxonomy":"product_brand","embeddable":true,"href":"https:\/\/dutchmicrodosing.com\/de\/wp-json\/wp\/v2\/product_brand?post=46971"},{"taxonomy":"product_cat","embeddable":true,"href":"https:\/\/dutchmicrodosing.com\/de\/wp-json\/wp\/v2\/product_cat?post=46971"},{"taxonomy":"product_tag","embeddable":true,"href":"https:\/\/dutchmicrodosing.com\/de\/wp-json\/wp\/v2\/product_tag?post=46971"}],"curies":[{"name":"wp","href":"https:\/\/api.w.org\/{rel}","templated":true}]}}