{"id":46989,"date":"2025-04-07T15:11:09","date_gmt":"2025-04-07T13:11:09","guid":{"rendered":"https:\/\/dutchmicrodosing.com\/shop\/unkategorisiert\/cascadian-teacher-paddo-kweekset\/"},"modified":"2025-08-18T16:52:53","modified_gmt":"2025-08-18T14:52:53","slug":"cascadian-teacher-paddo-kweekset","status":"publish","type":"product","link":"https:\/\/dutchmicrodosing.com\/de\/zauberpilze-zuchtsets\/mystic-fungi-zuchtset\/cascadian-teacher-paddo-kweekset\/","title":{"rendered":"Cascadian Teacher Pilz-Zucht-Set"},"content":{"rendered":"<p>Das <strong>Cascadian Teacher Mushroom Grow Kit<\/strong> ist eine potente und anpassungsf\u00e4hige Pilzsorte, die auf dem Ruf der klassischen Golden Teacher aufbaut. Ihr schnelles Wachstum und ihre Anpassungsf\u00e4higkeit an verschiedene Substrate machen sie zu einer ausgezeichneten Wahl sowohl f\u00fcr Anf\u00e4nger als auch f\u00fcr erfahrene Z\u00fcchter. Die Fl\u00fcssigkultur ist steril verpackt, um optimale Reinheit und ein minimales Kontaminationsrisiko zu gew\u00e4hrleisten.<\/p>\n<h3>Eigenschaften<\/h3>\n<ul>\n<li>Sorte: Psilocybe Cubensis Cascadian Teacher &#8211; inspiriert von der kultigen Goldenen Lehrerin<\/li>\n<li>Enth\u00e4lt 10 ml einer Fl\u00fcssigkultur in einer sterilen Spritze<\/li>\n<li>Gez\u00fcchtet unter kontrollierten, sterilen Bedingungen f\u00fcr maximale Zuverl\u00e4ssigkeit<\/li>\n<li>Schnelle Besiedlung verschiedener Substrate<\/li>\n<li>Benutzerfreundlich f\u00fcr jede Stufe des Anbaus<\/li>\n<\/ul>\n<h3>Zutaten und\/oder Zusammensetzung<\/h3>\n<ul>\n<li>10 ml Cascadian Teacher Fl\u00fcssigkultur<\/li>\n<li>1x sterile Nadel (18G)<\/li>\n<li>1x Alkoholtuch zur Desinfektion<\/li>\n<\/ul>\n<h3>Verwenden Sie<\/h3>\n<ol>\n<li>Lassen Sie die Spritze vor dem Gebrauch aufw\u00e4rmen.<\/li>\n<li>Sorgen Sie f\u00fcr eine saubere Arbeitsumgebung und desinfizieren Sie die Injektions\u00f6ffnung.<\/li>\n<li>Bringen Sie die Nadel an und verwenden Sie das Alkoholtuch, um alles steril zu halten.<\/li>\n<li>Spritzen Sie 1-2 ml der Fl\u00fcssigkeit in das gew\u00e4hlte Substrat.<\/li>\n<li>Stellen Sie das Substrat an einen dunklen und warmen Ort (20-25\u00b0C) und beobachten Sie die Entwicklung des Myzels.<\/li>\n<\/ol>\n<h3>Voraussetzungen f\u00fcr einen erfolgreichen Anbau<\/h3>\n<ul>\n<li><strong>Nahrung:<\/strong> Steriles Getreide wie Roggen oder Mais<\/li>\n<li><strong>Substrat:<\/strong> z.B. Kokosfasern, S\u00e4gemehl, Stroh oder anderes biologisches Material<\/li>\n<li><strong>Kultur:<\/strong> Diese Fl\u00fcssigkultur oder eine andere Spurenquelle<\/li>\n<\/ul>\n<p>Hinweis: Halten Sie die Luftfeuchtigkeit mit einem Growbag oder einem Monotub stabil. Arbeiten Sie immer hygienisch und verwenden Sie eine saubere Nadel, um eine Kontamination zu vermeiden.<\/p>\n<h3>Inhalt<\/h3>\n<ul>\n<li>1x 10 ml Fl\u00fcssigkultur mit Cascadian Teacher Mycelium<\/li>\n<li>1x 18G sterile Nadel<\/li>\n<li>1x Alkoholtuch<\/li>\n<\/ul>\n<h3>Hinweise zur Lagerung<\/h3>\n<p>Lagern Sie es bei einer Temperatur zwischen 2 und 8\u00b0C. Bei richtiger Lagerung bis zu 6 Monate haltbar. Au\u00dferhalb der Reichweite von Kindern aufbewahren.<\/p>\n","protected":false},"excerpt":{"rendered":"<p>Das Cascadian Teacher Mushroom Grow Kit ist eine potente und anpassungsf\u00e4hige Pilzsorte, die auf dem Ruf der klassischen Golden Teacher aufbaut. Ihr schnelles Wachstum und ihre Anpassungsf\u00e4higkeit an verschiedene Substrate machen sie zu einer ausgezeichneten Wahl sowohl f\u00fcr Anf\u00e4nger als auch f\u00fcr erfahrene Z\u00fcchter. Die Fl\u00fcssigkultur ist steril verpackt, um optimale Reinheit und ein minimales [&hellip;]<\/p>\n","protected":false},"featured_media":46983,"comment_status":"closed","ping_status":"closed","template":"","meta":[],"product_brand":[],"product_cat":[343],"product_tag":[],"class_list":{"0":"post-46989","1":"product","2":"type-product","3":"status-publish","4":"has-post-thumbnail","6":"product_cat-mystic-fungi-zuchtset","8":"first","9":"outofstock","10":"taxable","11":"shipping-taxable","12":"purchasable","13":"product-type-simple"},"yoast_head":"<!-- This site is optimized with the Yoast SEO Premium plugin v26.4 (Yoast SEO v27.2) - https:\/\/yoast.com\/product\/yoast-seo-premium-wordpress\/ -->\n<title>Cascadian Teacher Pilz-Zucht-Set - Dutchmicrodosing<\/title>\n<meta name=\"description\" content=\"Z\u00fcchten Sie selbst potente Pilze mit dem Cascadian Teacher Grow Kit. Komplettes Grow-Kit mit zuverl\u00e4ssiger Besiedlung und einfacher Anwendung.\" \/>\n<meta name=\"robots\" content=\"index, follow, max-snippet:-1, max-image-preview:large, max-video-preview:-1\" \/>\n<link rel=\"canonical\" href=\"https:\/\/dutchmicrodosing.com\/de\/zauberpilze-zuchtsets\/mystic-fungi-zuchtset\/cascadian-teacher-paddo-kweekset\/\" \/>\n<meta property=\"og:locale\" content=\"de_DE\" \/>\n<meta property=\"og:type\" content=\"article\" \/>\n<meta property=\"og:title\" content=\"Cascadian Teacher Pilz-Zucht-Set\" \/>\n<meta property=\"og:description\" content=\"Das Cascadian Teacher Mushroom Grow Kit ist eine potente und anpassungsf\u00e4hige Pilzsorte, die auf dem Ruf der klassischen Golden Teacher aufbaut. Ihr\" \/>\n<meta property=\"og:url\" content=\"https:\/\/dutchmicrodosing.com\/de\/zauberpilze-zuchtsets\/mystic-fungi-zuchtset\/cascadian-teacher-paddo-kweekset\/\" \/>\n<meta property=\"og:site_name\" content=\"Dutchmicrodosing\" \/>\n<meta property=\"article:publisher\" content=\"https:\/\/www.facebook.com\/Dutchmicrodosingxp\/\" \/>\n<meta property=\"article:modified_time\" content=\"2025-08-18T14:52:53+00:00\" \/>\n<meta property=\"og:image\" content=\"https:\/\/dutchmicrodosing.com\/wp-content\/uploads\/2025\/04\/Cascadian-Teacher-Photoroom1.jpg\" \/>\n\t<meta property=\"og:image:width\" content=\"1512\" \/>\n\t<meta property=\"og:image:height\" content=\"1512\" \/>\n\t<meta property=\"og:image:type\" content=\"image\/jpeg\" \/>\n<meta name=\"twitter:card\" content=\"summary_large_image\" \/>\n<script type=\"application\/ld+json\" class=\"yoast-schema-graph\">{\"@context\":\"https:\/\/schema.org\",\"@graph\":[{\"@type\":\"WebPage\",\"@id\":\"https:\/\/dutchmicrodosing.com\/de\/zauberpilze-zuchtsets\/mystic-fungi-zuchtset\/cascadian-teacher-paddo-kweekset\/\",\"url\":\"https:\/\/dutchmicrodosing.com\/de\/zauberpilze-zuchtsets\/mystic-fungi-zuchtset\/cascadian-teacher-paddo-kweekset\/\",\"name\":\"Cascadian Teacher Pilz-Zucht-Set - Dutchmicrodosing\",\"isPartOf\":{\"@id\":\"https:\/\/dutchmicrodosing.com\/de\/#website\"},\"primaryImageOfPage\":{\"@id\":\"https:\/\/dutchmicrodosing.com\/de\/zauberpilze-zuchtsets\/mystic-fungi-zuchtset\/cascadian-teacher-paddo-kweekset\/#primaryimage\"},\"image\":{\"@id\":\"https:\/\/dutchmicrodosing.com\/de\/zauberpilze-zuchtsets\/mystic-fungi-zuchtset\/cascadian-teacher-paddo-kweekset\/#primaryimage\"},\"thumbnailUrl\":\"https:\/\/dutchmicrodosing.com\/wp-content\/uploads\/2025\/04\/Cascadian-Teacher-Photoroom1.jpg\",\"datePublished\":\"2025-04-07T13:11:09+00:00\",\"dateModified\":\"2025-08-18T14:52:53+00:00\",\"description\":\"Z\u00fcchten Sie selbst potente Pilze mit dem Cascadian Teacher Grow Kit. Komplettes Grow-Kit mit zuverl\u00e4ssiger Besiedlung und einfacher Anwendung.\",\"breadcrumb\":{\"@id\":\"https:\/\/dutchmicrodosing.com\/de\/zauberpilze-zuchtsets\/mystic-fungi-zuchtset\/cascadian-teacher-paddo-kweekset\/#breadcrumb\"},\"inLanguage\":\"de\",\"potentialAction\":[{\"@type\":\"ReadAction\",\"target\":[\"https:\/\/dutchmicrodosing.com\/de\/zauberpilze-zuchtsets\/mystic-fungi-zuchtset\/cascadian-teacher-paddo-kweekset\/\"]}]},{\"@type\":\"ImageObject\",\"inLanguage\":\"de\",\"@id\":\"https:\/\/dutchmicrodosing.com\/de\/zauberpilze-zuchtsets\/mystic-fungi-zuchtset\/cascadian-teacher-paddo-kweekset\/#primaryimage\",\"url\":\"https:\/\/dutchmicrodosing.com\/wp-content\/uploads\/2025\/04\/Cascadian-Teacher-Photoroom1.jpg\",\"contentUrl\":\"https:\/\/dutchmicrodosing.com\/wp-content\/uploads\/2025\/04\/Cascadian-Teacher-Photoroom1.jpg\",\"width\":1512,\"height\":1512},{\"@type\":\"BreadcrumbList\",\"@id\":\"https:\/\/dutchmicrodosing.com\/de\/zauberpilze-zuchtsets\/mystic-fungi-zuchtset\/cascadian-teacher-paddo-kweekset\/#breadcrumb\",\"itemListElement\":[{\"@type\":\"ListItem\",\"position\":1,\"name\":\"Home\",\"item\":\"https:\/\/dutchmicrodosing.com\/de\/\"},{\"@type\":\"ListItem\",\"position\":2,\"name\":\"Shop\",\"item\":\"https:\/\/dutchmicrodosing.com\/de\/shop\/\"},{\"@type\":\"ListItem\",\"position\":3,\"name\":\"Cascadian Teacher Pilz-Zucht-Set\"}]},{\"@type\":\"WebSite\",\"@id\":\"https:\/\/dutchmicrodosing.com\/de\/#website\",\"url\":\"https:\/\/dutchmicrodosing.com\/de\/\",\"name\":\"Dutchmicrodosing\",\"description\":\"\",\"publisher\":{\"@id\":\"https:\/\/dutchmicrodosing.com\/de\/#organization\"},\"potentialAction\":[{\"@type\":\"SearchAction\",\"target\":{\"@type\":\"EntryPoint\",\"urlTemplate\":\"https:\/\/dutchmicrodosing.com\/de\/?s={search_term_string}\"},\"query-input\":{\"@type\":\"PropertyValueSpecification\",\"valueRequired\":true,\"valueName\":\"search_term_string\"}}],\"inLanguage\":\"de\"},{\"@type\":\"Organization\",\"@id\":\"https:\/\/dutchmicrodosing.com\/de\/#organization\",\"name\":\"Dutchmicrodosing\",\"url\":\"https:\/\/dutchmicrodosing.com\/de\/\",\"logo\":{\"@type\":\"ImageObject\",\"inLanguage\":\"de\",\"@id\":\"https:\/\/dutchmicrodosing.com\/de\/#\/schema\/logo\/image\/\",\"url\":\"https:\/\/dutchmicrodosing.com\/wp-content\/uploads\/2021\/01\/microdosing-categorie-pic-nieuw.jpg\",\"contentUrl\":\"https:\/\/dutchmicrodosing.com\/wp-content\/uploads\/2021\/01\/microdosing-categorie-pic-nieuw.jpg\",\"width\":500,\"height\":500,\"caption\":\"Dutchmicrodosing\"},\"image\":{\"@id\":\"https:\/\/dutchmicrodosing.com\/de\/#\/schema\/logo\/image\/\"},\"sameAs\":[\"https:\/\/www.facebook.com\/Dutchmicrodosingxp\/\",\"https:\/\/www.instagram.com\/dutchmicrodosing\/\"]}]}<\/script>\n<meta property=\"product:price:amount\" content=\"44.95\" \/>\n<meta property=\"product:price:currency\" content=\"EUR\" \/>\n<meta property=\"og:availability\" content=\"out of stock\" \/>\n<meta property=\"product:availability\" content=\"out of stock\" \/>\n<meta property=\"product:retailer_item_id\" content=\"5204986\" \/>\n<meta property=\"product:condition\" content=\"new\" \/>\n<!-- \/ Yoast SEO Premium plugin. -->","yoast_head_json":{"title":"Cascadian Teacher Pilz-Zucht-Set - Dutchmicrodosing","description":"Z\u00fcchten Sie selbst potente Pilze mit dem Cascadian Teacher Grow Kit. Komplettes Grow-Kit mit zuverl\u00e4ssiger Besiedlung und einfacher Anwendung.","robots":{"index":"index","follow":"follow","max-snippet":"max-snippet:-1","max-image-preview":"max-image-preview:large","max-video-preview":"max-video-preview:-1"},"canonical":"https:\/\/dutchmicrodosing.com\/de\/zauberpilze-zuchtsets\/mystic-fungi-zuchtset\/cascadian-teacher-paddo-kweekset\/","og_locale":"de_DE","og_type":"article","og_title":"Cascadian Teacher Pilz-Zucht-Set","og_description":"Das Cascadian Teacher Mushroom Grow Kit ist eine potente und anpassungsf\u00e4hige Pilzsorte, die auf dem Ruf der klassischen Golden Teacher aufbaut. Ihr","og_url":"https:\/\/dutchmicrodosing.com\/de\/zauberpilze-zuchtsets\/mystic-fungi-zuchtset\/cascadian-teacher-paddo-kweekset\/","og_site_name":"Dutchmicrodosing","article_publisher":"https:\/\/www.facebook.com\/Dutchmicrodosingxp\/","article_modified_time":"2025-08-18T14:52:53+00:00","og_image":[{"width":1512,"height":1512,"url":"https:\/\/dutchmicrodosing.com\/wp-content\/uploads\/2025\/04\/Cascadian-Teacher-Photoroom1.jpg","type":"image\/jpeg"}],"twitter_card":"summary_large_image","schema":{"@context":"https:\/\/schema.org","@graph":[{"@type":"WebPage","@id":"https:\/\/dutchmicrodosing.com\/de\/zauberpilze-zuchtsets\/mystic-fungi-zuchtset\/cascadian-teacher-paddo-kweekset\/","url":"https:\/\/dutchmicrodosing.com\/de\/zauberpilze-zuchtsets\/mystic-fungi-zuchtset\/cascadian-teacher-paddo-kweekset\/","name":"Cascadian Teacher Pilz-Zucht-Set - Dutchmicrodosing","isPartOf":{"@id":"https:\/\/dutchmicrodosing.com\/de\/#website"},"primaryImageOfPage":{"@id":"https:\/\/dutchmicrodosing.com\/de\/zauberpilze-zuchtsets\/mystic-fungi-zuchtset\/cascadian-teacher-paddo-kweekset\/#primaryimage"},"image":{"@id":"https:\/\/dutchmicrodosing.com\/de\/zauberpilze-zuchtsets\/mystic-fungi-zuchtset\/cascadian-teacher-paddo-kweekset\/#primaryimage"},"thumbnailUrl":"https:\/\/dutchmicrodosing.com\/wp-content\/uploads\/2025\/04\/Cascadian-Teacher-Photoroom1.jpg","datePublished":"2025-04-07T13:11:09+00:00","dateModified":"2025-08-18T14:52:53+00:00","description":"Z\u00fcchten Sie selbst potente Pilze mit dem Cascadian Teacher Grow Kit. Komplettes Grow-Kit mit zuverl\u00e4ssiger Besiedlung und einfacher Anwendung.","breadcrumb":{"@id":"https:\/\/dutchmicrodosing.com\/de\/zauberpilze-zuchtsets\/mystic-fungi-zuchtset\/cascadian-teacher-paddo-kweekset\/#breadcrumb"},"inLanguage":"de","potentialAction":[{"@type":"ReadAction","target":["https:\/\/dutchmicrodosing.com\/de\/zauberpilze-zuchtsets\/mystic-fungi-zuchtset\/cascadian-teacher-paddo-kweekset\/"]}]},{"@type":"ImageObject","inLanguage":"de","@id":"https:\/\/dutchmicrodosing.com\/de\/zauberpilze-zuchtsets\/mystic-fungi-zuchtset\/cascadian-teacher-paddo-kweekset\/#primaryimage","url":"https:\/\/dutchmicrodosing.com\/wp-content\/uploads\/2025\/04\/Cascadian-Teacher-Photoroom1.jpg","contentUrl":"https:\/\/dutchmicrodosing.com\/wp-content\/uploads\/2025\/04\/Cascadian-Teacher-Photoroom1.jpg","width":1512,"height":1512},{"@type":"BreadcrumbList","@id":"https:\/\/dutchmicrodosing.com\/de\/zauberpilze-zuchtsets\/mystic-fungi-zuchtset\/cascadian-teacher-paddo-kweekset\/#breadcrumb","itemListElement":[{"@type":"ListItem","position":1,"name":"Home","item":"https:\/\/dutchmicrodosing.com\/de\/"},{"@type":"ListItem","position":2,"name":"Shop","item":"https:\/\/dutchmicrodosing.com\/de\/shop\/"},{"@type":"ListItem","position":3,"name":"Cascadian Teacher Pilz-Zucht-Set"}]},{"@type":"WebSite","@id":"https:\/\/dutchmicrodosing.com\/de\/#website","url":"https:\/\/dutchmicrodosing.com\/de\/","name":"Dutchmicrodosing","description":"","publisher":{"@id":"https:\/\/dutchmicrodosing.com\/de\/#organization"},"potentialAction":[{"@type":"SearchAction","target":{"@type":"EntryPoint","urlTemplate":"https:\/\/dutchmicrodosing.com\/de\/?s={search_term_string}"},"query-input":{"@type":"PropertyValueSpecification","valueRequired":true,"valueName":"search_term_string"}}],"inLanguage":"de"},{"@type":"Organization","@id":"https:\/\/dutchmicrodosing.com\/de\/#organization","name":"Dutchmicrodosing","url":"https:\/\/dutchmicrodosing.com\/de\/","logo":{"@type":"ImageObject","inLanguage":"de","@id":"https:\/\/dutchmicrodosing.com\/de\/#\/schema\/logo\/image\/","url":"https:\/\/dutchmicrodosing.com\/wp-content\/uploads\/2021\/01\/microdosing-categorie-pic-nieuw.jpg","contentUrl":"https:\/\/dutchmicrodosing.com\/wp-content\/uploads\/2021\/01\/microdosing-categorie-pic-nieuw.jpg","width":500,"height":500,"caption":"Dutchmicrodosing"},"image":{"@id":"https:\/\/dutchmicrodosing.com\/de\/#\/schema\/logo\/image\/"},"sameAs":["https:\/\/www.facebook.com\/Dutchmicrodosingxp\/","https:\/\/www.instagram.com\/dutchmicrodosing\/"]}]},"product_price_amount":"44.95","product_price_currency":"EUR","og_availability":"out of stock","product_availability":"out of stock","product_retailer_item_id":"5204986","product_condition":"new"},"_links":{"self":[{"href":"https:\/\/dutchmicrodosing.com\/de\/wp-json\/wp\/v2\/product\/46989","targetHints":{"allow":["GET"]}}],"collection":[{"href":"https:\/\/dutchmicrodosing.com\/de\/wp-json\/wp\/v2\/product"}],"about":[{"href":"https:\/\/dutchmicrodosing.com\/de\/wp-json\/wp\/v2\/types\/product"}],"replies":[{"embeddable":true,"href":"https:\/\/dutchmicrodosing.com\/de\/wp-json\/wp\/v2\/comments?post=46989"}],"version-history":[{"count":0,"href":"https:\/\/dutchmicrodosing.com\/de\/wp-json\/wp\/v2\/product\/46989\/revisions"}],"wp:featuredmedia":[{"embeddable":true,"href":"https:\/\/dutchmicrodosing.com\/de\/wp-json\/wp\/v2\/media\/46983"}],"wp:attachment":[{"href":"https:\/\/dutchmicrodosing.com\/de\/wp-json\/wp\/v2\/media?parent=46989"}],"wp:term":[{"taxonomy":"product_brand","embeddable":true,"href":"https:\/\/dutchmicrodosing.com\/de\/wp-json\/wp\/v2\/product_brand?post=46989"},{"taxonomy":"product_cat","embeddable":true,"href":"https:\/\/dutchmicrodosing.com\/de\/wp-json\/wp\/v2\/product_cat?post=46989"},{"taxonomy":"product_tag","embeddable":true,"href":"https:\/\/dutchmicrodosing.com\/de\/wp-json\/wp\/v2\/product_tag?post=46989"}],"curies":[{"name":"wp","href":"https:\/\/api.w.org\/{rel}","templated":true}]}}