{"id":47011,"date":"2025-04-08T11:38:37","date_gmt":"2025-04-08T09:38:37","guid":{"rendered":"https:\/\/dutchmicrodosing.com\/shop\/unkategorisiert\/organic-tea-1-3-cbd-sleep\/"},"modified":"2025-08-21T13:47:41","modified_gmt":"2025-08-21T11:47:41","slug":"organic-tea-1-3-cbd-sleep","status":"publish","type":"product","link":"https:\/\/dutchmicrodosing.com\/de\/reformhaus\/cbd-nahrungsergaenzungsmittel\/organic-tea-1-3-cbd-sleep\/","title":{"rendered":"Bio Tee 1-3% CBD &#8211; Schlaf"},"content":{"rendered":"<p><strong>Organic Tea 1-3% CBD &#8211; Sleep<\/strong> von Plant of Remedy ist ein nat\u00fcrlicher und biologischer Kr\u00e4utertee, der speziell daf\u00fcr entwickelt wurde, Sie am Ende des Tages zu entspannen. Diese weiche, entkoffeinierte Mischung ist ideal f\u00fcr ein ruhiges Abendritual und hat einen angenehmen Geschmack mit einer frischen Zitrusnote.<\/p>\n<h3>Eigenschaften<\/h3>\n<ul>\n<li>Enth\u00e4lt Bio-Hanfbl\u00e4tter (Cannabis sativa L.)<\/li>\n<li>Angereichert mit Kr\u00e4utern wie Lavendel, Kamille, Baldrian und Zitronengras<\/li>\n<li>Koffeinfrei und daher perfekt f\u00fcr den Abend<\/li>\n<li>Sie k\u00f6nnen einen Beutel mehrmals verwenden<\/li>\n<li>Verpackungen aus nachhaltigem Karton aus verantwortungsvoll bewirtschafteten W\u00e4ldern<\/li>\n<li>Die Teebeutel sind vollst\u00e4ndig biologisch abbaubar<\/li>\n<\/ul>\n<h3>Zutaten und\/oder Zusammensetzung<\/h3>\n<p>Hanfbl\u00e4tter (Bio), Fenchel, Kamille, Zitronengras, S\u00fc\u00dfholz, Stevia, Baldrianwurzel, Lavendelbl\u00fcten und nat\u00fcrliches Zitronenaroma.<\/p>\n<h3>Verwenden Sie<\/h3>\n<p>Weichen Sie einen Teebeutel 5 bis 7 Minuten lang in hei\u00dfem (nicht kochendem) Wasser ein. Jeder Beutel kann bis zu dreimal wiederverwendet werden.<\/p>\n<h3>Inhalt<\/h3>\n<p>20 Gramm insgesamt (10 Teebeutel zu je 2 Gramm)<\/p>\n","protected":false},"excerpt":{"rendered":"<p>Organic Tea 1-3% CBD &#8211; Sleep von Plant of Remedy ist ein nat\u00fcrlicher und biologischer Kr\u00e4utertee, der speziell daf\u00fcr entwickelt wurde, Sie am Ende des Tages zu entspannen. Diese weiche, entkoffeinierte Mischung ist ideal f\u00fcr ein ruhiges Abendritual und hat einen angenehmen Geschmack mit einer frischen Zitrusnote. Eigenschaften Enth\u00e4lt Bio-Hanfbl\u00e4tter (Cannabis sativa L.) Angereichert mit [&hellip;]<\/p>\n","protected":false},"featured_media":47006,"comment_status":"closed","ping_status":"closed","template":"","meta":[],"product_brand":[],"product_cat":[286,306,305],"product_tag":[],"class_list":{"0":"post-47011","1":"product","2":"type-product","3":"status-publish","4":"has-post-thumbnail","6":"product_cat-cbd-nahrungsergaenzungsmittel","7":"product_cat-entspannende-erganzungen","8":"product_cat-schlaf-erganzungen","10":"first","11":"instock","12":"taxable","13":"shipping-taxable","14":"purchasable","15":"product-type-simple"},"yoast_head":"<!-- This site is optimized with the Yoast SEO Premium plugin v26.4 (Yoast SEO v27.2) - https:\/\/yoast.com\/product\/yoast-seo-premium-wordpress\/ -->\n<title>Bio Tee 1-3% CBD - Schlaf - Dutchmicrodosing<\/title>\n<meta name=\"description\" content=\"Entspannen Sie sich mit Bio-Tee 1-3% CBD von Plant of Remedy. Biologischer, koffeinfreier Kr\u00e4utertee mit Hanf, Kamille und Lavendel. K\u00f6stlicher Geschmack!\" \/>\n<meta name=\"robots\" content=\"index, follow, max-snippet:-1, max-image-preview:large, max-video-preview:-1\" \/>\n<link rel=\"canonical\" href=\"https:\/\/dutchmicrodosing.com\/de\/reformhaus\/cbd-nahrungsergaenzungsmittel\/organic-tea-1-3-cbd-sleep\/\" \/>\n<meta property=\"og:locale\" content=\"de_DE\" \/>\n<meta property=\"og:type\" content=\"article\" \/>\n<meta property=\"og:title\" content=\"Bio Tee 1-3% CBD - Schlaf\" \/>\n<meta property=\"og:description\" content=\"Organic Tea 1-3% CBD - Sleep von Plant of Remedy ist ein nat\u00fcrlicher und biologischer Kr\u00e4utertee, der speziell daf\u00fcr entwickelt wurde, Sie am Ende des\" \/>\n<meta property=\"og:url\" content=\"https:\/\/dutchmicrodosing.com\/de\/reformhaus\/cbd-nahrungsergaenzungsmittel\/organic-tea-1-3-cbd-sleep\/\" \/>\n<meta property=\"og:site_name\" content=\"Dutchmicrodosing\" \/>\n<meta property=\"article:publisher\" content=\"https:\/\/www.facebook.com\/Dutchmicrodosingxp\/\" \/>\n<meta property=\"article:modified_time\" content=\"2025-08-21T11:47:41+00:00\" \/>\n<meta property=\"og:image\" content=\"https:\/\/dutchmicrodosing.com\/wp-content\/uploads\/2025\/04\/cbd-wholesale-cbd-tea-sleep-plant-of-remedy.jpg\" \/>\n\t<meta property=\"og:image:width\" content=\"1600\" \/>\n\t<meta property=\"og:image:height\" content=\"1600\" \/>\n\t<meta property=\"og:image:type\" content=\"image\/jpeg\" \/>\n<meta name=\"twitter:card\" content=\"summary_large_image\" \/>\n<script type=\"application\/ld+json\" class=\"yoast-schema-graph\">{\"@context\":\"https:\/\/schema.org\",\"@graph\":[{\"@type\":\"WebPage\",\"@id\":\"https:\/\/dutchmicrodosing.com\/de\/reformhaus\/cbd-nahrungsergaenzungsmittel\/organic-tea-1-3-cbd-sleep\/\",\"url\":\"https:\/\/dutchmicrodosing.com\/de\/reformhaus\/cbd-nahrungsergaenzungsmittel\/organic-tea-1-3-cbd-sleep\/\",\"name\":\"Bio Tee 1-3% CBD - Schlaf - Dutchmicrodosing\",\"isPartOf\":{\"@id\":\"https:\/\/dutchmicrodosing.com\/de\/#website\"},\"primaryImageOfPage\":{\"@id\":\"https:\/\/dutchmicrodosing.com\/de\/reformhaus\/cbd-nahrungsergaenzungsmittel\/organic-tea-1-3-cbd-sleep\/#primaryimage\"},\"image\":{\"@id\":\"https:\/\/dutchmicrodosing.com\/de\/reformhaus\/cbd-nahrungsergaenzungsmittel\/organic-tea-1-3-cbd-sleep\/#primaryimage\"},\"thumbnailUrl\":\"https:\/\/dutchmicrodosing.com\/wp-content\/uploads\/2025\/04\/cbd-wholesale-cbd-tea-sleep-plant-of-remedy.jpg\",\"datePublished\":\"2025-04-08T09:38:37+00:00\",\"dateModified\":\"2025-08-21T11:47:41+00:00\",\"description\":\"Entspannen Sie sich mit Bio-Tee 1-3% CBD von Plant of Remedy. Biologischer, koffeinfreier Kr\u00e4utertee mit Hanf, Kamille und Lavendel. K\u00f6stlicher Geschmack!\",\"breadcrumb\":{\"@id\":\"https:\/\/dutchmicrodosing.com\/de\/reformhaus\/cbd-nahrungsergaenzungsmittel\/organic-tea-1-3-cbd-sleep\/#breadcrumb\"},\"inLanguage\":\"de\",\"potentialAction\":[{\"@type\":\"ReadAction\",\"target\":[\"https:\/\/dutchmicrodosing.com\/de\/reformhaus\/cbd-nahrungsergaenzungsmittel\/organic-tea-1-3-cbd-sleep\/\"]}]},{\"@type\":\"ImageObject\",\"inLanguage\":\"de\",\"@id\":\"https:\/\/dutchmicrodosing.com\/de\/reformhaus\/cbd-nahrungsergaenzungsmittel\/organic-tea-1-3-cbd-sleep\/#primaryimage\",\"url\":\"https:\/\/dutchmicrodosing.com\/wp-content\/uploads\/2025\/04\/cbd-wholesale-cbd-tea-sleep-plant-of-remedy.jpg\",\"contentUrl\":\"https:\/\/dutchmicrodosing.com\/wp-content\/uploads\/2025\/04\/cbd-wholesale-cbd-tea-sleep-plant-of-remedy.jpg\",\"width\":1600,\"height\":1600},{\"@type\":\"BreadcrumbList\",\"@id\":\"https:\/\/dutchmicrodosing.com\/de\/reformhaus\/cbd-nahrungsergaenzungsmittel\/organic-tea-1-3-cbd-sleep\/#breadcrumb\",\"itemListElement\":[{\"@type\":\"ListItem\",\"position\":1,\"name\":\"Home\",\"item\":\"https:\/\/dutchmicrodosing.com\/de\/\"},{\"@type\":\"ListItem\",\"position\":2,\"name\":\"Shop\",\"item\":\"https:\/\/dutchmicrodosing.com\/de\/shop\/\"},{\"@type\":\"ListItem\",\"position\":3,\"name\":\"Bio Tee 1-3% CBD &#8211; Schlaf\"}]},{\"@type\":\"WebSite\",\"@id\":\"https:\/\/dutchmicrodosing.com\/de\/#website\",\"url\":\"https:\/\/dutchmicrodosing.com\/de\/\",\"name\":\"Dutchmicrodosing\",\"description\":\"\",\"publisher\":{\"@id\":\"https:\/\/dutchmicrodosing.com\/de\/#organization\"},\"potentialAction\":[{\"@type\":\"SearchAction\",\"target\":{\"@type\":\"EntryPoint\",\"urlTemplate\":\"https:\/\/dutchmicrodosing.com\/de\/?s={search_term_string}\"},\"query-input\":{\"@type\":\"PropertyValueSpecification\",\"valueRequired\":true,\"valueName\":\"search_term_string\"}}],\"inLanguage\":\"de\"},{\"@type\":\"Organization\",\"@id\":\"https:\/\/dutchmicrodosing.com\/de\/#organization\",\"name\":\"Dutchmicrodosing\",\"url\":\"https:\/\/dutchmicrodosing.com\/de\/\",\"logo\":{\"@type\":\"ImageObject\",\"inLanguage\":\"de\",\"@id\":\"https:\/\/dutchmicrodosing.com\/de\/#\/schema\/logo\/image\/\",\"url\":\"https:\/\/dutchmicrodosing.com\/wp-content\/uploads\/2021\/01\/microdosing-categorie-pic-nieuw.jpg\",\"contentUrl\":\"https:\/\/dutchmicrodosing.com\/wp-content\/uploads\/2021\/01\/microdosing-categorie-pic-nieuw.jpg\",\"width\":500,\"height\":500,\"caption\":\"Dutchmicrodosing\"},\"image\":{\"@id\":\"https:\/\/dutchmicrodosing.com\/de\/#\/schema\/logo\/image\/\"},\"sameAs\":[\"https:\/\/www.facebook.com\/Dutchmicrodosingxp\/\",\"https:\/\/www.instagram.com\/dutchmicrodosing\/\"]}]}<\/script>\n<meta property=\"product:price:amount\" content=\"6.95\" \/>\n<meta property=\"product:price:currency\" content=\"EUR\" \/>\n<meta property=\"og:availability\" content=\"instock\" \/>\n<meta property=\"product:availability\" content=\"instock\" \/>\n<meta property=\"product:retailer_item_id\" content=\"5204555\" \/>\n<meta property=\"product:condition\" content=\"new\" \/>\n<!-- \/ Yoast SEO Premium plugin. -->","yoast_head_json":{"title":"Bio Tee 1-3% CBD - Schlaf - Dutchmicrodosing","description":"Entspannen Sie sich mit Bio-Tee 1-3% CBD von Plant of Remedy. Biologischer, koffeinfreier Kr\u00e4utertee mit Hanf, Kamille und Lavendel. K\u00f6stlicher Geschmack!","robots":{"index":"index","follow":"follow","max-snippet":"max-snippet:-1","max-image-preview":"max-image-preview:large","max-video-preview":"max-video-preview:-1"},"canonical":"https:\/\/dutchmicrodosing.com\/de\/reformhaus\/cbd-nahrungsergaenzungsmittel\/organic-tea-1-3-cbd-sleep\/","og_locale":"de_DE","og_type":"article","og_title":"Bio Tee 1-3% CBD - Schlaf","og_description":"Organic Tea 1-3% CBD - Sleep von Plant of Remedy ist ein nat\u00fcrlicher und biologischer Kr\u00e4utertee, der speziell daf\u00fcr entwickelt wurde, Sie am Ende des","og_url":"https:\/\/dutchmicrodosing.com\/de\/reformhaus\/cbd-nahrungsergaenzungsmittel\/organic-tea-1-3-cbd-sleep\/","og_site_name":"Dutchmicrodosing","article_publisher":"https:\/\/www.facebook.com\/Dutchmicrodosingxp\/","article_modified_time":"2025-08-21T11:47:41+00:00","og_image":[{"width":1600,"height":1600,"url":"https:\/\/dutchmicrodosing.com\/wp-content\/uploads\/2025\/04\/cbd-wholesale-cbd-tea-sleep-plant-of-remedy.jpg","type":"image\/jpeg"}],"twitter_card":"summary_large_image","schema":{"@context":"https:\/\/schema.org","@graph":[{"@type":"WebPage","@id":"https:\/\/dutchmicrodosing.com\/de\/reformhaus\/cbd-nahrungsergaenzungsmittel\/organic-tea-1-3-cbd-sleep\/","url":"https:\/\/dutchmicrodosing.com\/de\/reformhaus\/cbd-nahrungsergaenzungsmittel\/organic-tea-1-3-cbd-sleep\/","name":"Bio Tee 1-3% CBD - Schlaf - Dutchmicrodosing","isPartOf":{"@id":"https:\/\/dutchmicrodosing.com\/de\/#website"},"primaryImageOfPage":{"@id":"https:\/\/dutchmicrodosing.com\/de\/reformhaus\/cbd-nahrungsergaenzungsmittel\/organic-tea-1-3-cbd-sleep\/#primaryimage"},"image":{"@id":"https:\/\/dutchmicrodosing.com\/de\/reformhaus\/cbd-nahrungsergaenzungsmittel\/organic-tea-1-3-cbd-sleep\/#primaryimage"},"thumbnailUrl":"https:\/\/dutchmicrodosing.com\/wp-content\/uploads\/2025\/04\/cbd-wholesale-cbd-tea-sleep-plant-of-remedy.jpg","datePublished":"2025-04-08T09:38:37+00:00","dateModified":"2025-08-21T11:47:41+00:00","description":"Entspannen Sie sich mit Bio-Tee 1-3% CBD von Plant of Remedy. Biologischer, koffeinfreier Kr\u00e4utertee mit Hanf, Kamille und Lavendel. K\u00f6stlicher Geschmack!","breadcrumb":{"@id":"https:\/\/dutchmicrodosing.com\/de\/reformhaus\/cbd-nahrungsergaenzungsmittel\/organic-tea-1-3-cbd-sleep\/#breadcrumb"},"inLanguage":"de","potentialAction":[{"@type":"ReadAction","target":["https:\/\/dutchmicrodosing.com\/de\/reformhaus\/cbd-nahrungsergaenzungsmittel\/organic-tea-1-3-cbd-sleep\/"]}]},{"@type":"ImageObject","inLanguage":"de","@id":"https:\/\/dutchmicrodosing.com\/de\/reformhaus\/cbd-nahrungsergaenzungsmittel\/organic-tea-1-3-cbd-sleep\/#primaryimage","url":"https:\/\/dutchmicrodosing.com\/wp-content\/uploads\/2025\/04\/cbd-wholesale-cbd-tea-sleep-plant-of-remedy.jpg","contentUrl":"https:\/\/dutchmicrodosing.com\/wp-content\/uploads\/2025\/04\/cbd-wholesale-cbd-tea-sleep-plant-of-remedy.jpg","width":1600,"height":1600},{"@type":"BreadcrumbList","@id":"https:\/\/dutchmicrodosing.com\/de\/reformhaus\/cbd-nahrungsergaenzungsmittel\/organic-tea-1-3-cbd-sleep\/#breadcrumb","itemListElement":[{"@type":"ListItem","position":1,"name":"Home","item":"https:\/\/dutchmicrodosing.com\/de\/"},{"@type":"ListItem","position":2,"name":"Shop","item":"https:\/\/dutchmicrodosing.com\/de\/shop\/"},{"@type":"ListItem","position":3,"name":"Bio Tee 1-3% CBD &#8211; Schlaf"}]},{"@type":"WebSite","@id":"https:\/\/dutchmicrodosing.com\/de\/#website","url":"https:\/\/dutchmicrodosing.com\/de\/","name":"Dutchmicrodosing","description":"","publisher":{"@id":"https:\/\/dutchmicrodosing.com\/de\/#organization"},"potentialAction":[{"@type":"SearchAction","target":{"@type":"EntryPoint","urlTemplate":"https:\/\/dutchmicrodosing.com\/de\/?s={search_term_string}"},"query-input":{"@type":"PropertyValueSpecification","valueRequired":true,"valueName":"search_term_string"}}],"inLanguage":"de"},{"@type":"Organization","@id":"https:\/\/dutchmicrodosing.com\/de\/#organization","name":"Dutchmicrodosing","url":"https:\/\/dutchmicrodosing.com\/de\/","logo":{"@type":"ImageObject","inLanguage":"de","@id":"https:\/\/dutchmicrodosing.com\/de\/#\/schema\/logo\/image\/","url":"https:\/\/dutchmicrodosing.com\/wp-content\/uploads\/2021\/01\/microdosing-categorie-pic-nieuw.jpg","contentUrl":"https:\/\/dutchmicrodosing.com\/wp-content\/uploads\/2021\/01\/microdosing-categorie-pic-nieuw.jpg","width":500,"height":500,"caption":"Dutchmicrodosing"},"image":{"@id":"https:\/\/dutchmicrodosing.com\/de\/#\/schema\/logo\/image\/"},"sameAs":["https:\/\/www.facebook.com\/Dutchmicrodosingxp\/","https:\/\/www.instagram.com\/dutchmicrodosing\/"]}]},"product_price_amount":"6.95","product_price_currency":"EUR","og_availability":"instock","product_availability":"instock","product_retailer_item_id":"5204555","product_condition":"new"},"_links":{"self":[{"href":"https:\/\/dutchmicrodosing.com\/de\/wp-json\/wp\/v2\/product\/47011","targetHints":{"allow":["GET"]}}],"collection":[{"href":"https:\/\/dutchmicrodosing.com\/de\/wp-json\/wp\/v2\/product"}],"about":[{"href":"https:\/\/dutchmicrodosing.com\/de\/wp-json\/wp\/v2\/types\/product"}],"replies":[{"embeddable":true,"href":"https:\/\/dutchmicrodosing.com\/de\/wp-json\/wp\/v2\/comments?post=47011"}],"version-history":[{"count":0,"href":"https:\/\/dutchmicrodosing.com\/de\/wp-json\/wp\/v2\/product\/47011\/revisions"}],"wp:featuredmedia":[{"embeddable":true,"href":"https:\/\/dutchmicrodosing.com\/de\/wp-json\/wp\/v2\/media\/47006"}],"wp:attachment":[{"href":"https:\/\/dutchmicrodosing.com\/de\/wp-json\/wp\/v2\/media?parent=47011"}],"wp:term":[{"taxonomy":"product_brand","embeddable":true,"href":"https:\/\/dutchmicrodosing.com\/de\/wp-json\/wp\/v2\/product_brand?post=47011"},{"taxonomy":"product_cat","embeddable":true,"href":"https:\/\/dutchmicrodosing.com\/de\/wp-json\/wp\/v2\/product_cat?post=47011"},{"taxonomy":"product_tag","embeddable":true,"href":"https:\/\/dutchmicrodosing.com\/de\/wp-json\/wp\/v2\/product_tag?post=47011"}],"curies":[{"name":"wp","href":"https:\/\/api.w.org\/{rel}","templated":true}]}}