{"id":47025,"date":"2025-04-08T11:45:58","date_gmt":"2025-04-08T09:45:58","guid":{"rendered":"https:\/\/dutchmicrodosing.com\/shop\/unkategorisiert\/organic-tea-1-3-cbd-relax\/"},"modified":"2025-09-03T02:24:59","modified_gmt":"2025-09-03T00:24:59","slug":"organic-tea-1-3-cbd-relax","status":"publish","type":"product","link":"https:\/\/dutchmicrodosing.com\/de\/reformhaus\/cbd-nahrungsergaenzungsmittel\/organic-tea-1-3-cbd-relax\/","title":{"rendered":"Bio Tee 1-3% CBD &#8211; Entspannen"},"content":{"rendered":"<p>Der <strong>Bio-Tee 1-3% CBD &#8211; Relax<\/strong> von Plant of Remedy wurde f\u00fcr alle entwickelt, die einen nat\u00fcrlichen Moment der Ruhe suchen. Dieser koffeinfreie Kr\u00e4utertee besteht aus einer sorgf\u00e4ltig zusammengestellten Mischung von Bio-Zutaten und ist f\u00fcr den t\u00e4glichen Gebrauch sowohl tags\u00fcber als auch abends geeignet. Ein funktionelles und geschmackvolles Produkt f\u00fcr einen bewussten Lebensstil.<\/p>\n<h3>Eigenschaften<\/h3>\n<ul>\n<li>Hergestellt aus einer Mischung aus Hanfbl\u00e4ttern, Rooibos, Fenchel, Zitronengras, Minze, Stevia, Hagebutten, Blaubeeren, Rosen und nat\u00fcrlichen Aromen von Waldfr\u00fcchten und Zitrone<\/li>\n<li>Vollst\u00e4ndig biologisch und koffeinfrei<\/li>\n<li>Wiederverwendbare Teebeutel: bis zu drei Mal pro Beutel verwendbar<\/li>\n<li>Verpackungen aus Materialien, die aus verantwortungsvoll bewirtschafteten W\u00e4ldern stammen<\/li>\n<li>Biologisch abbaubare Teebeutel<\/li>\n<\/ul>\n<h3>Zutaten und\/oder Zusammensetzung<\/h3>\n<p>Hanfbl\u00e4tter (mit 1-3% CBD), Rooibos, Fenchel, Zitronengras, Minze, Stevia, Hagebutte, Blaubeeren, Rosen, nat\u00fcrliches Aroma von Waldfr\u00fcchten und Zitrone.<\/p>\n<h3>Verwenden Sie<\/h3>\n<p>Geben Sie einen Teebeutel in eine Tasse mit hei\u00dfem Wasser und lassen Sie ihn 5 bis 7 Minuten ziehen. Die Ziehzeit kann je nach pers\u00f6nlicher Vorliebe angepasst werden. Jeder Beutel kann mehrfach verwendet werden, bis zu drei Infusionen pro Beutel.<\/p>\n<h3>Inhalt<\/h3>\n<p>20 Gramm (10 Teebeutel \u00e0 2 Gramm)<\/p>\n","protected":false},"excerpt":{"rendered":"<p>Der Bio-Tee 1-3% CBD &#8211; Relax von Plant of Remedy wurde f\u00fcr alle entwickelt, die einen nat\u00fcrlichen Moment der Ruhe suchen. Dieser koffeinfreie Kr\u00e4utertee besteht aus einer sorgf\u00e4ltig zusammengestellten Mischung von Bio-Zutaten und ist f\u00fcr den t\u00e4glichen Gebrauch sowohl tags\u00fcber als auch abends geeignet. Ein funktionelles und geschmackvolles Produkt f\u00fcr einen bewussten Lebensstil. Eigenschaften Hergestellt [&hellip;]<\/p>\n","protected":false},"featured_media":47019,"comment_status":"closed","ping_status":"closed","template":"","meta":[],"product_brand":[],"product_cat":[286,306],"product_tag":[],"class_list":{"0":"post-47025","1":"product","2":"type-product","3":"status-publish","4":"has-post-thumbnail","6":"product_cat-cbd-nahrungsergaenzungsmittel","7":"product_cat-entspannende-erganzungen","9":"first","10":"instock","11":"taxable","12":"shipping-taxable","13":"purchasable","14":"product-type-simple"},"yoast_head":"<!-- This site is optimized with the Yoast SEO Premium plugin v26.4 (Yoast SEO v27.4) - https:\/\/yoast.com\/product\/yoast-seo-premium-wordpress\/ -->\n<title>Bio Tee 1-3% CBD - Entspannen - Dutchmicrodosing<\/title>\n<meta name=\"description\" content=\"Bio-Tee 1-3% CBD - Relax von Plant of Remedy ist ein organischer, koffeinfreier Tee mit nat\u00fcrlichen Inhaltsstoffen. Haltbar verpackt und geeignet f\u00fcr...\" \/>\n<meta name=\"robots\" content=\"index, follow, max-snippet:-1, max-image-preview:large, max-video-preview:-1\" \/>\n<link rel=\"canonical\" href=\"https:\/\/dutchmicrodosing.com\/de\/reformhaus\/cbd-nahrungsergaenzungsmittel\/organic-tea-1-3-cbd-relax\/\" \/>\n<meta property=\"og:locale\" content=\"de_DE\" \/>\n<meta property=\"og:type\" content=\"article\" \/>\n<meta property=\"og:title\" content=\"Bio Tee 1-3% CBD - Entspannen\" \/>\n<meta property=\"og:description\" content=\"Der Bio-Tee 1-3% CBD - Relax von Plant of Remedy wurde f\u00fcr alle entwickelt, die einen nat\u00fcrlichen Moment der Ruhe suchen. Dieser koffeinfreie Kr\u00e4utertee\" \/>\n<meta property=\"og:url\" content=\"https:\/\/dutchmicrodosing.com\/de\/reformhaus\/cbd-nahrungsergaenzungsmittel\/organic-tea-1-3-cbd-relax\/\" \/>\n<meta property=\"og:site_name\" content=\"Dutchmicrodosing\" \/>\n<meta property=\"article:publisher\" content=\"https:\/\/www.facebook.com\/Dutchmicrodosingxp\/\" \/>\n<meta property=\"article:modified_time\" content=\"2025-09-03T00:24:59+00:00\" \/>\n<meta property=\"og:image\" content=\"https:\/\/dutchmicrodosing.com\/wp-content\/uploads\/2025\/04\/wholesale-cbd-tea-relax-plant-of-remedy_LRG.jpg\" \/>\n\t<meta property=\"og:image:width\" content=\"1600\" \/>\n\t<meta property=\"og:image:height\" content=\"1600\" \/>\n\t<meta property=\"og:image:type\" content=\"image\/jpeg\" \/>\n<meta name=\"twitter:card\" content=\"summary_large_image\" \/>\n<script type=\"application\/ld+json\" class=\"yoast-schema-graph\">{\"@context\":\"https:\\\/\\\/schema.org\",\"@graph\":[{\"@type\":\"WebPage\",\"@id\":\"https:\\\/\\\/dutchmicrodosing.com\\\/de\\\/reformhaus\\\/cbd-nahrungsergaenzungsmittel\\\/organic-tea-1-3-cbd-relax\\\/\",\"url\":\"https:\\\/\\\/dutchmicrodosing.com\\\/de\\\/reformhaus\\\/cbd-nahrungsergaenzungsmittel\\\/organic-tea-1-3-cbd-relax\\\/\",\"name\":\"Bio Tee 1-3% CBD - Entspannen - Dutchmicrodosing\",\"isPartOf\":{\"@id\":\"https:\\\/\\\/dutchmicrodosing.com\\\/de\\\/#website\"},\"primaryImageOfPage\":{\"@id\":\"https:\\\/\\\/dutchmicrodosing.com\\\/de\\\/reformhaus\\\/cbd-nahrungsergaenzungsmittel\\\/organic-tea-1-3-cbd-relax\\\/#primaryimage\"},\"image\":{\"@id\":\"https:\\\/\\\/dutchmicrodosing.com\\\/de\\\/reformhaus\\\/cbd-nahrungsergaenzungsmittel\\\/organic-tea-1-3-cbd-relax\\\/#primaryimage\"},\"thumbnailUrl\":\"https:\\\/\\\/dutchmicrodosing.com\\\/wp-content\\\/uploads\\\/2025\\\/04\\\/wholesale-cbd-tea-relax-plant-of-remedy_LRG.jpg\",\"datePublished\":\"2025-04-08T09:45:58+00:00\",\"dateModified\":\"2025-09-03T00:24:59+00:00\",\"description\":\"Bio-Tee 1-3% CBD - Relax von Plant of Remedy ist ein organischer, koffeinfreier Tee mit nat\u00fcrlichen Inhaltsstoffen. Haltbar verpackt und geeignet f\u00fcr...\",\"breadcrumb\":{\"@id\":\"https:\\\/\\\/dutchmicrodosing.com\\\/de\\\/reformhaus\\\/cbd-nahrungsergaenzungsmittel\\\/organic-tea-1-3-cbd-relax\\\/#breadcrumb\"},\"inLanguage\":\"de\",\"potentialAction\":[{\"@type\":\"ReadAction\",\"target\":[\"https:\\\/\\\/dutchmicrodosing.com\\\/de\\\/reformhaus\\\/cbd-nahrungsergaenzungsmittel\\\/organic-tea-1-3-cbd-relax\\\/\"]}]},{\"@type\":\"ImageObject\",\"inLanguage\":\"de\",\"@id\":\"https:\\\/\\\/dutchmicrodosing.com\\\/de\\\/reformhaus\\\/cbd-nahrungsergaenzungsmittel\\\/organic-tea-1-3-cbd-relax\\\/#primaryimage\",\"url\":\"https:\\\/\\\/dutchmicrodosing.com\\\/wp-content\\\/uploads\\\/2025\\\/04\\\/wholesale-cbd-tea-relax-plant-of-remedy_LRG.jpg\",\"contentUrl\":\"https:\\\/\\\/dutchmicrodosing.com\\\/wp-content\\\/uploads\\\/2025\\\/04\\\/wholesale-cbd-tea-relax-plant-of-remedy_LRG.jpg\",\"width\":1600,\"height\":1600,\"caption\":\"cbd tea rleaxed\"},{\"@type\":\"BreadcrumbList\",\"@id\":\"https:\\\/\\\/dutchmicrodosing.com\\\/de\\\/reformhaus\\\/cbd-nahrungsergaenzungsmittel\\\/organic-tea-1-3-cbd-relax\\\/#breadcrumb\",\"itemListElement\":[{\"@type\":\"ListItem\",\"position\":1,\"name\":\"Home\",\"item\":\"https:\\\/\\\/dutchmicrodosing.com\\\/de\\\/\"},{\"@type\":\"ListItem\",\"position\":2,\"name\":\"Shop\",\"item\":\"https:\\\/\\\/dutchmicrodosing.com\\\/de\\\/shop\\\/\"},{\"@type\":\"ListItem\",\"position\":3,\"name\":\"Bio Tee 1-3% CBD &#8211; Entspannen\"}]},{\"@type\":\"WebSite\",\"@id\":\"https:\\\/\\\/dutchmicrodosing.com\\\/de\\\/#website\",\"url\":\"https:\\\/\\\/dutchmicrodosing.com\\\/de\\\/\",\"name\":\"Dutchmicrodosing\",\"description\":\"\",\"publisher\":{\"@id\":\"https:\\\/\\\/dutchmicrodosing.com\\\/de\\\/#organization\"},\"potentialAction\":[{\"@type\":\"SearchAction\",\"target\":{\"@type\":\"EntryPoint\",\"urlTemplate\":\"https:\\\/\\\/dutchmicrodosing.com\\\/de\\\/?s={search_term_string}\"},\"query-input\":{\"@type\":\"PropertyValueSpecification\",\"valueRequired\":true,\"valueName\":\"search_term_string\"}}],\"inLanguage\":\"de\"},{\"@type\":\"Organization\",\"@id\":\"https:\\\/\\\/dutchmicrodosing.com\\\/de\\\/#organization\",\"name\":\"Dutchmicrodosing\",\"url\":\"https:\\\/\\\/dutchmicrodosing.com\\\/de\\\/\",\"logo\":{\"@type\":\"ImageObject\",\"inLanguage\":\"de\",\"@id\":\"https:\\\/\\\/dutchmicrodosing.com\\\/de\\\/#\\\/schema\\\/logo\\\/image\\\/\",\"url\":\"https:\\\/\\\/dutchmicrodosing.com\\\/wp-content\\\/uploads\\\/2021\\\/01\\\/microdosing-categorie-pic-nieuw.jpg\",\"contentUrl\":\"https:\\\/\\\/dutchmicrodosing.com\\\/wp-content\\\/uploads\\\/2021\\\/01\\\/microdosing-categorie-pic-nieuw.jpg\",\"width\":500,\"height\":500,\"caption\":\"Dutchmicrodosing\"},\"image\":{\"@id\":\"https:\\\/\\\/dutchmicrodosing.com\\\/de\\\/#\\\/schema\\\/logo\\\/image\\\/\"},\"sameAs\":[\"https:\\\/\\\/www.facebook.com\\\/Dutchmicrodosingxp\\\/\",\"https:\\\/\\\/www.instagram.com\\\/dutchmicrodosing\\\/\"]}]}<\/script>\n<meta property=\"product:price:amount\" content=\"6.95\" \/>\n<meta property=\"product:price:currency\" content=\"EUR\" \/>\n<meta property=\"og:availability\" content=\"instock\" \/>\n<meta property=\"product:availability\" content=\"instock\" \/>\n<meta property=\"product:retailer_item_id\" content=\"5204441\" \/>\n<meta property=\"product:condition\" content=\"new\" \/>\n<!-- \/ Yoast SEO Premium plugin. -->","yoast_head_json":{"title":"Bio Tee 1-3% CBD - Entspannen - Dutchmicrodosing","description":"Bio-Tee 1-3% CBD - Relax von Plant of Remedy ist ein organischer, koffeinfreier Tee mit nat\u00fcrlichen Inhaltsstoffen. Haltbar verpackt und geeignet f\u00fcr...","robots":{"index":"index","follow":"follow","max-snippet":"max-snippet:-1","max-image-preview":"max-image-preview:large","max-video-preview":"max-video-preview:-1"},"canonical":"https:\/\/dutchmicrodosing.com\/de\/reformhaus\/cbd-nahrungsergaenzungsmittel\/organic-tea-1-3-cbd-relax\/","og_locale":"de_DE","og_type":"article","og_title":"Bio Tee 1-3% CBD - Entspannen","og_description":"Der Bio-Tee 1-3% CBD - Relax von Plant of Remedy wurde f\u00fcr alle entwickelt, die einen nat\u00fcrlichen Moment der Ruhe suchen. Dieser koffeinfreie Kr\u00e4utertee","og_url":"https:\/\/dutchmicrodosing.com\/de\/reformhaus\/cbd-nahrungsergaenzungsmittel\/organic-tea-1-3-cbd-relax\/","og_site_name":"Dutchmicrodosing","article_publisher":"https:\/\/www.facebook.com\/Dutchmicrodosingxp\/","article_modified_time":"2025-09-03T00:24:59+00:00","og_image":[{"width":1600,"height":1600,"url":"https:\/\/dutchmicrodosing.com\/wp-content\/uploads\/2025\/04\/wholesale-cbd-tea-relax-plant-of-remedy_LRG.jpg","type":"image\/jpeg"}],"twitter_card":"summary_large_image","schema":{"@context":"https:\/\/schema.org","@graph":[{"@type":"WebPage","@id":"https:\/\/dutchmicrodosing.com\/de\/reformhaus\/cbd-nahrungsergaenzungsmittel\/organic-tea-1-3-cbd-relax\/","url":"https:\/\/dutchmicrodosing.com\/de\/reformhaus\/cbd-nahrungsergaenzungsmittel\/organic-tea-1-3-cbd-relax\/","name":"Bio Tee 1-3% CBD - Entspannen - Dutchmicrodosing","isPartOf":{"@id":"https:\/\/dutchmicrodosing.com\/de\/#website"},"primaryImageOfPage":{"@id":"https:\/\/dutchmicrodosing.com\/de\/reformhaus\/cbd-nahrungsergaenzungsmittel\/organic-tea-1-3-cbd-relax\/#primaryimage"},"image":{"@id":"https:\/\/dutchmicrodosing.com\/de\/reformhaus\/cbd-nahrungsergaenzungsmittel\/organic-tea-1-3-cbd-relax\/#primaryimage"},"thumbnailUrl":"https:\/\/dutchmicrodosing.com\/wp-content\/uploads\/2025\/04\/wholesale-cbd-tea-relax-plant-of-remedy_LRG.jpg","datePublished":"2025-04-08T09:45:58+00:00","dateModified":"2025-09-03T00:24:59+00:00","description":"Bio-Tee 1-3% CBD - Relax von Plant of Remedy ist ein organischer, koffeinfreier Tee mit nat\u00fcrlichen Inhaltsstoffen. Haltbar verpackt und geeignet f\u00fcr...","breadcrumb":{"@id":"https:\/\/dutchmicrodosing.com\/de\/reformhaus\/cbd-nahrungsergaenzungsmittel\/organic-tea-1-3-cbd-relax\/#breadcrumb"},"inLanguage":"de","potentialAction":[{"@type":"ReadAction","target":["https:\/\/dutchmicrodosing.com\/de\/reformhaus\/cbd-nahrungsergaenzungsmittel\/organic-tea-1-3-cbd-relax\/"]}]},{"@type":"ImageObject","inLanguage":"de","@id":"https:\/\/dutchmicrodosing.com\/de\/reformhaus\/cbd-nahrungsergaenzungsmittel\/organic-tea-1-3-cbd-relax\/#primaryimage","url":"https:\/\/dutchmicrodosing.com\/wp-content\/uploads\/2025\/04\/wholesale-cbd-tea-relax-plant-of-remedy_LRG.jpg","contentUrl":"https:\/\/dutchmicrodosing.com\/wp-content\/uploads\/2025\/04\/wholesale-cbd-tea-relax-plant-of-remedy_LRG.jpg","width":1600,"height":1600,"caption":"cbd tea rleaxed"},{"@type":"BreadcrumbList","@id":"https:\/\/dutchmicrodosing.com\/de\/reformhaus\/cbd-nahrungsergaenzungsmittel\/organic-tea-1-3-cbd-relax\/#breadcrumb","itemListElement":[{"@type":"ListItem","position":1,"name":"Home","item":"https:\/\/dutchmicrodosing.com\/de\/"},{"@type":"ListItem","position":2,"name":"Shop","item":"https:\/\/dutchmicrodosing.com\/de\/shop\/"},{"@type":"ListItem","position":3,"name":"Bio Tee 1-3% CBD &#8211; Entspannen"}]},{"@type":"WebSite","@id":"https:\/\/dutchmicrodosing.com\/de\/#website","url":"https:\/\/dutchmicrodosing.com\/de\/","name":"Dutchmicrodosing","description":"","publisher":{"@id":"https:\/\/dutchmicrodosing.com\/de\/#organization"},"potentialAction":[{"@type":"SearchAction","target":{"@type":"EntryPoint","urlTemplate":"https:\/\/dutchmicrodosing.com\/de\/?s={search_term_string}"},"query-input":{"@type":"PropertyValueSpecification","valueRequired":true,"valueName":"search_term_string"}}],"inLanguage":"de"},{"@type":"Organization","@id":"https:\/\/dutchmicrodosing.com\/de\/#organization","name":"Dutchmicrodosing","url":"https:\/\/dutchmicrodosing.com\/de\/","logo":{"@type":"ImageObject","inLanguage":"de","@id":"https:\/\/dutchmicrodosing.com\/de\/#\/schema\/logo\/image\/","url":"https:\/\/dutchmicrodosing.com\/wp-content\/uploads\/2021\/01\/microdosing-categorie-pic-nieuw.jpg","contentUrl":"https:\/\/dutchmicrodosing.com\/wp-content\/uploads\/2021\/01\/microdosing-categorie-pic-nieuw.jpg","width":500,"height":500,"caption":"Dutchmicrodosing"},"image":{"@id":"https:\/\/dutchmicrodosing.com\/de\/#\/schema\/logo\/image\/"},"sameAs":["https:\/\/www.facebook.com\/Dutchmicrodosingxp\/","https:\/\/www.instagram.com\/dutchmicrodosing\/"]}]},"product_price_amount":"6.95","product_price_currency":"EUR","og_availability":"instock","product_availability":"instock","product_retailer_item_id":"5204441","product_condition":"new"},"_links":{"self":[{"href":"https:\/\/dutchmicrodosing.com\/de\/wp-json\/wp\/v2\/product\/47025","targetHints":{"allow":["GET"]}}],"collection":[{"href":"https:\/\/dutchmicrodosing.com\/de\/wp-json\/wp\/v2\/product"}],"about":[{"href":"https:\/\/dutchmicrodosing.com\/de\/wp-json\/wp\/v2\/types\/product"}],"replies":[{"embeddable":true,"href":"https:\/\/dutchmicrodosing.com\/de\/wp-json\/wp\/v2\/comments?post=47025"}],"version-history":[{"count":0,"href":"https:\/\/dutchmicrodosing.com\/de\/wp-json\/wp\/v2\/product\/47025\/revisions"}],"wp:featuredmedia":[{"embeddable":true,"href":"https:\/\/dutchmicrodosing.com\/de\/wp-json\/wp\/v2\/media\/47019"}],"wp:attachment":[{"href":"https:\/\/dutchmicrodosing.com\/de\/wp-json\/wp\/v2\/media?parent=47025"}],"wp:term":[{"taxonomy":"product_brand","embeddable":true,"href":"https:\/\/dutchmicrodosing.com\/de\/wp-json\/wp\/v2\/product_brand?post=47025"},{"taxonomy":"product_cat","embeddable":true,"href":"https:\/\/dutchmicrodosing.com\/de\/wp-json\/wp\/v2\/product_cat?post=47025"},{"taxonomy":"product_tag","embeddable":true,"href":"https:\/\/dutchmicrodosing.com\/de\/wp-json\/wp\/v2\/product_tag?post=47025"}],"curies":[{"name":"wp","href":"https:\/\/api.w.org\/{rel}","templated":true}]}}