{"id":47039,"date":"2025-04-08T11:53:28","date_gmt":"2025-04-08T09:53:28","guid":{"rendered":"https:\/\/dutchmicrodosing.com\/shop\/unkategorisiert\/organic-tea-1-3-cbd-energizing\/"},"modified":"2025-09-02T10:13:46","modified_gmt":"2025-09-02T08:13:46","slug":"organic-tea-1-3-cbd-energizing","status":"publish","type":"product","link":"https:\/\/dutchmicrodosing.com\/de\/reformhaus\/cbd-nahrungsergaenzungsmittel\/organic-tea-1-3-cbd-energizing\/","title":{"rendered":"Bio-Tee 1-3% CBD &#8211; Energiespendend"},"content":{"rendered":"<p><strong>Bio-Tee 1-3% CBD &#8211; Energising<\/strong> von Plant of Remedy ist Ihr nat\u00fcrlicher Kickstart in den Tag oder ein frischer Schub f\u00fcr jeden Moment zwischendurch. Dieser energiespendende Tee besteht aus sorgf\u00e4ltig ausgew\u00e4hlten Bio-Zutaten, die f\u00fcr einen lebendigen und spritzigen Geschmack sorgen. Perfekt f\u00fcr Teeliebhaber, die ganz bewusst einen erhebenden Teemoment genie\u00dfen m\u00f6chten.<\/p>\n<h3>Eigenschaften<\/h3>\n<ul>\n<li>Enth\u00e4lt eine Mischung aus Bio-Hanfbl\u00e4ttern, gr\u00fcnem Tee, Apfel, Zitronengras, Moringa, Matcha, Brennnessel, Salbei, Stevia, Maulbeerbl\u00e4ttern und Sanddorn<\/li>\n<li>Angereichert mit nat\u00fcrlichen Aromen von Zitrone und Gurke<\/li>\n<li>Jeder Teebeutel kann bis zu drei Mal verwendet werden<\/li>\n<li>Vollst\u00e4ndig biologisch und koffeinfrei<\/li>\n<li>Nachhaltige Verpackungen aus Karton aus wiederaufgeforsteten Gebieten und biologisch abbaubaren T\u00fcten<\/li>\n<\/ul>\n<h3>Zutaten und\/oder Zusammensetzung<\/h3>\n<p>Hanfbl\u00e4tter (mit 1-3% CBD), gr\u00fcner Tee, Apfel, Zitronengras, Moringa, Matcha, Brennnessel, Salbei, Stevia, Maulbeerbl\u00e4tter, Sanddorn, nat\u00fcrliches Aroma von Zitrone und Gurke.<\/p>\n<h3>Verwenden Sie<\/h3>\n<p>Lassen Sie einen Teebeutel 5 bis 7 Minuten in hei\u00dfem Wasser einweichen. F\u00fcr einen milderen oder kr\u00e4ftigeren Geschmack passen Sie einfach die Ziehzeit an. Jeder Beutel kann bis zu drei Mal f\u00fcr mehrere Tassen Tee verwendet werden.<\/p>\n<h3>Inhalt<\/h3>\n<p>20 Gramm (10 Teebeutel \u00e0 2 Gramm)<\/p>\n","protected":false},"excerpt":{"rendered":"<p>Bio-Tee 1-3% CBD &#8211; Energising von Plant of Remedy ist Ihr nat\u00fcrlicher Kickstart in den Tag oder ein frischer Schub f\u00fcr jeden Moment zwischendurch. Dieser energiespendende Tee besteht aus sorgf\u00e4ltig ausgew\u00e4hlten Bio-Zutaten, die f\u00fcr einen lebendigen und spritzigen Geschmack sorgen. Perfekt f\u00fcr Teeliebhaber, die ganz bewusst einen erhebenden Teemoment genie\u00dfen m\u00f6chten. Eigenschaften Enth\u00e4lt eine Mischung [&hellip;]<\/p>\n","protected":false},"featured_media":47032,"comment_status":"closed","ping_status":"closed","template":"","meta":[],"product_brand":[],"product_cat":[286,292],"product_tag":[],"class_list":{"0":"post-47039","1":"product","2":"type-product","3":"status-publish","4":"has-post-thumbnail","6":"product_cat-cbd-nahrungsergaenzungsmittel","7":"product_cat-energie-erganzungen","9":"first","10":"instock","11":"taxable","12":"shipping-taxable","13":"purchasable","14":"product-type-simple"},"yoast_head":"<!-- This site is optimized with the Yoast SEO Premium plugin v26.4 (Yoast SEO v27.4) - https:\/\/yoast.com\/product\/yoast-seo-premium-wordpress\/ -->\n<title>Bio-Tee 1-3% CBD - Energiespendend - Dutchmicrodosing<\/title>\n<meta name=\"description\" content=\"Beginnen Sie Ihren Tag frisch mit Organic Tea 1-3% CBD - Energising. Ein entkoffeinierter Bio-Kr\u00e4utertee mit gr\u00fcnem Tee, Hanf und Zitronen-Gurken-Aroma....\" \/>\n<meta name=\"robots\" content=\"index, follow, max-snippet:-1, max-image-preview:large, max-video-preview:-1\" \/>\n<link rel=\"canonical\" href=\"https:\/\/dutchmicrodosing.com\/de\/reformhaus\/cbd-nahrungsergaenzungsmittel\/organic-tea-1-3-cbd-energizing\/\" \/>\n<meta property=\"og:locale\" content=\"de_DE\" \/>\n<meta property=\"og:type\" content=\"article\" \/>\n<meta property=\"og:title\" content=\"Bio-Tee 1-3% CBD - Energiespendend\" \/>\n<meta property=\"og:description\" content=\"Bio-Tee 1-3% CBD - Energising von Plant of Remedy ist Ihr nat\u00fcrlicher Kickstart in den Tag oder ein frischer Schub f\u00fcr jeden Moment zwischendurch. Dieser\" \/>\n<meta property=\"og:url\" content=\"https:\/\/dutchmicrodosing.com\/de\/reformhaus\/cbd-nahrungsergaenzungsmittel\/organic-tea-1-3-cbd-energizing\/\" \/>\n<meta property=\"og:site_name\" content=\"Dutchmicrodosing\" \/>\n<meta property=\"article:publisher\" content=\"https:\/\/www.facebook.com\/Dutchmicrodosingxp\/\" \/>\n<meta property=\"article:modified_time\" content=\"2025-09-02T08:13:46+00:00\" \/>\n<meta property=\"og:image\" content=\"https:\/\/dutchmicrodosing.com\/wp-content\/uploads\/2025\/04\/wholesale-cbd-tea-energizing-plant-of-remedy_LRG.jpg\" \/>\n\t<meta property=\"og:image:width\" content=\"1600\" \/>\n\t<meta property=\"og:image:height\" content=\"1600\" \/>\n\t<meta property=\"og:image:type\" content=\"image\/jpeg\" \/>\n<meta name=\"twitter:card\" content=\"summary_large_image\" \/>\n<script type=\"application\/ld+json\" class=\"yoast-schema-graph\">{\"@context\":\"https:\\\/\\\/schema.org\",\"@graph\":[{\"@type\":\"WebPage\",\"@id\":\"https:\\\/\\\/dutchmicrodosing.com\\\/de\\\/reformhaus\\\/cbd-nahrungsergaenzungsmittel\\\/organic-tea-1-3-cbd-energizing\\\/\",\"url\":\"https:\\\/\\\/dutchmicrodosing.com\\\/de\\\/reformhaus\\\/cbd-nahrungsergaenzungsmittel\\\/organic-tea-1-3-cbd-energizing\\\/\",\"name\":\"Bio-Tee 1-3% CBD - Energiespendend - Dutchmicrodosing\",\"isPartOf\":{\"@id\":\"https:\\\/\\\/dutchmicrodosing.com\\\/de\\\/#website\"},\"primaryImageOfPage\":{\"@id\":\"https:\\\/\\\/dutchmicrodosing.com\\\/de\\\/reformhaus\\\/cbd-nahrungsergaenzungsmittel\\\/organic-tea-1-3-cbd-energizing\\\/#primaryimage\"},\"image\":{\"@id\":\"https:\\\/\\\/dutchmicrodosing.com\\\/de\\\/reformhaus\\\/cbd-nahrungsergaenzungsmittel\\\/organic-tea-1-3-cbd-energizing\\\/#primaryimage\"},\"thumbnailUrl\":\"https:\\\/\\\/dutchmicrodosing.com\\\/wp-content\\\/uploads\\\/2025\\\/04\\\/wholesale-cbd-tea-energizing-plant-of-remedy_LRG.jpg\",\"datePublished\":\"2025-04-08T09:53:28+00:00\",\"dateModified\":\"2025-09-02T08:13:46+00:00\",\"description\":\"Beginnen Sie Ihren Tag frisch mit Organic Tea 1-3% CBD - Energising. Ein entkoffeinierter Bio-Kr\u00e4utertee mit gr\u00fcnem Tee, Hanf und Zitronen-Gurken-Aroma....\",\"breadcrumb\":{\"@id\":\"https:\\\/\\\/dutchmicrodosing.com\\\/de\\\/reformhaus\\\/cbd-nahrungsergaenzungsmittel\\\/organic-tea-1-3-cbd-energizing\\\/#breadcrumb\"},\"inLanguage\":\"de\",\"potentialAction\":[{\"@type\":\"ReadAction\",\"target\":[\"https:\\\/\\\/dutchmicrodosing.com\\\/de\\\/reformhaus\\\/cbd-nahrungsergaenzungsmittel\\\/organic-tea-1-3-cbd-energizing\\\/\"]}]},{\"@type\":\"ImageObject\",\"inLanguage\":\"de\",\"@id\":\"https:\\\/\\\/dutchmicrodosing.com\\\/de\\\/reformhaus\\\/cbd-nahrungsergaenzungsmittel\\\/organic-tea-1-3-cbd-energizing\\\/#primaryimage\",\"url\":\"https:\\\/\\\/dutchmicrodosing.com\\\/wp-content\\\/uploads\\\/2025\\\/04\\\/wholesale-cbd-tea-energizing-plant-of-remedy_LRG.jpg\",\"contentUrl\":\"https:\\\/\\\/dutchmicrodosing.com\\\/wp-content\\\/uploads\\\/2025\\\/04\\\/wholesale-cbd-tea-energizing-plant-of-remedy_LRG.jpg\",\"width\":1600,\"height\":1600},{\"@type\":\"BreadcrumbList\",\"@id\":\"https:\\\/\\\/dutchmicrodosing.com\\\/de\\\/reformhaus\\\/cbd-nahrungsergaenzungsmittel\\\/organic-tea-1-3-cbd-energizing\\\/#breadcrumb\",\"itemListElement\":[{\"@type\":\"ListItem\",\"position\":1,\"name\":\"Home\",\"item\":\"https:\\\/\\\/dutchmicrodosing.com\\\/de\\\/\"},{\"@type\":\"ListItem\",\"position\":2,\"name\":\"Shop\",\"item\":\"https:\\\/\\\/dutchmicrodosing.com\\\/de\\\/shop\\\/\"},{\"@type\":\"ListItem\",\"position\":3,\"name\":\"Bio-Tee 1-3% CBD &#8211; Energiespendend\"}]},{\"@type\":\"WebSite\",\"@id\":\"https:\\\/\\\/dutchmicrodosing.com\\\/de\\\/#website\",\"url\":\"https:\\\/\\\/dutchmicrodosing.com\\\/de\\\/\",\"name\":\"Dutchmicrodosing\",\"description\":\"\",\"publisher\":{\"@id\":\"https:\\\/\\\/dutchmicrodosing.com\\\/de\\\/#organization\"},\"potentialAction\":[{\"@type\":\"SearchAction\",\"target\":{\"@type\":\"EntryPoint\",\"urlTemplate\":\"https:\\\/\\\/dutchmicrodosing.com\\\/de\\\/?s={search_term_string}\"},\"query-input\":{\"@type\":\"PropertyValueSpecification\",\"valueRequired\":true,\"valueName\":\"search_term_string\"}}],\"inLanguage\":\"de\"},{\"@type\":\"Organization\",\"@id\":\"https:\\\/\\\/dutchmicrodosing.com\\\/de\\\/#organization\",\"name\":\"Dutchmicrodosing\",\"url\":\"https:\\\/\\\/dutchmicrodosing.com\\\/de\\\/\",\"logo\":{\"@type\":\"ImageObject\",\"inLanguage\":\"de\",\"@id\":\"https:\\\/\\\/dutchmicrodosing.com\\\/de\\\/#\\\/schema\\\/logo\\\/image\\\/\",\"url\":\"https:\\\/\\\/dutchmicrodosing.com\\\/wp-content\\\/uploads\\\/2021\\\/01\\\/microdosing-categorie-pic-nieuw.jpg\",\"contentUrl\":\"https:\\\/\\\/dutchmicrodosing.com\\\/wp-content\\\/uploads\\\/2021\\\/01\\\/microdosing-categorie-pic-nieuw.jpg\",\"width\":500,\"height\":500,\"caption\":\"Dutchmicrodosing\"},\"image\":{\"@id\":\"https:\\\/\\\/dutchmicrodosing.com\\\/de\\\/#\\\/schema\\\/logo\\\/image\\\/\"},\"sameAs\":[\"https:\\\/\\\/www.facebook.com\\\/Dutchmicrodosingxp\\\/\",\"https:\\\/\\\/www.instagram.com\\\/dutchmicrodosing\\\/\"]}]}<\/script>\n<meta property=\"product:price:amount\" content=\"6.95\" \/>\n<meta property=\"product:price:currency\" content=\"EUR\" \/>\n<meta property=\"og:availability\" content=\"instock\" \/>\n<meta property=\"product:availability\" content=\"instock\" \/>\n<meta property=\"product:retailer_item_id\" content=\"5204840\" \/>\n<meta property=\"product:condition\" content=\"new\" \/>\n<!-- \/ Yoast SEO Premium plugin. -->","yoast_head_json":{"title":"Bio-Tee 1-3% CBD - Energiespendend - Dutchmicrodosing","description":"Beginnen Sie Ihren Tag frisch mit Organic Tea 1-3% CBD - Energising. Ein entkoffeinierter Bio-Kr\u00e4utertee mit gr\u00fcnem Tee, Hanf und Zitronen-Gurken-Aroma....","robots":{"index":"index","follow":"follow","max-snippet":"max-snippet:-1","max-image-preview":"max-image-preview:large","max-video-preview":"max-video-preview:-1"},"canonical":"https:\/\/dutchmicrodosing.com\/de\/reformhaus\/cbd-nahrungsergaenzungsmittel\/organic-tea-1-3-cbd-energizing\/","og_locale":"de_DE","og_type":"article","og_title":"Bio-Tee 1-3% CBD - Energiespendend","og_description":"Bio-Tee 1-3% CBD - Energising von Plant of Remedy ist Ihr nat\u00fcrlicher Kickstart in den Tag oder ein frischer Schub f\u00fcr jeden Moment zwischendurch. Dieser","og_url":"https:\/\/dutchmicrodosing.com\/de\/reformhaus\/cbd-nahrungsergaenzungsmittel\/organic-tea-1-3-cbd-energizing\/","og_site_name":"Dutchmicrodosing","article_publisher":"https:\/\/www.facebook.com\/Dutchmicrodosingxp\/","article_modified_time":"2025-09-02T08:13:46+00:00","og_image":[{"width":1600,"height":1600,"url":"https:\/\/dutchmicrodosing.com\/wp-content\/uploads\/2025\/04\/wholesale-cbd-tea-energizing-plant-of-remedy_LRG.jpg","type":"image\/jpeg"}],"twitter_card":"summary_large_image","schema":{"@context":"https:\/\/schema.org","@graph":[{"@type":"WebPage","@id":"https:\/\/dutchmicrodosing.com\/de\/reformhaus\/cbd-nahrungsergaenzungsmittel\/organic-tea-1-3-cbd-energizing\/","url":"https:\/\/dutchmicrodosing.com\/de\/reformhaus\/cbd-nahrungsergaenzungsmittel\/organic-tea-1-3-cbd-energizing\/","name":"Bio-Tee 1-3% CBD - Energiespendend - Dutchmicrodosing","isPartOf":{"@id":"https:\/\/dutchmicrodosing.com\/de\/#website"},"primaryImageOfPage":{"@id":"https:\/\/dutchmicrodosing.com\/de\/reformhaus\/cbd-nahrungsergaenzungsmittel\/organic-tea-1-3-cbd-energizing\/#primaryimage"},"image":{"@id":"https:\/\/dutchmicrodosing.com\/de\/reformhaus\/cbd-nahrungsergaenzungsmittel\/organic-tea-1-3-cbd-energizing\/#primaryimage"},"thumbnailUrl":"https:\/\/dutchmicrodosing.com\/wp-content\/uploads\/2025\/04\/wholesale-cbd-tea-energizing-plant-of-remedy_LRG.jpg","datePublished":"2025-04-08T09:53:28+00:00","dateModified":"2025-09-02T08:13:46+00:00","description":"Beginnen Sie Ihren Tag frisch mit Organic Tea 1-3% CBD - Energising. Ein entkoffeinierter Bio-Kr\u00e4utertee mit gr\u00fcnem Tee, Hanf und Zitronen-Gurken-Aroma....","breadcrumb":{"@id":"https:\/\/dutchmicrodosing.com\/de\/reformhaus\/cbd-nahrungsergaenzungsmittel\/organic-tea-1-3-cbd-energizing\/#breadcrumb"},"inLanguage":"de","potentialAction":[{"@type":"ReadAction","target":["https:\/\/dutchmicrodosing.com\/de\/reformhaus\/cbd-nahrungsergaenzungsmittel\/organic-tea-1-3-cbd-energizing\/"]}]},{"@type":"ImageObject","inLanguage":"de","@id":"https:\/\/dutchmicrodosing.com\/de\/reformhaus\/cbd-nahrungsergaenzungsmittel\/organic-tea-1-3-cbd-energizing\/#primaryimage","url":"https:\/\/dutchmicrodosing.com\/wp-content\/uploads\/2025\/04\/wholesale-cbd-tea-energizing-plant-of-remedy_LRG.jpg","contentUrl":"https:\/\/dutchmicrodosing.com\/wp-content\/uploads\/2025\/04\/wholesale-cbd-tea-energizing-plant-of-remedy_LRG.jpg","width":1600,"height":1600},{"@type":"BreadcrumbList","@id":"https:\/\/dutchmicrodosing.com\/de\/reformhaus\/cbd-nahrungsergaenzungsmittel\/organic-tea-1-3-cbd-energizing\/#breadcrumb","itemListElement":[{"@type":"ListItem","position":1,"name":"Home","item":"https:\/\/dutchmicrodosing.com\/de\/"},{"@type":"ListItem","position":2,"name":"Shop","item":"https:\/\/dutchmicrodosing.com\/de\/shop\/"},{"@type":"ListItem","position":3,"name":"Bio-Tee 1-3% CBD &#8211; Energiespendend"}]},{"@type":"WebSite","@id":"https:\/\/dutchmicrodosing.com\/de\/#website","url":"https:\/\/dutchmicrodosing.com\/de\/","name":"Dutchmicrodosing","description":"","publisher":{"@id":"https:\/\/dutchmicrodosing.com\/de\/#organization"},"potentialAction":[{"@type":"SearchAction","target":{"@type":"EntryPoint","urlTemplate":"https:\/\/dutchmicrodosing.com\/de\/?s={search_term_string}"},"query-input":{"@type":"PropertyValueSpecification","valueRequired":true,"valueName":"search_term_string"}}],"inLanguage":"de"},{"@type":"Organization","@id":"https:\/\/dutchmicrodosing.com\/de\/#organization","name":"Dutchmicrodosing","url":"https:\/\/dutchmicrodosing.com\/de\/","logo":{"@type":"ImageObject","inLanguage":"de","@id":"https:\/\/dutchmicrodosing.com\/de\/#\/schema\/logo\/image\/","url":"https:\/\/dutchmicrodosing.com\/wp-content\/uploads\/2021\/01\/microdosing-categorie-pic-nieuw.jpg","contentUrl":"https:\/\/dutchmicrodosing.com\/wp-content\/uploads\/2021\/01\/microdosing-categorie-pic-nieuw.jpg","width":500,"height":500,"caption":"Dutchmicrodosing"},"image":{"@id":"https:\/\/dutchmicrodosing.com\/de\/#\/schema\/logo\/image\/"},"sameAs":["https:\/\/www.facebook.com\/Dutchmicrodosingxp\/","https:\/\/www.instagram.com\/dutchmicrodosing\/"]}]},"product_price_amount":"6.95","product_price_currency":"EUR","og_availability":"instock","product_availability":"instock","product_retailer_item_id":"5204840","product_condition":"new"},"_links":{"self":[{"href":"https:\/\/dutchmicrodosing.com\/de\/wp-json\/wp\/v2\/product\/47039","targetHints":{"allow":["GET"]}}],"collection":[{"href":"https:\/\/dutchmicrodosing.com\/de\/wp-json\/wp\/v2\/product"}],"about":[{"href":"https:\/\/dutchmicrodosing.com\/de\/wp-json\/wp\/v2\/types\/product"}],"replies":[{"embeddable":true,"href":"https:\/\/dutchmicrodosing.com\/de\/wp-json\/wp\/v2\/comments?post=47039"}],"version-history":[{"count":0,"href":"https:\/\/dutchmicrodosing.com\/de\/wp-json\/wp\/v2\/product\/47039\/revisions"}],"wp:featuredmedia":[{"embeddable":true,"href":"https:\/\/dutchmicrodosing.com\/de\/wp-json\/wp\/v2\/media\/47032"}],"wp:attachment":[{"href":"https:\/\/dutchmicrodosing.com\/de\/wp-json\/wp\/v2\/media?parent=47039"}],"wp:term":[{"taxonomy":"product_brand","embeddable":true,"href":"https:\/\/dutchmicrodosing.com\/de\/wp-json\/wp\/v2\/product_brand?post=47039"},{"taxonomy":"product_cat","embeddable":true,"href":"https:\/\/dutchmicrodosing.com\/de\/wp-json\/wp\/v2\/product_cat?post=47039"},{"taxonomy":"product_tag","embeddable":true,"href":"https:\/\/dutchmicrodosing.com\/de\/wp-json\/wp\/v2\/product_tag?post=47039"}],"curies":[{"name":"wp","href":"https:\/\/api.w.org\/{rel}","templated":true}]}}