{"id":47166,"date":"2025-04-16T08:18:41","date_gmt":"2025-04-16T06:18:41","guid":{"rendered":"https:\/\/dutchmicrodosing.com\/shop\/unkategorisiert\/copelandia-madagascar-paddo-kweekset\/"},"modified":"2025-08-19T08:41:50","modified_gmt":"2025-08-19T06:41:50","slug":"copelandia-madagascar-paddo-kweekset","status":"publish","type":"product","link":"https:\/\/dutchmicrodosing.com\/de\/zauberpilze-zuchtsets\/growkit-angebote\/copelandia-madagascar-paddo-kweekset\/","title":{"rendered":"Copelandia Madagaskar Pilz Anbausatz"},"content":{"rendered":"<p>Das <strong>Copelandia Madagascar Mushroom Grow Kit<\/strong> ist etwas f\u00fcr echte Enthusiasten. Diese besondere Art ist f\u00fcr ein auff\u00e4lliges Wachstumsmuster bekannt: Die erste Bl\u00fcte erscheint oft an den R\u00e4ndern des Beh\u00e4lters, w\u00e4hrend sich sp\u00e4tere Bl\u00fcten zur Mitte hin ausbreiten. Das Ergebnis? Ein dichter, nach oben wachsender &#8222;Dschungel&#8220; von Pilzen &#8211; ein beeindruckender Anblick und ein sch\u00f6ner Ertrag.<\/p>\n<p>Diese Sorte hat ihren Ursprung im tropischen Klima von Madagaskar. Dank des fruchtbaren Bodens und der Anwesenheit von Vieh schuf diese Umgebung die perfekten Bedingungen f\u00fcr das Aufkommen dieses potenten Psilocybin-Pilzes. Der Name &#8218;Madagaskar&#8216; bezieht sich auf eine bestimmte genetische Linie, die von wilden Pilzen der Insel abstammt. Inzwischen wird diese Sorte wegen ihrer kompakten Wuchsform und ihrer starken Wirkung angebaut.<\/p>\n<p>Verglichen mit der bekannten <em>Psilocybe cubensis<\/em> enth\u00e4lt Copelandia Madagascar bis zu dreimal mehr aktive Substanzen (wie Psilocin und Psilocybin) pro Gramm. Das bedeutet: eine geringere Dosis reicht bereits f\u00fcr ein tiefgreifendes Erlebnis. Ideal f\u00fcr fortgeschrittene Benutzer, die bewusst reisen m\u00f6chten.<\/p>\n<h3>Eigenschaften<\/h3>\n<ul>\n<li>Spezifische Arten mit einem einzigartigen Wachstumsmuster: vom Rand zur Mitte<\/li>\n<li>Bildet dichte Trauben f\u00fcr eine volle Ernte<\/li>\n<li>Einfach zu pflegen mit klaren Anweisungen<\/li>\n<li>Geeignet f\u00fcr mehrere Wachstumszyklen<\/li>\n<li>Komplettset: Sie m\u00fcssen nichts extra kaufen<\/li>\n<\/ul>\n<h3>Zutaten und\/oder Zusammensetzung<\/h3>\n<ul>\n<li>Aufzuchtbeh\u00e4lter mit aktivem N\u00e4hrsubstrat<\/li>\n<li>Mineralische Deckschicht f\u00fcr optimale Feuchtigkeitsregulierung<\/li>\n<li>Luftdichter Wachstumsbeutel mit Verschlussclip<\/li>\n<\/ul>\n<h3>Verwenden Sie<\/h3>\n<p>Waschen Sie Ihre H\u00e4nde gr\u00fcndlich mit Wasser und Seife. Verwenden Sie vorzugsweise Handschuhe und eventuell einen Mundschutz, um das Set sauber zu halten. Dann folgen Sie einfach den unten stehenden Anweisungen:<\/p>\n<p><span dir=\"ltr\" lang=\"EN-US\">1. Hygiene ist wichtig.<\/span><br \/>\n<span dir=\"ltr\" lang=\"EN-US\">Waschen Sie Ihre H\u00e4nde gr\u00fcndlich mit Seife. Verwenden Sie vorzugsweise Handschuhe und eventuell einen Mundschutz.<\/span><\/p>\n<p><span dir=\"ltr\" lang=\"EN-US\">2. Vorbereitung.<\/span><br \/>\n<span dir=\"ltr\" lang=\"EN-US\">Verteilen Sie die oberste Mineralschicht gleichm\u00e4\u00dfig auf der Oberfl\u00e4che des Untergrunds. Verwenden Sie saubere Handschuhe oder einen Spatel.<\/span><\/p>\n<p><span dir=\"ltr\" lang=\"EN-US\">3. Befeuchten und Starten.<\/span><br \/>\n<span dir=\"ltr\" lang=\"EN-US\">Stellen Sie den Beh\u00e4lter in den Kulturbeutel.<\/span><br \/>\n<span dir=\"ltr\" lang=\"EN-US\">Bespr\u00fchen Sie die Oberseite und die Innenseite des Beutels gro\u00dfz\u00fcgig (nicht durchn\u00e4ssen). Verschlie\u00dfen Sie die Tasche mit einem Clip. Achten Sie darauf, dass gen\u00fcgend Frischluft in der Tasche ist.<\/span><\/p>\n<p><span dir=\"ltr\" lang=\"EN-US\">4. T\u00e4gliche Pflege.<\/span><br \/>\n<span dir=\"ltr\" lang=\"EN-US\">\u00d6ffnen Sie den Beutel 1-2 Mal pro Tag zum Luftaustausch. Befeuchten Sie die Innenw\u00e4nde des Beutels und die Oberfl\u00e4che leicht, um ein Austrocknen zu verhindern.<\/span><\/p>\n<p><span dir=\"ltr\" lang=\"EN-US\">5. Wichtig!<\/span><br \/>\n<span dir=\"ltr\" lang=\"EN-US\">Sobald die ersten Fruchtstrukturen sichtbar werden, stellen Sie das Spr\u00fchen ein.<\/span><br \/>\n<span dir=\"ltr\" lang=\"EN-US\">Von da an ist nur noch ein Luftaustausch (2-3x pro Tag) erforderlich. Direkte Benetzung kann das Wachstum st\u00f6ren.<\/span><\/p>\n<p><span dir=\"ltr\" lang=\"EN-US\">6. Ernten.<\/span><br \/>\n<span dir=\"ltr\" lang=\"EN-US\">Die Strukturen sind nach 5-7 Tagen erntereif. Schrauben Sie sie vorsichtig an der Basis ab. Idealerweise der Moment, in dem dunkle Spuren sichtbar werden.<\/span><\/p>\n<p><span dir=\"ltr\" lang=\"EN-US\">7. N\u00e4chster Wachstumszyklus.<\/span><br \/>\n<span dir=\"ltr\" lang=\"EN-US\">Befeuchten Sie die Pflanzen nach der Ernte aus etwa 10 cm Entfernung erneut leicht. Ein wenig Wasser am Boden ist akzeptabel &#8211; gie\u00dfen Sie \u00fcbersch\u00fcssige Feuchtigkeit sp\u00e4ter ab. Der neue Zyklus beginnt automatisch.<\/span><\/p>\n<h3><span dir=\"ltr\" lang=\"EN-US\">Umweltbedingungen:<\/span><\/h3>\n<p><span dir=\"ltr\" lang=\"EN-US\">Start-up-Phase:<\/span><br \/>\n<span dir=\"ltr\" lang=\"EN-US\">&#8211; Temperatur: 21-26 \u00b0C<\/span><br \/>\n<span dir=\"ltr\" lang=\"EN-US\">&#8211; Luftfeuchtigkeit: 95-100%<\/span><\/p>\n<p><span dir=\"ltr\" lang=\"EN-US\">Phase der Befruchtung:<\/span><br \/>\n<span dir=\"ltr\" lang=\"EN-US\">&#8211; Temperatur: 21-26 \u00b0C<\/span><br \/>\n<span dir=\"ltr\" lang=\"EN-US\">&#8211; Luftfeuchtigkeit: 90-95%<\/span><\/p>\n<h3>Inhalt<\/h3>\n<ul>\n<li>1x Aufzuchtbecken mit Substrat (1200cc)<\/li>\n<li>1x mineralischer Decklack<\/li>\n<li>1x luftdichter Wachstumsbeutel mit Clip<\/li>\n<\/ul>\n","protected":false},"excerpt":{"rendered":"<p>Das Copelandia Madagascar Mushroom Grow Kit ist etwas f\u00fcr echte Enthusiasten. Diese besondere Art ist f\u00fcr ein auff\u00e4lliges Wachstumsmuster bekannt: Die erste Bl\u00fcte erscheint oft an den R\u00e4ndern des Beh\u00e4lters, w\u00e4hrend sich sp\u00e4tere Bl\u00fcten zur Mitte hin ausbreiten. Das Ergebnis? Ein dichter, nach oben wachsender &#8222;Dschungel&#8220; von Pilzen &#8211; ein beeindruckender Anblick und ein sch\u00f6ner [&hellip;]<\/p>\n","protected":false},"featured_media":65312,"comment_status":"closed","ping_status":"closed","template":"","meta":[],"product_brand":[],"product_cat":[409],"product_tag":[],"class_list":{"0":"post-47166","1":"product","2":"type-product","3":"status-publish","4":"has-post-thumbnail","6":"product_cat-spezielle-pilz-growkits","8":"first","9":"instock","10":"taxable","11":"shipping-taxable","12":"purchasable","13":"product-type-simple"},"yoast_head":"<!-- This site is optimized with the Yoast SEO Premium plugin v26.4 (Yoast SEO v27.2) - https:\/\/yoast.com\/product\/yoast-seo-premium-wordpress\/ -->\n<title>Copelandia Madagaskar Pilz Anbausatz - Dutchmicrodosing<\/title>\n<meta name=\"description\" content=\"Erleben Sie tiefe Reisen und spirituelle Einsichten mit dem Copelandia Madagascar Magic Mushroom Grow Kit. Eine einzigartige Pilzsorte f\u00fcr bewusste, spirituelle Reisende.\" \/>\n<meta name=\"robots\" content=\"index, follow, max-snippet:-1, max-image-preview:large, max-video-preview:-1\" \/>\n<link rel=\"canonical\" href=\"https:\/\/dutchmicrodosing.com\/de\/zauberpilze-zuchtsets\/growkit-angebote\/copelandia-madagascar-paddo-kweekset\/\" \/>\n<meta property=\"og:locale\" content=\"de_DE\" \/>\n<meta property=\"og:type\" content=\"article\" \/>\n<meta property=\"og:title\" content=\"Copelandia Madagaskar Pilz Anbausatz\" \/>\n<meta property=\"og:description\" content=\"Das Copelandia Madagascar Mushroom Grow Kit ist etwas f\u00fcr echte Enthusiasten. Diese besondere Art ist f\u00fcr ein auff\u00e4lliges Wachstumsmuster bekannt: Die\" \/>\n<meta property=\"og:url\" content=\"https:\/\/dutchmicrodosing.com\/de\/zauberpilze-zuchtsets\/growkit-angebote\/copelandia-madagascar-paddo-kweekset\/\" \/>\n<meta property=\"og:site_name\" content=\"Dutchmicrodosing\" \/>\n<meta property=\"article:publisher\" content=\"https:\/\/www.facebook.com\/Dutchmicrodosingxp\/\" \/>\n<meta property=\"article:modified_time\" content=\"2025-08-19T06:41:50+00:00\" \/>\n<meta property=\"og:image\" content=\"https:\/\/dutchmicrodosing.com\/wp-content\/uploads\/2025\/04\/4106-5079-2.jpg\" \/>\n\t<meta property=\"og:image:width\" content=\"300\" \/>\n\t<meta property=\"og:image:height\" content=\"300\" \/>\n\t<meta property=\"og:image:type\" content=\"image\/jpeg\" \/>\n<meta name=\"twitter:card\" content=\"summary_large_image\" \/>\n<script type=\"application\/ld+json\" class=\"yoast-schema-graph\">{\"@context\":\"https:\/\/schema.org\",\"@graph\":[{\"@type\":\"WebPage\",\"@id\":\"https:\/\/dutchmicrodosing.com\/de\/zauberpilze-zuchtsets\/growkit-angebote\/copelandia-madagascar-paddo-kweekset\/\",\"url\":\"https:\/\/dutchmicrodosing.com\/de\/zauberpilze-zuchtsets\/growkit-angebote\/copelandia-madagascar-paddo-kweekset\/\",\"name\":\"Copelandia Madagaskar Pilz Anbausatz - Dutchmicrodosing\",\"isPartOf\":{\"@id\":\"https:\/\/dutchmicrodosing.com\/de\/#website\"},\"primaryImageOfPage\":{\"@id\":\"https:\/\/dutchmicrodosing.com\/de\/zauberpilze-zuchtsets\/growkit-angebote\/copelandia-madagascar-paddo-kweekset\/#primaryimage\"},\"image\":{\"@id\":\"https:\/\/dutchmicrodosing.com\/de\/zauberpilze-zuchtsets\/growkit-angebote\/copelandia-madagascar-paddo-kweekset\/#primaryimage\"},\"thumbnailUrl\":\"https:\/\/dutchmicrodosing.com\/wp-content\/uploads\/2025\/04\/c23581a5-9918-494b-afd2-1af44bc516c6.png\",\"datePublished\":\"2025-04-16T06:18:41+00:00\",\"dateModified\":\"2025-08-19T06:41:50+00:00\",\"description\":\"Erleben Sie tiefe Reisen und spirituelle Einsichten mit dem Copelandia Madagascar Magic Mushroom Grow Kit. Eine einzigartige Pilzsorte f\u00fcr bewusste, spirituelle Reisende.\",\"breadcrumb\":{\"@id\":\"https:\/\/dutchmicrodosing.com\/de\/zauberpilze-zuchtsets\/growkit-angebote\/copelandia-madagascar-paddo-kweekset\/#breadcrumb\"},\"inLanguage\":\"de\",\"potentialAction\":[{\"@type\":\"ReadAction\",\"target\":[\"https:\/\/dutchmicrodosing.com\/de\/zauberpilze-zuchtsets\/growkit-angebote\/copelandia-madagascar-paddo-kweekset\/\"]}]},{\"@type\":\"ImageObject\",\"inLanguage\":\"de\",\"@id\":\"https:\/\/dutchmicrodosing.com\/de\/zauberpilze-zuchtsets\/growkit-angebote\/copelandia-madagascar-paddo-kweekset\/#primaryimage\",\"url\":\"https:\/\/dutchmicrodosing.com\/wp-content\/uploads\/2025\/04\/c23581a5-9918-494b-afd2-1af44bc516c6.png\",\"contentUrl\":\"https:\/\/dutchmicrodosing.com\/wp-content\/uploads\/2025\/04\/c23581a5-9918-494b-afd2-1af44bc516c6.png\",\"width\":1536,\"height\":1024},{\"@type\":\"BreadcrumbList\",\"@id\":\"https:\/\/dutchmicrodosing.com\/de\/zauberpilze-zuchtsets\/growkit-angebote\/copelandia-madagascar-paddo-kweekset\/#breadcrumb\",\"itemListElement\":[{\"@type\":\"ListItem\",\"position\":1,\"name\":\"Home\",\"item\":\"https:\/\/dutchmicrodosing.com\/de\/\"},{\"@type\":\"ListItem\",\"position\":2,\"name\":\"Shop\",\"item\":\"https:\/\/dutchmicrodosing.com\/de\/shop\/\"},{\"@type\":\"ListItem\",\"position\":3,\"name\":\"Copelandia Madagaskar Pilz Anbausatz\"}]},{\"@type\":\"WebSite\",\"@id\":\"https:\/\/dutchmicrodosing.com\/de\/#website\",\"url\":\"https:\/\/dutchmicrodosing.com\/de\/\",\"name\":\"Dutchmicrodosing\",\"description\":\"\",\"publisher\":{\"@id\":\"https:\/\/dutchmicrodosing.com\/de\/#organization\"},\"potentialAction\":[{\"@type\":\"SearchAction\",\"target\":{\"@type\":\"EntryPoint\",\"urlTemplate\":\"https:\/\/dutchmicrodosing.com\/de\/?s={search_term_string}\"},\"query-input\":{\"@type\":\"PropertyValueSpecification\",\"valueRequired\":true,\"valueName\":\"search_term_string\"}}],\"inLanguage\":\"de\"},{\"@type\":\"Organization\",\"@id\":\"https:\/\/dutchmicrodosing.com\/de\/#organization\",\"name\":\"Dutchmicrodosing\",\"url\":\"https:\/\/dutchmicrodosing.com\/de\/\",\"logo\":{\"@type\":\"ImageObject\",\"inLanguage\":\"de\",\"@id\":\"https:\/\/dutchmicrodosing.com\/de\/#\/schema\/logo\/image\/\",\"url\":\"https:\/\/dutchmicrodosing.com\/wp-content\/uploads\/2021\/01\/microdosing-categorie-pic-nieuw.jpg\",\"contentUrl\":\"https:\/\/dutchmicrodosing.com\/wp-content\/uploads\/2021\/01\/microdosing-categorie-pic-nieuw.jpg\",\"width\":500,\"height\":500,\"caption\":\"Dutchmicrodosing\"},\"image\":{\"@id\":\"https:\/\/dutchmicrodosing.com\/de\/#\/schema\/logo\/image\/\"},\"sameAs\":[\"https:\/\/www.facebook.com\/Dutchmicrodosingxp\/\",\"https:\/\/www.instagram.com\/dutchmicrodosing\/\"]}]}<\/script>\n<meta property=\"product:price:amount\" content=\"63.95\" \/>\n<meta property=\"product:price:currency\" content=\"EUR\" \/>\n<meta property=\"og:availability\" content=\"instock\" \/>\n<meta property=\"product:availability\" content=\"instock\" \/>\n<meta property=\"product:retailer_item_id\" content=\"5204268\" \/>\n<meta property=\"product:condition\" content=\"new\" \/>\n<!-- \/ Yoast SEO Premium plugin. -->","yoast_head_json":{"title":"Copelandia Madagaskar Pilz Anbausatz - Dutchmicrodosing","description":"Erleben Sie tiefe Reisen und spirituelle Einsichten mit dem Copelandia Madagascar Magic Mushroom Grow Kit. Eine einzigartige Pilzsorte f\u00fcr bewusste, spirituelle Reisende.","robots":{"index":"index","follow":"follow","max-snippet":"max-snippet:-1","max-image-preview":"max-image-preview:large","max-video-preview":"max-video-preview:-1"},"canonical":"https:\/\/dutchmicrodosing.com\/de\/zauberpilze-zuchtsets\/growkit-angebote\/copelandia-madagascar-paddo-kweekset\/","og_locale":"de_DE","og_type":"article","og_title":"Copelandia Madagaskar Pilz Anbausatz","og_description":"Das Copelandia Madagascar Mushroom Grow Kit ist etwas f\u00fcr echte Enthusiasten. Diese besondere Art ist f\u00fcr ein auff\u00e4lliges Wachstumsmuster bekannt: Die","og_url":"https:\/\/dutchmicrodosing.com\/de\/zauberpilze-zuchtsets\/growkit-angebote\/copelandia-madagascar-paddo-kweekset\/","og_site_name":"Dutchmicrodosing","article_publisher":"https:\/\/www.facebook.com\/Dutchmicrodosingxp\/","article_modified_time":"2025-08-19T06:41:50+00:00","og_image":[{"width":300,"height":300,"url":"https:\/\/dutchmicrodosing.com\/wp-content\/uploads\/2025\/04\/4106-5079-2.jpg","type":"image\/jpeg"}],"twitter_card":"summary_large_image","schema":{"@context":"https:\/\/schema.org","@graph":[{"@type":"WebPage","@id":"https:\/\/dutchmicrodosing.com\/de\/zauberpilze-zuchtsets\/growkit-angebote\/copelandia-madagascar-paddo-kweekset\/","url":"https:\/\/dutchmicrodosing.com\/de\/zauberpilze-zuchtsets\/growkit-angebote\/copelandia-madagascar-paddo-kweekset\/","name":"Copelandia Madagaskar Pilz Anbausatz - Dutchmicrodosing","isPartOf":{"@id":"https:\/\/dutchmicrodosing.com\/de\/#website"},"primaryImageOfPage":{"@id":"https:\/\/dutchmicrodosing.com\/de\/zauberpilze-zuchtsets\/growkit-angebote\/copelandia-madagascar-paddo-kweekset\/#primaryimage"},"image":{"@id":"https:\/\/dutchmicrodosing.com\/de\/zauberpilze-zuchtsets\/growkit-angebote\/copelandia-madagascar-paddo-kweekset\/#primaryimage"},"thumbnailUrl":"https:\/\/dutchmicrodosing.com\/wp-content\/uploads\/2025\/04\/c23581a5-9918-494b-afd2-1af44bc516c6.png","datePublished":"2025-04-16T06:18:41+00:00","dateModified":"2025-08-19T06:41:50+00:00","description":"Erleben Sie tiefe Reisen und spirituelle Einsichten mit dem Copelandia Madagascar Magic Mushroom Grow Kit. Eine einzigartige Pilzsorte f\u00fcr bewusste, spirituelle Reisende.","breadcrumb":{"@id":"https:\/\/dutchmicrodosing.com\/de\/zauberpilze-zuchtsets\/growkit-angebote\/copelandia-madagascar-paddo-kweekset\/#breadcrumb"},"inLanguage":"de","potentialAction":[{"@type":"ReadAction","target":["https:\/\/dutchmicrodosing.com\/de\/zauberpilze-zuchtsets\/growkit-angebote\/copelandia-madagascar-paddo-kweekset\/"]}]},{"@type":"ImageObject","inLanguage":"de","@id":"https:\/\/dutchmicrodosing.com\/de\/zauberpilze-zuchtsets\/growkit-angebote\/copelandia-madagascar-paddo-kweekset\/#primaryimage","url":"https:\/\/dutchmicrodosing.com\/wp-content\/uploads\/2025\/04\/c23581a5-9918-494b-afd2-1af44bc516c6.png","contentUrl":"https:\/\/dutchmicrodosing.com\/wp-content\/uploads\/2025\/04\/c23581a5-9918-494b-afd2-1af44bc516c6.png","width":1536,"height":1024},{"@type":"BreadcrumbList","@id":"https:\/\/dutchmicrodosing.com\/de\/zauberpilze-zuchtsets\/growkit-angebote\/copelandia-madagascar-paddo-kweekset\/#breadcrumb","itemListElement":[{"@type":"ListItem","position":1,"name":"Home","item":"https:\/\/dutchmicrodosing.com\/de\/"},{"@type":"ListItem","position":2,"name":"Shop","item":"https:\/\/dutchmicrodosing.com\/de\/shop\/"},{"@type":"ListItem","position":3,"name":"Copelandia Madagaskar Pilz Anbausatz"}]},{"@type":"WebSite","@id":"https:\/\/dutchmicrodosing.com\/de\/#website","url":"https:\/\/dutchmicrodosing.com\/de\/","name":"Dutchmicrodosing","description":"","publisher":{"@id":"https:\/\/dutchmicrodosing.com\/de\/#organization"},"potentialAction":[{"@type":"SearchAction","target":{"@type":"EntryPoint","urlTemplate":"https:\/\/dutchmicrodosing.com\/de\/?s={search_term_string}"},"query-input":{"@type":"PropertyValueSpecification","valueRequired":true,"valueName":"search_term_string"}}],"inLanguage":"de"},{"@type":"Organization","@id":"https:\/\/dutchmicrodosing.com\/de\/#organization","name":"Dutchmicrodosing","url":"https:\/\/dutchmicrodosing.com\/de\/","logo":{"@type":"ImageObject","inLanguage":"de","@id":"https:\/\/dutchmicrodosing.com\/de\/#\/schema\/logo\/image\/","url":"https:\/\/dutchmicrodosing.com\/wp-content\/uploads\/2021\/01\/microdosing-categorie-pic-nieuw.jpg","contentUrl":"https:\/\/dutchmicrodosing.com\/wp-content\/uploads\/2021\/01\/microdosing-categorie-pic-nieuw.jpg","width":500,"height":500,"caption":"Dutchmicrodosing"},"image":{"@id":"https:\/\/dutchmicrodosing.com\/de\/#\/schema\/logo\/image\/"},"sameAs":["https:\/\/www.facebook.com\/Dutchmicrodosingxp\/","https:\/\/www.instagram.com\/dutchmicrodosing\/"]}]},"product_price_amount":"63.95","product_price_currency":"EUR","og_availability":"instock","product_availability":"instock","product_retailer_item_id":"5204268","product_condition":"new"},"_links":{"self":[{"href":"https:\/\/dutchmicrodosing.com\/de\/wp-json\/wp\/v2\/product\/47166","targetHints":{"allow":["GET"]}}],"collection":[{"href":"https:\/\/dutchmicrodosing.com\/de\/wp-json\/wp\/v2\/product"}],"about":[{"href":"https:\/\/dutchmicrodosing.com\/de\/wp-json\/wp\/v2\/types\/product"}],"replies":[{"embeddable":true,"href":"https:\/\/dutchmicrodosing.com\/de\/wp-json\/wp\/v2\/comments?post=47166"}],"version-history":[{"count":0,"href":"https:\/\/dutchmicrodosing.com\/de\/wp-json\/wp\/v2\/product\/47166\/revisions"}],"wp:featuredmedia":[{"embeddable":true,"href":"https:\/\/dutchmicrodosing.com\/de\/wp-json\/wp\/v2\/media\/65312"}],"wp:attachment":[{"href":"https:\/\/dutchmicrodosing.com\/de\/wp-json\/wp\/v2\/media?parent=47166"}],"wp:term":[{"taxonomy":"product_brand","embeddable":true,"href":"https:\/\/dutchmicrodosing.com\/de\/wp-json\/wp\/v2\/product_brand?post=47166"},{"taxonomy":"product_cat","embeddable":true,"href":"https:\/\/dutchmicrodosing.com\/de\/wp-json\/wp\/v2\/product_cat?post=47166"},{"taxonomy":"product_tag","embeddable":true,"href":"https:\/\/dutchmicrodosing.com\/de\/wp-json\/wp\/v2\/product_tag?post=47166"}],"curies":[{"name":"wp","href":"https:\/\/api.w.org\/{rel}","templated":true}]}}