{"id":4732,"date":"2021-04-14T08:34:36","date_gmt":"2021-04-14T06:34:36","guid":{"rendered":"https:\/\/dutchmicrodosing.com\/shop\/unkategorisiert\/hygrometer-thermometer\/"},"modified":"2026-02-03T16:42:16","modified_gmt":"2026-02-03T15:42:16","slug":"magic-mushroom-hygrometer-thermometer","status":"publish","type":"product","link":"https:\/\/dutchmicrodosing.com\/de\/zauberpilze-zuchtsets\/fresh-mushrooms-zuchtset\/magic-mushroom-hygrometer-thermometer\/","title":{"rendered":"Hygrometer \/ Thermometer"},"content":{"rendered":"<p>Ein Magic Mushroom Hygrometer\/Thermometer ist f\u00fcr die Kultivierung von Magic Mushrooms unerl\u00e4sslich. Beim Anbau von Psilocybe-Pilzen ist es wichtig, die Temperatur messen zu k\u00f6nnen, um das Auftauchen (der Pilze) und gr\u00f6\u00dfere Ernten zu realisieren. Eine konstante Luftfeuchtigkeit von 90% und eine Temperatur zwischen 21 und 27\u00b0 C ist ideal f\u00fcr eine maximale Psilocybe-Pilzernte. Dieses digitale Hygro \/ Thermometer misst sowohl die Luftfeuchtigkeit als auch die Temperatur.<\/p>\n<ul>\n<li>Hygrometer (Feuchtigkeitsmesser)<\/li>\n<li>Thermometer<\/li>\n<li>Digitale Anzeige<\/li>\n<\/ul>\n","protected":false},"excerpt":{"rendered":"<p>Ein Magic Mushroom Hygrometer\/Thermometer ist f\u00fcr die Kultivierung von Magic Mushrooms unerl\u00e4sslich. Beim Anbau von Psilocybe-Pilzen ist es wichtig, die Temperatur messen zu k\u00f6nnen, um das Auftauchen (der Pilze) und gr\u00f6\u00dfere Ernten zu realisieren. Eine konstante Luftfeuchtigkeit von 90% und eine Temperatur zwischen 21 und 27\u00b0 C ist ideal f\u00fcr eine maximale Psilocybe-Pilzernte. Dieses digitale [&hellip;]<\/p>\n","protected":false},"featured_media":21839,"comment_status":"closed","ping_status":"closed","template":"","meta":[],"product_brand":[],"product_cat":[656],"product_tag":[],"class_list":{"0":"post-4732","1":"product","2":"type-product","3":"status-publish","4":"has-post-thumbnail","6":"product_cat-pilzzuchtzubehor","8":"first","9":"instock","10":"taxable","11":"shipping-taxable","12":"purchasable","13":"product-type-simple"},"yoast_head":"<!-- This site is optimized with the Yoast SEO Premium plugin v26.4 (Yoast SEO v27.2) - https:\/\/yoast.com\/product\/yoast-seo-premium-wordpress\/ -->\n<title>Hygrometer \/ Thermometer - Dutchmicrodosing<\/title>\n<meta name=\"robots\" content=\"index, follow, max-snippet:-1, max-image-preview:large, max-video-preview:-1\" \/>\n<link rel=\"canonical\" href=\"https:\/\/dutchmicrodosing.com\/de\/zauberpilze-zuchtsets\/fresh-mushrooms-zuchtset\/magic-mushroom-hygrometer-thermometer\/\" \/>\n<meta property=\"og:locale\" content=\"de_DE\" \/>\n<meta property=\"og:type\" content=\"article\" \/>\n<meta property=\"og:title\" content=\"Hygrometer \/ Thermometer\" \/>\n<meta property=\"og:description\" content=\"Ein Magic Mushroom Hygrometer\/Thermometer ist f\u00fcr die Kultivierung von Magic Mushrooms unerl\u00e4sslich. Beim Anbau von Psilocybe-Pilzen ist es wichtig, die\" \/>\n<meta property=\"og:url\" content=\"https:\/\/dutchmicrodosing.com\/de\/zauberpilze-zuchtsets\/fresh-mushrooms-zuchtset\/magic-mushroom-hygrometer-thermometer\/\" \/>\n<meta property=\"og:site_name\" content=\"Dutchmicrodosing\" \/>\n<meta property=\"article:publisher\" content=\"https:\/\/www.facebook.com\/Dutchmicrodosingxp\/\" \/>\n<meta property=\"article:modified_time\" content=\"2026-02-03T15:42:16+00:00\" \/>\n<meta property=\"og:image\" content=\"https:\/\/dutchmicrodosing.com\/wp-content\/uploads\/2021\/04\/hygro-tempratuurmeter.png\" \/>\n\t<meta property=\"og:image:width\" content=\"732\" \/>\n\t<meta property=\"og:image:height\" content=\"590\" \/>\n\t<meta property=\"og:image:type\" content=\"image\/png\" \/>\n<meta name=\"twitter:card\" content=\"summary_large_image\" \/>\n<script type=\"application\/ld+json\" class=\"yoast-schema-graph\">{\"@context\":\"https:\/\/schema.org\",\"@graph\":[{\"@type\":\"WebPage\",\"@id\":\"https:\/\/dutchmicrodosing.com\/de\/zauberpilze-zuchtsets\/fresh-mushrooms-zuchtset\/magic-mushroom-hygrometer-thermometer\/\",\"url\":\"https:\/\/dutchmicrodosing.com\/de\/zauberpilze-zuchtsets\/fresh-mushrooms-zuchtset\/magic-mushroom-hygrometer-thermometer\/\",\"name\":\"Hygrometer \/ Thermometer - Dutchmicrodosing\",\"isPartOf\":{\"@id\":\"https:\/\/dutchmicrodosing.com\/de\/#website\"},\"primaryImageOfPage\":{\"@id\":\"https:\/\/dutchmicrodosing.com\/de\/zauberpilze-zuchtsets\/fresh-mushrooms-zuchtset\/magic-mushroom-hygrometer-thermometer\/#primaryimage\"},\"image\":{\"@id\":\"https:\/\/dutchmicrodosing.com\/de\/zauberpilze-zuchtsets\/fresh-mushrooms-zuchtset\/magic-mushroom-hygrometer-thermometer\/#primaryimage\"},\"thumbnailUrl\":\"https:\/\/dutchmicrodosing.com\/wp-content\/uploads\/2021\/04\/hygro-tempratuurmeter.png\",\"datePublished\":\"2021-04-14T06:34:36+00:00\",\"dateModified\":\"2026-02-03T15:42:16+00:00\",\"breadcrumb\":{\"@id\":\"https:\/\/dutchmicrodosing.com\/de\/zauberpilze-zuchtsets\/fresh-mushrooms-zuchtset\/magic-mushroom-hygrometer-thermometer\/#breadcrumb\"},\"inLanguage\":\"de\",\"potentialAction\":[{\"@type\":\"ReadAction\",\"target\":[\"https:\/\/dutchmicrodosing.com\/de\/zauberpilze-zuchtsets\/fresh-mushrooms-zuchtset\/magic-mushroom-hygrometer-thermometer\/\"]}]},{\"@type\":\"ImageObject\",\"inLanguage\":\"de\",\"@id\":\"https:\/\/dutchmicrodosing.com\/de\/zauberpilze-zuchtsets\/fresh-mushrooms-zuchtset\/magic-mushroom-hygrometer-thermometer\/#primaryimage\",\"url\":\"https:\/\/dutchmicrodosing.com\/wp-content\/uploads\/2021\/04\/hygro-tempratuurmeter.png\",\"contentUrl\":\"https:\/\/dutchmicrodosing.com\/wp-content\/uploads\/2021\/04\/hygro-tempratuurmeter.png\",\"width\":732,\"height\":590},{\"@type\":\"BreadcrumbList\",\"@id\":\"https:\/\/dutchmicrodosing.com\/de\/zauberpilze-zuchtsets\/fresh-mushrooms-zuchtset\/magic-mushroom-hygrometer-thermometer\/#breadcrumb\",\"itemListElement\":[{\"@type\":\"ListItem\",\"position\":1,\"name\":\"Home\",\"item\":\"https:\/\/dutchmicrodosing.com\/de\/\"},{\"@type\":\"ListItem\",\"position\":2,\"name\":\"Shop\",\"item\":\"https:\/\/dutchmicrodosing.com\/de\/shop\/\"},{\"@type\":\"ListItem\",\"position\":3,\"name\":\"Hygrometer \/ Thermometer\"}]},{\"@type\":\"WebSite\",\"@id\":\"https:\/\/dutchmicrodosing.com\/de\/#website\",\"url\":\"https:\/\/dutchmicrodosing.com\/de\/\",\"name\":\"Dutchmicrodosing\",\"description\":\"\",\"publisher\":{\"@id\":\"https:\/\/dutchmicrodosing.com\/de\/#organization\"},\"potentialAction\":[{\"@type\":\"SearchAction\",\"target\":{\"@type\":\"EntryPoint\",\"urlTemplate\":\"https:\/\/dutchmicrodosing.com\/de\/?s={search_term_string}\"},\"query-input\":{\"@type\":\"PropertyValueSpecification\",\"valueRequired\":true,\"valueName\":\"search_term_string\"}}],\"inLanguage\":\"de\"},{\"@type\":\"Organization\",\"@id\":\"https:\/\/dutchmicrodosing.com\/de\/#organization\",\"name\":\"Dutchmicrodosing\",\"url\":\"https:\/\/dutchmicrodosing.com\/de\/\",\"logo\":{\"@type\":\"ImageObject\",\"inLanguage\":\"de\",\"@id\":\"https:\/\/dutchmicrodosing.com\/de\/#\/schema\/logo\/image\/\",\"url\":\"https:\/\/dutchmicrodosing.com\/wp-content\/uploads\/2021\/01\/microdosing-categorie-pic-nieuw.jpg\",\"contentUrl\":\"https:\/\/dutchmicrodosing.com\/wp-content\/uploads\/2021\/01\/microdosing-categorie-pic-nieuw.jpg\",\"width\":500,\"height\":500,\"caption\":\"Dutchmicrodosing\"},\"image\":{\"@id\":\"https:\/\/dutchmicrodosing.com\/de\/#\/schema\/logo\/image\/\"},\"sameAs\":[\"https:\/\/www.facebook.com\/Dutchmicrodosingxp\/\",\"https:\/\/www.instagram.com\/dutchmicrodosing\/\"]}]}<\/script>\n<meta property=\"product:price:amount\" content=\"9.95\" \/>\n<meta property=\"product:price:currency\" content=\"EUR\" \/>\n<meta property=\"og:availability\" content=\"instock\" \/>\n<meta property=\"product:availability\" content=\"instock\" \/>\n<meta property=\"product:retailer_item_id\" content=\"1201217\" \/>\n<meta property=\"product:condition\" content=\"new\" \/>\n<!-- \/ Yoast SEO Premium plugin. -->","yoast_head_json":{"title":"Hygrometer \/ Thermometer - Dutchmicrodosing","robots":{"index":"index","follow":"follow","max-snippet":"max-snippet:-1","max-image-preview":"max-image-preview:large","max-video-preview":"max-video-preview:-1"},"canonical":"https:\/\/dutchmicrodosing.com\/de\/zauberpilze-zuchtsets\/fresh-mushrooms-zuchtset\/magic-mushroom-hygrometer-thermometer\/","og_locale":"de_DE","og_type":"article","og_title":"Hygrometer \/ Thermometer","og_description":"Ein Magic Mushroom Hygrometer\/Thermometer ist f\u00fcr die Kultivierung von Magic Mushrooms unerl\u00e4sslich. Beim Anbau von Psilocybe-Pilzen ist es wichtig, die","og_url":"https:\/\/dutchmicrodosing.com\/de\/zauberpilze-zuchtsets\/fresh-mushrooms-zuchtset\/magic-mushroom-hygrometer-thermometer\/","og_site_name":"Dutchmicrodosing","article_publisher":"https:\/\/www.facebook.com\/Dutchmicrodosingxp\/","article_modified_time":"2026-02-03T15:42:16+00:00","og_image":[{"width":732,"height":590,"url":"https:\/\/dutchmicrodosing.com\/wp-content\/uploads\/2021\/04\/hygro-tempratuurmeter.png","type":"image\/png"}],"twitter_card":"summary_large_image","schema":{"@context":"https:\/\/schema.org","@graph":[{"@type":"WebPage","@id":"https:\/\/dutchmicrodosing.com\/de\/zauberpilze-zuchtsets\/fresh-mushrooms-zuchtset\/magic-mushroom-hygrometer-thermometer\/","url":"https:\/\/dutchmicrodosing.com\/de\/zauberpilze-zuchtsets\/fresh-mushrooms-zuchtset\/magic-mushroom-hygrometer-thermometer\/","name":"Hygrometer \/ Thermometer - Dutchmicrodosing","isPartOf":{"@id":"https:\/\/dutchmicrodosing.com\/de\/#website"},"primaryImageOfPage":{"@id":"https:\/\/dutchmicrodosing.com\/de\/zauberpilze-zuchtsets\/fresh-mushrooms-zuchtset\/magic-mushroom-hygrometer-thermometer\/#primaryimage"},"image":{"@id":"https:\/\/dutchmicrodosing.com\/de\/zauberpilze-zuchtsets\/fresh-mushrooms-zuchtset\/magic-mushroom-hygrometer-thermometer\/#primaryimage"},"thumbnailUrl":"https:\/\/dutchmicrodosing.com\/wp-content\/uploads\/2021\/04\/hygro-tempratuurmeter.png","datePublished":"2021-04-14T06:34:36+00:00","dateModified":"2026-02-03T15:42:16+00:00","breadcrumb":{"@id":"https:\/\/dutchmicrodosing.com\/de\/zauberpilze-zuchtsets\/fresh-mushrooms-zuchtset\/magic-mushroom-hygrometer-thermometer\/#breadcrumb"},"inLanguage":"de","potentialAction":[{"@type":"ReadAction","target":["https:\/\/dutchmicrodosing.com\/de\/zauberpilze-zuchtsets\/fresh-mushrooms-zuchtset\/magic-mushroom-hygrometer-thermometer\/"]}]},{"@type":"ImageObject","inLanguage":"de","@id":"https:\/\/dutchmicrodosing.com\/de\/zauberpilze-zuchtsets\/fresh-mushrooms-zuchtset\/magic-mushroom-hygrometer-thermometer\/#primaryimage","url":"https:\/\/dutchmicrodosing.com\/wp-content\/uploads\/2021\/04\/hygro-tempratuurmeter.png","contentUrl":"https:\/\/dutchmicrodosing.com\/wp-content\/uploads\/2021\/04\/hygro-tempratuurmeter.png","width":732,"height":590},{"@type":"BreadcrumbList","@id":"https:\/\/dutchmicrodosing.com\/de\/zauberpilze-zuchtsets\/fresh-mushrooms-zuchtset\/magic-mushroom-hygrometer-thermometer\/#breadcrumb","itemListElement":[{"@type":"ListItem","position":1,"name":"Home","item":"https:\/\/dutchmicrodosing.com\/de\/"},{"@type":"ListItem","position":2,"name":"Shop","item":"https:\/\/dutchmicrodosing.com\/de\/shop\/"},{"@type":"ListItem","position":3,"name":"Hygrometer \/ Thermometer"}]},{"@type":"WebSite","@id":"https:\/\/dutchmicrodosing.com\/de\/#website","url":"https:\/\/dutchmicrodosing.com\/de\/","name":"Dutchmicrodosing","description":"","publisher":{"@id":"https:\/\/dutchmicrodosing.com\/de\/#organization"},"potentialAction":[{"@type":"SearchAction","target":{"@type":"EntryPoint","urlTemplate":"https:\/\/dutchmicrodosing.com\/de\/?s={search_term_string}"},"query-input":{"@type":"PropertyValueSpecification","valueRequired":true,"valueName":"search_term_string"}}],"inLanguage":"de"},{"@type":"Organization","@id":"https:\/\/dutchmicrodosing.com\/de\/#organization","name":"Dutchmicrodosing","url":"https:\/\/dutchmicrodosing.com\/de\/","logo":{"@type":"ImageObject","inLanguage":"de","@id":"https:\/\/dutchmicrodosing.com\/de\/#\/schema\/logo\/image\/","url":"https:\/\/dutchmicrodosing.com\/wp-content\/uploads\/2021\/01\/microdosing-categorie-pic-nieuw.jpg","contentUrl":"https:\/\/dutchmicrodosing.com\/wp-content\/uploads\/2021\/01\/microdosing-categorie-pic-nieuw.jpg","width":500,"height":500,"caption":"Dutchmicrodosing"},"image":{"@id":"https:\/\/dutchmicrodosing.com\/de\/#\/schema\/logo\/image\/"},"sameAs":["https:\/\/www.facebook.com\/Dutchmicrodosingxp\/","https:\/\/www.instagram.com\/dutchmicrodosing\/"]}]},"product_price_amount":"9.95","product_price_currency":"EUR","og_availability":"instock","product_availability":"instock","product_retailer_item_id":"1201217","product_condition":"new"},"_links":{"self":[{"href":"https:\/\/dutchmicrodosing.com\/de\/wp-json\/wp\/v2\/product\/4732","targetHints":{"allow":["GET"]}}],"collection":[{"href":"https:\/\/dutchmicrodosing.com\/de\/wp-json\/wp\/v2\/product"}],"about":[{"href":"https:\/\/dutchmicrodosing.com\/de\/wp-json\/wp\/v2\/types\/product"}],"replies":[{"embeddable":true,"href":"https:\/\/dutchmicrodosing.com\/de\/wp-json\/wp\/v2\/comments?post=4732"}],"version-history":[{"count":1,"href":"https:\/\/dutchmicrodosing.com\/de\/wp-json\/wp\/v2\/product\/4732\/revisions"}],"predecessor-version":[{"id":64274,"href":"https:\/\/dutchmicrodosing.com\/de\/wp-json\/wp\/v2\/product\/4732\/revisions\/64274"}],"wp:featuredmedia":[{"embeddable":true,"href":"https:\/\/dutchmicrodosing.com\/de\/wp-json\/wp\/v2\/media\/21839"}],"wp:attachment":[{"href":"https:\/\/dutchmicrodosing.com\/de\/wp-json\/wp\/v2\/media?parent=4732"}],"wp:term":[{"taxonomy":"product_brand","embeddable":true,"href":"https:\/\/dutchmicrodosing.com\/de\/wp-json\/wp\/v2\/product_brand?post=4732"},{"taxonomy":"product_cat","embeddable":true,"href":"https:\/\/dutchmicrodosing.com\/de\/wp-json\/wp\/v2\/product_cat?post=4732"},{"taxonomy":"product_tag","embeddable":true,"href":"https:\/\/dutchmicrodosing.com\/de\/wp-json\/wp\/v2\/product_tag?post=4732"}],"curies":[{"name":"wp","href":"https:\/\/api.w.org\/{rel}","templated":true}]}}