{"id":4744,"date":"2021-02-21T10:24:30","date_gmt":"2021-02-21T09:24:30","guid":{"rendered":"https:\/\/dutchmicrodosing.com\/shop\/unkategorisiert\/kolumbien-xp\/"},"modified":"2025-11-20T12:03:42","modified_gmt":"2025-11-20T11:03:42","slug":"kolumbian-xp","status":"publish","type":"product","link":"https:\/\/dutchmicrodosing.com\/de\/zauberpilze-zuchtsets\/fresh-mushrooms-zuchtset\/kolumbian-xp\/","title":{"rendered":"Kolumbien XP"},"content":{"rendered":"<p>F\u00fcr eine besondere und spirituelle Reise landen Sie automatisch bei den <strong>Fresh Mushrooms Colombian<\/strong>. Sie k\u00f6nnen Ihnen eine Menge beibringen. Wenn Sie also einen offenen Geist haben, sollten Sie diesen magischen Pilz probieren. Sie sind anspruchslos und einfach zu z\u00fcchten. Mit diesem Growkit haben Sie im Handumdrehen Ihre eigenen Magic Mushrooms.<\/p>\n<h2>Die Kraft der kolumbianischen Pilze<\/h2>\n<p>Der offizielle Name des kolumbianischen Pilzes ist Psilocybe Colombescens. Im Volksmund werden sie aber auch liebenswert kolumbianisch genannt. Es ist ein besonderer magischer Pilz, der Ihnen einen spirituellen Trip bescheren kann. Das hei\u00dft aber nicht, dass er keine intensiven Effekte haben kann. Als Einsteiger ist dies also vielleicht nicht die beste Wahl. Der kolumbianische Zauberpilz kann ein ideales Sprungbrett f\u00fcr Psychonauten sein, denen der ecuadorianische zu intensiv und der mexikanische nicht schwer genug ist.<\/p>\n<h2>Spirituelles Tripping mit kolumbianischen Pilzen<\/h2>\n<p>Der kolumbianische Pilz kann ein echter Lehrer f\u00fcr Sie sein. Viele Anwender berichten begeistert von ihren Erfahrungen mit diesem Pilz, die Ihnen mehr Aufschluss \u00fcber sich selbst geben k\u00f6nnen. Das Besondere am Trippen ist, dass man einen philosophischen Blick auf die Welt bekommt. Sie f\u00fchlen sich auch sozial und bekommen Lust, mit anderen zusammen zu sein. Es k\u00f6nnen dann wunderbare philosophische Gespr\u00e4che entstehen.<\/p>\n<p>Die visuellen Halluzinationen sind bei den Fresh Mushrooms Colombian Mushrooms im Vergleich zu anderen Pilzarten weniger stark. Es sind eher die spirituellen Effekte, die beeindrucken werden. Es ist keine Ausnahme, w\u00e4hrend einer Reise spirituelle Erfahrungen zu machen, bei denen man erhellende Erkenntnisse \u00fcber sich selbst, die Natur oder das Universum gewinnt. Ein Vorteil des kolumbianischen Pilzes ist, dass ein schlechter Trip selten vorkommt.<\/p>\n<h2>Anleitung Colombian Grow Kit<\/h2>\n<p><a href=\"https:\/\/dutchmicrodosing.com\/de\/growkit_manual\/\">Hier herunterladen : Fresh Mushroom Growkit Manual<\/a><\/p>\n<ol>\n<li>Nehmen Sie das Kulturset, den Plastikbeutel und die B\u00fcroklammer aus der Schachtel. Nehmen Sie den Deckel des Anbausatzes ab (bewahren Sie den Deckel an einem sicheren Ort auf). Sp\u00fclen Sie den Deckel unter flie\u00dfendem Wasser ab. Sie werden sie sp\u00e4ter wieder brauchen.<\/li>\n<li>Legen Sie das Kulturset ohne Deckel in den mitgelieferten Plastikbeutel. Schieben Sie die \u00d6ffnung des Beutels mit der Mikroperforation nach oben unter den Boden. Die \u00d6ffnung des Beutels ist nun weitgehend geschlossen. Um die Luftzirkulation brauchen Sie sich nicht zu k\u00fcmmern.<\/li>\n<li>Sobald Sie sehen, dass kleine Kugeln wachsen, k\u00f6nnen Sie den Beutel aufrecht stellen. Nicht w\u00e4ssern. Die ersten Pilze werden nach ca. 1 Woche sichtbar sein.<\/li>\n<li>Stellen Sie das Anzuchtset an einen Ort mit ausreichend Tageslicht und einer Temperatur zwischen 18 \u00b0C und 28 \u00b0C. Stellen Sie das Kulturset NIEMALS in direktes Sonnenlicht. Obwohl Pilze bei fast jeder Temperatur \u00fcber 15 \u00b0C wachsen, ist 23 \u00b0C die ideale Temperatur f\u00fcr eine optimale Ernte. Um diese Temperatur zu gew\u00e4hrleisten und nicht den ganzen Raum heizen zu m\u00fcssen, gibt es spezielle Heizmatten.<\/li>\n<li>Lassen Sie den Beutel ab diesem Zeitpunkt immer leicht ge\u00f6ffnet, damit die Feuchtigkeit ein wenig verdunsten kann. Zu viel Feuchtigkeit ist nicht gut. Die erste Ernte erfolgt etwa eine Woche nach dem Erscheinen der ersten Zwiebeln. Achten Sie darauf, dass Sie ernten, bevor die ersten Sporen fallen!<\/li>\n<li>Diese Sets liefern mehrere Pilzernten. F\u00fcllen Sie dazu das Set nach der ersten Ernte mit sauberem Leitungswasser. Dieser Vorgang wird als K\u00e4lteschock bezeichnet und haucht dem Myzel neues Leben ein und sorgt daf\u00fcr, dass die Pilze ausreichend Feuchtigkeit f\u00fcr ihr Wachstum erhalten.<\/li>\n<li>Setzen Sie den Deckel des Kulturkits wieder auf das Kit. Lassen Sie das Set 12 Stunden lang ruhen. \u00d6ffnen Sie eine Ecke des Deckels und lassen Sie \u00fcbersch\u00fcssiges Wasser abtropfen. Von hier aus k\u00f6nnen Sie die Anweisungen von Schritt 1 erneut befolgen. Dieser Vorgang kann mehrmals wiederholt werden.<\/li>\n<\/ol>\n<div>\n<h3>Die Ernte:<\/h3>\n<p>Freshmushrooms Grow Kits bringen recht schnell die erste Ernte. Nach einer Woche sind bereits die ersten Knospen zu sehen. Niedrige und hohe Temperaturen k\u00f6nnen diesen Wachstumsprozess etwas verlangsamen. Sobald die Knospen sichtbar sind, dauert es in der Regel eine Woche, bis sich die Pilze vollst\u00e4ndig entwickelt haben.<\/p>\n<p>Der Zeitpunkt der Ernte ist \u00e4u\u00dferst wichtig. Wenn die Membranen unter den H\u00fcten noch dicht sind, aber durch die Kraft der H\u00fcte zu platzen oder sich zu l\u00f6sen drohen, ist es Zeit f\u00fcr die Ernte.<\/p>\n<h2>Ausbeute Kolumbianisches 100% Myzel Growkit<\/h2>\n<p>Ein 1200cc Anbaukit von Freshmushrooms liefert eine Ernte von 500g bis 800g frischer oder 50-80g getrockneter Pilze.<\/p>\n<\/div>\n<h3>Wie dosiert man kolumbianische Pilze?<\/h3>\n<p>Wie viele Pilze Sie nehmen, bestimmt zu einem gro\u00dfen Teil, wie intensiv die Reise sein wird. Es ist wichtig, sich die Dosis genau zu \u00fcberlegen. Die Erfahrung mit Trips spielt eine Rolle: Ein Anf\u00e4nger sollte eine geringere Dosis nehmen als ein erfahrener Psychonaut. Sie sollten auch Ihr K\u00f6rpergewicht ber\u00fccksichtigen und ob Sie Nahrung im Magen haben. Im Folgenden finden Sie einige Richtlinien zur Bestimmung Ihrer Dosis:<\/p>\n<ul>\n<li>Mikrodosierung: 0,2 Gramm getrocknete Champignons | 2 Gramm frische Champignons<\/li>\n<li>Milder Trip: 1 Gramm getrocknete Pilze | 9 Gramm frische Pilze<\/li>\n<li>Normale Reise: 2 Gramm getrocknete Pilze | 21 Gramm frische Pilze<\/li>\n<li>Intensive Reise: 3,5 Gramm getrocknete Pilze | 35 Gramm frische Pilze<\/li>\n<\/ul>\n<p>Kolumbianische Pilze k\u00f6nnen auf verschiedene Arten eingenommen werden. Sie k\u00f6nnen frisch oder getrocknet verzehrt werden. Es gibt aber auch viele Menschen, die einen Pilztee zubereiten. Kochen Sie Wasser und lassen Sie es etwas abk\u00fchlen (gie\u00dfen Sie kein kochendes Wasser auf Ihre Pilze, dies kann die psychoaktiven Verbindungen besch\u00e4digen). Gie\u00dfen Sie das Wasser \u00fcber die Champignons. Nach 20 Minuten k\u00f6nnen Sie den Tee trinken.<\/p>\n<h3>Tipps zur Vorbereitung Ihrer Reise<\/h3>\n<p>Bevor Sie Fresh Mushrooms Kolumbianische Pilze nehmen, ist es sinnvoll, Ihre Reise vorzubereiten: wohin werden Sie reisen und wer wird anwesend sein? W\u00e4hlen Sie eine Umgebung, die Sie gut kennen. Je wohler Sie sich f\u00fchlen, desto eher werden Sie sich entspannen und eine tolle Reise haben. Wenn Sie mit mehreren Personen zusammen sind, stellen Sie sicher, dass Sie sich mit Freunden umgeben, denen Sie vertrauen k\u00f6nnen.<\/p>\n<p>Arrangieren Sie au\u00dferdem einen Tripsitter. Dies ist jemand, der keine Bet\u00e4ubungsmittel (Drogen oder Alkohol) verwendet. Jemand, der n\u00fcchtern ist, kann genau auf die Leute achten, die stolpern. Er kann sicherstellen, dass keine gef\u00e4hrlichen Situationen entstehen und Sie eventuell beruhigen, wenn die Reise intensiver ist als erwartet. Es kann sch\u00f6n sein, zu h\u00f6ren, dass die Auswirkungen der Reise nur vor\u00fcbergehend sind. Ein Stolperstein ist auch praktisch, wenn man ihn im Haus hat.<\/p>\n<h2>Kaufen Sie Ihr kolumbianisches Pilzzucht-Set online<\/h2>\n<p>Sind Sie bereit f\u00fcr einen spirituellen Trip, einen magischen Pilz, der Ihre Welt aufr\u00fcttelt? Sie wollen mehr, als der mexikanische Pilz bieten kann? Dann w\u00e4hlen Sie das Fresh Mushrooms Colombian Grow Kit. Bestellen Sie jetzt und Sie bekommen Ihr eigenes Grow-Kit schon bald zu Ihnen nach Hause geschickt.<\/p>\n","protected":false},"excerpt":{"rendered":"<p>F\u00fcr eine besondere und spirituelle Reise landen Sie automatisch bei den Fresh Mushrooms Colombian. Sie k\u00f6nnen Ihnen eine Menge beibringen. Wenn Sie also einen offenen Geist haben, sollten Sie diesen magischen Pilz probieren. Sie sind anspruchslos und einfach zu z\u00fcchten. Mit diesem Growkit haben Sie im Handumdrehen Ihre eigenen Magic Mushrooms. Die Kraft der kolumbianischen [&hellip;]<\/p>\n","protected":false},"featured_media":3575,"comment_status":"open","ping_status":"closed","template":"","meta":[],"product_brand":[],"product_cat":[115],"product_tag":[],"class_list":{"0":"post-4744","1":"product","2":"type-product","3":"status-publish","4":"has-post-thumbnail","6":"product_cat-fresh-mushrooms-zuchtset","8":"first","9":"instock","10":"taxable","11":"shipping-taxable","12":"purchasable","13":"product-type-simple"},"yoast_head":"<!-- This site is optimized with the Yoast SEO Premium plugin v26.4 (Yoast SEO v27.2) - https:\/\/yoast.com\/product\/yoast-seo-premium-wordpress\/ -->\n<title>Kolumbien XP - Dutchmicrodosing<\/title>\n<meta name=\"description\" content=\"Psilocybe cubensis &#039;Colombian&#039; wird wegen ihrer starken Wirkung, ihres einfachen Anbaus und ihres reichlichen Ertrags gesch\u00e4tzt. Das erste finden Sie in Kolumbien. Wird auch als &quot;sozialer Pilz&quot; bezeichnet, weil er den meisten Individuen mehr soziale Interaktion bietet.\" \/>\n<meta name=\"robots\" content=\"index, follow, max-snippet:-1, max-image-preview:large, max-video-preview:-1\" \/>\n<link rel=\"canonical\" href=\"https:\/\/dutchmicrodosing.com\/de\/zauberpilze-zuchtsets\/fresh-mushrooms-zuchtset\/kolumbian-xp\/\" \/>\n<meta property=\"og:locale\" content=\"de_DE\" \/>\n<meta property=\"og:type\" content=\"article\" \/>\n<meta property=\"og:title\" content=\"Kolumbien XP\" \/>\n<meta property=\"og:description\" content=\"F\u00fcr eine besondere und spirituelle Reise landen Sie automatisch bei den Fresh Mushrooms Colombian. Sie k\u00f6nnen Ihnen eine Menge beibringen. Wenn Sie also\" \/>\n<meta property=\"og:url\" content=\"https:\/\/dutchmicrodosing.com\/de\/zauberpilze-zuchtsets\/fresh-mushrooms-zuchtset\/kolumbian-xp\/\" \/>\n<meta property=\"og:site_name\" content=\"Dutchmicrodosing\" \/>\n<meta property=\"article:publisher\" content=\"https:\/\/www.facebook.com\/Dutchmicrodosingxp\/\" \/>\n<meta property=\"article:modified_time\" content=\"2025-11-20T11:03:42+00:00\" \/>\n<meta property=\"og:image\" content=\"https:\/\/dutchmicrodosing.com\/wp-content\/uploads\/2021\/02\/Colombian.jpg\" \/>\n\t<meta property=\"og:image:width\" content=\"500\" \/>\n\t<meta property=\"og:image:height\" content=\"500\" \/>\n\t<meta property=\"og:image:type\" content=\"image\/jpeg\" \/>\n<meta name=\"twitter:card\" content=\"summary_large_image\" \/>\n<script type=\"application\/ld+json\" class=\"yoast-schema-graph\">{\"@context\":\"https:\/\/schema.org\",\"@graph\":[{\"@type\":\"WebPage\",\"@id\":\"https:\/\/dutchmicrodosing.com\/de\/zauberpilze-zuchtsets\/fresh-mushrooms-zuchtset\/kolumbian-xp\/\",\"url\":\"https:\/\/dutchmicrodosing.com\/de\/zauberpilze-zuchtsets\/fresh-mushrooms-zuchtset\/kolumbian-xp\/\",\"name\":\"Kolumbien XP - Dutchmicrodosing\",\"isPartOf\":{\"@id\":\"https:\/\/dutchmicrodosing.com\/de\/#website\"},\"primaryImageOfPage\":{\"@id\":\"https:\/\/dutchmicrodosing.com\/de\/zauberpilze-zuchtsets\/fresh-mushrooms-zuchtset\/kolumbian-xp\/#primaryimage\"},\"image\":{\"@id\":\"https:\/\/dutchmicrodosing.com\/de\/zauberpilze-zuchtsets\/fresh-mushrooms-zuchtset\/kolumbian-xp\/#primaryimage\"},\"thumbnailUrl\":\"https:\/\/dutchmicrodosing.com\/wp-content\/uploads\/2021\/02\/Colombian.jpg\",\"datePublished\":\"2021-02-21T09:24:30+00:00\",\"dateModified\":\"2025-11-20T11:03:42+00:00\",\"description\":\"Psilocybe cubensis 'Colombian' wird wegen ihrer starken Wirkung, ihres einfachen Anbaus und ihres reichlichen Ertrags gesch\u00e4tzt. Das erste finden Sie in Kolumbien. Wird auch als \\\"sozialer Pilz\\\" bezeichnet, weil er den meisten Individuen mehr soziale Interaktion bietet.\",\"breadcrumb\":{\"@id\":\"https:\/\/dutchmicrodosing.com\/de\/zauberpilze-zuchtsets\/fresh-mushrooms-zuchtset\/kolumbian-xp\/#breadcrumb\"},\"inLanguage\":\"de\",\"potentialAction\":[{\"@type\":\"ReadAction\",\"target\":[\"https:\/\/dutchmicrodosing.com\/de\/zauberpilze-zuchtsets\/fresh-mushrooms-zuchtset\/kolumbian-xp\/\"]}]},{\"@type\":\"ImageObject\",\"inLanguage\":\"de\",\"@id\":\"https:\/\/dutchmicrodosing.com\/de\/zauberpilze-zuchtsets\/fresh-mushrooms-zuchtset\/kolumbian-xp\/#primaryimage\",\"url\":\"https:\/\/dutchmicrodosing.com\/wp-content\/uploads\/2021\/02\/Colombian.jpg\",\"contentUrl\":\"https:\/\/dutchmicrodosing.com\/wp-content\/uploads\/2021\/02\/Colombian.jpg\",\"width\":500,\"height\":500},{\"@type\":\"BreadcrumbList\",\"@id\":\"https:\/\/dutchmicrodosing.com\/de\/zauberpilze-zuchtsets\/fresh-mushrooms-zuchtset\/kolumbian-xp\/#breadcrumb\",\"itemListElement\":[{\"@type\":\"ListItem\",\"position\":1,\"name\":\"Home\",\"item\":\"https:\/\/dutchmicrodosing.com\/de\/\"},{\"@type\":\"ListItem\",\"position\":2,\"name\":\"Shop\",\"item\":\"https:\/\/dutchmicrodosing.com\/de\/shop\/\"},{\"@type\":\"ListItem\",\"position\":3,\"name\":\"Kolumbien XP\"}]},{\"@type\":\"WebSite\",\"@id\":\"https:\/\/dutchmicrodosing.com\/de\/#website\",\"url\":\"https:\/\/dutchmicrodosing.com\/de\/\",\"name\":\"Dutchmicrodosing\",\"description\":\"\",\"publisher\":{\"@id\":\"https:\/\/dutchmicrodosing.com\/de\/#organization\"},\"potentialAction\":[{\"@type\":\"SearchAction\",\"target\":{\"@type\":\"EntryPoint\",\"urlTemplate\":\"https:\/\/dutchmicrodosing.com\/de\/?s={search_term_string}\"},\"query-input\":{\"@type\":\"PropertyValueSpecification\",\"valueRequired\":true,\"valueName\":\"search_term_string\"}}],\"inLanguage\":\"de\"},{\"@type\":\"Organization\",\"@id\":\"https:\/\/dutchmicrodosing.com\/de\/#organization\",\"name\":\"Dutchmicrodosing\",\"url\":\"https:\/\/dutchmicrodosing.com\/de\/\",\"logo\":{\"@type\":\"ImageObject\",\"inLanguage\":\"de\",\"@id\":\"https:\/\/dutchmicrodosing.com\/de\/#\/schema\/logo\/image\/\",\"url\":\"https:\/\/dutchmicrodosing.com\/wp-content\/uploads\/2021\/01\/microdosing-categorie-pic-nieuw.jpg\",\"contentUrl\":\"https:\/\/dutchmicrodosing.com\/wp-content\/uploads\/2021\/01\/microdosing-categorie-pic-nieuw.jpg\",\"width\":500,\"height\":500,\"caption\":\"Dutchmicrodosing\"},\"image\":{\"@id\":\"https:\/\/dutchmicrodosing.com\/de\/#\/schema\/logo\/image\/\"},\"sameAs\":[\"https:\/\/www.facebook.com\/Dutchmicrodosingxp\/\",\"https:\/\/www.instagram.com\/dutchmicrodosing\/\"]}]}<\/script>\n<meta property=\"product:price:amount\" content=\"39.95\" \/>\n<meta property=\"product:price:currency\" content=\"EUR\" \/>\n<meta property=\"og:availability\" content=\"instock\" \/>\n<meta property=\"product:availability\" content=\"instock\" \/>\n<meta property=\"product:retailer_item_id\" content=\"0208224\" \/>\n<meta property=\"product:condition\" content=\"new\" \/>\n<!-- \/ Yoast SEO Premium plugin. -->","yoast_head_json":{"title":"Kolumbien XP - Dutchmicrodosing","description":"Psilocybe cubensis 'Colombian' wird wegen ihrer starken Wirkung, ihres einfachen Anbaus und ihres reichlichen Ertrags gesch\u00e4tzt. Das erste finden Sie in Kolumbien. Wird auch als \"sozialer Pilz\" bezeichnet, weil er den meisten Individuen mehr soziale Interaktion bietet.","robots":{"index":"index","follow":"follow","max-snippet":"max-snippet:-1","max-image-preview":"max-image-preview:large","max-video-preview":"max-video-preview:-1"},"canonical":"https:\/\/dutchmicrodosing.com\/de\/zauberpilze-zuchtsets\/fresh-mushrooms-zuchtset\/kolumbian-xp\/","og_locale":"de_DE","og_type":"article","og_title":"Kolumbien XP","og_description":"F\u00fcr eine besondere und spirituelle Reise landen Sie automatisch bei den Fresh Mushrooms Colombian. Sie k\u00f6nnen Ihnen eine Menge beibringen. Wenn Sie also","og_url":"https:\/\/dutchmicrodosing.com\/de\/zauberpilze-zuchtsets\/fresh-mushrooms-zuchtset\/kolumbian-xp\/","og_site_name":"Dutchmicrodosing","article_publisher":"https:\/\/www.facebook.com\/Dutchmicrodosingxp\/","article_modified_time":"2025-11-20T11:03:42+00:00","og_image":[{"width":500,"height":500,"url":"https:\/\/dutchmicrodosing.com\/wp-content\/uploads\/2021\/02\/Colombian.jpg","type":"image\/jpeg"}],"twitter_card":"summary_large_image","schema":{"@context":"https:\/\/schema.org","@graph":[{"@type":"WebPage","@id":"https:\/\/dutchmicrodosing.com\/de\/zauberpilze-zuchtsets\/fresh-mushrooms-zuchtset\/kolumbian-xp\/","url":"https:\/\/dutchmicrodosing.com\/de\/zauberpilze-zuchtsets\/fresh-mushrooms-zuchtset\/kolumbian-xp\/","name":"Kolumbien XP - Dutchmicrodosing","isPartOf":{"@id":"https:\/\/dutchmicrodosing.com\/de\/#website"},"primaryImageOfPage":{"@id":"https:\/\/dutchmicrodosing.com\/de\/zauberpilze-zuchtsets\/fresh-mushrooms-zuchtset\/kolumbian-xp\/#primaryimage"},"image":{"@id":"https:\/\/dutchmicrodosing.com\/de\/zauberpilze-zuchtsets\/fresh-mushrooms-zuchtset\/kolumbian-xp\/#primaryimage"},"thumbnailUrl":"https:\/\/dutchmicrodosing.com\/wp-content\/uploads\/2021\/02\/Colombian.jpg","datePublished":"2021-02-21T09:24:30+00:00","dateModified":"2025-11-20T11:03:42+00:00","description":"Psilocybe cubensis 'Colombian' wird wegen ihrer starken Wirkung, ihres einfachen Anbaus und ihres reichlichen Ertrags gesch\u00e4tzt. Das erste finden Sie in Kolumbien. Wird auch als \"sozialer Pilz\" bezeichnet, weil er den meisten Individuen mehr soziale Interaktion bietet.","breadcrumb":{"@id":"https:\/\/dutchmicrodosing.com\/de\/zauberpilze-zuchtsets\/fresh-mushrooms-zuchtset\/kolumbian-xp\/#breadcrumb"},"inLanguage":"de","potentialAction":[{"@type":"ReadAction","target":["https:\/\/dutchmicrodosing.com\/de\/zauberpilze-zuchtsets\/fresh-mushrooms-zuchtset\/kolumbian-xp\/"]}]},{"@type":"ImageObject","inLanguage":"de","@id":"https:\/\/dutchmicrodosing.com\/de\/zauberpilze-zuchtsets\/fresh-mushrooms-zuchtset\/kolumbian-xp\/#primaryimage","url":"https:\/\/dutchmicrodosing.com\/wp-content\/uploads\/2021\/02\/Colombian.jpg","contentUrl":"https:\/\/dutchmicrodosing.com\/wp-content\/uploads\/2021\/02\/Colombian.jpg","width":500,"height":500},{"@type":"BreadcrumbList","@id":"https:\/\/dutchmicrodosing.com\/de\/zauberpilze-zuchtsets\/fresh-mushrooms-zuchtset\/kolumbian-xp\/#breadcrumb","itemListElement":[{"@type":"ListItem","position":1,"name":"Home","item":"https:\/\/dutchmicrodosing.com\/de\/"},{"@type":"ListItem","position":2,"name":"Shop","item":"https:\/\/dutchmicrodosing.com\/de\/shop\/"},{"@type":"ListItem","position":3,"name":"Kolumbien XP"}]},{"@type":"WebSite","@id":"https:\/\/dutchmicrodosing.com\/de\/#website","url":"https:\/\/dutchmicrodosing.com\/de\/","name":"Dutchmicrodosing","description":"","publisher":{"@id":"https:\/\/dutchmicrodosing.com\/de\/#organization"},"potentialAction":[{"@type":"SearchAction","target":{"@type":"EntryPoint","urlTemplate":"https:\/\/dutchmicrodosing.com\/de\/?s={search_term_string}"},"query-input":{"@type":"PropertyValueSpecification","valueRequired":true,"valueName":"search_term_string"}}],"inLanguage":"de"},{"@type":"Organization","@id":"https:\/\/dutchmicrodosing.com\/de\/#organization","name":"Dutchmicrodosing","url":"https:\/\/dutchmicrodosing.com\/de\/","logo":{"@type":"ImageObject","inLanguage":"de","@id":"https:\/\/dutchmicrodosing.com\/de\/#\/schema\/logo\/image\/","url":"https:\/\/dutchmicrodosing.com\/wp-content\/uploads\/2021\/01\/microdosing-categorie-pic-nieuw.jpg","contentUrl":"https:\/\/dutchmicrodosing.com\/wp-content\/uploads\/2021\/01\/microdosing-categorie-pic-nieuw.jpg","width":500,"height":500,"caption":"Dutchmicrodosing"},"image":{"@id":"https:\/\/dutchmicrodosing.com\/de\/#\/schema\/logo\/image\/"},"sameAs":["https:\/\/www.facebook.com\/Dutchmicrodosingxp\/","https:\/\/www.instagram.com\/dutchmicrodosing\/"]}]},"product_price_amount":"39.95","product_price_currency":"EUR","og_availability":"instock","product_availability":"instock","product_retailer_item_id":"0208224","product_condition":"new"},"_links":{"self":[{"href":"https:\/\/dutchmicrodosing.com\/de\/wp-json\/wp\/v2\/product\/4744","targetHints":{"allow":["GET"]}}],"collection":[{"href":"https:\/\/dutchmicrodosing.com\/de\/wp-json\/wp\/v2\/product"}],"about":[{"href":"https:\/\/dutchmicrodosing.com\/de\/wp-json\/wp\/v2\/types\/product"}],"replies":[{"embeddable":true,"href":"https:\/\/dutchmicrodosing.com\/de\/wp-json\/wp\/v2\/comments?post=4744"}],"version-history":[{"count":1,"href":"https:\/\/dutchmicrodosing.com\/de\/wp-json\/wp\/v2\/product\/4744\/revisions"}],"predecessor-version":[{"id":62645,"href":"https:\/\/dutchmicrodosing.com\/de\/wp-json\/wp\/v2\/product\/4744\/revisions\/62645"}],"wp:featuredmedia":[{"embeddable":true,"href":"https:\/\/dutchmicrodosing.com\/de\/wp-json\/wp\/v2\/media\/3575"}],"wp:attachment":[{"href":"https:\/\/dutchmicrodosing.com\/de\/wp-json\/wp\/v2\/media?parent=4744"}],"wp:term":[{"taxonomy":"product_brand","embeddable":true,"href":"https:\/\/dutchmicrodosing.com\/de\/wp-json\/wp\/v2\/product_brand?post=4744"},{"taxonomy":"product_cat","embeddable":true,"href":"https:\/\/dutchmicrodosing.com\/de\/wp-json\/wp\/v2\/product_cat?post=4744"},{"taxonomy":"product_tag","embeddable":true,"href":"https:\/\/dutchmicrodosing.com\/de\/wp-json\/wp\/v2\/product_tag?post=4744"}],"curies":[{"name":"wp","href":"https:\/\/api.w.org\/{rel}","templated":true}]}}