{"id":4745,"date":"2021-02-21T10:23:40","date_gmt":"2021-05-02T08:36:08","guid":{"rendered":"https:\/\/dutchmicrodosing.com\/shop\/unkategorisiert\/b-xp\/"},"modified":"2024-01-16T16:01:54","modified_gmt":"2024-01-16T15:01:54","slug":"b-xp","status":"publish","type":"product","link":"https:\/\/dutchmicrodosing.com\/de\/zauberpilze-zuchtsets\/fresh-mushrooms-zuchtset\/b-xp\/","title":{"rendered":"B+ XP"},"content":{"rendered":"<p>Mit einem Freshmushrooms Grow Kit k\u00f6nnen Sie ganz einfach B+ Pilze zu Hause z\u00fcchten. Diese Pilze werden relativ gro\u00df, bis zu 30 cm hoch. Dies ist auch der Grund, warum sie eine der beliebtesten Arten ist. Das kann auch daran liegen, dass Sie nicht so viel \u00dcbelkeit nach dem Essen haben, was bei anderen Magic Mushrooms passieren kann. Also fangen Sie an zu wachsen und genie\u00dfen Sie den besonderen, spirituellen Trip, den Sie mit dem B+ Pilz bekommen k\u00f6nnen.<\/p>\n<h2>Kultivierung von B+ Pilzen<\/h2>\n<p>Wenn Sie ein <strong>Fresh Mushrooms Grow Kit B+<\/strong> kaufen m\u00f6chten, fragen Sie sich vielleicht, ob Sie geeignet sind, um Magic Mushrooms anzubauen. Die meisten Leute, die damit anfangen, haben keine Ahnung davon. Aber diese Grow-Kits sind super einfach zu bedienen. Sie brauchen daf\u00fcr keine besonderen F\u00e4higkeiten, also k\u00f6nnen Sie es auch tun. Und es gibt nichts Sch\u00f6neres, als den eigenen Pilzen beim Wachsen zuzusehen.<\/p>\n<p>Und sie k\u00f6nnen wachsen, die B+. Sie sind anspruchslos: Temperaturschwankungen oder eine geringere Luftfeuchtigkeit beeindrucken sie nicht. Sie ist eine widerstandsf\u00e4hige Art. Sie werden Sie mit ihrer auff\u00e4lligen Wuchsform verbl\u00fcffen. Sie k\u00f6nnen bis zu 35 cm hoch werden! Die H\u00fcte haben die Farbe von Karamell und die durchschnittliche Breite betr\u00e4gt 2,5 bis 7 cm. Das ist ziemlich viel im Vergleich zu anderen Magic Mushrooms.<\/p>\n<h2>Handbuch B+ Grow Kit<\/h2>\n<p><a href=\"https:\/\/dutchmicrodosing.com\/de\/growkit_manual\/\">Hier herunterladen : Fresh Mushroom Growkit Manual<\/a><\/p>\n<ol>\n<li>Nehmen Sie das Kulturset, den Plastikbeutel und die B\u00fcroklammer aus der Schachtel. Nehmen Sie den Deckel des Anbausatzes ab (bewahren Sie den Deckel an einem sicheren Ort auf). Sp\u00fclen Sie den Deckel unter flie\u00dfendem Wasser ab. Sie werden sie sp\u00e4ter wieder brauchen.<\/li>\n<li>Legen Sie das Kulturset ohne Deckel in den mitgelieferten Plastikbeutel. Schieben Sie die \u00d6ffnung des Beutels mit der Mikroperforation nach oben unter den Boden. Die \u00d6ffnung des Beutels ist nun weitgehend geschlossen. Um die Luftzirkulation brauchen Sie sich nicht zu k\u00fcmmern.<\/li>\n<li>Sobald Sie sehen, dass kleine Kugeln wachsen, k\u00f6nnen Sie den Beutel aufrecht stellen. Nicht w\u00e4ssern. Die ersten Pilze werden nach ca. 1 Woche sichtbar sein.<\/li>\n<li>Stellen Sie das Anzuchtset an einen Ort mit ausreichend Tageslicht und einer Temperatur zwischen 18 \u00b0C und 28 \u00b0C. Stellen Sie das Kulturset NIEMALS in direktes Sonnenlicht. Obwohl Pilze bei fast jeder Temperatur \u00fcber 15 \u00b0C wachsen, ist 23 \u00b0C die ideale Temperatur f\u00fcr eine optimale Ernte. Um diese Temperatur zu gew\u00e4hrleisten und nicht den ganzen Raum heizen zu m\u00fcssen, gibt es spezielle Heizmatten.<\/li>\n<li>Lassen Sie den Beutel ab diesem Zeitpunkt immer leicht ge\u00f6ffnet, damit die Feuchtigkeit ein wenig verdunsten kann. Zu viel Feuchtigkeit ist nicht gut. Die erste Ernte erfolgt etwa eine Woche nach dem Erscheinen der ersten Zwiebeln. Achten Sie darauf, dass Sie ernten, bevor die ersten Sporen fallen!<\/li>\n<li>Diese Sets liefern mehrere Pilzernten. F\u00fcllen Sie dazu das Set nach der ersten Ernte mit sauberem Leitungswasser. Dieser Vorgang wird als K\u00e4lteschock bezeichnet und haucht dem Myzel neues Leben ein und sorgt daf\u00fcr, dass die Pilze ausreichend Feuchtigkeit f\u00fcr ihr Wachstum erhalten.<\/li>\n<li>Setzen Sie den Deckel des Kulturkits wieder auf das Kit. Lassen Sie das Set 12 Stunden lang ruhen. \u00d6ffnen Sie eine Ecke des Deckels und lassen Sie \u00fcbersch\u00fcssiges Wasser abtropfen. Von hier aus k\u00f6nnen Sie die Anweisungen von Schritt 1 erneut befolgen. Dieser Vorgang kann mehrmals wiederholt werden.<\/li>\n<\/ol>\n<div>\n<h2>Die Ernte:<\/h2>\n<p>Freshmushrooms Grow Kits bringen recht schnell die erste Ernte. Nach einer Woche sind bereits die ersten Knospen zu sehen. Niedrige und hohe Temperaturen k\u00f6nnen diesen Wachstumsprozess etwas verlangsamen. Sobald die Knospen sichtbar sind, dauert es in der Regel eine Woche, bis sich die Pilze vollst\u00e4ndig entwickelt haben.<\/p>\n<p>Der Zeitpunkt der Ernte ist \u00e4u\u00dferst wichtig. Wenn die Membranen unter den H\u00fcten noch dicht sind, aber durch die Kraft der H\u00fcte zu platzen oder sich zu l\u00f6sen drohen, ist es Zeit f\u00fcr die Ernte.<span style=\"text-decoration: underline;\"><br \/>\n<\/span><\/p>\n<h2>Ausbeute B+ 100% Myzel magischer Pilzanbausatz<\/h2>\n<p>Ein B+ 1200cc Grow-Kit von Freshmushrooms liefert eine Ernte von 500g bis 800g frischen oder 50-80g getrockneten Pilzen.<\/p>\n<\/div>\n<h3>Was sind die Auswirkungen?<\/h3>\n<p>Die Erfahrung mit B+-Pilzen ist, dass die Reise oft warm und positiv ist. Menschen machen spirituelle Erfahrungen, von denen sie eine positive Botschaft mitnehmen. Es gibt visuelle Halluzinationen, aber das Tripping mit diesem Pilz ist eigentlich meistens angenehm. Sie f\u00fchlen sich gl\u00fccklich, fr\u00f6hlich und ein bisschen vertr\u00e4umt. Die Wirkung ist entspannend. Der B+ ist f\u00fcr den Einsatz unter verschiedenen Bedingungen geeignet. Im Folgenden sind die am h\u00e4ufigsten genannten Auswirkungen aufgef\u00fchrt:<\/p>\n<ul>\n<li>Entspannend<\/li>\n<li>Befriedigung<\/li>\n<li>Lachende Tritte<\/li>\n<li>Spirituelle Erfahrungen<\/li>\n<li>Visuelle Effekte (mittlere St\u00e4rke)<\/li>\n<li>Mehr Kreativit\u00e4t<\/li>\n<li>Sehen von intensiven Farben<\/li>\n<li>Aufgearbeitet, gl\u00fccklich<\/li>\n<\/ul>\n<p>Es ist bekannt, dass die Einnahme von Magic Mushrooms \u00dcbelkeit hervorrufen kann. Manchmal muss man sich sogar \u00fcbergeben. Einer der Vorteile der Fresh Mushrooms B+ ist, dass die \u00dcbelkeit weniger stark ist und sie von den meisten Menschen besser vertragen wird.<\/p>\n<h3>Hinweise zur Dosierung<\/h3>\n<p>Es ist ratsam, mit der Dosierung von Magic Mushrooms vorsichtig zu sein, besonders wenn Sie keine Erfahrung haben. Bei der Wahl der richtigen Dosierung sollten Sie die Art des gew\u00fcnschten Trips (je mehr Pilze Sie nehmen, desto intensiver ist der Trip), Ihre eigene Erfahrung und Ihr K\u00f6rpergewicht ber\u00fccksichtigen. Auf n\u00fcchternen Magen wirken die Pilze schneller, als wenn Sie etwas gegessen haben. Nachfolgend finden Sie Hinweise zur Dosierung:<\/p>\n<ul>\n<li>Mikrodosierung: 0,2 Gramm getrocknete Champignons | 2 Gramm frische Champignons<\/li>\n<li>Milder Trip: 1 Gramm getrocknete Pilze | 9 Gramm frische Pilze<\/li>\n<li>Normale Reise: 2 Gramm getrocknete Pilze | 21 Gramm frische Pilze<\/li>\n<li>Intensive Reise: 3,5 Gramm getrocknete Pilze | 35 Gramm frische Pilze<\/li>\n<\/ul>\n<h3>Anleitung zur Verwendung von Magic Mushrooms<\/h3>\n<p>Eine Reise ist ein besonderes Erlebnis. Manche Menschen tun es gerne alleine, andere gemeinsam. Wenn Sie zum ersten Mal Pilze sammeln, tun Sie dies am besten zusammen mit einem Tripsitter. Das ist jemand, der nichts konsumiert (auch keinen Alkohol) und ein Auge auf Sie hat. Auf diese Weise k\u00f6nnen Sie sich sicher der Erfahrung hingeben und offen sein f\u00fcr das, was der Pilz Ihnen bringen wird, aber wissen, dass zumindest jemand da ist, der Ihnen hilft, wenn es n\u00f6tig ist. Au\u00dferdem ist ein Reisestopper immer praktisch.<\/p>\n<h2>Kaufen Sie Ihr 100% Mycelium B+ Champignonzucht-Set online<\/h2>\n<p>Indem Sie Ihr B+ Champignonzucht-Set online kaufen, sichern Sie sich ein qualitativ hochwertiges Zucht-Set, das Ihnen einen gro\u00dfen Ertrag beschert. In der Packung finden Sie alles, was Sie brauchen, um Ihre Pilze wachsen zu lassen. Bestellen Sie jetzt und Sie erhalten Ihr Paket in k\u00fcrzester Zeit.<\/p>\n","protected":false},"excerpt":{"rendered":"<p>Mit einem Freshmushrooms Grow Kit k\u00f6nnen Sie ganz einfach B+ Pilze zu Hause z\u00fcchten. Diese Pilze werden relativ gro\u00df, bis zu 30 cm hoch. Dies ist auch der Grund, warum sie eine der beliebtesten Arten ist. Das kann auch daran liegen, dass Sie nicht so viel \u00dcbelkeit nach dem Essen haben, was bei anderen Magic [&hellip;]<\/p>\n","protected":false},"featured_media":3567,"comment_status":"open","ping_status":"closed","template":"","meta":[],"product_brand":[],"product_cat":[115],"product_tag":[],"class_list":{"0":"post-4745","1":"product","2":"type-product","3":"status-publish","4":"has-post-thumbnail","6":"product_cat-fresh-mushrooms-zuchtset","8":"first","9":"instock","10":"taxable","11":"shipping-taxable","12":"purchasable","13":"product-type-simple"},"yoast_head":"<!-- This site is optimized with the Yoast SEO Premium plugin v26.4 (Yoast SEO v27.2) - https:\/\/yoast.com\/product\/yoast-seo-premium-wordpress\/ -->\n<title>Kaufen Sie Ihr 100% Mycelium B+ Champignonzucht-Set online<\/title>\n<meta name=\"description\" content=\"Indem Sie Ihr B+ Champignonzucht-Set online kaufen, sichern Sie sich ein qualitativ hochwertiges Zucht-Set, das Ihnen einen gro\u00dfen Ertrag beschert.\" \/>\n<meta name=\"robots\" content=\"index, follow, max-snippet:-1, max-image-preview:large, max-video-preview:-1\" \/>\n<link rel=\"canonical\" href=\"https:\/\/dutchmicrodosing.com\/de\/zauberpilze-zuchtsets\/fresh-mushrooms-zuchtset\/b-xp\/\" \/>\n<meta property=\"og:locale\" content=\"de_DE\" \/>\n<meta property=\"og:type\" content=\"article\" \/>\n<meta property=\"og:title\" content=\"B+ XP\" \/>\n<meta property=\"og:description\" content=\"Mit einem Freshmushrooms Grow Kit k\u00f6nnen Sie ganz einfach B+ Pilze zu Hause z\u00fcchten. Diese Pilze werden relativ gro\u00df, bis zu 30 cm hoch. Dies ist auch der\" \/>\n<meta property=\"og:url\" content=\"https:\/\/dutchmicrodosing.com\/de\/zauberpilze-zuchtsets\/fresh-mushrooms-zuchtset\/b-xp\/\" \/>\n<meta property=\"og:site_name\" content=\"Dutchmicrodosing\" \/>\n<meta property=\"article:publisher\" content=\"https:\/\/www.facebook.com\/Dutchmicrodosingxp\/\" \/>\n<meta property=\"article:modified_time\" content=\"2024-01-16T15:01:54+00:00\" \/>\n<meta property=\"og:image\" content=\"https:\/\/dutchmicrodosing.com\/wp-content\/uploads\/2021\/02\/B-xp.jpg\" \/>\n\t<meta property=\"og:image:width\" content=\"500\" \/>\n\t<meta property=\"og:image:height\" content=\"500\" \/>\n\t<meta property=\"og:image:type\" content=\"image\/jpeg\" \/>\n<meta name=\"twitter:card\" content=\"summary_large_image\" \/>\n<script type=\"application\/ld+json\" class=\"yoast-schema-graph\">{\"@context\":\"https:\/\/schema.org\",\"@graph\":[{\"@type\":\"WebPage\",\"@id\":\"https:\/\/dutchmicrodosing.com\/de\/zauberpilze-zuchtsets\/fresh-mushrooms-zuchtset\/b-xp\/\",\"url\":\"https:\/\/dutchmicrodosing.com\/de\/zauberpilze-zuchtsets\/fresh-mushrooms-zuchtset\/b-xp\/\",\"name\":\"Kaufen Sie Ihr 100% Mycelium B+ Champignonzucht-Set online\",\"isPartOf\":{\"@id\":\"https:\/\/dutchmicrodosing.com\/de\/#website\"},\"primaryImageOfPage\":{\"@id\":\"https:\/\/dutchmicrodosing.com\/de\/zauberpilze-zuchtsets\/fresh-mushrooms-zuchtset\/b-xp\/#primaryimage\"},\"image\":{\"@id\":\"https:\/\/dutchmicrodosing.com\/de\/zauberpilze-zuchtsets\/fresh-mushrooms-zuchtset\/b-xp\/#primaryimage\"},\"thumbnailUrl\":\"https:\/\/dutchmicrodosing.com\/wp-content\/uploads\/2021\/02\/B-xp.jpg\",\"datePublished\":\"2021-05-02T08:36:08+00:00\",\"dateModified\":\"2024-01-16T15:01:54+00:00\",\"description\":\"Indem Sie Ihr B+ Champignonzucht-Set online kaufen, sichern Sie sich ein qualitativ hochwertiges Zucht-Set, das Ihnen einen gro\u00dfen Ertrag beschert.\",\"breadcrumb\":{\"@id\":\"https:\/\/dutchmicrodosing.com\/de\/zauberpilze-zuchtsets\/fresh-mushrooms-zuchtset\/b-xp\/#breadcrumb\"},\"inLanguage\":\"de\",\"potentialAction\":[{\"@type\":\"ReadAction\",\"target\":[\"https:\/\/dutchmicrodosing.com\/de\/zauberpilze-zuchtsets\/fresh-mushrooms-zuchtset\/b-xp\/\"]}]},{\"@type\":\"ImageObject\",\"inLanguage\":\"de\",\"@id\":\"https:\/\/dutchmicrodosing.com\/de\/zauberpilze-zuchtsets\/fresh-mushrooms-zuchtset\/b-xp\/#primaryimage\",\"url\":\"https:\/\/dutchmicrodosing.com\/wp-content\/uploads\/2021\/02\/B-xp.jpg\",\"contentUrl\":\"https:\/\/dutchmicrodosing.com\/wp-content\/uploads\/2021\/02\/B-xp.jpg\",\"width\":500,\"height\":500},{\"@type\":\"BreadcrumbList\",\"@id\":\"https:\/\/dutchmicrodosing.com\/de\/zauberpilze-zuchtsets\/fresh-mushrooms-zuchtset\/b-xp\/#breadcrumb\",\"itemListElement\":[{\"@type\":\"ListItem\",\"position\":1,\"name\":\"Home\",\"item\":\"https:\/\/dutchmicrodosing.com\/de\/\"},{\"@type\":\"ListItem\",\"position\":2,\"name\":\"Shop\",\"item\":\"https:\/\/dutchmicrodosing.com\/de\/shop\/\"},{\"@type\":\"ListItem\",\"position\":3,\"name\":\"B+ XP\"}]},{\"@type\":\"WebSite\",\"@id\":\"https:\/\/dutchmicrodosing.com\/de\/#website\",\"url\":\"https:\/\/dutchmicrodosing.com\/de\/\",\"name\":\"Dutchmicrodosing\",\"description\":\"\",\"publisher\":{\"@id\":\"https:\/\/dutchmicrodosing.com\/de\/#organization\"},\"potentialAction\":[{\"@type\":\"SearchAction\",\"target\":{\"@type\":\"EntryPoint\",\"urlTemplate\":\"https:\/\/dutchmicrodosing.com\/de\/?s={search_term_string}\"},\"query-input\":{\"@type\":\"PropertyValueSpecification\",\"valueRequired\":true,\"valueName\":\"search_term_string\"}}],\"inLanguage\":\"de\"},{\"@type\":\"Organization\",\"@id\":\"https:\/\/dutchmicrodosing.com\/de\/#organization\",\"name\":\"Dutchmicrodosing\",\"url\":\"https:\/\/dutchmicrodosing.com\/de\/\",\"logo\":{\"@type\":\"ImageObject\",\"inLanguage\":\"de\",\"@id\":\"https:\/\/dutchmicrodosing.com\/de\/#\/schema\/logo\/image\/\",\"url\":\"https:\/\/dutchmicrodosing.com\/wp-content\/uploads\/2021\/01\/microdosing-categorie-pic-nieuw.jpg\",\"contentUrl\":\"https:\/\/dutchmicrodosing.com\/wp-content\/uploads\/2021\/01\/microdosing-categorie-pic-nieuw.jpg\",\"width\":500,\"height\":500,\"caption\":\"Dutchmicrodosing\"},\"image\":{\"@id\":\"https:\/\/dutchmicrodosing.com\/de\/#\/schema\/logo\/image\/\"},\"sameAs\":[\"https:\/\/www.facebook.com\/Dutchmicrodosingxp\/\",\"https:\/\/www.instagram.com\/dutchmicrodosing\/\"]}]}<\/script>\n<meta property=\"product:price:amount\" content=\"39.95\" \/>\n<meta property=\"product:price:currency\" content=\"EUR\" \/>\n<meta property=\"og:availability\" content=\"instock\" \/>\n<meta property=\"product:availability\" content=\"instock\" \/>\n<meta property=\"product:retailer_item_id\" content=\"0208751\" \/>\n<meta property=\"product:condition\" content=\"new\" \/>\n<!-- \/ Yoast SEO Premium plugin. -->","yoast_head_json":{"title":"Kaufen Sie Ihr 100% Mycelium B+ Champignonzucht-Set online","description":"Indem Sie Ihr B+ Champignonzucht-Set online kaufen, sichern Sie sich ein qualitativ hochwertiges Zucht-Set, das Ihnen einen gro\u00dfen Ertrag beschert.","robots":{"index":"index","follow":"follow","max-snippet":"max-snippet:-1","max-image-preview":"max-image-preview:large","max-video-preview":"max-video-preview:-1"},"canonical":"https:\/\/dutchmicrodosing.com\/de\/zauberpilze-zuchtsets\/fresh-mushrooms-zuchtset\/b-xp\/","og_locale":"de_DE","og_type":"article","og_title":"B+ XP","og_description":"Mit einem Freshmushrooms Grow Kit k\u00f6nnen Sie ganz einfach B+ Pilze zu Hause z\u00fcchten. Diese Pilze werden relativ gro\u00df, bis zu 30 cm hoch. Dies ist auch der","og_url":"https:\/\/dutchmicrodosing.com\/de\/zauberpilze-zuchtsets\/fresh-mushrooms-zuchtset\/b-xp\/","og_site_name":"Dutchmicrodosing","article_publisher":"https:\/\/www.facebook.com\/Dutchmicrodosingxp\/","article_modified_time":"2024-01-16T15:01:54+00:00","og_image":[{"width":500,"height":500,"url":"https:\/\/dutchmicrodosing.com\/wp-content\/uploads\/2021\/02\/B-xp.jpg","type":"image\/jpeg"}],"twitter_card":"summary_large_image","schema":{"@context":"https:\/\/schema.org","@graph":[{"@type":"WebPage","@id":"https:\/\/dutchmicrodosing.com\/de\/zauberpilze-zuchtsets\/fresh-mushrooms-zuchtset\/b-xp\/","url":"https:\/\/dutchmicrodosing.com\/de\/zauberpilze-zuchtsets\/fresh-mushrooms-zuchtset\/b-xp\/","name":"Kaufen Sie Ihr 100% Mycelium B+ Champignonzucht-Set online","isPartOf":{"@id":"https:\/\/dutchmicrodosing.com\/de\/#website"},"primaryImageOfPage":{"@id":"https:\/\/dutchmicrodosing.com\/de\/zauberpilze-zuchtsets\/fresh-mushrooms-zuchtset\/b-xp\/#primaryimage"},"image":{"@id":"https:\/\/dutchmicrodosing.com\/de\/zauberpilze-zuchtsets\/fresh-mushrooms-zuchtset\/b-xp\/#primaryimage"},"thumbnailUrl":"https:\/\/dutchmicrodosing.com\/wp-content\/uploads\/2021\/02\/B-xp.jpg","datePublished":"2021-05-02T08:36:08+00:00","dateModified":"2024-01-16T15:01:54+00:00","description":"Indem Sie Ihr B+ Champignonzucht-Set online kaufen, sichern Sie sich ein qualitativ hochwertiges Zucht-Set, das Ihnen einen gro\u00dfen Ertrag beschert.","breadcrumb":{"@id":"https:\/\/dutchmicrodosing.com\/de\/zauberpilze-zuchtsets\/fresh-mushrooms-zuchtset\/b-xp\/#breadcrumb"},"inLanguage":"de","potentialAction":[{"@type":"ReadAction","target":["https:\/\/dutchmicrodosing.com\/de\/zauberpilze-zuchtsets\/fresh-mushrooms-zuchtset\/b-xp\/"]}]},{"@type":"ImageObject","inLanguage":"de","@id":"https:\/\/dutchmicrodosing.com\/de\/zauberpilze-zuchtsets\/fresh-mushrooms-zuchtset\/b-xp\/#primaryimage","url":"https:\/\/dutchmicrodosing.com\/wp-content\/uploads\/2021\/02\/B-xp.jpg","contentUrl":"https:\/\/dutchmicrodosing.com\/wp-content\/uploads\/2021\/02\/B-xp.jpg","width":500,"height":500},{"@type":"BreadcrumbList","@id":"https:\/\/dutchmicrodosing.com\/de\/zauberpilze-zuchtsets\/fresh-mushrooms-zuchtset\/b-xp\/#breadcrumb","itemListElement":[{"@type":"ListItem","position":1,"name":"Home","item":"https:\/\/dutchmicrodosing.com\/de\/"},{"@type":"ListItem","position":2,"name":"Shop","item":"https:\/\/dutchmicrodosing.com\/de\/shop\/"},{"@type":"ListItem","position":3,"name":"B+ XP"}]},{"@type":"WebSite","@id":"https:\/\/dutchmicrodosing.com\/de\/#website","url":"https:\/\/dutchmicrodosing.com\/de\/","name":"Dutchmicrodosing","description":"","publisher":{"@id":"https:\/\/dutchmicrodosing.com\/de\/#organization"},"potentialAction":[{"@type":"SearchAction","target":{"@type":"EntryPoint","urlTemplate":"https:\/\/dutchmicrodosing.com\/de\/?s={search_term_string}"},"query-input":{"@type":"PropertyValueSpecification","valueRequired":true,"valueName":"search_term_string"}}],"inLanguage":"de"},{"@type":"Organization","@id":"https:\/\/dutchmicrodosing.com\/de\/#organization","name":"Dutchmicrodosing","url":"https:\/\/dutchmicrodosing.com\/de\/","logo":{"@type":"ImageObject","inLanguage":"de","@id":"https:\/\/dutchmicrodosing.com\/de\/#\/schema\/logo\/image\/","url":"https:\/\/dutchmicrodosing.com\/wp-content\/uploads\/2021\/01\/microdosing-categorie-pic-nieuw.jpg","contentUrl":"https:\/\/dutchmicrodosing.com\/wp-content\/uploads\/2021\/01\/microdosing-categorie-pic-nieuw.jpg","width":500,"height":500,"caption":"Dutchmicrodosing"},"image":{"@id":"https:\/\/dutchmicrodosing.com\/de\/#\/schema\/logo\/image\/"},"sameAs":["https:\/\/www.facebook.com\/Dutchmicrodosingxp\/","https:\/\/www.instagram.com\/dutchmicrodosing\/"]}]},"product_price_amount":"39.95","product_price_currency":"EUR","og_availability":"instock","product_availability":"instock","product_retailer_item_id":"0208751","product_condition":"new"},"_links":{"self":[{"href":"https:\/\/dutchmicrodosing.com\/de\/wp-json\/wp\/v2\/product\/4745","targetHints":{"allow":["GET"]}}],"collection":[{"href":"https:\/\/dutchmicrodosing.com\/de\/wp-json\/wp\/v2\/product"}],"about":[{"href":"https:\/\/dutchmicrodosing.com\/de\/wp-json\/wp\/v2\/types\/product"}],"replies":[{"embeddable":true,"href":"https:\/\/dutchmicrodosing.com\/de\/wp-json\/wp\/v2\/comments?post=4745"}],"version-history":[{"count":0,"href":"https:\/\/dutchmicrodosing.com\/de\/wp-json\/wp\/v2\/product\/4745\/revisions"}],"wp:featuredmedia":[{"embeddable":true,"href":"https:\/\/dutchmicrodosing.com\/de\/wp-json\/wp\/v2\/media\/3567"}],"wp:attachment":[{"href":"https:\/\/dutchmicrodosing.com\/de\/wp-json\/wp\/v2\/media?parent=4745"}],"wp:term":[{"taxonomy":"product_brand","embeddable":true,"href":"https:\/\/dutchmicrodosing.com\/de\/wp-json\/wp\/v2\/product_brand?post=4745"},{"taxonomy":"product_cat","embeddable":true,"href":"https:\/\/dutchmicrodosing.com\/de\/wp-json\/wp\/v2\/product_cat?post=4745"},{"taxonomy":"product_tag","embeddable":true,"href":"https:\/\/dutchmicrodosing.com\/de\/wp-json\/wp\/v2\/product_tag?post=4745"}],"curies":[{"name":"wp","href":"https:\/\/api.w.org\/{rel}","templated":true}]}}