{"id":4746,"date":"2021-02-21T10:22:35","date_gmt":"2021-02-21T09:22:35","guid":{"rendered":"https:\/\/dutchmicrodosing.com\/shop\/unkategorisiert\/mc-kennaii-xp\/"},"modified":"2025-11-20T10:53:54","modified_gmt":"2025-11-20T09:53:54","slug":"mc-kennaii-xp","status":"publish","type":"product","link":"https:\/\/dutchmicrodosing.com\/de\/zauberpilze-zuchtsets\/fresh-mushrooms-zuchtset\/mc-kennaii-xp\/","title":{"rendered":"Mc Kennaii XP"},"content":{"rendered":"<p>Haben Sie schon einmal gestolpert und sind Sie es gewohnt? Dann ist es vielleicht an der Zeit, den <strong>McKennaii-Pilz<\/strong> zu probieren. Diese magischen Pilze sind bekannt f\u00fcr ihre starke, intensive Wirkung, die Ihre Welt ersch\u00fcttern wird. Daher ist dieser Zauberpilz nur f\u00fcr erfahrene Anwender geeignet. Es ist einer der st\u00e4rksten Magic Mushrooms in unserem Sortiment.<\/p>\n<h2>Die starke Wirkung des McKennaii-Pilzes<\/h2>\n<p>Der McKennaii-Pilz wird Ihnen einen Ausflug bescheren, den Sie nicht so schnell vergessen werden. Die starken visuellen Effekte nehmen Sie mit auf eine faszinierende Reise. Diese Art von Effekten kann gro\u00dfartig sein, aber wenn Sie es noch nie erlebt haben, kann es Sie auch erschrecken. Deshalb ist unser Rat, sie erst auszuprobieren, wenn Sie etwas mehr Erfahrung haben.<\/p>\n<h2>Woher kommt der McKennaii?<\/h2>\n<p>Der Zauberpilz erhielt seinen Namen als Hommage an einen gro\u00dfen Liebhaber psychedelischer Substanzen. 25 Jahre lang studierte der amerikanische Psychonaut Terrence McKenna den Schamanismus und die Werkzeuge, die ihm bei seinen spirituellen Reisen helfen k\u00f6nnen.<\/p>\n<p>Er experimentierte gerne, zum Beispiel mit Ayahuasca und auch mit Zauberpilzen. Er war \u00fcberzeugt von dem Nutzen, den psychedelische Drogen f\u00fcr den Menschen haben k\u00f6nnten. McKennai h\u00e4lt seit Jahren Workshops und Vortr\u00e4ge und hat sich immer f\u00fcr einen verantwortungsvollen Umgang mit Psychedelika ausgesprochen. Aus diesem Grund ist dieser kraftvolle Pilz nach ihm benannt.<\/p>\n<p>Wenn Sie diese sch\u00f6nen Pilze mit dem Fresh Mushrooms Growkit selbst z\u00fcchten wollen, werden Sie feststellen, dass sie ziemlich hartn\u00e4ckig sind. Sie k\u00f6nnen in allen Arten von Formen wachsen. Einige sind klein, andere sind gro\u00df. Ihre H\u00fcte k\u00f6nnen flach oder rund sein. Aber keine Sorge, die Qualit\u00e4t und ihre magische Kraft wird dadurch nicht geschm\u00e4lert.<\/p>\n<h2>Was sind die Wirkungen der McKennaii-Pilze?<\/h2>\n<p>Eine Reise auf den McKennaii-Pilzen ist sehr visuell. Die Bilder sind mit offenen Augen, aber auch mit geschlossenen Augen sichtbar. Gleichzeitig werden Sie auch eine Auswirkung auf Ihre Gedanken feststellen. Sie gehen tief, so tief, wie sie noch nie zuvor gegangen sind. Sie f\u00fchlen sich philosophisch und teilen Ihre Gedanken gerne mit anderen. Menschen, die \u00fcber diesen Pilz stolpern, sind kreativ. Sie k\u00f6nnen auch Ihr Gef\u00fchl f\u00fcr Zeit und Raum verlieren und Ihre Sinne werden sch\u00e4rfer.<\/p>\n<p>Der McKennaii-Pilz gibt einen intensiven Trip, also seien Sie vorsichtig und greifen Sie nur zu, wenn Sie denken, dass Sie damit umgehen k\u00f6nnen.<\/p>\n<h2>Handbuch Mckennaii Grow Kit<\/h2>\n<p><a href=\"https:\/\/dutchmicrodosing.com\/de\/growkit_manual\/\">Hier herunterladen : Fresh Mushroom Growkit Manual<\/a><\/p>\n<ol>\n<li>Nehmen Sie das Kulturset, den Plastikbeutel und die B\u00fcroklammer aus der Schachtel. Nehmen Sie den Deckel des Anbausatzes ab (bewahren Sie den Deckel an einem sicheren Ort auf). Sp\u00fclen Sie den Deckel unter flie\u00dfendem Wasser ab. Sie werden sie sp\u00e4ter wieder brauchen.<\/li>\n<li>Legen Sie das Kulturset ohne Deckel in den mitgelieferten Plastikbeutel. Schieben Sie die \u00d6ffnung des Beutels mit der Mikroperforation nach oben unter den Boden. Die \u00d6ffnung des Beutels ist nun weitgehend geschlossen. Um die Luftzirkulation brauchen Sie sich nicht zu k\u00fcmmern.<\/li>\n<li>Sobald Sie sehen, dass kleine Kugeln wachsen, k\u00f6nnen Sie den Beutel aufrecht stellen. Nicht w\u00e4ssern. Die ersten Pilze werden nach ca. 1 Woche sichtbar sein.<\/li>\n<li>Stellen Sie das Anzuchtset an einen Ort mit ausreichend Tageslicht und einer Temperatur zwischen 18 \u00b0C und 28 \u00b0C. Stellen Sie das Kulturset NIEMALS in direktes Sonnenlicht. Obwohl Pilze bei fast jeder Temperatur \u00fcber 15 \u00b0C wachsen, ist 23 \u00b0C die ideale Temperatur f\u00fcr eine optimale Ernte. Um diese Temperatur zu gew\u00e4hrleisten und nicht den ganzen Raum heizen zu m\u00fcssen, gibt es spezielle Heizmatten.<\/li>\n<li>Lassen Sie den Beutel ab diesem Zeitpunkt immer leicht ge\u00f6ffnet, damit die Feuchtigkeit ein wenig verdunsten kann. Zu viel Feuchtigkeit ist nicht gut. Die erste Ernte erfolgt etwa eine Woche nach dem Erscheinen der ersten Zwiebeln. Achten Sie darauf, dass Sie ernten, bevor die ersten Sporen fallen!<\/li>\n<li>Diese Sets liefern mehrere Pilzernten. F\u00fcllen Sie dazu das Set nach der ersten Ernte mit sauberem Leitungswasser. Dieser Vorgang wird als K\u00e4lteschock bezeichnet und haucht dem Myzel neues Leben ein und sorgt daf\u00fcr, dass die Pilze ausreichend Feuchtigkeit f\u00fcr ihr Wachstum erhalten.<\/li>\n<li>Setzen Sie den Deckel des Kulturkits wieder auf das Kit. Lassen Sie das Set 12 Stunden lang ruhen. \u00d6ffnen Sie eine Ecke des Deckels und lassen Sie \u00fcbersch\u00fcssiges Wasser abtropfen. Von hier aus k\u00f6nnen Sie die Anweisungen von Schritt 1 erneut befolgen. Dieser Vorgang kann mehrmals wiederholt werden.<\/li>\n<\/ol>\n<h2>Die Ernte:<\/h2>\n<p>Freshmushrooms Grow Kits bringen recht schnell die erste Ernte. Nach einer Woche sind bereits die ersten Knospen zu sehen. Niedrige und hohe Temperaturen k\u00f6nnen diesen Wachstumsprozess etwas verlangsamen. Sobald die Knospen sichtbar sind, dauert es in der Regel eine Woche, bis sich die Pilze vollst\u00e4ndig entwickelt haben.<\/p>\n<p>Der Zeitpunkt der Ernte ist \u00e4u\u00dferst wichtig. Wenn die Membranen unter den H\u00fcten noch dicht sind, aber durch die Kraft der H\u00fcte zu platzen oder sich zu l\u00f6sen drohen, ist es Zeit f\u00fcr die Ernte.<span style=\"text-decoration: underline;\"><br \/>\n<\/span><\/p>\n<h2>Yield McKennaii 100% Myzel magische Pilze wachsen Kit<\/h2>\n<p>Ein Mckennaii 1200cc Grow Kit von Freshmushrooms ergibt eine Ernte von 500g bis 800g frischen oder 50-80g getrockneten Pilzen.<\/p>\n<h3>Was ist die empfohlene Dosis?<\/h3>\n<p>Frische Pilze McKennaii-Pilze k\u00f6nnen frisch, aber auch getrocknet verzehrt werden. Die Wirkung kann zwischen 3 und 8 Stunden anhalten. Wie schnell Sie die Wirkung sp\u00fcren, h\u00e4ngt auch davon ab, ob Sie vorher etwas gegessen haben. Normalerweise ist das nach einer halben bis einer Stunde der Fall. Sie k\u00f6nnen auch Tee aus den Pilzen zubereiten. Kochen Sie etwas Wasser f\u00fcr Paddy-Tee, lassen Sie es eine Weile abk\u00fchlen und gie\u00dfen Sie es \u00fcber Ihre Pilze.<\/p>\n<p>Milder Trip: 1 bis 2 Gramm getrocknete Pilze oder 12 bis 24 Gramm frische Pilze.<\/p>\n<p>Erfahrene Psychonauten wissen in der Regel, wie sie reagieren und k\u00f6nnen etwas mehr vertragen. Wenn Sie aber noch nie mit dem McKennai gestolpert sind, sollten Sie lieber eine kleinere Menge nehmen. Verwenden Sie eine Waage, um die Menge genau zu messen.<\/p>\n<h3>Vorbereiten der Reise<\/h3>\n<p>M\u00fcssen Sie Ihre Reise vorbereiten? Das hat einige Vorteile: Je wohler Sie sich in Ihrer Haut f\u00fchlen und je wohler Sie sich f\u00fchlen, desto besser wird Ihre Reise sein. Nehmen Sie sich daher einen Moment Zeit, um dar\u00fcber nachzudenken, wie Sie sich f\u00fchlen, wer bei der Reise dabei ist und wo Sie sie durchf\u00fchren werden. W\u00e4hlen Sie einen Ort, an dem Sie sich wohlf\u00fchlen und fahren Sie nur mit Personen, denen Sie vertrauen.<\/p>\n<p>Es ist auch eine gute Idee, einen Tripsitter zu organisieren. Dies kann ein guter Freund sein, der n\u00fcchtern bleibt. Er oder sie wird also keine Drogen oder Alkohol konsumieren. Wenn die Reise zu intensiv wird, kann der Tripsitter Sie beruhigen. Es macht oft einen Unterschied, wenn jemand in der N\u00e4he ist, der Ihnen mitteilt, dass die Reise zu Ende ist. Ein Stolperd\u00e4mpfer ist ebenfalls eine gute Idee.<\/p>\n<h2>Kaufen Sie Ihr Fresh Mushrooms McKennaii Grow Kit online<\/h2>\n<p>Freuen Sie sich auf eine solch kraftvolle Reise? Lassen Sie sich vom McKennaii Zauberpilz zu h\u00f6heren Pl\u00e4tzen f\u00fchren. Mit einem Grow-Kit von Fresh Mushrooms k\u00f6nnen Sie sie jetzt ganz einfach zu Hause z\u00fcchten. Sie kaufen es in unserem Shop und wir schicken es Ihnen in einer neutralen und sicheren Verpackung schnell nach Hause.<\/p>\n","protected":false},"excerpt":{"rendered":"<p>Haben Sie schon einmal gestolpert und sind Sie es gewohnt? Dann ist es vielleicht an der Zeit, den McKennaii-Pilz zu probieren. Diese magischen Pilze sind bekannt f\u00fcr ihre starke, intensive Wirkung, die Ihre Welt ersch\u00fcttern wird. Daher ist dieser Zauberpilz nur f\u00fcr erfahrene Anwender geeignet. Es ist einer der st\u00e4rksten Magic Mushrooms in unserem Sortiment. [&hellip;]<\/p>\n","protected":false},"featured_media":3591,"comment_status":"open","ping_status":"closed","template":"","meta":[],"product_brand":[],"product_cat":[115],"product_tag":[],"class_list":{"0":"post-4746","1":"product","2":"type-product","3":"status-publish","4":"has-post-thumbnail","6":"product_cat-fresh-mushrooms-zuchtset","8":"first","9":"instock","10":"taxable","11":"shipping-taxable","12":"purchasable","13":"product-type-simple"},"yoast_head":"<!-- This site is optimized with the Yoast SEO Premium plugin v26.4 (Yoast SEO v27.4) - https:\/\/yoast.com\/product\/yoast-seo-premium-wordpress\/ -->\n<title>Kaufen Sie Ihr Fresh Mushrooms McKennaii growkit online | Diskret verpackt<\/title>\n<meta name=\"description\" content=\"Freuen Sie sich auf eine solch kraftvolle Reise? Lassen Sie sich vom McKennaii Zauberpilz zu h\u00f6heren Pl\u00e4tzen f\u00fchren.\" \/>\n<meta name=\"robots\" content=\"index, follow, max-snippet:-1, max-image-preview:large, max-video-preview:-1\" \/>\n<link rel=\"canonical\" href=\"https:\/\/dutchmicrodosing.com\/de\/zauberpilze-zuchtsets\/fresh-mushrooms-zuchtset\/mc-kennaii-xp\/\" \/>\n<meta property=\"og:locale\" content=\"de_DE\" \/>\n<meta property=\"og:type\" content=\"article\" \/>\n<meta property=\"og:title\" content=\"Mc Kennaii XP\" \/>\n<meta property=\"og:description\" content=\"Haben Sie schon einmal gestolpert und sind Sie es gewohnt? Dann ist es vielleicht an der Zeit, den McKennaii-Pilz zu probieren. Diese magischen Pilze sind\" \/>\n<meta property=\"og:url\" content=\"https:\/\/dutchmicrodosing.com\/de\/zauberpilze-zuchtsets\/fresh-mushrooms-zuchtset\/mc-kennaii-xp\/\" \/>\n<meta property=\"og:site_name\" content=\"Dutchmicrodosing\" \/>\n<meta property=\"article:publisher\" content=\"https:\/\/www.facebook.com\/Dutchmicrodosingxp\/\" \/>\n<meta property=\"article:modified_time\" content=\"2025-11-20T09:53:54+00:00\" \/>\n<meta property=\"og:image\" content=\"https:\/\/dutchmicrodosing.com\/wp-content\/uploads\/2021\/02\/Mckennaii.jpg\" \/>\n\t<meta property=\"og:image:width\" content=\"500\" \/>\n\t<meta property=\"og:image:height\" content=\"500\" \/>\n\t<meta property=\"og:image:type\" content=\"image\/jpeg\" \/>\n<meta name=\"twitter:card\" content=\"summary_large_image\" \/>\n<script type=\"application\/ld+json\" class=\"yoast-schema-graph\">{\"@context\":\"https:\\\/\\\/schema.org\",\"@graph\":[{\"@type\":\"WebPage\",\"@id\":\"https:\\\/\\\/dutchmicrodosing.com\\\/de\\\/zauberpilze-zuchtsets\\\/fresh-mushrooms-zuchtset\\\/mc-kennaii-xp\\\/\",\"url\":\"https:\\\/\\\/dutchmicrodosing.com\\\/de\\\/zauberpilze-zuchtsets\\\/fresh-mushrooms-zuchtset\\\/mc-kennaii-xp\\\/\",\"name\":\"Kaufen Sie Ihr Fresh Mushrooms McKennaii growkit online | Diskret verpackt\",\"isPartOf\":{\"@id\":\"https:\\\/\\\/dutchmicrodosing.com\\\/de\\\/#website\"},\"primaryImageOfPage\":{\"@id\":\"https:\\\/\\\/dutchmicrodosing.com\\\/de\\\/zauberpilze-zuchtsets\\\/fresh-mushrooms-zuchtset\\\/mc-kennaii-xp\\\/#primaryimage\"},\"image\":{\"@id\":\"https:\\\/\\\/dutchmicrodosing.com\\\/de\\\/zauberpilze-zuchtsets\\\/fresh-mushrooms-zuchtset\\\/mc-kennaii-xp\\\/#primaryimage\"},\"thumbnailUrl\":\"https:\\\/\\\/dutchmicrodosing.com\\\/wp-content\\\/uploads\\\/2021\\\/02\\\/Mckennaii.jpg\",\"datePublished\":\"2021-02-21T09:22:35+00:00\",\"dateModified\":\"2025-11-20T09:53:54+00:00\",\"description\":\"Freuen Sie sich auf eine solch kraftvolle Reise? Lassen Sie sich vom McKennaii Zauberpilz zu h\u00f6heren Pl\u00e4tzen f\u00fchren.\",\"breadcrumb\":{\"@id\":\"https:\\\/\\\/dutchmicrodosing.com\\\/de\\\/zauberpilze-zuchtsets\\\/fresh-mushrooms-zuchtset\\\/mc-kennaii-xp\\\/#breadcrumb\"},\"inLanguage\":\"de\",\"potentialAction\":[{\"@type\":\"ReadAction\",\"target\":[\"https:\\\/\\\/dutchmicrodosing.com\\\/de\\\/zauberpilze-zuchtsets\\\/fresh-mushrooms-zuchtset\\\/mc-kennaii-xp\\\/\"]}]},{\"@type\":\"ImageObject\",\"inLanguage\":\"de\",\"@id\":\"https:\\\/\\\/dutchmicrodosing.com\\\/de\\\/zauberpilze-zuchtsets\\\/fresh-mushrooms-zuchtset\\\/mc-kennaii-xp\\\/#primaryimage\",\"url\":\"https:\\\/\\\/dutchmicrodosing.com\\\/wp-content\\\/uploads\\\/2021\\\/02\\\/Mckennaii.jpg\",\"contentUrl\":\"https:\\\/\\\/dutchmicrodosing.com\\\/wp-content\\\/uploads\\\/2021\\\/02\\\/Mckennaii.jpg\",\"width\":500,\"height\":500},{\"@type\":\"BreadcrumbList\",\"@id\":\"https:\\\/\\\/dutchmicrodosing.com\\\/de\\\/zauberpilze-zuchtsets\\\/fresh-mushrooms-zuchtset\\\/mc-kennaii-xp\\\/#breadcrumb\",\"itemListElement\":[{\"@type\":\"ListItem\",\"position\":1,\"name\":\"Home\",\"item\":\"https:\\\/\\\/dutchmicrodosing.com\\\/de\\\/\"},{\"@type\":\"ListItem\",\"position\":2,\"name\":\"Shop\",\"item\":\"https:\\\/\\\/dutchmicrodosing.com\\\/de\\\/shop\\\/\"},{\"@type\":\"ListItem\",\"position\":3,\"name\":\"Mc Kennaii XP\"}]},{\"@type\":\"WebSite\",\"@id\":\"https:\\\/\\\/dutchmicrodosing.com\\\/de\\\/#website\",\"url\":\"https:\\\/\\\/dutchmicrodosing.com\\\/de\\\/\",\"name\":\"Dutchmicrodosing\",\"description\":\"\",\"publisher\":{\"@id\":\"https:\\\/\\\/dutchmicrodosing.com\\\/de\\\/#organization\"},\"potentialAction\":[{\"@type\":\"SearchAction\",\"target\":{\"@type\":\"EntryPoint\",\"urlTemplate\":\"https:\\\/\\\/dutchmicrodosing.com\\\/de\\\/?s={search_term_string}\"},\"query-input\":{\"@type\":\"PropertyValueSpecification\",\"valueRequired\":true,\"valueName\":\"search_term_string\"}}],\"inLanguage\":\"de\"},{\"@type\":\"Organization\",\"@id\":\"https:\\\/\\\/dutchmicrodosing.com\\\/de\\\/#organization\",\"name\":\"Dutchmicrodosing\",\"url\":\"https:\\\/\\\/dutchmicrodosing.com\\\/de\\\/\",\"logo\":{\"@type\":\"ImageObject\",\"inLanguage\":\"de\",\"@id\":\"https:\\\/\\\/dutchmicrodosing.com\\\/de\\\/#\\\/schema\\\/logo\\\/image\\\/\",\"url\":\"https:\\\/\\\/dutchmicrodosing.com\\\/wp-content\\\/uploads\\\/2021\\\/01\\\/microdosing-categorie-pic-nieuw.jpg\",\"contentUrl\":\"https:\\\/\\\/dutchmicrodosing.com\\\/wp-content\\\/uploads\\\/2021\\\/01\\\/microdosing-categorie-pic-nieuw.jpg\",\"width\":500,\"height\":500,\"caption\":\"Dutchmicrodosing\"},\"image\":{\"@id\":\"https:\\\/\\\/dutchmicrodosing.com\\\/de\\\/#\\\/schema\\\/logo\\\/image\\\/\"},\"sameAs\":[\"https:\\\/\\\/www.facebook.com\\\/Dutchmicrodosingxp\\\/\",\"https:\\\/\\\/www.instagram.com\\\/dutchmicrodosing\\\/\"]}]}<\/script>\n<meta property=\"product:price:amount\" content=\"39.95\" \/>\n<meta property=\"product:price:currency\" content=\"EUR\" \/>\n<meta property=\"og:availability\" content=\"instock\" \/>\n<meta property=\"product:availability\" content=\"instock\" \/>\n<meta property=\"product:retailer_item_id\" content=\"0208370\" \/>\n<meta property=\"product:condition\" content=\"new\" \/>\n<!-- \/ Yoast SEO Premium plugin. -->","yoast_head_json":{"title":"Kaufen Sie Ihr Fresh Mushrooms McKennaii growkit online | Diskret verpackt","description":"Freuen Sie sich auf eine solch kraftvolle Reise? Lassen Sie sich vom McKennaii Zauberpilz zu h\u00f6heren Pl\u00e4tzen f\u00fchren.","robots":{"index":"index","follow":"follow","max-snippet":"max-snippet:-1","max-image-preview":"max-image-preview:large","max-video-preview":"max-video-preview:-1"},"canonical":"https:\/\/dutchmicrodosing.com\/de\/zauberpilze-zuchtsets\/fresh-mushrooms-zuchtset\/mc-kennaii-xp\/","og_locale":"de_DE","og_type":"article","og_title":"Mc Kennaii XP","og_description":"Haben Sie schon einmal gestolpert und sind Sie es gewohnt? Dann ist es vielleicht an der Zeit, den McKennaii-Pilz zu probieren. Diese magischen Pilze sind","og_url":"https:\/\/dutchmicrodosing.com\/de\/zauberpilze-zuchtsets\/fresh-mushrooms-zuchtset\/mc-kennaii-xp\/","og_site_name":"Dutchmicrodosing","article_publisher":"https:\/\/www.facebook.com\/Dutchmicrodosingxp\/","article_modified_time":"2025-11-20T09:53:54+00:00","og_image":[{"width":500,"height":500,"url":"https:\/\/dutchmicrodosing.com\/wp-content\/uploads\/2021\/02\/Mckennaii.jpg","type":"image\/jpeg"}],"twitter_card":"summary_large_image","schema":{"@context":"https:\/\/schema.org","@graph":[{"@type":"WebPage","@id":"https:\/\/dutchmicrodosing.com\/de\/zauberpilze-zuchtsets\/fresh-mushrooms-zuchtset\/mc-kennaii-xp\/","url":"https:\/\/dutchmicrodosing.com\/de\/zauberpilze-zuchtsets\/fresh-mushrooms-zuchtset\/mc-kennaii-xp\/","name":"Kaufen Sie Ihr Fresh Mushrooms McKennaii growkit online | Diskret verpackt","isPartOf":{"@id":"https:\/\/dutchmicrodosing.com\/de\/#website"},"primaryImageOfPage":{"@id":"https:\/\/dutchmicrodosing.com\/de\/zauberpilze-zuchtsets\/fresh-mushrooms-zuchtset\/mc-kennaii-xp\/#primaryimage"},"image":{"@id":"https:\/\/dutchmicrodosing.com\/de\/zauberpilze-zuchtsets\/fresh-mushrooms-zuchtset\/mc-kennaii-xp\/#primaryimage"},"thumbnailUrl":"https:\/\/dutchmicrodosing.com\/wp-content\/uploads\/2021\/02\/Mckennaii.jpg","datePublished":"2021-02-21T09:22:35+00:00","dateModified":"2025-11-20T09:53:54+00:00","description":"Freuen Sie sich auf eine solch kraftvolle Reise? Lassen Sie sich vom McKennaii Zauberpilz zu h\u00f6heren Pl\u00e4tzen f\u00fchren.","breadcrumb":{"@id":"https:\/\/dutchmicrodosing.com\/de\/zauberpilze-zuchtsets\/fresh-mushrooms-zuchtset\/mc-kennaii-xp\/#breadcrumb"},"inLanguage":"de","potentialAction":[{"@type":"ReadAction","target":["https:\/\/dutchmicrodosing.com\/de\/zauberpilze-zuchtsets\/fresh-mushrooms-zuchtset\/mc-kennaii-xp\/"]}]},{"@type":"ImageObject","inLanguage":"de","@id":"https:\/\/dutchmicrodosing.com\/de\/zauberpilze-zuchtsets\/fresh-mushrooms-zuchtset\/mc-kennaii-xp\/#primaryimage","url":"https:\/\/dutchmicrodosing.com\/wp-content\/uploads\/2021\/02\/Mckennaii.jpg","contentUrl":"https:\/\/dutchmicrodosing.com\/wp-content\/uploads\/2021\/02\/Mckennaii.jpg","width":500,"height":500},{"@type":"BreadcrumbList","@id":"https:\/\/dutchmicrodosing.com\/de\/zauberpilze-zuchtsets\/fresh-mushrooms-zuchtset\/mc-kennaii-xp\/#breadcrumb","itemListElement":[{"@type":"ListItem","position":1,"name":"Home","item":"https:\/\/dutchmicrodosing.com\/de\/"},{"@type":"ListItem","position":2,"name":"Shop","item":"https:\/\/dutchmicrodosing.com\/de\/shop\/"},{"@type":"ListItem","position":3,"name":"Mc Kennaii XP"}]},{"@type":"WebSite","@id":"https:\/\/dutchmicrodosing.com\/de\/#website","url":"https:\/\/dutchmicrodosing.com\/de\/","name":"Dutchmicrodosing","description":"","publisher":{"@id":"https:\/\/dutchmicrodosing.com\/de\/#organization"},"potentialAction":[{"@type":"SearchAction","target":{"@type":"EntryPoint","urlTemplate":"https:\/\/dutchmicrodosing.com\/de\/?s={search_term_string}"},"query-input":{"@type":"PropertyValueSpecification","valueRequired":true,"valueName":"search_term_string"}}],"inLanguage":"de"},{"@type":"Organization","@id":"https:\/\/dutchmicrodosing.com\/de\/#organization","name":"Dutchmicrodosing","url":"https:\/\/dutchmicrodosing.com\/de\/","logo":{"@type":"ImageObject","inLanguage":"de","@id":"https:\/\/dutchmicrodosing.com\/de\/#\/schema\/logo\/image\/","url":"https:\/\/dutchmicrodosing.com\/wp-content\/uploads\/2021\/01\/microdosing-categorie-pic-nieuw.jpg","contentUrl":"https:\/\/dutchmicrodosing.com\/wp-content\/uploads\/2021\/01\/microdosing-categorie-pic-nieuw.jpg","width":500,"height":500,"caption":"Dutchmicrodosing"},"image":{"@id":"https:\/\/dutchmicrodosing.com\/de\/#\/schema\/logo\/image\/"},"sameAs":["https:\/\/www.facebook.com\/Dutchmicrodosingxp\/","https:\/\/www.instagram.com\/dutchmicrodosing\/"]}]},"product_price_amount":"39.95","product_price_currency":"EUR","og_availability":"instock","product_availability":"instock","product_retailer_item_id":"0208370","product_condition":"new"},"_links":{"self":[{"href":"https:\/\/dutchmicrodosing.com\/de\/wp-json\/wp\/v2\/product\/4746","targetHints":{"allow":["GET"]}}],"collection":[{"href":"https:\/\/dutchmicrodosing.com\/de\/wp-json\/wp\/v2\/product"}],"about":[{"href":"https:\/\/dutchmicrodosing.com\/de\/wp-json\/wp\/v2\/types\/product"}],"replies":[{"embeddable":true,"href":"https:\/\/dutchmicrodosing.com\/de\/wp-json\/wp\/v2\/comments?post=4746"}],"version-history":[{"count":2,"href":"https:\/\/dutchmicrodosing.com\/de\/wp-json\/wp\/v2\/product\/4746\/revisions"}],"predecessor-version":[{"id":62601,"href":"https:\/\/dutchmicrodosing.com\/de\/wp-json\/wp\/v2\/product\/4746\/revisions\/62601"}],"wp:featuredmedia":[{"embeddable":true,"href":"https:\/\/dutchmicrodosing.com\/de\/wp-json\/wp\/v2\/media\/3591"}],"wp:attachment":[{"href":"https:\/\/dutchmicrodosing.com\/de\/wp-json\/wp\/v2\/media?parent=4746"}],"wp:term":[{"taxonomy":"product_brand","embeddable":true,"href":"https:\/\/dutchmicrodosing.com\/de\/wp-json\/wp\/v2\/product_brand?post=4746"},{"taxonomy":"product_cat","embeddable":true,"href":"https:\/\/dutchmicrodosing.com\/de\/wp-json\/wp\/v2\/product_cat?post=4746"},{"taxonomy":"product_tag","embeddable":true,"href":"https:\/\/dutchmicrodosing.com\/de\/wp-json\/wp\/v2\/product_tag?post=4746"}],"curies":[{"name":"wp","href":"https:\/\/api.w.org\/{rel}","templated":true}]}}