{"id":4748,"date":"2021-02-21T10:11:26","date_gmt":"2021-02-21T09:11:26","guid":{"rendered":"https:\/\/dutchmicrodosing.com\/shop\/unkategorisiert\/goldener-lehrer-xp\/"},"modified":"2025-11-20T11:02:51","modified_gmt":"2025-11-20T10:02:51","slug":"golden-teacher-xp","status":"publish","type":"product","link":"https:\/\/dutchmicrodosing.com\/de\/zauberpilze-zuchtsets\/fresh-mushrooms-zuchtset\/golden-teacher-xp\/","title":{"rendered":"Goldener Teacher XP"},"content":{"rendered":"<p>Das <strong>Golden Teacher Magic Mushroom<\/strong> Grow Kit ist ideal f\u00fcr Anf\u00e4nger. Wenn Sie neugierig auf die Welt der Magic Mushrooms sind und noch keine Erfahrung haben, dann ist Golden Teacher der richtige Ort, um damit zu beginnen. Die Wirkungen sind mild und werden von fast allen Menschen gut vertragen. Sind Sie auf der Suche nach einem Pilz f\u00fcr eine sch\u00f6ne Reise, w\u00e4hlen Sie f\u00fcr diese Fresh Mushroom grow kit.<\/p>\n<h2>Lernen Sie sich selbst kennen mit dem Goldenen Lehrmeister<\/h2>\n<p>Auf einer Reise kann man viel \u00fcber sich selbst lernen, und das kann man mit dem Goldenen Lehrer ganz sicher. Dieser sch\u00f6ne goldene Pilz hilft Ihnen, die tieferen Schichten Ihres Selbst zu entr\u00e4tseln und gibt Ihnen neue Ideen. Nach einer Reise sehen Sie die Welt und das Leben selbst vielleicht anders. Das Golden Teacher Magic Mushroom Grow Kit wird nicht umsonst Lehrer genannt: Es gibt dir mehr Einblick in das, was dir wichtig ist.<\/p>\n<h2>Die Entdeckung des Goldenen Lehrers Pilze<\/h2>\n<p>Der Goldene Lehrer wurde vor nicht allzu langer Zeit im S\u00fcdosten der Vereinigten Staaten gefunden. Viele psychoaktive Pilze sind inzwischen entdeckt worden, aber man ist immer noch auf der Suche nach neuen Arten mit besonderen Eigenschaften. Zum Beispiel wurde der Goldene Lehrer von jemandem in den 1980er Jahren gefunden. Sie wurde auf den Namen Psilocybe Aurumescens getauft.<\/p>\n<p>Dieser Pilz kann ziemlich hoch werden, etwa 13 cm, und hat einen sch\u00f6nen goldenen Hut und elfenbeinfarbene Stiele. Die Ernten sind in der Regel reichlich, wobei die Pilze mit jeder weiteren Ernte m\u00f6glicherweise noch voller und gr\u00f6\u00dfer werden. Der Goldene Lehrer ist ein sehr sch\u00f6ner Pilz, den man zu Hause mit dem Fresh Mushrooms Growkit z\u00fcchten kann.<\/p>\n<h2>Wirkungen des Goldenen Lehrers Zauberpilz<\/h2>\n<p>Die Wirkungen des Golden Teacher Magic Mushrooms sind visuell und emotional\/mental. Sie werden die Realit\u00e4t anders wahrnehmen. Es beeinflusst Ihre Sinne. Es kann zu Halluzinationen kommen, bei denen Sie vielleicht anfangen, Farben oder Muster zu sehen. Aber alle Ihre Sinne k\u00f6nnen gesch\u00e4rft werden. Mit diesen Pilzen ist es m\u00f6glich, dass Ihre Gedanken schneller gehen und Sie Erkenntnisse \u00fcber sich selbst erhalten. Lachanf\u00e4lle sind ebenso m\u00f6glich wie Gef\u00fchle von Freude und Gl\u00fcck.<\/p>\n<p>Ein Trip mit Magic Mushrooms kann f\u00fcr jeden anders verlaufen. Das h\u00e4ngt auch von der eigenen Stimmung ab und davon, ob man bereits Erfahrung mit Trips hat. Es gibt keine M\u00f6glichkeit vorherzusagen, wie Sie reagieren werden, also seien Sie vorsichtig mit der Dosierung. Unten finden Sie mehr Informationen dar\u00fcber, wie Sie Golden Teacher Magic Mushrooms dosieren.<\/p>\n<h2>Handbuch Golden Teacher Grow Kit<\/h2>\n<p><a href=\"https:\/\/dutchmicrodosing.com\/de\/growkit_manual\/\">Hier herunterladen : Fresh Mushroom Growkit Manual<\/a><\/p>\n<ol>\n<li>Nehmen Sie das Kulturset, den Plastikbeutel und die B\u00fcroklammer aus der Schachtel. Nehmen Sie den Deckel des Anbausatzes ab (bewahren Sie den Deckel an einem sicheren Ort auf). Sp\u00fclen Sie den Deckel unter flie\u00dfendem Wasser ab. Sie werden sie sp\u00e4ter wieder brauchen.<\/li>\n<li>Legen Sie das Kulturset ohne Deckel in den mitgelieferten Plastikbeutel. Schieben Sie die \u00d6ffnung des Beutels mit der Mikroperforation nach oben unter den Boden. Die \u00d6ffnung des Beutels ist nun weitgehend geschlossen. Um die Luftzirkulation brauchen Sie sich nicht zu k\u00fcmmern.<\/li>\n<li>Sobald Sie sehen, dass kleine Kugeln wachsen, k\u00f6nnen Sie den Beutel aufrecht stellen. Nicht w\u00e4ssern. Die ersten Pilze werden nach ca. 1 Woche sichtbar sein.<\/li>\n<li>Stellen Sie das Anzuchtset an einen Ort mit ausreichend Tageslicht und einer Temperatur zwischen 18 \u00b0C und 28 \u00b0C. Stellen Sie das Kulturset NIEMALS in direktes Sonnenlicht. Obwohl Pilze bei fast jeder Temperatur \u00fcber 15 \u00b0C wachsen, ist 23 \u00b0C die ideale Temperatur f\u00fcr eine optimale Ernte. Um diese Temperatur zu gew\u00e4hrleisten und nicht den ganzen Raum heizen zu m\u00fcssen, gibt es spezielle Heizmatten.<\/li>\n<li>Lassen Sie den Beutel ab diesem Zeitpunkt immer leicht ge\u00f6ffnet, damit die Feuchtigkeit ein wenig verdunsten kann. Zu viel Feuchtigkeit ist nicht gut. Die erste Ernte erfolgt etwa eine Woche nach dem Erscheinen der ersten Zwiebeln. Achten Sie darauf, dass Sie ernten, bevor die ersten Sporen fallen!<\/li>\n<li>Diese Sets liefern mehrere Pilzernten. F\u00fcllen Sie dazu das Set nach der ersten Ernte mit sauberem Leitungswasser. Dieser Vorgang wird als K\u00e4lteschock bezeichnet und haucht dem Myzel neues Leben ein und sorgt daf\u00fcr, dass die Pilze ausreichend Feuchtigkeit f\u00fcr ihr Wachstum erhalten.<\/li>\n<li>Setzen Sie den Deckel des Kulturkits wieder auf das Kit. Lassen Sie das Set 12 Stunden lang ruhen. \u00d6ffnen Sie eine Ecke des Deckels und lassen Sie \u00fcbersch\u00fcssiges Wasser abtropfen. Von hier aus k\u00f6nnen Sie die Anweisungen von Schritt 1 erneut befolgen. Dieser Vorgang kann mehrmals wiederholt werden.<\/li>\n<\/ol>\n<h2>Die Ernte:<\/h2>\n<p>Freshmushrooms Grow Kits bringen recht schnell die erste Ernte. Nach einer Woche sind bereits die ersten Knospen zu sehen. Niedrige und hohe Temperaturen k\u00f6nnen diesen Wachstumsprozess etwas verlangsamen. Sobald die Knospen sichtbar sind, dauert es in der Regel eine Woche, bis sich die Pilze vollst\u00e4ndig entwickelt haben.<\/p>\n<p>Der Zeitpunkt der Ernte ist \u00e4u\u00dferst wichtig. Wenn die Membranen unter den H\u00fcten noch dicht sind, aber durch die Kraft der H\u00fcte zu platzen oder sich zu l\u00f6sen drohen, ist es Zeit f\u00fcr die Ernte.<\/p>\n<h2>Ausbeute Golden Teacher 100% Mycelium Growkit<\/h2>\n<p>Ein Golden Teacher 1200cc Growkit von Freshmushrooms ergibt eine Ernte von 500g bis 800g frischen oder 50-80g getrockneten Pilzen.<\/p>\n<h3>Dosierung von Magic Mushrooms<\/h3>\n<p>Eine korrekte Dosierung ist wichtig, um die Intensit\u00e4t Ihrer Reise zu bestimmen. Eine gr\u00f6\u00dfere Menge an Pilzen wird zu einem intensiveren Trip f\u00fchren. Wenn Sie Magic Mushrooms noch nicht sehr oft verwendet haben, dann empfehlen wir Ihnen, mit einer niedrigeren Dosierung zu beginnen. Wenn Sie sie trocknen, k\u00f6nnen Sie 1 bis 2 Gramm der Fresh Mushrooms Golden Teacher Pilze nehmen. Wenn Sie frische Pilze nehmen, k\u00f6nnen Sie 9 bis 10 Gramm essen. F\u00fcr einen durchschnittlichen Benutzer sind 2 Gramm getrocknete oder 20 Gramm frische Pilze akzeptabel. Die Auswirkungen eines Trips k\u00f6nnen zwischen 3 und 8 Stunden andauern.<\/p>\n<h3>Bereiten Sie Ihre Reise mit Magic Mushrooms vor<\/h3>\n<p>Obwohl die Verwendung von Magic Mushrooms sicher ist, ist es gut, Ihre Reise vorzubereiten. Dies gilt besonders, wenn Sie es noch nie getan haben. Gehen Sie nicht auf eigene Faust los. Bitten Sie einen vertrauensw\u00fcrdigen Freund, bei Ihnen zu bleiben. Diese Person ist der Ausl\u00f6ser und wird n\u00fcchtern bleiben, also keinen Alkohol oder Drogen nehmen. Ein Pilztrip kann ziemlich intensiv sein. Es ist sch\u00f6n, jemanden dabei zu haben, der Sie beruhigen kann. Ein Stolperd\u00e4mpfer ist ebenfalls eine gute Idee.<\/p>\n<p>\u00dcberlegen Sie au\u00dferdem genau, wo Sie ausl\u00f6sen werden. W\u00e4hlen Sie eine Umgebung, in der Sie sich wohl f\u00fchlen. Und wenn Sie Magic Mushrooms mit anderen konsumieren wollen, stellen Sie sicher, dass es sich um Menschen handelt, mit denen Sie sich wohl f\u00fchlen. Wenn dies nicht der Fall ist, ist es weniger leicht, sich der Wirkung des Pilzes hinzugeben.<\/p>\n<h2>Kaufen Sie das Fresh Mushrooms grow kit online<\/h2>\n<p>Mit dem Fresh Mushrooms Golden Teacher Grow-Kit wird der Anbau von Magic Mushrooms zu Hause leicht gemacht. Sie k\u00f6nnen dieses Grow-Kit jetzt ganz einfach online in unserem Shop kaufen. Bestellen Sie jetzt und wir sorgen daf\u00fcr, dass Sie Ihr Paket so schnell wie m\u00f6glich erhalten.<\/p>\n","protected":false},"excerpt":{"rendered":"<p>Das Golden Teacher Magic Mushroom Grow Kit ist ideal f\u00fcr Anf\u00e4nger. Wenn Sie neugierig auf die Welt der Magic Mushrooms sind und noch keine Erfahrung haben, dann ist Golden Teacher der richtige Ort, um damit zu beginnen. Die Wirkungen sind mild und werden von fast allen Menschen gut vertragen. Sind Sie auf der Suche nach [&hellip;]<\/p>\n","protected":false},"featured_media":3583,"comment_status":"open","ping_status":"closed","template":"","meta":[],"product_brand":[],"product_cat":[115],"product_tag":[],"class_list":{"0":"post-4748","1":"product","2":"type-product","3":"status-publish","4":"has-post-thumbnail","6":"product_cat-fresh-mushrooms-zuchtset","8":"first","9":"instock","10":"taxable","11":"shipping-taxable","12":"purchasable","13":"product-type-simple"},"yoast_head":"<!-- This site is optimized with the Yoast SEO Premium plugin v26.4 (Yoast SEO v27.2) - https:\/\/yoast.com\/product\/yoast-seo-premium-wordpress\/ -->\n<title>Frische Champignons Golden Teacher online kaufen schnell geliefert<\/title>\n<meta name=\"description\" content=\"Der Fresh Mushrooms Golden Teacher macht den Anbau von Magic Mushrooms zu Hause einfach. Sie k\u00f6nnen dieses Grow-Kit einfach online in unserem Shop kaufen.\" \/>\n<meta name=\"robots\" content=\"index, follow, max-snippet:-1, max-image-preview:large, max-video-preview:-1\" \/>\n<link rel=\"canonical\" href=\"https:\/\/dutchmicrodosing.com\/de\/zauberpilze-zuchtsets\/fresh-mushrooms-zuchtset\/golden-teacher-xp\/\" \/>\n<meta property=\"og:locale\" content=\"de_DE\" \/>\n<meta property=\"og:type\" content=\"article\" \/>\n<meta property=\"og:title\" content=\"Goldener Teacher XP\" \/>\n<meta property=\"og:description\" content=\"Das Golden Teacher Magic Mushroom Grow Kit ist ideal f\u00fcr Anf\u00e4nger. Wenn Sie neugierig auf die Welt der Magic Mushrooms sind und noch keine Erfahrung\" \/>\n<meta property=\"og:url\" content=\"https:\/\/dutchmicrodosing.com\/de\/zauberpilze-zuchtsets\/fresh-mushrooms-zuchtset\/golden-teacher-xp\/\" \/>\n<meta property=\"og:site_name\" content=\"Dutchmicrodosing\" \/>\n<meta property=\"article:publisher\" content=\"https:\/\/www.facebook.com\/Dutchmicrodosingxp\/\" \/>\n<meta property=\"article:modified_time\" content=\"2025-11-20T10:02:51+00:00\" \/>\n<meta property=\"og:image\" content=\"https:\/\/dutchmicrodosing.com\/wp-content\/uploads\/2021\/02\/Golden-Teacher.jpg\" \/>\n\t<meta property=\"og:image:width\" content=\"500\" \/>\n\t<meta property=\"og:image:height\" content=\"500\" \/>\n\t<meta property=\"og:image:type\" content=\"image\/jpeg\" \/>\n<meta name=\"twitter:card\" content=\"summary_large_image\" \/>\n<script type=\"application\/ld+json\" class=\"yoast-schema-graph\">{\"@context\":\"https:\/\/schema.org\",\"@graph\":[{\"@type\":\"WebPage\",\"@id\":\"https:\/\/dutchmicrodosing.com\/de\/zauberpilze-zuchtsets\/fresh-mushrooms-zuchtset\/golden-teacher-xp\/\",\"url\":\"https:\/\/dutchmicrodosing.com\/de\/zauberpilze-zuchtsets\/fresh-mushrooms-zuchtset\/golden-teacher-xp\/\",\"name\":\"Frische Champignons Golden Teacher online kaufen schnell geliefert\",\"isPartOf\":{\"@id\":\"https:\/\/dutchmicrodosing.com\/de\/#website\"},\"primaryImageOfPage\":{\"@id\":\"https:\/\/dutchmicrodosing.com\/de\/zauberpilze-zuchtsets\/fresh-mushrooms-zuchtset\/golden-teacher-xp\/#primaryimage\"},\"image\":{\"@id\":\"https:\/\/dutchmicrodosing.com\/de\/zauberpilze-zuchtsets\/fresh-mushrooms-zuchtset\/golden-teacher-xp\/#primaryimage\"},\"thumbnailUrl\":\"https:\/\/dutchmicrodosing.com\/wp-content\/uploads\/2021\/02\/Golden-Teacher.jpg\",\"datePublished\":\"2021-02-21T09:11:26+00:00\",\"dateModified\":\"2025-11-20T10:02:51+00:00\",\"description\":\"Der Fresh Mushrooms Golden Teacher macht den Anbau von Magic Mushrooms zu Hause einfach. Sie k\u00f6nnen dieses Grow-Kit einfach online in unserem Shop kaufen.\",\"breadcrumb\":{\"@id\":\"https:\/\/dutchmicrodosing.com\/de\/zauberpilze-zuchtsets\/fresh-mushrooms-zuchtset\/golden-teacher-xp\/#breadcrumb\"},\"inLanguage\":\"de\",\"potentialAction\":[{\"@type\":\"ReadAction\",\"target\":[\"https:\/\/dutchmicrodosing.com\/de\/zauberpilze-zuchtsets\/fresh-mushrooms-zuchtset\/golden-teacher-xp\/\"]}]},{\"@type\":\"ImageObject\",\"inLanguage\":\"de\",\"@id\":\"https:\/\/dutchmicrodosing.com\/de\/zauberpilze-zuchtsets\/fresh-mushrooms-zuchtset\/golden-teacher-xp\/#primaryimage\",\"url\":\"https:\/\/dutchmicrodosing.com\/wp-content\/uploads\/2021\/02\/Golden-Teacher.jpg\",\"contentUrl\":\"https:\/\/dutchmicrodosing.com\/wp-content\/uploads\/2021\/02\/Golden-Teacher.jpg\",\"width\":500,\"height\":500},{\"@type\":\"BreadcrumbList\",\"@id\":\"https:\/\/dutchmicrodosing.com\/de\/zauberpilze-zuchtsets\/fresh-mushrooms-zuchtset\/golden-teacher-xp\/#breadcrumb\",\"itemListElement\":[{\"@type\":\"ListItem\",\"position\":1,\"name\":\"Home\",\"item\":\"https:\/\/dutchmicrodosing.com\/de\/\"},{\"@type\":\"ListItem\",\"position\":2,\"name\":\"Shop\",\"item\":\"https:\/\/dutchmicrodosing.com\/de\/shop\/\"},{\"@type\":\"ListItem\",\"position\":3,\"name\":\"Goldener Teacher XP\"}]},{\"@type\":\"WebSite\",\"@id\":\"https:\/\/dutchmicrodosing.com\/de\/#website\",\"url\":\"https:\/\/dutchmicrodosing.com\/de\/\",\"name\":\"Dutchmicrodosing\",\"description\":\"\",\"publisher\":{\"@id\":\"https:\/\/dutchmicrodosing.com\/de\/#organization\"},\"potentialAction\":[{\"@type\":\"SearchAction\",\"target\":{\"@type\":\"EntryPoint\",\"urlTemplate\":\"https:\/\/dutchmicrodosing.com\/de\/?s={search_term_string}\"},\"query-input\":{\"@type\":\"PropertyValueSpecification\",\"valueRequired\":true,\"valueName\":\"search_term_string\"}}],\"inLanguage\":\"de\"},{\"@type\":\"Organization\",\"@id\":\"https:\/\/dutchmicrodosing.com\/de\/#organization\",\"name\":\"Dutchmicrodosing\",\"url\":\"https:\/\/dutchmicrodosing.com\/de\/\",\"logo\":{\"@type\":\"ImageObject\",\"inLanguage\":\"de\",\"@id\":\"https:\/\/dutchmicrodosing.com\/de\/#\/schema\/logo\/image\/\",\"url\":\"https:\/\/dutchmicrodosing.com\/wp-content\/uploads\/2021\/01\/microdosing-categorie-pic-nieuw.jpg\",\"contentUrl\":\"https:\/\/dutchmicrodosing.com\/wp-content\/uploads\/2021\/01\/microdosing-categorie-pic-nieuw.jpg\",\"width\":500,\"height\":500,\"caption\":\"Dutchmicrodosing\"},\"image\":{\"@id\":\"https:\/\/dutchmicrodosing.com\/de\/#\/schema\/logo\/image\/\"},\"sameAs\":[\"https:\/\/www.facebook.com\/Dutchmicrodosingxp\/\",\"https:\/\/www.instagram.com\/dutchmicrodosing\/\"]}]}<\/script>\n<meta property=\"product:price:amount\" content=\"39.95\" \/>\n<meta property=\"product:price:currency\" content=\"EUR\" \/>\n<meta property=\"og:availability\" content=\"instock\" \/>\n<meta property=\"product:availability\" content=\"instock\" \/>\n<meta property=\"product:retailer_item_id\" content=\"0208819\" \/>\n<meta property=\"product:condition\" content=\"new\" \/>\n<!-- \/ Yoast SEO Premium plugin. -->","yoast_head_json":{"title":"Frische Champignons Golden Teacher online kaufen schnell geliefert","description":"Der Fresh Mushrooms Golden Teacher macht den Anbau von Magic Mushrooms zu Hause einfach. Sie k\u00f6nnen dieses Grow-Kit einfach online in unserem Shop kaufen.","robots":{"index":"index","follow":"follow","max-snippet":"max-snippet:-1","max-image-preview":"max-image-preview:large","max-video-preview":"max-video-preview:-1"},"canonical":"https:\/\/dutchmicrodosing.com\/de\/zauberpilze-zuchtsets\/fresh-mushrooms-zuchtset\/golden-teacher-xp\/","og_locale":"de_DE","og_type":"article","og_title":"Goldener Teacher XP","og_description":"Das Golden Teacher Magic Mushroom Grow Kit ist ideal f\u00fcr Anf\u00e4nger. Wenn Sie neugierig auf die Welt der Magic Mushrooms sind und noch keine Erfahrung","og_url":"https:\/\/dutchmicrodosing.com\/de\/zauberpilze-zuchtsets\/fresh-mushrooms-zuchtset\/golden-teacher-xp\/","og_site_name":"Dutchmicrodosing","article_publisher":"https:\/\/www.facebook.com\/Dutchmicrodosingxp\/","article_modified_time":"2025-11-20T10:02:51+00:00","og_image":[{"width":500,"height":500,"url":"https:\/\/dutchmicrodosing.com\/wp-content\/uploads\/2021\/02\/Golden-Teacher.jpg","type":"image\/jpeg"}],"twitter_card":"summary_large_image","schema":{"@context":"https:\/\/schema.org","@graph":[{"@type":"WebPage","@id":"https:\/\/dutchmicrodosing.com\/de\/zauberpilze-zuchtsets\/fresh-mushrooms-zuchtset\/golden-teacher-xp\/","url":"https:\/\/dutchmicrodosing.com\/de\/zauberpilze-zuchtsets\/fresh-mushrooms-zuchtset\/golden-teacher-xp\/","name":"Frische Champignons Golden Teacher online kaufen schnell geliefert","isPartOf":{"@id":"https:\/\/dutchmicrodosing.com\/de\/#website"},"primaryImageOfPage":{"@id":"https:\/\/dutchmicrodosing.com\/de\/zauberpilze-zuchtsets\/fresh-mushrooms-zuchtset\/golden-teacher-xp\/#primaryimage"},"image":{"@id":"https:\/\/dutchmicrodosing.com\/de\/zauberpilze-zuchtsets\/fresh-mushrooms-zuchtset\/golden-teacher-xp\/#primaryimage"},"thumbnailUrl":"https:\/\/dutchmicrodosing.com\/wp-content\/uploads\/2021\/02\/Golden-Teacher.jpg","datePublished":"2021-02-21T09:11:26+00:00","dateModified":"2025-11-20T10:02:51+00:00","description":"Der Fresh Mushrooms Golden Teacher macht den Anbau von Magic Mushrooms zu Hause einfach. Sie k\u00f6nnen dieses Grow-Kit einfach online in unserem Shop kaufen.","breadcrumb":{"@id":"https:\/\/dutchmicrodosing.com\/de\/zauberpilze-zuchtsets\/fresh-mushrooms-zuchtset\/golden-teacher-xp\/#breadcrumb"},"inLanguage":"de","potentialAction":[{"@type":"ReadAction","target":["https:\/\/dutchmicrodosing.com\/de\/zauberpilze-zuchtsets\/fresh-mushrooms-zuchtset\/golden-teacher-xp\/"]}]},{"@type":"ImageObject","inLanguage":"de","@id":"https:\/\/dutchmicrodosing.com\/de\/zauberpilze-zuchtsets\/fresh-mushrooms-zuchtset\/golden-teacher-xp\/#primaryimage","url":"https:\/\/dutchmicrodosing.com\/wp-content\/uploads\/2021\/02\/Golden-Teacher.jpg","contentUrl":"https:\/\/dutchmicrodosing.com\/wp-content\/uploads\/2021\/02\/Golden-Teacher.jpg","width":500,"height":500},{"@type":"BreadcrumbList","@id":"https:\/\/dutchmicrodosing.com\/de\/zauberpilze-zuchtsets\/fresh-mushrooms-zuchtset\/golden-teacher-xp\/#breadcrumb","itemListElement":[{"@type":"ListItem","position":1,"name":"Home","item":"https:\/\/dutchmicrodosing.com\/de\/"},{"@type":"ListItem","position":2,"name":"Shop","item":"https:\/\/dutchmicrodosing.com\/de\/shop\/"},{"@type":"ListItem","position":3,"name":"Goldener Teacher XP"}]},{"@type":"WebSite","@id":"https:\/\/dutchmicrodosing.com\/de\/#website","url":"https:\/\/dutchmicrodosing.com\/de\/","name":"Dutchmicrodosing","description":"","publisher":{"@id":"https:\/\/dutchmicrodosing.com\/de\/#organization"},"potentialAction":[{"@type":"SearchAction","target":{"@type":"EntryPoint","urlTemplate":"https:\/\/dutchmicrodosing.com\/de\/?s={search_term_string}"},"query-input":{"@type":"PropertyValueSpecification","valueRequired":true,"valueName":"search_term_string"}}],"inLanguage":"de"},{"@type":"Organization","@id":"https:\/\/dutchmicrodosing.com\/de\/#organization","name":"Dutchmicrodosing","url":"https:\/\/dutchmicrodosing.com\/de\/","logo":{"@type":"ImageObject","inLanguage":"de","@id":"https:\/\/dutchmicrodosing.com\/de\/#\/schema\/logo\/image\/","url":"https:\/\/dutchmicrodosing.com\/wp-content\/uploads\/2021\/01\/microdosing-categorie-pic-nieuw.jpg","contentUrl":"https:\/\/dutchmicrodosing.com\/wp-content\/uploads\/2021\/01\/microdosing-categorie-pic-nieuw.jpg","width":500,"height":500,"caption":"Dutchmicrodosing"},"image":{"@id":"https:\/\/dutchmicrodosing.com\/de\/#\/schema\/logo\/image\/"},"sameAs":["https:\/\/www.facebook.com\/Dutchmicrodosingxp\/","https:\/\/www.instagram.com\/dutchmicrodosing\/"]}]},"product_price_amount":"39.95","product_price_currency":"EUR","og_availability":"instock","product_availability":"instock","product_retailer_item_id":"0208819","product_condition":"new"},"_links":{"self":[{"href":"https:\/\/dutchmicrodosing.com\/de\/wp-json\/wp\/v2\/product\/4748","targetHints":{"allow":["GET"]}}],"collection":[{"href":"https:\/\/dutchmicrodosing.com\/de\/wp-json\/wp\/v2\/product"}],"about":[{"href":"https:\/\/dutchmicrodosing.com\/de\/wp-json\/wp\/v2\/types\/product"}],"replies":[{"embeddable":true,"href":"https:\/\/dutchmicrodosing.com\/de\/wp-json\/wp\/v2\/comments?post=4748"}],"version-history":[{"count":3,"href":"https:\/\/dutchmicrodosing.com\/de\/wp-json\/wp\/v2\/product\/4748\/revisions"}],"predecessor-version":[{"id":62614,"href":"https:\/\/dutchmicrodosing.com\/de\/wp-json\/wp\/v2\/product\/4748\/revisions\/62614"}],"wp:featuredmedia":[{"embeddable":true,"href":"https:\/\/dutchmicrodosing.com\/de\/wp-json\/wp\/v2\/media\/3583"}],"wp:attachment":[{"href":"https:\/\/dutchmicrodosing.com\/de\/wp-json\/wp\/v2\/media?parent=4748"}],"wp:term":[{"taxonomy":"product_brand","embeddable":true,"href":"https:\/\/dutchmicrodosing.com\/de\/wp-json\/wp\/v2\/product_brand?post=4748"},{"taxonomy":"product_cat","embeddable":true,"href":"https:\/\/dutchmicrodosing.com\/de\/wp-json\/wp\/v2\/product_cat?post=4748"},{"taxonomy":"product_tag","embeddable":true,"href":"https:\/\/dutchmicrodosing.com\/de\/wp-json\/wp\/v2\/product_tag?post=4748"}],"curies":[{"name":"wp","href":"https:\/\/api.w.org\/{rel}","templated":true}]}}