{"id":4750,"date":"2021-02-02T15:34:14","date_gmt":"2021-05-02T08:38:14","guid":{"rendered":"https:\/\/dutchmicrodosing.com\/shop\/unkategorisiert\/psilocybe-galindoi-trueffel-25-gr\/"},"modified":"2023-03-11T12:44:00","modified_gmt":"2023-03-11T11:44:00","slug":"bio-galindoi-truffel","status":"publish","type":"product","link":"https:\/\/dutchmicrodosing.com\/de\/psilocybin-truffel\/bio-zauber-trueffel-xp\/bio-galindoi-truffel\/","title":{"rendered":"Bio Galindoi Tr\u00fcffel 25 Gr"},"content":{"rendered":"<p>Der Galindoi 100% Bio Psilocybe Tr\u00fcffel ist ein beeindruckender und kraftvoller bewusstseinsver\u00e4ndernder Zaubertr\u00fcffel. Mit einer St\u00e4rke von vier (von f\u00fcnf m\u00f6glichen) Sternen f\u00fcr visuelle Effekte, Gehirn und K\u00f6rper f\u00fchlen sich die Visualisierungen mit geschlossenen Augen sehr lebensecht an. Geometrische Muster werden sichtbar und auf mentaler Ebene lassen diese magischen Tr\u00fcffel Sie tiefer in Kontakt mit sich selbst kommen. Dieser kr\u00e4ftige Psilocybe-Pilz (Tr\u00fcffel) stammt aus Mexiko und Amerika. Sie wurden erst vor relativ kurzer Zeit entdeckt und sind daher unter Psychonauten noch relativ unbekannt. Der Galindoi ist ein echtes Entheogen, dessen Gebrauch Jahrhunderte zur\u00fcckreicht. Entheogen bedeutet &#8222;vom inneren Gott kommend&#8220; und ein Entheogen ist eine Kategorie von psychoaktiven Substanzen, die eine spirituelle Erfahrung hervorrufen. Die Mazateken (indigener mexikanischer Volksstamm aus dem Bundesstaat Oaxaca) waren die ersten in der Geschichte, die den Galindoi-Pilz f\u00fcr Rituale und spirituelle Zwecke verwendeten. Der Name Galindoi wurde zu Ehren des angesehenen mexikanischen Mykologen und Anthropologen Gast\u00f3n Guzm\u00e1n Huerta vergeben, der sein Leben dem Studium und der Erforschung von Pilzen und Psilocybin widmete. Der Galindoi eignet sich perfekt f\u00fcr diejenigen, die schon einmal Psilocybin-Pilze oder Tr\u00fcffel verwendet haben. Wenn Sie neu im Umgang mit Psilocybin sind, empfehlen wir Ihnen, eine mildere Tr\u00fcffelart wie die Pajaritos oder Tampanensis zu w\u00e4hlen.<\/p>\n<p><strong>Verwendung und Inhalt mindblowing Galindoi 100% Bio Psilocybe Tr\u00fcffel<\/strong><\/p>\n<p>Die Galindoi-Tr\u00fcffel hat eine starke psychedelische Wirkung. Wenn Sie zum ersten Mal Psilocybin-Tr\u00fcffel probieren, empfehlen wir immer, eine leichtere Tr\u00fcffelart zu w\u00e4hlen. Wenn Sie sich jedoch f\u00fcr das Galindoi entscheiden, beginnen Sie mit einer Dosis von 8 Gramm. Die Galindoi-Tr\u00fcffel k\u00f6nnen direkt aus der Packung verzehrt werden. Es ist sehr wichtig, dass Sie die Tr\u00fcffel lange und gut kauen, bevor Sie sie verschlucken. Dadurch wird die Wirkung der Tr\u00fcffel erheblich verst\u00e4rkt. Sie k\u00f6nnen auch einen Tee aus den Tr\u00fcffeln zubereiten, allerdings wird dadurch die Wirkung etwas abgeschw\u00e4cht. Die empfohlene Menge zur Einnahme ist:<\/p>\n<ul>\n<li>Milde Reise 10 Gramm<\/li>\n<li>Starke Reise 15 Gramm<\/li>\n<li>Extremfahrt 25 Gramm<\/li>\n<\/ul>\n<p>Haben Sie bereits Erfahrungen mit Psilocybin-Tr\u00fcffeln gemacht? Dann empfehlen wir Ihnen, 15 Gramm einzunehmen. Wenn Sie sich jedoch f\u00fcr eine extreme Reise entscheiden, nehmen Sie den gesamten Inhalt der Packung (25 Gramm). Achten Sie auf eine entspannte Atmosph\u00e4re und eine ruhige und vertraute Umgebung, wenn Sie vorhaben, diese bewusstseinsver\u00e4ndernden Tr\u00fcffel zu konsumieren. Ihr Wohnzimmer ist perfekt f\u00fcr eine gute Reise. Stellen Sie sicher, dass Sie ein gutes &#8222;Set &amp; Setting&#8220; haben und ergreifen Sie Ma\u00dfnahmen wie das Aufr\u00e4umen des Zimmers oder das Vorbereiten von Dingen, von denen Sie glauben, dass Sie sie w\u00e4hrend des Trips mit Psilocybin brauchen werden. Schlie\u00dflich wollen Sie nicht mitten in Ihrer psychedelischen Reise nach diesem Zeug suchen m\u00fcssen. Halten Sie zum Beispiel eine Flasche Wasser bereit oder eine Matratze, falls Sie sich hinlegen m\u00f6chten. Eine Schlafmaske (Mindfold) ist ebenfalls w\u00fcnschenswert, wenn Sie bereit sind und planen, Ihre eigene geistige Innenwelt zu erforschen.<\/p>\n<p>F\u00fcr die meisten ist die Erfahrung, mit Psilocybe-Tr\u00fcffeln zu trippen, fantastisch und fast magisch. Manche Menschen vertragen jedoch die visuellen Effekte oder die Ver\u00e4nderung der Realit\u00e4tswahrnehmung nicht sehr gut, was dazu f\u00fchren kann, dass sie sich erschrecken. Keine Sorge, die Wirkung verschwindet nach ein paar Stunden. In diesen F\u00e4llen ist es ratsam, einen &#8222;Tripsitter&#8220; neben sich zu haben. Ein Tripsitter ist eine vertrauensw\u00fcrdige Person, die n\u00fcchtern anwesend ist und w\u00e4hrend des Trips f\u00fcr die Ruhe und Sicherheit der Konsumenten sorgt, damit diese sich ganz der magischen und psychedelischen Erfahrung hingeben k\u00f6nnen.<\/p>\n<p>Eine T\u00fcte Galindoi 100% Bio Psilocybe Tr\u00fcffel enth\u00e4lt 25 Gramm Psilocybin Tr\u00fcffel. Diese Menge kann von einer Person f\u00fcr einen extremen Trip eingenommen werden, aber Sie k\u00f6nnen sich auch daf\u00fcr entscheiden, einen unvergesslichen psychedelischen Trip zusammen mit jemand anderem zu erleben und beide nehmen eine Portion von 12,5 Gramm.<\/p>\n<p><strong>N\u00e4hrwertangaben pro 100 Gramm 100% Bio Galindoi Tr\u00fcffel:<\/strong><\/p>\n<p>Energie 464,7 kJ<\/p>\n<p>Energie 110,5 kcal<\/p>\n<p>Kohlenhydrate 13,2 g<\/p>\n<p>Eiwei\u00df 5,3 Gramm<\/p>\n<p>Fett 0,4 Gramm<\/p>\n<p>\u2981 Ballaststoffe 16,7 Gramm<\/p>\n<p>Salz (NaCl) 0,3 g<\/p>\n<p>Vitamin D 10,0 IU<\/p>\n<p>Natrium (Na) 13,6 mg<\/p>\n<p>Phosphor (P) 169,3 mg<\/p>\n<p>Kalium (K) 210,0 mg<\/p>\n<p>Calcium (Ca) 12,5 mg<\/p>\n<p>Eisen (F) 0,7 mg<\/p>\n<p><strong>Lagerung der 100% biologischen und umwerfenden Galindoi-Tr\u00fcffel<\/strong><\/p>\n<p>Wenn Sie nicht vorhaben, die Tr\u00fcffel sofort zu verzehren, empfehlen wir, sie im K\u00fchlschrank bei einer Temperatur zwischen 2 und 5 Grad aufzubewahren. Wenn die Psilocybin-Tr\u00fcffel ankommen, sind sie mindestens einen Monat lang haltbar (K\u00fchlschrank). \u00dcberpr\u00fcfen Sie immer das Verfallsdatum, bevor Sie sich entscheiden, die Tr\u00fcffel zu verwenden.<\/p>\n<p><strong>Warnung bei der Verwendung von bewusstseinsver\u00e4ndernden Psilocybin-Tr\u00fcffeln<\/strong><\/p>\n<p>100% Bio-Tr\u00fcffel k\u00f6nnen in Kombination mit bestimmten Medikamenten, Alkohol oder mit MAO-Hemmern gesundheitsgef\u00e4hrdend sein. Nehmen Sie irgendwelche Medikamente ein? Konsultieren Sie immer zuerst Ihren Arzt und lesen Sie die Packungsbeilage Ihres Medikaments, um gesundheitliche Risiken zu vermeiden. Verwenden Sie die Magic Truffles nicht, wenn Sie schwanger sind oder stillen. Gehen Sie verantwortungsvoll mit diesen einzigartigen Tr\u00fcffeln um und verwenden Sie sie nicht im Stra\u00dfenverkehr.<\/p>\n","protected":false},"excerpt":{"rendered":"<p>Der Galindoi 100% Bio Psilocybe Tr\u00fcffel ist ein beeindruckender und kraftvoller bewusstseinsver\u00e4ndernder Zaubertr\u00fcffel. Mit einer St\u00e4rke von vier (von f\u00fcnf m\u00f6glichen) Sternen f\u00fcr visuelle Effekte, Gehirn und K\u00f6rper f\u00fchlen sich die Visualisierungen mit geschlossenen Augen sehr lebensecht an. Geometrische Muster werden sichtbar und auf mentaler Ebene lassen diese magischen Tr\u00fcffel Sie tiefer in Kontakt mit [&hellip;]<\/p>\n","protected":false},"featured_media":3139,"comment_status":"open","ping_status":"closed","template":"","meta":[],"product_brand":[],"product_cat":[112],"product_tag":[],"class_list":{"0":"post-4750","1":"product","2":"type-product","3":"status-publish","4":"has-post-thumbnail","6":"product_cat-bio-zauber-trueffel-xp","8":"first","9":"instock","10":"taxable","11":"shipping-taxable","12":"purchasable","13":"product-type-simple"},"yoast_head":"<!-- This site is optimized with the Yoast SEO Premium plugin v26.4 (Yoast SEO v27.2) - https:\/\/yoast.com\/product\/yoast-seo-premium-wordpress\/ -->\n<title>Bio Galindoi Tr\u00fcffel 25 Gr - Dutchmicrodosing<\/title>\n<meta name=\"robots\" content=\"index, follow, max-snippet:-1, max-image-preview:large, max-video-preview:-1\" \/>\n<link rel=\"canonical\" href=\"https:\/\/dutchmicrodosing.com\/de\/psilocybin-truffel\/bio-zauber-trueffel-xp\/bio-galindoi-truffel\/\" \/>\n<meta property=\"og:locale\" content=\"de_DE\" \/>\n<meta property=\"og:type\" content=\"article\" \/>\n<meta property=\"og:title\" content=\"Bio Galindoi Tr\u00fcffel 25 Gr\" \/>\n<meta property=\"og:description\" content=\"Der Galindoi 100% Bio Psilocybe Tr\u00fcffel ist ein beeindruckender und kraftvoller bewusstseinsver\u00e4ndernder Zaubertr\u00fcffel. Mit einer St\u00e4rke von vier (von\" \/>\n<meta property=\"og:url\" content=\"https:\/\/dutchmicrodosing.com\/de\/psilocybin-truffel\/bio-zauber-trueffel-xp\/bio-galindoi-truffel\/\" \/>\n<meta property=\"og:site_name\" content=\"Dutchmicrodosing\" \/>\n<meta property=\"article:publisher\" content=\"https:\/\/www.facebook.com\/Dutchmicrodosingxp\/\" \/>\n<meta property=\"article:modified_time\" content=\"2023-03-11T11:44:00+00:00\" \/>\n<meta property=\"og:image\" content=\"https:\/\/dutchmicrodosing.com\/wp-content\/uploads\/2021\/02\/galindoi-product-truffles.jpg\" \/>\n\t<meta property=\"og:image:width\" content=\"500\" \/>\n\t<meta property=\"og:image:height\" content=\"500\" \/>\n\t<meta property=\"og:image:type\" content=\"image\/jpeg\" \/>\n<meta name=\"twitter:card\" content=\"summary_large_image\" \/>\n<script type=\"application\/ld+json\" class=\"yoast-schema-graph\">{\"@context\":\"https:\/\/schema.org\",\"@graph\":[{\"@type\":\"WebPage\",\"@id\":\"https:\/\/dutchmicrodosing.com\/de\/psilocybin-truffel\/bio-zauber-trueffel-xp\/bio-galindoi-truffel\/\",\"url\":\"https:\/\/dutchmicrodosing.com\/de\/psilocybin-truffel\/bio-zauber-trueffel-xp\/bio-galindoi-truffel\/\",\"name\":\"Bio Galindoi Tr\u00fcffel 25 Gr - Dutchmicrodosing\",\"isPartOf\":{\"@id\":\"https:\/\/dutchmicrodosing.com\/de\/#website\"},\"primaryImageOfPage\":{\"@id\":\"https:\/\/dutchmicrodosing.com\/de\/psilocybin-truffel\/bio-zauber-trueffel-xp\/bio-galindoi-truffel\/#primaryimage\"},\"image\":{\"@id\":\"https:\/\/dutchmicrodosing.com\/de\/psilocybin-truffel\/bio-zauber-trueffel-xp\/bio-galindoi-truffel\/#primaryimage\"},\"thumbnailUrl\":\"https:\/\/dutchmicrodosing.com\/wp-content\/uploads\/2021\/02\/galindoi-product-truffles.jpg\",\"datePublished\":\"2021-05-02T08:38:14+00:00\",\"dateModified\":\"2023-03-11T11:44:00+00:00\",\"breadcrumb\":{\"@id\":\"https:\/\/dutchmicrodosing.com\/de\/psilocybin-truffel\/bio-zauber-trueffel-xp\/bio-galindoi-truffel\/#breadcrumb\"},\"inLanguage\":\"de\",\"potentialAction\":[{\"@type\":\"ReadAction\",\"target\":[\"https:\/\/dutchmicrodosing.com\/de\/psilocybin-truffel\/bio-zauber-trueffel-xp\/bio-galindoi-truffel\/\"]}]},{\"@type\":\"ImageObject\",\"inLanguage\":\"de\",\"@id\":\"https:\/\/dutchmicrodosing.com\/de\/psilocybin-truffel\/bio-zauber-trueffel-xp\/bio-galindoi-truffel\/#primaryimage\",\"url\":\"https:\/\/dutchmicrodosing.com\/wp-content\/uploads\/2021\/02\/galindoi-product-truffles.jpg\",\"contentUrl\":\"https:\/\/dutchmicrodosing.com\/wp-content\/uploads\/2021\/02\/galindoi-product-truffles.jpg\",\"width\":500,\"height\":500},{\"@type\":\"BreadcrumbList\",\"@id\":\"https:\/\/dutchmicrodosing.com\/de\/psilocybin-truffel\/bio-zauber-trueffel-xp\/bio-galindoi-truffel\/#breadcrumb\",\"itemListElement\":[{\"@type\":\"ListItem\",\"position\":1,\"name\":\"Home\",\"item\":\"https:\/\/dutchmicrodosing.com\/de\/\"},{\"@type\":\"ListItem\",\"position\":2,\"name\":\"Shop\",\"item\":\"https:\/\/dutchmicrodosing.com\/de\/shop\/\"},{\"@type\":\"ListItem\",\"position\":3,\"name\":\"Bio Galindoi Tr\u00fcffel 25 Gr\"}]},{\"@type\":\"WebSite\",\"@id\":\"https:\/\/dutchmicrodosing.com\/de\/#website\",\"url\":\"https:\/\/dutchmicrodosing.com\/de\/\",\"name\":\"Dutchmicrodosing\",\"description\":\"\",\"publisher\":{\"@id\":\"https:\/\/dutchmicrodosing.com\/de\/#organization\"},\"potentialAction\":[{\"@type\":\"SearchAction\",\"target\":{\"@type\":\"EntryPoint\",\"urlTemplate\":\"https:\/\/dutchmicrodosing.com\/de\/?s={search_term_string}\"},\"query-input\":{\"@type\":\"PropertyValueSpecification\",\"valueRequired\":true,\"valueName\":\"search_term_string\"}}],\"inLanguage\":\"de\"},{\"@type\":\"Organization\",\"@id\":\"https:\/\/dutchmicrodosing.com\/de\/#organization\",\"name\":\"Dutchmicrodosing\",\"url\":\"https:\/\/dutchmicrodosing.com\/de\/\",\"logo\":{\"@type\":\"ImageObject\",\"inLanguage\":\"de\",\"@id\":\"https:\/\/dutchmicrodosing.com\/de\/#\/schema\/logo\/image\/\",\"url\":\"https:\/\/dutchmicrodosing.com\/wp-content\/uploads\/2021\/01\/microdosing-categorie-pic-nieuw.jpg\",\"contentUrl\":\"https:\/\/dutchmicrodosing.com\/wp-content\/uploads\/2021\/01\/microdosing-categorie-pic-nieuw.jpg\",\"width\":500,\"height\":500,\"caption\":\"Dutchmicrodosing\"},\"image\":{\"@id\":\"https:\/\/dutchmicrodosing.com\/de\/#\/schema\/logo\/image\/\"},\"sameAs\":[\"https:\/\/www.facebook.com\/Dutchmicrodosingxp\/\",\"https:\/\/www.instagram.com\/dutchmicrodosing\/\"]}]}<\/script>\n<meta property=\"product:price:amount\" content=\"22.95\" \/>\n<meta property=\"product:price:currency\" content=\"EUR\" \/>\n<meta property=\"og:availability\" content=\"instock\" \/>\n<meta property=\"product:availability\" content=\"instock\" \/>\n<meta property=\"product:retailer_item_id\" content=\"2212997\" \/>\n<meta property=\"product:condition\" content=\"new\" \/>\n<!-- \/ Yoast SEO Premium plugin. -->","yoast_head_json":{"title":"Bio Galindoi Tr\u00fcffel 25 Gr - Dutchmicrodosing","robots":{"index":"index","follow":"follow","max-snippet":"max-snippet:-1","max-image-preview":"max-image-preview:large","max-video-preview":"max-video-preview:-1"},"canonical":"https:\/\/dutchmicrodosing.com\/de\/psilocybin-truffel\/bio-zauber-trueffel-xp\/bio-galindoi-truffel\/","og_locale":"de_DE","og_type":"article","og_title":"Bio Galindoi Tr\u00fcffel 25 Gr","og_description":"Der Galindoi 100% Bio Psilocybe Tr\u00fcffel ist ein beeindruckender und kraftvoller bewusstseinsver\u00e4ndernder Zaubertr\u00fcffel. Mit einer St\u00e4rke von vier (von","og_url":"https:\/\/dutchmicrodosing.com\/de\/psilocybin-truffel\/bio-zauber-trueffel-xp\/bio-galindoi-truffel\/","og_site_name":"Dutchmicrodosing","article_publisher":"https:\/\/www.facebook.com\/Dutchmicrodosingxp\/","article_modified_time":"2023-03-11T11:44:00+00:00","og_image":[{"width":500,"height":500,"url":"https:\/\/dutchmicrodosing.com\/wp-content\/uploads\/2021\/02\/galindoi-product-truffles.jpg","type":"image\/jpeg"}],"twitter_card":"summary_large_image","schema":{"@context":"https:\/\/schema.org","@graph":[{"@type":"WebPage","@id":"https:\/\/dutchmicrodosing.com\/de\/psilocybin-truffel\/bio-zauber-trueffel-xp\/bio-galindoi-truffel\/","url":"https:\/\/dutchmicrodosing.com\/de\/psilocybin-truffel\/bio-zauber-trueffel-xp\/bio-galindoi-truffel\/","name":"Bio Galindoi Tr\u00fcffel 25 Gr - Dutchmicrodosing","isPartOf":{"@id":"https:\/\/dutchmicrodosing.com\/de\/#website"},"primaryImageOfPage":{"@id":"https:\/\/dutchmicrodosing.com\/de\/psilocybin-truffel\/bio-zauber-trueffel-xp\/bio-galindoi-truffel\/#primaryimage"},"image":{"@id":"https:\/\/dutchmicrodosing.com\/de\/psilocybin-truffel\/bio-zauber-trueffel-xp\/bio-galindoi-truffel\/#primaryimage"},"thumbnailUrl":"https:\/\/dutchmicrodosing.com\/wp-content\/uploads\/2021\/02\/galindoi-product-truffles.jpg","datePublished":"2021-05-02T08:38:14+00:00","dateModified":"2023-03-11T11:44:00+00:00","breadcrumb":{"@id":"https:\/\/dutchmicrodosing.com\/de\/psilocybin-truffel\/bio-zauber-trueffel-xp\/bio-galindoi-truffel\/#breadcrumb"},"inLanguage":"de","potentialAction":[{"@type":"ReadAction","target":["https:\/\/dutchmicrodosing.com\/de\/psilocybin-truffel\/bio-zauber-trueffel-xp\/bio-galindoi-truffel\/"]}]},{"@type":"ImageObject","inLanguage":"de","@id":"https:\/\/dutchmicrodosing.com\/de\/psilocybin-truffel\/bio-zauber-trueffel-xp\/bio-galindoi-truffel\/#primaryimage","url":"https:\/\/dutchmicrodosing.com\/wp-content\/uploads\/2021\/02\/galindoi-product-truffles.jpg","contentUrl":"https:\/\/dutchmicrodosing.com\/wp-content\/uploads\/2021\/02\/galindoi-product-truffles.jpg","width":500,"height":500},{"@type":"BreadcrumbList","@id":"https:\/\/dutchmicrodosing.com\/de\/psilocybin-truffel\/bio-zauber-trueffel-xp\/bio-galindoi-truffel\/#breadcrumb","itemListElement":[{"@type":"ListItem","position":1,"name":"Home","item":"https:\/\/dutchmicrodosing.com\/de\/"},{"@type":"ListItem","position":2,"name":"Shop","item":"https:\/\/dutchmicrodosing.com\/de\/shop\/"},{"@type":"ListItem","position":3,"name":"Bio Galindoi Tr\u00fcffel 25 Gr"}]},{"@type":"WebSite","@id":"https:\/\/dutchmicrodosing.com\/de\/#website","url":"https:\/\/dutchmicrodosing.com\/de\/","name":"Dutchmicrodosing","description":"","publisher":{"@id":"https:\/\/dutchmicrodosing.com\/de\/#organization"},"potentialAction":[{"@type":"SearchAction","target":{"@type":"EntryPoint","urlTemplate":"https:\/\/dutchmicrodosing.com\/de\/?s={search_term_string}"},"query-input":{"@type":"PropertyValueSpecification","valueRequired":true,"valueName":"search_term_string"}}],"inLanguage":"de"},{"@type":"Organization","@id":"https:\/\/dutchmicrodosing.com\/de\/#organization","name":"Dutchmicrodosing","url":"https:\/\/dutchmicrodosing.com\/de\/","logo":{"@type":"ImageObject","inLanguage":"de","@id":"https:\/\/dutchmicrodosing.com\/de\/#\/schema\/logo\/image\/","url":"https:\/\/dutchmicrodosing.com\/wp-content\/uploads\/2021\/01\/microdosing-categorie-pic-nieuw.jpg","contentUrl":"https:\/\/dutchmicrodosing.com\/wp-content\/uploads\/2021\/01\/microdosing-categorie-pic-nieuw.jpg","width":500,"height":500,"caption":"Dutchmicrodosing"},"image":{"@id":"https:\/\/dutchmicrodosing.com\/de\/#\/schema\/logo\/image\/"},"sameAs":["https:\/\/www.facebook.com\/Dutchmicrodosingxp\/","https:\/\/www.instagram.com\/dutchmicrodosing\/"]}]},"product_price_amount":"22.95","product_price_currency":"EUR","og_availability":"instock","product_availability":"instock","product_retailer_item_id":"2212997","product_condition":"new"},"_links":{"self":[{"href":"https:\/\/dutchmicrodosing.com\/de\/wp-json\/wp\/v2\/product\/4750","targetHints":{"allow":["GET"]}}],"collection":[{"href":"https:\/\/dutchmicrodosing.com\/de\/wp-json\/wp\/v2\/product"}],"about":[{"href":"https:\/\/dutchmicrodosing.com\/de\/wp-json\/wp\/v2\/types\/product"}],"replies":[{"embeddable":true,"href":"https:\/\/dutchmicrodosing.com\/de\/wp-json\/wp\/v2\/comments?post=4750"}],"version-history":[{"count":0,"href":"https:\/\/dutchmicrodosing.com\/de\/wp-json\/wp\/v2\/product\/4750\/revisions"}],"wp:featuredmedia":[{"embeddable":true,"href":"https:\/\/dutchmicrodosing.com\/de\/wp-json\/wp\/v2\/media\/3139"}],"wp:attachment":[{"href":"https:\/\/dutchmicrodosing.com\/de\/wp-json\/wp\/v2\/media?parent=4750"}],"wp:term":[{"taxonomy":"product_brand","embeddable":true,"href":"https:\/\/dutchmicrodosing.com\/de\/wp-json\/wp\/v2\/product_brand?post=4750"},{"taxonomy":"product_cat","embeddable":true,"href":"https:\/\/dutchmicrodosing.com\/de\/wp-json\/wp\/v2\/product_cat?post=4750"},{"taxonomy":"product_tag","embeddable":true,"href":"https:\/\/dutchmicrodosing.com\/de\/wp-json\/wp\/v2\/product_tag?post=4750"}],"curies":[{"name":"wp","href":"https:\/\/api.w.org\/{rel}","templated":true}]}}