{"id":4752,"date":"2021-02-02T15:31:24","date_gmt":"2021-05-02T08:39:05","guid":{"rendered":"https:\/\/dutchmicrodosing.com\/shop\/unkategorisiert\/psilocybe-utopia-trueffel-15-gr\/"},"modified":"2023-03-11T12:43:52","modified_gmt":"2023-03-11T11:43:52","slug":"bio-utopia-truffel","status":"publish","type":"product","link":"https:\/\/dutchmicrodosing.com\/de\/psilocybin-truffel\/bio-zauber-trueffel-xp\/bio-utopia-truffel\/","title":{"rendered":"Bio Utopia Tr\u00fcffel 15 Gr"},"content":{"rendered":"<p>Der Utopia 100% Bio-Psilocybe-Tr\u00fcffel ist ein echter Visualisierungstr\u00fcffel von noch nie dagewesener Gr\u00f6\u00dfe! Mit einer vollen Punktzahl von 5 Sternen f\u00fcr die visuellen Effekte und einer Punktzahl von 4 Sternen f\u00fcr das Hirn-High, ist dieser bewusstseinsver\u00e4ndernde magische Tr\u00fcffel f\u00fcr den erfahrenen Nutzer von Psilocybin-Pilzen oder Tr\u00fcffeln geeignet. Sind Sie bereit, sich auf einen intensiven Trip zu begeben, wie sie in den B\u00fcchern \u00fcber Psilocybin oft beschrieben werden, verwenden Sie eine Mindfold (Schlafmaske). Dies zwingt Sie dazu, zu Ihrem inneren Selbst zu reisen, wodurch die Bilder mit geschlossenen Augen wie Filme aus dem wirklichen Leben oder wie eine Utopie wirken. Geometrische Muster und leuchtende, kr\u00e4ftige Farben werden auf der B\u00fchne erscheinen. Mit ge\u00f6ffneten Augen beobachten Sie die Verzerrung von Objekten. Die Utopia-Tr\u00fcffel ist eine der st\u00e4rksten Tr\u00fcffelarten und kann den Anwender spirituell erwecken. Diese kr\u00e4ftige Tr\u00fcffelart hat eine Wachstumszeit von etwa 10 Monaten. Aufgrund dieser relativ langen Wachstumszeit ist auch der Psilocybin-Gehalt der Tr\u00fcffel h\u00f6her als bei regul\u00e4ren Tr\u00fcffelarten, wie z.B. der Tampanensis. Die Utopia-Tr\u00fcffel sind extrem starke psilocybe bewusstseinserweiternde Tr\u00fcffel, die absolut nicht entt\u00e4uschen werden!<\/p>\n<p><strong>Verwendung und Inhalt mindblowing Utopia 100% Bio Psilocybe Tr\u00fcffel<\/strong><\/p>\n<p>Der Utopia-Tr\u00fcffel hat eine starke psychedelische Wirkung. Wenn Sie zum ersten Mal Psilocybin-Tr\u00fcffel probieren, empfehlen wir immer, eine leichtere Tr\u00fcffelsorte zu w\u00e4hlen. Wenn die Wahl jedoch auf den Utopia-Tr\u00fcffel gefallen ist, beginnen Sie zun\u00e4chst mit einer Dosis von 8 Gramm. Die Utopia-Tr\u00fcffel k\u00f6nnen direkt aus der Packung verzehrt werden. Es ist sehr wichtig, dass Sie die Tr\u00fcffel lange und gut kauen, bevor Sie sie verschlucken. Dadurch wird die Wirkung der Tr\u00fcffel erheblich verst\u00e4rkt. Sie k\u00f6nnen auch einen Tee aus den Tr\u00fcffeln zubereiten, allerdings wird dadurch die Wirkung etwas abgeschw\u00e4cht. Die empfohlene Menge zur Einnahme ist:<\/p>\n<ul>\n<li>Milde Reise 10 Gramm<\/li>\n<li>Starke Reise 15 Gramm<\/li>\n<\/ul>\n<p>Haben Sie bereits Erfahrungen mit Psilocybin-Tr\u00fcffeln gemacht? Dann empfehlen wir Ihnen, den gesamten Inhalt der Packung (15 Gramm) zu verzehren. Achten Sie auf eine entspannte Atmosph\u00e4re und eine ruhige und vertraute Umgebung, wenn Sie vorhaben, diese bewusstseinsver\u00e4ndernden Tr\u00fcffel zu konsumieren. Ihr Wohnzimmer ist perfekt f\u00fcr eine gute Reise. Stellen Sie sicher, dass Sie ein gutes &#8222;Set &amp; Setting&#8220; haben und ergreifen Sie Ma\u00dfnahmen wie das Aufr\u00e4umen des Zimmers oder das Vorbereiten von Dingen, von denen Sie glauben, dass Sie sie w\u00e4hrend des Trips mit Psilocybin brauchen werden. Schlie\u00dflich wollen Sie nicht mitten in Ihrer psychedelischen Reise nach diesem Zeug suchen m\u00fcssen. Halten Sie zum Beispiel eine Flasche Wasser bereit oder eine Matratze, falls Sie sich hinlegen m\u00f6chten. Eine Schlafmaske (Mindfold) ist ebenfalls w\u00fcnschenswert, wenn Sie bereit sind und planen, Ihre eigene geistige Innenwelt zu erforschen.<\/p>\n<p>F\u00fcr die meisten ist die Erfahrung, mit Psilocybe-Tr\u00fcffeln zu trippen, fantastisch und fast magisch. Manche Menschen vertragen jedoch die visuellen Effekte oder die Ver\u00e4nderung der Realit\u00e4tswahrnehmung nicht sehr gut, was dazu f\u00fchren kann, dass sie sich erschrecken. Keine Sorge, die Wirkung verschwindet nach ein paar Stunden. In diesen F\u00e4llen ist es ratsam, einen &#8222;Tripsitter&#8220; neben sich zu haben. Ein Tripsitter ist eine vertrauensw\u00fcrdige Person, die n\u00fcchtern anwesend ist und w\u00e4hrend des Trips f\u00fcr die Ruhe und Sicherheit der Konsumenten sorgt, damit diese sich ganz der magischen und psychedelischen Erfahrung hingeben k\u00f6nnen.<\/p>\n<p><strong>N\u00e4hrwertangaben pro 100 Gramm 100% Bio Utopia Tr\u00fcffel:<\/strong><\/p>\n<p>Energie 464,7 kJ<\/p>\n<p>Energie 110,5 kcal<\/p>\n<p>Kohlenhydrate 13,2 g<\/p>\n<p>Eiwei\u00df 5,3 Gramm<\/p>\n<p>Fett 0,4 Gramm<\/p>\n<p>\u2981 Ballaststoffe 16,7 Gramm<\/p>\n<p>Salz (NaCl) 0,3 g<\/p>\n<p>Vitamin D 10,0 IU<\/p>\n<p>Natrium (Na) 13,6 mg<\/p>\n<p>Phosphor (P) 169,3 mg<\/p>\n<p>Kalium (K) 210,0 mg<\/p>\n<p>Calcium (Ca) 12,5 mg<\/p>\n<p>Eisen (F) 0,7 mg<\/p>\n<p><strong>Lagerung der 100% biologischen und umwerfenden Utopia Tr\u00fcffel<\/strong><\/p>\n<p>Wenn Sie nicht vorhaben, die Tr\u00fcffel sofort zu verzehren, empfehlen wir, sie im K\u00fchlschrank bei einer Temperatur zwischen 2 und 5 Grad aufzubewahren. Wenn die Psilocybin-Tr\u00fcffel ankommen, sind sie mindestens einen Monat lang haltbar (K\u00fchlschrank). \u00dcberpr\u00fcfen Sie immer das Verfallsdatum, bevor Sie sich entscheiden, die Tr\u00fcffel zu verwenden.<\/p>\n<p><strong>Warnung bei der Verwendung von bewusstseinsver\u00e4ndernden Psilocybin-Tr\u00fcffeln<\/strong><\/p>\n<p>100% Bio-Tr\u00fcffel k\u00f6nnen in Kombination mit bestimmten Medikamenten, Alkohol oder mit MAO-Hemmern gesundheitsgef\u00e4hrdend sein. Nehmen Sie irgendwelche Medikamente ein? Konsultieren Sie immer zuerst Ihren Arzt und lesen Sie die Packungsbeilage Ihres Medikaments, um gesundheitliche Risiken zu vermeiden. Verwenden Sie die Magic Truffles nicht, wenn Sie schwanger sind oder stillen. Gehen Sie verantwortungsvoll mit diesen einzigartigen Tr\u00fcffeln um und verwenden Sie sie nicht im Stra\u00dfenverkehr.<\/p>\n","protected":false},"excerpt":{"rendered":"<p>Der Utopia 100% Bio-Psilocybe-Tr\u00fcffel ist ein echter Visualisierungstr\u00fcffel von noch nie dagewesener Gr\u00f6\u00dfe! Mit einer vollen Punktzahl von 5 Sternen f\u00fcr die visuellen Effekte und einer Punktzahl von 4 Sternen f\u00fcr das Hirn-High, ist dieser bewusstseinsver\u00e4ndernde magische Tr\u00fcffel f\u00fcr den erfahrenen Nutzer von Psilocybin-Pilzen oder Tr\u00fcffeln geeignet. Sind Sie bereit, sich auf einen intensiven Trip [&hellip;]<\/p>\n","protected":false},"featured_media":3135,"comment_status":"open","ping_status":"closed","template":"","meta":[],"product_brand":[],"product_cat":[112],"product_tag":[],"class_list":{"0":"post-4752","1":"product","2":"type-product","3":"status-publish","4":"has-post-thumbnail","6":"product_cat-bio-zauber-trueffel-xp","8":"first","9":"instock","10":"taxable","11":"shipping-taxable","12":"purchasable","13":"product-type-simple"},"yoast_head":"<!-- This site is optimized with the Yoast SEO Premium plugin v26.4 (Yoast SEO v27.4) - https:\/\/yoast.com\/product\/yoast-seo-premium-wordpress\/ -->\n<title>Bio Utopia Tr\u00fcffel 15 Gr - Dutchmicrodosing<\/title>\n<meta name=\"robots\" content=\"index, follow, max-snippet:-1, max-image-preview:large, max-video-preview:-1\" \/>\n<link rel=\"canonical\" href=\"https:\/\/dutchmicrodosing.com\/de\/psilocybin-truffel\/bio-zauber-trueffel-xp\/bio-utopia-truffel\/\" \/>\n<meta property=\"og:locale\" content=\"de_DE\" \/>\n<meta property=\"og:type\" content=\"article\" \/>\n<meta property=\"og:title\" content=\"Bio Utopia Tr\u00fcffel 15 Gr\" \/>\n<meta property=\"og:description\" content=\"Der Utopia 100% Bio-Psilocybe-Tr\u00fcffel ist ein echter Visualisierungstr\u00fcffel von noch nie dagewesener Gr\u00f6\u00dfe! Mit einer vollen Punktzahl von 5 Sternen f\u00fcr\" \/>\n<meta property=\"og:url\" content=\"https:\/\/dutchmicrodosing.com\/de\/psilocybin-truffel\/bio-zauber-trueffel-xp\/bio-utopia-truffel\/\" \/>\n<meta property=\"og:site_name\" content=\"Dutchmicrodosing\" \/>\n<meta property=\"article:publisher\" content=\"https:\/\/www.facebook.com\/Dutchmicrodosingxp\/\" \/>\n<meta property=\"article:modified_time\" content=\"2023-03-11T11:43:52+00:00\" \/>\n<meta property=\"og:image\" content=\"https:\/\/dutchmicrodosing.com\/wp-content\/uploads\/2021\/02\/utopia-product-truffles.jpg\" \/>\n\t<meta property=\"og:image:width\" content=\"500\" \/>\n\t<meta property=\"og:image:height\" content=\"500\" \/>\n\t<meta property=\"og:image:type\" content=\"image\/jpeg\" \/>\n<meta name=\"twitter:card\" content=\"summary_large_image\" \/>\n<script type=\"application\/ld+json\" class=\"yoast-schema-graph\">{\"@context\":\"https:\\\/\\\/schema.org\",\"@graph\":[{\"@type\":\"WebPage\",\"@id\":\"https:\\\/\\\/dutchmicrodosing.com\\\/de\\\/psilocybin-truffel\\\/bio-zauber-trueffel-xp\\\/bio-utopia-truffel\\\/\",\"url\":\"https:\\\/\\\/dutchmicrodosing.com\\\/de\\\/psilocybin-truffel\\\/bio-zauber-trueffel-xp\\\/bio-utopia-truffel\\\/\",\"name\":\"Bio Utopia Tr\u00fcffel 15 Gr - Dutchmicrodosing\",\"isPartOf\":{\"@id\":\"https:\\\/\\\/dutchmicrodosing.com\\\/de\\\/#website\"},\"primaryImageOfPage\":{\"@id\":\"https:\\\/\\\/dutchmicrodosing.com\\\/de\\\/psilocybin-truffel\\\/bio-zauber-trueffel-xp\\\/bio-utopia-truffel\\\/#primaryimage\"},\"image\":{\"@id\":\"https:\\\/\\\/dutchmicrodosing.com\\\/de\\\/psilocybin-truffel\\\/bio-zauber-trueffel-xp\\\/bio-utopia-truffel\\\/#primaryimage\"},\"thumbnailUrl\":\"https:\\\/\\\/dutchmicrodosing.com\\\/wp-content\\\/uploads\\\/2021\\\/02\\\/utopia-product-truffles.jpg\",\"datePublished\":\"2021-05-02T08:39:05+00:00\",\"dateModified\":\"2023-03-11T11:43:52+00:00\",\"breadcrumb\":{\"@id\":\"https:\\\/\\\/dutchmicrodosing.com\\\/de\\\/psilocybin-truffel\\\/bio-zauber-trueffel-xp\\\/bio-utopia-truffel\\\/#breadcrumb\"},\"inLanguage\":\"de\",\"potentialAction\":[{\"@type\":\"ReadAction\",\"target\":[\"https:\\\/\\\/dutchmicrodosing.com\\\/de\\\/psilocybin-truffel\\\/bio-zauber-trueffel-xp\\\/bio-utopia-truffel\\\/\"]}]},{\"@type\":\"ImageObject\",\"inLanguage\":\"de\",\"@id\":\"https:\\\/\\\/dutchmicrodosing.com\\\/de\\\/psilocybin-truffel\\\/bio-zauber-trueffel-xp\\\/bio-utopia-truffel\\\/#primaryimage\",\"url\":\"https:\\\/\\\/dutchmicrodosing.com\\\/wp-content\\\/uploads\\\/2021\\\/02\\\/utopia-product-truffles.jpg\",\"contentUrl\":\"https:\\\/\\\/dutchmicrodosing.com\\\/wp-content\\\/uploads\\\/2021\\\/02\\\/utopia-product-truffles.jpg\",\"width\":500,\"height\":500},{\"@type\":\"BreadcrumbList\",\"@id\":\"https:\\\/\\\/dutchmicrodosing.com\\\/de\\\/psilocybin-truffel\\\/bio-zauber-trueffel-xp\\\/bio-utopia-truffel\\\/#breadcrumb\",\"itemListElement\":[{\"@type\":\"ListItem\",\"position\":1,\"name\":\"Home\",\"item\":\"https:\\\/\\\/dutchmicrodosing.com\\\/de\\\/\"},{\"@type\":\"ListItem\",\"position\":2,\"name\":\"Shop\",\"item\":\"https:\\\/\\\/dutchmicrodosing.com\\\/de\\\/shop\\\/\"},{\"@type\":\"ListItem\",\"position\":3,\"name\":\"Bio Utopia Tr\u00fcffel 15 Gr\"}]},{\"@type\":\"WebSite\",\"@id\":\"https:\\\/\\\/dutchmicrodosing.com\\\/de\\\/#website\",\"url\":\"https:\\\/\\\/dutchmicrodosing.com\\\/de\\\/\",\"name\":\"Dutchmicrodosing\",\"description\":\"\",\"publisher\":{\"@id\":\"https:\\\/\\\/dutchmicrodosing.com\\\/de\\\/#organization\"},\"potentialAction\":[{\"@type\":\"SearchAction\",\"target\":{\"@type\":\"EntryPoint\",\"urlTemplate\":\"https:\\\/\\\/dutchmicrodosing.com\\\/de\\\/?s={search_term_string}\"},\"query-input\":{\"@type\":\"PropertyValueSpecification\",\"valueRequired\":true,\"valueName\":\"search_term_string\"}}],\"inLanguage\":\"de\"},{\"@type\":\"Organization\",\"@id\":\"https:\\\/\\\/dutchmicrodosing.com\\\/de\\\/#organization\",\"name\":\"Dutchmicrodosing\",\"url\":\"https:\\\/\\\/dutchmicrodosing.com\\\/de\\\/\",\"logo\":{\"@type\":\"ImageObject\",\"inLanguage\":\"de\",\"@id\":\"https:\\\/\\\/dutchmicrodosing.com\\\/de\\\/#\\\/schema\\\/logo\\\/image\\\/\",\"url\":\"https:\\\/\\\/dutchmicrodosing.com\\\/wp-content\\\/uploads\\\/2021\\\/01\\\/microdosing-categorie-pic-nieuw.jpg\",\"contentUrl\":\"https:\\\/\\\/dutchmicrodosing.com\\\/wp-content\\\/uploads\\\/2021\\\/01\\\/microdosing-categorie-pic-nieuw.jpg\",\"width\":500,\"height\":500,\"caption\":\"Dutchmicrodosing\"},\"image\":{\"@id\":\"https:\\\/\\\/dutchmicrodosing.com\\\/de\\\/#\\\/schema\\\/logo\\\/image\\\/\"},\"sameAs\":[\"https:\\\/\\\/www.facebook.com\\\/Dutchmicrodosingxp\\\/\",\"https:\\\/\\\/www.instagram.com\\\/dutchmicrodosing\\\/\"]}]}<\/script>\n<meta property=\"product:price:amount\" content=\"17.95\" \/>\n<meta property=\"product:price:currency\" content=\"EUR\" \/>\n<meta property=\"og:availability\" content=\"instock\" \/>\n<meta property=\"product:availability\" content=\"instock\" \/>\n<meta property=\"product:retailer_item_id\" content=\"2212717\" \/>\n<meta property=\"product:condition\" content=\"new\" \/>\n<!-- \/ Yoast SEO Premium plugin. -->","yoast_head_json":{"title":"Bio Utopia Tr\u00fcffel 15 Gr - Dutchmicrodosing","robots":{"index":"index","follow":"follow","max-snippet":"max-snippet:-1","max-image-preview":"max-image-preview:large","max-video-preview":"max-video-preview:-1"},"canonical":"https:\/\/dutchmicrodosing.com\/de\/psilocybin-truffel\/bio-zauber-trueffel-xp\/bio-utopia-truffel\/","og_locale":"de_DE","og_type":"article","og_title":"Bio Utopia Tr\u00fcffel 15 Gr","og_description":"Der Utopia 100% Bio-Psilocybe-Tr\u00fcffel ist ein echter Visualisierungstr\u00fcffel von noch nie dagewesener Gr\u00f6\u00dfe! Mit einer vollen Punktzahl von 5 Sternen f\u00fcr","og_url":"https:\/\/dutchmicrodosing.com\/de\/psilocybin-truffel\/bio-zauber-trueffel-xp\/bio-utopia-truffel\/","og_site_name":"Dutchmicrodosing","article_publisher":"https:\/\/www.facebook.com\/Dutchmicrodosingxp\/","article_modified_time":"2023-03-11T11:43:52+00:00","og_image":[{"width":500,"height":500,"url":"https:\/\/dutchmicrodosing.com\/wp-content\/uploads\/2021\/02\/utopia-product-truffles.jpg","type":"image\/jpeg"}],"twitter_card":"summary_large_image","schema":{"@context":"https:\/\/schema.org","@graph":[{"@type":"WebPage","@id":"https:\/\/dutchmicrodosing.com\/de\/psilocybin-truffel\/bio-zauber-trueffel-xp\/bio-utopia-truffel\/","url":"https:\/\/dutchmicrodosing.com\/de\/psilocybin-truffel\/bio-zauber-trueffel-xp\/bio-utopia-truffel\/","name":"Bio Utopia Tr\u00fcffel 15 Gr - Dutchmicrodosing","isPartOf":{"@id":"https:\/\/dutchmicrodosing.com\/de\/#website"},"primaryImageOfPage":{"@id":"https:\/\/dutchmicrodosing.com\/de\/psilocybin-truffel\/bio-zauber-trueffel-xp\/bio-utopia-truffel\/#primaryimage"},"image":{"@id":"https:\/\/dutchmicrodosing.com\/de\/psilocybin-truffel\/bio-zauber-trueffel-xp\/bio-utopia-truffel\/#primaryimage"},"thumbnailUrl":"https:\/\/dutchmicrodosing.com\/wp-content\/uploads\/2021\/02\/utopia-product-truffles.jpg","datePublished":"2021-05-02T08:39:05+00:00","dateModified":"2023-03-11T11:43:52+00:00","breadcrumb":{"@id":"https:\/\/dutchmicrodosing.com\/de\/psilocybin-truffel\/bio-zauber-trueffel-xp\/bio-utopia-truffel\/#breadcrumb"},"inLanguage":"de","potentialAction":[{"@type":"ReadAction","target":["https:\/\/dutchmicrodosing.com\/de\/psilocybin-truffel\/bio-zauber-trueffel-xp\/bio-utopia-truffel\/"]}]},{"@type":"ImageObject","inLanguage":"de","@id":"https:\/\/dutchmicrodosing.com\/de\/psilocybin-truffel\/bio-zauber-trueffel-xp\/bio-utopia-truffel\/#primaryimage","url":"https:\/\/dutchmicrodosing.com\/wp-content\/uploads\/2021\/02\/utopia-product-truffles.jpg","contentUrl":"https:\/\/dutchmicrodosing.com\/wp-content\/uploads\/2021\/02\/utopia-product-truffles.jpg","width":500,"height":500},{"@type":"BreadcrumbList","@id":"https:\/\/dutchmicrodosing.com\/de\/psilocybin-truffel\/bio-zauber-trueffel-xp\/bio-utopia-truffel\/#breadcrumb","itemListElement":[{"@type":"ListItem","position":1,"name":"Home","item":"https:\/\/dutchmicrodosing.com\/de\/"},{"@type":"ListItem","position":2,"name":"Shop","item":"https:\/\/dutchmicrodosing.com\/de\/shop\/"},{"@type":"ListItem","position":3,"name":"Bio Utopia Tr\u00fcffel 15 Gr"}]},{"@type":"WebSite","@id":"https:\/\/dutchmicrodosing.com\/de\/#website","url":"https:\/\/dutchmicrodosing.com\/de\/","name":"Dutchmicrodosing","description":"","publisher":{"@id":"https:\/\/dutchmicrodosing.com\/de\/#organization"},"potentialAction":[{"@type":"SearchAction","target":{"@type":"EntryPoint","urlTemplate":"https:\/\/dutchmicrodosing.com\/de\/?s={search_term_string}"},"query-input":{"@type":"PropertyValueSpecification","valueRequired":true,"valueName":"search_term_string"}}],"inLanguage":"de"},{"@type":"Organization","@id":"https:\/\/dutchmicrodosing.com\/de\/#organization","name":"Dutchmicrodosing","url":"https:\/\/dutchmicrodosing.com\/de\/","logo":{"@type":"ImageObject","inLanguage":"de","@id":"https:\/\/dutchmicrodosing.com\/de\/#\/schema\/logo\/image\/","url":"https:\/\/dutchmicrodosing.com\/wp-content\/uploads\/2021\/01\/microdosing-categorie-pic-nieuw.jpg","contentUrl":"https:\/\/dutchmicrodosing.com\/wp-content\/uploads\/2021\/01\/microdosing-categorie-pic-nieuw.jpg","width":500,"height":500,"caption":"Dutchmicrodosing"},"image":{"@id":"https:\/\/dutchmicrodosing.com\/de\/#\/schema\/logo\/image\/"},"sameAs":["https:\/\/www.facebook.com\/Dutchmicrodosingxp\/","https:\/\/www.instagram.com\/dutchmicrodosing\/"]}]},"product_price_amount":"17.95","product_price_currency":"EUR","og_availability":"instock","product_availability":"instock","product_retailer_item_id":"2212717","product_condition":"new"},"_links":{"self":[{"href":"https:\/\/dutchmicrodosing.com\/de\/wp-json\/wp\/v2\/product\/4752","targetHints":{"allow":["GET"]}}],"collection":[{"href":"https:\/\/dutchmicrodosing.com\/de\/wp-json\/wp\/v2\/product"}],"about":[{"href":"https:\/\/dutchmicrodosing.com\/de\/wp-json\/wp\/v2\/types\/product"}],"replies":[{"embeddable":true,"href":"https:\/\/dutchmicrodosing.com\/de\/wp-json\/wp\/v2\/comments?post=4752"}],"version-history":[{"count":0,"href":"https:\/\/dutchmicrodosing.com\/de\/wp-json\/wp\/v2\/product\/4752\/revisions"}],"wp:featuredmedia":[{"embeddable":true,"href":"https:\/\/dutchmicrodosing.com\/de\/wp-json\/wp\/v2\/media\/3135"}],"wp:attachment":[{"href":"https:\/\/dutchmicrodosing.com\/de\/wp-json\/wp\/v2\/media?parent=4752"}],"wp:term":[{"taxonomy":"product_brand","embeddable":true,"href":"https:\/\/dutchmicrodosing.com\/de\/wp-json\/wp\/v2\/product_brand?post=4752"},{"taxonomy":"product_cat","embeddable":true,"href":"https:\/\/dutchmicrodosing.com\/de\/wp-json\/wp\/v2\/product_cat?post=4752"},{"taxonomy":"product_tag","embeddable":true,"href":"https:\/\/dutchmicrodosing.com\/de\/wp-json\/wp\/v2\/product_tag?post=4752"}],"curies":[{"name":"wp","href":"https:\/\/api.w.org\/{rel}","templated":true}]}}