{"id":47605,"date":"2025-05-09T09:49:35","date_gmt":"2025-05-09T07:49:35","guid":{"rendered":"https:\/\/dutchmicrodosing.com\/shop\/unkategorisiert\/azurescens-outdoor-growkit\/"},"modified":"2026-02-23T20:25:04","modified_gmt":"2026-02-23T19:25:04","slug":"azurescens-outdoor-growkit","status":"publish","type":"product","link":"https:\/\/dutchmicrodosing.com\/de\/zauberpilze-zuchtsets\/growkit-angebote\/azurescens-outdoor-growkit\/","title":{"rendered":"Azurescens Outdoor Growkit"},"content":{"rendered":"<p>Mit dem <strong>Azurescens Outdoor Growkit<\/strong> k\u00f6nnen Sie ganz einfach Ihr eigenes nat\u00fcrliches Reisfeld anlegen. Dieses Grow-Kit bietet die M\u00f6glichkeit, potente Psilocybin-Pilze im Freien zu z\u00fcchten, die jedes Jahr wiederkehren. Perfekt f\u00fcr alle, die etwas mehr Platz im Garten haben und auf nachhaltige Weise anbauen m\u00f6chten.<\/p>\n<h3>Eigenschaften<\/h3>\n<ul>\n<li>Speziell f\u00fcr die Verwendung im Freien<\/li>\n<li>Substrat: Holzsp\u00e4ne<\/li>\n<li>Sehr potente Sorte, nicht f\u00fcr Anf\u00e4nger geeignet<\/li>\n<li>Pflanzzeit: Ende M\u00e4rz bis Anfang Juni (Nordeuropa), September-Dezember (S\u00fcdeuropa)<\/li>\n<li>Besiedlung bei 16-24\u00baC, Fruchtbildung bei etwa 7\u00baC<\/li>\n<li>Erntezeit: Oktober-Januar<\/li>\n<li>Mehrere Ernten pro Jahr m\u00f6glich<\/li>\n<\/ul>\n<h3>Zutaten und Zusammensetzung<\/h3>\n<p>Das Azurescens Outdoor Growkit enth\u00e4lt 280 ml Substrat mit 100% aktivem Myzel.<\/p>\n<h3>Lieferungen<\/h3>\n<ul>\n<li>Ein 10-Liter-Sack mit kleinen Buchenholzsp\u00e4nen, Gr\u00f6\u00dfe +\/- 5mm. diese sind in Tier- und Gartengesch\u00e4ften erh\u00e4ltlich<\/li>\n<li>Eine braune Pappschachtel, max. 15 cm tief (30 x 30 x 15 cm)<\/li>\n<li>Ein 1-Liter-Plastikbeh\u00e4lter<\/li>\n<li>Ein Liter Erde (optional)<\/li>\n<li>Grassamen (optional)<\/li>\n<\/ul>\n<h3>Anweisungen<\/h3>\n<ol>\n<li>Nehmen Sie einen 1-Liter-Plastikbeh\u00e4lter (mit Deckel) und f\u00fcllen Sie ihn zu 2\/3 mit Holzsp\u00e4nen. Nun f\u00fcllen Sie den Beh\u00e4lter mit kochendem Wasser.<\/li>\n<li>Lassen Sie den Beh\u00e4lter \u00fcber Nacht (untergetaucht) oder 12 Stunden stehen und lassen Sie dann das Wasser ab.<\/li>\n<li>Waschen Sie jetzt Ihre H\u00e4nde. \u00d6ffnen Sie das Growkit und brechen Sie das Myzel mit einer sauberen Gabel oder etwas \u00c4hnlichem vorsichtig auf.<\/li>\n<li>Geben Sie den Inhalt des Growkits zu den feuchten Holzsp\u00e4nen in den Plastikbeh\u00e4lter. Verwenden Sie eine saubere Gabel oder etwas \u00c4hnliches, um das Myzel und die Holzsp\u00e4ne gleichm\u00e4\u00dfig zu verteilen.<\/li>\n<li>Sobald sie gemischt und verteilt sind, bedecken Sie sie mit einer Schicht aus feuchter Pappe. Einfacher brauner Karton ist am besten. Setzen Sie den Deckel locker auf den Beh\u00e4lter, um das Myzel vor Staub zu sch\u00fctzen, es aber dennoch atmen zu lassen. Ohne Luft kann das Myzel nicht wachsen.<\/li>\n<li>Lassen Sie den Plastikbeh\u00e4lter bei Raumtemperatur in einem sauberen, staubfreien Raum f\u00fcr etwa einen Monat stehen, damit die Holzsp\u00e4ne vollst\u00e4ndig geimpft werden k\u00f6nnen. Sie erkennen die vollst\u00e4ndige Beimpfung daran, dass der Inhalt wei\u00df geworden ist. Ihr Substrat ist nun f\u00fcr den Au\u00dfenbereich geeignet.<\/li>\n<li>Sch\u00fctten Sie den Rest Ihrer Holzsp\u00e4ne in einen gro\u00dfen Eimer oder etwas \u00c4hnliches und tauchen Sie sie in kochendes Wasser. Sie k\u00f6nnen auch einen gro\u00dfen Topf verwenden und ihn auf das Feuer stellen.<\/li>\n<li>Lassen Sie die Holzsp\u00e4ne \u00fcber Nacht im Wasser liegen. Wenn Sie fertig sind, gie\u00dfen Sie das Wasser ab.<\/li>\n<li>Waschen Sie Ihre H\u00e4nde. F\u00fcllen Sie Ihren Karton sowohl mit den von Myzel besiedelten Holzsp\u00e4nen als auch mit den feuchten Holzsp\u00e4nen.<\/li>\n<li>Nehmen Sie eine saubere Gabel oder etwas \u00c4hnliches und mischen Sie alles gleichm\u00e4\u00dfig.<\/li>\n<li>Vergraben Sie den (offenen) Karton an einem schattigen Ort unter einem Busch oder Baum. Idealerweise geben Sie nach dem Eingraben des Kastens eine obere Schicht von 1 cm feuchter Erde mit Grassamen dar\u00fcber.<\/li>\n<\/ol>\n<h3>Inhalt<\/h3>\n<ul>\n<li>280 ml Substrat mit aktivem Myzel<\/li>\n<\/ul>\n<h3>Haftungsausschluss<\/h3>\n<p>Pilze k\u00f6nnen gesundheitssch\u00e4dlich sein, wenn sie mit bestimmten Drogen, Alkohol oder mit MAOIs kombiniert werden. Nehmen Sie irgendwelche Medikamente ein? Konsultieren Sie immer zuerst Ihren Arzt und lesen Sie die Packungsbeilage Ihres Medikaments, um gesundheitliche Risiken zu vermeiden. Verwenden Sie die Pilze auch nicht, wenn Sie schwanger sind oder stillen.<\/p>\n","protected":false},"excerpt":{"rendered":"<p>Mit dem Azurescens Outdoor Growkit k\u00f6nnen Sie ganz einfach Ihr eigenes nat\u00fcrliches Reisfeld anlegen. Dieses Grow-Kit bietet die M\u00f6glichkeit, potente Psilocybin-Pilze im Freien zu z\u00fcchten, die jedes Jahr wiederkehren. Perfekt f\u00fcr alle, die etwas mehr Platz im Garten haben und auf nachhaltige Weise anbauen m\u00f6chten. Eigenschaften Speziell f\u00fcr die Verwendung im Freien Substrat: Holzsp\u00e4ne Sehr [&hellip;]<\/p>\n","protected":false},"featured_media":47591,"comment_status":"closed","ping_status":"closed","template":"","meta":[],"product_brand":[],"product_cat":[409],"product_tag":[],"class_list":{"0":"post-47605","1":"product","2":"type-product","3":"status-publish","4":"has-post-thumbnail","6":"product_cat-spezielle-pilz-growkits","8":"first","9":"instock","10":"taxable","11":"shipping-taxable","12":"purchasable","13":"product-type-simple"},"yoast_head":"<!-- This site is optimized with the Yoast SEO Premium plugin v26.4 (Yoast SEO v27.4) - https:\/\/yoast.com\/product\/yoast-seo-premium-wordpress\/ -->\n<title>Azurescens Outdoor Growkit - Dutchmicrodosing<\/title>\n<meta name=\"robots\" content=\"index, follow, max-snippet:-1, max-image-preview:large, max-video-preview:-1\" \/>\n<link rel=\"canonical\" href=\"https:\/\/dutchmicrodosing.com\/de\/zauberpilze-zuchtsets\/growkit-angebote\/azurescens-outdoor-growkit\/\" \/>\n<meta property=\"og:locale\" content=\"de_DE\" \/>\n<meta property=\"og:type\" content=\"article\" \/>\n<meta property=\"og:title\" content=\"Azurescens Outdoor Growkit\" \/>\n<meta property=\"og:description\" content=\"Mit dem Azurescens Outdoor Growkit k\u00f6nnen Sie ganz einfach Ihr eigenes nat\u00fcrliches Reisfeld anlegen. Dieses Grow-Kit bietet die M\u00f6glichkeit, potente\" \/>\n<meta property=\"og:url\" content=\"https:\/\/dutchmicrodosing.com\/de\/zauberpilze-zuchtsets\/growkit-angebote\/azurescens-outdoor-growkit\/\" \/>\n<meta property=\"og:site_name\" content=\"Dutchmicrodosing\" \/>\n<meta property=\"article:publisher\" content=\"https:\/\/www.facebook.com\/Dutchmicrodosingxp\/\" \/>\n<meta property=\"article:modified_time\" content=\"2026-02-23T19:25:04+00:00\" \/>\n<meta property=\"og:image\" content=\"https:\/\/dutchmicrodosing.com\/wp-content\/uploads\/2025\/05\/3009-3132.jpg\" \/>\n\t<meta property=\"og:image:width\" content=\"300\" \/>\n\t<meta property=\"og:image:height\" content=\"300\" \/>\n\t<meta property=\"og:image:type\" content=\"image\/jpeg\" \/>\n<meta name=\"twitter:card\" content=\"summary_large_image\" \/>\n<script type=\"application\/ld+json\" class=\"yoast-schema-graph\">{\"@context\":\"https:\\\/\\\/schema.org\",\"@graph\":[{\"@type\":\"WebPage\",\"@id\":\"https:\\\/\\\/dutchmicrodosing.com\\\/de\\\/zauberpilze-zuchtsets\\\/growkit-angebote\\\/azurescens-outdoor-growkit\\\/\",\"url\":\"https:\\\/\\\/dutchmicrodosing.com\\\/de\\\/zauberpilze-zuchtsets\\\/growkit-angebote\\\/azurescens-outdoor-growkit\\\/\",\"name\":\"Azurescens Outdoor Growkit - Dutchmicrodosing\",\"isPartOf\":{\"@id\":\"https:\\\/\\\/dutchmicrodosing.com\\\/de\\\/#website\"},\"primaryImageOfPage\":{\"@id\":\"https:\\\/\\\/dutchmicrodosing.com\\\/de\\\/zauberpilze-zuchtsets\\\/growkit-angebote\\\/azurescens-outdoor-growkit\\\/#primaryimage\"},\"image\":{\"@id\":\"https:\\\/\\\/dutchmicrodosing.com\\\/de\\\/zauberpilze-zuchtsets\\\/growkit-angebote\\\/azurescens-outdoor-growkit\\\/#primaryimage\"},\"thumbnailUrl\":\"https:\\\/\\\/dutchmicrodosing.com\\\/wp-content\\\/uploads\\\/2025\\\/05\\\/3009-3132.jpg\",\"datePublished\":\"2025-05-09T07:49:35+00:00\",\"dateModified\":\"2026-02-23T19:25:04+00:00\",\"breadcrumb\":{\"@id\":\"https:\\\/\\\/dutchmicrodosing.com\\\/de\\\/zauberpilze-zuchtsets\\\/growkit-angebote\\\/azurescens-outdoor-growkit\\\/#breadcrumb\"},\"inLanguage\":\"de\",\"potentialAction\":[{\"@type\":\"ReadAction\",\"target\":[\"https:\\\/\\\/dutchmicrodosing.com\\\/de\\\/zauberpilze-zuchtsets\\\/growkit-angebote\\\/azurescens-outdoor-growkit\\\/\"]}]},{\"@type\":\"ImageObject\",\"inLanguage\":\"de\",\"@id\":\"https:\\\/\\\/dutchmicrodosing.com\\\/de\\\/zauberpilze-zuchtsets\\\/growkit-angebote\\\/azurescens-outdoor-growkit\\\/#primaryimage\",\"url\":\"https:\\\/\\\/dutchmicrodosing.com\\\/wp-content\\\/uploads\\\/2025\\\/05\\\/3009-3132.jpg\",\"contentUrl\":\"https:\\\/\\\/dutchmicrodosing.com\\\/wp-content\\\/uploads\\\/2025\\\/05\\\/3009-3132.jpg\",\"width\":300,\"height\":300},{\"@type\":\"BreadcrumbList\",\"@id\":\"https:\\\/\\\/dutchmicrodosing.com\\\/de\\\/zauberpilze-zuchtsets\\\/growkit-angebote\\\/azurescens-outdoor-growkit\\\/#breadcrumb\",\"itemListElement\":[{\"@type\":\"ListItem\",\"position\":1,\"name\":\"Home\",\"item\":\"https:\\\/\\\/dutchmicrodosing.com\\\/de\\\/\"},{\"@type\":\"ListItem\",\"position\":2,\"name\":\"Shop\",\"item\":\"https:\\\/\\\/dutchmicrodosing.com\\\/de\\\/shop\\\/\"},{\"@type\":\"ListItem\",\"position\":3,\"name\":\"Azurescens Outdoor Growkit\"}]},{\"@type\":\"WebSite\",\"@id\":\"https:\\\/\\\/dutchmicrodosing.com\\\/de\\\/#website\",\"url\":\"https:\\\/\\\/dutchmicrodosing.com\\\/de\\\/\",\"name\":\"Dutchmicrodosing\",\"description\":\"\",\"publisher\":{\"@id\":\"https:\\\/\\\/dutchmicrodosing.com\\\/de\\\/#organization\"},\"potentialAction\":[{\"@type\":\"SearchAction\",\"target\":{\"@type\":\"EntryPoint\",\"urlTemplate\":\"https:\\\/\\\/dutchmicrodosing.com\\\/de\\\/?s={search_term_string}\"},\"query-input\":{\"@type\":\"PropertyValueSpecification\",\"valueRequired\":true,\"valueName\":\"search_term_string\"}}],\"inLanguage\":\"de\"},{\"@type\":\"Organization\",\"@id\":\"https:\\\/\\\/dutchmicrodosing.com\\\/de\\\/#organization\",\"name\":\"Dutchmicrodosing\",\"url\":\"https:\\\/\\\/dutchmicrodosing.com\\\/de\\\/\",\"logo\":{\"@type\":\"ImageObject\",\"inLanguage\":\"de\",\"@id\":\"https:\\\/\\\/dutchmicrodosing.com\\\/de\\\/#\\\/schema\\\/logo\\\/image\\\/\",\"url\":\"https:\\\/\\\/dutchmicrodosing.com\\\/wp-content\\\/uploads\\\/2021\\\/01\\\/microdosing-categorie-pic-nieuw.jpg\",\"contentUrl\":\"https:\\\/\\\/dutchmicrodosing.com\\\/wp-content\\\/uploads\\\/2021\\\/01\\\/microdosing-categorie-pic-nieuw.jpg\",\"width\":500,\"height\":500,\"caption\":\"Dutchmicrodosing\"},\"image\":{\"@id\":\"https:\\\/\\\/dutchmicrodosing.com\\\/de\\\/#\\\/schema\\\/logo\\\/image\\\/\"},\"sameAs\":[\"https:\\\/\\\/www.facebook.com\\\/Dutchmicrodosingxp\\\/\",\"https:\\\/\\\/www.instagram.com\\\/dutchmicrodosing\\\/\"]}]}<\/script>\n<meta property=\"product:price:amount\" content=\"24.95\" \/>\n<meta property=\"product:price:currency\" content=\"EUR\" \/>\n<meta property=\"og:availability\" content=\"instock\" \/>\n<meta property=\"product:availability\" content=\"instock\" \/>\n<meta property=\"product:retailer_item_id\" content=\"1201513\" \/>\n<meta property=\"product:condition\" content=\"new\" \/>\n<!-- \/ Yoast SEO Premium plugin. -->","yoast_head_json":{"title":"Azurescens Outdoor Growkit - Dutchmicrodosing","robots":{"index":"index","follow":"follow","max-snippet":"max-snippet:-1","max-image-preview":"max-image-preview:large","max-video-preview":"max-video-preview:-1"},"canonical":"https:\/\/dutchmicrodosing.com\/de\/zauberpilze-zuchtsets\/growkit-angebote\/azurescens-outdoor-growkit\/","og_locale":"de_DE","og_type":"article","og_title":"Azurescens Outdoor Growkit","og_description":"Mit dem Azurescens Outdoor Growkit k\u00f6nnen Sie ganz einfach Ihr eigenes nat\u00fcrliches Reisfeld anlegen. Dieses Grow-Kit bietet die M\u00f6glichkeit, potente","og_url":"https:\/\/dutchmicrodosing.com\/de\/zauberpilze-zuchtsets\/growkit-angebote\/azurescens-outdoor-growkit\/","og_site_name":"Dutchmicrodosing","article_publisher":"https:\/\/www.facebook.com\/Dutchmicrodosingxp\/","article_modified_time":"2026-02-23T19:25:04+00:00","og_image":[{"width":300,"height":300,"url":"https:\/\/dutchmicrodosing.com\/wp-content\/uploads\/2025\/05\/3009-3132.jpg","type":"image\/jpeg"}],"twitter_card":"summary_large_image","schema":{"@context":"https:\/\/schema.org","@graph":[{"@type":"WebPage","@id":"https:\/\/dutchmicrodosing.com\/de\/zauberpilze-zuchtsets\/growkit-angebote\/azurescens-outdoor-growkit\/","url":"https:\/\/dutchmicrodosing.com\/de\/zauberpilze-zuchtsets\/growkit-angebote\/azurescens-outdoor-growkit\/","name":"Azurescens Outdoor Growkit - Dutchmicrodosing","isPartOf":{"@id":"https:\/\/dutchmicrodosing.com\/de\/#website"},"primaryImageOfPage":{"@id":"https:\/\/dutchmicrodosing.com\/de\/zauberpilze-zuchtsets\/growkit-angebote\/azurescens-outdoor-growkit\/#primaryimage"},"image":{"@id":"https:\/\/dutchmicrodosing.com\/de\/zauberpilze-zuchtsets\/growkit-angebote\/azurescens-outdoor-growkit\/#primaryimage"},"thumbnailUrl":"https:\/\/dutchmicrodosing.com\/wp-content\/uploads\/2025\/05\/3009-3132.jpg","datePublished":"2025-05-09T07:49:35+00:00","dateModified":"2026-02-23T19:25:04+00:00","breadcrumb":{"@id":"https:\/\/dutchmicrodosing.com\/de\/zauberpilze-zuchtsets\/growkit-angebote\/azurescens-outdoor-growkit\/#breadcrumb"},"inLanguage":"de","potentialAction":[{"@type":"ReadAction","target":["https:\/\/dutchmicrodosing.com\/de\/zauberpilze-zuchtsets\/growkit-angebote\/azurescens-outdoor-growkit\/"]}]},{"@type":"ImageObject","inLanguage":"de","@id":"https:\/\/dutchmicrodosing.com\/de\/zauberpilze-zuchtsets\/growkit-angebote\/azurescens-outdoor-growkit\/#primaryimage","url":"https:\/\/dutchmicrodosing.com\/wp-content\/uploads\/2025\/05\/3009-3132.jpg","contentUrl":"https:\/\/dutchmicrodosing.com\/wp-content\/uploads\/2025\/05\/3009-3132.jpg","width":300,"height":300},{"@type":"BreadcrumbList","@id":"https:\/\/dutchmicrodosing.com\/de\/zauberpilze-zuchtsets\/growkit-angebote\/azurescens-outdoor-growkit\/#breadcrumb","itemListElement":[{"@type":"ListItem","position":1,"name":"Home","item":"https:\/\/dutchmicrodosing.com\/de\/"},{"@type":"ListItem","position":2,"name":"Shop","item":"https:\/\/dutchmicrodosing.com\/de\/shop\/"},{"@type":"ListItem","position":3,"name":"Azurescens Outdoor Growkit"}]},{"@type":"WebSite","@id":"https:\/\/dutchmicrodosing.com\/de\/#website","url":"https:\/\/dutchmicrodosing.com\/de\/","name":"Dutchmicrodosing","description":"","publisher":{"@id":"https:\/\/dutchmicrodosing.com\/de\/#organization"},"potentialAction":[{"@type":"SearchAction","target":{"@type":"EntryPoint","urlTemplate":"https:\/\/dutchmicrodosing.com\/de\/?s={search_term_string}"},"query-input":{"@type":"PropertyValueSpecification","valueRequired":true,"valueName":"search_term_string"}}],"inLanguage":"de"},{"@type":"Organization","@id":"https:\/\/dutchmicrodosing.com\/de\/#organization","name":"Dutchmicrodosing","url":"https:\/\/dutchmicrodosing.com\/de\/","logo":{"@type":"ImageObject","inLanguage":"de","@id":"https:\/\/dutchmicrodosing.com\/de\/#\/schema\/logo\/image\/","url":"https:\/\/dutchmicrodosing.com\/wp-content\/uploads\/2021\/01\/microdosing-categorie-pic-nieuw.jpg","contentUrl":"https:\/\/dutchmicrodosing.com\/wp-content\/uploads\/2021\/01\/microdosing-categorie-pic-nieuw.jpg","width":500,"height":500,"caption":"Dutchmicrodosing"},"image":{"@id":"https:\/\/dutchmicrodosing.com\/de\/#\/schema\/logo\/image\/"},"sameAs":["https:\/\/www.facebook.com\/Dutchmicrodosingxp\/","https:\/\/www.instagram.com\/dutchmicrodosing\/"]}]},"product_price_amount":"24.95","product_price_currency":"EUR","og_availability":"instock","product_availability":"instock","product_retailer_item_id":"1201513","product_condition":"new"},"_links":{"self":[{"href":"https:\/\/dutchmicrodosing.com\/de\/wp-json\/wp\/v2\/product\/47605","targetHints":{"allow":["GET"]}}],"collection":[{"href":"https:\/\/dutchmicrodosing.com\/de\/wp-json\/wp\/v2\/product"}],"about":[{"href":"https:\/\/dutchmicrodosing.com\/de\/wp-json\/wp\/v2\/types\/product"}],"replies":[{"embeddable":true,"href":"https:\/\/dutchmicrodosing.com\/de\/wp-json\/wp\/v2\/comments?post=47605"}],"version-history":[{"count":0,"href":"https:\/\/dutchmicrodosing.com\/de\/wp-json\/wp\/v2\/product\/47605\/revisions"}],"wp:featuredmedia":[{"embeddable":true,"href":"https:\/\/dutchmicrodosing.com\/de\/wp-json\/wp\/v2\/media\/47591"}],"wp:attachment":[{"href":"https:\/\/dutchmicrodosing.com\/de\/wp-json\/wp\/v2\/media?parent=47605"}],"wp:term":[{"taxonomy":"product_brand","embeddable":true,"href":"https:\/\/dutchmicrodosing.com\/de\/wp-json\/wp\/v2\/product_brand?post=47605"},{"taxonomy":"product_cat","embeddable":true,"href":"https:\/\/dutchmicrodosing.com\/de\/wp-json\/wp\/v2\/product_cat?post=47605"},{"taxonomy":"product_tag","embeddable":true,"href":"https:\/\/dutchmicrodosing.com\/de\/wp-json\/wp\/v2\/product_tag?post=47605"}],"curies":[{"name":"wp","href":"https:\/\/api.w.org\/{rel}","templated":true}]}}