{"id":47776,"date":"2025-05-19T09:35:33","date_gmt":"2025-05-19T07:35:33","guid":{"rendered":"https:\/\/dutchmicrodosing.com\/shop\/unkategorisiert\/albino-a-paddo-broed\/"},"modified":"2025-11-11T15:32:12","modified_gmt":"2025-11-11T14:32:12","slug":"albino-a-paddo-broed","status":"publish","type":"product","link":"https:\/\/dutchmicrodosing.com\/de\/zauberpilze-zuchtsets\/growkit-angebote\/albino-a-paddo-broed\/","title":{"rendered":"Albino A+ Pilzbrut"},"content":{"rendered":"<p><strong>Die Albino A+ Pilzzucht<\/strong> ist sowohl bei Anf\u00e4ngern als auch bei erfahrenen Hobbyz\u00fcchtern sehr beliebt. Diese besondere Sorte zeichnet sich durch ihre cremewei\u00dfe Farbe, lange Stiele und schnelles Wachstum aus. Starke Genetik und aktives Myzel machen diese Pilzbrut einfach zu verwenden &#8211; ideal f\u00fcr jeden, der seine eigenen Pilze z\u00fcchten m\u00f6chte.<\/p>\n<h3>Was ist eine Pilzbrut?<\/h3>\n<p>Pilzbrut (auf Englisch: grain spawn) ist mit Myzel durchwachsenes Getreide. Ein Grow-Kit oder Grow-Kit (das viele Websites anbieten) ist mit Kokoserde und Vermiculit verd\u00fcnnte Brut. Er befindet sich bereits in einem Beh\u00e4lter mit fester Gr\u00f6\u00dfe, gibt ein paar Pilze und wird dann abgeschrieben. Da wir die Pilzbrut selbst anbieten, haben Sie viel mehr M\u00f6glichkeiten. Sie k\u00f6nnen selbst entscheiden, wie gro\u00df Ihr Grow wird, und Sie k\u00f6nnen ihn ganz einfach vermehren. Das potente Myzel in der magischen Pilzbrut vermehrt sich exponentiell.<\/p>\n<p>Das bedeutet, dass Sie 10 T\u00f6pfe aus einem Glas herstellen k\u00f6nnen, 100 aus einem anderen und wieder 1000 aus einem anderen. Und das alles in nur ein paar Wochen. Das bedeutet, dass Sie nicht mehr auf ein 250, 1200 oder 2100 ml Grow-Kit angewiesen sind, sondern selbst entscheiden k\u00f6nnen, wie viele Pilze Sie z\u00fcchten m\u00f6chten. Jeder kann das tun, mit nichts als ein paar Haushaltsgegenst\u00e4nden. Sie m\u00fcssen nicht einmal steril arbeiten! Jedem Glas liegt eine ausf\u00fchrliche Anleitung bei, in der Schritt f\u00fcr Schritt und mit vielen Bildern verschiedene M\u00f6glichkeiten f\u00fcr die Zucht von Pilzbrut erkl\u00e4rt werden.<\/p>\n<h3>Eigenschaften<\/h3>\n<ul>\n<li>Albino A+ Pilzbrut kolonisiert schnell und produziert feste Fr\u00fcchte mit einem einzigartigen Aussehen.<\/li>\n<li>Durch die Verwendung von reinem Myzel (ohne Verd\u00fcnnung wie bei Grow-Kits) bestimmen Sie die Gr\u00f6\u00dfe Ihres Anbaus.<\/li>\n<li>Sie k\u00f6nnen ein Glas mit Pilzbrut leicht auf ein Vielfaches der urspr\u00fcnglichen Menge vermehren. Das gibt Ihnen viel mehr Kontrolle UND mehr Ernte, ohne dass Sie sich mit dem begrenzten Inhalt fertiger Grow-Kits herumschlagen m\u00fcssen.<\/li>\n<li>Auch ohne Erfahrung oder sterile Arbeitsumgebung k\u00f6nnen Sie damit erfolgreich Pilze z\u00fcchten.<\/li>\n<\/ul>\n<h3>Zutaten und\/oder Zusammensetzung<\/h3>\n<p>Pilzbrut auf Getreidebasis, durchwachsen mit aktivem Albino A+ Myzel.<\/p>\n<h3>Verwenden Sie<\/h3>\n<p>Verwenden Sie den Laich, um Ihr eigenes Substrat Ihrer Wahl zu veredeln. Folgen Sie der beiliegenden Anleitung f\u00fcr verschiedene Anbaum\u00f6glichkeiten und Techniken. \u00d6ffnen Sie das Glas erst kurz vor dem Gebrauch und stellen Sie sicher, dass Sie hygienisch sind. Bewahren Sie die Brut im K\u00fchlschrank auf, bis Sie mit der Zubereitung beginnen k\u00f6nnen.<\/p>\n<p><strong>DOWNLOAD HIER<\/strong>: <strong><a href=\"https:\/\/dutchmicrodosing.com\/wp-content\/uploads\/2025\/07\/white-ENGELS-1.pdf\">Albino A+ Myzel\/Paddo-Laich<\/a><\/strong><\/p>\n<h3>Inhalt<\/h3>\n<ul>\n<li>382 ml Pilzbrut von Albino A+<\/li>\n<li>Umfassendes Handbuch f\u00fcr den Anbau<\/li>\n<\/ul>\n<h3>Wichtig<\/h3>\n<ul>\n<li>Im K\u00fchlschrank aufbewahren, bis zu 3 Monate haltbar<\/li>\n<li>Tiegel vor Gebrauch nicht \u00f6ffnen<\/li>\n<li>Lesen Sie immer zuerst das mitgelieferte Handbuch<\/li>\n<\/ul>\n","protected":false},"excerpt":{"rendered":"<p>Die Albino A+ Pilzzucht ist sowohl bei Anf\u00e4ngern als auch bei erfahrenen Hobbyz\u00fcchtern sehr beliebt. Diese besondere Sorte zeichnet sich durch ihre cremewei\u00dfe Farbe, lange Stiele und schnelles Wachstum aus. Starke Genetik und aktives Myzel machen diese Pilzbrut einfach zu verwenden &#8211; ideal f\u00fcr jeden, der seine eigenen Pilze z\u00fcchten m\u00f6chte. Was ist eine Pilzbrut? [&hellip;]<\/p>\n","protected":false},"featured_media":47740,"comment_status":"closed","ping_status":"closed","template":"","meta":[],"product_brand":[],"product_cat":[409],"product_tag":[],"class_list":{"0":"post-47776","1":"product","2":"type-product","3":"status-publish","4":"has-post-thumbnail","6":"product_cat-spezielle-pilz-growkits","8":"first","9":"instock","10":"taxable","11":"shipping-taxable","12":"purchasable","13":"product-type-simple"},"yoast_head":"<!-- This site is optimized with the Yoast SEO Premium plugin v26.4 (Yoast SEO v27.2) - https:\/\/yoast.com\/product\/yoast-seo-premium-wordpress\/ -->\n<title>Albino A+ Pilzbrut - Dutchmicrodosing<\/title>\n<meta name=\"description\" content=\"Albino A+ Mushroom Brood ist ideal f\u00fcr fortgeschrittene Z\u00fcchter, die eine ungew\u00f6hnliche, wei\u00dfe Sorte mit hohem Ertrag und starker Wirkung suchen....\" \/>\n<meta name=\"robots\" content=\"index, follow, max-snippet:-1, max-image-preview:large, max-video-preview:-1\" \/>\n<link rel=\"canonical\" href=\"https:\/\/dutchmicrodosing.com\/de\/zauberpilze-zuchtsets\/growkit-angebote\/albino-a-paddo-broed\/\" \/>\n<meta property=\"og:locale\" content=\"de_DE\" \/>\n<meta property=\"og:type\" content=\"article\" \/>\n<meta property=\"og:title\" content=\"Albino A+ Pilzbrut\" \/>\n<meta property=\"og:description\" content=\"Die Albino A+ Pilzzucht ist sowohl bei Anf\u00e4ngern als auch bei erfahrenen Hobbyz\u00fcchtern sehr beliebt. Diese besondere Sorte zeichnet sich durch ihre\" \/>\n<meta property=\"og:url\" content=\"https:\/\/dutchmicrodosing.com\/de\/zauberpilze-zuchtsets\/growkit-angebote\/albino-a-paddo-broed\/\" \/>\n<meta property=\"og:site_name\" content=\"Dutchmicrodosing\" \/>\n<meta property=\"article:publisher\" content=\"https:\/\/www.facebook.com\/Dutchmicrodosingxp\/\" \/>\n<meta property=\"article:modified_time\" content=\"2025-11-11T14:32:12+00:00\" \/>\n<meta property=\"og:image\" content=\"https:\/\/dutchmicrodosing.com\/wp-content\/uploads\/2025\/05\/4105-5095.jpg\" \/>\n\t<meta property=\"og:image:width\" content=\"300\" \/>\n\t<meta property=\"og:image:height\" content=\"300\" \/>\n\t<meta property=\"og:image:type\" content=\"image\/jpeg\" \/>\n<meta name=\"twitter:card\" content=\"summary_large_image\" \/>\n<script type=\"application\/ld+json\" class=\"yoast-schema-graph\">{\"@context\":\"https:\/\/schema.org\",\"@graph\":[{\"@type\":\"WebPage\",\"@id\":\"https:\/\/dutchmicrodosing.com\/de\/zauberpilze-zuchtsets\/growkit-angebote\/albino-a-paddo-broed\/\",\"url\":\"https:\/\/dutchmicrodosing.com\/de\/zauberpilze-zuchtsets\/growkit-angebote\/albino-a-paddo-broed\/\",\"name\":\"Albino A+ Pilzbrut - Dutchmicrodosing\",\"isPartOf\":{\"@id\":\"https:\/\/dutchmicrodosing.com\/de\/#website\"},\"primaryImageOfPage\":{\"@id\":\"https:\/\/dutchmicrodosing.com\/de\/zauberpilze-zuchtsets\/growkit-angebote\/albino-a-paddo-broed\/#primaryimage\"},\"image\":{\"@id\":\"https:\/\/dutchmicrodosing.com\/de\/zauberpilze-zuchtsets\/growkit-angebote\/albino-a-paddo-broed\/#primaryimage\"},\"thumbnailUrl\":\"https:\/\/dutchmicrodosing.com\/wp-content\/uploads\/2025\/05\/4105-5095.jpg\",\"datePublished\":\"2025-05-19T07:35:33+00:00\",\"dateModified\":\"2025-11-11T14:32:12+00:00\",\"description\":\"Albino A+ Mushroom Brood ist ideal f\u00fcr fortgeschrittene Z\u00fcchter, die eine ungew\u00f6hnliche, wei\u00dfe Sorte mit hohem Ertrag und starker Wirkung suchen....\",\"breadcrumb\":{\"@id\":\"https:\/\/dutchmicrodosing.com\/de\/zauberpilze-zuchtsets\/growkit-angebote\/albino-a-paddo-broed\/#breadcrumb\"},\"inLanguage\":\"de\",\"potentialAction\":[{\"@type\":\"ReadAction\",\"target\":[\"https:\/\/dutchmicrodosing.com\/de\/zauberpilze-zuchtsets\/growkit-angebote\/albino-a-paddo-broed\/\"]}]},{\"@type\":\"ImageObject\",\"inLanguage\":\"de\",\"@id\":\"https:\/\/dutchmicrodosing.com\/de\/zauberpilze-zuchtsets\/growkit-angebote\/albino-a-paddo-broed\/#primaryimage\",\"url\":\"https:\/\/dutchmicrodosing.com\/wp-content\/uploads\/2025\/05\/4105-5095.jpg\",\"contentUrl\":\"https:\/\/dutchmicrodosing.com\/wp-content\/uploads\/2025\/05\/4105-5095.jpg\",\"width\":300,\"height\":300},{\"@type\":\"BreadcrumbList\",\"@id\":\"https:\/\/dutchmicrodosing.com\/de\/zauberpilze-zuchtsets\/growkit-angebote\/albino-a-paddo-broed\/#breadcrumb\",\"itemListElement\":[{\"@type\":\"ListItem\",\"position\":1,\"name\":\"Home\",\"item\":\"https:\/\/dutchmicrodosing.com\/de\/\"},{\"@type\":\"ListItem\",\"position\":2,\"name\":\"Shop\",\"item\":\"https:\/\/dutchmicrodosing.com\/de\/shop\/\"},{\"@type\":\"ListItem\",\"position\":3,\"name\":\"Albino A+ Pilzbrut\"}]},{\"@type\":\"WebSite\",\"@id\":\"https:\/\/dutchmicrodosing.com\/de\/#website\",\"url\":\"https:\/\/dutchmicrodosing.com\/de\/\",\"name\":\"Dutchmicrodosing\",\"description\":\"\",\"publisher\":{\"@id\":\"https:\/\/dutchmicrodosing.com\/de\/#organization\"},\"potentialAction\":[{\"@type\":\"SearchAction\",\"target\":{\"@type\":\"EntryPoint\",\"urlTemplate\":\"https:\/\/dutchmicrodosing.com\/de\/?s={search_term_string}\"},\"query-input\":{\"@type\":\"PropertyValueSpecification\",\"valueRequired\":true,\"valueName\":\"search_term_string\"}}],\"inLanguage\":\"de\"},{\"@type\":\"Organization\",\"@id\":\"https:\/\/dutchmicrodosing.com\/de\/#organization\",\"name\":\"Dutchmicrodosing\",\"url\":\"https:\/\/dutchmicrodosing.com\/de\/\",\"logo\":{\"@type\":\"ImageObject\",\"inLanguage\":\"de\",\"@id\":\"https:\/\/dutchmicrodosing.com\/de\/#\/schema\/logo\/image\/\",\"url\":\"https:\/\/dutchmicrodosing.com\/wp-content\/uploads\/2021\/01\/microdosing-categorie-pic-nieuw.jpg\",\"contentUrl\":\"https:\/\/dutchmicrodosing.com\/wp-content\/uploads\/2021\/01\/microdosing-categorie-pic-nieuw.jpg\",\"width\":500,\"height\":500,\"caption\":\"Dutchmicrodosing\"},\"image\":{\"@id\":\"https:\/\/dutchmicrodosing.com\/de\/#\/schema\/logo\/image\/\"},\"sameAs\":[\"https:\/\/www.facebook.com\/Dutchmicrodosingxp\/\",\"https:\/\/www.instagram.com\/dutchmicrodosing\/\"]}]}<\/script>\n<meta property=\"product:price:amount\" content=\"24.95\" \/>\n<meta property=\"product:price:currency\" content=\"EUR\" \/>\n<meta property=\"og:availability\" content=\"instock\" \/>\n<meta property=\"product:availability\" content=\"instock\" \/>\n<meta property=\"product:retailer_item_id\" content=\"5204235\" \/>\n<meta property=\"product:condition\" content=\"new\" \/>\n<!-- \/ Yoast SEO Premium plugin. -->","yoast_head_json":{"title":"Albino A+ Pilzbrut - Dutchmicrodosing","description":"Albino A+ Mushroom Brood ist ideal f\u00fcr fortgeschrittene Z\u00fcchter, die eine ungew\u00f6hnliche, wei\u00dfe Sorte mit hohem Ertrag und starker Wirkung suchen....","robots":{"index":"index","follow":"follow","max-snippet":"max-snippet:-1","max-image-preview":"max-image-preview:large","max-video-preview":"max-video-preview:-1"},"canonical":"https:\/\/dutchmicrodosing.com\/de\/zauberpilze-zuchtsets\/growkit-angebote\/albino-a-paddo-broed\/","og_locale":"de_DE","og_type":"article","og_title":"Albino A+ Pilzbrut","og_description":"Die Albino A+ Pilzzucht ist sowohl bei Anf\u00e4ngern als auch bei erfahrenen Hobbyz\u00fcchtern sehr beliebt. Diese besondere Sorte zeichnet sich durch ihre","og_url":"https:\/\/dutchmicrodosing.com\/de\/zauberpilze-zuchtsets\/growkit-angebote\/albino-a-paddo-broed\/","og_site_name":"Dutchmicrodosing","article_publisher":"https:\/\/www.facebook.com\/Dutchmicrodosingxp\/","article_modified_time":"2025-11-11T14:32:12+00:00","og_image":[{"width":300,"height":300,"url":"https:\/\/dutchmicrodosing.com\/wp-content\/uploads\/2025\/05\/4105-5095.jpg","type":"image\/jpeg"}],"twitter_card":"summary_large_image","schema":{"@context":"https:\/\/schema.org","@graph":[{"@type":"WebPage","@id":"https:\/\/dutchmicrodosing.com\/de\/zauberpilze-zuchtsets\/growkit-angebote\/albino-a-paddo-broed\/","url":"https:\/\/dutchmicrodosing.com\/de\/zauberpilze-zuchtsets\/growkit-angebote\/albino-a-paddo-broed\/","name":"Albino A+ Pilzbrut - Dutchmicrodosing","isPartOf":{"@id":"https:\/\/dutchmicrodosing.com\/de\/#website"},"primaryImageOfPage":{"@id":"https:\/\/dutchmicrodosing.com\/de\/zauberpilze-zuchtsets\/growkit-angebote\/albino-a-paddo-broed\/#primaryimage"},"image":{"@id":"https:\/\/dutchmicrodosing.com\/de\/zauberpilze-zuchtsets\/growkit-angebote\/albino-a-paddo-broed\/#primaryimage"},"thumbnailUrl":"https:\/\/dutchmicrodosing.com\/wp-content\/uploads\/2025\/05\/4105-5095.jpg","datePublished":"2025-05-19T07:35:33+00:00","dateModified":"2025-11-11T14:32:12+00:00","description":"Albino A+ Mushroom Brood ist ideal f\u00fcr fortgeschrittene Z\u00fcchter, die eine ungew\u00f6hnliche, wei\u00dfe Sorte mit hohem Ertrag und starker Wirkung suchen....","breadcrumb":{"@id":"https:\/\/dutchmicrodosing.com\/de\/zauberpilze-zuchtsets\/growkit-angebote\/albino-a-paddo-broed\/#breadcrumb"},"inLanguage":"de","potentialAction":[{"@type":"ReadAction","target":["https:\/\/dutchmicrodosing.com\/de\/zauberpilze-zuchtsets\/growkit-angebote\/albino-a-paddo-broed\/"]}]},{"@type":"ImageObject","inLanguage":"de","@id":"https:\/\/dutchmicrodosing.com\/de\/zauberpilze-zuchtsets\/growkit-angebote\/albino-a-paddo-broed\/#primaryimage","url":"https:\/\/dutchmicrodosing.com\/wp-content\/uploads\/2025\/05\/4105-5095.jpg","contentUrl":"https:\/\/dutchmicrodosing.com\/wp-content\/uploads\/2025\/05\/4105-5095.jpg","width":300,"height":300},{"@type":"BreadcrumbList","@id":"https:\/\/dutchmicrodosing.com\/de\/zauberpilze-zuchtsets\/growkit-angebote\/albino-a-paddo-broed\/#breadcrumb","itemListElement":[{"@type":"ListItem","position":1,"name":"Home","item":"https:\/\/dutchmicrodosing.com\/de\/"},{"@type":"ListItem","position":2,"name":"Shop","item":"https:\/\/dutchmicrodosing.com\/de\/shop\/"},{"@type":"ListItem","position":3,"name":"Albino A+ Pilzbrut"}]},{"@type":"WebSite","@id":"https:\/\/dutchmicrodosing.com\/de\/#website","url":"https:\/\/dutchmicrodosing.com\/de\/","name":"Dutchmicrodosing","description":"","publisher":{"@id":"https:\/\/dutchmicrodosing.com\/de\/#organization"},"potentialAction":[{"@type":"SearchAction","target":{"@type":"EntryPoint","urlTemplate":"https:\/\/dutchmicrodosing.com\/de\/?s={search_term_string}"},"query-input":{"@type":"PropertyValueSpecification","valueRequired":true,"valueName":"search_term_string"}}],"inLanguage":"de"},{"@type":"Organization","@id":"https:\/\/dutchmicrodosing.com\/de\/#organization","name":"Dutchmicrodosing","url":"https:\/\/dutchmicrodosing.com\/de\/","logo":{"@type":"ImageObject","inLanguage":"de","@id":"https:\/\/dutchmicrodosing.com\/de\/#\/schema\/logo\/image\/","url":"https:\/\/dutchmicrodosing.com\/wp-content\/uploads\/2021\/01\/microdosing-categorie-pic-nieuw.jpg","contentUrl":"https:\/\/dutchmicrodosing.com\/wp-content\/uploads\/2021\/01\/microdosing-categorie-pic-nieuw.jpg","width":500,"height":500,"caption":"Dutchmicrodosing"},"image":{"@id":"https:\/\/dutchmicrodosing.com\/de\/#\/schema\/logo\/image\/"},"sameAs":["https:\/\/www.facebook.com\/Dutchmicrodosingxp\/","https:\/\/www.instagram.com\/dutchmicrodosing\/"]}]},"product_price_amount":"24.95","product_price_currency":"EUR","og_availability":"instock","product_availability":"instock","product_retailer_item_id":"5204235","product_condition":"new"},"_links":{"self":[{"href":"https:\/\/dutchmicrodosing.com\/de\/wp-json\/wp\/v2\/product\/47776","targetHints":{"allow":["GET"]}}],"collection":[{"href":"https:\/\/dutchmicrodosing.com\/de\/wp-json\/wp\/v2\/product"}],"about":[{"href":"https:\/\/dutchmicrodosing.com\/de\/wp-json\/wp\/v2\/types\/product"}],"replies":[{"embeddable":true,"href":"https:\/\/dutchmicrodosing.com\/de\/wp-json\/wp\/v2\/comments?post=47776"}],"version-history":[{"count":1,"href":"https:\/\/dutchmicrodosing.com\/de\/wp-json\/wp\/v2\/product\/47776\/revisions"}],"predecessor-version":[{"id":61608,"href":"https:\/\/dutchmicrodosing.com\/de\/wp-json\/wp\/v2\/product\/47776\/revisions\/61608"}],"wp:featuredmedia":[{"embeddable":true,"href":"https:\/\/dutchmicrodosing.com\/de\/wp-json\/wp\/v2\/media\/47740"}],"wp:attachment":[{"href":"https:\/\/dutchmicrodosing.com\/de\/wp-json\/wp\/v2\/media?parent=47776"}],"wp:term":[{"taxonomy":"product_brand","embeddable":true,"href":"https:\/\/dutchmicrodosing.com\/de\/wp-json\/wp\/v2\/product_brand?post=47776"},{"taxonomy":"product_cat","embeddable":true,"href":"https:\/\/dutchmicrodosing.com\/de\/wp-json\/wp\/v2\/product_cat?post=47776"},{"taxonomy":"product_tag","embeddable":true,"href":"https:\/\/dutchmicrodosing.com\/de\/wp-json\/wp\/v2\/product_tag?post=47776"}],"curies":[{"name":"wp","href":"https:\/\/api.w.org\/{rel}","templated":true}]}}