{"id":48205,"date":"2025-05-23T12:24:01","date_gmt":"2025-05-23T10:24:01","guid":{"rendered":"https:\/\/dutchmicrodosing.com\/?post_type=product&#038;p=48205"},"modified":"2025-11-09T15:13:05","modified_gmt":"2025-11-09T14:13:05","slug":"ashwaganda-120-stuck","status":"publish","type":"product","link":"https:\/\/dutchmicrodosing.com\/de\/reformhaus\/vitamine-nahrungsergaenzungsmittel\/ashwaganda-120-stuck\/","title":{"rendered":"Ashwaganda &#8211; 120 St\u00fcck"},"content":{"rendered":"<p>Fit4Seasons <strong>Ashwagandha-Kapseln <\/strong>sind f\u00fcr alle, die sich bewusst f\u00fcr ein nat\u00fcrliches Erg\u00e4nzungsmittel zur Unterst\u00fctzung des t\u00e4glichen Wohlbefindens entscheiden wollen. Dieses vegane Produkt enth\u00e4lt einen konzentrierten Ashwagandha-Extrakt und wurde unter Ber\u00fccksichtigung von Qualit\u00e4t und Einfachheit entwickelt.<\/p>\n<h3>Eigenschaften<\/h3>\n<ul>\n<li>500 mg 10:1 Ashwagandha-Extrakt pro Kapsel<\/li>\n<li>Mit 15 mg Vitamin C und 2 mg Zinkbisglycinat<\/li>\n<li>Vegane Formel ohne k\u00fcnstliche Zusatzstoffe<\/li>\n<li>Praktische Kapseln f\u00fcr eine einfache Anwendung<\/li>\n<li>Geeignet f\u00fcr einen bewussten Lebensstil<\/li>\n<\/ul>\n<h3>Zutaten und\/oder Zusammensetzung<\/h3>\n<p>Ashwagandha (Withania somnifera) Extrakt (10:1), Vitamin C (Ascorbins\u00e4ure), Zinkbisglycinat, F\u00fcllstoff (Reismehl), Kapsel (Hydroxypropylmethylcellulose &#8211; pflanzlich).<\/p>\n<h3>Verwenden Sie<\/h3>\n<p>Nehmen Sie 1 Kapsel t\u00e4glich mit Wasser ein, vorzugsweise w\u00e4hrend einer Mahlzeit. \u00dcberschreiten Sie nicht die empfohlene Dosierung.<\/p>\n<h3>Inhalt<\/h3>\n<p>120 Kapseln in einer praktischen Dose, gut f\u00fcr eine t\u00e4gliche Einnahme von 4 Monaten.<\/p>\n<h3>Haftungsausschluss<\/h3>\n<p><em>Der Inhalt dieses Textes dient nur zu Informationszwecken und ist kein Ersatz f\u00fcr eine professionelle Beratung. Dieses Produkt ist kein Arzneimittel und dient nicht zur Diagnose, Behandlung oder Heilung von Krankheiten. Bitte wenden Sie sich bei speziellen Fragen zur Verwendung dieses Produkts an einen Fachmann. Einige wissenschaftliche Studien \u00fcber die Wirkung dieses Produkts sind noch nicht abgeschlossen und nicht alle Behauptungen sind endg\u00fcltig best\u00e4tigt worden.<\/em><\/p>\n","protected":false},"excerpt":{"rendered":"<p>Fit4Seasons Ashwagandha-Kapseln sind f\u00fcr alle, die sich bewusst f\u00fcr ein nat\u00fcrliches Erg\u00e4nzungsmittel zur Unterst\u00fctzung des t\u00e4glichen Wohlbefindens entscheiden wollen. Dieses vegane Produkt enth\u00e4lt einen konzentrierten Ashwagandha-Extrakt und wurde unter Ber\u00fccksichtigung von Qualit\u00e4t und Einfachheit entwickelt. Eigenschaften 500 mg 10:1 Ashwagandha-Extrakt pro Kapsel Mit 15 mg Vitamin C und 2 mg Zinkbisglycinat Vegane Formel ohne k\u00fcnstliche [&hellip;]<\/p>\n","protected":false},"featured_media":48210,"comment_status":"closed","ping_status":"closed","template":"","meta":[],"product_brand":[],"product_cat":[293,305,116],"product_tag":[],"class_list":{"0":"post-48205","1":"product","2":"type-product","3":"status-publish","4":"has-post-thumbnail","6":"product_cat-erganzungen-fur-das-immunsystem","7":"product_cat-schlaf-erganzungen","8":"product_cat-vitamine-nahrungsergaenzungsmittel","10":"first","11":"instock","12":"taxable","13":"shipping-taxable","14":"product-type-simple"},"yoast_head":"<!-- This site is optimized with the Yoast SEO Premium plugin v26.4 (Yoast SEO v27.4) - https:\/\/yoast.com\/product\/yoast-seo-premium-wordpress\/ -->\n<title>Ashwaganda - 120 St\u00fcck - Dutchmicrodosing<\/title>\n<meta name=\"robots\" content=\"index, follow, max-snippet:-1, max-image-preview:large, max-video-preview:-1\" \/>\n<link rel=\"canonical\" href=\"https:\/\/dutchmicrodosing.com\/de\/reformhaus\/vitamine-nahrungsergaenzungsmittel\/ashwaganda-120-stuck\/\" \/>\n<meta property=\"og:locale\" content=\"de_DE\" \/>\n<meta property=\"og:type\" content=\"article\" \/>\n<meta property=\"og:title\" content=\"Ashwaganda - 120 St\u00fcck\" \/>\n<meta property=\"og:description\" content=\"Fit4Seasons Ashwagandha-Kapseln sind f\u00fcr alle, die sich bewusst f\u00fcr ein nat\u00fcrliches Erg\u00e4nzungsmittel zur Unterst\u00fctzung des t\u00e4glichen Wohlbefindens\" \/>\n<meta property=\"og:url\" content=\"https:\/\/dutchmicrodosing.com\/de\/reformhaus\/vitamine-nahrungsergaenzungsmittel\/ashwaganda-120-stuck\/\" \/>\n<meta property=\"og:site_name\" content=\"Dutchmicrodosing\" \/>\n<meta property=\"article:publisher\" content=\"https:\/\/www.facebook.com\/Dutchmicrodosingxp\/\" \/>\n<meta property=\"article:modified_time\" content=\"2025-11-09T14:13:05+00:00\" \/>\n<meta property=\"og:image\" content=\"https:\/\/dutchmicrodosing.com\/wp-content\/uploads\/2025\/05\/Ashwaganda-1.jpg\" \/>\n\t<meta property=\"og:image:width\" content=\"1000\" \/>\n\t<meta property=\"og:image:height\" content=\"1000\" \/>\n\t<meta property=\"og:image:type\" content=\"image\/jpeg\" \/>\n<meta name=\"twitter:card\" content=\"summary_large_image\" \/>\n<script type=\"application\/ld+json\" class=\"yoast-schema-graph\">{\"@context\":\"https:\\\/\\\/schema.org\",\"@graph\":[{\"@type\":\"WebPage\",\"@id\":\"https:\\\/\\\/dutchmicrodosing.com\\\/de\\\/reformhaus\\\/vitamine-nahrungsergaenzungsmittel\\\/ashwaganda-120-stuck\\\/\",\"url\":\"https:\\\/\\\/dutchmicrodosing.com\\\/de\\\/reformhaus\\\/vitamine-nahrungsergaenzungsmittel\\\/ashwaganda-120-stuck\\\/\",\"name\":\"Ashwaganda - 120 St\u00fcck - Dutchmicrodosing\",\"isPartOf\":{\"@id\":\"https:\\\/\\\/dutchmicrodosing.com\\\/de\\\/#website\"},\"primaryImageOfPage\":{\"@id\":\"https:\\\/\\\/dutchmicrodosing.com\\\/de\\\/reformhaus\\\/vitamine-nahrungsergaenzungsmittel\\\/ashwaganda-120-stuck\\\/#primaryimage\"},\"image\":{\"@id\":\"https:\\\/\\\/dutchmicrodosing.com\\\/de\\\/reformhaus\\\/vitamine-nahrungsergaenzungsmittel\\\/ashwaganda-120-stuck\\\/#primaryimage\"},\"thumbnailUrl\":\"https:\\\/\\\/dutchmicrodosing.com\\\/wp-content\\\/uploads\\\/2025\\\/05\\\/Ashwaganda-1.jpg\",\"datePublished\":\"2025-05-23T10:24:01+00:00\",\"dateModified\":\"2025-11-09T14:13:05+00:00\",\"breadcrumb\":{\"@id\":\"https:\\\/\\\/dutchmicrodosing.com\\\/de\\\/reformhaus\\\/vitamine-nahrungsergaenzungsmittel\\\/ashwaganda-120-stuck\\\/#breadcrumb\"},\"inLanguage\":\"de\",\"potentialAction\":[{\"@type\":\"ReadAction\",\"target\":[\"https:\\\/\\\/dutchmicrodosing.com\\\/de\\\/reformhaus\\\/vitamine-nahrungsergaenzungsmittel\\\/ashwaganda-120-stuck\\\/\"]}]},{\"@type\":\"ImageObject\",\"inLanguage\":\"de\",\"@id\":\"https:\\\/\\\/dutchmicrodosing.com\\\/de\\\/reformhaus\\\/vitamine-nahrungsergaenzungsmittel\\\/ashwaganda-120-stuck\\\/#primaryimage\",\"url\":\"https:\\\/\\\/dutchmicrodosing.com\\\/wp-content\\\/uploads\\\/2025\\\/05\\\/Ashwaganda-1.jpg\",\"contentUrl\":\"https:\\\/\\\/dutchmicrodosing.com\\\/wp-content\\\/uploads\\\/2025\\\/05\\\/Ashwaganda-1.jpg\",\"width\":1000,\"height\":1000},{\"@type\":\"BreadcrumbList\",\"@id\":\"https:\\\/\\\/dutchmicrodosing.com\\\/de\\\/reformhaus\\\/vitamine-nahrungsergaenzungsmittel\\\/ashwaganda-120-stuck\\\/#breadcrumb\",\"itemListElement\":[{\"@type\":\"ListItem\",\"position\":1,\"name\":\"Home\",\"item\":\"https:\\\/\\\/dutchmicrodosing.com\\\/de\\\/\"},{\"@type\":\"ListItem\",\"position\":2,\"name\":\"Shop\",\"item\":\"https:\\\/\\\/dutchmicrodosing.com\\\/de\\\/shop\\\/\"},{\"@type\":\"ListItem\",\"position\":3,\"name\":\"Ashwaganda &#8211; 120 St\u00fcck\"}]},{\"@type\":\"WebSite\",\"@id\":\"https:\\\/\\\/dutchmicrodosing.com\\\/de\\\/#website\",\"url\":\"https:\\\/\\\/dutchmicrodosing.com\\\/de\\\/\",\"name\":\"Dutchmicrodosing\",\"description\":\"\",\"publisher\":{\"@id\":\"https:\\\/\\\/dutchmicrodosing.com\\\/de\\\/#organization\"},\"potentialAction\":[{\"@type\":\"SearchAction\",\"target\":{\"@type\":\"EntryPoint\",\"urlTemplate\":\"https:\\\/\\\/dutchmicrodosing.com\\\/de\\\/?s={search_term_string}\"},\"query-input\":{\"@type\":\"PropertyValueSpecification\",\"valueRequired\":true,\"valueName\":\"search_term_string\"}}],\"inLanguage\":\"de\"},{\"@type\":\"Organization\",\"@id\":\"https:\\\/\\\/dutchmicrodosing.com\\\/de\\\/#organization\",\"name\":\"Dutchmicrodosing\",\"url\":\"https:\\\/\\\/dutchmicrodosing.com\\\/de\\\/\",\"logo\":{\"@type\":\"ImageObject\",\"inLanguage\":\"de\",\"@id\":\"https:\\\/\\\/dutchmicrodosing.com\\\/de\\\/#\\\/schema\\\/logo\\\/image\\\/\",\"url\":\"https:\\\/\\\/dutchmicrodosing.com\\\/wp-content\\\/uploads\\\/2021\\\/01\\\/microdosing-categorie-pic-nieuw.jpg\",\"contentUrl\":\"https:\\\/\\\/dutchmicrodosing.com\\\/wp-content\\\/uploads\\\/2021\\\/01\\\/microdosing-categorie-pic-nieuw.jpg\",\"width\":500,\"height\":500,\"caption\":\"Dutchmicrodosing\"},\"image\":{\"@id\":\"https:\\\/\\\/dutchmicrodosing.com\\\/de\\\/#\\\/schema\\\/logo\\\/image\\\/\"},\"sameAs\":[\"https:\\\/\\\/www.facebook.com\\\/Dutchmicrodosingxp\\\/\",\"https:\\\/\\\/www.instagram.com\\\/dutchmicrodosing\\\/\"]}]}<\/script>\n<meta property=\"product:price:currency\" content=\"EUR\" \/>\n<meta property=\"og:availability\" content=\"instock\" \/>\n<meta property=\"product:availability\" content=\"instock\" \/>\n<meta property=\"product:retailer_item_id\" content=\"5205861\" \/>\n<meta property=\"product:condition\" content=\"new\" \/>\n<!-- \/ Yoast SEO Premium plugin. -->","yoast_head_json":{"title":"Ashwaganda - 120 St\u00fcck - Dutchmicrodosing","robots":{"index":"index","follow":"follow","max-snippet":"max-snippet:-1","max-image-preview":"max-image-preview:large","max-video-preview":"max-video-preview:-1"},"canonical":"https:\/\/dutchmicrodosing.com\/de\/reformhaus\/vitamine-nahrungsergaenzungsmittel\/ashwaganda-120-stuck\/","og_locale":"de_DE","og_type":"article","og_title":"Ashwaganda - 120 St\u00fcck","og_description":"Fit4Seasons Ashwagandha-Kapseln sind f\u00fcr alle, die sich bewusst f\u00fcr ein nat\u00fcrliches Erg\u00e4nzungsmittel zur Unterst\u00fctzung des t\u00e4glichen Wohlbefindens","og_url":"https:\/\/dutchmicrodosing.com\/de\/reformhaus\/vitamine-nahrungsergaenzungsmittel\/ashwaganda-120-stuck\/","og_site_name":"Dutchmicrodosing","article_publisher":"https:\/\/www.facebook.com\/Dutchmicrodosingxp\/","article_modified_time":"2025-11-09T14:13:05+00:00","og_image":[{"width":1000,"height":1000,"url":"https:\/\/dutchmicrodosing.com\/wp-content\/uploads\/2025\/05\/Ashwaganda-1.jpg","type":"image\/jpeg"}],"twitter_card":"summary_large_image","schema":{"@context":"https:\/\/schema.org","@graph":[{"@type":"WebPage","@id":"https:\/\/dutchmicrodosing.com\/de\/reformhaus\/vitamine-nahrungsergaenzungsmittel\/ashwaganda-120-stuck\/","url":"https:\/\/dutchmicrodosing.com\/de\/reformhaus\/vitamine-nahrungsergaenzungsmittel\/ashwaganda-120-stuck\/","name":"Ashwaganda - 120 St\u00fcck - Dutchmicrodosing","isPartOf":{"@id":"https:\/\/dutchmicrodosing.com\/de\/#website"},"primaryImageOfPage":{"@id":"https:\/\/dutchmicrodosing.com\/de\/reformhaus\/vitamine-nahrungsergaenzungsmittel\/ashwaganda-120-stuck\/#primaryimage"},"image":{"@id":"https:\/\/dutchmicrodosing.com\/de\/reformhaus\/vitamine-nahrungsergaenzungsmittel\/ashwaganda-120-stuck\/#primaryimage"},"thumbnailUrl":"https:\/\/dutchmicrodosing.com\/wp-content\/uploads\/2025\/05\/Ashwaganda-1.jpg","datePublished":"2025-05-23T10:24:01+00:00","dateModified":"2025-11-09T14:13:05+00:00","breadcrumb":{"@id":"https:\/\/dutchmicrodosing.com\/de\/reformhaus\/vitamine-nahrungsergaenzungsmittel\/ashwaganda-120-stuck\/#breadcrumb"},"inLanguage":"de","potentialAction":[{"@type":"ReadAction","target":["https:\/\/dutchmicrodosing.com\/de\/reformhaus\/vitamine-nahrungsergaenzungsmittel\/ashwaganda-120-stuck\/"]}]},{"@type":"ImageObject","inLanguage":"de","@id":"https:\/\/dutchmicrodosing.com\/de\/reformhaus\/vitamine-nahrungsergaenzungsmittel\/ashwaganda-120-stuck\/#primaryimage","url":"https:\/\/dutchmicrodosing.com\/wp-content\/uploads\/2025\/05\/Ashwaganda-1.jpg","contentUrl":"https:\/\/dutchmicrodosing.com\/wp-content\/uploads\/2025\/05\/Ashwaganda-1.jpg","width":1000,"height":1000},{"@type":"BreadcrumbList","@id":"https:\/\/dutchmicrodosing.com\/de\/reformhaus\/vitamine-nahrungsergaenzungsmittel\/ashwaganda-120-stuck\/#breadcrumb","itemListElement":[{"@type":"ListItem","position":1,"name":"Home","item":"https:\/\/dutchmicrodosing.com\/de\/"},{"@type":"ListItem","position":2,"name":"Shop","item":"https:\/\/dutchmicrodosing.com\/de\/shop\/"},{"@type":"ListItem","position":3,"name":"Ashwaganda &#8211; 120 St\u00fcck"}]},{"@type":"WebSite","@id":"https:\/\/dutchmicrodosing.com\/de\/#website","url":"https:\/\/dutchmicrodosing.com\/de\/","name":"Dutchmicrodosing","description":"","publisher":{"@id":"https:\/\/dutchmicrodosing.com\/de\/#organization"},"potentialAction":[{"@type":"SearchAction","target":{"@type":"EntryPoint","urlTemplate":"https:\/\/dutchmicrodosing.com\/de\/?s={search_term_string}"},"query-input":{"@type":"PropertyValueSpecification","valueRequired":true,"valueName":"search_term_string"}}],"inLanguage":"de"},{"@type":"Organization","@id":"https:\/\/dutchmicrodosing.com\/de\/#organization","name":"Dutchmicrodosing","url":"https:\/\/dutchmicrodosing.com\/de\/","logo":{"@type":"ImageObject","inLanguage":"de","@id":"https:\/\/dutchmicrodosing.com\/de\/#\/schema\/logo\/image\/","url":"https:\/\/dutchmicrodosing.com\/wp-content\/uploads\/2021\/01\/microdosing-categorie-pic-nieuw.jpg","contentUrl":"https:\/\/dutchmicrodosing.com\/wp-content\/uploads\/2021\/01\/microdosing-categorie-pic-nieuw.jpg","width":500,"height":500,"caption":"Dutchmicrodosing"},"image":{"@id":"https:\/\/dutchmicrodosing.com\/de\/#\/schema\/logo\/image\/"},"sameAs":["https:\/\/www.facebook.com\/Dutchmicrodosingxp\/","https:\/\/www.instagram.com\/dutchmicrodosing\/"]}]},"product_price_currency":"EUR","og_availability":"instock","product_availability":"instock","product_retailer_item_id":"5205861","product_condition":"new"},"_links":{"self":[{"href":"https:\/\/dutchmicrodosing.com\/de\/wp-json\/wp\/v2\/product\/48205","targetHints":{"allow":["GET"]}}],"collection":[{"href":"https:\/\/dutchmicrodosing.com\/de\/wp-json\/wp\/v2\/product"}],"about":[{"href":"https:\/\/dutchmicrodosing.com\/de\/wp-json\/wp\/v2\/types\/product"}],"replies":[{"embeddable":true,"href":"https:\/\/dutchmicrodosing.com\/de\/wp-json\/wp\/v2\/comments?post=48205"}],"version-history":[{"count":1,"href":"https:\/\/dutchmicrodosing.com\/de\/wp-json\/wp\/v2\/product\/48205\/revisions"}],"predecessor-version":[{"id":61242,"href":"https:\/\/dutchmicrodosing.com\/de\/wp-json\/wp\/v2\/product\/48205\/revisions\/61242"}],"wp:featuredmedia":[{"embeddable":true,"href":"https:\/\/dutchmicrodosing.com\/de\/wp-json\/wp\/v2\/media\/48210"}],"wp:attachment":[{"href":"https:\/\/dutchmicrodosing.com\/de\/wp-json\/wp\/v2\/media?parent=48205"}],"wp:term":[{"taxonomy":"product_brand","embeddable":true,"href":"https:\/\/dutchmicrodosing.com\/de\/wp-json\/wp\/v2\/product_brand?post=48205"},{"taxonomy":"product_cat","embeddable":true,"href":"https:\/\/dutchmicrodosing.com\/de\/wp-json\/wp\/v2\/product_cat?post=48205"},{"taxonomy":"product_tag","embeddable":true,"href":"https:\/\/dutchmicrodosing.com\/de\/wp-json\/wp\/v2\/product_tag?post=48205"}],"curies":[{"name":"wp","href":"https:\/\/api.w.org\/{rel}","templated":true}]}}