{"id":48603,"date":"2025-06-13T09:20:25","date_gmt":"2025-06-13T07:20:25","guid":{"rendered":"https:\/\/dutchmicrodosing.com\/shop\/unkategorisiert\/golden-teacher-paddo-broed\/"},"modified":"2025-11-11T16:12:10","modified_gmt":"2025-11-11T15:12:10","slug":"golden-teacher-paddo-broed","status":"publish","type":"product","link":"https:\/\/dutchmicrodosing.com\/de\/zauberpilze-zuchtsets\/growkit-angebote\/golden-teacher-paddo-broed\/","title":{"rendered":"Goldener Lehrer Pilzbrut"},"content":{"rendered":"<p><strong data-start=\"81\" data-end=\"111\">Golden Teacher Mushroom Brood<\/strong> ist perfekt f\u00fcr den fortgeschrittenen Z\u00fcchter, der gerne seinen eigenen Weg geht. Diese legend\u00e4re Sorte ist bekannt f\u00fcr ihr markantes Aussehen, ihren gro\u00dfz\u00fcgigen Ertrag und ihre starke Wirkung. Mit gen\u00fcgend Pflege und Hingabe k\u00f6nnen Sie Pilze z\u00fcchten, die bis zu 20 cm gro\u00df werden.<\/p>\n<h3>Was ist eine Paddy-Brut?<\/h3>\n<p>Paddy-Laich, auch bekannt als Getreide-Laich, ist Getreide, das vollst\u00e4ndig mit Myzel durchwachsen ist. Dies bildet die Grundlage f\u00fcr eine erfolgreiche Pilzzucht. In fertigen Anzuchtsets ist dieser Laich oft bereits mit Kokoserde und Vermiculit gemischt und in einer festen Menge verpackt. Ein solches Grow-Kit liefert eine begrenzte Ernte und kann danach nicht wiederverwendet werden. Wenn Sie selbst mit loser Pilzbrut arbeiten, haben Sie viel mehr Kontrolle und Flexibilit\u00e4t. Sie bestimmen ganz einfach die Gr\u00f6\u00dfe Ihrer Kultur und k\u00f6nnen das Myzel auch vermehren.<\/p>\n<p>In der Tat w\u00e4chst das starke Myzel schnell und kr\u00e4ftig: aus einem Glas Pilzbrut k\u00f6nnen Sie mehrere neue Portionen herstellen. So skalieren Sie Ihren Anbau von 1 auf 10, auf 100 T\u00f6pfe &#8211; und das alles innerhalb weniger Wochen. Sie sind also nicht mehr an ein Standard-Zuchtkit mit 250, 1200 oder 2100 ml gebunden, sondern k\u00f6nnen genau die Menge an Pilzen z\u00fcchten, die Sie m\u00f6chten. Und das Beste daran? Das ist f\u00fcr jeden m\u00f6glich, einfach mit allt\u00e4glichen Gegenst\u00e4nden aus dem Haushalt.<\/p>\n<h3>Eigenschaften<\/h3>\n<ul>\n<li>Kraftvolle und beliebte Pilzsorte<\/li>\n<li>Geeignet f\u00fcr erfahrene Benutzer<\/li>\n<li>Viel h\u00f6herer Ertrag als bei gebrauchsfertigen Grow-Kits<\/li>\n<li>Freiheit, wie gro\u00df Sie Ihren Anbau gestalten<\/li>\n<li>Inklusive ausf\u00fchrlichem Handbuch mit Schritt-f\u00fcr-Schritt-Anleitung<\/li>\n<li>Keine sterile Arbeitsumgebung erforderlich<\/li>\n<\/ul>\n<h3>Zutaten und\/oder Zusammensetzung<\/h3>\n<ul>\n<li>382 mL Getreidebrut, vollst\u00e4ndig gewachsen mit Golden Teacher Mycelium<\/li>\n<\/ul>\n<h3>Verwenden Sie<\/h3>\n<p>Nutzen Sie den Laich als Grundlage f\u00fcr Ihr eigenes Zuchtprojekt. F\u00fcgen Sie Ihr eigenes Substrat hinzu (z.B. Kokoserde und Vermiculit) und w\u00e4hlen Sie, wie gro\u00df Sie Ihr Gew\u00e4chs machen. Ein Topf kann dank seines starken Myzels leicht auf mehrere neue T\u00f6pfe \u00fcbertragen werden. Damit haben Sie alles, was Sie brauchen, um eine nachhaltige und pers\u00f6nliche Pilzzucht einzurichten. Befolgen Sie die mitgelieferte Anleitung sorgf\u00e4ltig, um beste Ergebnisse zu erzielen.<\/p>\n<p><strong>DOWNLOAD HIER: <a href=\"https:\/\/dutchmicrodosing.com\/wp-content\/uploads\/2025\/07\/white-ENGELS-1.pdf\" target=\"_blank\" rel=\"noopener\">Paddobrood Anleitung \/ Handbuch<\/a><\/strong><\/p>\n<p>Wichtige Tipps:<\/p>\n<ul>\n<li>Lagern Sie den Laich bis zu 3 Monate im K\u00fchlschrank<\/li>\n<li>\u00d6ffnen Sie das Gef\u00e4\u00df erst kurz vor dem Gebrauch<\/li>\n<li>Lesen Sie das Handbuch sorgf\u00e4ltig durch, bevor Sie beginnen<\/li>\n<\/ul>\n<h3>Inhalt<\/h3>\n<ul>\n<li>1 Glas 382 mL Golden Teacher gebraut<\/li>\n<li>Umfassendes Handbuch mit Fotos und klaren Anweisungen<\/li>\n<\/ul>\n<h3>Wichtig<\/h3>\n<ul>\n<li>Im K\u00fchlschrank aufbewahren, bis zu 3 Monate haltbar<\/li>\n<li>Tiegel vor Gebrauch nicht \u00f6ffnen<\/li>\n<li>Lesen Sie immer zuerst das mitgelieferte Handbuch<\/li>\n<\/ul>\n","protected":false},"excerpt":{"rendered":"<p>Golden Teacher Mushroom Brood ist perfekt f\u00fcr den fortgeschrittenen Z\u00fcchter, der gerne seinen eigenen Weg geht. Diese legend\u00e4re Sorte ist bekannt f\u00fcr ihr markantes Aussehen, ihren gro\u00dfz\u00fcgigen Ertrag und ihre starke Wirkung. Mit gen\u00fcgend Pflege und Hingabe k\u00f6nnen Sie Pilze z\u00fcchten, die bis zu 20 cm gro\u00df werden. Was ist eine Paddy-Brut? Paddy-Laich, auch bekannt [&hellip;]<\/p>\n","protected":false},"featured_media":48584,"comment_status":"closed","ping_status":"closed","template":"","meta":[],"product_brand":[],"product_cat":[409],"product_tag":[],"class_list":{"0":"post-48603","1":"product","2":"type-product","3":"status-publish","4":"has-post-thumbnail","6":"product_cat-spezielle-pilz-growkits","8":"first","9":"instock","10":"taxable","11":"shipping-taxable","12":"purchasable","13":"product-type-simple"},"yoast_head":"<!-- This site is optimized with the Yoast SEO Premium plugin v26.4 (Yoast SEO v27.2) - https:\/\/yoast.com\/product\/yoast-seo-premium-wordpress\/ -->\n<title>Goldener Lehrer Pilzbrut - Dutchmicrodosing<\/title>\n<meta name=\"description\" content=\"Golden Teacher Mushroom Brood ist ideal f\u00fcr fortgeschrittene Z\u00fcchter, die eine potente Sorte mit hohem Ertrag und auff\u00e4lligem Aussehen suchen....\" \/>\n<meta name=\"robots\" content=\"index, follow, max-snippet:-1, max-image-preview:large, max-video-preview:-1\" \/>\n<link rel=\"canonical\" href=\"https:\/\/dutchmicrodosing.com\/de\/zauberpilze-zuchtsets\/growkit-angebote\/golden-teacher-paddo-broed\/\" \/>\n<meta property=\"og:locale\" content=\"de_DE\" \/>\n<meta property=\"og:type\" content=\"article\" \/>\n<meta property=\"og:title\" content=\"Goldener Lehrer Pilzbrut\" \/>\n<meta property=\"og:description\" content=\"Golden Teacher Mushroom Brood ist perfekt f\u00fcr den fortgeschrittenen Z\u00fcchter, der gerne seinen eigenen Weg geht. Diese legend\u00e4re Sorte ist bekannt f\u00fcr ihr\" \/>\n<meta property=\"og:url\" content=\"https:\/\/dutchmicrodosing.com\/de\/zauberpilze-zuchtsets\/growkit-angebote\/golden-teacher-paddo-broed\/\" \/>\n<meta property=\"og:site_name\" content=\"Dutchmicrodosing\" \/>\n<meta property=\"article:publisher\" content=\"https:\/\/www.facebook.com\/Dutchmicrodosingxp\/\" \/>\n<meta property=\"article:modified_time\" content=\"2025-11-11T15:12:10+00:00\" \/>\n<meta property=\"og:image\" content=\"https:\/\/dutchmicrodosing.com\/wp-content\/uploads\/2025\/06\/4113-5107-1.jpg\" \/>\n\t<meta property=\"og:image:width\" content=\"300\" \/>\n\t<meta property=\"og:image:height\" content=\"300\" \/>\n\t<meta property=\"og:image:type\" content=\"image\/jpeg\" \/>\n<meta name=\"twitter:card\" content=\"summary_large_image\" \/>\n<script type=\"application\/ld+json\" class=\"yoast-schema-graph\">{\"@context\":\"https:\/\/schema.org\",\"@graph\":[{\"@type\":\"WebPage\",\"@id\":\"https:\/\/dutchmicrodosing.com\/de\/zauberpilze-zuchtsets\/growkit-angebote\/golden-teacher-paddo-broed\/\",\"url\":\"https:\/\/dutchmicrodosing.com\/de\/zauberpilze-zuchtsets\/growkit-angebote\/golden-teacher-paddo-broed\/\",\"name\":\"Goldener Lehrer Pilzbrut - Dutchmicrodosing\",\"isPartOf\":{\"@id\":\"https:\/\/dutchmicrodosing.com\/de\/#website\"},\"primaryImageOfPage\":{\"@id\":\"https:\/\/dutchmicrodosing.com\/de\/zauberpilze-zuchtsets\/growkit-angebote\/golden-teacher-paddo-broed\/#primaryimage\"},\"image\":{\"@id\":\"https:\/\/dutchmicrodosing.com\/de\/zauberpilze-zuchtsets\/growkit-angebote\/golden-teacher-paddo-broed\/#primaryimage\"},\"thumbnailUrl\":\"https:\/\/dutchmicrodosing.com\/wp-content\/uploads\/2025\/06\/4113-5107-1.jpg\",\"datePublished\":\"2025-06-13T07:20:25+00:00\",\"dateModified\":\"2025-11-11T15:12:10+00:00\",\"description\":\"Golden Teacher Mushroom Brood ist ideal f\u00fcr fortgeschrittene Z\u00fcchter, die eine potente Sorte mit hohem Ertrag und auff\u00e4lligem Aussehen suchen....\",\"breadcrumb\":{\"@id\":\"https:\/\/dutchmicrodosing.com\/de\/zauberpilze-zuchtsets\/growkit-angebote\/golden-teacher-paddo-broed\/#breadcrumb\"},\"inLanguage\":\"de\",\"potentialAction\":[{\"@type\":\"ReadAction\",\"target\":[\"https:\/\/dutchmicrodosing.com\/de\/zauberpilze-zuchtsets\/growkit-angebote\/golden-teacher-paddo-broed\/\"]}]},{\"@type\":\"ImageObject\",\"inLanguage\":\"de\",\"@id\":\"https:\/\/dutchmicrodosing.com\/de\/zauberpilze-zuchtsets\/growkit-angebote\/golden-teacher-paddo-broed\/#primaryimage\",\"url\":\"https:\/\/dutchmicrodosing.com\/wp-content\/uploads\/2025\/06\/4113-5107-1.jpg\",\"contentUrl\":\"https:\/\/dutchmicrodosing.com\/wp-content\/uploads\/2025\/06\/4113-5107-1.jpg\",\"width\":300,\"height\":300},{\"@type\":\"BreadcrumbList\",\"@id\":\"https:\/\/dutchmicrodosing.com\/de\/zauberpilze-zuchtsets\/growkit-angebote\/golden-teacher-paddo-broed\/#breadcrumb\",\"itemListElement\":[{\"@type\":\"ListItem\",\"position\":1,\"name\":\"Home\",\"item\":\"https:\/\/dutchmicrodosing.com\/de\/\"},{\"@type\":\"ListItem\",\"position\":2,\"name\":\"Shop\",\"item\":\"https:\/\/dutchmicrodosing.com\/de\/shop\/\"},{\"@type\":\"ListItem\",\"position\":3,\"name\":\"Goldener Lehrer Pilzbrut\"}]},{\"@type\":\"WebSite\",\"@id\":\"https:\/\/dutchmicrodosing.com\/de\/#website\",\"url\":\"https:\/\/dutchmicrodosing.com\/de\/\",\"name\":\"Dutchmicrodosing\",\"description\":\"\",\"publisher\":{\"@id\":\"https:\/\/dutchmicrodosing.com\/de\/#organization\"},\"potentialAction\":[{\"@type\":\"SearchAction\",\"target\":{\"@type\":\"EntryPoint\",\"urlTemplate\":\"https:\/\/dutchmicrodosing.com\/de\/?s={search_term_string}\"},\"query-input\":{\"@type\":\"PropertyValueSpecification\",\"valueRequired\":true,\"valueName\":\"search_term_string\"}}],\"inLanguage\":\"de\"},{\"@type\":\"Organization\",\"@id\":\"https:\/\/dutchmicrodosing.com\/de\/#organization\",\"name\":\"Dutchmicrodosing\",\"url\":\"https:\/\/dutchmicrodosing.com\/de\/\",\"logo\":{\"@type\":\"ImageObject\",\"inLanguage\":\"de\",\"@id\":\"https:\/\/dutchmicrodosing.com\/de\/#\/schema\/logo\/image\/\",\"url\":\"https:\/\/dutchmicrodosing.com\/wp-content\/uploads\/2021\/01\/microdosing-categorie-pic-nieuw.jpg\",\"contentUrl\":\"https:\/\/dutchmicrodosing.com\/wp-content\/uploads\/2021\/01\/microdosing-categorie-pic-nieuw.jpg\",\"width\":500,\"height\":500,\"caption\":\"Dutchmicrodosing\"},\"image\":{\"@id\":\"https:\/\/dutchmicrodosing.com\/de\/#\/schema\/logo\/image\/\"},\"sameAs\":[\"https:\/\/www.facebook.com\/Dutchmicrodosingxp\/\",\"https:\/\/www.instagram.com\/dutchmicrodosing\/\"]}]}<\/script>\n<meta property=\"product:price:amount\" content=\"24.95\" \/>\n<meta property=\"product:price:currency\" content=\"EUR\" \/>\n<meta property=\"og:availability\" content=\"instock\" \/>\n<meta property=\"product:availability\" content=\"instock\" \/>\n<meta property=\"product:retailer_item_id\" content=\"5205652\" \/>\n<meta property=\"product:condition\" content=\"new\" \/>\n<!-- \/ Yoast SEO Premium plugin. -->","yoast_head_json":{"title":"Goldener Lehrer Pilzbrut - Dutchmicrodosing","description":"Golden Teacher Mushroom Brood ist ideal f\u00fcr fortgeschrittene Z\u00fcchter, die eine potente Sorte mit hohem Ertrag und auff\u00e4lligem Aussehen suchen....","robots":{"index":"index","follow":"follow","max-snippet":"max-snippet:-1","max-image-preview":"max-image-preview:large","max-video-preview":"max-video-preview:-1"},"canonical":"https:\/\/dutchmicrodosing.com\/de\/zauberpilze-zuchtsets\/growkit-angebote\/golden-teacher-paddo-broed\/","og_locale":"de_DE","og_type":"article","og_title":"Goldener Lehrer Pilzbrut","og_description":"Golden Teacher Mushroom Brood ist perfekt f\u00fcr den fortgeschrittenen Z\u00fcchter, der gerne seinen eigenen Weg geht. Diese legend\u00e4re Sorte ist bekannt f\u00fcr ihr","og_url":"https:\/\/dutchmicrodosing.com\/de\/zauberpilze-zuchtsets\/growkit-angebote\/golden-teacher-paddo-broed\/","og_site_name":"Dutchmicrodosing","article_publisher":"https:\/\/www.facebook.com\/Dutchmicrodosingxp\/","article_modified_time":"2025-11-11T15:12:10+00:00","og_image":[{"width":300,"height":300,"url":"https:\/\/dutchmicrodosing.com\/wp-content\/uploads\/2025\/06\/4113-5107-1.jpg","type":"image\/jpeg"}],"twitter_card":"summary_large_image","schema":{"@context":"https:\/\/schema.org","@graph":[{"@type":"WebPage","@id":"https:\/\/dutchmicrodosing.com\/de\/zauberpilze-zuchtsets\/growkit-angebote\/golden-teacher-paddo-broed\/","url":"https:\/\/dutchmicrodosing.com\/de\/zauberpilze-zuchtsets\/growkit-angebote\/golden-teacher-paddo-broed\/","name":"Goldener Lehrer Pilzbrut - Dutchmicrodosing","isPartOf":{"@id":"https:\/\/dutchmicrodosing.com\/de\/#website"},"primaryImageOfPage":{"@id":"https:\/\/dutchmicrodosing.com\/de\/zauberpilze-zuchtsets\/growkit-angebote\/golden-teacher-paddo-broed\/#primaryimage"},"image":{"@id":"https:\/\/dutchmicrodosing.com\/de\/zauberpilze-zuchtsets\/growkit-angebote\/golden-teacher-paddo-broed\/#primaryimage"},"thumbnailUrl":"https:\/\/dutchmicrodosing.com\/wp-content\/uploads\/2025\/06\/4113-5107-1.jpg","datePublished":"2025-06-13T07:20:25+00:00","dateModified":"2025-11-11T15:12:10+00:00","description":"Golden Teacher Mushroom Brood ist ideal f\u00fcr fortgeschrittene Z\u00fcchter, die eine potente Sorte mit hohem Ertrag und auff\u00e4lligem Aussehen suchen....","breadcrumb":{"@id":"https:\/\/dutchmicrodosing.com\/de\/zauberpilze-zuchtsets\/growkit-angebote\/golden-teacher-paddo-broed\/#breadcrumb"},"inLanguage":"de","potentialAction":[{"@type":"ReadAction","target":["https:\/\/dutchmicrodosing.com\/de\/zauberpilze-zuchtsets\/growkit-angebote\/golden-teacher-paddo-broed\/"]}]},{"@type":"ImageObject","inLanguage":"de","@id":"https:\/\/dutchmicrodosing.com\/de\/zauberpilze-zuchtsets\/growkit-angebote\/golden-teacher-paddo-broed\/#primaryimage","url":"https:\/\/dutchmicrodosing.com\/wp-content\/uploads\/2025\/06\/4113-5107-1.jpg","contentUrl":"https:\/\/dutchmicrodosing.com\/wp-content\/uploads\/2025\/06\/4113-5107-1.jpg","width":300,"height":300},{"@type":"BreadcrumbList","@id":"https:\/\/dutchmicrodosing.com\/de\/zauberpilze-zuchtsets\/growkit-angebote\/golden-teacher-paddo-broed\/#breadcrumb","itemListElement":[{"@type":"ListItem","position":1,"name":"Home","item":"https:\/\/dutchmicrodosing.com\/de\/"},{"@type":"ListItem","position":2,"name":"Shop","item":"https:\/\/dutchmicrodosing.com\/de\/shop\/"},{"@type":"ListItem","position":3,"name":"Goldener Lehrer Pilzbrut"}]},{"@type":"WebSite","@id":"https:\/\/dutchmicrodosing.com\/de\/#website","url":"https:\/\/dutchmicrodosing.com\/de\/","name":"Dutchmicrodosing","description":"","publisher":{"@id":"https:\/\/dutchmicrodosing.com\/de\/#organization"},"potentialAction":[{"@type":"SearchAction","target":{"@type":"EntryPoint","urlTemplate":"https:\/\/dutchmicrodosing.com\/de\/?s={search_term_string}"},"query-input":{"@type":"PropertyValueSpecification","valueRequired":true,"valueName":"search_term_string"}}],"inLanguage":"de"},{"@type":"Organization","@id":"https:\/\/dutchmicrodosing.com\/de\/#organization","name":"Dutchmicrodosing","url":"https:\/\/dutchmicrodosing.com\/de\/","logo":{"@type":"ImageObject","inLanguage":"de","@id":"https:\/\/dutchmicrodosing.com\/de\/#\/schema\/logo\/image\/","url":"https:\/\/dutchmicrodosing.com\/wp-content\/uploads\/2021\/01\/microdosing-categorie-pic-nieuw.jpg","contentUrl":"https:\/\/dutchmicrodosing.com\/wp-content\/uploads\/2021\/01\/microdosing-categorie-pic-nieuw.jpg","width":500,"height":500,"caption":"Dutchmicrodosing"},"image":{"@id":"https:\/\/dutchmicrodosing.com\/de\/#\/schema\/logo\/image\/"},"sameAs":["https:\/\/www.facebook.com\/Dutchmicrodosingxp\/","https:\/\/www.instagram.com\/dutchmicrodosing\/"]}]},"product_price_amount":"24.95","product_price_currency":"EUR","og_availability":"instock","product_availability":"instock","product_retailer_item_id":"5205652","product_condition":"new"},"_links":{"self":[{"href":"https:\/\/dutchmicrodosing.com\/de\/wp-json\/wp\/v2\/product\/48603","targetHints":{"allow":["GET"]}}],"collection":[{"href":"https:\/\/dutchmicrodosing.com\/de\/wp-json\/wp\/v2\/product"}],"about":[{"href":"https:\/\/dutchmicrodosing.com\/de\/wp-json\/wp\/v2\/types\/product"}],"replies":[{"embeddable":true,"href":"https:\/\/dutchmicrodosing.com\/de\/wp-json\/wp\/v2\/comments?post=48603"}],"version-history":[{"count":1,"href":"https:\/\/dutchmicrodosing.com\/de\/wp-json\/wp\/v2\/product\/48603\/revisions"}],"predecessor-version":[{"id":61630,"href":"https:\/\/dutchmicrodosing.com\/de\/wp-json\/wp\/v2\/product\/48603\/revisions\/61630"}],"wp:featuredmedia":[{"embeddable":true,"href":"https:\/\/dutchmicrodosing.com\/de\/wp-json\/wp\/v2\/media\/48584"}],"wp:attachment":[{"href":"https:\/\/dutchmicrodosing.com\/de\/wp-json\/wp\/v2\/media?parent=48603"}],"wp:term":[{"taxonomy":"product_brand","embeddable":true,"href":"https:\/\/dutchmicrodosing.com\/de\/wp-json\/wp\/v2\/product_brand?post=48603"},{"taxonomy":"product_cat","embeddable":true,"href":"https:\/\/dutchmicrodosing.com\/de\/wp-json\/wp\/v2\/product_cat?post=48603"},{"taxonomy":"product_tag","embeddable":true,"href":"https:\/\/dutchmicrodosing.com\/de\/wp-json\/wp\/v2\/product_tag?post=48603"}],"curies":[{"name":"wp","href":"https:\/\/api.w.org\/{rel}","templated":true}]}}