{"id":48973,"date":"2025-06-19T13:49:46","date_gmt":"2025-06-19T11:49:46","guid":{"rendered":"https:\/\/dutchmicrodosing.com\/shop\/unkategorisiert\/thai-kratom-green\/"},"modified":"2025-08-02T09:58:13","modified_gmt":"2025-08-02T07:58:13","slug":"thai-kratom-green","status":"publish","type":"product","link":"https:\/\/dutchmicrodosing.com\/de\/botanische-kraeuter\/kratom\/thai-kratom-green\/","title":{"rendered":"Thail\u00e4ndisch Gr\u00fcn"},"content":{"rendered":"<p><strong>Thai <\/strong><strong>Kratom<\/strong> <strong>Green <\/strong>ist eine gr\u00fcne Kratom-Sorte von h\u00f6chster Qualit\u00e4t, die von Kennern wegen ihrer ausgewogenen und milden Wirkung gesch\u00e4tzt wird. Diese Sorte stammt vom Mitragyna Speciosa-Baum und wird f\u00fcr ihre subtile Kombination aus Entspannung und Klarheit gesch\u00e4tzt.<\/p>\n<h3>Eigenschaften<\/h3>\n<ul>\n<li>Gr\u00fcne Kratomsorte mit mildem Stimulanzienprofil<\/li>\n<li>Wird oft f\u00fcr einen ruhigen und ausgeglichenen Geisteszustand verwendet<\/li>\n<li>Bekannt f\u00fcr seine subtile Euphorie und beruhigende Wirkung<\/li>\n<li>Geeignet f\u00fcr verschiedene Garmethoden<\/li>\n<\/ul>\n<h3>Zutaten und\/oder Zusammensetzung<\/h3>\n<p>100% gemahlene Bl\u00e4tter des Mitragyna Speciosa Baumes (Thai Green Vein)<\/p>\n<h3>Verwenden Sie .<\/h3>\n<p>Thai Green Kratom kann auf verschiedene Arten verwendet werden. Sie k\u00f6nnen es mit Wasser mischen, als Tee zubereiten oder in einen Smoothie einarbeiten. Wegen seines bitteren Geschmacks entscheiden sich viele Anwender daf\u00fcr, es schnell mit Wasser zu schlucken.<\/p>\n<p><strong>Dosierung bei Verwendung mit Wasser<\/strong><\/p>\n<ul>\n<li>2 Gramm: leicht<\/li>\n<li>4 Gramm: mild<\/li>\n<li>6 Gramm: stark<\/li>\n<li>8 Gramm: sehr stark<\/li>\n<\/ul>\n<p><strong>Dosierung bei der Teezubereitung<\/strong><\/p>\n<ul>\n<li>1 Gramm: leicht<\/li>\n<li>3 Gramm: m\u00e4\u00dfig<\/li>\n<li>5 Gramm: normal bis stark<\/li>\n<li>10 Gramm: stark<\/li>\n<li>15+ Gramm: sehr stark<\/li>\n<\/ul>\n<p>F\u00fcr Tee: Die gew\u00fcnschte Menge Kratom 10-15 Minuten lang sanft kochen. Dann durch ein Sieb in eine Tasse gie\u00dfen. Beginnen Sie immer mit einer niedrigen Dosis, vorzugsweise auf n\u00fcchternen Magen, um die Wirkung richtig einsch\u00e4tzen zu k\u00f6nnen.<\/p>\n<h3>Inhalt<\/h3>\n<p>Erh\u00e4ltlich in 25-Gramm- oder 100-Gramm-Packungen.<\/p>\n<h3>Haftungsausschluss<\/h3>\n<p><em>Der Inhalt dieses Textes dient nur zu Informationszwecken und ist kein Ersatz f\u00fcr eine professionelle Beratung. Dieses Produkt ist kein Arzneimittel und dient nicht zur Diagnose, Behandlung oder Heilung von Krankheiten. Bitte wenden Sie sich bei speziellen Fragen zur Verwendung dieses Produkts an einen Fachmann. Einige wissenschaftliche Studien \u00fcber die Wirkung dieses Produkts sind noch nicht abgeschlossen und nicht alle Behauptungen sind endg\u00fcltig best\u00e4tigt worden.<\/em><\/p>\n","protected":false},"excerpt":{"rendered":"<p>Thai Kratom Green ist eine gr\u00fcne Kratom-Sorte von h\u00f6chster Qualit\u00e4t, die von Kennern wegen ihrer ausgewogenen und milden Wirkung gesch\u00e4tzt wird. Diese Sorte stammt vom Mitragyna Speciosa-Baum und wird f\u00fcr ihre subtile Kombination aus Entspannung und Klarheit gesch\u00e4tzt. Eigenschaften Gr\u00fcne Kratomsorte mit mildem Stimulanzienprofil Wird oft f\u00fcr einen ruhigen und ausgeglichenen Geisteszustand verwendet Bekannt f\u00fcr [&hellip;]<\/p>\n","protected":false},"featured_media":48968,"comment_status":"closed","ping_status":"closed","template":"","meta":[],"product_brand":[],"product_cat":[414],"product_tag":[],"class_list":{"0":"post-48973","1":"product","2":"type-product","3":"status-publish","4":"has-post-thumbnail","6":"product_cat-kratom","8":"first","9":"instock","10":"taxable","11":"shipping-taxable","12":"purchasable","13":"product-type-variable"},"yoast_head":"<!-- This site is optimized with the Yoast SEO Premium plugin v26.4 (Yoast SEO v27.4) - https:\/\/yoast.com\/product\/yoast-seo-premium-wordpress\/ -->\n<title>Thail\u00e4ndisch Gr\u00fcn - Dutchmicrodosing<\/title>\n<meta name=\"description\" content=\"Thai Green Kratom - ausgewogene gr\u00fcne Kratom-Sorte mit milder, beruhigender Wirkung. F\u00fcr Gelassenheit und Konzentration. Erh\u00e4ltlich in 25 oder 100 Gramm.\" \/>\n<meta name=\"robots\" content=\"index, follow, max-snippet:-1, max-image-preview:large, max-video-preview:-1\" \/>\n<link rel=\"canonical\" href=\"https:\/\/dutchmicrodosing.com\/de\/botanische-kraeuter\/kratom\/thai-kratom-green\/\" \/>\n<meta property=\"og:locale\" content=\"de_DE\" \/>\n<meta property=\"og:type\" content=\"article\" \/>\n<meta property=\"og:title\" content=\"Thail\u00e4ndisch Gr\u00fcn\" \/>\n<meta property=\"og:description\" content=\"Thai Kratom Green ist eine gr\u00fcne Kratom-Sorte von h\u00f6chster Qualit\u00e4t, die von Kennern wegen ihrer ausgewogenen und milden Wirkung gesch\u00e4tzt wird. Diese\" \/>\n<meta property=\"og:url\" content=\"https:\/\/dutchmicrodosing.com\/de\/botanische-kraeuter\/kratom\/thai-kratom-green\/\" \/>\n<meta property=\"og:site_name\" content=\"Dutchmicrodosing\" \/>\n<meta property=\"article:publisher\" content=\"https:\/\/www.facebook.com\/Dutchmicrodosingxp\/\" \/>\n<meta property=\"article:modified_time\" content=\"2025-08-02T07:58:13+00:00\" \/>\n<meta property=\"og:image\" content=\"https:\/\/dutchmicrodosing.com\/wp-content\/uploads\/2025\/06\/2699-3608.jpg\" \/>\n\t<meta property=\"og:image:width\" content=\"300\" \/>\n\t<meta property=\"og:image:height\" content=\"300\" \/>\n\t<meta property=\"og:image:type\" content=\"image\/jpeg\" \/>\n<meta name=\"twitter:card\" content=\"summary_large_image\" \/>\n<script type=\"application\/ld+json\" class=\"yoast-schema-graph\">{\"@context\":\"https:\\\/\\\/schema.org\",\"@graph\":[{\"@type\":\"WebPage\",\"@id\":\"https:\\\/\\\/dutchmicrodosing.com\\\/de\\\/botanische-kraeuter\\\/kratom\\\/thai-kratom-green\\\/\",\"url\":\"https:\\\/\\\/dutchmicrodosing.com\\\/de\\\/botanische-kraeuter\\\/kratom\\\/thai-kratom-green\\\/\",\"name\":\"Thail\u00e4ndisch Gr\u00fcn - Dutchmicrodosing\",\"isPartOf\":{\"@id\":\"https:\\\/\\\/dutchmicrodosing.com\\\/de\\\/#website\"},\"primaryImageOfPage\":{\"@id\":\"https:\\\/\\\/dutchmicrodosing.com\\\/de\\\/botanische-kraeuter\\\/kratom\\\/thai-kratom-green\\\/#primaryimage\"},\"image\":{\"@id\":\"https:\\\/\\\/dutchmicrodosing.com\\\/de\\\/botanische-kraeuter\\\/kratom\\\/thai-kratom-green\\\/#primaryimage\"},\"thumbnailUrl\":\"https:\\\/\\\/dutchmicrodosing.com\\\/wp-content\\\/uploads\\\/2025\\\/06\\\/2699-3608.jpg\",\"datePublished\":\"2025-06-19T11:49:46+00:00\",\"dateModified\":\"2025-08-02T07:58:13+00:00\",\"description\":\"Thai Green Kratom - ausgewogene gr\u00fcne Kratom-Sorte mit milder, beruhigender Wirkung. F\u00fcr Gelassenheit und Konzentration. Erh\u00e4ltlich in 25 oder 100 Gramm.\",\"breadcrumb\":{\"@id\":\"https:\\\/\\\/dutchmicrodosing.com\\\/de\\\/botanische-kraeuter\\\/kratom\\\/thai-kratom-green\\\/#breadcrumb\"},\"inLanguage\":\"de\",\"potentialAction\":[{\"@type\":\"ReadAction\",\"target\":[\"https:\\\/\\\/dutchmicrodosing.com\\\/de\\\/botanische-kraeuter\\\/kratom\\\/thai-kratom-green\\\/\"]}]},{\"@type\":\"ImageObject\",\"inLanguage\":\"de\",\"@id\":\"https:\\\/\\\/dutchmicrodosing.com\\\/de\\\/botanische-kraeuter\\\/kratom\\\/thai-kratom-green\\\/#primaryimage\",\"url\":\"https:\\\/\\\/dutchmicrodosing.com\\\/wp-content\\\/uploads\\\/2025\\\/06\\\/2699-3608.jpg\",\"contentUrl\":\"https:\\\/\\\/dutchmicrodosing.com\\\/wp-content\\\/uploads\\\/2025\\\/06\\\/2699-3608.jpg\",\"width\":300,\"height\":300},{\"@type\":\"BreadcrumbList\",\"@id\":\"https:\\\/\\\/dutchmicrodosing.com\\\/de\\\/botanische-kraeuter\\\/kratom\\\/thai-kratom-green\\\/#breadcrumb\",\"itemListElement\":[{\"@type\":\"ListItem\",\"position\":1,\"name\":\"Home\",\"item\":\"https:\\\/\\\/dutchmicrodosing.com\\\/de\\\/\"},{\"@type\":\"ListItem\",\"position\":2,\"name\":\"Shop\",\"item\":\"https:\\\/\\\/dutchmicrodosing.com\\\/de\\\/shop\\\/\"},{\"@type\":\"ListItem\",\"position\":3,\"name\":\"Thail\u00e4ndisch Gr\u00fcn\"}]},{\"@type\":\"WebSite\",\"@id\":\"https:\\\/\\\/dutchmicrodosing.com\\\/de\\\/#website\",\"url\":\"https:\\\/\\\/dutchmicrodosing.com\\\/de\\\/\",\"name\":\"Dutchmicrodosing\",\"description\":\"\",\"publisher\":{\"@id\":\"https:\\\/\\\/dutchmicrodosing.com\\\/de\\\/#organization\"},\"potentialAction\":[{\"@type\":\"SearchAction\",\"target\":{\"@type\":\"EntryPoint\",\"urlTemplate\":\"https:\\\/\\\/dutchmicrodosing.com\\\/de\\\/?s={search_term_string}\"},\"query-input\":{\"@type\":\"PropertyValueSpecification\",\"valueRequired\":true,\"valueName\":\"search_term_string\"}}],\"inLanguage\":\"de\"},{\"@type\":\"Organization\",\"@id\":\"https:\\\/\\\/dutchmicrodosing.com\\\/de\\\/#organization\",\"name\":\"Dutchmicrodosing\",\"url\":\"https:\\\/\\\/dutchmicrodosing.com\\\/de\\\/\",\"logo\":{\"@type\":\"ImageObject\",\"inLanguage\":\"de\",\"@id\":\"https:\\\/\\\/dutchmicrodosing.com\\\/de\\\/#\\\/schema\\\/logo\\\/image\\\/\",\"url\":\"https:\\\/\\\/dutchmicrodosing.com\\\/wp-content\\\/uploads\\\/2021\\\/01\\\/microdosing-categorie-pic-nieuw.jpg\",\"contentUrl\":\"https:\\\/\\\/dutchmicrodosing.com\\\/wp-content\\\/uploads\\\/2021\\\/01\\\/microdosing-categorie-pic-nieuw.jpg\",\"width\":500,\"height\":500,\"caption\":\"Dutchmicrodosing\"},\"image\":{\"@id\":\"https:\\\/\\\/dutchmicrodosing.com\\\/de\\\/#\\\/schema\\\/logo\\\/image\\\/\"},\"sameAs\":[\"https:\\\/\\\/www.facebook.com\\\/Dutchmicrodosingxp\\\/\",\"https:\\\/\\\/www.instagram.com\\\/dutchmicrodosing\\\/\"]}]}<\/script>\n<meta property=\"og:availability\" content=\"instock\" \/>\n<meta property=\"product:availability\" content=\"instock\" \/>\n<meta property=\"product:condition\" content=\"new\" \/>\n<!-- \/ Yoast SEO Premium plugin. -->","yoast_head_json":{"title":"Thail\u00e4ndisch Gr\u00fcn - Dutchmicrodosing","description":"Thai Green Kratom - ausgewogene gr\u00fcne Kratom-Sorte mit milder, beruhigender Wirkung. F\u00fcr Gelassenheit und Konzentration. Erh\u00e4ltlich in 25 oder 100 Gramm.","robots":{"index":"index","follow":"follow","max-snippet":"max-snippet:-1","max-image-preview":"max-image-preview:large","max-video-preview":"max-video-preview:-1"},"canonical":"https:\/\/dutchmicrodosing.com\/de\/botanische-kraeuter\/kratom\/thai-kratom-green\/","og_locale":"de_DE","og_type":"article","og_title":"Thail\u00e4ndisch Gr\u00fcn","og_description":"Thai Kratom Green ist eine gr\u00fcne Kratom-Sorte von h\u00f6chster Qualit\u00e4t, die von Kennern wegen ihrer ausgewogenen und milden Wirkung gesch\u00e4tzt wird. Diese","og_url":"https:\/\/dutchmicrodosing.com\/de\/botanische-kraeuter\/kratom\/thai-kratom-green\/","og_site_name":"Dutchmicrodosing","article_publisher":"https:\/\/www.facebook.com\/Dutchmicrodosingxp\/","article_modified_time":"2025-08-02T07:58:13+00:00","og_image":[{"width":300,"height":300,"url":"https:\/\/dutchmicrodosing.com\/wp-content\/uploads\/2025\/06\/2699-3608.jpg","type":"image\/jpeg"}],"twitter_card":"summary_large_image","schema":{"@context":"https:\/\/schema.org","@graph":[{"@type":"WebPage","@id":"https:\/\/dutchmicrodosing.com\/de\/botanische-kraeuter\/kratom\/thai-kratom-green\/","url":"https:\/\/dutchmicrodosing.com\/de\/botanische-kraeuter\/kratom\/thai-kratom-green\/","name":"Thail\u00e4ndisch Gr\u00fcn - Dutchmicrodosing","isPartOf":{"@id":"https:\/\/dutchmicrodosing.com\/de\/#website"},"primaryImageOfPage":{"@id":"https:\/\/dutchmicrodosing.com\/de\/botanische-kraeuter\/kratom\/thai-kratom-green\/#primaryimage"},"image":{"@id":"https:\/\/dutchmicrodosing.com\/de\/botanische-kraeuter\/kratom\/thai-kratom-green\/#primaryimage"},"thumbnailUrl":"https:\/\/dutchmicrodosing.com\/wp-content\/uploads\/2025\/06\/2699-3608.jpg","datePublished":"2025-06-19T11:49:46+00:00","dateModified":"2025-08-02T07:58:13+00:00","description":"Thai Green Kratom - ausgewogene gr\u00fcne Kratom-Sorte mit milder, beruhigender Wirkung. F\u00fcr Gelassenheit und Konzentration. Erh\u00e4ltlich in 25 oder 100 Gramm.","breadcrumb":{"@id":"https:\/\/dutchmicrodosing.com\/de\/botanische-kraeuter\/kratom\/thai-kratom-green\/#breadcrumb"},"inLanguage":"de","potentialAction":[{"@type":"ReadAction","target":["https:\/\/dutchmicrodosing.com\/de\/botanische-kraeuter\/kratom\/thai-kratom-green\/"]}]},{"@type":"ImageObject","inLanguage":"de","@id":"https:\/\/dutchmicrodosing.com\/de\/botanische-kraeuter\/kratom\/thai-kratom-green\/#primaryimage","url":"https:\/\/dutchmicrodosing.com\/wp-content\/uploads\/2025\/06\/2699-3608.jpg","contentUrl":"https:\/\/dutchmicrodosing.com\/wp-content\/uploads\/2025\/06\/2699-3608.jpg","width":300,"height":300},{"@type":"BreadcrumbList","@id":"https:\/\/dutchmicrodosing.com\/de\/botanische-kraeuter\/kratom\/thai-kratom-green\/#breadcrumb","itemListElement":[{"@type":"ListItem","position":1,"name":"Home","item":"https:\/\/dutchmicrodosing.com\/de\/"},{"@type":"ListItem","position":2,"name":"Shop","item":"https:\/\/dutchmicrodosing.com\/de\/shop\/"},{"@type":"ListItem","position":3,"name":"Thail\u00e4ndisch Gr\u00fcn"}]},{"@type":"WebSite","@id":"https:\/\/dutchmicrodosing.com\/de\/#website","url":"https:\/\/dutchmicrodosing.com\/de\/","name":"Dutchmicrodosing","description":"","publisher":{"@id":"https:\/\/dutchmicrodosing.com\/de\/#organization"},"potentialAction":[{"@type":"SearchAction","target":{"@type":"EntryPoint","urlTemplate":"https:\/\/dutchmicrodosing.com\/de\/?s={search_term_string}"},"query-input":{"@type":"PropertyValueSpecification","valueRequired":true,"valueName":"search_term_string"}}],"inLanguage":"de"},{"@type":"Organization","@id":"https:\/\/dutchmicrodosing.com\/de\/#organization","name":"Dutchmicrodosing","url":"https:\/\/dutchmicrodosing.com\/de\/","logo":{"@type":"ImageObject","inLanguage":"de","@id":"https:\/\/dutchmicrodosing.com\/de\/#\/schema\/logo\/image\/","url":"https:\/\/dutchmicrodosing.com\/wp-content\/uploads\/2021\/01\/microdosing-categorie-pic-nieuw.jpg","contentUrl":"https:\/\/dutchmicrodosing.com\/wp-content\/uploads\/2021\/01\/microdosing-categorie-pic-nieuw.jpg","width":500,"height":500,"caption":"Dutchmicrodosing"},"image":{"@id":"https:\/\/dutchmicrodosing.com\/de\/#\/schema\/logo\/image\/"},"sameAs":["https:\/\/www.facebook.com\/Dutchmicrodosingxp\/","https:\/\/www.instagram.com\/dutchmicrodosing\/"]}]},"og_availability":"instock","product_availability":"instock","product_condition":"new"},"_links":{"self":[{"href":"https:\/\/dutchmicrodosing.com\/de\/wp-json\/wp\/v2\/product\/48973","targetHints":{"allow":["GET"]}}],"collection":[{"href":"https:\/\/dutchmicrodosing.com\/de\/wp-json\/wp\/v2\/product"}],"about":[{"href":"https:\/\/dutchmicrodosing.com\/de\/wp-json\/wp\/v2\/types\/product"}],"replies":[{"embeddable":true,"href":"https:\/\/dutchmicrodosing.com\/de\/wp-json\/wp\/v2\/comments?post=48973"}],"version-history":[{"count":0,"href":"https:\/\/dutchmicrodosing.com\/de\/wp-json\/wp\/v2\/product\/48973\/revisions"}],"wp:featuredmedia":[{"embeddable":true,"href":"https:\/\/dutchmicrodosing.com\/de\/wp-json\/wp\/v2\/media\/48968"}],"wp:attachment":[{"href":"https:\/\/dutchmicrodosing.com\/de\/wp-json\/wp\/v2\/media?parent=48973"}],"wp:term":[{"taxonomy":"product_brand","embeddable":true,"href":"https:\/\/dutchmicrodosing.com\/de\/wp-json\/wp\/v2\/product_brand?post=48973"},{"taxonomy":"product_cat","embeddable":true,"href":"https:\/\/dutchmicrodosing.com\/de\/wp-json\/wp\/v2\/product_cat?post=48973"},{"taxonomy":"product_tag","embeddable":true,"href":"https:\/\/dutchmicrodosing.com\/de\/wp-json\/wp\/v2\/product_tag?post=48973"}],"curies":[{"name":"wp","href":"https:\/\/api.w.org\/{rel}","templated":true}]}}