{"id":48993,"date":"2025-06-20T13:00:10","date_gmt":"2025-06-20T11:00:10","guid":{"rendered":"https:\/\/dutchmicrodosing.com\/shop\/unkategorisiert\/thai-kratom-red\/"},"modified":"2025-08-02T09:56:51","modified_gmt":"2025-08-02T07:56:51","slug":"thai-kratom-red","status":"publish","type":"product","link":"https:\/\/dutchmicrodosing.com\/de\/botanische-kraeuter\/kratom\/thai-kratom-red\/","title":{"rendered":"Thail\u00e4ndisch Rot"},"content":{"rendered":"<p data-start=\"126\" data-end=\"613\"><strong data-start=\"126\" data-end=\"166\">Thai Red Kratom <\/strong>(Mitragyna speciosa) ist ein starkes, entspannendes Kraut, das seit Tausenden von Jahren f\u00fcr seine medizinischen und leicht psychedelischen Eigenschaften verwendet wird. Diese rote Thai-Sorte enth\u00e4lt bis zu 66% Mitragynin und mehr als 25 Alkaloide. Die Art hat ihren Namen von den markanten roten Stielen und Adern auf den Bl\u00e4ttern. Die rote Farbe bietet auch einen nat\u00fcrlichen Schutz gegen \u00e4u\u00dfere Einfl\u00fcsse, was diese Kratomsorte sehr geeignet f\u00fcr den Anbau macht.<\/p>\n<p data-start=\"615\" data-end=\"883\">Thai Red Kratom ist bekannt f\u00fcr seine positive, beruhigende und leicht euphorische Wirkung. W\u00e4hrend das wei\u00dfe Thai-Kratom vor allem anregend und stimmungsaufhellend wirkt und die gr\u00fcne Variante ein Gleichgewicht zwischen beiden bietet, konzentriert sich die rote Variante vor allem auf die Entspannung.<\/p>\n<h3>Inhaltsstoffe<\/h3>\n<p>Thai Red Kratom (Mitragyna Speciosa)<\/p>\n<h3>Auswirkungen<\/h3>\n<p>Stimmungsaufheller<br \/>\nStark entspannt<br \/>\nBeruhigend<br \/>\nLeicht euphorisch<\/p>\n<h3>Verwenden Sie .<\/h3>\n<p>Thai Kratom kann in Wasser aufgel\u00f6st werden, Sie k\u00f6nnen Tee daraus machen und Sie k\u00f6nnen es kauen oder rauchen. F\u00fcr beste Ergebnisse ist es ratsam, Kratom auf n\u00fcchternen Magen einzunehmen.<\/p>\n<p><strong>L\u00f6sen Sie es in Wasser auf<\/strong>:<\/p>\n<p>Kratom schmeckt leicht bitter und l\u00f6st sich nicht wirklich leicht in Wasser auf. Wenn Sie Kratom mit Wasser einnehmen m\u00f6chten, nehmen Sie am besten zuerst einen Schluck Wasser und behalten Sie es im Mund. Geben Sie die halbe Dosis auf einen L\u00f6ffel, nehmen Sie sie ein und sp\u00fclen Sie sie sofort mit einem weiteren Schluck Wasser weg.<\/p>\n<ul>\n<li>2 Gramm: leichte Wirkung<\/li>\n<li>4 Gramm: leichte Wirkung<\/li>\n<li>6 Gramm: starke Wirkung<\/li>\n<li>8 Gramm: sehr starke Wirkung<\/li>\n<\/ul>\n<p><strong>Tee aufbr\u00fchen:<\/strong><\/p>\n<p>Geben Sie die gew\u00fcnschte Menge Kratom in kochendes Wasser und kochen Sie es f\u00fcr 10-15 Minuten in der N\u00e4he des Siedepunkts. Setzen Sie ein Sieb auf eine Tasse und gie\u00dfen Sie den Kratom-Tee direkt aus der Pfanne hinein. Die R\u00fcckst\u00e4nde im Sieb k\u00f6nnen verworfen werden.<\/p>\n<ul>\n<li>1 Gramm: leichte Wirkung<\/li>\n<li>3 Gramm: m\u00e4\u00dfige Wirkung<\/li>\n<li>5 Gramm: normale bis starke Wirkung<\/li>\n<li>10 Gramm: starke Wirkung<\/li>\n<li>15+ Gramm: sehr starke Wirkung<\/li>\n<\/ul>\n<h3>Hinweise zur Lagerung<\/h3>\n<p>Bewahren Sie dieses Produkt an einem k\u00fchlen und dunklen Ort, z. B. in einem K\u00fcchenschrank, und au\u00dferhalb der Reichweite von Kindern auf.<\/p>\n<h3>Inhalt<\/h3>\n<p>Thai Red Kratom Mitragyna Speciosa &#8211; 25 oder 100 Gramm.<\/p>\n<h3>Warnung<\/h3>\n<p>Kratom kann gesundheitssch\u00e4dlich sein, wenn es mit bestimmten Drogen, Alkohol oder mit MAOIs kombiniert wird. Nehmen Sie irgendwelche Medikamente ein? Konsultieren Sie immer zuerst Ihren Arzt und lesen Sie die Packungsbeilage Ihres Medikaments, um gesundheitliche Risiken zu vermeiden. Verwenden Sie Kratom auch nicht, wenn Sie schwanger sind oder stillen. Nehmen Sie w\u00e4hrend der Benutzung nicht am Stra\u00dfenverkehr teil.<\/p>\n","protected":false},"excerpt":{"rendered":"<p>Thai Red Kratom (Mitragyna speciosa) ist ein starkes, entspannendes Kraut, das seit Tausenden von Jahren f\u00fcr seine medizinischen und leicht psychedelischen Eigenschaften verwendet wird. Diese rote Thai-Sorte enth\u00e4lt bis zu 66% Mitragynin und mehr als 25 Alkaloide. Die Art hat ihren Namen von den markanten roten Stielen und Adern auf den Bl\u00e4ttern. Die rote Farbe [&hellip;]<\/p>\n","protected":false},"featured_media":48987,"comment_status":"closed","ping_status":"closed","template":"","meta":[],"product_brand":[],"product_cat":[414],"product_tag":[],"class_list":{"0":"post-48993","1":"product","2":"type-product","3":"status-publish","4":"has-post-thumbnail","6":"product_cat-kratom","8":"first","9":"instock","10":"taxable","11":"shipping-taxable","12":"purchasable","13":"product-type-variable"},"yoast_head":"<!-- This site is optimized with the Yoast SEO Premium plugin v26.4 (Yoast SEO v27.4) - https:\/\/yoast.com\/product\/yoast-seo-premium-wordpress\/ -->\n<title>Thail\u00e4ndisch Rot - Dutchmicrodosing<\/title>\n<meta name=\"robots\" content=\"index, follow, max-snippet:-1, max-image-preview:large, max-video-preview:-1\" \/>\n<link rel=\"canonical\" href=\"https:\/\/dutchmicrodosing.com\/de\/botanische-kraeuter\/kratom\/thai-kratom-red\/\" \/>\n<meta property=\"og:locale\" content=\"de_DE\" \/>\n<meta property=\"og:type\" content=\"article\" \/>\n<meta property=\"og:title\" content=\"Thail\u00e4ndisch Rot\" \/>\n<meta property=\"og:description\" content=\"Thai Red Kratom (Mitragyna speciosa) ist ein starkes, entspannendes Kraut, das seit Tausenden von Jahren f\u00fcr seine medizinischen und leicht\" \/>\n<meta property=\"og:url\" content=\"https:\/\/dutchmicrodosing.com\/de\/botanische-kraeuter\/kratom\/thai-kratom-red\/\" \/>\n<meta property=\"og:site_name\" content=\"Dutchmicrodosing\" \/>\n<meta property=\"article:publisher\" content=\"https:\/\/www.facebook.com\/Dutchmicrodosingxp\/\" \/>\n<meta property=\"article:modified_time\" content=\"2025-08-02T07:56:51+00:00\" \/>\n<meta property=\"og:image\" content=\"https:\/\/dutchmicrodosing.com\/wp-content\/uploads\/2025\/06\/2701-3607.jpg\" \/>\n\t<meta property=\"og:image:width\" content=\"300\" \/>\n\t<meta property=\"og:image:height\" content=\"300\" \/>\n\t<meta property=\"og:image:type\" content=\"image\/jpeg\" \/>\n<meta name=\"twitter:card\" content=\"summary_large_image\" \/>\n<script type=\"application\/ld+json\" class=\"yoast-schema-graph\">{\"@context\":\"https:\\\/\\\/schema.org\",\"@graph\":[{\"@type\":\"WebPage\",\"@id\":\"https:\\\/\\\/dutchmicrodosing.com\\\/de\\\/botanische-kraeuter\\\/kratom\\\/thai-kratom-red\\\/\",\"url\":\"https:\\\/\\\/dutchmicrodosing.com\\\/de\\\/botanische-kraeuter\\\/kratom\\\/thai-kratom-red\\\/\",\"name\":\"Thail\u00e4ndisch Rot - Dutchmicrodosing\",\"isPartOf\":{\"@id\":\"https:\\\/\\\/dutchmicrodosing.com\\\/de\\\/#website\"},\"primaryImageOfPage\":{\"@id\":\"https:\\\/\\\/dutchmicrodosing.com\\\/de\\\/botanische-kraeuter\\\/kratom\\\/thai-kratom-red\\\/#primaryimage\"},\"image\":{\"@id\":\"https:\\\/\\\/dutchmicrodosing.com\\\/de\\\/botanische-kraeuter\\\/kratom\\\/thai-kratom-red\\\/#primaryimage\"},\"thumbnailUrl\":\"https:\\\/\\\/dutchmicrodosing.com\\\/wp-content\\\/uploads\\\/2025\\\/06\\\/2701-3607.jpg\",\"datePublished\":\"2025-06-20T11:00:10+00:00\",\"dateModified\":\"2025-08-02T07:56:51+00:00\",\"breadcrumb\":{\"@id\":\"https:\\\/\\\/dutchmicrodosing.com\\\/de\\\/botanische-kraeuter\\\/kratom\\\/thai-kratom-red\\\/#breadcrumb\"},\"inLanguage\":\"de\",\"potentialAction\":[{\"@type\":\"ReadAction\",\"target\":[\"https:\\\/\\\/dutchmicrodosing.com\\\/de\\\/botanische-kraeuter\\\/kratom\\\/thai-kratom-red\\\/\"]}]},{\"@type\":\"ImageObject\",\"inLanguage\":\"de\",\"@id\":\"https:\\\/\\\/dutchmicrodosing.com\\\/de\\\/botanische-kraeuter\\\/kratom\\\/thai-kratom-red\\\/#primaryimage\",\"url\":\"https:\\\/\\\/dutchmicrodosing.com\\\/wp-content\\\/uploads\\\/2025\\\/06\\\/2701-3607.jpg\",\"contentUrl\":\"https:\\\/\\\/dutchmicrodosing.com\\\/wp-content\\\/uploads\\\/2025\\\/06\\\/2701-3607.jpg\",\"width\":300,\"height\":300},{\"@type\":\"BreadcrumbList\",\"@id\":\"https:\\\/\\\/dutchmicrodosing.com\\\/de\\\/botanische-kraeuter\\\/kratom\\\/thai-kratom-red\\\/#breadcrumb\",\"itemListElement\":[{\"@type\":\"ListItem\",\"position\":1,\"name\":\"Home\",\"item\":\"https:\\\/\\\/dutchmicrodosing.com\\\/de\\\/\"},{\"@type\":\"ListItem\",\"position\":2,\"name\":\"Shop\",\"item\":\"https:\\\/\\\/dutchmicrodosing.com\\\/de\\\/shop\\\/\"},{\"@type\":\"ListItem\",\"position\":3,\"name\":\"Thail\u00e4ndisch Rot\"}]},{\"@type\":\"WebSite\",\"@id\":\"https:\\\/\\\/dutchmicrodosing.com\\\/de\\\/#website\",\"url\":\"https:\\\/\\\/dutchmicrodosing.com\\\/de\\\/\",\"name\":\"Dutchmicrodosing\",\"description\":\"\",\"publisher\":{\"@id\":\"https:\\\/\\\/dutchmicrodosing.com\\\/de\\\/#organization\"},\"potentialAction\":[{\"@type\":\"SearchAction\",\"target\":{\"@type\":\"EntryPoint\",\"urlTemplate\":\"https:\\\/\\\/dutchmicrodosing.com\\\/de\\\/?s={search_term_string}\"},\"query-input\":{\"@type\":\"PropertyValueSpecification\",\"valueRequired\":true,\"valueName\":\"search_term_string\"}}],\"inLanguage\":\"de\"},{\"@type\":\"Organization\",\"@id\":\"https:\\\/\\\/dutchmicrodosing.com\\\/de\\\/#organization\",\"name\":\"Dutchmicrodosing\",\"url\":\"https:\\\/\\\/dutchmicrodosing.com\\\/de\\\/\",\"logo\":{\"@type\":\"ImageObject\",\"inLanguage\":\"de\",\"@id\":\"https:\\\/\\\/dutchmicrodosing.com\\\/de\\\/#\\\/schema\\\/logo\\\/image\\\/\",\"url\":\"https:\\\/\\\/dutchmicrodosing.com\\\/wp-content\\\/uploads\\\/2021\\\/01\\\/microdosing-categorie-pic-nieuw.jpg\",\"contentUrl\":\"https:\\\/\\\/dutchmicrodosing.com\\\/wp-content\\\/uploads\\\/2021\\\/01\\\/microdosing-categorie-pic-nieuw.jpg\",\"width\":500,\"height\":500,\"caption\":\"Dutchmicrodosing\"},\"image\":{\"@id\":\"https:\\\/\\\/dutchmicrodosing.com\\\/de\\\/#\\\/schema\\\/logo\\\/image\\\/\"},\"sameAs\":[\"https:\\\/\\\/www.facebook.com\\\/Dutchmicrodosingxp\\\/\",\"https:\\\/\\\/www.instagram.com\\\/dutchmicrodosing\\\/\"]}]}<\/script>\n<meta property=\"og:availability\" content=\"instock\" \/>\n<meta property=\"product:availability\" content=\"instock\" \/>\n<meta property=\"product:condition\" content=\"new\" \/>\n<!-- \/ Yoast SEO Premium plugin. -->","yoast_head_json":{"title":"Thail\u00e4ndisch Rot - Dutchmicrodosing","robots":{"index":"index","follow":"follow","max-snippet":"max-snippet:-1","max-image-preview":"max-image-preview:large","max-video-preview":"max-video-preview:-1"},"canonical":"https:\/\/dutchmicrodosing.com\/de\/botanische-kraeuter\/kratom\/thai-kratom-red\/","og_locale":"de_DE","og_type":"article","og_title":"Thail\u00e4ndisch Rot","og_description":"Thai Red Kratom (Mitragyna speciosa) ist ein starkes, entspannendes Kraut, das seit Tausenden von Jahren f\u00fcr seine medizinischen und leicht","og_url":"https:\/\/dutchmicrodosing.com\/de\/botanische-kraeuter\/kratom\/thai-kratom-red\/","og_site_name":"Dutchmicrodosing","article_publisher":"https:\/\/www.facebook.com\/Dutchmicrodosingxp\/","article_modified_time":"2025-08-02T07:56:51+00:00","og_image":[{"width":300,"height":300,"url":"https:\/\/dutchmicrodosing.com\/wp-content\/uploads\/2025\/06\/2701-3607.jpg","type":"image\/jpeg"}],"twitter_card":"summary_large_image","schema":{"@context":"https:\/\/schema.org","@graph":[{"@type":"WebPage","@id":"https:\/\/dutchmicrodosing.com\/de\/botanische-kraeuter\/kratom\/thai-kratom-red\/","url":"https:\/\/dutchmicrodosing.com\/de\/botanische-kraeuter\/kratom\/thai-kratom-red\/","name":"Thail\u00e4ndisch Rot - Dutchmicrodosing","isPartOf":{"@id":"https:\/\/dutchmicrodosing.com\/de\/#website"},"primaryImageOfPage":{"@id":"https:\/\/dutchmicrodosing.com\/de\/botanische-kraeuter\/kratom\/thai-kratom-red\/#primaryimage"},"image":{"@id":"https:\/\/dutchmicrodosing.com\/de\/botanische-kraeuter\/kratom\/thai-kratom-red\/#primaryimage"},"thumbnailUrl":"https:\/\/dutchmicrodosing.com\/wp-content\/uploads\/2025\/06\/2701-3607.jpg","datePublished":"2025-06-20T11:00:10+00:00","dateModified":"2025-08-02T07:56:51+00:00","breadcrumb":{"@id":"https:\/\/dutchmicrodosing.com\/de\/botanische-kraeuter\/kratom\/thai-kratom-red\/#breadcrumb"},"inLanguage":"de","potentialAction":[{"@type":"ReadAction","target":["https:\/\/dutchmicrodosing.com\/de\/botanische-kraeuter\/kratom\/thai-kratom-red\/"]}]},{"@type":"ImageObject","inLanguage":"de","@id":"https:\/\/dutchmicrodosing.com\/de\/botanische-kraeuter\/kratom\/thai-kratom-red\/#primaryimage","url":"https:\/\/dutchmicrodosing.com\/wp-content\/uploads\/2025\/06\/2701-3607.jpg","contentUrl":"https:\/\/dutchmicrodosing.com\/wp-content\/uploads\/2025\/06\/2701-3607.jpg","width":300,"height":300},{"@type":"BreadcrumbList","@id":"https:\/\/dutchmicrodosing.com\/de\/botanische-kraeuter\/kratom\/thai-kratom-red\/#breadcrumb","itemListElement":[{"@type":"ListItem","position":1,"name":"Home","item":"https:\/\/dutchmicrodosing.com\/de\/"},{"@type":"ListItem","position":2,"name":"Shop","item":"https:\/\/dutchmicrodosing.com\/de\/shop\/"},{"@type":"ListItem","position":3,"name":"Thail\u00e4ndisch Rot"}]},{"@type":"WebSite","@id":"https:\/\/dutchmicrodosing.com\/de\/#website","url":"https:\/\/dutchmicrodosing.com\/de\/","name":"Dutchmicrodosing","description":"","publisher":{"@id":"https:\/\/dutchmicrodosing.com\/de\/#organization"},"potentialAction":[{"@type":"SearchAction","target":{"@type":"EntryPoint","urlTemplate":"https:\/\/dutchmicrodosing.com\/de\/?s={search_term_string}"},"query-input":{"@type":"PropertyValueSpecification","valueRequired":true,"valueName":"search_term_string"}}],"inLanguage":"de"},{"@type":"Organization","@id":"https:\/\/dutchmicrodosing.com\/de\/#organization","name":"Dutchmicrodosing","url":"https:\/\/dutchmicrodosing.com\/de\/","logo":{"@type":"ImageObject","inLanguage":"de","@id":"https:\/\/dutchmicrodosing.com\/de\/#\/schema\/logo\/image\/","url":"https:\/\/dutchmicrodosing.com\/wp-content\/uploads\/2021\/01\/microdosing-categorie-pic-nieuw.jpg","contentUrl":"https:\/\/dutchmicrodosing.com\/wp-content\/uploads\/2021\/01\/microdosing-categorie-pic-nieuw.jpg","width":500,"height":500,"caption":"Dutchmicrodosing"},"image":{"@id":"https:\/\/dutchmicrodosing.com\/de\/#\/schema\/logo\/image\/"},"sameAs":["https:\/\/www.facebook.com\/Dutchmicrodosingxp\/","https:\/\/www.instagram.com\/dutchmicrodosing\/"]}]},"og_availability":"instock","product_availability":"instock","product_condition":"new"},"_links":{"self":[{"href":"https:\/\/dutchmicrodosing.com\/de\/wp-json\/wp\/v2\/product\/48993","targetHints":{"allow":["GET"]}}],"collection":[{"href":"https:\/\/dutchmicrodosing.com\/de\/wp-json\/wp\/v2\/product"}],"about":[{"href":"https:\/\/dutchmicrodosing.com\/de\/wp-json\/wp\/v2\/types\/product"}],"replies":[{"embeddable":true,"href":"https:\/\/dutchmicrodosing.com\/de\/wp-json\/wp\/v2\/comments?post=48993"}],"version-history":[{"count":0,"href":"https:\/\/dutchmicrodosing.com\/de\/wp-json\/wp\/v2\/product\/48993\/revisions"}],"wp:featuredmedia":[{"embeddable":true,"href":"https:\/\/dutchmicrodosing.com\/de\/wp-json\/wp\/v2\/media\/48987"}],"wp:attachment":[{"href":"https:\/\/dutchmicrodosing.com\/de\/wp-json\/wp\/v2\/media?parent=48993"}],"wp:term":[{"taxonomy":"product_brand","embeddable":true,"href":"https:\/\/dutchmicrodosing.com\/de\/wp-json\/wp\/v2\/product_brand?post=48993"},{"taxonomy":"product_cat","embeddable":true,"href":"https:\/\/dutchmicrodosing.com\/de\/wp-json\/wp\/v2\/product_cat?post=48993"},{"taxonomy":"product_tag","embeddable":true,"href":"https:\/\/dutchmicrodosing.com\/de\/wp-json\/wp\/v2\/product_tag?post=48993"}],"curies":[{"name":"wp","href":"https:\/\/api.w.org\/{rel}","templated":true}]}}