{"id":49006,"date":"2025-06-20T13:19:38","date_gmt":"2025-06-20T11:19:38","guid":{"rendered":"https:\/\/dutchmicrodosing.com\/shop\/unkategorisiert\/thai-kratom-white\/"},"modified":"2025-08-02T15:34:28","modified_gmt":"2025-08-02T13:34:28","slug":"thai-kratom-white","status":"publish","type":"product","link":"https:\/\/dutchmicrodosing.com\/de\/botanische-kraeuter\/kratom\/thai-kratom-white\/","title":{"rendered":"Thai-Wei\u00df"},"content":{"rendered":"<p><strong>Thai Kratom <\/strong><strong>White <\/strong>ist eine wei\u00dfe Kratomsorte aus Thailand und ist bekannt f\u00fcr seinen kraftvollen, stimulierenden Charakter. Mit ihren hellen Adern in den Bl\u00e4ttern und ihrer einzigartigen Alkaloidstruktur ist sie eine beliebte Sorte bei erfahrenen Konsumenten, die auf der Suche nach Konzentration und einem erhebenden Schub sind.<\/p>\n<h3>Eigenschaften<\/h3>\n<ul>\n<li>Wei\u00dfes Thai-Kratom mit einem energetischen Profil<\/li>\n<li>Wird h\u00e4ufig f\u00fcr eine klare Denkweise und Motivation verwendet<\/li>\n<li>Bekannt f\u00fcr seinen anregenden und leicht euphorischen Charakter<\/li>\n<li>Geeignet f\u00fcr verschiedene Arten der Zubereitung<\/li>\n<\/ul>\n<h3>Zutaten und\/oder Zusammensetzung<\/h3>\n<p>100% gemahlene Bl\u00e4tter des Mitragyna Speciosa Baumes (Thai White Vein)<\/p>\n<h3>Verwenden Sie .<\/h3>\n<p>Thai White Kratom kann auf verschiedene Arten zubereitet werden. Beliebte Methoden sind das Mischen mit Wasser, die Zubereitung von Tee oder das Einarbeiten in einen Smoothie. Der Geschmack ist bitter, daher entscheiden sich viele Menschen daf\u00fcr, es in einem Zug mit Wasser zu schlucken.<\/p>\n<p><strong>Dosierung bei Mischung mit Wasser<\/strong><\/p>\n<ul>\n<li>2 Gramm: leicht<\/li>\n<li>4 Gramm: mild<\/li>\n<li>6 Gramm: stark<\/li>\n<li>8 Gramm: sehr stark<\/li>\n<\/ul>\n<p><strong>Dosierung bei der Teezubereitung<\/strong><\/p>\n<ul>\n<li>1 Gramm: leicht<\/li>\n<li>3 Gramm: m\u00e4\u00dfig<\/li>\n<li>5 Gramm: normal<\/li>\n<li>10 Gramm: stark<\/li>\n<li>15+ Gramm: sehr stark<\/li>\n<\/ul>\n<p>F\u00fcr Tee: Die gew\u00fcnschte Menge Kratom 10-15 Minuten lang in Wasser kochen. Verwenden Sie beim Abgie\u00dfen ein Sieb.<\/p>\n<p>Beginnen Sie vorzugsweise mit einer niedrigen Dosis, insbesondere auf n\u00fcchternen Magen, um die Wirkung richtig zu erleben.<\/p>\n<h3>Inhalt<\/h3>\n<p>Erh\u00e4ltlich in 25-Gramm- oder 100-Gramm-Packungen.<\/p>\n<h3>Haftungsausschluss<\/h3>\n<p><em>Der Inhalt dieses Textes dient nur zu Informationszwecken und ist kein Ersatz f\u00fcr eine professionelle Beratung. Dieses Produkt ist kein Arzneimittel und dient nicht zur Diagnose, Behandlung oder Heilung von Krankheiten. Bitte wenden Sie sich bei speziellen Fragen zur Verwendung dieses Produkts an einen Fachmann. Einige wissenschaftliche Studien \u00fcber die Wirkung dieses Produkts sind noch nicht abgeschlossen und nicht alle Behauptungen sind endg\u00fcltig best\u00e4tigt worden.<\/em><\/p>\n","protected":false},"excerpt":{"rendered":"<p>Thai Kratom White ist eine wei\u00dfe Kratomsorte aus Thailand und ist bekannt f\u00fcr seinen kraftvollen, stimulierenden Charakter. Mit ihren hellen Adern in den Bl\u00e4ttern und ihrer einzigartigen Alkaloidstruktur ist sie eine beliebte Sorte bei erfahrenen Konsumenten, die auf der Suche nach Konzentration und einem erhebenden Schub sind. Eigenschaften Wei\u00dfes Thai-Kratom mit einem energetischen Profil Wird [&hellip;]<\/p>\n","protected":false},"featured_media":49000,"comment_status":"closed","ping_status":"closed","template":"","meta":[],"product_brand":[],"product_cat":[414],"product_tag":[],"class_list":{"0":"post-49006","1":"product","2":"type-product","3":"status-publish","4":"has-post-thumbnail","6":"product_cat-kratom","8":"first","9":"instock","10":"taxable","11":"shipping-taxable","12":"purchasable","13":"product-type-variable"},"yoast_head":"<!-- This site is optimized with the Yoast SEO Premium plugin v26.4 (Yoast SEO v27.2) - https:\/\/yoast.com\/product\/yoast-seo-premium-wordpress\/ -->\n<title>Thai-Wei\u00df - Dutchmicrodosing<\/title>\n<meta name=\"description\" content=\"Thai White Kratom, starkes wei\u00dfes Kratom aus Thailand mit einer hellen und anregenden Wirkung. F\u00fcr Konzentration und Energie. Erh\u00e4ltlich in 25 oder 100 Gramm.\" \/>\n<meta name=\"robots\" content=\"index, follow, max-snippet:-1, max-image-preview:large, max-video-preview:-1\" \/>\n<link rel=\"canonical\" href=\"https:\/\/dutchmicrodosing.com\/de\/botanische-kraeuter\/kratom\/thai-kratom-white\/\" \/>\n<meta property=\"og:locale\" content=\"de_DE\" \/>\n<meta property=\"og:type\" content=\"article\" \/>\n<meta property=\"og:title\" content=\"Thai-Wei\u00df\" \/>\n<meta property=\"og:description\" content=\"Thai Kratom White ist eine wei\u00dfe Kratomsorte aus Thailand und ist bekannt f\u00fcr seinen kraftvollen, stimulierenden Charakter. Mit ihren hellen Adern in den\" \/>\n<meta property=\"og:url\" content=\"https:\/\/dutchmicrodosing.com\/de\/botanische-kraeuter\/kratom\/thai-kratom-white\/\" \/>\n<meta property=\"og:site_name\" content=\"Dutchmicrodosing\" \/>\n<meta property=\"article:publisher\" content=\"https:\/\/www.facebook.com\/Dutchmicrodosingxp\/\" \/>\n<meta property=\"article:modified_time\" content=\"2025-08-02T13:34:28+00:00\" \/>\n<meta property=\"og:image\" content=\"https:\/\/dutchmicrodosing.com\/wp-content\/uploads\/2025\/06\/2703-3606.jpg\" \/>\n\t<meta property=\"og:image:width\" content=\"300\" \/>\n\t<meta property=\"og:image:height\" content=\"300\" \/>\n\t<meta property=\"og:image:type\" content=\"image\/jpeg\" \/>\n<meta name=\"twitter:card\" content=\"summary_large_image\" \/>\n<script type=\"application\/ld+json\" class=\"yoast-schema-graph\">{\"@context\":\"https:\/\/schema.org\",\"@graph\":[{\"@type\":\"WebPage\",\"@id\":\"https:\/\/dutchmicrodosing.com\/de\/botanische-kraeuter\/kratom\/thai-kratom-white\/\",\"url\":\"https:\/\/dutchmicrodosing.com\/de\/botanische-kraeuter\/kratom\/thai-kratom-white\/\",\"name\":\"Thai-Wei\u00df - Dutchmicrodosing\",\"isPartOf\":{\"@id\":\"https:\/\/dutchmicrodosing.com\/de\/#website\"},\"primaryImageOfPage\":{\"@id\":\"https:\/\/dutchmicrodosing.com\/de\/botanische-kraeuter\/kratom\/thai-kratom-white\/#primaryimage\"},\"image\":{\"@id\":\"https:\/\/dutchmicrodosing.com\/de\/botanische-kraeuter\/kratom\/thai-kratom-white\/#primaryimage\"},\"thumbnailUrl\":\"https:\/\/dutchmicrodosing.com\/wp-content\/uploads\/2025\/06\/2703-3606.jpg\",\"datePublished\":\"2025-06-20T11:19:38+00:00\",\"dateModified\":\"2025-08-02T13:34:28+00:00\",\"description\":\"Thai White Kratom, starkes wei\u00dfes Kratom aus Thailand mit einer hellen und anregenden Wirkung. F\u00fcr Konzentration und Energie. Erh\u00e4ltlich in 25 oder 100 Gramm.\",\"breadcrumb\":{\"@id\":\"https:\/\/dutchmicrodosing.com\/de\/botanische-kraeuter\/kratom\/thai-kratom-white\/#breadcrumb\"},\"inLanguage\":\"de\",\"potentialAction\":[{\"@type\":\"ReadAction\",\"target\":[\"https:\/\/dutchmicrodosing.com\/de\/botanische-kraeuter\/kratom\/thai-kratom-white\/\"]}]},{\"@type\":\"ImageObject\",\"inLanguage\":\"de\",\"@id\":\"https:\/\/dutchmicrodosing.com\/de\/botanische-kraeuter\/kratom\/thai-kratom-white\/#primaryimage\",\"url\":\"https:\/\/dutchmicrodosing.com\/wp-content\/uploads\/2025\/06\/2703-3606.jpg\",\"contentUrl\":\"https:\/\/dutchmicrodosing.com\/wp-content\/uploads\/2025\/06\/2703-3606.jpg\",\"width\":300,\"height\":300},{\"@type\":\"BreadcrumbList\",\"@id\":\"https:\/\/dutchmicrodosing.com\/de\/botanische-kraeuter\/kratom\/thai-kratom-white\/#breadcrumb\",\"itemListElement\":[{\"@type\":\"ListItem\",\"position\":1,\"name\":\"Home\",\"item\":\"https:\/\/dutchmicrodosing.com\/de\/\"},{\"@type\":\"ListItem\",\"position\":2,\"name\":\"Shop\",\"item\":\"https:\/\/dutchmicrodosing.com\/de\/shop\/\"},{\"@type\":\"ListItem\",\"position\":3,\"name\":\"Thai-Wei\u00df\"}]},{\"@type\":\"WebSite\",\"@id\":\"https:\/\/dutchmicrodosing.com\/de\/#website\",\"url\":\"https:\/\/dutchmicrodosing.com\/de\/\",\"name\":\"Dutchmicrodosing\",\"description\":\"\",\"publisher\":{\"@id\":\"https:\/\/dutchmicrodosing.com\/de\/#organization\"},\"potentialAction\":[{\"@type\":\"SearchAction\",\"target\":{\"@type\":\"EntryPoint\",\"urlTemplate\":\"https:\/\/dutchmicrodosing.com\/de\/?s={search_term_string}\"},\"query-input\":{\"@type\":\"PropertyValueSpecification\",\"valueRequired\":true,\"valueName\":\"search_term_string\"}}],\"inLanguage\":\"de\"},{\"@type\":\"Organization\",\"@id\":\"https:\/\/dutchmicrodosing.com\/de\/#organization\",\"name\":\"Dutchmicrodosing\",\"url\":\"https:\/\/dutchmicrodosing.com\/de\/\",\"logo\":{\"@type\":\"ImageObject\",\"inLanguage\":\"de\",\"@id\":\"https:\/\/dutchmicrodosing.com\/de\/#\/schema\/logo\/image\/\",\"url\":\"https:\/\/dutchmicrodosing.com\/wp-content\/uploads\/2021\/01\/microdosing-categorie-pic-nieuw.jpg\",\"contentUrl\":\"https:\/\/dutchmicrodosing.com\/wp-content\/uploads\/2021\/01\/microdosing-categorie-pic-nieuw.jpg\",\"width\":500,\"height\":500,\"caption\":\"Dutchmicrodosing\"},\"image\":{\"@id\":\"https:\/\/dutchmicrodosing.com\/de\/#\/schema\/logo\/image\/\"},\"sameAs\":[\"https:\/\/www.facebook.com\/Dutchmicrodosingxp\/\",\"https:\/\/www.instagram.com\/dutchmicrodosing\/\"]}]}<\/script>\n<meta property=\"og:availability\" content=\"instock\" \/>\n<meta property=\"product:availability\" content=\"instock\" \/>\n<meta property=\"product:condition\" content=\"new\" \/>\n<!-- \/ Yoast SEO Premium plugin. -->","yoast_head_json":{"title":"Thai-Wei\u00df - Dutchmicrodosing","description":"Thai White Kratom, starkes wei\u00dfes Kratom aus Thailand mit einer hellen und anregenden Wirkung. F\u00fcr Konzentration und Energie. Erh\u00e4ltlich in 25 oder 100 Gramm.","robots":{"index":"index","follow":"follow","max-snippet":"max-snippet:-1","max-image-preview":"max-image-preview:large","max-video-preview":"max-video-preview:-1"},"canonical":"https:\/\/dutchmicrodosing.com\/de\/botanische-kraeuter\/kratom\/thai-kratom-white\/","og_locale":"de_DE","og_type":"article","og_title":"Thai-Wei\u00df","og_description":"Thai Kratom White ist eine wei\u00dfe Kratomsorte aus Thailand und ist bekannt f\u00fcr seinen kraftvollen, stimulierenden Charakter. Mit ihren hellen Adern in den","og_url":"https:\/\/dutchmicrodosing.com\/de\/botanische-kraeuter\/kratom\/thai-kratom-white\/","og_site_name":"Dutchmicrodosing","article_publisher":"https:\/\/www.facebook.com\/Dutchmicrodosingxp\/","article_modified_time":"2025-08-02T13:34:28+00:00","og_image":[{"width":300,"height":300,"url":"https:\/\/dutchmicrodosing.com\/wp-content\/uploads\/2025\/06\/2703-3606.jpg","type":"image\/jpeg"}],"twitter_card":"summary_large_image","schema":{"@context":"https:\/\/schema.org","@graph":[{"@type":"WebPage","@id":"https:\/\/dutchmicrodosing.com\/de\/botanische-kraeuter\/kratom\/thai-kratom-white\/","url":"https:\/\/dutchmicrodosing.com\/de\/botanische-kraeuter\/kratom\/thai-kratom-white\/","name":"Thai-Wei\u00df - Dutchmicrodosing","isPartOf":{"@id":"https:\/\/dutchmicrodosing.com\/de\/#website"},"primaryImageOfPage":{"@id":"https:\/\/dutchmicrodosing.com\/de\/botanische-kraeuter\/kratom\/thai-kratom-white\/#primaryimage"},"image":{"@id":"https:\/\/dutchmicrodosing.com\/de\/botanische-kraeuter\/kratom\/thai-kratom-white\/#primaryimage"},"thumbnailUrl":"https:\/\/dutchmicrodosing.com\/wp-content\/uploads\/2025\/06\/2703-3606.jpg","datePublished":"2025-06-20T11:19:38+00:00","dateModified":"2025-08-02T13:34:28+00:00","description":"Thai White Kratom, starkes wei\u00dfes Kratom aus Thailand mit einer hellen und anregenden Wirkung. F\u00fcr Konzentration und Energie. Erh\u00e4ltlich in 25 oder 100 Gramm.","breadcrumb":{"@id":"https:\/\/dutchmicrodosing.com\/de\/botanische-kraeuter\/kratom\/thai-kratom-white\/#breadcrumb"},"inLanguage":"de","potentialAction":[{"@type":"ReadAction","target":["https:\/\/dutchmicrodosing.com\/de\/botanische-kraeuter\/kratom\/thai-kratom-white\/"]}]},{"@type":"ImageObject","inLanguage":"de","@id":"https:\/\/dutchmicrodosing.com\/de\/botanische-kraeuter\/kratom\/thai-kratom-white\/#primaryimage","url":"https:\/\/dutchmicrodosing.com\/wp-content\/uploads\/2025\/06\/2703-3606.jpg","contentUrl":"https:\/\/dutchmicrodosing.com\/wp-content\/uploads\/2025\/06\/2703-3606.jpg","width":300,"height":300},{"@type":"BreadcrumbList","@id":"https:\/\/dutchmicrodosing.com\/de\/botanische-kraeuter\/kratom\/thai-kratom-white\/#breadcrumb","itemListElement":[{"@type":"ListItem","position":1,"name":"Home","item":"https:\/\/dutchmicrodosing.com\/de\/"},{"@type":"ListItem","position":2,"name":"Shop","item":"https:\/\/dutchmicrodosing.com\/de\/shop\/"},{"@type":"ListItem","position":3,"name":"Thai-Wei\u00df"}]},{"@type":"WebSite","@id":"https:\/\/dutchmicrodosing.com\/de\/#website","url":"https:\/\/dutchmicrodosing.com\/de\/","name":"Dutchmicrodosing","description":"","publisher":{"@id":"https:\/\/dutchmicrodosing.com\/de\/#organization"},"potentialAction":[{"@type":"SearchAction","target":{"@type":"EntryPoint","urlTemplate":"https:\/\/dutchmicrodosing.com\/de\/?s={search_term_string}"},"query-input":{"@type":"PropertyValueSpecification","valueRequired":true,"valueName":"search_term_string"}}],"inLanguage":"de"},{"@type":"Organization","@id":"https:\/\/dutchmicrodosing.com\/de\/#organization","name":"Dutchmicrodosing","url":"https:\/\/dutchmicrodosing.com\/de\/","logo":{"@type":"ImageObject","inLanguage":"de","@id":"https:\/\/dutchmicrodosing.com\/de\/#\/schema\/logo\/image\/","url":"https:\/\/dutchmicrodosing.com\/wp-content\/uploads\/2021\/01\/microdosing-categorie-pic-nieuw.jpg","contentUrl":"https:\/\/dutchmicrodosing.com\/wp-content\/uploads\/2021\/01\/microdosing-categorie-pic-nieuw.jpg","width":500,"height":500,"caption":"Dutchmicrodosing"},"image":{"@id":"https:\/\/dutchmicrodosing.com\/de\/#\/schema\/logo\/image\/"},"sameAs":["https:\/\/www.facebook.com\/Dutchmicrodosingxp\/","https:\/\/www.instagram.com\/dutchmicrodosing\/"]}]},"og_availability":"instock","product_availability":"instock","product_condition":"new"},"_links":{"self":[{"href":"https:\/\/dutchmicrodosing.com\/de\/wp-json\/wp\/v2\/product\/49006","targetHints":{"allow":["GET"]}}],"collection":[{"href":"https:\/\/dutchmicrodosing.com\/de\/wp-json\/wp\/v2\/product"}],"about":[{"href":"https:\/\/dutchmicrodosing.com\/de\/wp-json\/wp\/v2\/types\/product"}],"replies":[{"embeddable":true,"href":"https:\/\/dutchmicrodosing.com\/de\/wp-json\/wp\/v2\/comments?post=49006"}],"version-history":[{"count":0,"href":"https:\/\/dutchmicrodosing.com\/de\/wp-json\/wp\/v2\/product\/49006\/revisions"}],"wp:featuredmedia":[{"embeddable":true,"href":"https:\/\/dutchmicrodosing.com\/de\/wp-json\/wp\/v2\/media\/49000"}],"wp:attachment":[{"href":"https:\/\/dutchmicrodosing.com\/de\/wp-json\/wp\/v2\/media?parent=49006"}],"wp:term":[{"taxonomy":"product_brand","embeddable":true,"href":"https:\/\/dutchmicrodosing.com\/de\/wp-json\/wp\/v2\/product_brand?post=49006"},{"taxonomy":"product_cat","embeddable":true,"href":"https:\/\/dutchmicrodosing.com\/de\/wp-json\/wp\/v2\/product_cat?post=49006"},{"taxonomy":"product_tag","embeddable":true,"href":"https:\/\/dutchmicrodosing.com\/de\/wp-json\/wp\/v2\/product_tag?post=49006"}],"curies":[{"name":"wp","href":"https:\/\/api.w.org\/{rel}","templated":true}]}}