{"id":49064,"date":"2025-06-23T09:30:00","date_gmt":"2025-06-23T07:30:00","guid":{"rendered":"https:\/\/dutchmicrodosing.com\/shop\/unkategorisiert\/bali-white-mitragyna-speciosa-25-gr\/"},"modified":"2025-07-31T13:01:46","modified_gmt":"2025-07-31T11:01:46","slug":"bali-white-mitragyna-speciosa-25-gr","status":"publish","type":"product","link":"https:\/\/dutchmicrodosing.com\/de\/botanische-kraeuter\/kratom\/bali-white-mitragyna-speciosa-25-gr\/","title":{"rendered":"Bali Wei\u00df"},"content":{"rendered":"<p><strong>Bali <\/strong><strong>White <\/strong>Kratom ist eine potente, hochwertige wei\u00dfe Kratom-Sorte von der tropischen Insel Bali. Bekannt f\u00fcr ihre aktivierende Wirkung, wird diese Sorte oft von Konsumenten gew\u00e4hlt, die einen positiven und hellen Geisteszustand suchen.<\/p>\n<h3>Eigenschaften<\/h3>\n<ul>\n<li>Wei\u00dfe Kratom-Sorte mit erhebender Wirkung<\/li>\n<li>Oft gew\u00e4hlt, um die Wahl zu unterst\u00fctzen<\/li>\n<li>Bekannt f\u00fcr seinen energiegeladenen und leicht euphorischen Charakter<\/li>\n<li>Ausgewogene Nutzung, geeignet f\u00fcr verschiedene Tageszeiten<\/li>\n<\/ul>\n<h3>Zutaten und\/oder Zusammensetzung<\/h3>\n<p>100% gemahlene Bl\u00e4tter des Mitragyna Speciosa Baumes (White Vein)<\/p>\n<h3>Verwenden Sie .<\/h3>\n<p>White Bali Kratom kann auf verschiedene Arten verwendet werden. Mischen Sie das Pulver mit hei\u00dfen Getr\u00e4nken wie Tee oder Kaffee oder f\u00fcgen Sie es einem Smoothie hinzu. F\u00fcr einen noch angenehmeren Geschmack k\u00f6nnen Sie etwas Honig hinzuf\u00fcgen. Die empfohlene Dosierung liegt zwischen 1 und 4 Gramm. Die Wirkung tritt in der Regel innerhalb von 30 bis 60 Minuten ein und h\u00e4lt mehrere Stunden lang an. Beginnen Sie mit einer niedrigen Dosis, um Ihre pers\u00f6nliche Reaktion zu entdecken.<\/p>\n<h3>Inhalt<\/h3>\n<p>Erh\u00e4ltlich in Packungen mit 25, 100 oder 1.000 Gramm.<\/p>\n<h3>Haftungsausschluss<\/h3>\n<p><em>Der Inhalt dieses Textes dient nur zu Informationszwecken und ist kein Ersatz f\u00fcr eine professionelle Beratung. Dieses Produkt ist kein Arzneimittel und dient nicht zur Diagnose, Behandlung oder Heilung von Krankheiten. Bitte wenden Sie sich bei speziellen Fragen zur Verwendung dieses Produkts an einen Fachmann. Einige wissenschaftliche Studien \u00fcber die Wirkung dieses Produkts sind noch nicht abgeschlossen und nicht alle Behauptungen sind endg\u00fcltig best\u00e4tigt worden.<\/em><\/p>\n","protected":false},"excerpt":{"rendered":"<p>Bali White Kratom ist eine potente, hochwertige wei\u00dfe Kratom-Sorte von der tropischen Insel Bali. Bekannt f\u00fcr ihre aktivierende Wirkung, wird diese Sorte oft von Konsumenten gew\u00e4hlt, die einen positiven und hellen Geisteszustand suchen. Eigenschaften Wei\u00dfe Kratom-Sorte mit erhebender Wirkung Oft gew\u00e4hlt, um die Wahl zu unterst\u00fctzen Bekannt f\u00fcr seinen energiegeladenen und leicht euphorischen Charakter Ausgewogene [&hellip;]<\/p>\n","protected":false},"featured_media":49078,"comment_status":"closed","ping_status":"closed","template":"","meta":[],"product_brand":[],"product_cat":[414],"product_tag":[],"class_list":{"0":"post-49064","1":"product","2":"type-product","3":"status-publish","4":"has-post-thumbnail","6":"product_cat-kratom","8":"first","9":"instock","10":"taxable","11":"shipping-taxable","12":"purchasable","13":"product-type-variable"},"yoast_head":"<!-- This site is optimized with the Yoast SEO Premium plugin v26.4 (Yoast SEO v27.2) - https:\/\/yoast.com\/product\/yoast-seo-premium-wordpress\/ -->\n<title>Bali Wei\u00df - Dutchmicrodosing<\/title>\n<meta name=\"description\" content=\"White Bali Kratom - potente wei\u00dfe Kratom-Sorte mit einer aktivierenden und erhebenden Wirkung. Ideal f\u00fcr alle, die nach Energie und Konzentration suchen.\" \/>\n<meta name=\"robots\" content=\"index, follow, max-snippet:-1, max-image-preview:large, max-video-preview:-1\" \/>\n<link rel=\"canonical\" href=\"https:\/\/dutchmicrodosing.com\/de\/botanische-kraeuter\/kratom\/bali-white-mitragyna-speciosa-25-gr\/\" \/>\n<meta property=\"og:locale\" content=\"de_DE\" \/>\n<meta property=\"og:type\" content=\"article\" \/>\n<meta property=\"og:title\" content=\"Bali Wei\u00df\" \/>\n<meta property=\"og:description\" content=\"Bali White Kratom ist eine potente, hochwertige wei\u00dfe Kratom-Sorte von der tropischen Insel Bali. Bekannt f\u00fcr ihre aktivierende Wirkung, wird diese Sorte\" \/>\n<meta property=\"og:url\" content=\"https:\/\/dutchmicrodosing.com\/de\/botanische-kraeuter\/kratom\/bali-white-mitragyna-speciosa-25-gr\/\" \/>\n<meta property=\"og:site_name\" content=\"Dutchmicrodosing\" \/>\n<meta property=\"article:publisher\" content=\"https:\/\/www.facebook.com\/Dutchmicrodosingxp\/\" \/>\n<meta property=\"article:modified_time\" content=\"2025-07-31T11:01:46+00:00\" \/>\n<meta property=\"og:image\" content=\"https:\/\/dutchmicrodosing.com\/wp-content\/uploads\/2025\/06\/3293-3598.jpg\" \/>\n\t<meta property=\"og:image:width\" content=\"300\" \/>\n\t<meta property=\"og:image:height\" content=\"300\" \/>\n\t<meta property=\"og:image:type\" content=\"image\/jpeg\" \/>\n<meta name=\"twitter:card\" content=\"summary_large_image\" \/>\n<script type=\"application\/ld+json\" class=\"yoast-schema-graph\">{\"@context\":\"https:\/\/schema.org\",\"@graph\":[{\"@type\":\"WebPage\",\"@id\":\"https:\/\/dutchmicrodosing.com\/de\/botanische-kraeuter\/kratom\/bali-white-mitragyna-speciosa-25-gr\/\",\"url\":\"https:\/\/dutchmicrodosing.com\/de\/botanische-kraeuter\/kratom\/bali-white-mitragyna-speciosa-25-gr\/\",\"name\":\"Bali Wei\u00df - Dutchmicrodosing\",\"isPartOf\":{\"@id\":\"https:\/\/dutchmicrodosing.com\/de\/#website\"},\"primaryImageOfPage\":{\"@id\":\"https:\/\/dutchmicrodosing.com\/de\/botanische-kraeuter\/kratom\/bali-white-mitragyna-speciosa-25-gr\/#primaryimage\"},\"image\":{\"@id\":\"https:\/\/dutchmicrodosing.com\/de\/botanische-kraeuter\/kratom\/bali-white-mitragyna-speciosa-25-gr\/#primaryimage\"},\"thumbnailUrl\":\"https:\/\/dutchmicrodosing.com\/wp-content\/uploads\/2025\/06\/3293-3598.jpg\",\"datePublished\":\"2025-06-23T07:30:00+00:00\",\"dateModified\":\"2025-07-31T11:01:46+00:00\",\"description\":\"White Bali Kratom - potente wei\u00dfe Kratom-Sorte mit einer aktivierenden und erhebenden Wirkung. Ideal f\u00fcr alle, die nach Energie und Konzentration suchen.\",\"breadcrumb\":{\"@id\":\"https:\/\/dutchmicrodosing.com\/de\/botanische-kraeuter\/kratom\/bali-white-mitragyna-speciosa-25-gr\/#breadcrumb\"},\"inLanguage\":\"de\",\"potentialAction\":[{\"@type\":\"ReadAction\",\"target\":[\"https:\/\/dutchmicrodosing.com\/de\/botanische-kraeuter\/kratom\/bali-white-mitragyna-speciosa-25-gr\/\"]}]},{\"@type\":\"ImageObject\",\"inLanguage\":\"de\",\"@id\":\"https:\/\/dutchmicrodosing.com\/de\/botanische-kraeuter\/kratom\/bali-white-mitragyna-speciosa-25-gr\/#primaryimage\",\"url\":\"https:\/\/dutchmicrodosing.com\/wp-content\/uploads\/2025\/06\/3293-3598.jpg\",\"contentUrl\":\"https:\/\/dutchmicrodosing.com\/wp-content\/uploads\/2025\/06\/3293-3598.jpg\",\"width\":300,\"height\":300},{\"@type\":\"BreadcrumbList\",\"@id\":\"https:\/\/dutchmicrodosing.com\/de\/botanische-kraeuter\/kratom\/bali-white-mitragyna-speciosa-25-gr\/#breadcrumb\",\"itemListElement\":[{\"@type\":\"ListItem\",\"position\":1,\"name\":\"Home\",\"item\":\"https:\/\/dutchmicrodosing.com\/de\/\"},{\"@type\":\"ListItem\",\"position\":2,\"name\":\"Shop\",\"item\":\"https:\/\/dutchmicrodosing.com\/de\/shop\/\"},{\"@type\":\"ListItem\",\"position\":3,\"name\":\"Bali Wei\u00df\"}]},{\"@type\":\"WebSite\",\"@id\":\"https:\/\/dutchmicrodosing.com\/de\/#website\",\"url\":\"https:\/\/dutchmicrodosing.com\/de\/\",\"name\":\"Dutchmicrodosing\",\"description\":\"\",\"publisher\":{\"@id\":\"https:\/\/dutchmicrodosing.com\/de\/#organization\"},\"potentialAction\":[{\"@type\":\"SearchAction\",\"target\":{\"@type\":\"EntryPoint\",\"urlTemplate\":\"https:\/\/dutchmicrodosing.com\/de\/?s={search_term_string}\"},\"query-input\":{\"@type\":\"PropertyValueSpecification\",\"valueRequired\":true,\"valueName\":\"search_term_string\"}}],\"inLanguage\":\"de\"},{\"@type\":\"Organization\",\"@id\":\"https:\/\/dutchmicrodosing.com\/de\/#organization\",\"name\":\"Dutchmicrodosing\",\"url\":\"https:\/\/dutchmicrodosing.com\/de\/\",\"logo\":{\"@type\":\"ImageObject\",\"inLanguage\":\"de\",\"@id\":\"https:\/\/dutchmicrodosing.com\/de\/#\/schema\/logo\/image\/\",\"url\":\"https:\/\/dutchmicrodosing.com\/wp-content\/uploads\/2021\/01\/microdosing-categorie-pic-nieuw.jpg\",\"contentUrl\":\"https:\/\/dutchmicrodosing.com\/wp-content\/uploads\/2021\/01\/microdosing-categorie-pic-nieuw.jpg\",\"width\":500,\"height\":500,\"caption\":\"Dutchmicrodosing\"},\"image\":{\"@id\":\"https:\/\/dutchmicrodosing.com\/de\/#\/schema\/logo\/image\/\"},\"sameAs\":[\"https:\/\/www.facebook.com\/Dutchmicrodosingxp\/\",\"https:\/\/www.instagram.com\/dutchmicrodosing\/\"]}]}<\/script>\n<meta property=\"og:availability\" content=\"instock\" \/>\n<meta property=\"product:availability\" content=\"instock\" \/>\n<meta property=\"product:condition\" content=\"new\" \/>\n<!-- \/ Yoast SEO Premium plugin. -->","yoast_head_json":{"title":"Bali Wei\u00df - Dutchmicrodosing","description":"White Bali Kratom - potente wei\u00dfe Kratom-Sorte mit einer aktivierenden und erhebenden Wirkung. Ideal f\u00fcr alle, die nach Energie und Konzentration suchen.","robots":{"index":"index","follow":"follow","max-snippet":"max-snippet:-1","max-image-preview":"max-image-preview:large","max-video-preview":"max-video-preview:-1"},"canonical":"https:\/\/dutchmicrodosing.com\/de\/botanische-kraeuter\/kratom\/bali-white-mitragyna-speciosa-25-gr\/","og_locale":"de_DE","og_type":"article","og_title":"Bali Wei\u00df","og_description":"Bali White Kratom ist eine potente, hochwertige wei\u00dfe Kratom-Sorte von der tropischen Insel Bali. Bekannt f\u00fcr ihre aktivierende Wirkung, wird diese Sorte","og_url":"https:\/\/dutchmicrodosing.com\/de\/botanische-kraeuter\/kratom\/bali-white-mitragyna-speciosa-25-gr\/","og_site_name":"Dutchmicrodosing","article_publisher":"https:\/\/www.facebook.com\/Dutchmicrodosingxp\/","article_modified_time":"2025-07-31T11:01:46+00:00","og_image":[{"width":300,"height":300,"url":"https:\/\/dutchmicrodosing.com\/wp-content\/uploads\/2025\/06\/3293-3598.jpg","type":"image\/jpeg"}],"twitter_card":"summary_large_image","schema":{"@context":"https:\/\/schema.org","@graph":[{"@type":"WebPage","@id":"https:\/\/dutchmicrodosing.com\/de\/botanische-kraeuter\/kratom\/bali-white-mitragyna-speciosa-25-gr\/","url":"https:\/\/dutchmicrodosing.com\/de\/botanische-kraeuter\/kratom\/bali-white-mitragyna-speciosa-25-gr\/","name":"Bali Wei\u00df - Dutchmicrodosing","isPartOf":{"@id":"https:\/\/dutchmicrodosing.com\/de\/#website"},"primaryImageOfPage":{"@id":"https:\/\/dutchmicrodosing.com\/de\/botanische-kraeuter\/kratom\/bali-white-mitragyna-speciosa-25-gr\/#primaryimage"},"image":{"@id":"https:\/\/dutchmicrodosing.com\/de\/botanische-kraeuter\/kratom\/bali-white-mitragyna-speciosa-25-gr\/#primaryimage"},"thumbnailUrl":"https:\/\/dutchmicrodosing.com\/wp-content\/uploads\/2025\/06\/3293-3598.jpg","datePublished":"2025-06-23T07:30:00+00:00","dateModified":"2025-07-31T11:01:46+00:00","description":"White Bali Kratom - potente wei\u00dfe Kratom-Sorte mit einer aktivierenden und erhebenden Wirkung. Ideal f\u00fcr alle, die nach Energie und Konzentration suchen.","breadcrumb":{"@id":"https:\/\/dutchmicrodosing.com\/de\/botanische-kraeuter\/kratom\/bali-white-mitragyna-speciosa-25-gr\/#breadcrumb"},"inLanguage":"de","potentialAction":[{"@type":"ReadAction","target":["https:\/\/dutchmicrodosing.com\/de\/botanische-kraeuter\/kratom\/bali-white-mitragyna-speciosa-25-gr\/"]}]},{"@type":"ImageObject","inLanguage":"de","@id":"https:\/\/dutchmicrodosing.com\/de\/botanische-kraeuter\/kratom\/bali-white-mitragyna-speciosa-25-gr\/#primaryimage","url":"https:\/\/dutchmicrodosing.com\/wp-content\/uploads\/2025\/06\/3293-3598.jpg","contentUrl":"https:\/\/dutchmicrodosing.com\/wp-content\/uploads\/2025\/06\/3293-3598.jpg","width":300,"height":300},{"@type":"BreadcrumbList","@id":"https:\/\/dutchmicrodosing.com\/de\/botanische-kraeuter\/kratom\/bali-white-mitragyna-speciosa-25-gr\/#breadcrumb","itemListElement":[{"@type":"ListItem","position":1,"name":"Home","item":"https:\/\/dutchmicrodosing.com\/de\/"},{"@type":"ListItem","position":2,"name":"Shop","item":"https:\/\/dutchmicrodosing.com\/de\/shop\/"},{"@type":"ListItem","position":3,"name":"Bali Wei\u00df"}]},{"@type":"WebSite","@id":"https:\/\/dutchmicrodosing.com\/de\/#website","url":"https:\/\/dutchmicrodosing.com\/de\/","name":"Dutchmicrodosing","description":"","publisher":{"@id":"https:\/\/dutchmicrodosing.com\/de\/#organization"},"potentialAction":[{"@type":"SearchAction","target":{"@type":"EntryPoint","urlTemplate":"https:\/\/dutchmicrodosing.com\/de\/?s={search_term_string}"},"query-input":{"@type":"PropertyValueSpecification","valueRequired":true,"valueName":"search_term_string"}}],"inLanguage":"de"},{"@type":"Organization","@id":"https:\/\/dutchmicrodosing.com\/de\/#organization","name":"Dutchmicrodosing","url":"https:\/\/dutchmicrodosing.com\/de\/","logo":{"@type":"ImageObject","inLanguage":"de","@id":"https:\/\/dutchmicrodosing.com\/de\/#\/schema\/logo\/image\/","url":"https:\/\/dutchmicrodosing.com\/wp-content\/uploads\/2021\/01\/microdosing-categorie-pic-nieuw.jpg","contentUrl":"https:\/\/dutchmicrodosing.com\/wp-content\/uploads\/2021\/01\/microdosing-categorie-pic-nieuw.jpg","width":500,"height":500,"caption":"Dutchmicrodosing"},"image":{"@id":"https:\/\/dutchmicrodosing.com\/de\/#\/schema\/logo\/image\/"},"sameAs":["https:\/\/www.facebook.com\/Dutchmicrodosingxp\/","https:\/\/www.instagram.com\/dutchmicrodosing\/"]}]},"og_availability":"instock","product_availability":"instock","product_condition":"new"},"_links":{"self":[{"href":"https:\/\/dutchmicrodosing.com\/de\/wp-json\/wp\/v2\/product\/49064","targetHints":{"allow":["GET"]}}],"collection":[{"href":"https:\/\/dutchmicrodosing.com\/de\/wp-json\/wp\/v2\/product"}],"about":[{"href":"https:\/\/dutchmicrodosing.com\/de\/wp-json\/wp\/v2\/types\/product"}],"replies":[{"embeddable":true,"href":"https:\/\/dutchmicrodosing.com\/de\/wp-json\/wp\/v2\/comments?post=49064"}],"version-history":[{"count":0,"href":"https:\/\/dutchmicrodosing.com\/de\/wp-json\/wp\/v2\/product\/49064\/revisions"}],"wp:featuredmedia":[{"embeddable":true,"href":"https:\/\/dutchmicrodosing.com\/de\/wp-json\/wp\/v2\/media\/49078"}],"wp:attachment":[{"href":"https:\/\/dutchmicrodosing.com\/de\/wp-json\/wp\/v2\/media?parent=49064"}],"wp:term":[{"taxonomy":"product_brand","embeddable":true,"href":"https:\/\/dutchmicrodosing.com\/de\/wp-json\/wp\/v2\/product_brand?post=49064"},{"taxonomy":"product_cat","embeddable":true,"href":"https:\/\/dutchmicrodosing.com\/de\/wp-json\/wp\/v2\/product_cat?post=49064"},{"taxonomy":"product_tag","embeddable":true,"href":"https:\/\/dutchmicrodosing.com\/de\/wp-json\/wp\/v2\/product_tag?post=49064"}],"curies":[{"name":"wp","href":"https:\/\/api.w.org\/{rel}","templated":true}]}}