{"id":52587,"date":"2025-08-04T09:27:11","date_gmt":"2025-08-04T07:27:11","guid":{"rendered":"https:\/\/dutchmicrodosing.com\/product\/kraid-kirsche-mitragynin-angereichert\/"},"modified":"2025-08-19T19:58:51","modified_gmt":"2025-08-19T17:58:51","slug":"kraid-kirsche-mitragynin-angereichert","status":"publish","type":"product","link":"https:\/\/dutchmicrodosing.com\/de\/botanische-kraeuter\/kratom\/kraid-kirsche-mitragynin-angereichert\/","title":{"rendered":"KRAID Kirsche &#8211; Mitragynin Angereichert"},"content":{"rendered":"<p><strong>KRAID Cherry &#8211; Mitragynine Enhanced<\/strong> bietet ein sanftes Kratomerlebnis mit dem vollen Geschmack der Kirsche und einer standardisierten Dosis von Mitragynin. Dank seiner bequemen wasserl\u00f6slichen Formel, kombinieren Sie Komfort mit Wirksamkeit, ohne die \u00fcbliche Bitterkeit des traditionellen Kratompulvers.<\/p>\n<h3>Eigenschaften<\/h3>\n<p>Diese optimierte Formel liefert 50 mg reines Mitragynin pro Portion, was der Kraft von etwa 4 bis 6 Gramm klassischem Kratompulver entspricht. Sein milder Kirschgeschmack macht ihn zu einer angenehmen Wahl f\u00fcr den regelm\u00e4\u00dfigen Gebrauch, egal ob Sie unterwegs sind, bei der Arbeit oder sich einen Moment Zeit f\u00fcr sich selbst nehmen.<\/p>\n<ul>\n<li>Enth\u00e4lt 50 mg Mitragynin pro Portionsbeutel<\/li>\n<li>Vollst\u00e4ndig wasserl\u00f6slich &#8211; keine Klumpen<\/li>\n<li>Reichhaltiges, nat\u00fcrliches Kirscharoma<\/li>\n<li>Unauff\u00e4llig und leicht zu tragen<\/li>\n<li>Sowohl f\u00fcr Anf\u00e4nger als auch f\u00fcr Fortgeschrittene<\/li>\n<\/ul>\n<h3>Zutaten und\/oder Zusammensetzung<\/h3>\n<p>Mitragynin-Extrakt (50 mg pro Beutel), nat\u00fcrliche Aromen mit Kirschgeschmack, S\u00fc\u00dfungsmittel, l\u00f6sende Hilfsstoffe.<\/p>\n<h3>Verwenden Sie<\/h3>\n<p>L\u00f6sen Sie den Inhalt eines Beutels in 0,5 Litern Wasser auf. Gut umr\u00fchren, bis es vollst\u00e4ndig aufgel\u00f6st ist. Ideal f\u00fcr den Einsatz zu jeder Tageszeit.<\/p>\n<h3>Inhalt<\/h3>\n<ul>\n<li>1 Beutel pro Packung<\/li>\n<li>Enth\u00e4lt 50 mg Mitragynin<\/li>\n<\/ul>\n<h3>Haftungsausschluss<\/h3>\n<p><em>Der Inhalt dieses Textes dient nur zu Informationszwecken und ist kein Ersatz f\u00fcr eine professionelle Beratung. Dieses Produkt ist kein Arzneimittel und dient nicht zur Diagnose, Behandlung oder Heilung von Krankheiten. Einige wissenschaftliche Studien \u00fcber die Wirkung dieses Produkts sind noch nicht abgeschlossen und nicht alle Behauptungen sind endg\u00fcltig best\u00e4tigt worden.<\/em><\/p>\n","protected":false},"excerpt":{"rendered":"<p>KRAID Cherry &#8211; Mitragynine Enhanced bietet ein sanftes Kratomerlebnis mit dem vollen Geschmack der Kirsche und einer standardisierten Dosis von Mitragynin. Dank seiner bequemen wasserl\u00f6slichen Formel, kombinieren Sie Komfort mit Wirksamkeit, ohne die \u00fcbliche Bitterkeit des traditionellen Kratompulvers. Eigenschaften Diese optimierte Formel liefert 50 mg reines Mitragynin pro Portion, was der Kraft von etwa 4 [&hellip;]<\/p>\n","protected":false},"featured_media":54999,"comment_status":"closed","ping_status":"closed","template":"","meta":[],"product_brand":[],"product_cat":[414],"product_tag":[],"class_list":{"0":"post-52587","1":"product","2":"type-product","3":"status-publish","4":"has-post-thumbnail","6":"product_cat-kratom","8":"first","9":"instock","10":"taxable","11":"shipping-taxable","12":"purchasable","13":"product-type-simple"},"yoast_head":"<!-- This site is optimized with the Yoast SEO Premium plugin v26.4 (Yoast SEO v27.4) - https:\/\/yoast.com\/product\/yoast-seo-premium-wordpress\/ -->\n<title>KRAID Kirsche - Mitragynin Angereichert - Dutchmicrodosing<\/title>\n<meta name=\"description\" content=\"Erleben Sie KRAID Cherry: eine potente, mit Mitragynin angereicherte Mischung mit vollem Kirschgeschmack. Wasserl\u00f6slich, diskret und einfach in der Anwendung.\" \/>\n<meta name=\"robots\" content=\"index, follow, max-snippet:-1, max-image-preview:large, max-video-preview:-1\" \/>\n<link rel=\"canonical\" href=\"https:\/\/dutchmicrodosing.com\/de\/botanische-kraeuter\/kratom\/kraid-kirsche-mitragynin-angereichert\/\" \/>\n<meta property=\"og:locale\" content=\"de_DE\" \/>\n<meta property=\"og:type\" content=\"article\" \/>\n<meta property=\"og:title\" content=\"KRAID Kirsche - Mitragynin Angereichert\" \/>\n<meta property=\"og:description\" content=\"KRAID Cherry - Mitragynine Enhanced bietet ein sanftes Kratomerlebnis mit dem vollen Geschmack der Kirsche und einer standardisierten Dosis von\" \/>\n<meta property=\"og:url\" content=\"https:\/\/dutchmicrodosing.com\/de\/botanische-kraeuter\/kratom\/kraid-kirsche-mitragynin-angereichert\/\" \/>\n<meta property=\"og:site_name\" content=\"Dutchmicrodosing\" \/>\n<meta property=\"article:publisher\" content=\"https:\/\/www.facebook.com\/Dutchmicrodosingxp\/\" \/>\n<meta property=\"article:modified_time\" content=\"2025-08-19T17:58:51+00:00\" \/>\n<meta property=\"og:image\" content=\"https:\/\/dutchmicrodosing.com\/wp-content\/uploads\/2025\/08\/KR_Stick_Sachet_Mockup_front_CP_MO-1.png\" \/>\n\t<meta property=\"og:image:width\" content=\"600\" \/>\n\t<meta property=\"og:image:height\" content=\"600\" \/>\n\t<meta property=\"og:image:type\" content=\"image\/png\" \/>\n<meta name=\"twitter:card\" content=\"summary_large_image\" \/>\n<script type=\"application\/ld+json\" class=\"yoast-schema-graph\">{\"@context\":\"https:\\\/\\\/schema.org\",\"@graph\":[{\"@type\":\"WebPage\",\"@id\":\"https:\\\/\\\/dutchmicrodosing.com\\\/de\\\/botanische-kraeuter\\\/kratom\\\/kraid-kirsche-mitragynin-angereichert\\\/\",\"url\":\"https:\\\/\\\/dutchmicrodosing.com\\\/de\\\/botanische-kraeuter\\\/kratom\\\/kraid-kirsche-mitragynin-angereichert\\\/\",\"name\":\"KRAID Kirsche - Mitragynin Angereichert - Dutchmicrodosing\",\"isPartOf\":{\"@id\":\"https:\\\/\\\/dutchmicrodosing.com\\\/de\\\/#website\"},\"primaryImageOfPage\":{\"@id\":\"https:\\\/\\\/dutchmicrodosing.com\\\/de\\\/botanische-kraeuter\\\/kratom\\\/kraid-kirsche-mitragynin-angereichert\\\/#primaryimage\"},\"image\":{\"@id\":\"https:\\\/\\\/dutchmicrodosing.com\\\/de\\\/botanische-kraeuter\\\/kratom\\\/kraid-kirsche-mitragynin-angereichert\\\/#primaryimage\"},\"thumbnailUrl\":\"https:\\\/\\\/dutchmicrodosing.com\\\/wp-content\\\/uploads\\\/2025\\\/08\\\/KR_Stick_Sachet_Mockup_front_CP_MO-1.png\",\"datePublished\":\"2025-08-04T07:27:11+00:00\",\"dateModified\":\"2025-08-19T17:58:51+00:00\",\"description\":\"Erleben Sie KRAID Cherry: eine potente, mit Mitragynin angereicherte Mischung mit vollem Kirschgeschmack. Wasserl\u00f6slich, diskret und einfach in der Anwendung.\",\"breadcrumb\":{\"@id\":\"https:\\\/\\\/dutchmicrodosing.com\\\/de\\\/botanische-kraeuter\\\/kratom\\\/kraid-kirsche-mitragynin-angereichert\\\/#breadcrumb\"},\"inLanguage\":\"de\",\"potentialAction\":[{\"@type\":\"ReadAction\",\"target\":[\"https:\\\/\\\/dutchmicrodosing.com\\\/de\\\/botanische-kraeuter\\\/kratom\\\/kraid-kirsche-mitragynin-angereichert\\\/\"]}]},{\"@type\":\"ImageObject\",\"inLanguage\":\"de\",\"@id\":\"https:\\\/\\\/dutchmicrodosing.com\\\/de\\\/botanische-kraeuter\\\/kratom\\\/kraid-kirsche-mitragynin-angereichert\\\/#primaryimage\",\"url\":\"https:\\\/\\\/dutchmicrodosing.com\\\/wp-content\\\/uploads\\\/2025\\\/08\\\/KR_Stick_Sachet_Mockup_front_CP_MO-1.png\",\"contentUrl\":\"https:\\\/\\\/dutchmicrodosing.com\\\/wp-content\\\/uploads\\\/2025\\\/08\\\/KR_Stick_Sachet_Mockup_front_CP_MO-1.png\",\"width\":600,\"height\":600},{\"@type\":\"BreadcrumbList\",\"@id\":\"https:\\\/\\\/dutchmicrodosing.com\\\/de\\\/botanische-kraeuter\\\/kratom\\\/kraid-kirsche-mitragynin-angereichert\\\/#breadcrumb\",\"itemListElement\":[{\"@type\":\"ListItem\",\"position\":1,\"name\":\"Home\",\"item\":\"https:\\\/\\\/dutchmicrodosing.com\\\/de\\\/\"},{\"@type\":\"ListItem\",\"position\":2,\"name\":\"Shop\",\"item\":\"https:\\\/\\\/dutchmicrodosing.com\\\/de\\\/shop\\\/\"},{\"@type\":\"ListItem\",\"position\":3,\"name\":\"KRAID Kirsche &#8211; Mitragynin Angereichert\"}]},{\"@type\":\"WebSite\",\"@id\":\"https:\\\/\\\/dutchmicrodosing.com\\\/de\\\/#website\",\"url\":\"https:\\\/\\\/dutchmicrodosing.com\\\/de\\\/\",\"name\":\"Dutchmicrodosing\",\"description\":\"\",\"publisher\":{\"@id\":\"https:\\\/\\\/dutchmicrodosing.com\\\/de\\\/#organization\"},\"potentialAction\":[{\"@type\":\"SearchAction\",\"target\":{\"@type\":\"EntryPoint\",\"urlTemplate\":\"https:\\\/\\\/dutchmicrodosing.com\\\/de\\\/?s={search_term_string}\"},\"query-input\":{\"@type\":\"PropertyValueSpecification\",\"valueRequired\":true,\"valueName\":\"search_term_string\"}}],\"inLanguage\":\"de\"},{\"@type\":\"Organization\",\"@id\":\"https:\\\/\\\/dutchmicrodosing.com\\\/de\\\/#organization\",\"name\":\"Dutchmicrodosing\",\"url\":\"https:\\\/\\\/dutchmicrodosing.com\\\/de\\\/\",\"logo\":{\"@type\":\"ImageObject\",\"inLanguage\":\"de\",\"@id\":\"https:\\\/\\\/dutchmicrodosing.com\\\/de\\\/#\\\/schema\\\/logo\\\/image\\\/\",\"url\":\"https:\\\/\\\/dutchmicrodosing.com\\\/wp-content\\\/uploads\\\/2021\\\/01\\\/microdosing-categorie-pic-nieuw.jpg\",\"contentUrl\":\"https:\\\/\\\/dutchmicrodosing.com\\\/wp-content\\\/uploads\\\/2021\\\/01\\\/microdosing-categorie-pic-nieuw.jpg\",\"width\":500,\"height\":500,\"caption\":\"Dutchmicrodosing\"},\"image\":{\"@id\":\"https:\\\/\\\/dutchmicrodosing.com\\\/de\\\/#\\\/schema\\\/logo\\\/image\\\/\"},\"sameAs\":[\"https:\\\/\\\/www.facebook.com\\\/Dutchmicrodosingxp\\\/\",\"https:\\\/\\\/www.instagram.com\\\/dutchmicrodosing\\\/\"]}]}<\/script>\n<meta property=\"product:price:amount\" content=\"5.95\" \/>\n<meta property=\"product:price:currency\" content=\"EUR\" \/>\n<meta property=\"og:availability\" content=\"instock\" \/>\n<meta property=\"product:availability\" content=\"instock\" \/>\n<meta property=\"product:retailer_item_id\" content=\"4212322\" \/>\n<meta property=\"product:condition\" content=\"new\" \/>\n<!-- \/ Yoast SEO Premium plugin. -->","yoast_head_json":{"title":"KRAID Kirsche - Mitragynin Angereichert - Dutchmicrodosing","description":"Erleben Sie KRAID Cherry: eine potente, mit Mitragynin angereicherte Mischung mit vollem Kirschgeschmack. Wasserl\u00f6slich, diskret und einfach in der Anwendung.","robots":{"index":"index","follow":"follow","max-snippet":"max-snippet:-1","max-image-preview":"max-image-preview:large","max-video-preview":"max-video-preview:-1"},"canonical":"https:\/\/dutchmicrodosing.com\/de\/botanische-kraeuter\/kratom\/kraid-kirsche-mitragynin-angereichert\/","og_locale":"de_DE","og_type":"article","og_title":"KRAID Kirsche - Mitragynin Angereichert","og_description":"KRAID Cherry - Mitragynine Enhanced bietet ein sanftes Kratomerlebnis mit dem vollen Geschmack der Kirsche und einer standardisierten Dosis von","og_url":"https:\/\/dutchmicrodosing.com\/de\/botanische-kraeuter\/kratom\/kraid-kirsche-mitragynin-angereichert\/","og_site_name":"Dutchmicrodosing","article_publisher":"https:\/\/www.facebook.com\/Dutchmicrodosingxp\/","article_modified_time":"2025-08-19T17:58:51+00:00","og_image":[{"width":600,"height":600,"url":"https:\/\/dutchmicrodosing.com\/wp-content\/uploads\/2025\/08\/KR_Stick_Sachet_Mockup_front_CP_MO-1.png","type":"image\/png"}],"twitter_card":"summary_large_image","schema":{"@context":"https:\/\/schema.org","@graph":[{"@type":"WebPage","@id":"https:\/\/dutchmicrodosing.com\/de\/botanische-kraeuter\/kratom\/kraid-kirsche-mitragynin-angereichert\/","url":"https:\/\/dutchmicrodosing.com\/de\/botanische-kraeuter\/kratom\/kraid-kirsche-mitragynin-angereichert\/","name":"KRAID Kirsche - Mitragynin Angereichert - Dutchmicrodosing","isPartOf":{"@id":"https:\/\/dutchmicrodosing.com\/de\/#website"},"primaryImageOfPage":{"@id":"https:\/\/dutchmicrodosing.com\/de\/botanische-kraeuter\/kratom\/kraid-kirsche-mitragynin-angereichert\/#primaryimage"},"image":{"@id":"https:\/\/dutchmicrodosing.com\/de\/botanische-kraeuter\/kratom\/kraid-kirsche-mitragynin-angereichert\/#primaryimage"},"thumbnailUrl":"https:\/\/dutchmicrodosing.com\/wp-content\/uploads\/2025\/08\/KR_Stick_Sachet_Mockup_front_CP_MO-1.png","datePublished":"2025-08-04T07:27:11+00:00","dateModified":"2025-08-19T17:58:51+00:00","description":"Erleben Sie KRAID Cherry: eine potente, mit Mitragynin angereicherte Mischung mit vollem Kirschgeschmack. Wasserl\u00f6slich, diskret und einfach in der Anwendung.","breadcrumb":{"@id":"https:\/\/dutchmicrodosing.com\/de\/botanische-kraeuter\/kratom\/kraid-kirsche-mitragynin-angereichert\/#breadcrumb"},"inLanguage":"de","potentialAction":[{"@type":"ReadAction","target":["https:\/\/dutchmicrodosing.com\/de\/botanische-kraeuter\/kratom\/kraid-kirsche-mitragynin-angereichert\/"]}]},{"@type":"ImageObject","inLanguage":"de","@id":"https:\/\/dutchmicrodosing.com\/de\/botanische-kraeuter\/kratom\/kraid-kirsche-mitragynin-angereichert\/#primaryimage","url":"https:\/\/dutchmicrodosing.com\/wp-content\/uploads\/2025\/08\/KR_Stick_Sachet_Mockup_front_CP_MO-1.png","contentUrl":"https:\/\/dutchmicrodosing.com\/wp-content\/uploads\/2025\/08\/KR_Stick_Sachet_Mockup_front_CP_MO-1.png","width":600,"height":600},{"@type":"BreadcrumbList","@id":"https:\/\/dutchmicrodosing.com\/de\/botanische-kraeuter\/kratom\/kraid-kirsche-mitragynin-angereichert\/#breadcrumb","itemListElement":[{"@type":"ListItem","position":1,"name":"Home","item":"https:\/\/dutchmicrodosing.com\/de\/"},{"@type":"ListItem","position":2,"name":"Shop","item":"https:\/\/dutchmicrodosing.com\/de\/shop\/"},{"@type":"ListItem","position":3,"name":"KRAID Kirsche &#8211; Mitragynin Angereichert"}]},{"@type":"WebSite","@id":"https:\/\/dutchmicrodosing.com\/de\/#website","url":"https:\/\/dutchmicrodosing.com\/de\/","name":"Dutchmicrodosing","description":"","publisher":{"@id":"https:\/\/dutchmicrodosing.com\/de\/#organization"},"potentialAction":[{"@type":"SearchAction","target":{"@type":"EntryPoint","urlTemplate":"https:\/\/dutchmicrodosing.com\/de\/?s={search_term_string}"},"query-input":{"@type":"PropertyValueSpecification","valueRequired":true,"valueName":"search_term_string"}}],"inLanguage":"de"},{"@type":"Organization","@id":"https:\/\/dutchmicrodosing.com\/de\/#organization","name":"Dutchmicrodosing","url":"https:\/\/dutchmicrodosing.com\/de\/","logo":{"@type":"ImageObject","inLanguage":"de","@id":"https:\/\/dutchmicrodosing.com\/de\/#\/schema\/logo\/image\/","url":"https:\/\/dutchmicrodosing.com\/wp-content\/uploads\/2021\/01\/microdosing-categorie-pic-nieuw.jpg","contentUrl":"https:\/\/dutchmicrodosing.com\/wp-content\/uploads\/2021\/01\/microdosing-categorie-pic-nieuw.jpg","width":500,"height":500,"caption":"Dutchmicrodosing"},"image":{"@id":"https:\/\/dutchmicrodosing.com\/de\/#\/schema\/logo\/image\/"},"sameAs":["https:\/\/www.facebook.com\/Dutchmicrodosingxp\/","https:\/\/www.instagram.com\/dutchmicrodosing\/"]}]},"product_price_amount":"5.95","product_price_currency":"EUR","og_availability":"instock","product_availability":"instock","product_retailer_item_id":"4212322","product_condition":"new"},"_links":{"self":[{"href":"https:\/\/dutchmicrodosing.com\/de\/wp-json\/wp\/v2\/product\/52587","targetHints":{"allow":["GET"]}}],"collection":[{"href":"https:\/\/dutchmicrodosing.com\/de\/wp-json\/wp\/v2\/product"}],"about":[{"href":"https:\/\/dutchmicrodosing.com\/de\/wp-json\/wp\/v2\/types\/product"}],"replies":[{"embeddable":true,"href":"https:\/\/dutchmicrodosing.com\/de\/wp-json\/wp\/v2\/comments?post=52587"}],"version-history":[{"count":0,"href":"https:\/\/dutchmicrodosing.com\/de\/wp-json\/wp\/v2\/product\/52587\/revisions"}],"wp:featuredmedia":[{"embeddable":true,"href":"https:\/\/dutchmicrodosing.com\/de\/wp-json\/wp\/v2\/media\/54999"}],"wp:attachment":[{"href":"https:\/\/dutchmicrodosing.com\/de\/wp-json\/wp\/v2\/media?parent=52587"}],"wp:term":[{"taxonomy":"product_brand","embeddable":true,"href":"https:\/\/dutchmicrodosing.com\/de\/wp-json\/wp\/v2\/product_brand?post=52587"},{"taxonomy":"product_cat","embeddable":true,"href":"https:\/\/dutchmicrodosing.com\/de\/wp-json\/wp\/v2\/product_cat?post=52587"},{"taxonomy":"product_tag","embeddable":true,"href":"https:\/\/dutchmicrodosing.com\/de\/wp-json\/wp\/v2\/product_tag?post=52587"}],"curies":[{"name":"wp","href":"https:\/\/api.w.org\/{rel}","templated":true}]}}