{"id":52599,"date":"2025-08-04T09:32:14","date_gmt":"2025-08-04T07:32:14","guid":{"rendered":"https:\/\/dutchmicrodosing.com\/product\/kraid-ice-trea-lemon-mit-mitragynin-angereichert\/"},"modified":"2025-08-19T14:06:51","modified_gmt":"2025-08-19T12:06:51","slug":"kraid-ice-trea-lemon-mit-mitragynin-angereichert","status":"publish","type":"product","link":"https:\/\/dutchmicrodosing.com\/de\/botanische-kraeuter\/kratom\/kraid-ice-trea-lemon-mit-mitragynin-angereichert\/","title":{"rendered":"KRAID Ice Trea Lemon &#8211; mit Mitragynin angereichert"},"content":{"rendered":"<p><strong>KRAID Ice Trea Lemon &#8211; Mitragynine Enhanced<\/strong> kombiniert einen erfrischenden Eistee-Zitronen-Geschmack mit einer zuverl\u00e4ssigen Dosis Mitragynin. Diese wasserl\u00f6sliche Mischung ist perfekt f\u00fcr alle, die Komfort, Effektivit\u00e4t und eine frische Note lieben. Ideal f\u00fcr Momente, in denen man ein wenig mehr Konzentration und Energie gebrauchen kann &#8211; ohne Bitterkeit oder Aufhebens.<\/p>\n<h3>Eigenschaften<\/h3>\n<p>Mit 50 mg Mitragynin pro Portion bietet dieser Extrakt eine konsistente Erfahrung, die auf den modernen Konsumenten zugeschnitten ist. Der frische Geschmack von Ice Tea Lemon macht ihn nicht nur schmackhaft, sondern auch f\u00fcr den t\u00e4glichen Verzehr geeignet.<\/p>\n<ul>\n<li>Enth\u00e4lt 50 mg Mitragynin pro Portionsbeutel<\/li>\n<li>Frisches und leicht s\u00fc\u00dfes Eistee-Zitronen-Aroma<\/li>\n<li>Wasserl\u00f6slich &#8211; keine Klumpen oder Bitterkeit<\/li>\n<li>Geeignet f\u00fcr unterwegs oder f\u00fcr einen Moment f\u00fcr sich selbst<\/li>\n<li>Leicht zu dosieren und schnell zuzubereiten<\/li>\n<\/ul>\n<h3>Zutaten und\/oder Zusammensetzung<\/h3>\n<p>Mitragynin (50 mg), nat\u00fcrliches Eistee-Zitrone-Aroma, S\u00fc\u00dfungsmittel, Hilfsstoffe f\u00fcr optimale L\u00f6slichkeit.<\/p>\n<h3>Verwenden Sie<\/h3>\n<p>L\u00f6sen Sie den Inhalt eines Beutels in 0,5 Litern Wasser auf. Gut sch\u00fctteln oder r\u00fchren, bis es sich vollst\u00e4ndig aufgel\u00f6st hat. Sie k\u00f6nnen es nach Belieben genie\u00dfen.<\/p>\n<h3>Inhalt<\/h3>\n<ul>\n<li>1 Beutel pro Packung<\/li>\n<li>Enth\u00e4lt 50 mg Mitragynin &#8211; vergleichbar mit 4-6 Gramm herk\u00f6mmlichem Kratom-Pulver<\/li>\n<\/ul>\n<h3>Haftungsausschluss<\/h3>\n<p><em>Der Inhalt dieses Textes dient nur zu Informationszwecken und ist kein Ersatz f\u00fcr eine professionelle Beratung. Dieses Produkt ist kein Arzneimittel und dient nicht zur Diagnose, Behandlung oder Heilung von Krankheiten. Einige wissenschaftliche Studien \u00fcber die Wirkung dieses Produkts sind noch nicht abgeschlossen und nicht alle Behauptungen sind endg\u00fcltig best\u00e4tigt worden.<\/em><\/p>\n","protected":false},"excerpt":{"rendered":"<p>KRAID Ice Trea Lemon &#8211; Mitragynine Enhanced kombiniert einen erfrischenden Eistee-Zitronen-Geschmack mit einer zuverl\u00e4ssigen Dosis Mitragynin. Diese wasserl\u00f6sliche Mischung ist perfekt f\u00fcr alle, die Komfort, Effektivit\u00e4t und eine frische Note lieben. Ideal f\u00fcr Momente, in denen man ein wenig mehr Konzentration und Energie gebrauchen kann &#8211; ohne Bitterkeit oder Aufhebens. Eigenschaften Mit 50 mg Mitragynin [&hellip;]<\/p>\n","protected":false},"featured_media":55005,"comment_status":"closed","ping_status":"closed","template":"","meta":[],"product_brand":[],"product_cat":[414],"product_tag":[],"class_list":{"0":"post-52599","1":"product","2":"type-product","3":"status-publish","4":"has-post-thumbnail","6":"product_cat-kratom","8":"first","9":"instock","10":"taxable","11":"shipping-taxable","12":"purchasable","13":"product-type-simple"},"yoast_head":"<!-- This site is optimized with the Yoast SEO Premium plugin v26.4 (Yoast SEO v27.4) - https:\/\/yoast.com\/product\/yoast-seo-premium-wordpress\/ -->\n<title>KRAID Ice Trea Lemon - mit Mitragynin angereichert - Dutchmicrodosing<\/title>\n<meta name=\"description\" content=\"Genie\u00dfen Sie KRAID Ice Trea Lemon: erfrischendes Zitronenaroma mit angereichertem Mitragynin f\u00fcr ein starkes, wasserl\u00f6sliches Kratomerlebnis.\" \/>\n<meta name=\"robots\" content=\"index, follow, max-snippet:-1, max-image-preview:large, max-video-preview:-1\" \/>\n<link rel=\"canonical\" href=\"https:\/\/dutchmicrodosing.com\/de\/botanische-kraeuter\/kratom\/kraid-ice-trea-lemon-mit-mitragynin-angereichert\/\" \/>\n<meta property=\"og:locale\" content=\"de_DE\" \/>\n<meta property=\"og:type\" content=\"article\" \/>\n<meta property=\"og:title\" content=\"KRAID Ice Trea Lemon - mit Mitragynin angereichert\" \/>\n<meta property=\"og:description\" content=\"KRAID Ice Trea Lemon - Mitragynine Enhanced kombiniert einen erfrischenden Eistee-Zitronen-Geschmack mit einer zuverl\u00e4ssigen Dosis Mitragynin. Diese\" \/>\n<meta property=\"og:url\" content=\"https:\/\/dutchmicrodosing.com\/de\/botanische-kraeuter\/kratom\/kraid-ice-trea-lemon-mit-mitragynin-angereichert\/\" \/>\n<meta property=\"og:site_name\" content=\"Dutchmicrodosing\" \/>\n<meta property=\"article:publisher\" content=\"https:\/\/www.facebook.com\/Dutchmicrodosingxp\/\" \/>\n<meta property=\"article:modified_time\" content=\"2025-08-19T12:06:51+00:00\" \/>\n<meta property=\"og:image\" content=\"https:\/\/dutchmicrodosing.com\/wp-content\/uploads\/2025\/08\/kraid-ice-trea-lemon-mite-1.jpg\" \/>\n\t<meta property=\"og:image:width\" content=\"600\" \/>\n\t<meta property=\"og:image:height\" content=\"600\" \/>\n\t<meta property=\"og:image:type\" content=\"image\/jpeg\" \/>\n<meta name=\"twitter:card\" content=\"summary_large_image\" \/>\n<script type=\"application\/ld+json\" class=\"yoast-schema-graph\">{\"@context\":\"https:\\\/\\\/schema.org\",\"@graph\":[{\"@type\":\"WebPage\",\"@id\":\"https:\\\/\\\/dutchmicrodosing.com\\\/de\\\/botanische-kraeuter\\\/kratom\\\/kraid-ice-trea-lemon-mit-mitragynin-angereichert\\\/\",\"url\":\"https:\\\/\\\/dutchmicrodosing.com\\\/de\\\/botanische-kraeuter\\\/kratom\\\/kraid-ice-trea-lemon-mit-mitragynin-angereichert\\\/\",\"name\":\"KRAID Ice Trea Lemon - mit Mitragynin angereichert - Dutchmicrodosing\",\"isPartOf\":{\"@id\":\"https:\\\/\\\/dutchmicrodosing.com\\\/de\\\/#website\"},\"primaryImageOfPage\":{\"@id\":\"https:\\\/\\\/dutchmicrodosing.com\\\/de\\\/botanische-kraeuter\\\/kratom\\\/kraid-ice-trea-lemon-mit-mitragynin-angereichert\\\/#primaryimage\"},\"image\":{\"@id\":\"https:\\\/\\\/dutchmicrodosing.com\\\/de\\\/botanische-kraeuter\\\/kratom\\\/kraid-ice-trea-lemon-mit-mitragynin-angereichert\\\/#primaryimage\"},\"thumbnailUrl\":\"https:\\\/\\\/dutchmicrodosing.com\\\/wp-content\\\/uploads\\\/2025\\\/08\\\/kraid-ice-trea-lemon-mite-1.jpg\",\"datePublished\":\"2025-08-04T07:32:14+00:00\",\"dateModified\":\"2025-08-19T12:06:51+00:00\",\"description\":\"Genie\u00dfen Sie KRAID Ice Trea Lemon: erfrischendes Zitronenaroma mit angereichertem Mitragynin f\u00fcr ein starkes, wasserl\u00f6sliches Kratomerlebnis.\",\"breadcrumb\":{\"@id\":\"https:\\\/\\\/dutchmicrodosing.com\\\/de\\\/botanische-kraeuter\\\/kratom\\\/kraid-ice-trea-lemon-mit-mitragynin-angereichert\\\/#breadcrumb\"},\"inLanguage\":\"de\",\"potentialAction\":[{\"@type\":\"ReadAction\",\"target\":[\"https:\\\/\\\/dutchmicrodosing.com\\\/de\\\/botanische-kraeuter\\\/kratom\\\/kraid-ice-trea-lemon-mit-mitragynin-angereichert\\\/\"]}]},{\"@type\":\"ImageObject\",\"inLanguage\":\"de\",\"@id\":\"https:\\\/\\\/dutchmicrodosing.com\\\/de\\\/botanische-kraeuter\\\/kratom\\\/kraid-ice-trea-lemon-mit-mitragynin-angereichert\\\/#primaryimage\",\"url\":\"https:\\\/\\\/dutchmicrodosing.com\\\/wp-content\\\/uploads\\\/2025\\\/08\\\/kraid-ice-trea-lemon-mite-1.jpg\",\"contentUrl\":\"https:\\\/\\\/dutchmicrodosing.com\\\/wp-content\\\/uploads\\\/2025\\\/08\\\/kraid-ice-trea-lemon-mite-1.jpg\",\"width\":600,\"height\":600},{\"@type\":\"BreadcrumbList\",\"@id\":\"https:\\\/\\\/dutchmicrodosing.com\\\/de\\\/botanische-kraeuter\\\/kratom\\\/kraid-ice-trea-lemon-mit-mitragynin-angereichert\\\/#breadcrumb\",\"itemListElement\":[{\"@type\":\"ListItem\",\"position\":1,\"name\":\"Home\",\"item\":\"https:\\\/\\\/dutchmicrodosing.com\\\/de\\\/\"},{\"@type\":\"ListItem\",\"position\":2,\"name\":\"Shop\",\"item\":\"https:\\\/\\\/dutchmicrodosing.com\\\/de\\\/shop\\\/\"},{\"@type\":\"ListItem\",\"position\":3,\"name\":\"KRAID Ice Trea Lemon &#8211; mit Mitragynin angereichert\"}]},{\"@type\":\"WebSite\",\"@id\":\"https:\\\/\\\/dutchmicrodosing.com\\\/de\\\/#website\",\"url\":\"https:\\\/\\\/dutchmicrodosing.com\\\/de\\\/\",\"name\":\"Dutchmicrodosing\",\"description\":\"\",\"publisher\":{\"@id\":\"https:\\\/\\\/dutchmicrodosing.com\\\/de\\\/#organization\"},\"potentialAction\":[{\"@type\":\"SearchAction\",\"target\":{\"@type\":\"EntryPoint\",\"urlTemplate\":\"https:\\\/\\\/dutchmicrodosing.com\\\/de\\\/?s={search_term_string}\"},\"query-input\":{\"@type\":\"PropertyValueSpecification\",\"valueRequired\":true,\"valueName\":\"search_term_string\"}}],\"inLanguage\":\"de\"},{\"@type\":\"Organization\",\"@id\":\"https:\\\/\\\/dutchmicrodosing.com\\\/de\\\/#organization\",\"name\":\"Dutchmicrodosing\",\"url\":\"https:\\\/\\\/dutchmicrodosing.com\\\/de\\\/\",\"logo\":{\"@type\":\"ImageObject\",\"inLanguage\":\"de\",\"@id\":\"https:\\\/\\\/dutchmicrodosing.com\\\/de\\\/#\\\/schema\\\/logo\\\/image\\\/\",\"url\":\"https:\\\/\\\/dutchmicrodosing.com\\\/wp-content\\\/uploads\\\/2021\\\/01\\\/microdosing-categorie-pic-nieuw.jpg\",\"contentUrl\":\"https:\\\/\\\/dutchmicrodosing.com\\\/wp-content\\\/uploads\\\/2021\\\/01\\\/microdosing-categorie-pic-nieuw.jpg\",\"width\":500,\"height\":500,\"caption\":\"Dutchmicrodosing\"},\"image\":{\"@id\":\"https:\\\/\\\/dutchmicrodosing.com\\\/de\\\/#\\\/schema\\\/logo\\\/image\\\/\"},\"sameAs\":[\"https:\\\/\\\/www.facebook.com\\\/Dutchmicrodosingxp\\\/\",\"https:\\\/\\\/www.instagram.com\\\/dutchmicrodosing\\\/\"]}]}<\/script>\n<meta property=\"product:price:amount\" content=\"5.95\" \/>\n<meta property=\"product:price:currency\" content=\"EUR\" \/>\n<meta property=\"og:availability\" content=\"instock\" \/>\n<meta property=\"product:availability\" content=\"instock\" \/>\n<meta property=\"product:retailer_item_id\" content=\"4212997\" \/>\n<meta property=\"product:condition\" content=\"new\" \/>\n<!-- \/ Yoast SEO Premium plugin. -->","yoast_head_json":{"title":"KRAID Ice Trea Lemon - mit Mitragynin angereichert - Dutchmicrodosing","description":"Genie\u00dfen Sie KRAID Ice Trea Lemon: erfrischendes Zitronenaroma mit angereichertem Mitragynin f\u00fcr ein starkes, wasserl\u00f6sliches Kratomerlebnis.","robots":{"index":"index","follow":"follow","max-snippet":"max-snippet:-1","max-image-preview":"max-image-preview:large","max-video-preview":"max-video-preview:-1"},"canonical":"https:\/\/dutchmicrodosing.com\/de\/botanische-kraeuter\/kratom\/kraid-ice-trea-lemon-mit-mitragynin-angereichert\/","og_locale":"de_DE","og_type":"article","og_title":"KRAID Ice Trea Lemon - mit Mitragynin angereichert","og_description":"KRAID Ice Trea Lemon - Mitragynine Enhanced kombiniert einen erfrischenden Eistee-Zitronen-Geschmack mit einer zuverl\u00e4ssigen Dosis Mitragynin. Diese","og_url":"https:\/\/dutchmicrodosing.com\/de\/botanische-kraeuter\/kratom\/kraid-ice-trea-lemon-mit-mitragynin-angereichert\/","og_site_name":"Dutchmicrodosing","article_publisher":"https:\/\/www.facebook.com\/Dutchmicrodosingxp\/","article_modified_time":"2025-08-19T12:06:51+00:00","og_image":[{"width":600,"height":600,"url":"https:\/\/dutchmicrodosing.com\/wp-content\/uploads\/2025\/08\/kraid-ice-trea-lemon-mite-1.jpg","type":"image\/jpeg"}],"twitter_card":"summary_large_image","schema":{"@context":"https:\/\/schema.org","@graph":[{"@type":"WebPage","@id":"https:\/\/dutchmicrodosing.com\/de\/botanische-kraeuter\/kratom\/kraid-ice-trea-lemon-mit-mitragynin-angereichert\/","url":"https:\/\/dutchmicrodosing.com\/de\/botanische-kraeuter\/kratom\/kraid-ice-trea-lemon-mit-mitragynin-angereichert\/","name":"KRAID Ice Trea Lemon - mit Mitragynin angereichert - Dutchmicrodosing","isPartOf":{"@id":"https:\/\/dutchmicrodosing.com\/de\/#website"},"primaryImageOfPage":{"@id":"https:\/\/dutchmicrodosing.com\/de\/botanische-kraeuter\/kratom\/kraid-ice-trea-lemon-mit-mitragynin-angereichert\/#primaryimage"},"image":{"@id":"https:\/\/dutchmicrodosing.com\/de\/botanische-kraeuter\/kratom\/kraid-ice-trea-lemon-mit-mitragynin-angereichert\/#primaryimage"},"thumbnailUrl":"https:\/\/dutchmicrodosing.com\/wp-content\/uploads\/2025\/08\/kraid-ice-trea-lemon-mite-1.jpg","datePublished":"2025-08-04T07:32:14+00:00","dateModified":"2025-08-19T12:06:51+00:00","description":"Genie\u00dfen Sie KRAID Ice Trea Lemon: erfrischendes Zitronenaroma mit angereichertem Mitragynin f\u00fcr ein starkes, wasserl\u00f6sliches Kratomerlebnis.","breadcrumb":{"@id":"https:\/\/dutchmicrodosing.com\/de\/botanische-kraeuter\/kratom\/kraid-ice-trea-lemon-mit-mitragynin-angereichert\/#breadcrumb"},"inLanguage":"de","potentialAction":[{"@type":"ReadAction","target":["https:\/\/dutchmicrodosing.com\/de\/botanische-kraeuter\/kratom\/kraid-ice-trea-lemon-mit-mitragynin-angereichert\/"]}]},{"@type":"ImageObject","inLanguage":"de","@id":"https:\/\/dutchmicrodosing.com\/de\/botanische-kraeuter\/kratom\/kraid-ice-trea-lemon-mit-mitragynin-angereichert\/#primaryimage","url":"https:\/\/dutchmicrodosing.com\/wp-content\/uploads\/2025\/08\/kraid-ice-trea-lemon-mite-1.jpg","contentUrl":"https:\/\/dutchmicrodosing.com\/wp-content\/uploads\/2025\/08\/kraid-ice-trea-lemon-mite-1.jpg","width":600,"height":600},{"@type":"BreadcrumbList","@id":"https:\/\/dutchmicrodosing.com\/de\/botanische-kraeuter\/kratom\/kraid-ice-trea-lemon-mit-mitragynin-angereichert\/#breadcrumb","itemListElement":[{"@type":"ListItem","position":1,"name":"Home","item":"https:\/\/dutchmicrodosing.com\/de\/"},{"@type":"ListItem","position":2,"name":"Shop","item":"https:\/\/dutchmicrodosing.com\/de\/shop\/"},{"@type":"ListItem","position":3,"name":"KRAID Ice Trea Lemon &#8211; mit Mitragynin angereichert"}]},{"@type":"WebSite","@id":"https:\/\/dutchmicrodosing.com\/de\/#website","url":"https:\/\/dutchmicrodosing.com\/de\/","name":"Dutchmicrodosing","description":"","publisher":{"@id":"https:\/\/dutchmicrodosing.com\/de\/#organization"},"potentialAction":[{"@type":"SearchAction","target":{"@type":"EntryPoint","urlTemplate":"https:\/\/dutchmicrodosing.com\/de\/?s={search_term_string}"},"query-input":{"@type":"PropertyValueSpecification","valueRequired":true,"valueName":"search_term_string"}}],"inLanguage":"de"},{"@type":"Organization","@id":"https:\/\/dutchmicrodosing.com\/de\/#organization","name":"Dutchmicrodosing","url":"https:\/\/dutchmicrodosing.com\/de\/","logo":{"@type":"ImageObject","inLanguage":"de","@id":"https:\/\/dutchmicrodosing.com\/de\/#\/schema\/logo\/image\/","url":"https:\/\/dutchmicrodosing.com\/wp-content\/uploads\/2021\/01\/microdosing-categorie-pic-nieuw.jpg","contentUrl":"https:\/\/dutchmicrodosing.com\/wp-content\/uploads\/2021\/01\/microdosing-categorie-pic-nieuw.jpg","width":500,"height":500,"caption":"Dutchmicrodosing"},"image":{"@id":"https:\/\/dutchmicrodosing.com\/de\/#\/schema\/logo\/image\/"},"sameAs":["https:\/\/www.facebook.com\/Dutchmicrodosingxp\/","https:\/\/www.instagram.com\/dutchmicrodosing\/"]}]},"product_price_amount":"5.95","product_price_currency":"EUR","og_availability":"instock","product_availability":"instock","product_retailer_item_id":"4212997","product_condition":"new"},"_links":{"self":[{"href":"https:\/\/dutchmicrodosing.com\/de\/wp-json\/wp\/v2\/product\/52599","targetHints":{"allow":["GET"]}}],"collection":[{"href":"https:\/\/dutchmicrodosing.com\/de\/wp-json\/wp\/v2\/product"}],"about":[{"href":"https:\/\/dutchmicrodosing.com\/de\/wp-json\/wp\/v2\/types\/product"}],"replies":[{"embeddable":true,"href":"https:\/\/dutchmicrodosing.com\/de\/wp-json\/wp\/v2\/comments?post=52599"}],"version-history":[{"count":0,"href":"https:\/\/dutchmicrodosing.com\/de\/wp-json\/wp\/v2\/product\/52599\/revisions"}],"wp:featuredmedia":[{"embeddable":true,"href":"https:\/\/dutchmicrodosing.com\/de\/wp-json\/wp\/v2\/media\/55005"}],"wp:attachment":[{"href":"https:\/\/dutchmicrodosing.com\/de\/wp-json\/wp\/v2\/media?parent=52599"}],"wp:term":[{"taxonomy":"product_brand","embeddable":true,"href":"https:\/\/dutchmicrodosing.com\/de\/wp-json\/wp\/v2\/product_brand?post=52599"},{"taxonomy":"product_cat","embeddable":true,"href":"https:\/\/dutchmicrodosing.com\/de\/wp-json\/wp\/v2\/product_cat?post=52599"},{"taxonomy":"product_tag","embeddable":true,"href":"https:\/\/dutchmicrodosing.com\/de\/wp-json\/wp\/v2\/product_tag?post=52599"}],"curies":[{"name":"wp","href":"https:\/\/api.w.org\/{rel}","templated":true}]}}