{"id":52637,"date":"2025-08-04T09:44:17","date_gmt":"2025-08-04T07:44:17","guid":{"rendered":"https:\/\/dutchmicrodosing.com\/product\/kraid-ice-trea-lemon-vollspektrum\/"},"modified":"2025-08-19T14:00:16","modified_gmt":"2025-08-19T12:00:16","slug":"kraid-ice-trea-lemon-vollspektrum","status":"publish","type":"product","link":"https:\/\/dutchmicrodosing.com\/de\/botanische-kraeuter\/kratom\/kraid-ice-trea-lemon-vollspektrum\/","title":{"rendered":"KRAID Ice-Trea Lemon &#8211; Vollspektrum"},"content":{"rendered":"<p><strong>KRAID Ice-Trea Lemon &#8211; Full Spectrum<\/strong> bringt die klassische Kratom-Erfahrung auf eine neue Ebene mit einem frischen Hauch von Eistee und Zitrone. Kein bitterer Nachgeschmack, sondern die volle Kraft des Kratoms &#8211; verpackt in einem leicht l\u00f6slichen Getr\u00e4nk, das perfekt in Ihren Alltag passt.<\/p>\n<h3>Eigenschaften<\/h3>\n<p>Diese Mischung enth\u00e4lt das gesamte Spektrum der Kratom-Alkaloide, die sorgf\u00e4ltig in einer wasserl\u00f6slichen Formel verarbeitet wurden, die Sie einfach mit Wasser mischen. Das Ergebnis ist ein schmackhaftes Getr\u00e4nk mit einem erfrischenden Zitruskick, ohne viel Aufwand und mit maximaler Benutzerfreundlichkeit.<\/p>\n<ul>\n<li>Enth\u00e4lt 50 mg Mitragynin pro Portion<\/li>\n<li>Frischer Eistee Zitronen-Aroma<\/li>\n<li>Vollst\u00e4ndig l\u00f6slich &#8211; keine Klumpen oder Bitterkeit<\/li>\n<li>Schnell, diskret und einfach in der Anwendung<\/li>\n<li>Sowohl f\u00fcr Anf\u00e4nger als auch f\u00fcr erfahrene Benutzer geeignet<\/li>\n<\/ul>\n<h3>Zutaten und\/oder Zusammensetzung<\/h3>\n<p>Vollspektrum-Kratomextrakt (50 mg Mitragynin), nat\u00fcrliche Eistee-Zitronen-Aromen, S\u00fc\u00dfstoffe, Hilfsstoffe zur F\u00f6rderung der L\u00f6slichkeit.<\/p>\n<h3>Verwenden Sie<\/h3>\n<p>L\u00f6sen Sie den Inhalt eines Beutels in 0,5 Litern Wasser auf. Gut sch\u00fctteln oder r\u00fchren, bis es sich vollst\u00e4ndig aufgel\u00f6st hat. Zu jeder Tageszeit genussbereit.<\/p>\n<h3>Inhalt<\/h3>\n<ul>\n<li>1 Portion pro Packung<\/li>\n<li>Enth\u00e4lt 50 mg Mitragynin &#8211; vergleichbar mit 4-6 Gramm herk\u00f6mmlichem Kratom-Pulver<\/li>\n<\/ul>\n<h3>Haftungsausschluss<\/h3>\n<p><em>Der Inhalt dieses Textes dient nur zu Informationszwecken und ist kein Ersatz f\u00fcr eine professionelle Beratung. Dieses Produkt ist kein Arzneimittel und dient nicht zur Diagnose, Behandlung oder Heilung von Krankheiten. Einige wissenschaftliche Studien \u00fcber die Wirkung dieses Produkts sind noch nicht abgeschlossen und nicht alle Behauptungen sind endg\u00fcltig best\u00e4tigt worden.<\/em><\/p>\n","protected":false},"excerpt":{"rendered":"<p>KRAID Ice-Trea Lemon &#8211; Full Spectrum bringt die klassische Kratom-Erfahrung auf eine neue Ebene mit einem frischen Hauch von Eistee und Zitrone. Kein bitterer Nachgeschmack, sondern die volle Kraft des Kratoms &#8211; verpackt in einem leicht l\u00f6slichen Getr\u00e4nk, das perfekt in Ihren Alltag passt. Eigenschaften Diese Mischung enth\u00e4lt das gesamte Spektrum der Kratom-Alkaloide, die sorgf\u00e4ltig [&hellip;]<\/p>\n","protected":false},"featured_media":55012,"comment_status":"closed","ping_status":"closed","template":"","meta":[],"product_brand":[],"product_cat":[414],"product_tag":[],"class_list":{"0":"post-52637","1":"product","2":"type-product","3":"status-publish","4":"has-post-thumbnail","6":"product_cat-kratom","8":"first","9":"instock","10":"taxable","11":"shipping-taxable","12":"purchasable","13":"product-type-simple"},"yoast_head":"<!-- This site is optimized with the Yoast SEO Premium plugin v26.4 (Yoast SEO v27.4) - https:\/\/yoast.com\/product\/yoast-seo-premium-wordpress\/ -->\n<title>KRAID Ice-Trea Lemon - Vollspektrum - Dutchmicrodosing<\/title>\n<meta name=\"description\" content=\"Genie\u00dfen Sie KRAID Ice-Trea Lemon: frischer Zitronengeschmack mit Vollspektrum CBD f\u00fcr Entspannung, Ausgeglichenheit und t\u00e4gliche Vitalit\u00e4t.\" \/>\n<meta name=\"robots\" content=\"index, follow, max-snippet:-1, max-image-preview:large, max-video-preview:-1\" \/>\n<link rel=\"canonical\" href=\"https:\/\/dutchmicrodosing.com\/de\/botanische-kraeuter\/kratom\/kraid-ice-trea-lemon-vollspektrum\/\" \/>\n<meta property=\"og:locale\" content=\"de_DE\" \/>\n<meta property=\"og:type\" content=\"article\" \/>\n<meta property=\"og:title\" content=\"KRAID Ice-Trea Lemon - Vollspektrum\" \/>\n<meta property=\"og:description\" content=\"KRAID Ice-Trea Lemon - Full Spectrum bringt die klassische Kratom-Erfahrung auf eine neue Ebene mit einem frischen Hauch von Eistee und Zitrone. Kein\" \/>\n<meta property=\"og:url\" content=\"https:\/\/dutchmicrodosing.com\/de\/botanische-kraeuter\/kratom\/kraid-ice-trea-lemon-vollspektrum\/\" \/>\n<meta property=\"og:site_name\" content=\"Dutchmicrodosing\" \/>\n<meta property=\"article:publisher\" content=\"https:\/\/www.facebook.com\/Dutchmicrodosingxp\/\" \/>\n<meta property=\"article:modified_time\" content=\"2025-08-19T12:00:16+00:00\" \/>\n<meta property=\"og:image\" content=\"https:\/\/dutchmicrodosing.com\/wp-content\/uploads\/2025\/08\/KRAID-Ice-T-Lemon-Water-Soluble-Kratom-Full-Spectrum-3.webp\" \/>\n\t<meta property=\"og:image:width\" content=\"600\" \/>\n\t<meta property=\"og:image:height\" content=\"600\" \/>\n\t<meta property=\"og:image:type\" content=\"image\/webp\" \/>\n<meta name=\"twitter:card\" content=\"summary_large_image\" \/>\n<script type=\"application\/ld+json\" class=\"yoast-schema-graph\">{\"@context\":\"https:\\\/\\\/schema.org\",\"@graph\":[{\"@type\":\"WebPage\",\"@id\":\"https:\\\/\\\/dutchmicrodosing.com\\\/de\\\/botanische-kraeuter\\\/kratom\\\/kraid-ice-trea-lemon-vollspektrum\\\/\",\"url\":\"https:\\\/\\\/dutchmicrodosing.com\\\/de\\\/botanische-kraeuter\\\/kratom\\\/kraid-ice-trea-lemon-vollspektrum\\\/\",\"name\":\"KRAID Ice-Trea Lemon - Vollspektrum - Dutchmicrodosing\",\"isPartOf\":{\"@id\":\"https:\\\/\\\/dutchmicrodosing.com\\\/de\\\/#website\"},\"primaryImageOfPage\":{\"@id\":\"https:\\\/\\\/dutchmicrodosing.com\\\/de\\\/botanische-kraeuter\\\/kratom\\\/kraid-ice-trea-lemon-vollspektrum\\\/#primaryimage\"},\"image\":{\"@id\":\"https:\\\/\\\/dutchmicrodosing.com\\\/de\\\/botanische-kraeuter\\\/kratom\\\/kraid-ice-trea-lemon-vollspektrum\\\/#primaryimage\"},\"thumbnailUrl\":\"https:\\\/\\\/dutchmicrodosing.com\\\/wp-content\\\/uploads\\\/2025\\\/08\\\/KRAID-Ice-T-Lemon-Water-Soluble-Kratom-Full-Spectrum-3.webp\",\"datePublished\":\"2025-08-04T07:44:17+00:00\",\"dateModified\":\"2025-08-19T12:00:16+00:00\",\"description\":\"Genie\u00dfen Sie KRAID Ice-Trea Lemon: frischer Zitronengeschmack mit Vollspektrum CBD f\u00fcr Entspannung, Ausgeglichenheit und t\u00e4gliche Vitalit\u00e4t.\",\"breadcrumb\":{\"@id\":\"https:\\\/\\\/dutchmicrodosing.com\\\/de\\\/botanische-kraeuter\\\/kratom\\\/kraid-ice-trea-lemon-vollspektrum\\\/#breadcrumb\"},\"inLanguage\":\"de\",\"potentialAction\":[{\"@type\":\"ReadAction\",\"target\":[\"https:\\\/\\\/dutchmicrodosing.com\\\/de\\\/botanische-kraeuter\\\/kratom\\\/kraid-ice-trea-lemon-vollspektrum\\\/\"]}]},{\"@type\":\"ImageObject\",\"inLanguage\":\"de\",\"@id\":\"https:\\\/\\\/dutchmicrodosing.com\\\/de\\\/botanische-kraeuter\\\/kratom\\\/kraid-ice-trea-lemon-vollspektrum\\\/#primaryimage\",\"url\":\"https:\\\/\\\/dutchmicrodosing.com\\\/wp-content\\\/uploads\\\/2025\\\/08\\\/KRAID-Ice-T-Lemon-Water-Soluble-Kratom-Full-Spectrum-3.webp\",\"contentUrl\":\"https:\\\/\\\/dutchmicrodosing.com\\\/wp-content\\\/uploads\\\/2025\\\/08\\\/KRAID-Ice-T-Lemon-Water-Soluble-Kratom-Full-Spectrum-3.webp\",\"width\":600,\"height\":600,\"caption\":\"KRAID-Ice-T-Lemon-Water-Soluble-Kratom-Full-Spectrum\"},{\"@type\":\"BreadcrumbList\",\"@id\":\"https:\\\/\\\/dutchmicrodosing.com\\\/de\\\/botanische-kraeuter\\\/kratom\\\/kraid-ice-trea-lemon-vollspektrum\\\/#breadcrumb\",\"itemListElement\":[{\"@type\":\"ListItem\",\"position\":1,\"name\":\"Home\",\"item\":\"https:\\\/\\\/dutchmicrodosing.com\\\/de\\\/\"},{\"@type\":\"ListItem\",\"position\":2,\"name\":\"Shop\",\"item\":\"https:\\\/\\\/dutchmicrodosing.com\\\/de\\\/shop\\\/\"},{\"@type\":\"ListItem\",\"position\":3,\"name\":\"KRAID Ice-Trea Lemon &#8211; Vollspektrum\"}]},{\"@type\":\"WebSite\",\"@id\":\"https:\\\/\\\/dutchmicrodosing.com\\\/de\\\/#website\",\"url\":\"https:\\\/\\\/dutchmicrodosing.com\\\/de\\\/\",\"name\":\"Dutchmicrodosing\",\"description\":\"\",\"publisher\":{\"@id\":\"https:\\\/\\\/dutchmicrodosing.com\\\/de\\\/#organization\"},\"potentialAction\":[{\"@type\":\"SearchAction\",\"target\":{\"@type\":\"EntryPoint\",\"urlTemplate\":\"https:\\\/\\\/dutchmicrodosing.com\\\/de\\\/?s={search_term_string}\"},\"query-input\":{\"@type\":\"PropertyValueSpecification\",\"valueRequired\":true,\"valueName\":\"search_term_string\"}}],\"inLanguage\":\"de\"},{\"@type\":\"Organization\",\"@id\":\"https:\\\/\\\/dutchmicrodosing.com\\\/de\\\/#organization\",\"name\":\"Dutchmicrodosing\",\"url\":\"https:\\\/\\\/dutchmicrodosing.com\\\/de\\\/\",\"logo\":{\"@type\":\"ImageObject\",\"inLanguage\":\"de\",\"@id\":\"https:\\\/\\\/dutchmicrodosing.com\\\/de\\\/#\\\/schema\\\/logo\\\/image\\\/\",\"url\":\"https:\\\/\\\/dutchmicrodosing.com\\\/wp-content\\\/uploads\\\/2021\\\/01\\\/microdosing-categorie-pic-nieuw.jpg\",\"contentUrl\":\"https:\\\/\\\/dutchmicrodosing.com\\\/wp-content\\\/uploads\\\/2021\\\/01\\\/microdosing-categorie-pic-nieuw.jpg\",\"width\":500,\"height\":500,\"caption\":\"Dutchmicrodosing\"},\"image\":{\"@id\":\"https:\\\/\\\/dutchmicrodosing.com\\\/de\\\/#\\\/schema\\\/logo\\\/image\\\/\"},\"sameAs\":[\"https:\\\/\\\/www.facebook.com\\\/Dutchmicrodosingxp\\\/\",\"https:\\\/\\\/www.instagram.com\\\/dutchmicrodosing\\\/\"]}]}<\/script>\n<meta property=\"product:price:amount\" content=\"5.95\" \/>\n<meta property=\"product:price:currency\" content=\"EUR\" \/>\n<meta property=\"og:availability\" content=\"instock\" \/>\n<meta property=\"product:availability\" content=\"instock\" \/>\n<meta property=\"product:retailer_item_id\" content=\"4212708\" \/>\n<meta property=\"product:condition\" content=\"new\" \/>\n<!-- \/ Yoast SEO Premium plugin. -->","yoast_head_json":{"title":"KRAID Ice-Trea Lemon - Vollspektrum - Dutchmicrodosing","description":"Genie\u00dfen Sie KRAID Ice-Trea Lemon: frischer Zitronengeschmack mit Vollspektrum CBD f\u00fcr Entspannung, Ausgeglichenheit und t\u00e4gliche Vitalit\u00e4t.","robots":{"index":"index","follow":"follow","max-snippet":"max-snippet:-1","max-image-preview":"max-image-preview:large","max-video-preview":"max-video-preview:-1"},"canonical":"https:\/\/dutchmicrodosing.com\/de\/botanische-kraeuter\/kratom\/kraid-ice-trea-lemon-vollspektrum\/","og_locale":"de_DE","og_type":"article","og_title":"KRAID Ice-Trea Lemon - Vollspektrum","og_description":"KRAID Ice-Trea Lemon - Full Spectrum bringt die klassische Kratom-Erfahrung auf eine neue Ebene mit einem frischen Hauch von Eistee und Zitrone. Kein","og_url":"https:\/\/dutchmicrodosing.com\/de\/botanische-kraeuter\/kratom\/kraid-ice-trea-lemon-vollspektrum\/","og_site_name":"Dutchmicrodosing","article_publisher":"https:\/\/www.facebook.com\/Dutchmicrodosingxp\/","article_modified_time":"2025-08-19T12:00:16+00:00","og_image":[{"width":600,"height":600,"url":"https:\/\/dutchmicrodosing.com\/wp-content\/uploads\/2025\/08\/KRAID-Ice-T-Lemon-Water-Soluble-Kratom-Full-Spectrum-3.webp","type":"image\/webp"}],"twitter_card":"summary_large_image","schema":{"@context":"https:\/\/schema.org","@graph":[{"@type":"WebPage","@id":"https:\/\/dutchmicrodosing.com\/de\/botanische-kraeuter\/kratom\/kraid-ice-trea-lemon-vollspektrum\/","url":"https:\/\/dutchmicrodosing.com\/de\/botanische-kraeuter\/kratom\/kraid-ice-trea-lemon-vollspektrum\/","name":"KRAID Ice-Trea Lemon - Vollspektrum - Dutchmicrodosing","isPartOf":{"@id":"https:\/\/dutchmicrodosing.com\/de\/#website"},"primaryImageOfPage":{"@id":"https:\/\/dutchmicrodosing.com\/de\/botanische-kraeuter\/kratom\/kraid-ice-trea-lemon-vollspektrum\/#primaryimage"},"image":{"@id":"https:\/\/dutchmicrodosing.com\/de\/botanische-kraeuter\/kratom\/kraid-ice-trea-lemon-vollspektrum\/#primaryimage"},"thumbnailUrl":"https:\/\/dutchmicrodosing.com\/wp-content\/uploads\/2025\/08\/KRAID-Ice-T-Lemon-Water-Soluble-Kratom-Full-Spectrum-3.webp","datePublished":"2025-08-04T07:44:17+00:00","dateModified":"2025-08-19T12:00:16+00:00","description":"Genie\u00dfen Sie KRAID Ice-Trea Lemon: frischer Zitronengeschmack mit Vollspektrum CBD f\u00fcr Entspannung, Ausgeglichenheit und t\u00e4gliche Vitalit\u00e4t.","breadcrumb":{"@id":"https:\/\/dutchmicrodosing.com\/de\/botanische-kraeuter\/kratom\/kraid-ice-trea-lemon-vollspektrum\/#breadcrumb"},"inLanguage":"de","potentialAction":[{"@type":"ReadAction","target":["https:\/\/dutchmicrodosing.com\/de\/botanische-kraeuter\/kratom\/kraid-ice-trea-lemon-vollspektrum\/"]}]},{"@type":"ImageObject","inLanguage":"de","@id":"https:\/\/dutchmicrodosing.com\/de\/botanische-kraeuter\/kratom\/kraid-ice-trea-lemon-vollspektrum\/#primaryimage","url":"https:\/\/dutchmicrodosing.com\/wp-content\/uploads\/2025\/08\/KRAID-Ice-T-Lemon-Water-Soluble-Kratom-Full-Spectrum-3.webp","contentUrl":"https:\/\/dutchmicrodosing.com\/wp-content\/uploads\/2025\/08\/KRAID-Ice-T-Lemon-Water-Soluble-Kratom-Full-Spectrum-3.webp","width":600,"height":600,"caption":"KRAID-Ice-T-Lemon-Water-Soluble-Kratom-Full-Spectrum"},{"@type":"BreadcrumbList","@id":"https:\/\/dutchmicrodosing.com\/de\/botanische-kraeuter\/kratom\/kraid-ice-trea-lemon-vollspektrum\/#breadcrumb","itemListElement":[{"@type":"ListItem","position":1,"name":"Home","item":"https:\/\/dutchmicrodosing.com\/de\/"},{"@type":"ListItem","position":2,"name":"Shop","item":"https:\/\/dutchmicrodosing.com\/de\/shop\/"},{"@type":"ListItem","position":3,"name":"KRAID Ice-Trea Lemon &#8211; Vollspektrum"}]},{"@type":"WebSite","@id":"https:\/\/dutchmicrodosing.com\/de\/#website","url":"https:\/\/dutchmicrodosing.com\/de\/","name":"Dutchmicrodosing","description":"","publisher":{"@id":"https:\/\/dutchmicrodosing.com\/de\/#organization"},"potentialAction":[{"@type":"SearchAction","target":{"@type":"EntryPoint","urlTemplate":"https:\/\/dutchmicrodosing.com\/de\/?s={search_term_string}"},"query-input":{"@type":"PropertyValueSpecification","valueRequired":true,"valueName":"search_term_string"}}],"inLanguage":"de"},{"@type":"Organization","@id":"https:\/\/dutchmicrodosing.com\/de\/#organization","name":"Dutchmicrodosing","url":"https:\/\/dutchmicrodosing.com\/de\/","logo":{"@type":"ImageObject","inLanguage":"de","@id":"https:\/\/dutchmicrodosing.com\/de\/#\/schema\/logo\/image\/","url":"https:\/\/dutchmicrodosing.com\/wp-content\/uploads\/2021\/01\/microdosing-categorie-pic-nieuw.jpg","contentUrl":"https:\/\/dutchmicrodosing.com\/wp-content\/uploads\/2021\/01\/microdosing-categorie-pic-nieuw.jpg","width":500,"height":500,"caption":"Dutchmicrodosing"},"image":{"@id":"https:\/\/dutchmicrodosing.com\/de\/#\/schema\/logo\/image\/"},"sameAs":["https:\/\/www.facebook.com\/Dutchmicrodosingxp\/","https:\/\/www.instagram.com\/dutchmicrodosing\/"]}]},"product_price_amount":"5.95","product_price_currency":"EUR","og_availability":"instock","product_availability":"instock","product_retailer_item_id":"4212708","product_condition":"new"},"_links":{"self":[{"href":"https:\/\/dutchmicrodosing.com\/de\/wp-json\/wp\/v2\/product\/52637","targetHints":{"allow":["GET"]}}],"collection":[{"href":"https:\/\/dutchmicrodosing.com\/de\/wp-json\/wp\/v2\/product"}],"about":[{"href":"https:\/\/dutchmicrodosing.com\/de\/wp-json\/wp\/v2\/types\/product"}],"replies":[{"embeddable":true,"href":"https:\/\/dutchmicrodosing.com\/de\/wp-json\/wp\/v2\/comments?post=52637"}],"version-history":[{"count":0,"href":"https:\/\/dutchmicrodosing.com\/de\/wp-json\/wp\/v2\/product\/52637\/revisions"}],"wp:featuredmedia":[{"embeddable":true,"href":"https:\/\/dutchmicrodosing.com\/de\/wp-json\/wp\/v2\/media\/55012"}],"wp:attachment":[{"href":"https:\/\/dutchmicrodosing.com\/de\/wp-json\/wp\/v2\/media?parent=52637"}],"wp:term":[{"taxonomy":"product_brand","embeddable":true,"href":"https:\/\/dutchmicrodosing.com\/de\/wp-json\/wp\/v2\/product_brand?post=52637"},{"taxonomy":"product_cat","embeddable":true,"href":"https:\/\/dutchmicrodosing.com\/de\/wp-json\/wp\/v2\/product_cat?post=52637"},{"taxonomy":"product_tag","embeddable":true,"href":"https:\/\/dutchmicrodosing.com\/de\/wp-json\/wp\/v2\/product_tag?post=52637"}],"curies":[{"name":"wp","href":"https:\/\/api.w.org\/{rel}","templated":true}]}}