{"id":52650,"date":"2025-08-04T09:48:10","date_gmt":"2025-08-04T07:48:10","guid":{"rendered":"https:\/\/dutchmicrodosing.com\/product\/kraid-passionsfrucht-vollspektrum\/"},"modified":"2025-08-19T14:02:18","modified_gmt":"2025-08-19T12:02:18","slug":"kraid-passionsfrucht-vollspektrum","status":"publish","type":"product","link":"https:\/\/dutchmicrodosing.com\/de\/botanische-kraeuter\/kratom\/kraid-passionsfrucht-vollspektrum\/","title":{"rendered":"KRAID Passionsfrucht &#8211; Vollspektrum"},"content":{"rendered":"<p><strong>KRAID Passionsfrucht &#8211; Vollspektrum<\/strong> ist ein wasserl\u00f6slicher Kratomextrakt mit tropischem Touch. Dank des frischen Passionsfruchtgeschmacks wird Ihr Kistenmoment nicht nur kraftvoll, sondern auch \u00fcberraschend k\u00f6stlich sein. Perfekt f\u00fcr alle, die Komfort, Qualit\u00e4t und Geschmack in einem Erlebnis vereinen wollen.<\/p>\n<h3>Eigenschaften<\/h3>\n<p>Diese Vollspektrum-Formel enth\u00e4lt alle wichtigen Alkaloide, die nat\u00fcrlich in Kratombl\u00e4ttern vorkommen. Der Zusatz von nat\u00fcrlichen Aromen macht das Getr\u00e4nk zug\u00e4nglicher und angenehmer zu konsumieren. Kein m\u00fchsames Dosieren oder Mischen &#8211; einfach im Wasser aufl\u00f6sen und genie\u00dfen.<\/p>\n<ul>\n<li>Vollspektrum-Kratomextrakt mit 50 mg Mitragynin<\/li>\n<li>Verfeinertes Passionsfruchtaroma<\/li>\n<li>Vollst\u00e4ndig in Wasser l\u00f6slich &#8211; keine Klumpen<\/li>\n<li>Schnell, praktisch und diskret in der Anwendung<\/li>\n<li>Ideal f\u00fcr unterwegs oder einen Moment f\u00fcr sich selbst<\/li>\n<\/ul>\n<h3>Zutaten und\/oder Zusammensetzung<\/h3>\n<p>Vollspektrum-Kratomextrakt, nat\u00fcrliches Maracuja-Aroma, S\u00fc\u00dfstoffe, Hilfsstoffe zur F\u00f6rderung der L\u00f6slichkeit.<\/p>\n<h3>Verwenden Sie<\/h3>\n<p>L\u00f6sen Sie den Inhalt eines Beutels in 0,5 Litern Wasser auf. Gut umr\u00fchren, bis es vollst\u00e4ndig aufgel\u00f6st ist. Sofort zu genie\u00dfen. Geeignet sowohl f\u00fcr neue als auch f\u00fcr erfahrene Nutzer, die nach einer effizienten und dennoch schmackhaften Art suchen, Kratom zu konsumieren.<\/p>\n<h3>Inhalt<\/h3>\n<ul>\n<li>1 Portion pro Packung<\/li>\n<li>Enth\u00e4lt 50 mg Mitragynin<\/li>\n<\/ul>\n<h3>Haftungsausschluss<\/h3>\n<p><em>Der Inhalt dieses Textes dient nur zu Informationszwecken und ist kein Ersatz f\u00fcr eine professionelle Beratung. Dieses Produkt ist kein Arzneimittel und dient nicht zur Diagnose, Behandlung oder Heilung von Krankheiten. Einige wissenschaftliche Studien \u00fcber die Wirkung dieses Produkts sind noch nicht abgeschlossen und nicht alle Behauptungen sind endg\u00fcltig best\u00e4tigt worden.<\/em><\/p>\n","protected":false},"excerpt":{"rendered":"<p>KRAID Passionsfrucht &#8211; Vollspektrum ist ein wasserl\u00f6slicher Kratomextrakt mit tropischem Touch. Dank des frischen Passionsfruchtgeschmacks wird Ihr Kistenmoment nicht nur kraftvoll, sondern auch \u00fcberraschend k\u00f6stlich sein. Perfekt f\u00fcr alle, die Komfort, Qualit\u00e4t und Geschmack in einem Erlebnis vereinen wollen. Eigenschaften Diese Vollspektrum-Formel enth\u00e4lt alle wichtigen Alkaloide, die nat\u00fcrlich in Kratombl\u00e4ttern vorkommen. Der Zusatz von nat\u00fcrlichen [&hellip;]<\/p>\n","protected":false},"featured_media":55018,"comment_status":"closed","ping_status":"closed","template":"","meta":[],"product_brand":[],"product_cat":[414],"product_tag":[],"class_list":{"0":"post-52650","1":"product","2":"type-product","3":"status-publish","4":"has-post-thumbnail","6":"product_cat-kratom","8":"first","9":"instock","10":"taxable","11":"shipping-taxable","12":"purchasable","13":"product-type-simple"},"yoast_head":"<!-- This site is optimized with the Yoast SEO Premium plugin v26.4 (Yoast SEO v27.4) - https:\/\/yoast.com\/product\/yoast-seo-premium-wordpress\/ -->\n<title>KRAID Passionsfrucht - Vollspektrum - Dutchmicrodosing<\/title>\n<meta name=\"description\" content=\"Erleben Sie KRAID Passion Fruit: tropischer Geschmack mit CBD-Vollspektrum f\u00fcr Entspannung, Ausgeglichenheit und nat\u00fcrliche Energie.\" \/>\n<meta name=\"robots\" content=\"index, follow, max-snippet:-1, max-image-preview:large, max-video-preview:-1\" \/>\n<link rel=\"canonical\" href=\"https:\/\/dutchmicrodosing.com\/de\/botanische-kraeuter\/kratom\/kraid-passionsfrucht-vollspektrum\/\" \/>\n<meta property=\"og:locale\" content=\"de_DE\" \/>\n<meta property=\"og:type\" content=\"article\" \/>\n<meta property=\"og:title\" content=\"KRAID Passionsfrucht - Vollspektrum\" \/>\n<meta property=\"og:description\" content=\"KRAID Passionsfrucht - Vollspektrum ist ein wasserl\u00f6slicher Kratomextrakt mit tropischem Touch. Dank des frischen Passionsfruchtgeschmacks wird Ihr\" \/>\n<meta property=\"og:url\" content=\"https:\/\/dutchmicrodosing.com\/de\/botanische-kraeuter\/kratom\/kraid-passionsfrucht-vollspektrum\/\" \/>\n<meta property=\"og:site_name\" content=\"Dutchmicrodosing\" \/>\n<meta property=\"article:publisher\" content=\"https:\/\/www.facebook.com\/Dutchmicrodosingxp\/\" \/>\n<meta property=\"article:modified_time\" content=\"2025-08-19T12:02:18+00:00\" \/>\n<meta property=\"og:image\" content=\"https:\/\/dutchmicrodosing.com\/wp-content\/uploads\/2025\/08\/KRAID-Passion-Fruit-Water-Soluble-Kratom-Full-Spectrum-1.webp\" \/>\n\t<meta property=\"og:image:width\" content=\"600\" \/>\n\t<meta property=\"og:image:height\" content=\"600\" \/>\n\t<meta property=\"og:image:type\" content=\"image\/webp\" \/>\n<meta name=\"twitter:card\" content=\"summary_large_image\" \/>\n<script type=\"application\/ld+json\" class=\"yoast-schema-graph\">{\"@context\":\"https:\\\/\\\/schema.org\",\"@graph\":[{\"@type\":\"WebPage\",\"@id\":\"https:\\\/\\\/dutchmicrodosing.com\\\/de\\\/botanische-kraeuter\\\/kratom\\\/kraid-passionsfrucht-vollspektrum\\\/\",\"url\":\"https:\\\/\\\/dutchmicrodosing.com\\\/de\\\/botanische-kraeuter\\\/kratom\\\/kraid-passionsfrucht-vollspektrum\\\/\",\"name\":\"KRAID Passionsfrucht - Vollspektrum - Dutchmicrodosing\",\"isPartOf\":{\"@id\":\"https:\\\/\\\/dutchmicrodosing.com\\\/de\\\/#website\"},\"primaryImageOfPage\":{\"@id\":\"https:\\\/\\\/dutchmicrodosing.com\\\/de\\\/botanische-kraeuter\\\/kratom\\\/kraid-passionsfrucht-vollspektrum\\\/#primaryimage\"},\"image\":{\"@id\":\"https:\\\/\\\/dutchmicrodosing.com\\\/de\\\/botanische-kraeuter\\\/kratom\\\/kraid-passionsfrucht-vollspektrum\\\/#primaryimage\"},\"thumbnailUrl\":\"https:\\\/\\\/dutchmicrodosing.com\\\/wp-content\\\/uploads\\\/2025\\\/08\\\/KRAID-Passion-Fruit-Water-Soluble-Kratom-Full-Spectrum-1.webp\",\"datePublished\":\"2025-08-04T07:48:10+00:00\",\"dateModified\":\"2025-08-19T12:02:18+00:00\",\"description\":\"Erleben Sie KRAID Passion Fruit: tropischer Geschmack mit CBD-Vollspektrum f\u00fcr Entspannung, Ausgeglichenheit und nat\u00fcrliche Energie.\",\"breadcrumb\":{\"@id\":\"https:\\\/\\\/dutchmicrodosing.com\\\/de\\\/botanische-kraeuter\\\/kratom\\\/kraid-passionsfrucht-vollspektrum\\\/#breadcrumb\"},\"inLanguage\":\"de\",\"potentialAction\":[{\"@type\":\"ReadAction\",\"target\":[\"https:\\\/\\\/dutchmicrodosing.com\\\/de\\\/botanische-kraeuter\\\/kratom\\\/kraid-passionsfrucht-vollspektrum\\\/\"]}]},{\"@type\":\"ImageObject\",\"inLanguage\":\"de\",\"@id\":\"https:\\\/\\\/dutchmicrodosing.com\\\/de\\\/botanische-kraeuter\\\/kratom\\\/kraid-passionsfrucht-vollspektrum\\\/#primaryimage\",\"url\":\"https:\\\/\\\/dutchmicrodosing.com\\\/wp-content\\\/uploads\\\/2025\\\/08\\\/KRAID-Passion-Fruit-Water-Soluble-Kratom-Full-Spectrum-1.webp\",\"contentUrl\":\"https:\\\/\\\/dutchmicrodosing.com\\\/wp-content\\\/uploads\\\/2025\\\/08\\\/KRAID-Passion-Fruit-Water-Soluble-Kratom-Full-Spectrum-1.webp\",\"width\":600,\"height\":600},{\"@type\":\"BreadcrumbList\",\"@id\":\"https:\\\/\\\/dutchmicrodosing.com\\\/de\\\/botanische-kraeuter\\\/kratom\\\/kraid-passionsfrucht-vollspektrum\\\/#breadcrumb\",\"itemListElement\":[{\"@type\":\"ListItem\",\"position\":1,\"name\":\"Home\",\"item\":\"https:\\\/\\\/dutchmicrodosing.com\\\/de\\\/\"},{\"@type\":\"ListItem\",\"position\":2,\"name\":\"Shop\",\"item\":\"https:\\\/\\\/dutchmicrodosing.com\\\/de\\\/shop\\\/\"},{\"@type\":\"ListItem\",\"position\":3,\"name\":\"KRAID Passionsfrucht &#8211; Vollspektrum\"}]},{\"@type\":\"WebSite\",\"@id\":\"https:\\\/\\\/dutchmicrodosing.com\\\/de\\\/#website\",\"url\":\"https:\\\/\\\/dutchmicrodosing.com\\\/de\\\/\",\"name\":\"Dutchmicrodosing\",\"description\":\"\",\"publisher\":{\"@id\":\"https:\\\/\\\/dutchmicrodosing.com\\\/de\\\/#organization\"},\"potentialAction\":[{\"@type\":\"SearchAction\",\"target\":{\"@type\":\"EntryPoint\",\"urlTemplate\":\"https:\\\/\\\/dutchmicrodosing.com\\\/de\\\/?s={search_term_string}\"},\"query-input\":{\"@type\":\"PropertyValueSpecification\",\"valueRequired\":true,\"valueName\":\"search_term_string\"}}],\"inLanguage\":\"de\"},{\"@type\":\"Organization\",\"@id\":\"https:\\\/\\\/dutchmicrodosing.com\\\/de\\\/#organization\",\"name\":\"Dutchmicrodosing\",\"url\":\"https:\\\/\\\/dutchmicrodosing.com\\\/de\\\/\",\"logo\":{\"@type\":\"ImageObject\",\"inLanguage\":\"de\",\"@id\":\"https:\\\/\\\/dutchmicrodosing.com\\\/de\\\/#\\\/schema\\\/logo\\\/image\\\/\",\"url\":\"https:\\\/\\\/dutchmicrodosing.com\\\/wp-content\\\/uploads\\\/2021\\\/01\\\/microdosing-categorie-pic-nieuw.jpg\",\"contentUrl\":\"https:\\\/\\\/dutchmicrodosing.com\\\/wp-content\\\/uploads\\\/2021\\\/01\\\/microdosing-categorie-pic-nieuw.jpg\",\"width\":500,\"height\":500,\"caption\":\"Dutchmicrodosing\"},\"image\":{\"@id\":\"https:\\\/\\\/dutchmicrodosing.com\\\/de\\\/#\\\/schema\\\/logo\\\/image\\\/\"},\"sameAs\":[\"https:\\\/\\\/www.facebook.com\\\/Dutchmicrodosingxp\\\/\",\"https:\\\/\\\/www.instagram.com\\\/dutchmicrodosing\\\/\"]}]}<\/script>\n<meta property=\"product:price:amount\" content=\"5.95\" \/>\n<meta property=\"product:price:currency\" content=\"EUR\" \/>\n<meta property=\"og:availability\" content=\"instock\" \/>\n<meta property=\"product:availability\" content=\"instock\" \/>\n<meta property=\"product:retailer_item_id\" content=\"4212814\" \/>\n<meta property=\"product:condition\" content=\"new\" \/>\n<!-- \/ Yoast SEO Premium plugin. -->","yoast_head_json":{"title":"KRAID Passionsfrucht - Vollspektrum - Dutchmicrodosing","description":"Erleben Sie KRAID Passion Fruit: tropischer Geschmack mit CBD-Vollspektrum f\u00fcr Entspannung, Ausgeglichenheit und nat\u00fcrliche Energie.","robots":{"index":"index","follow":"follow","max-snippet":"max-snippet:-1","max-image-preview":"max-image-preview:large","max-video-preview":"max-video-preview:-1"},"canonical":"https:\/\/dutchmicrodosing.com\/de\/botanische-kraeuter\/kratom\/kraid-passionsfrucht-vollspektrum\/","og_locale":"de_DE","og_type":"article","og_title":"KRAID Passionsfrucht - Vollspektrum","og_description":"KRAID Passionsfrucht - Vollspektrum ist ein wasserl\u00f6slicher Kratomextrakt mit tropischem Touch. Dank des frischen Passionsfruchtgeschmacks wird Ihr","og_url":"https:\/\/dutchmicrodosing.com\/de\/botanische-kraeuter\/kratom\/kraid-passionsfrucht-vollspektrum\/","og_site_name":"Dutchmicrodosing","article_publisher":"https:\/\/www.facebook.com\/Dutchmicrodosingxp\/","article_modified_time":"2025-08-19T12:02:18+00:00","og_image":[{"width":600,"height":600,"url":"https:\/\/dutchmicrodosing.com\/wp-content\/uploads\/2025\/08\/KRAID-Passion-Fruit-Water-Soluble-Kratom-Full-Spectrum-1.webp","type":"image\/webp"}],"twitter_card":"summary_large_image","schema":{"@context":"https:\/\/schema.org","@graph":[{"@type":"WebPage","@id":"https:\/\/dutchmicrodosing.com\/de\/botanische-kraeuter\/kratom\/kraid-passionsfrucht-vollspektrum\/","url":"https:\/\/dutchmicrodosing.com\/de\/botanische-kraeuter\/kratom\/kraid-passionsfrucht-vollspektrum\/","name":"KRAID Passionsfrucht - Vollspektrum - Dutchmicrodosing","isPartOf":{"@id":"https:\/\/dutchmicrodosing.com\/de\/#website"},"primaryImageOfPage":{"@id":"https:\/\/dutchmicrodosing.com\/de\/botanische-kraeuter\/kratom\/kraid-passionsfrucht-vollspektrum\/#primaryimage"},"image":{"@id":"https:\/\/dutchmicrodosing.com\/de\/botanische-kraeuter\/kratom\/kraid-passionsfrucht-vollspektrum\/#primaryimage"},"thumbnailUrl":"https:\/\/dutchmicrodosing.com\/wp-content\/uploads\/2025\/08\/KRAID-Passion-Fruit-Water-Soluble-Kratom-Full-Spectrum-1.webp","datePublished":"2025-08-04T07:48:10+00:00","dateModified":"2025-08-19T12:02:18+00:00","description":"Erleben Sie KRAID Passion Fruit: tropischer Geschmack mit CBD-Vollspektrum f\u00fcr Entspannung, Ausgeglichenheit und nat\u00fcrliche Energie.","breadcrumb":{"@id":"https:\/\/dutchmicrodosing.com\/de\/botanische-kraeuter\/kratom\/kraid-passionsfrucht-vollspektrum\/#breadcrumb"},"inLanguage":"de","potentialAction":[{"@type":"ReadAction","target":["https:\/\/dutchmicrodosing.com\/de\/botanische-kraeuter\/kratom\/kraid-passionsfrucht-vollspektrum\/"]}]},{"@type":"ImageObject","inLanguage":"de","@id":"https:\/\/dutchmicrodosing.com\/de\/botanische-kraeuter\/kratom\/kraid-passionsfrucht-vollspektrum\/#primaryimage","url":"https:\/\/dutchmicrodosing.com\/wp-content\/uploads\/2025\/08\/KRAID-Passion-Fruit-Water-Soluble-Kratom-Full-Spectrum-1.webp","contentUrl":"https:\/\/dutchmicrodosing.com\/wp-content\/uploads\/2025\/08\/KRAID-Passion-Fruit-Water-Soluble-Kratom-Full-Spectrum-1.webp","width":600,"height":600},{"@type":"BreadcrumbList","@id":"https:\/\/dutchmicrodosing.com\/de\/botanische-kraeuter\/kratom\/kraid-passionsfrucht-vollspektrum\/#breadcrumb","itemListElement":[{"@type":"ListItem","position":1,"name":"Home","item":"https:\/\/dutchmicrodosing.com\/de\/"},{"@type":"ListItem","position":2,"name":"Shop","item":"https:\/\/dutchmicrodosing.com\/de\/shop\/"},{"@type":"ListItem","position":3,"name":"KRAID Passionsfrucht &#8211; Vollspektrum"}]},{"@type":"WebSite","@id":"https:\/\/dutchmicrodosing.com\/de\/#website","url":"https:\/\/dutchmicrodosing.com\/de\/","name":"Dutchmicrodosing","description":"","publisher":{"@id":"https:\/\/dutchmicrodosing.com\/de\/#organization"},"potentialAction":[{"@type":"SearchAction","target":{"@type":"EntryPoint","urlTemplate":"https:\/\/dutchmicrodosing.com\/de\/?s={search_term_string}"},"query-input":{"@type":"PropertyValueSpecification","valueRequired":true,"valueName":"search_term_string"}}],"inLanguage":"de"},{"@type":"Organization","@id":"https:\/\/dutchmicrodosing.com\/de\/#organization","name":"Dutchmicrodosing","url":"https:\/\/dutchmicrodosing.com\/de\/","logo":{"@type":"ImageObject","inLanguage":"de","@id":"https:\/\/dutchmicrodosing.com\/de\/#\/schema\/logo\/image\/","url":"https:\/\/dutchmicrodosing.com\/wp-content\/uploads\/2021\/01\/microdosing-categorie-pic-nieuw.jpg","contentUrl":"https:\/\/dutchmicrodosing.com\/wp-content\/uploads\/2021\/01\/microdosing-categorie-pic-nieuw.jpg","width":500,"height":500,"caption":"Dutchmicrodosing"},"image":{"@id":"https:\/\/dutchmicrodosing.com\/de\/#\/schema\/logo\/image\/"},"sameAs":["https:\/\/www.facebook.com\/Dutchmicrodosingxp\/","https:\/\/www.instagram.com\/dutchmicrodosing\/"]}]},"product_price_amount":"5.95","product_price_currency":"EUR","og_availability":"instock","product_availability":"instock","product_retailer_item_id":"4212814","product_condition":"new"},"_links":{"self":[{"href":"https:\/\/dutchmicrodosing.com\/de\/wp-json\/wp\/v2\/product\/52650","targetHints":{"allow":["GET"]}}],"collection":[{"href":"https:\/\/dutchmicrodosing.com\/de\/wp-json\/wp\/v2\/product"}],"about":[{"href":"https:\/\/dutchmicrodosing.com\/de\/wp-json\/wp\/v2\/types\/product"}],"replies":[{"embeddable":true,"href":"https:\/\/dutchmicrodosing.com\/de\/wp-json\/wp\/v2\/comments?post=52650"}],"version-history":[{"count":0,"href":"https:\/\/dutchmicrodosing.com\/de\/wp-json\/wp\/v2\/product\/52650\/revisions"}],"wp:featuredmedia":[{"embeddable":true,"href":"https:\/\/dutchmicrodosing.com\/de\/wp-json\/wp\/v2\/media\/55018"}],"wp:attachment":[{"href":"https:\/\/dutchmicrodosing.com\/de\/wp-json\/wp\/v2\/media?parent=52650"}],"wp:term":[{"taxonomy":"product_brand","embeddable":true,"href":"https:\/\/dutchmicrodosing.com\/de\/wp-json\/wp\/v2\/product_brand?post=52650"},{"taxonomy":"product_cat","embeddable":true,"href":"https:\/\/dutchmicrodosing.com\/de\/wp-json\/wp\/v2\/product_cat?post=52650"},{"taxonomy":"product_tag","embeddable":true,"href":"https:\/\/dutchmicrodosing.com\/de\/wp-json\/wp\/v2\/product_tag?post=52650"}],"curies":[{"name":"wp","href":"https:\/\/api.w.org\/{rel}","templated":true}]}}