{"id":52662,"date":"2025-08-04T10:06:38","date_gmt":"2025-08-04T08:06:38","guid":{"rendered":"https:\/\/dutchmicrodosing.com\/product\/kratom-energising-mundspray-energie-geschmack\/"},"modified":"2025-08-19T17:00:45","modified_gmt":"2025-08-19T15:00:45","slug":"kratom-energising-mundspray-energie-geschmack","status":"publish","type":"product","link":"https:\/\/dutchmicrodosing.com\/de\/botanische-kraeuter\/kratom\/kratom-energising-mundspray-energie-geschmack\/","title":{"rendered":"Kratom Energising Mundspray &#8211; Energie-Geschmack"},"content":{"rendered":"<p>Das <strong>Kratom Energising Mouth Spray &#8211; Energy Flavour<\/strong> von Happy Caps ist die L\u00f6sung f\u00fcr alle, die nach sofortiger Konzentration und Energie suchen, ohne sich mit Kapseln oder Pulvern herumschlagen zu m\u00fcssen. Dank der Absorption durch die Mundschleimhaut sp\u00fcren Sie schnell die Wirkung, und der frische Geschmack macht jeden Spr\u00fchsto\u00df angenehm.<\/p>\n<h3>Eigenschaften Kratom Energising Mouth Spray &#8211; Energy Flavour<\/h3>\n<p>Dieses handliche Mundspray ist perfekt f\u00fcr aktive Momente, z. B. beim Sport oder an stressigen Tagen. Die pr\u00e4zise Dosierung macht es auch f\u00fcr die Mikrodosierung geeignet &#8211; spr\u00fchen, einen Moment warten und schon kann man weitermachen.<\/p>\n<ul>\n<li>Schnelle Resorption durch die Mundschleimhaut<\/li>\n<li>Ideal f\u00fcr Mikrodosierung und kontrollierte Anwendung<\/li>\n<li>Keine Vorbereitung erforderlich<\/li>\n<li>Frische Energie-Aroma<\/li>\n<li>Kleine Gr\u00f6\u00dfe &#8211; passt in jede Tasche<\/li>\n<\/ul>\n<h3>Zutaten und\/oder Zusammensetzung<\/h3>\n<p>Kratom-Extrakt (Mitragyna speciosa), Alkohol (L\u00f6sungsmittel), Wasser, nat\u00fcrliche Aromen.<\/p>\n<h3>Verwenden Sie<\/h3>\n<p>Spr\u00fchen Sie 1 bis 3 Mal in den Mund, je nach pers\u00f6nlicher Vorliebe. Beginnen Sie mit 1 Spr\u00fchsto\u00df, um Ihre Empfindlichkeit zu testen. Nicht mit anderen Stimulanzien oder Alkohol kombinieren.<\/p>\n<h3>Inhalt<\/h3>\n<ul>\n<li>5 ml pro Packung<\/li>\n<li>Anzahl der Dosen je nach Anwendung<\/li>\n<\/ul>\n<h3>Haftungsausschluss<\/h3>\n<p><em>Der Inhalt dieses Textes dient nur zu Informationszwecken und ist kein Ersatz f\u00fcr eine professionelle Beratung. Dieses Produkt ist kein Arzneimittel und dient nicht zur Diagnose, Behandlung oder Heilung von Krankheiten.<\/em><\/p>\n","protected":false},"excerpt":{"rendered":"<p>Das Kratom Energising Mouth Spray &#8211; Energy Flavour von Happy Caps ist die L\u00f6sung f\u00fcr alle, die nach sofortiger Konzentration und Energie suchen, ohne sich mit Kapseln oder Pulvern herumschlagen zu m\u00fcssen. Dank der Absorption durch die Mundschleimhaut sp\u00fcren Sie schnell die Wirkung, und der frische Geschmack macht jeden Spr\u00fchsto\u00df angenehm. Eigenschaften Kratom Energising Mouth [&hellip;]<\/p>\n","protected":false},"featured_media":52656,"comment_status":"closed","ping_status":"closed","template":"","meta":[],"product_brand":[],"product_cat":[414],"product_tag":[],"class_list":{"0":"post-52662","1":"product","2":"type-product","3":"status-publish","4":"has-post-thumbnail","6":"product_cat-kratom","8":"first","9":"instock","10":"taxable","11":"shipping-taxable","12":"purchasable","13":"product-type-simple"},"yoast_head":"<!-- This site is optimized with the Yoast SEO Premium plugin v26.4 (Yoast SEO v27.4) - https:\/\/yoast.com\/product\/yoast-seo-premium-wordpress\/ -->\n<title>Kratom Energising Mundspray - Energie-Geschmack - Dutchmicrodosing<\/title>\n<meta name=\"description\" content=\"Kratom Energising Mundspray - Energie-Geschmack. Sofortiger Energieschub mit der Kraft von Kratom, einfach und schnell zu verwenden.\" \/>\n<meta name=\"robots\" content=\"index, follow, max-snippet:-1, max-image-preview:large, max-video-preview:-1\" \/>\n<link rel=\"canonical\" href=\"https:\/\/dutchmicrodosing.com\/de\/botanische-kraeuter\/kratom\/kratom-energising-mundspray-energie-geschmack\/\" \/>\n<meta property=\"og:locale\" content=\"de_DE\" \/>\n<meta property=\"og:type\" content=\"article\" \/>\n<meta property=\"og:title\" content=\"Kratom Energising Mundspray - Energie-Geschmack\" \/>\n<meta property=\"og:description\" content=\"Das Kratom Energising Mouth Spray - Energy Flavour von Happy Caps ist die L\u00f6sung f\u00fcr alle, die nach sofortiger Konzentration und Energie suchen, ohne sich\" \/>\n<meta property=\"og:url\" content=\"https:\/\/dutchmicrodosing.com\/de\/botanische-kraeuter\/kratom\/kratom-energising-mundspray-energie-geschmack\/\" \/>\n<meta property=\"og:site_name\" content=\"Dutchmicrodosing\" \/>\n<meta property=\"article:publisher\" content=\"https:\/\/www.facebook.com\/Dutchmicrodosingxp\/\" \/>\n<meta property=\"article:modified_time\" content=\"2025-08-19T15:00:45+00:00\" \/>\n<meta property=\"og:image\" content=\"https:\/\/dutchmicrodosing.com\/wp-content\/uploads\/2025\/08\/1747750711119-ffyinho5dtswffzsc5ro78ducqy7om-600x600-1.png\" \/>\n\t<meta property=\"og:image:width\" content=\"600\" \/>\n\t<meta property=\"og:image:height\" content=\"600\" \/>\n\t<meta property=\"og:image:type\" content=\"image\/png\" \/>\n<meta name=\"twitter:card\" content=\"summary_large_image\" \/>\n<script type=\"application\/ld+json\" class=\"yoast-schema-graph\">{\"@context\":\"https:\\\/\\\/schema.org\",\"@graph\":[{\"@type\":\"WebPage\",\"@id\":\"https:\\\/\\\/dutchmicrodosing.com\\\/de\\\/botanische-kraeuter\\\/kratom\\\/kratom-energising-mundspray-energie-geschmack\\\/\",\"url\":\"https:\\\/\\\/dutchmicrodosing.com\\\/de\\\/botanische-kraeuter\\\/kratom\\\/kratom-energising-mundspray-energie-geschmack\\\/\",\"name\":\"Kratom Energising Mundspray - Energie-Geschmack - Dutchmicrodosing\",\"isPartOf\":{\"@id\":\"https:\\\/\\\/dutchmicrodosing.com\\\/de\\\/#website\"},\"primaryImageOfPage\":{\"@id\":\"https:\\\/\\\/dutchmicrodosing.com\\\/de\\\/botanische-kraeuter\\\/kratom\\\/kratom-energising-mundspray-energie-geschmack\\\/#primaryimage\"},\"image\":{\"@id\":\"https:\\\/\\\/dutchmicrodosing.com\\\/de\\\/botanische-kraeuter\\\/kratom\\\/kratom-energising-mundspray-energie-geschmack\\\/#primaryimage\"},\"thumbnailUrl\":\"https:\\\/\\\/dutchmicrodosing.com\\\/wp-content\\\/uploads\\\/2025\\\/08\\\/1747750711119-ffyinho5dtswffzsc5ro78ducqy7om-600x600-1.png\",\"datePublished\":\"2025-08-04T08:06:38+00:00\",\"dateModified\":\"2025-08-19T15:00:45+00:00\",\"description\":\"Kratom Energising Mundspray - Energie-Geschmack. Sofortiger Energieschub mit der Kraft von Kratom, einfach und schnell zu verwenden.\",\"breadcrumb\":{\"@id\":\"https:\\\/\\\/dutchmicrodosing.com\\\/de\\\/botanische-kraeuter\\\/kratom\\\/kratom-energising-mundspray-energie-geschmack\\\/#breadcrumb\"},\"inLanguage\":\"de\",\"potentialAction\":[{\"@type\":\"ReadAction\",\"target\":[\"https:\\\/\\\/dutchmicrodosing.com\\\/de\\\/botanische-kraeuter\\\/kratom\\\/kratom-energising-mundspray-energie-geschmack\\\/\"]}]},{\"@type\":\"ImageObject\",\"inLanguage\":\"de\",\"@id\":\"https:\\\/\\\/dutchmicrodosing.com\\\/de\\\/botanische-kraeuter\\\/kratom\\\/kratom-energising-mundspray-energie-geschmack\\\/#primaryimage\",\"url\":\"https:\\\/\\\/dutchmicrodosing.com\\\/wp-content\\\/uploads\\\/2025\\\/08\\\/1747750711119-ffyinho5dtswffzsc5ro78ducqy7om-600x600-1.png\",\"contentUrl\":\"https:\\\/\\\/dutchmicrodosing.com\\\/wp-content\\\/uploads\\\/2025\\\/08\\\/1747750711119-ffyinho5dtswffzsc5ro78ducqy7om-600x600-1.png\",\"width\":600,\"height\":600},{\"@type\":\"BreadcrumbList\",\"@id\":\"https:\\\/\\\/dutchmicrodosing.com\\\/de\\\/botanische-kraeuter\\\/kratom\\\/kratom-energising-mundspray-energie-geschmack\\\/#breadcrumb\",\"itemListElement\":[{\"@type\":\"ListItem\",\"position\":1,\"name\":\"Home\",\"item\":\"https:\\\/\\\/dutchmicrodosing.com\\\/de\\\/\"},{\"@type\":\"ListItem\",\"position\":2,\"name\":\"Shop\",\"item\":\"https:\\\/\\\/dutchmicrodosing.com\\\/de\\\/shop\\\/\"},{\"@type\":\"ListItem\",\"position\":3,\"name\":\"Kratom Energising Mundspray &#8211; Energie-Geschmack\"}]},{\"@type\":\"WebSite\",\"@id\":\"https:\\\/\\\/dutchmicrodosing.com\\\/de\\\/#website\",\"url\":\"https:\\\/\\\/dutchmicrodosing.com\\\/de\\\/\",\"name\":\"Dutchmicrodosing\",\"description\":\"\",\"publisher\":{\"@id\":\"https:\\\/\\\/dutchmicrodosing.com\\\/de\\\/#organization\"},\"potentialAction\":[{\"@type\":\"SearchAction\",\"target\":{\"@type\":\"EntryPoint\",\"urlTemplate\":\"https:\\\/\\\/dutchmicrodosing.com\\\/de\\\/?s={search_term_string}\"},\"query-input\":{\"@type\":\"PropertyValueSpecification\",\"valueRequired\":true,\"valueName\":\"search_term_string\"}}],\"inLanguage\":\"de\"},{\"@type\":\"Organization\",\"@id\":\"https:\\\/\\\/dutchmicrodosing.com\\\/de\\\/#organization\",\"name\":\"Dutchmicrodosing\",\"url\":\"https:\\\/\\\/dutchmicrodosing.com\\\/de\\\/\",\"logo\":{\"@type\":\"ImageObject\",\"inLanguage\":\"de\",\"@id\":\"https:\\\/\\\/dutchmicrodosing.com\\\/de\\\/#\\\/schema\\\/logo\\\/image\\\/\",\"url\":\"https:\\\/\\\/dutchmicrodosing.com\\\/wp-content\\\/uploads\\\/2021\\\/01\\\/microdosing-categorie-pic-nieuw.jpg\",\"contentUrl\":\"https:\\\/\\\/dutchmicrodosing.com\\\/wp-content\\\/uploads\\\/2021\\\/01\\\/microdosing-categorie-pic-nieuw.jpg\",\"width\":500,\"height\":500,\"caption\":\"Dutchmicrodosing\"},\"image\":{\"@id\":\"https:\\\/\\\/dutchmicrodosing.com\\\/de\\\/#\\\/schema\\\/logo\\\/image\\\/\"},\"sameAs\":[\"https:\\\/\\\/www.facebook.com\\\/Dutchmicrodosingxp\\\/\",\"https:\\\/\\\/www.instagram.com\\\/dutchmicrodosing\\\/\"]}]}<\/script>\n<meta property=\"product:price:amount\" content=\"19.50\" \/>\n<meta property=\"product:price:currency\" content=\"EUR\" \/>\n<meta property=\"og:availability\" content=\"instock\" \/>\n<meta property=\"product:availability\" content=\"instock\" \/>\n<meta property=\"product:retailer_item_id\" content=\"5207613\" \/>\n<meta property=\"product:condition\" content=\"new\" \/>\n<!-- \/ Yoast SEO Premium plugin. -->","yoast_head_json":{"title":"Kratom Energising Mundspray - Energie-Geschmack - Dutchmicrodosing","description":"Kratom Energising Mundspray - Energie-Geschmack. Sofortiger Energieschub mit der Kraft von Kratom, einfach und schnell zu verwenden.","robots":{"index":"index","follow":"follow","max-snippet":"max-snippet:-1","max-image-preview":"max-image-preview:large","max-video-preview":"max-video-preview:-1"},"canonical":"https:\/\/dutchmicrodosing.com\/de\/botanische-kraeuter\/kratom\/kratom-energising-mundspray-energie-geschmack\/","og_locale":"de_DE","og_type":"article","og_title":"Kratom Energising Mundspray - Energie-Geschmack","og_description":"Das Kratom Energising Mouth Spray - Energy Flavour von Happy Caps ist die L\u00f6sung f\u00fcr alle, die nach sofortiger Konzentration und Energie suchen, ohne sich","og_url":"https:\/\/dutchmicrodosing.com\/de\/botanische-kraeuter\/kratom\/kratom-energising-mundspray-energie-geschmack\/","og_site_name":"Dutchmicrodosing","article_publisher":"https:\/\/www.facebook.com\/Dutchmicrodosingxp\/","article_modified_time":"2025-08-19T15:00:45+00:00","og_image":[{"width":600,"height":600,"url":"https:\/\/dutchmicrodosing.com\/wp-content\/uploads\/2025\/08\/1747750711119-ffyinho5dtswffzsc5ro78ducqy7om-600x600-1.png","type":"image\/png"}],"twitter_card":"summary_large_image","schema":{"@context":"https:\/\/schema.org","@graph":[{"@type":"WebPage","@id":"https:\/\/dutchmicrodosing.com\/de\/botanische-kraeuter\/kratom\/kratom-energising-mundspray-energie-geschmack\/","url":"https:\/\/dutchmicrodosing.com\/de\/botanische-kraeuter\/kratom\/kratom-energising-mundspray-energie-geschmack\/","name":"Kratom Energising Mundspray - Energie-Geschmack - Dutchmicrodosing","isPartOf":{"@id":"https:\/\/dutchmicrodosing.com\/de\/#website"},"primaryImageOfPage":{"@id":"https:\/\/dutchmicrodosing.com\/de\/botanische-kraeuter\/kratom\/kratom-energising-mundspray-energie-geschmack\/#primaryimage"},"image":{"@id":"https:\/\/dutchmicrodosing.com\/de\/botanische-kraeuter\/kratom\/kratom-energising-mundspray-energie-geschmack\/#primaryimage"},"thumbnailUrl":"https:\/\/dutchmicrodosing.com\/wp-content\/uploads\/2025\/08\/1747750711119-ffyinho5dtswffzsc5ro78ducqy7om-600x600-1.png","datePublished":"2025-08-04T08:06:38+00:00","dateModified":"2025-08-19T15:00:45+00:00","description":"Kratom Energising Mundspray - Energie-Geschmack. Sofortiger Energieschub mit der Kraft von Kratom, einfach und schnell zu verwenden.","breadcrumb":{"@id":"https:\/\/dutchmicrodosing.com\/de\/botanische-kraeuter\/kratom\/kratom-energising-mundspray-energie-geschmack\/#breadcrumb"},"inLanguage":"de","potentialAction":[{"@type":"ReadAction","target":["https:\/\/dutchmicrodosing.com\/de\/botanische-kraeuter\/kratom\/kratom-energising-mundspray-energie-geschmack\/"]}]},{"@type":"ImageObject","inLanguage":"de","@id":"https:\/\/dutchmicrodosing.com\/de\/botanische-kraeuter\/kratom\/kratom-energising-mundspray-energie-geschmack\/#primaryimage","url":"https:\/\/dutchmicrodosing.com\/wp-content\/uploads\/2025\/08\/1747750711119-ffyinho5dtswffzsc5ro78ducqy7om-600x600-1.png","contentUrl":"https:\/\/dutchmicrodosing.com\/wp-content\/uploads\/2025\/08\/1747750711119-ffyinho5dtswffzsc5ro78ducqy7om-600x600-1.png","width":600,"height":600},{"@type":"BreadcrumbList","@id":"https:\/\/dutchmicrodosing.com\/de\/botanische-kraeuter\/kratom\/kratom-energising-mundspray-energie-geschmack\/#breadcrumb","itemListElement":[{"@type":"ListItem","position":1,"name":"Home","item":"https:\/\/dutchmicrodosing.com\/de\/"},{"@type":"ListItem","position":2,"name":"Shop","item":"https:\/\/dutchmicrodosing.com\/de\/shop\/"},{"@type":"ListItem","position":3,"name":"Kratom Energising Mundspray &#8211; Energie-Geschmack"}]},{"@type":"WebSite","@id":"https:\/\/dutchmicrodosing.com\/de\/#website","url":"https:\/\/dutchmicrodosing.com\/de\/","name":"Dutchmicrodosing","description":"","publisher":{"@id":"https:\/\/dutchmicrodosing.com\/de\/#organization"},"potentialAction":[{"@type":"SearchAction","target":{"@type":"EntryPoint","urlTemplate":"https:\/\/dutchmicrodosing.com\/de\/?s={search_term_string}"},"query-input":{"@type":"PropertyValueSpecification","valueRequired":true,"valueName":"search_term_string"}}],"inLanguage":"de"},{"@type":"Organization","@id":"https:\/\/dutchmicrodosing.com\/de\/#organization","name":"Dutchmicrodosing","url":"https:\/\/dutchmicrodosing.com\/de\/","logo":{"@type":"ImageObject","inLanguage":"de","@id":"https:\/\/dutchmicrodosing.com\/de\/#\/schema\/logo\/image\/","url":"https:\/\/dutchmicrodosing.com\/wp-content\/uploads\/2021\/01\/microdosing-categorie-pic-nieuw.jpg","contentUrl":"https:\/\/dutchmicrodosing.com\/wp-content\/uploads\/2021\/01\/microdosing-categorie-pic-nieuw.jpg","width":500,"height":500,"caption":"Dutchmicrodosing"},"image":{"@id":"https:\/\/dutchmicrodosing.com\/de\/#\/schema\/logo\/image\/"},"sameAs":["https:\/\/www.facebook.com\/Dutchmicrodosingxp\/","https:\/\/www.instagram.com\/dutchmicrodosing\/"]}]},"product_price_amount":"19.50","product_price_currency":"EUR","og_availability":"instock","product_availability":"instock","product_retailer_item_id":"5207613","product_condition":"new"},"_links":{"self":[{"href":"https:\/\/dutchmicrodosing.com\/de\/wp-json\/wp\/v2\/product\/52662","targetHints":{"allow":["GET"]}}],"collection":[{"href":"https:\/\/dutchmicrodosing.com\/de\/wp-json\/wp\/v2\/product"}],"about":[{"href":"https:\/\/dutchmicrodosing.com\/de\/wp-json\/wp\/v2\/types\/product"}],"replies":[{"embeddable":true,"href":"https:\/\/dutchmicrodosing.com\/de\/wp-json\/wp\/v2\/comments?post=52662"}],"version-history":[{"count":0,"href":"https:\/\/dutchmicrodosing.com\/de\/wp-json\/wp\/v2\/product\/52662\/revisions"}],"wp:featuredmedia":[{"embeddable":true,"href":"https:\/\/dutchmicrodosing.com\/de\/wp-json\/wp\/v2\/media\/52656"}],"wp:attachment":[{"href":"https:\/\/dutchmicrodosing.com\/de\/wp-json\/wp\/v2\/media?parent=52662"}],"wp:term":[{"taxonomy":"product_brand","embeddable":true,"href":"https:\/\/dutchmicrodosing.com\/de\/wp-json\/wp\/v2\/product_brand?post=52662"},{"taxonomy":"product_cat","embeddable":true,"href":"https:\/\/dutchmicrodosing.com\/de\/wp-json\/wp\/v2\/product_cat?post=52662"},{"taxonomy":"product_tag","embeddable":true,"href":"https:\/\/dutchmicrodosing.com\/de\/wp-json\/wp\/v2\/product_tag?post=52662"}],"curies":[{"name":"wp","href":"https:\/\/api.w.org\/{rel}","templated":true}]}}