{"id":55170,"date":"2025-05-21T20:32:17","date_gmt":"2025-05-21T18:32:17","guid":{"rendered":"https:\/\/dutchmicrodosing.com\/shop\/unkategorisiert\/micro-boost-start-coaching\/"},"modified":"2025-09-01T18:00:27","modified_gmt":"2025-09-01T16:00:27","slug":"micro-boost-start-coaching","status":"publish","type":"product","link":"https:\/\/dutchmicrodosing.com\/de\/mikrodosierung\/micro-boost-start-coaching\/","title":{"rendered":"Micro Boost Start &#8211; Coaching"},"content":{"rendered":"<p><strong>Micro Boost Start<\/strong> wurde speziell f\u00fcr alle entwickelt, die mehr \u00fcber die Mikrodosierung erfahren und auf einfache Weise entdecken m\u00f6chten, was sie f\u00fcr sie tun kann. In einer etwa 40-min\u00fctigen Sitzung werden Sie in die Grundlagen des Mikrodosierens eingef\u00fchrt und erfahren, wie es in Kombination mit Coaching die pers\u00f6nliche Entwicklung unterst\u00fctzen kann.<\/p>\n<p>Diese Sitzung ist ideal, wenn Sie neugierig auf Mikrodosierung sind, aber erst einmal in Ruhe erkunden wollen, ob dieser Ansatz zu Ihnen passt &#8211; ohne gleich eine langfristige Reise anzutreten.<\/p>\n<h3>Eigenschaften<\/h3>\n<ul>\n<li>Micro Boost Start gibt Ihnen eine klare Erkl\u00e4rung, was Mikrodosierung bedeutet<\/li>\n<li>Pers\u00f6nliche Einzelsitzung von ca. 40 Minuten mit einem erfahrenen Coach<\/li>\n<li>Raum f\u00fcr Fragen, Erkundungen und praktische Erkenntnisse<\/li>\n<li>Keine Verpflichtungen: Unverbindlich und zug\u00e4nglich<\/li>\n<\/ul>\n<h3>Inhalt<\/h3>\n<p>Der Kurs besteht aus einer Einf\u00fchrungsveranstaltung, einer Einf\u00fchrung in die Mikrodosierung und die bewusste Zielanwendung, erg\u00e4nzt durch pers\u00f6nlich zugeschnittene Tipps.<\/p>\n","protected":false},"excerpt":{"rendered":"<p>Micro Boost Start wurde speziell f\u00fcr alle entwickelt, die mehr \u00fcber die Mikrodosierung erfahren und auf einfache Weise entdecken m\u00f6chten, was sie f\u00fcr sie tun kann. In einer etwa 40-min\u00fctigen Sitzung werden Sie in die Grundlagen des Mikrodosierens eingef\u00fchrt und erfahren, wie es in Kombination mit Coaching die pers\u00f6nliche Entwicklung unterst\u00fctzen kann. Diese Sitzung ist [&hellip;]<\/p>\n","protected":false},"featured_media":54954,"comment_status":"closed","ping_status":"closed","template":"","meta":[],"product_brand":[],"product_cat":[111],"product_tag":[],"class_list":{"0":"post-55170","1":"product","2":"type-product","3":"status-publish","4":"has-post-thumbnail","6":"product_cat-mikrodosierung","8":"first","9":"instock","10":"downloadable","11":"virtual","12":"taxable","13":"purchasable","14":"product-type-simple"},"yoast_head":"<!-- This site is optimized with the Yoast SEO Premium plugin v26.4 (Yoast SEO v27.2) - https:\/\/yoast.com\/product\/yoast-seo-premium-wordpress\/ -->\n<title>Micro Boost Start - Starten Sie Ihr Coaching mit Insight &amp; Focus<\/title>\n<meta name=\"description\" content=\"Beginnen Sie Ihre pers\u00f6nliche Wachstumsreise mit einem 1-on-1-Coaching von 40 Minuten. Klarheit, Orientierung und ein erster Schritt zur Ver\u00e4nderung durch Mikrodosierung.\" \/>\n<meta name=\"robots\" content=\"index, follow, max-snippet:-1, max-image-preview:large, max-video-preview:-1\" \/>\n<link rel=\"canonical\" href=\"https:\/\/dutchmicrodosing.com\/de\/mikrodosierung\/micro-boost-start-coaching\/\" \/>\n<meta property=\"og:locale\" content=\"de_DE\" \/>\n<meta property=\"og:type\" content=\"article\" \/>\n<meta property=\"og:title\" content=\"Micro Boost Start - Coaching\" \/>\n<meta property=\"og:description\" content=\"Micro Boost Start wurde speziell f\u00fcr alle entwickelt, die mehr \u00fcber die Mikrodosierung erfahren und auf einfache Weise entdecken m\u00f6chten, was sie f\u00fcr sie\" \/>\n<meta property=\"og:url\" content=\"https:\/\/dutchmicrodosing.com\/de\/mikrodosierung\/micro-boost-start-coaching\/\" \/>\n<meta property=\"og:site_name\" content=\"Dutchmicrodosing\" \/>\n<meta property=\"article:publisher\" content=\"https:\/\/www.facebook.com\/Dutchmicrodosingxp\/\" \/>\n<meta property=\"article:modified_time\" content=\"2025-09-01T16:00:27+00:00\" \/>\n<meta property=\"og:image\" content=\"https:\/\/dutchmicrodosing.com\/wp-content\/uploads\/2025\/08\/b282d6d2-5229-42be-b568-458c20ca5a11.png\" \/>\n\t<meta property=\"og:image:width\" content=\"1024\" \/>\n\t<meta property=\"og:image:height\" content=\"1024\" \/>\n\t<meta property=\"og:image:type\" content=\"image\/png\" \/>\n<meta name=\"twitter:card\" content=\"summary_large_image\" \/>\n<script type=\"application\/ld+json\" class=\"yoast-schema-graph\">{\"@context\":\"https:\/\/schema.org\",\"@graph\":[{\"@type\":\"WebPage\",\"@id\":\"https:\/\/dutchmicrodosing.com\/de\/mikrodosierung\/micro-boost-start-coaching\/\",\"url\":\"https:\/\/dutchmicrodosing.com\/de\/mikrodosierung\/micro-boost-start-coaching\/\",\"name\":\"Micro Boost Start - Starten Sie Ihr Coaching mit Insight & Focus\",\"isPartOf\":{\"@id\":\"https:\/\/dutchmicrodosing.com\/de\/#website\"},\"primaryImageOfPage\":{\"@id\":\"https:\/\/dutchmicrodosing.com\/de\/mikrodosierung\/micro-boost-start-coaching\/#primaryimage\"},\"image\":{\"@id\":\"https:\/\/dutchmicrodosing.com\/de\/mikrodosierung\/micro-boost-start-coaching\/#primaryimage\"},\"thumbnailUrl\":\"https:\/\/dutchmicrodosing.com\/wp-content\/uploads\/2025\/08\/b282d6d2-5229-42be-b568-458c20ca5a11.png\",\"datePublished\":\"2025-05-21T18:32:17+00:00\",\"dateModified\":\"2025-09-01T16:00:27+00:00\",\"description\":\"Beginnen Sie Ihre pers\u00f6nliche Wachstumsreise mit einem 1-on-1-Coaching von 40 Minuten. Klarheit, Orientierung und ein erster Schritt zur Ver\u00e4nderung durch Mikrodosierung.\",\"breadcrumb\":{\"@id\":\"https:\/\/dutchmicrodosing.com\/de\/mikrodosierung\/micro-boost-start-coaching\/#breadcrumb\"},\"inLanguage\":\"de\",\"potentialAction\":[{\"@type\":\"ReadAction\",\"target\":[\"https:\/\/dutchmicrodosing.com\/de\/mikrodosierung\/micro-boost-start-coaching\/\"]}]},{\"@type\":\"ImageObject\",\"inLanguage\":\"de\",\"@id\":\"https:\/\/dutchmicrodosing.com\/de\/mikrodosierung\/micro-boost-start-coaching\/#primaryimage\",\"url\":\"https:\/\/dutchmicrodosing.com\/wp-content\/uploads\/2025\/08\/b282d6d2-5229-42be-b568-458c20ca5a11.png\",\"contentUrl\":\"https:\/\/dutchmicrodosing.com\/wp-content\/uploads\/2025\/08\/b282d6d2-5229-42be-b568-458c20ca5a11.png\",\"width\":1024,\"height\":1024,\"caption\":\"Mikrodosis-Start\"},{\"@type\":\"BreadcrumbList\",\"@id\":\"https:\/\/dutchmicrodosing.com\/de\/mikrodosierung\/micro-boost-start-coaching\/#breadcrumb\",\"itemListElement\":[{\"@type\":\"ListItem\",\"position\":1,\"name\":\"Home\",\"item\":\"https:\/\/dutchmicrodosing.com\/de\/\"},{\"@type\":\"ListItem\",\"position\":2,\"name\":\"Shop\",\"item\":\"https:\/\/dutchmicrodosing.com\/de\/shop\/\"},{\"@type\":\"ListItem\",\"position\":3,\"name\":\"Micro Boost Start &#8211; Coaching\"}]},{\"@type\":\"WebSite\",\"@id\":\"https:\/\/dutchmicrodosing.com\/de\/#website\",\"url\":\"https:\/\/dutchmicrodosing.com\/de\/\",\"name\":\"Dutchmicrodosing\",\"description\":\"\",\"publisher\":{\"@id\":\"https:\/\/dutchmicrodosing.com\/de\/#organization\"},\"potentialAction\":[{\"@type\":\"SearchAction\",\"target\":{\"@type\":\"EntryPoint\",\"urlTemplate\":\"https:\/\/dutchmicrodosing.com\/de\/?s={search_term_string}\"},\"query-input\":{\"@type\":\"PropertyValueSpecification\",\"valueRequired\":true,\"valueName\":\"search_term_string\"}}],\"inLanguage\":\"de\"},{\"@type\":\"Organization\",\"@id\":\"https:\/\/dutchmicrodosing.com\/de\/#organization\",\"name\":\"Dutchmicrodosing\",\"url\":\"https:\/\/dutchmicrodosing.com\/de\/\",\"logo\":{\"@type\":\"ImageObject\",\"inLanguage\":\"de\",\"@id\":\"https:\/\/dutchmicrodosing.com\/de\/#\/schema\/logo\/image\/\",\"url\":\"https:\/\/dutchmicrodosing.com\/wp-content\/uploads\/2021\/01\/microdosing-categorie-pic-nieuw.jpg\",\"contentUrl\":\"https:\/\/dutchmicrodosing.com\/wp-content\/uploads\/2021\/01\/microdosing-categorie-pic-nieuw.jpg\",\"width\":500,\"height\":500,\"caption\":\"Dutchmicrodosing\"},\"image\":{\"@id\":\"https:\/\/dutchmicrodosing.com\/de\/#\/schema\/logo\/image\/\"},\"sameAs\":[\"https:\/\/www.facebook.com\/Dutchmicrodosingxp\/\",\"https:\/\/www.instagram.com\/dutchmicrodosing\/\"]}]}<\/script>\n<meta property=\"product:price:amount\" content=\"75.00\" \/>\n<meta property=\"product:price:currency\" content=\"EUR\" \/>\n<meta property=\"og:availability\" content=\"instock\" \/>\n<meta property=\"product:availability\" content=\"instock\" \/>\n<meta property=\"product:retailer_item_id\" content=\"5208782\" \/>\n<meta property=\"product:condition\" content=\"new\" \/>\n<!-- \/ Yoast SEO Premium plugin. -->","yoast_head_json":{"title":"Micro Boost Start - Starten Sie Ihr Coaching mit Insight & Focus","description":"Beginnen Sie Ihre pers\u00f6nliche Wachstumsreise mit einem 1-on-1-Coaching von 40 Minuten. Klarheit, Orientierung und ein erster Schritt zur Ver\u00e4nderung durch Mikrodosierung.","robots":{"index":"index","follow":"follow","max-snippet":"max-snippet:-1","max-image-preview":"max-image-preview:large","max-video-preview":"max-video-preview:-1"},"canonical":"https:\/\/dutchmicrodosing.com\/de\/mikrodosierung\/micro-boost-start-coaching\/","og_locale":"de_DE","og_type":"article","og_title":"Micro Boost Start - Coaching","og_description":"Micro Boost Start wurde speziell f\u00fcr alle entwickelt, die mehr \u00fcber die Mikrodosierung erfahren und auf einfache Weise entdecken m\u00f6chten, was sie f\u00fcr sie","og_url":"https:\/\/dutchmicrodosing.com\/de\/mikrodosierung\/micro-boost-start-coaching\/","og_site_name":"Dutchmicrodosing","article_publisher":"https:\/\/www.facebook.com\/Dutchmicrodosingxp\/","article_modified_time":"2025-09-01T16:00:27+00:00","og_image":[{"width":1024,"height":1024,"url":"https:\/\/dutchmicrodosing.com\/wp-content\/uploads\/2025\/08\/b282d6d2-5229-42be-b568-458c20ca5a11.png","type":"image\/png"}],"twitter_card":"summary_large_image","schema":{"@context":"https:\/\/schema.org","@graph":[{"@type":"WebPage","@id":"https:\/\/dutchmicrodosing.com\/de\/mikrodosierung\/micro-boost-start-coaching\/","url":"https:\/\/dutchmicrodosing.com\/de\/mikrodosierung\/micro-boost-start-coaching\/","name":"Micro Boost Start - Starten Sie Ihr Coaching mit Insight & Focus","isPartOf":{"@id":"https:\/\/dutchmicrodosing.com\/de\/#website"},"primaryImageOfPage":{"@id":"https:\/\/dutchmicrodosing.com\/de\/mikrodosierung\/micro-boost-start-coaching\/#primaryimage"},"image":{"@id":"https:\/\/dutchmicrodosing.com\/de\/mikrodosierung\/micro-boost-start-coaching\/#primaryimage"},"thumbnailUrl":"https:\/\/dutchmicrodosing.com\/wp-content\/uploads\/2025\/08\/b282d6d2-5229-42be-b568-458c20ca5a11.png","datePublished":"2025-05-21T18:32:17+00:00","dateModified":"2025-09-01T16:00:27+00:00","description":"Beginnen Sie Ihre pers\u00f6nliche Wachstumsreise mit einem 1-on-1-Coaching von 40 Minuten. Klarheit, Orientierung und ein erster Schritt zur Ver\u00e4nderung durch Mikrodosierung.","breadcrumb":{"@id":"https:\/\/dutchmicrodosing.com\/de\/mikrodosierung\/micro-boost-start-coaching\/#breadcrumb"},"inLanguage":"de","potentialAction":[{"@type":"ReadAction","target":["https:\/\/dutchmicrodosing.com\/de\/mikrodosierung\/micro-boost-start-coaching\/"]}]},{"@type":"ImageObject","inLanguage":"de","@id":"https:\/\/dutchmicrodosing.com\/de\/mikrodosierung\/micro-boost-start-coaching\/#primaryimage","url":"https:\/\/dutchmicrodosing.com\/wp-content\/uploads\/2025\/08\/b282d6d2-5229-42be-b568-458c20ca5a11.png","contentUrl":"https:\/\/dutchmicrodosing.com\/wp-content\/uploads\/2025\/08\/b282d6d2-5229-42be-b568-458c20ca5a11.png","width":1024,"height":1024,"caption":"Mikrodosis-Start"},{"@type":"BreadcrumbList","@id":"https:\/\/dutchmicrodosing.com\/de\/mikrodosierung\/micro-boost-start-coaching\/#breadcrumb","itemListElement":[{"@type":"ListItem","position":1,"name":"Home","item":"https:\/\/dutchmicrodosing.com\/de\/"},{"@type":"ListItem","position":2,"name":"Shop","item":"https:\/\/dutchmicrodosing.com\/de\/shop\/"},{"@type":"ListItem","position":3,"name":"Micro Boost Start &#8211; Coaching"}]},{"@type":"WebSite","@id":"https:\/\/dutchmicrodosing.com\/de\/#website","url":"https:\/\/dutchmicrodosing.com\/de\/","name":"Dutchmicrodosing","description":"","publisher":{"@id":"https:\/\/dutchmicrodosing.com\/de\/#organization"},"potentialAction":[{"@type":"SearchAction","target":{"@type":"EntryPoint","urlTemplate":"https:\/\/dutchmicrodosing.com\/de\/?s={search_term_string}"},"query-input":{"@type":"PropertyValueSpecification","valueRequired":true,"valueName":"search_term_string"}}],"inLanguage":"de"},{"@type":"Organization","@id":"https:\/\/dutchmicrodosing.com\/de\/#organization","name":"Dutchmicrodosing","url":"https:\/\/dutchmicrodosing.com\/de\/","logo":{"@type":"ImageObject","inLanguage":"de","@id":"https:\/\/dutchmicrodosing.com\/de\/#\/schema\/logo\/image\/","url":"https:\/\/dutchmicrodosing.com\/wp-content\/uploads\/2021\/01\/microdosing-categorie-pic-nieuw.jpg","contentUrl":"https:\/\/dutchmicrodosing.com\/wp-content\/uploads\/2021\/01\/microdosing-categorie-pic-nieuw.jpg","width":500,"height":500,"caption":"Dutchmicrodosing"},"image":{"@id":"https:\/\/dutchmicrodosing.com\/de\/#\/schema\/logo\/image\/"},"sameAs":["https:\/\/www.facebook.com\/Dutchmicrodosingxp\/","https:\/\/www.instagram.com\/dutchmicrodosing\/"]}]},"product_price_amount":"75.00","product_price_currency":"EUR","og_availability":"instock","product_availability":"instock","product_retailer_item_id":"5208782","product_condition":"new"},"_links":{"self":[{"href":"https:\/\/dutchmicrodosing.com\/de\/wp-json\/wp\/v2\/product\/55170","targetHints":{"allow":["GET"]}}],"collection":[{"href":"https:\/\/dutchmicrodosing.com\/de\/wp-json\/wp\/v2\/product"}],"about":[{"href":"https:\/\/dutchmicrodosing.com\/de\/wp-json\/wp\/v2\/types\/product"}],"replies":[{"embeddable":true,"href":"https:\/\/dutchmicrodosing.com\/de\/wp-json\/wp\/v2\/comments?post=55170"}],"version-history":[{"count":0,"href":"https:\/\/dutchmicrodosing.com\/de\/wp-json\/wp\/v2\/product\/55170\/revisions"}],"wp:featuredmedia":[{"embeddable":true,"href":"https:\/\/dutchmicrodosing.com\/de\/wp-json\/wp\/v2\/media\/54954"}],"wp:attachment":[{"href":"https:\/\/dutchmicrodosing.com\/de\/wp-json\/wp\/v2\/media?parent=55170"}],"wp:term":[{"taxonomy":"product_brand","embeddable":true,"href":"https:\/\/dutchmicrodosing.com\/de\/wp-json\/wp\/v2\/product_brand?post=55170"},{"taxonomy":"product_cat","embeddable":true,"href":"https:\/\/dutchmicrodosing.com\/de\/wp-json\/wp\/v2\/product_cat?post=55170"},{"taxonomy":"product_tag","embeddable":true,"href":"https:\/\/dutchmicrodosing.com\/de\/wp-json\/wp\/v2\/product_tag?post=55170"}],"curies":[{"name":"wp","href":"https:\/\/api.w.org\/{rel}","templated":true}]}}