{"id":55180,"date":"2025-05-21T20:36:21","date_gmt":"2025-05-21T18:36:21","guid":{"rendered":"https:\/\/dutchmicrodosing.com\/shop\/unkategorisiert\/wohlbefinden-balance-mastery-coaching\/"},"modified":"2025-09-01T17:56:25","modified_gmt":"2025-09-01T15:56:25","slug":"wohlbefinden-balance-mastery-coaching","status":"publish","type":"product","link":"https:\/\/dutchmicrodosing.com\/de\/mikrodosierung\/wohlbefinden-balance-mastery-coaching\/","title":{"rendered":"Wohlbefinden &amp; Balance Mastery &#8211; Coaching"},"content":{"rendered":"<p><strong>Well-being &amp; Balance Mastery<\/strong> ist ein intensives Programm mit acht Sitzungen, das speziell f\u00fcr diejenigen entwickelt wurde, die sich nach tiefgreifender Transformation und dauerhafter Ver\u00e4nderung sehnen. Dieses Coaching-Programm bietet Raum, um wirklich zum Kern zu kommen &#8211; in Ihrem Denken, F\u00fchlen und Handeln.<\/p>\n<p>Gemeinsam mit einem erfahrenen Coach arbeiten Sie daran, alte Muster zu durchbrechen, Ihre innere St\u00e4rke zu st\u00e4rken und Frieden und Ausgeglichenheit in Ihrem Leben zu schaffen. Sie beginnen mit einer 90-min\u00fctigen Einf\u00fchrungssitzung, gefolgt von acht 60-min\u00fctigen Coaching-Sitzungen. Keine schnellen L\u00f6sungen, sondern ein nachhaltiger Prozess, bei dem Sie im Mittelpunkt stehen.<\/p>\n<h3>Eigenschaften<\/h3>\n<ul>\n<li>Acht ausf\u00fchrliche Einzelsitzungen mit pers\u00f6nlicher Betreuung<\/li>\n<li>Schwerpunkt auf Gleichgewicht, Stressabbau und Selbsterkenntnis<\/li>\n<li>Raum zum Erkennen und Durchbrechen alter Muster<\/li>\n<li>St\u00e4rkt Ihre innere St\u00e4rke und Ihr Selbstbewusstsein<\/li>\n<li>M\u00f6glichkeit der Integration der Mikrodosierung (fakultativ und nicht obligatorisch)<\/li>\n<\/ul>\n<h3>Inhalt<\/h3>\n<p>Das Programm besteht aus einer Einf\u00fchrungsveranstaltung und acht Coaching-Sitzungen, die Anleitung, Reflexion und Aktion miteinander verbinden.<\/p>\n","protected":false},"excerpt":{"rendered":"<p>Well-being &amp; Balance Mastery ist ein intensives Programm mit acht Sitzungen, das speziell f\u00fcr diejenigen entwickelt wurde, die sich nach tiefgreifender Transformation und dauerhafter Ver\u00e4nderung sehnen. Dieses Coaching-Programm bietet Raum, um wirklich zum Kern zu kommen &#8211; in Ihrem Denken, F\u00fchlen und Handeln. Gemeinsam mit einem erfahrenen Coach arbeiten Sie daran, alte Muster zu durchbrechen, [&hellip;]<\/p>\n","protected":false},"featured_media":54945,"comment_status":"closed","ping_status":"closed","template":"","meta":[],"product_brand":[],"product_cat":[111],"product_tag":[],"class_list":{"0":"post-55180","1":"product","2":"type-product","3":"status-publish","4":"has-post-thumbnail","6":"product_cat-mikrodosierung","8":"first","9":"instock","10":"downloadable","11":"virtual","12":"taxable","13":"purchasable","14":"product-type-simple"},"yoast_head":"<!-- This site is optimized with the Yoast SEO Premium plugin v26.4 (Yoast SEO v27.2) - https:\/\/yoast.com\/product\/yoast-seo-premium-wordpress\/ -->\n<title>Well-being &amp; Balance Mastery - Coaching f\u00fcr innere Ruhe<\/title>\n<meta name=\"description\" content=\"Erleben Sie Ausgeglichenheit und Wohlbefinden mit diesem 9-sitzigen Coaching-Programm. Vertiefen Sie Ihre Selbsterkenntnis, st\u00e4rken Sie Ihre Widerstandskraft und leben Sie aus dem Frieden und dem Bewusstsein heraus.\" \/>\n<meta name=\"robots\" content=\"index, follow, max-snippet:-1, max-image-preview:large, max-video-preview:-1\" \/>\n<link rel=\"canonical\" href=\"https:\/\/dutchmicrodosing.com\/de\/mikrodosierung\/wohlbefinden-balance-mastery-coaching\/\" \/>\n<meta property=\"og:locale\" content=\"de_DE\" \/>\n<meta property=\"og:type\" content=\"article\" \/>\n<meta property=\"og:title\" content=\"Wohlbefinden &amp; Balance Mastery - Coaching\" \/>\n<meta property=\"og:description\" content=\"Well-being &amp; Balance Mastery ist ein intensives Programm mit acht Sitzungen, das speziell f\u00fcr diejenigen entwickelt wurde, die sich nach\" \/>\n<meta property=\"og:url\" content=\"https:\/\/dutchmicrodosing.com\/de\/mikrodosierung\/wohlbefinden-balance-mastery-coaching\/\" \/>\n<meta property=\"og:site_name\" content=\"Dutchmicrodosing\" \/>\n<meta property=\"article:publisher\" content=\"https:\/\/www.facebook.com\/Dutchmicrodosingxp\/\" \/>\n<meta property=\"article:modified_time\" content=\"2025-09-01T15:56:25+00:00\" \/>\n<meta property=\"og:image\" content=\"https:\/\/dutchmicrodosing.com\/wp-content\/uploads\/2025\/08\/447b653f-710b-4127-8b3d-f1fd2ad7c02b.png\" \/>\n\t<meta property=\"og:image:width\" content=\"1024\" \/>\n\t<meta property=\"og:image:height\" content=\"1024\" \/>\n\t<meta property=\"og:image:type\" content=\"image\/png\" \/>\n<meta name=\"twitter:card\" content=\"summary_large_image\" \/>\n<script type=\"application\/ld+json\" class=\"yoast-schema-graph\">{\"@context\":\"https:\/\/schema.org\",\"@graph\":[{\"@type\":\"WebPage\",\"@id\":\"https:\/\/dutchmicrodosing.com\/de\/mikrodosierung\/wohlbefinden-balance-mastery-coaching\/\",\"url\":\"https:\/\/dutchmicrodosing.com\/de\/mikrodosierung\/wohlbefinden-balance-mastery-coaching\/\",\"name\":\"Well-being & Balance Mastery - Coaching f\u00fcr innere Ruhe\",\"isPartOf\":{\"@id\":\"https:\/\/dutchmicrodosing.com\/de\/#website\"},\"primaryImageOfPage\":{\"@id\":\"https:\/\/dutchmicrodosing.com\/de\/mikrodosierung\/wohlbefinden-balance-mastery-coaching\/#primaryimage\"},\"image\":{\"@id\":\"https:\/\/dutchmicrodosing.com\/de\/mikrodosierung\/wohlbefinden-balance-mastery-coaching\/#primaryimage\"},\"thumbnailUrl\":\"https:\/\/dutchmicrodosing.com\/wp-content\/uploads\/2025\/08\/447b653f-710b-4127-8b3d-f1fd2ad7c02b.png\",\"datePublished\":\"2025-05-21T18:36:21+00:00\",\"dateModified\":\"2025-09-01T15:56:25+00:00\",\"description\":\"Erleben Sie Ausgeglichenheit und Wohlbefinden mit diesem 9-sitzigen Coaching-Programm. Vertiefen Sie Ihre Selbsterkenntnis, st\u00e4rken Sie Ihre Widerstandskraft und leben Sie aus dem Frieden und dem Bewusstsein heraus.\",\"breadcrumb\":{\"@id\":\"https:\/\/dutchmicrodosing.com\/de\/mikrodosierung\/wohlbefinden-balance-mastery-coaching\/#breadcrumb\"},\"inLanguage\":\"de\",\"potentialAction\":[{\"@type\":\"ReadAction\",\"target\":[\"https:\/\/dutchmicrodosing.com\/de\/mikrodosierung\/wohlbefinden-balance-mastery-coaching\/\"]}]},{\"@type\":\"ImageObject\",\"inLanguage\":\"de\",\"@id\":\"https:\/\/dutchmicrodosing.com\/de\/mikrodosierung\/wohlbefinden-balance-mastery-coaching\/#primaryimage\",\"url\":\"https:\/\/dutchmicrodosing.com\/wp-content\/uploads\/2025\/08\/447b653f-710b-4127-8b3d-f1fd2ad7c02b.png\",\"contentUrl\":\"https:\/\/dutchmicrodosing.com\/wp-content\/uploads\/2025\/08\/447b653f-710b-4127-8b3d-f1fd2ad7c02b.png\",\"width\":1024,\"height\":1024,\"caption\":\"WOHLBEFINDEN &amp; GLEICHGEWICHT MEISTERN\"},{\"@type\":\"BreadcrumbList\",\"@id\":\"https:\/\/dutchmicrodosing.com\/de\/mikrodosierung\/wohlbefinden-balance-mastery-coaching\/#breadcrumb\",\"itemListElement\":[{\"@type\":\"ListItem\",\"position\":1,\"name\":\"Home\",\"item\":\"https:\/\/dutchmicrodosing.com\/de\/\"},{\"@type\":\"ListItem\",\"position\":2,\"name\":\"Shop\",\"item\":\"https:\/\/dutchmicrodosing.com\/de\/shop\/\"},{\"@type\":\"ListItem\",\"position\":3,\"name\":\"Wohlbefinden &amp; Balance Mastery &#8211; Coaching\"}]},{\"@type\":\"WebSite\",\"@id\":\"https:\/\/dutchmicrodosing.com\/de\/#website\",\"url\":\"https:\/\/dutchmicrodosing.com\/de\/\",\"name\":\"Dutchmicrodosing\",\"description\":\"\",\"publisher\":{\"@id\":\"https:\/\/dutchmicrodosing.com\/de\/#organization\"},\"potentialAction\":[{\"@type\":\"SearchAction\",\"target\":{\"@type\":\"EntryPoint\",\"urlTemplate\":\"https:\/\/dutchmicrodosing.com\/de\/?s={search_term_string}\"},\"query-input\":{\"@type\":\"PropertyValueSpecification\",\"valueRequired\":true,\"valueName\":\"search_term_string\"}}],\"inLanguage\":\"de\"},{\"@type\":\"Organization\",\"@id\":\"https:\/\/dutchmicrodosing.com\/de\/#organization\",\"name\":\"Dutchmicrodosing\",\"url\":\"https:\/\/dutchmicrodosing.com\/de\/\",\"logo\":{\"@type\":\"ImageObject\",\"inLanguage\":\"de\",\"@id\":\"https:\/\/dutchmicrodosing.com\/de\/#\/schema\/logo\/image\/\",\"url\":\"https:\/\/dutchmicrodosing.com\/wp-content\/uploads\/2021\/01\/microdosing-categorie-pic-nieuw.jpg\",\"contentUrl\":\"https:\/\/dutchmicrodosing.com\/wp-content\/uploads\/2021\/01\/microdosing-categorie-pic-nieuw.jpg\",\"width\":500,\"height\":500,\"caption\":\"Dutchmicrodosing\"},\"image\":{\"@id\":\"https:\/\/dutchmicrodosing.com\/de\/#\/schema\/logo\/image\/\"},\"sameAs\":[\"https:\/\/www.facebook.com\/Dutchmicrodosingxp\/\",\"https:\/\/www.instagram.com\/dutchmicrodosing\/\"]}]}<\/script>\n<meta property=\"product:price:amount\" content=\"1375.00\" \/>\n<meta property=\"product:price:currency\" content=\"EUR\" \/>\n<meta property=\"og:availability\" content=\"instock\" \/>\n<meta property=\"product:availability\" content=\"instock\" \/>\n<meta property=\"product:retailer_item_id\" content=\"5208940\" \/>\n<meta property=\"product:condition\" content=\"new\" \/>\n<!-- \/ Yoast SEO Premium plugin. -->","yoast_head_json":{"title":"Well-being & Balance Mastery - Coaching f\u00fcr innere Ruhe","description":"Erleben Sie Ausgeglichenheit und Wohlbefinden mit diesem 9-sitzigen Coaching-Programm. Vertiefen Sie Ihre Selbsterkenntnis, st\u00e4rken Sie Ihre Widerstandskraft und leben Sie aus dem Frieden und dem Bewusstsein heraus.","robots":{"index":"index","follow":"follow","max-snippet":"max-snippet:-1","max-image-preview":"max-image-preview:large","max-video-preview":"max-video-preview:-1"},"canonical":"https:\/\/dutchmicrodosing.com\/de\/mikrodosierung\/wohlbefinden-balance-mastery-coaching\/","og_locale":"de_DE","og_type":"article","og_title":"Wohlbefinden &amp; Balance Mastery - Coaching","og_description":"Well-being &amp; Balance Mastery ist ein intensives Programm mit acht Sitzungen, das speziell f\u00fcr diejenigen entwickelt wurde, die sich nach","og_url":"https:\/\/dutchmicrodosing.com\/de\/mikrodosierung\/wohlbefinden-balance-mastery-coaching\/","og_site_name":"Dutchmicrodosing","article_publisher":"https:\/\/www.facebook.com\/Dutchmicrodosingxp\/","article_modified_time":"2025-09-01T15:56:25+00:00","og_image":[{"width":1024,"height":1024,"url":"https:\/\/dutchmicrodosing.com\/wp-content\/uploads\/2025\/08\/447b653f-710b-4127-8b3d-f1fd2ad7c02b.png","type":"image\/png"}],"twitter_card":"summary_large_image","schema":{"@context":"https:\/\/schema.org","@graph":[{"@type":"WebPage","@id":"https:\/\/dutchmicrodosing.com\/de\/mikrodosierung\/wohlbefinden-balance-mastery-coaching\/","url":"https:\/\/dutchmicrodosing.com\/de\/mikrodosierung\/wohlbefinden-balance-mastery-coaching\/","name":"Well-being & Balance Mastery - Coaching f\u00fcr innere Ruhe","isPartOf":{"@id":"https:\/\/dutchmicrodosing.com\/de\/#website"},"primaryImageOfPage":{"@id":"https:\/\/dutchmicrodosing.com\/de\/mikrodosierung\/wohlbefinden-balance-mastery-coaching\/#primaryimage"},"image":{"@id":"https:\/\/dutchmicrodosing.com\/de\/mikrodosierung\/wohlbefinden-balance-mastery-coaching\/#primaryimage"},"thumbnailUrl":"https:\/\/dutchmicrodosing.com\/wp-content\/uploads\/2025\/08\/447b653f-710b-4127-8b3d-f1fd2ad7c02b.png","datePublished":"2025-05-21T18:36:21+00:00","dateModified":"2025-09-01T15:56:25+00:00","description":"Erleben Sie Ausgeglichenheit und Wohlbefinden mit diesem 9-sitzigen Coaching-Programm. Vertiefen Sie Ihre Selbsterkenntnis, st\u00e4rken Sie Ihre Widerstandskraft und leben Sie aus dem Frieden und dem Bewusstsein heraus.","breadcrumb":{"@id":"https:\/\/dutchmicrodosing.com\/de\/mikrodosierung\/wohlbefinden-balance-mastery-coaching\/#breadcrumb"},"inLanguage":"de","potentialAction":[{"@type":"ReadAction","target":["https:\/\/dutchmicrodosing.com\/de\/mikrodosierung\/wohlbefinden-balance-mastery-coaching\/"]}]},{"@type":"ImageObject","inLanguage":"de","@id":"https:\/\/dutchmicrodosing.com\/de\/mikrodosierung\/wohlbefinden-balance-mastery-coaching\/#primaryimage","url":"https:\/\/dutchmicrodosing.com\/wp-content\/uploads\/2025\/08\/447b653f-710b-4127-8b3d-f1fd2ad7c02b.png","contentUrl":"https:\/\/dutchmicrodosing.com\/wp-content\/uploads\/2025\/08\/447b653f-710b-4127-8b3d-f1fd2ad7c02b.png","width":1024,"height":1024,"caption":"WOHLBEFINDEN &amp; GLEICHGEWICHT MEISTERN"},{"@type":"BreadcrumbList","@id":"https:\/\/dutchmicrodosing.com\/de\/mikrodosierung\/wohlbefinden-balance-mastery-coaching\/#breadcrumb","itemListElement":[{"@type":"ListItem","position":1,"name":"Home","item":"https:\/\/dutchmicrodosing.com\/de\/"},{"@type":"ListItem","position":2,"name":"Shop","item":"https:\/\/dutchmicrodosing.com\/de\/shop\/"},{"@type":"ListItem","position":3,"name":"Wohlbefinden &amp; Balance Mastery &#8211; Coaching"}]},{"@type":"WebSite","@id":"https:\/\/dutchmicrodosing.com\/de\/#website","url":"https:\/\/dutchmicrodosing.com\/de\/","name":"Dutchmicrodosing","description":"","publisher":{"@id":"https:\/\/dutchmicrodosing.com\/de\/#organization"},"potentialAction":[{"@type":"SearchAction","target":{"@type":"EntryPoint","urlTemplate":"https:\/\/dutchmicrodosing.com\/de\/?s={search_term_string}"},"query-input":{"@type":"PropertyValueSpecification","valueRequired":true,"valueName":"search_term_string"}}],"inLanguage":"de"},{"@type":"Organization","@id":"https:\/\/dutchmicrodosing.com\/de\/#organization","name":"Dutchmicrodosing","url":"https:\/\/dutchmicrodosing.com\/de\/","logo":{"@type":"ImageObject","inLanguage":"de","@id":"https:\/\/dutchmicrodosing.com\/de\/#\/schema\/logo\/image\/","url":"https:\/\/dutchmicrodosing.com\/wp-content\/uploads\/2021\/01\/microdosing-categorie-pic-nieuw.jpg","contentUrl":"https:\/\/dutchmicrodosing.com\/wp-content\/uploads\/2021\/01\/microdosing-categorie-pic-nieuw.jpg","width":500,"height":500,"caption":"Dutchmicrodosing"},"image":{"@id":"https:\/\/dutchmicrodosing.com\/de\/#\/schema\/logo\/image\/"},"sameAs":["https:\/\/www.facebook.com\/Dutchmicrodosingxp\/","https:\/\/www.instagram.com\/dutchmicrodosing\/"]}]},"product_price_amount":"1375.00","product_price_currency":"EUR","og_availability":"instock","product_availability":"instock","product_retailer_item_id":"5208940","product_condition":"new"},"_links":{"self":[{"href":"https:\/\/dutchmicrodosing.com\/de\/wp-json\/wp\/v2\/product\/55180","targetHints":{"allow":["GET"]}}],"collection":[{"href":"https:\/\/dutchmicrodosing.com\/de\/wp-json\/wp\/v2\/product"}],"about":[{"href":"https:\/\/dutchmicrodosing.com\/de\/wp-json\/wp\/v2\/types\/product"}],"replies":[{"embeddable":true,"href":"https:\/\/dutchmicrodosing.com\/de\/wp-json\/wp\/v2\/comments?post=55180"}],"version-history":[{"count":0,"href":"https:\/\/dutchmicrodosing.com\/de\/wp-json\/wp\/v2\/product\/55180\/revisions"}],"wp:featuredmedia":[{"embeddable":true,"href":"https:\/\/dutchmicrodosing.com\/de\/wp-json\/wp\/v2\/media\/54945"}],"wp:attachment":[{"href":"https:\/\/dutchmicrodosing.com\/de\/wp-json\/wp\/v2\/media?parent=55180"}],"wp:term":[{"taxonomy":"product_brand","embeddable":true,"href":"https:\/\/dutchmicrodosing.com\/de\/wp-json\/wp\/v2\/product_brand?post=55180"},{"taxonomy":"product_cat","embeddable":true,"href":"https:\/\/dutchmicrodosing.com\/de\/wp-json\/wp\/v2\/product_cat?post=55180"},{"taxonomy":"product_tag","embeddable":true,"href":"https:\/\/dutchmicrodosing.com\/de\/wp-json\/wp\/v2\/product_tag?post=55180"}],"curies":[{"name":"wp","href":"https:\/\/api.w.org\/{rel}","templated":true}]}}