{"id":55282,"date":"2025-08-26T11:02:33","date_gmt":"2025-08-26T09:02:33","guid":{"rendered":"https:\/\/dutchmicrodosing.com\/shop\/unkategorisiert\/indian-spirit-weisse-ader-tinktur-10-ml\/"},"modified":"2025-09-30T13:17:38","modified_gmt":"2025-09-30T11:17:38","slug":"indian-spirit-weisse-ader-tinktur-10-ml","status":"publish","type":"product","link":"https:\/\/dutchmicrodosing.com\/de\/botanische-kraeuter\/kratom\/indian-spirit-weisse-ader-tinktur-10-ml\/","title":{"rendered":"Indian Spirit &#8211; Wei\u00dfe Ader Tinktur &#8211; 10 ML"},"content":{"rendered":"<p><strong>Indian Spirit \u2013 White Vein Tinktur &#8211; 10ml<\/strong> ist ein pflanzlicher Extrakt, der dir hilft, fokussiert und energiegeladen zu bleiben, genau in den Momenten, in denen du es brauchst. Perfekt f\u00fcr lange Arbeitstage, Studientage oder kreative Projekte, bei denen du Konzentration und Klarheit bewahren m\u00f6chtest.<\/p>\n<h3>Eigenschaften<\/h3>\n<p>Diese Tinktur ist bekannt f\u00fcr das frische, klare Gef\u00fchl, das sie unterst\u00fctzen kann. Die fl\u00fcssige Form sorgt f\u00fcr eine schnelle Aufnahme und macht die Anwendung einfach, selbst unterwegs. Das kleine Fl\u00e4schchen kannst du m\u00fchelos in deiner Jackentasche oder Tasche mitnehmen. Ideal f\u00fcr alle, die nach einer nat\u00fcrlichen Alternative zu Koffein oder Energy-Drinks suchen, ohne die bekannten H\u00f6hen und Tiefen.<\/p>\n<h3>Zutaten und\/oder Zusammensetzung<\/h3>\n<p>Hergestellt aus White Vein Kratom (Mitragyna speciosa) in einer L\u00f6sung auf Basis von alkoholischer Tinktur.<\/p>\n<h3>Verwenden Sie<\/h3>\n<p>Vor Gebrauch gut sch\u00fctteln. Tropfe die gew\u00fcnschte Menge unter die Zunge oder mische sie mit etwas Wasser. Beginne mit einer niedrigen Dosierung, um herauszufinden, was f\u00fcr dich funktioniert. Vermeide die Anwendung in Kombination mit Alkohol oder anderen anregenden Mitteln.<\/p>\n<h3>Inhalt<\/h3>\n<p>Indian Spirit \u2013 White Vein Tinktur Fl\u00e4schchen mit 10 ml, versehen mit einer Pipette f\u00fcr genaue Dosierung.<\/p>\n<h3>Haftungsausschluss<\/h3>\n<p><em>Der Inhalt dieses Textes dient nur zu Informationszwecken und ist kein Ersatz f\u00fcr eine professionelle Beratung. Dieses Produkt ist kein Arzneimittel und dient nicht zur Diagnose, Behandlung oder Heilung von Krankheiten. Bitte wenden Sie sich bei speziellen Fragen zur Verwendung dieses Produkts an einen Fachmann. Einige wissenschaftliche Studien \u00fcber die Wirkung dieses Produkts sind noch nicht abgeschlossen und nicht alle Behauptungen sind endg\u00fcltig best\u00e4tigt worden.<\/em><\/p>\n","protected":false},"excerpt":{"rendered":"<p>Indian Spirit \u2013 White Vein Tinktur &#8211; 10ml ist ein pflanzlicher Extrakt, der dir hilft, fokussiert und energiegeladen zu bleiben, genau in den Momenten, in denen du es brauchst. Perfekt f\u00fcr lange Arbeitstage, Studientage oder kreative Projekte, bei denen du Konzentration und Klarheit bewahren m\u00f6chtest. Eigenschaften Diese Tinktur ist bekannt f\u00fcr das frische, klare Gef\u00fchl, [&hellip;]<\/p>\n","protected":false},"featured_media":55275,"comment_status":"closed","ping_status":"closed","template":"","meta":[],"product_brand":[],"product_cat":[292,322,414],"product_tag":[],"class_list":{"0":"post-55282","1":"product","2":"type-product","3":"status-publish","4":"has-post-thumbnail","6":"product_cat-energie-erganzungen","7":"product_cat-konzentrationserganzungsmittel","8":"product_cat-kratom","10":"first","11":"outofstock","12":"taxable","13":"shipping-taxable","14":"purchasable","15":"product-type-simple"},"yoast_head":"<!-- This site is optimized with the Yoast SEO Premium plugin v26.4 (Yoast SEO v27.4) - https:\/\/yoast.com\/product\/yoast-seo-premium-wordpress\/ -->\n<title>Indian Spirit - Wei\u00dfe Ader Tinktur - 10 ML - Dutchmicrodosing<\/title>\n<meta name=\"description\" content=\"Entdecke die White Vein Kratom Tinktur \u2013 10ml: ein nat\u00fcrlicher, fl\u00fcssiger Extrakt, der Unterst\u00fctzung bei Fokus und Energie bietet. Praktisch f\u00fcr unterwegs...\" \/>\n<meta name=\"robots\" content=\"index, follow, max-snippet:-1, max-image-preview:large, max-video-preview:-1\" \/>\n<link rel=\"canonical\" href=\"https:\/\/dutchmicrodosing.com\/de\/botanische-kraeuter\/kratom\/indian-spirit-weisse-ader-tinktur-10-ml\/\" \/>\n<meta property=\"og:locale\" content=\"de_DE\" \/>\n<meta property=\"og:type\" content=\"article\" \/>\n<meta property=\"og:title\" content=\"Indian Spirit - Wei\u00dfe Ader Tinktur - 10 ML\" \/>\n<meta property=\"og:description\" content=\"Indian Spirit \u2013 White Vein Tinktur - 10ml ist ein pflanzlicher Extrakt, der dir hilft, fokussiert und energiegeladen zu bleiben, genau in den Momenten, in\" \/>\n<meta property=\"og:url\" content=\"https:\/\/dutchmicrodosing.com\/de\/botanische-kraeuter\/kratom\/indian-spirit-weisse-ader-tinktur-10-ml\/\" \/>\n<meta property=\"og:site_name\" content=\"Dutchmicrodosing\" \/>\n<meta property=\"article:publisher\" content=\"https:\/\/www.facebook.com\/Dutchmicrodosingxp\/\" \/>\n<meta property=\"article:modified_time\" content=\"2025-09-30T11:17:38+00:00\" \/>\n<meta property=\"og:image\" content=\"https:\/\/dutchmicrodosing.com\/wp-content\/uploads\/2025\/08\/White-Vein-Kratom-Tinctuur.jpeg\" \/>\n\t<meta property=\"og:image:width\" content=\"600\" \/>\n\t<meta property=\"og:image:height\" content=\"600\" \/>\n\t<meta property=\"og:image:type\" content=\"image\/jpeg\" \/>\n<meta name=\"twitter:card\" content=\"summary_large_image\" \/>\n<script type=\"application\/ld+json\" class=\"yoast-schema-graph\">{\"@context\":\"https:\\\/\\\/schema.org\",\"@graph\":[{\"@type\":\"WebPage\",\"@id\":\"https:\\\/\\\/dutchmicrodosing.com\\\/de\\\/botanische-kraeuter\\\/kratom\\\/indian-spirit-weisse-ader-tinktur-10-ml\\\/\",\"url\":\"https:\\\/\\\/dutchmicrodosing.com\\\/de\\\/botanische-kraeuter\\\/kratom\\\/indian-spirit-weisse-ader-tinktur-10-ml\\\/\",\"name\":\"Indian Spirit - Wei\u00dfe Ader Tinktur - 10 ML - Dutchmicrodosing\",\"isPartOf\":{\"@id\":\"https:\\\/\\\/dutchmicrodosing.com\\\/de\\\/#website\"},\"primaryImageOfPage\":{\"@id\":\"https:\\\/\\\/dutchmicrodosing.com\\\/de\\\/botanische-kraeuter\\\/kratom\\\/indian-spirit-weisse-ader-tinktur-10-ml\\\/#primaryimage\"},\"image\":{\"@id\":\"https:\\\/\\\/dutchmicrodosing.com\\\/de\\\/botanische-kraeuter\\\/kratom\\\/indian-spirit-weisse-ader-tinktur-10-ml\\\/#primaryimage\"},\"thumbnailUrl\":\"https:\\\/\\\/dutchmicrodosing.com\\\/wp-content\\\/uploads\\\/2025\\\/08\\\/White-Vein-Kratom-Tinctuur.jpeg\",\"datePublished\":\"2025-08-26T09:02:33+00:00\",\"dateModified\":\"2025-09-30T11:17:38+00:00\",\"description\":\"Entdecke die White Vein Kratom Tinktur \u2013 10ml: ein nat\u00fcrlicher, fl\u00fcssiger Extrakt, der Unterst\u00fctzung bei Fokus und Energie bietet. Praktisch f\u00fcr unterwegs...\",\"breadcrumb\":{\"@id\":\"https:\\\/\\\/dutchmicrodosing.com\\\/de\\\/botanische-kraeuter\\\/kratom\\\/indian-spirit-weisse-ader-tinktur-10-ml\\\/#breadcrumb\"},\"inLanguage\":\"de\",\"potentialAction\":[{\"@type\":\"ReadAction\",\"target\":[\"https:\\\/\\\/dutchmicrodosing.com\\\/de\\\/botanische-kraeuter\\\/kratom\\\/indian-spirit-weisse-ader-tinktur-10-ml\\\/\"]}]},{\"@type\":\"ImageObject\",\"inLanguage\":\"de\",\"@id\":\"https:\\\/\\\/dutchmicrodosing.com\\\/de\\\/botanische-kraeuter\\\/kratom\\\/indian-spirit-weisse-ader-tinktur-10-ml\\\/#primaryimage\",\"url\":\"https:\\\/\\\/dutchmicrodosing.com\\\/wp-content\\\/uploads\\\/2025\\\/08\\\/White-Vein-Kratom-Tinctuur.jpeg\",\"contentUrl\":\"https:\\\/\\\/dutchmicrodosing.com\\\/wp-content\\\/uploads\\\/2025\\\/08\\\/White-Vein-Kratom-Tinctuur.jpeg\",\"width\":600,\"height\":600,\"caption\":\"Eine Flasche White Vein Kratom Indian Spirit\"},{\"@type\":\"BreadcrumbList\",\"@id\":\"https:\\\/\\\/dutchmicrodosing.com\\\/de\\\/botanische-kraeuter\\\/kratom\\\/indian-spirit-weisse-ader-tinktur-10-ml\\\/#breadcrumb\",\"itemListElement\":[{\"@type\":\"ListItem\",\"position\":1,\"name\":\"Home\",\"item\":\"https:\\\/\\\/dutchmicrodosing.com\\\/de\\\/\"},{\"@type\":\"ListItem\",\"position\":2,\"name\":\"Shop\",\"item\":\"https:\\\/\\\/dutchmicrodosing.com\\\/de\\\/shop\\\/\"},{\"@type\":\"ListItem\",\"position\":3,\"name\":\"Indian Spirit &#8211; Wei\u00dfe Ader Tinktur &#8211; 10 ML\"}]},{\"@type\":\"WebSite\",\"@id\":\"https:\\\/\\\/dutchmicrodosing.com\\\/de\\\/#website\",\"url\":\"https:\\\/\\\/dutchmicrodosing.com\\\/de\\\/\",\"name\":\"Dutchmicrodosing\",\"description\":\"\",\"publisher\":{\"@id\":\"https:\\\/\\\/dutchmicrodosing.com\\\/de\\\/#organization\"},\"potentialAction\":[{\"@type\":\"SearchAction\",\"target\":{\"@type\":\"EntryPoint\",\"urlTemplate\":\"https:\\\/\\\/dutchmicrodosing.com\\\/de\\\/?s={search_term_string}\"},\"query-input\":{\"@type\":\"PropertyValueSpecification\",\"valueRequired\":true,\"valueName\":\"search_term_string\"}}],\"inLanguage\":\"de\"},{\"@type\":\"Organization\",\"@id\":\"https:\\\/\\\/dutchmicrodosing.com\\\/de\\\/#organization\",\"name\":\"Dutchmicrodosing\",\"url\":\"https:\\\/\\\/dutchmicrodosing.com\\\/de\\\/\",\"logo\":{\"@type\":\"ImageObject\",\"inLanguage\":\"de\",\"@id\":\"https:\\\/\\\/dutchmicrodosing.com\\\/de\\\/#\\\/schema\\\/logo\\\/image\\\/\",\"url\":\"https:\\\/\\\/dutchmicrodosing.com\\\/wp-content\\\/uploads\\\/2021\\\/01\\\/microdosing-categorie-pic-nieuw.jpg\",\"contentUrl\":\"https:\\\/\\\/dutchmicrodosing.com\\\/wp-content\\\/uploads\\\/2021\\\/01\\\/microdosing-categorie-pic-nieuw.jpg\",\"width\":500,\"height\":500,\"caption\":\"Dutchmicrodosing\"},\"image\":{\"@id\":\"https:\\\/\\\/dutchmicrodosing.com\\\/de\\\/#\\\/schema\\\/logo\\\/image\\\/\"},\"sameAs\":[\"https:\\\/\\\/www.facebook.com\\\/Dutchmicrodosingxp\\\/\",\"https:\\\/\\\/www.instagram.com\\\/dutchmicrodosing\\\/\"]}]}<\/script>\n<meta property=\"product:price:amount\" content=\"19.95\" \/>\n<meta property=\"product:price:currency\" content=\"EUR\" \/>\n<meta property=\"og:availability\" content=\"out of stock\" \/>\n<meta property=\"product:availability\" content=\"out of stock\" \/>\n<meta property=\"product:retailer_item_id\" content=\"5208394\" \/>\n<meta property=\"product:condition\" content=\"new\" \/>\n<!-- \/ Yoast SEO Premium plugin. -->","yoast_head_json":{"title":"Indian Spirit - Wei\u00dfe Ader Tinktur - 10 ML - Dutchmicrodosing","description":"Entdecke die White Vein Kratom Tinktur \u2013 10ml: ein nat\u00fcrlicher, fl\u00fcssiger Extrakt, der Unterst\u00fctzung bei Fokus und Energie bietet. Praktisch f\u00fcr unterwegs...","robots":{"index":"index","follow":"follow","max-snippet":"max-snippet:-1","max-image-preview":"max-image-preview:large","max-video-preview":"max-video-preview:-1"},"canonical":"https:\/\/dutchmicrodosing.com\/de\/botanische-kraeuter\/kratom\/indian-spirit-weisse-ader-tinktur-10-ml\/","og_locale":"de_DE","og_type":"article","og_title":"Indian Spirit - Wei\u00dfe Ader Tinktur - 10 ML","og_description":"Indian Spirit \u2013 White Vein Tinktur - 10ml ist ein pflanzlicher Extrakt, der dir hilft, fokussiert und energiegeladen zu bleiben, genau in den Momenten, in","og_url":"https:\/\/dutchmicrodosing.com\/de\/botanische-kraeuter\/kratom\/indian-spirit-weisse-ader-tinktur-10-ml\/","og_site_name":"Dutchmicrodosing","article_publisher":"https:\/\/www.facebook.com\/Dutchmicrodosingxp\/","article_modified_time":"2025-09-30T11:17:38+00:00","og_image":[{"width":600,"height":600,"url":"https:\/\/dutchmicrodosing.com\/wp-content\/uploads\/2025\/08\/White-Vein-Kratom-Tinctuur.jpeg","type":"image\/jpeg"}],"twitter_card":"summary_large_image","schema":{"@context":"https:\/\/schema.org","@graph":[{"@type":"WebPage","@id":"https:\/\/dutchmicrodosing.com\/de\/botanische-kraeuter\/kratom\/indian-spirit-weisse-ader-tinktur-10-ml\/","url":"https:\/\/dutchmicrodosing.com\/de\/botanische-kraeuter\/kratom\/indian-spirit-weisse-ader-tinktur-10-ml\/","name":"Indian Spirit - Wei\u00dfe Ader Tinktur - 10 ML - Dutchmicrodosing","isPartOf":{"@id":"https:\/\/dutchmicrodosing.com\/de\/#website"},"primaryImageOfPage":{"@id":"https:\/\/dutchmicrodosing.com\/de\/botanische-kraeuter\/kratom\/indian-spirit-weisse-ader-tinktur-10-ml\/#primaryimage"},"image":{"@id":"https:\/\/dutchmicrodosing.com\/de\/botanische-kraeuter\/kratom\/indian-spirit-weisse-ader-tinktur-10-ml\/#primaryimage"},"thumbnailUrl":"https:\/\/dutchmicrodosing.com\/wp-content\/uploads\/2025\/08\/White-Vein-Kratom-Tinctuur.jpeg","datePublished":"2025-08-26T09:02:33+00:00","dateModified":"2025-09-30T11:17:38+00:00","description":"Entdecke die White Vein Kratom Tinktur \u2013 10ml: ein nat\u00fcrlicher, fl\u00fcssiger Extrakt, der Unterst\u00fctzung bei Fokus und Energie bietet. Praktisch f\u00fcr unterwegs...","breadcrumb":{"@id":"https:\/\/dutchmicrodosing.com\/de\/botanische-kraeuter\/kratom\/indian-spirit-weisse-ader-tinktur-10-ml\/#breadcrumb"},"inLanguage":"de","potentialAction":[{"@type":"ReadAction","target":["https:\/\/dutchmicrodosing.com\/de\/botanische-kraeuter\/kratom\/indian-spirit-weisse-ader-tinktur-10-ml\/"]}]},{"@type":"ImageObject","inLanguage":"de","@id":"https:\/\/dutchmicrodosing.com\/de\/botanische-kraeuter\/kratom\/indian-spirit-weisse-ader-tinktur-10-ml\/#primaryimage","url":"https:\/\/dutchmicrodosing.com\/wp-content\/uploads\/2025\/08\/White-Vein-Kratom-Tinctuur.jpeg","contentUrl":"https:\/\/dutchmicrodosing.com\/wp-content\/uploads\/2025\/08\/White-Vein-Kratom-Tinctuur.jpeg","width":600,"height":600,"caption":"Eine Flasche White Vein Kratom Indian Spirit"},{"@type":"BreadcrumbList","@id":"https:\/\/dutchmicrodosing.com\/de\/botanische-kraeuter\/kratom\/indian-spirit-weisse-ader-tinktur-10-ml\/#breadcrumb","itemListElement":[{"@type":"ListItem","position":1,"name":"Home","item":"https:\/\/dutchmicrodosing.com\/de\/"},{"@type":"ListItem","position":2,"name":"Shop","item":"https:\/\/dutchmicrodosing.com\/de\/shop\/"},{"@type":"ListItem","position":3,"name":"Indian Spirit &#8211; Wei\u00dfe Ader Tinktur &#8211; 10 ML"}]},{"@type":"WebSite","@id":"https:\/\/dutchmicrodosing.com\/de\/#website","url":"https:\/\/dutchmicrodosing.com\/de\/","name":"Dutchmicrodosing","description":"","publisher":{"@id":"https:\/\/dutchmicrodosing.com\/de\/#organization"},"potentialAction":[{"@type":"SearchAction","target":{"@type":"EntryPoint","urlTemplate":"https:\/\/dutchmicrodosing.com\/de\/?s={search_term_string}"},"query-input":{"@type":"PropertyValueSpecification","valueRequired":true,"valueName":"search_term_string"}}],"inLanguage":"de"},{"@type":"Organization","@id":"https:\/\/dutchmicrodosing.com\/de\/#organization","name":"Dutchmicrodosing","url":"https:\/\/dutchmicrodosing.com\/de\/","logo":{"@type":"ImageObject","inLanguage":"de","@id":"https:\/\/dutchmicrodosing.com\/de\/#\/schema\/logo\/image\/","url":"https:\/\/dutchmicrodosing.com\/wp-content\/uploads\/2021\/01\/microdosing-categorie-pic-nieuw.jpg","contentUrl":"https:\/\/dutchmicrodosing.com\/wp-content\/uploads\/2021\/01\/microdosing-categorie-pic-nieuw.jpg","width":500,"height":500,"caption":"Dutchmicrodosing"},"image":{"@id":"https:\/\/dutchmicrodosing.com\/de\/#\/schema\/logo\/image\/"},"sameAs":["https:\/\/www.facebook.com\/Dutchmicrodosingxp\/","https:\/\/www.instagram.com\/dutchmicrodosing\/"]}]},"product_price_amount":"19.95","product_price_currency":"EUR","og_availability":"out of stock","product_availability":"out of stock","product_retailer_item_id":"5208394","product_condition":"new"},"_links":{"self":[{"href":"https:\/\/dutchmicrodosing.com\/de\/wp-json\/wp\/v2\/product\/55282","targetHints":{"allow":["GET"]}}],"collection":[{"href":"https:\/\/dutchmicrodosing.com\/de\/wp-json\/wp\/v2\/product"}],"about":[{"href":"https:\/\/dutchmicrodosing.com\/de\/wp-json\/wp\/v2\/types\/product"}],"replies":[{"embeddable":true,"href":"https:\/\/dutchmicrodosing.com\/de\/wp-json\/wp\/v2\/comments?post=55282"}],"version-history":[{"count":0,"href":"https:\/\/dutchmicrodosing.com\/de\/wp-json\/wp\/v2\/product\/55282\/revisions"}],"wp:featuredmedia":[{"embeddable":true,"href":"https:\/\/dutchmicrodosing.com\/de\/wp-json\/wp\/v2\/media\/55275"}],"wp:attachment":[{"href":"https:\/\/dutchmicrodosing.com\/de\/wp-json\/wp\/v2\/media?parent=55282"}],"wp:term":[{"taxonomy":"product_brand","embeddable":true,"href":"https:\/\/dutchmicrodosing.com\/de\/wp-json\/wp\/v2\/product_brand?post=55282"},{"taxonomy":"product_cat","embeddable":true,"href":"https:\/\/dutchmicrodosing.com\/de\/wp-json\/wp\/v2\/product_cat?post=55282"},{"taxonomy":"product_tag","embeddable":true,"href":"https:\/\/dutchmicrodosing.com\/de\/wp-json\/wp\/v2\/product_tag?post=55282"}],"curies":[{"name":"wp","href":"https:\/\/api.w.org\/{rel}","templated":true}]}}